{"id":119424,"date":"2026-01-13T23:38:22","date_gmt":"2026-01-13T23:38:22","guid":{"rendered":"https:\/\/www.electroluxprofessional.com\/hr\/?page_id=119424"},"modified":"2026-02-20T11:53:32","modified_gmt":"2026-02-20T11:53:32","slug":"dodatna-oprema-i-potrosni-materijal-modularna-kuhinjska-linija","status":"publish","type":"page","link":"https:\/\/www.electroluxprofessional.com\/hr\/dodatna-oprema-i-potrosni-materijal-modularna-kuhinjska-linija\/","title":{"rendered":"Dodatna oprema i potro\u0161ni materijal \u2013 modularna kuhinjska linija"},"content":{"rendered":"<p>[vc_row full_width=&#8221;electroluxpro-full-width-no-padding&#8221;][vc_column css=&#8221;.vc_custom_1618358802266{margin-top: -40px !important;border-top-width: -40px !important;padding-top: -40px !important;}&#8221;][elx_full_banner title=&#8221;Dodatna oprema i potro\u0161ni materijal za modularnu kuhinjsku liniju&#8221; set_as_h1=&#8221;true&#8221; background_image_media_library=&#8221;119422&#8243; background_image_media_library_mobile=&#8221;119423&#8243; link=&#8221;url:%23contact|title:Saznajte%20vi\u0161e||&#8221;][vc_row_inner full_width=&#8221;electroluxpro-full-width&#8221; gap=&#8221;15&#8243;][vc_column_inner width=&#8221;1\/4&#8243;][elx_download_block text=&#8221;Katalog dodatne opreme za za\u0161titu, dezinfekciju i \u010di\u0161\u0107enje&#8221; document_type=&#8221;cat&#8221; file_picker=&#8221;24892&#8243; background_color=&#8221;electrolux-blue&#8221; background_hover_color=&#8221;lighter-hover&#8221; ca_document_number=&#8221;CAT10&#8243;][\/vc_column_inner][vc_column_inner width=&#8221;1\/4&#8243;][elx_download_block text=&#8221;Katalog originalnih zamjenskih dijelova, dodatne opreme i potro\u0161nog materijala&#8221; document_type=&#8221;cat&#8221; file_picker=&#8221;24892&#8243; background_color=&#8221;electrolux-blue&#8221; background_hover_color=&#8221;lighter-hover&#8221; ca_document_number=&#8221;CAT19&#8243;][\/vc_column_inner][vc_column_inner width=&#8221;1\/4&#8243;][elx_download_block text=&#8221;Katalog kompleta rezervnih dijelova&#8221; document_type=&#8221;cat&#8221; file_picker=&#8221;24892&#8243; background_color=&#8221;electrolux-blue&#8221; background_hover_color=&#8221;lighter-hover&#8221; ca_document_number=&#8221;CAT9&#8243;][\/vc_column_inner][vc_column_inner width=&#8221;1\/4&#8243;][elx_download_block text=&#8221;Vodi\u010d za odabir profesionalnih deterd\u017eenata za \u010di\u0161\u0107enje&#8221; file_picker=&#8221;47320&#8243; background_color=&#8221;electrolux-blue&#8221;][\/vc_column_inner][\/vc_row_inner][\/vc_column][\/vc_row][vc_row][vc_column][vc_column_text][\/vc_column_text][\/vc_column][\/vc_row][vc_row][vc_column][elx_menu][vc_empty_space][vc_column_text]Ko\u0161are za kuhalo tjestenine, re\u0161etke, profesionalna sredstva za odma\u0161\u0107ivanje i vi\u0161e. Originalna dodatna oprema i potro\u0161ni materijal za va\u0161u modularnu kuhinjsku liniju.[\/vc_column_text][\/vc_column][\/vc_row][vc_row][vc_column width=&#8221;1\/3&#8243;][vc_single_image image=&#8221;119415&#8243; img_size=&#8221;full&#8221; alignment=&#8221;center&#8221; css_animation=&#8221;none&#8221;][vc_empty_space height=&#8221;10px&#8221;][elx_heading font_size=&#8221;h5&#8243; text_color=&#8221;inherit&#8221;]Ko\u0161are za kuhalo tjestenine[\/elx_heading][vc_column_text]Ko\u0161are su u cijelosti izra\u0111ene od nehr\u0111aju\u0107eg \u010delika AISI 304 kako bismo osigurali najvi\u0161u razinu higijene, a dizajnirane su u skladu s najvi\u0161im na\u010delima ergonomi\u010dnosti.[\/vc_column_text][vc_empty_space height=&#8221;58px&#8221;][vc_empty_space height=&#8221;58px&#8221;][\/vc_column][vc_column width=&#8221;1\/3&#8243;][vc_single_image image=&#8221;119416&#8243; img_size=&#8221;full&#8221; css_animation=&#8221;none&#8221;][vc_empty_space height=&#8221;10px&#8221;][elx_heading font_size=&#8221;h5&#8243; text_color=&#8221;inherit&#8221;]Profesionalno sredstvo za odma\u0161\u0107ivanje[\/elx_heading][vc_column_text]Na\u0161e profesionalno sredstvo za odma\u0161\u0107ivanje idealno je rje\u0161enje za \u010di\u0161\u0107enje povr\u0161ina za pripremu hrane koje se zagrijavaju na visoke temperature. Preporu\u010duje se za \u017earne plo\u010de, nagibne tave i vi\u0161enamjenska kuhala.[\/vc_column_text][vc_empty_space height=&#8221;20px&#8221;][vc_empty_space height=&#8221;58px&#8221;][\/vc_column][vc_column width=&#8221;1\/3&#8243;][vc_single_image image=&#8221;119417&#8243; img_size=&#8221;large&#8221;][vc_empty_space height=&#8221;10px&#8221;][elx_heading font_size=&#8221;h5&#8243; text_color=&#8221;inherit&#8221;]Tester ulja za pripremu hrane[\/elx_heading][vc_column_text]Izbjegnite upotrebu kori\u0161tenog ulja za pripremu hrane pomo\u0107u elektroni\u010dkog sustava za kontrolu ulja i osigurajte odr\u017eivo poslovanje, u\u0161tedite na tro\u0161kovima te sprije\u010dite zdravstvene rizike.[\/vc_column_text][vc_empty_space height=&#8221;58px&#8221;][\/vc_column][\/vc_row][vc_row][vc_column width=&#8221;1\/3&#8243;][vc_empty_space height=&#8221;58px&#8221;][vc_single_image image=&#8221;119418&#8243; img_size=&#8221;full&#8221; alignment=&#8221;center&#8221; css_animation=&#8221;none&#8221;][vc_empty_space height=&#8221;20px&#8221;][elx_heading font_size=&#8221;h5&#8243; text_color=&#8221;inherit&#8221;]Papirnati filtri za sustav filtriranja za fritezu od 23\u00a0l[\/elx_heading][vc_column_text]Komplet za napredni sustav filtriranja za fritezu od 23\u00a0l, koji omogu\u0107uje uklanjanje najmanjih ostataka hrane i produljenje vijeka trajanja ulja.[\/vc_column_text][vc_empty_space height=&#8221;58px&#8221;][\/vc_column][vc_column width=&#8221;1\/3&#8243;][vc_empty_space height=&#8221;50px&#8221;][vc_single_image image=&#8221;119419&#8243; img_size=&#8221;medium&#8221; css_animation=&#8221;none&#8221;][vc_empty_space height=&#8221;50px&#8221;][elx_heading font_size=&#8221;h5&#8243; text_color=&#8221;inherit&#8221;]Ko\u0161are za friteze [\/elx_heading][vc_column_text]Ko\u0161are su u cijelosti izra\u0111ene od nehr\u0111aju\u0107eg \u010delika AISI 304 kako bismo osigurali najvi\u0161u razinu higijene, a dizajnirane su u skladu s najvi\u0161im na\u010delima ergonomi\u010dnosti.[\/vc_column_text][vc_empty_space height=&#8221;20px&#8221;][\/vc_column][vc_column width=&#8221;1\/3&#8243;][vc_empty_space height=&#8221;100px&#8221;][vc_single_image image=&#8221;119420&#8243; img_size=&#8221;large&#8221;][vc_empty_space height=&#8221;95px&#8221;][elx_heading font_size=&#8221;h5&#8243; text_color=&#8221;inherit&#8221;]Indukcijske wok tave od nehr\u0111aju\u0107eg \u010delika s ru\u010dkom<br \/>\n[\/elx_heading][vc_column_text]Wok tava koja savr\u0161eno pristaje na indukcijski wok za optimalnu raspodjelu topline.[\/vc_column_text][vc_empty_space height=&#8221;20px&#8221;][\/vc_column][\/vc_row][vc_row][vc_column width=&#8221;1\/3&#8243;][vc_empty_space height=&#8221;58px&#8221;][\/vc_column][vc_column width=&#8221;1\/3&#8243;][vc_empty_space height=&#8221;58px&#8221;][\/vc_column][vc_column width=&#8221;1\/3&#8243;][vc_empty_space height=&#8221;58px&#8221;][\/vc_column][\/vc_row][vc_row][vc_column][elx_heading font_container=&#8221;h4&#8243; font_size=&#8221;h3&#8243; text_color=&#8221;inherit&#8221; text_align=&#8221;text-center&#8221;]Otkrijte na\u0161e kuhinjske linije[\/elx_heading][\/vc_column][\/vc_row][vc_row disable_element=&#8221;yes&#8221;][vc_column width=&#8221;1\/3&#8243;][elx_maylike_box id_box=&#8221;2933&#8243;][\/vc_column][vc_column width=&#8221;1\/3&#8243;][elx_maylike_box id_box=&#8221;3318&#8243;][\/vc_column][vc_column width=&#8221;1\/3&#8243;][elx_maylike_box id_box=&#8221;3558&#8243; link_target=&#8221;blank&#8221;][\/vc_column][\/vc_row][vc_row el_id=&#8221;contact&#8221;][vc_column][vc_empty_space][elx_heading font_container=&#8221;h3&#8243; text_color=&#8221;inherit&#8221; text_align=&#8221;text-center&#8221;]Otkrijte kako mo\u017eete personalizirati svoju modularnu kuhinjsku liniju[\/elx_heading][elx_o2000_contact_us s=&#8221;Zahtjev za informacije o dodatnoj opremi i potro\u0161nome materijalu za modularnu kuhinjsku liniju&#8221; container=&#8221;elxcontactus1484304163&#8243; r=&#8221;\u017delim saznati vi\u0161e o dodatnoj opremi i potro\u0161nome materijalu za modularnu kuhinjsku liniju. Molim da me kontaktirate.&#8221;][vc_empty_space][\/vc_column][\/vc_row][vc_row][vc_column][vc_column_text][\/vc_column_text][\/vc_column][\/vc_row]<\/p>\n","protected":false},"excerpt":{"rendered":"<p>[vc_row full_width=&#8221;electroluxpro-full-width-no-padding&#8221;][vc_column css=&#8221;.vc_custom_1618358802266{margin-top: -40px !important;border-top-width: -40px !important;padding-top: -40px !important;}&#8221;][elx_full_banner title=&#8221;Dodatna oprema i potro\u0161ni materijal za modularnu kuhinjsku liniju&#8221; set_as_h1=&#8221;true&#8221; background_image_media_library=&#8221;119422&#8243; background_image_media_library_mobile=&#8221;119423&#8243; link=&#8221;url:%23contact|title:Saznajte%20vi\u0161e||&#8221;][vc_row_inner full_width=&#8221;electroluxpro-full-width&#8221; gap=&#8221;15&#8243;][vc_column_inner width=&#8221;1\/4&#8243;][elx_download_block text=&#8221;Katalog dodatne opreme za za\u0161titu, dezinfekciju i \u010di\u0161\u0107enje&#8221; document_type=&#8221;cat&#8221; file_picker=&#8221;24892&#8243; background_color=&#8221;electrolux-blue&#8221; background_hover_color=&#8221;lighter-hover&#8221; ca_document_number=&#8221;CAT10&#8243;][\/vc_column_inner][vc_column_inner width=&#8221;1\/4&#8243;][elx_download_block text=&#8221;Katalog originalnih zamjenskih dijelova, dodatne opreme i potro\u0161nog materijala&#8221; document_type=&#8221;cat&#8221; file_picker=&#8221;24892&#8243; background_color=&#8221;electrolux-blue&#8221; background_hover_color=&#8221;lighter-hover&#8221; ca_document_number=&#8221;CAT19&#8243;][\/vc_column_inner][vc_column_inner width=&#8221;1\/4&#8243;][elx_download_block text=&#8221;Katalog [&hellip;]<\/p>\n","protected":false},"author":149,"featured_media":1728,"parent":0,"menu_order":0,"comment_status":"closed","ping_status":"closed","template":"","meta":{"footnotes":""},"class_list":["post-119424","page","type-page","status-publish","has-post-thumbnail","hentry"],"acf":[],"yoast_head":"<!-- This site is optimized with the Yoast SEO plugin v23.3 - https:\/\/yoast.com\/wordpress\/plugins\/seo\/ -->\n<title>Dodatna oprema i potro\u0161ni materijal \u2013 modularna kuhinjska linija - Electrolux Professional<\/title>\n<meta name=\"description\" content=\"Cookers and stoves, pasta cooker baskets, grills, professional degreasers and more. Discover our accessories and consumables for your modular cooking.\" \/>\n<meta name=\"robots\" content=\"index, follow, max-snippet:-1, max-image-preview:large, max-video-preview:-1\" \/>\n<link rel=\"canonical\" href=\"https:\/\/www.electroluxprofessional.com\/hr\/dodatna-oprema-i-potrosni-materijal-modularna-kuhinjska-linija\/\" \/>\n<meta property=\"og:locale\" content=\"hr_HR\" \/>\n<meta property=\"og:type\" content=\"article\" \/>\n<meta property=\"og:title\" content=\"Dodatna oprema i potro\u0161ni materijal \u2013 modularna kuhinjska linija - Electrolux Professional\" \/>\n<meta property=\"og:description\" content=\"Cookers and stoves, pasta cooker baskets, grills, professional degreasers and more. Discover our accessories and consumables for your modular cooking.\" \/>\n<meta property=\"og:url\" content=\"https:\/\/www.electroluxprofessional.com\/hr\/dodatna-oprema-i-potrosni-materijal-modularna-kuhinjska-linija\/\" \/>\n<meta property=\"og:site_name\" content=\"Electrolux Professional Hrvatska\" \/>\n<meta property=\"article:modified_time\" content=\"2026-02-20T11:53:32+00:00\" \/>\n<meta property=\"og:image\" content=\"https:\/\/www.electroluxprofessional.com\/hr\/wp-content\/uploads\/2016\/11\/xp1.jpg\" \/>\n\t<meta property=\"og:image:width\" content=\"2000\" \/>\n\t<meta property=\"og:image:height\" content=\"1333\" \/>\n\t<meta property=\"og:image:type\" content=\"image\/jpeg\" \/>\n<meta name=\"twitter:card\" content=\"summary_large_image\" \/>\n<meta name=\"twitter:label1\" content=\"Procijenjeno vrijeme \u010ditanja\" \/>\n\t<meta name=\"twitter:data1\" content=\"4 minute\" \/>\n<script type=\"application\/ld+json\" class=\"yoast-schema-graph\">{\"@context\":\"https:\/\/schema.org\",\"@graph\":[{\"@type\":\"WebPage\",\"@id\":\"https:\/\/www.electroluxprofessional.com\/hr\/dodatna-oprema-i-potrosni-materijal-modularna-kuhinjska-linija\/\",\"url\":\"https:\/\/www.electroluxprofessional.com\/hr\/dodatna-oprema-i-potrosni-materijal-modularna-kuhinjska-linija\/\",\"name\":\"Dodatna oprema i potro\u0161ni materijal \u2013 modularna kuhinjska linija - Electrolux Professional\",\"isPartOf\":{\"@id\":\"https:\/\/www.electroluxprofessional.com\/hr\/#website\"},\"primaryImageOfPage\":{\"@id\":\"https:\/\/www.electroluxprofessional.com\/hr\/dodatna-oprema-i-potrosni-materijal-modularna-kuhinjska-linija\/#primaryimage\"},\"image\":{\"@id\":\"https:\/\/www.electroluxprofessional.com\/hr\/dodatna-oprema-i-potrosni-materijal-modularna-kuhinjska-linija\/#primaryimage\"},\"thumbnailUrl\":\"https:\/\/www.electroluxprofessional.com\/hr\/wp-content\/uploads\/2016\/11\/xp1.jpg\",\"datePublished\":\"2026-01-13T23:38:22+00:00\",\"dateModified\":\"2026-02-20T11:53:32+00:00\",\"description\":\"Cookers and stoves, pasta cooker baskets, grills, professional degreasers and more. Discover our accessories and consumables for your modular cooking.\",\"breadcrumb\":{\"@id\":\"https:\/\/www.electroluxprofessional.com\/hr\/dodatna-oprema-i-potrosni-materijal-modularna-kuhinjska-linija\/#breadcrumb\"},\"inLanguage\":\"hr\",\"potentialAction\":[{\"@type\":\"ReadAction\",\"target\":[\"https:\/\/www.electroluxprofessional.com\/hr\/dodatna-oprema-i-potrosni-materijal-modularna-kuhinjska-linija\/\"]}]},{\"@type\":\"ImageObject\",\"inLanguage\":\"hr\",\"@id\":\"https:\/\/www.electroluxprofessional.com\/hr\/dodatna-oprema-i-potrosni-materijal-modularna-kuhinjska-linija\/#primaryimage\",\"url\":\"https:\/\/www.electroluxprofessional.com\/hr\/wp-content\/uploads\/2016\/11\/xp1.jpg\",\"contentUrl\":\"https:\/\/www.electroluxprofessional.com\/hr\/wp-content\/uploads\/2016\/11\/xp1.jpg\",\"width\":2000,\"height\":1333,\"caption\":\"900XP and 700XP\"},{\"@type\":\"BreadcrumbList\",\"@id\":\"https:\/\/www.electroluxprofessional.com\/hr\/dodatna-oprema-i-potrosni-materijal-modularna-kuhinjska-linija\/#breadcrumb\",\"itemListElement\":[{\"@type\":\"ListItem\",\"position\":1,\"name\":\"Po\u010detna stranica\",\"item\":\"https:\/\/www.electroluxprofessional.com\/hr\/\"},{\"@type\":\"ListItem\",\"position\":2,\"name\":\"Dodatna oprema i potro\u0161ni materijal \u2013 modularna kuhinjska linija\"}]},{\"@type\":\"WebSite\",\"@id\":\"https:\/\/www.electroluxprofessional.com\/hr\/#website\",\"url\":\"https:\/\/www.electroluxprofessional.com\/hr\/\",\"name\":\"Electrolux Professional Hrvatska\",\"description\":\"\",\"potentialAction\":[{\"@type\":\"SearchAction\",\"target\":{\"@type\":\"EntryPoint\",\"urlTemplate\":\"https:\/\/www.electroluxprofessional.com\/hr\/?src={search_term_string}\"},\"query-input\":\"required name=search_term_string\"}],\"inLanguage\":\"hr\"}]}<\/script>\n<!-- \/ Yoast SEO plugin. -->","yoast_head_json":{"title":"Dodatna oprema i potro\u0161ni materijal \u2013 modularna kuhinjska linija - Electrolux Professional","description":"Cookers and stoves, pasta cooker baskets, grills, professional degreasers and more. Discover our accessories and consumables for your modular cooking.","robots":{"index":"index","follow":"follow","max-snippet":"max-snippet:-1","max-image-preview":"max-image-preview:large","max-video-preview":"max-video-preview:-1"},"canonical":"https:\/\/www.electroluxprofessional.com\/hr\/dodatna-oprema-i-potrosni-materijal-modularna-kuhinjska-linija\/","og_locale":"hr_HR","og_type":"article","og_title":"Dodatna oprema i potro\u0161ni materijal \u2013 modularna kuhinjska linija - Electrolux Professional","og_description":"Cookers and stoves, pasta cooker baskets, grills, professional degreasers and more. Discover our accessories and consumables for your modular cooking.","og_url":"https:\/\/www.electroluxprofessional.com\/hr\/dodatna-oprema-i-potrosni-materijal-modularna-kuhinjska-linija\/","og_site_name":"Electrolux Professional Hrvatska","article_modified_time":"2026-02-20T11:53:32+00:00","og_image":[{"width":2000,"height":1333,"url":"https:\/\/www.electroluxprofessional.com\/hr\/wp-content\/uploads\/2016\/11\/xp1.jpg","type":"image\/jpeg"}],"twitter_card":"summary_large_image","twitter_misc":{"Procijenjeno vrijeme \u010ditanja":"4 minute"},"schema":{"@context":"https:\/\/schema.org","@graph":[{"@type":"WebPage","@id":"https:\/\/www.electroluxprofessional.com\/hr\/dodatna-oprema-i-potrosni-materijal-modularna-kuhinjska-linija\/","url":"https:\/\/www.electroluxprofessional.com\/hr\/dodatna-oprema-i-potrosni-materijal-modularna-kuhinjska-linija\/","name":"Dodatna oprema i potro\u0161ni materijal \u2013 modularna kuhinjska linija - Electrolux Professional","isPartOf":{"@id":"https:\/\/www.electroluxprofessional.com\/hr\/#website"},"primaryImageOfPage":{"@id":"https:\/\/www.electroluxprofessional.com\/hr\/dodatna-oprema-i-potrosni-materijal-modularna-kuhinjska-linija\/#primaryimage"},"image":{"@id":"https:\/\/www.electroluxprofessional.com\/hr\/dodatna-oprema-i-potrosni-materijal-modularna-kuhinjska-linija\/#primaryimage"},"thumbnailUrl":"https:\/\/www.electroluxprofessional.com\/hr\/wp-content\/uploads\/2016\/11\/xp1.jpg","datePublished":"2026-01-13T23:38:22+00:00","dateModified":"2026-02-20T11:53:32+00:00","description":"Cookers and stoves, pasta cooker baskets, grills, professional degreasers and more. Discover our accessories and consumables for your modular cooking.","breadcrumb":{"@id":"https:\/\/www.electroluxprofessional.com\/hr\/dodatna-oprema-i-potrosni-materijal-modularna-kuhinjska-linija\/#breadcrumb"},"inLanguage":"hr","potentialAction":[{"@type":"ReadAction","target":["https:\/\/www.electroluxprofessional.com\/hr\/dodatna-oprema-i-potrosni-materijal-modularna-kuhinjska-linija\/"]}]},{"@type":"ImageObject","inLanguage":"hr","@id":"https:\/\/www.electroluxprofessional.com\/hr\/dodatna-oprema-i-potrosni-materijal-modularna-kuhinjska-linija\/#primaryimage","url":"https:\/\/www.electroluxprofessional.com\/hr\/wp-content\/uploads\/2016\/11\/xp1.jpg","contentUrl":"https:\/\/www.electroluxprofessional.com\/hr\/wp-content\/uploads\/2016\/11\/xp1.jpg","width":2000,"height":1333,"caption":"900XP and 700XP"},{"@type":"BreadcrumbList","@id":"https:\/\/www.electroluxprofessional.com\/hr\/dodatna-oprema-i-potrosni-materijal-modularna-kuhinjska-linija\/#breadcrumb","itemListElement":[{"@type":"ListItem","position":1,"name":"Po\u010detna stranica","item":"https:\/\/www.electroluxprofessional.com\/hr\/"},{"@type":"ListItem","position":2,"name":"Dodatna oprema i potro\u0161ni materijal \u2013 modularna kuhinjska linija"}]},{"@type":"WebSite","@id":"https:\/\/www.electroluxprofessional.com\/hr\/#website","url":"https:\/\/www.electroluxprofessional.com\/hr\/","name":"Electrolux Professional Hrvatska","description":"","potentialAction":[{"@type":"SearchAction","target":{"@type":"EntryPoint","urlTemplate":"https:\/\/www.electroluxprofessional.com\/hr\/?src={search_term_string}"},"query-input":"required name=search_term_string"}],"inLanguage":"hr"}]}},"_links":{"self":[{"href":"https:\/\/www.electroluxprofessional.com\/hr\/wp-json\/wp\/v2\/pages\/119424"}],"collection":[{"href":"https:\/\/www.electroluxprofessional.com\/hr\/wp-json\/wp\/v2\/pages"}],"about":[{"href":"https:\/\/www.electroluxprofessional.com\/hr\/wp-json\/wp\/v2\/types\/page"}],"author":[{"embeddable":true,"href":"https:\/\/www.electroluxprofessional.com\/hr\/wp-json\/wp\/v2\/users\/149"}],"replies":[{"embeddable":true,"href":"https:\/\/www.electroluxprofessional.com\/hr\/wp-json\/wp\/v2\/comments?post=119424"}],"version-history":[{"count":4,"href":"https:\/\/www.electroluxprofessional.com\/hr\/wp-json\/wp\/v2\/pages\/119424\/revisions"}],"predecessor-version":[{"id":119720,"href":"https:\/\/www.electroluxprofessional.com\/hr\/wp-json\/wp\/v2\/pages\/119424\/revisions\/119720"}],"wp:featuredmedia":[{"embeddable":true,"href":"https:\/\/www.electroluxprofessional.com\/hr\/wp-json\/wp\/v2\/media\/1728"}],"wp:attachment":[{"href":"https:\/\/www.electroluxprofessional.com\/hr\/wp-json\/wp\/v2\/media?parent=119424"}],"curies":[{"name":"wp","href":"https:\/\/api.w.org\/{rel}","templated":true}]}}