{"id":119414,"date":"2026-01-13T23:35:44","date_gmt":"2026-01-13T23:35:44","guid":{"rendered":"https:\/\/www.electroluxprofessional.com\/hr\/?page_id=119414"},"modified":"2026-02-20T11:56:29","modified_gmt":"2026-02-20T11:56:29","slug":"dodatna-oprema-i-potrosni-materijal-rashladni-uredaji","status":"publish","type":"page","link":"https:\/\/www.electroluxprofessional.com\/hr\/dodatna-oprema-i-potrosni-materijal-rashladni-uredaji\/","title":{"rendered":"Dodatna oprema i potro\u0161ni materijal \u2013 rashladni ure\u0111aji"},"content":{"rendered":"<p>[vc_row full_width=&#8221;electroluxpro-full-width-no-padding&#8221;][vc_column css=&#8221;.vc_custom_1618358802266{margin-top: -40px !important;border-top-width: -40px !important;padding-top: -40px !important;}&#8221;][elx_full_banner title=&#8221;Dodatna oprema i potro\u0161ni materijal za rashladne ure\u0111aje&#8221; set_as_h1=&#8221;true&#8221; background_image_media_library=&#8221;119403&#8243; background_image_media_library_mobile=&#8221;119410&#8243; link=&#8221;url:%23contact|title:Saznajte%20vi\u0161e||&#8221;][vc_row_inner full_width=&#8221;electroluxpro-full-width&#8221; gap=&#8221;15&#8243;][vc_column_inner width=&#8221;1\/4&#8243;][elx_download_block text=&#8221;Katalog dodatne opreme za za\u0161titu, dezinfekciju i \u010di\u0161\u0107enje&#8221; document_type=&#8221;cat&#8221; file_picker=&#8221;24892&#8243; background_color=&#8221;electrolux-blue&#8221; background_hover_color=&#8221;lighter-hover&#8221; ca_document_number=&#8221;CAT10&#8243;][\/vc_column_inner][vc_column_inner width=&#8221;1\/4&#8243;][elx_download_block text=&#8221;Katalog originalnih zamjenskih dijelova, dodatne opreme i potro\u0161nog materijala&#8221; document_type=&#8221;cat&#8221; file_picker=&#8221;24892&#8243; background_color=&#8221;electrolux-blue&#8221; background_hover_color=&#8221;lighter-hover&#8221; ca_document_number=&#8221;CAT19&#8243;][\/vc_column_inner][vc_column_inner width=&#8221;1\/4&#8243;][elx_download_block text=&#8221;Katalog kompleta rezervnih dijelova&#8221; document_type=&#8221;cat&#8221; file_picker=&#8221;24892&#8243; background_color=&#8221;electrolux-blue&#8221; background_hover_color=&#8221;lighter-hover&#8221; ca_document_number=&#8221;CAT9&#8243;][\/vc_column_inner][vc_column_inner width=&#8221;1\/4&#8243;][elx_download_block text=&#8221;Vodi\u010d za odabir profesionalnih deterd\u017eenata za \u010di\u0161\u0107enje&#8221; file_picker=&#8221;47320&#8243; background_color=&#8221;electrolux-blue&#8221;][\/vc_column_inner][\/vc_row_inner][\/vc_column][\/vc_row][vc_row][vc_column][elx_menu][vc_row_inner][vc_column_inner][vc_empty_space][vc_column_text]<\/p>\n<h3>Za o\u010duvanje hrane odaberite odgovaraju\u0107u dodatnu opremu za rashladne ure\u0111aje kako biste osigurali ispravan i u\u010dinkovit rad.<\/h3>\n<p>[\/vc_column_text][vc_empty_space][\/vc_column_inner][\/vc_row_inner][vc_row_inner][vc_column_inner width=&#8221;1\/3&#8243;][vc_single_image image=&#8221;119404&#8243; img_size=&#8221;full&#8221; alignment=&#8221;center&#8221;][vc_empty_space][\/vc_column_inner][vc_column_inner width=&#8221;1\/3&#8243;][vc_single_image image=&#8221;119405&#8243; img_size=&#8221;full&#8221; alignment=&#8221;center&#8221;][vc_empty_space][\/vc_column_inner][vc_column_inner width=&#8221;1\/3&#8243;][vc_single_image image=&#8221;119406&#8243; alignment=&#8221;center&#8221;][vc_empty_space][\/vc_column_inner][\/vc_row_inner][vc_row_inner][vc_column_inner width=&#8221;1\/3&#8243;][elx_heading text_color=&#8221;inherit&#8221;]Komplet re\u0161etki[\/elx_heading][vc_column_text]Siva Rilsan re\u0161etka s dvjema vodilicama omogu\u0107uje jednostavno slaganje i organiziranje posuda.[\/vc_column_text][vc_empty_space][\/vc_column_inner][vc_column_inner width=&#8221;1\/3&#8243;][elx_heading text_color=&#8221;inherit&#8221;]\u017di\u010dana ko\u0161ara[\/elx_heading][vc_column_text]\u017di\u010dana ko\u0161ara pobolj\u0161at \u0107e produktivnost te osigurati kvalitetu i sigurnost predmeta pri pohrani ili transportu.[\/vc_column_text][vc_empty_space][\/vc_column_inner][vc_column_inner width=&#8221;1\/3&#8243;][elx_heading text_color=&#8221;inherit&#8221;]Plasti\u010dna posuda[\/elx_heading][vc_column_text]Plasti\u010dna posuda s perforiranim la\u017enim dnom za GN 1\/1 od prozirnog polikarbonata svestrana je i otporna.[\/vc_column_text][vc_empty_space][\/vc_column_inner][\/vc_row_inner][vc_row_inner][vc_column_inner width=&#8221;1\/3&#8243;][vc_empty_space height=&#8221;60px&#8221;][\/vc_column_inner][vc_column_inner width=&#8221;1\/3&#8243;][vc_empty_space height=&#8221;60px&#8221;][\/vc_column_inner][vc_column_inner width=&#8221;1\/3&#8243;][vc_empty_space height=&#8221;60px&#8221;][\/vc_column_inner][\/vc_row_inner][vc_row_inner][vc_column_inner width=&#8221;1\/3&#8243;][vc_single_image image=&#8221;119407&#8243; img_size=&#8221;full&#8221; alignment=&#8221;center&#8221;][vc_empty_space][\/vc_column_inner][vc_column_inner width=&#8221;1\/3&#8243;][vc_single_image image=&#8221;119408&#8243; img_size=&#8221;full&#8221; alignment=&#8221;center&#8221;][vc_empty_space][\/vc_column_inner][vc_column_inner width=&#8221;1\/3&#8243;][vc_single_image image=&#8221;119409&#8243; img_size=&#8221;full&#8221; alignment=&#8221;center&#8221;][vc_empty_space][\/vc_column_inner][\/vc_row_inner][vc_row_inner][vc_column_inner width=&#8221;1\/3&#8243;][elx_heading text_color=&#8221;inherit&#8221;]Kota\u010di[\/elx_heading][vc_column_text]\u010cetiri okretna kota\u010da slu\u017ee za u\u010dinkovitije i sigurnije pomicanje predmeta te pobolj\u0161avaju funkcionalnost i organizaciju va\u0161eg radnog prostora ili okru\u017eenja.[\/vc_column_text][vc_empty_space][\/vc_column_inner][vc_column_inner width=&#8221;1\/3&#8243;][elx_heading text_color=&#8221;inherit&#8221;]Kolica s nosa\u010dem posuda[\/elx_heading][vc_column_text]Kolica s nosa\u010dem posuda 20\u00a0GN\u00a02\/1 doprinose dobro strukturiranom i produktivnom kuhinjskom okru\u017eenju te omogu\u0107uju nesmetan rad i optimalno iskori\u0161tavanje prostora za pohranu posuda.[\/vc_column_text][vc_empty_space][\/vc_column_inner][vc_column_inner width=&#8221;1\/3&#8243;][elx_heading text_color=&#8221;inherit&#8221;]Vre\u0107ice za vakuumsku pakirku[\/elx_heading][vc_column_text]Dodatna oprema za vakuumsko pakiranje neophodna je za pripremu jela tehnikom sous-vide te je korisna za \u010duvanje hrane i za\u0161titu od \u0161tetnih utjecaja vlage i zraka.[\/vc_column_text][vc_empty_space][\/vc_column_inner][\/vc_row_inner][vc_row_inner][vc_column_inner width=&#8221;1\/3&#8243;][vc_empty_space][\/vc_column_inner][vc_column_inner width=&#8221;1\/3&#8243;][vc_empty_space][\/vc_column_inner][vc_column_inner width=&#8221;1\/3&#8243;][\/vc_column_inner][\/vc_row_inner][vc_empty_space][\/vc_column][\/vc_row][vc_row][vc_column][elx_double_banner text_colors_1=&#8221;text-blue&#8221; text_colors_2=&#8221;text-blue&#8221; title_1=&#8221;Hladnjaci&#8221; title_2=&#8221;Rashladni stolovi&#8221; link_1=&#8221;url:https%3A%2F%2Fwww.electroluxprofessional.com%2Fhr%2Fkuhinjska-oprema%2Fhladnjaci%2F|title:Discover&#8221; background_image_media_library_1=&#8221;119411&#8243; link_2=&#8221;url:https%3A%2F%2Fwww.electroluxprofessional.com%2Fhr%2Fkuhinjska-oprema%2Fhladeni-stolovi%2F|title:Discover&#8221; background_image_media_library_2=&#8221;119412&#8243; background_image_media_library_mobile_2=&#8221;119413&#8243;][vc_empty_space][vc_empty_space][vc_empty_space][\/vc_column][\/vc_row][vc_row el_id=&#8221;contact&#8221;][vc_column][vc_empty_space][elx_heading font_container=&#8221;h3&#8243; text_color=&#8221;inherit&#8221;]Otkrijte kako mo\u017eete personalizirati svoju rashladnu opremu[\/elx_heading][elx_o2000_contact_us s=&#8221;Zahtjev za informacije o dodatnoj opremi i potro\u0161nome materijalu.&#8221; container=&#8221;elxcontactus1484306106&#8243; r=&#8221;\u017delim saznati vi\u0161e o dodatnoj opremi i potro\u0161nome materijalu za rashladne ure\u0111aje. Molim da me kontaktirate.&#8221;][\/vc_column][\/vc_row]<\/p>\n","protected":false},"excerpt":{"rendered":"<p>[vc_row full_width=&#8221;electroluxpro-full-width-no-padding&#8221;][vc_column css=&#8221;.vc_custom_1618358802266{margin-top: -40px !important;border-top-width: -40px !important;padding-top: -40px !important;}&#8221;][elx_full_banner title=&#8221;Dodatna oprema i potro\u0161ni materijal za rashladne ure\u0111aje&#8221; set_as_h1=&#8221;true&#8221; background_image_media_library=&#8221;119403&#8243; background_image_media_library_mobile=&#8221;119410&#8243; link=&#8221;url:%23contact|title:Saznajte%20vi\u0161e||&#8221;][vc_row_inner full_width=&#8221;electroluxpro-full-width&#8221; gap=&#8221;15&#8243;][vc_column_inner width=&#8221;1\/4&#8243;][elx_download_block text=&#8221;Katalog dodatne opreme za za\u0161titu, dezinfekciju i \u010di\u0161\u0107enje&#8221; document_type=&#8221;cat&#8221; file_picker=&#8221;24892&#8243; background_color=&#8221;electrolux-blue&#8221; background_hover_color=&#8221;lighter-hover&#8221; ca_document_number=&#8221;CAT10&#8243;][\/vc_column_inner][vc_column_inner width=&#8221;1\/4&#8243;][elx_download_block text=&#8221;Katalog originalnih zamjenskih dijelova, dodatne opreme i potro\u0161nog materijala&#8221; document_type=&#8221;cat&#8221; file_picker=&#8221;24892&#8243; background_color=&#8221;electrolux-blue&#8221; background_hover_color=&#8221;lighter-hover&#8221; ca_document_number=&#8221;CAT19&#8243;][\/vc_column_inner][vc_column_inner width=&#8221;1\/4&#8243;][elx_download_block text=&#8221;Katalog kompleta [&hellip;]<\/p>\n","protected":false},"author":149,"featured_media":119403,"parent":0,"menu_order":0,"comment_status":"closed","ping_status":"closed","template":"","meta":{"footnotes":""},"class_list":["post-119414","page","type-page","status-publish","has-post-thumbnail","hentry"],"acf":[],"yoast_head":"<!-- This site is optimized with the Yoast SEO plugin v23.3 - https:\/\/yoast.com\/wordpress\/plugins\/seo\/ -->\n<title>Dodatna oprema i potro\u0161ni materijal \u2013 rashladni ure\u0111aji - Electrolux Professional Hrvatska<\/title>\n<meta name=\"description\" content=\"To preserve the food, accessories and consumables are the most valuable asset in your kitchen. Choose the proper accessory for your refrigeration equipment.\" \/>\n<meta name=\"robots\" content=\"index, follow, max-snippet:-1, max-image-preview:large, max-video-preview:-1\" \/>\n<link rel=\"canonical\" href=\"https:\/\/www.electroluxprofessional.com\/hr\/dodatna-oprema-i-potrosni-materijal-rashladni-uredaji\/\" \/>\n<meta property=\"og:locale\" content=\"hr_HR\" \/>\n<meta property=\"og:type\" content=\"article\" \/>\n<meta property=\"og:title\" content=\"Dodatna oprema i potro\u0161ni materijal \u2013 rashladni ure\u0111aji - Electrolux Professional Hrvatska\" \/>\n<meta property=\"og:description\" content=\"To preserve the food, accessories and consumables are the most valuable asset in your kitchen. Choose the proper accessory for your refrigeration equipment.\" \/>\n<meta property=\"og:url\" content=\"https:\/\/www.electroluxprofessional.com\/hr\/dodatna-oprema-i-potrosni-materijal-rashladni-uredaji\/\" \/>\n<meta property=\"og:site_name\" content=\"Electrolux Professional Hrvatska\" \/>\n<meta property=\"article:modified_time\" content=\"2026-02-20T11:56:29+00:00\" \/>\n<meta property=\"og:image\" content=\"https:\/\/www.electroluxprofessional.com\/hr\/wp-content\/uploads\/2026\/01\/banner12312.jpg\" \/>\n\t<meta property=\"og:image:width\" content=\"1920\" \/>\n\t<meta property=\"og:image:height\" content=\"581\" \/>\n\t<meta property=\"og:image:type\" content=\"image\/jpeg\" \/>\n<meta name=\"twitter:card\" content=\"summary_large_image\" \/>\n<meta name=\"twitter:label1\" content=\"Procijenjeno vrijeme \u010ditanja\" \/>\n\t<meta name=\"twitter:data1\" content=\"3 minute\" \/>\n<script type=\"application\/ld+json\" class=\"yoast-schema-graph\">{\"@context\":\"https:\/\/schema.org\",\"@graph\":[{\"@type\":\"WebPage\",\"@id\":\"https:\/\/www.electroluxprofessional.com\/hr\/dodatna-oprema-i-potrosni-materijal-rashladni-uredaji\/\",\"url\":\"https:\/\/www.electroluxprofessional.com\/hr\/dodatna-oprema-i-potrosni-materijal-rashladni-uredaji\/\",\"name\":\"Dodatna oprema i potro\u0161ni materijal \u2013 rashladni ure\u0111aji - Electrolux Professional Hrvatska\",\"isPartOf\":{\"@id\":\"https:\/\/www.electroluxprofessional.com\/hr\/#website\"},\"primaryImageOfPage\":{\"@id\":\"https:\/\/www.electroluxprofessional.com\/hr\/dodatna-oprema-i-potrosni-materijal-rashladni-uredaji\/#primaryimage\"},\"image\":{\"@id\":\"https:\/\/www.electroluxprofessional.com\/hr\/dodatna-oprema-i-potrosni-materijal-rashladni-uredaji\/#primaryimage\"},\"thumbnailUrl\":\"https:\/\/www.electroluxprofessional.com\/hr\/wp-content\/uploads\/2026\/01\/banner12312.jpg\",\"datePublished\":\"2026-01-13T23:35:44+00:00\",\"dateModified\":\"2026-02-20T11:56:29+00:00\",\"description\":\"To preserve the food, accessories and consumables are the most valuable asset in your kitchen. Choose the proper accessory for your refrigeration equipment.\",\"breadcrumb\":{\"@id\":\"https:\/\/www.electroluxprofessional.com\/hr\/dodatna-oprema-i-potrosni-materijal-rashladni-uredaji\/#breadcrumb\"},\"inLanguage\":\"hr\",\"potentialAction\":[{\"@type\":\"ReadAction\",\"target\":[\"https:\/\/www.electroluxprofessional.com\/hr\/dodatna-oprema-i-potrosni-materijal-rashladni-uredaji\/\"]}]},{\"@type\":\"ImageObject\",\"inLanguage\":\"hr\",\"@id\":\"https:\/\/www.electroluxprofessional.com\/hr\/dodatna-oprema-i-potrosni-materijal-rashladni-uredaji\/#primaryimage\",\"url\":\"https:\/\/www.electroluxprofessional.com\/hr\/wp-content\/uploads\/2026\/01\/banner12312.jpg\",\"contentUrl\":\"https:\/\/www.electroluxprofessional.com\/hr\/wp-content\/uploads\/2026\/01\/banner12312.jpg\",\"width\":1920,\"height\":581},{\"@type\":\"BreadcrumbList\",\"@id\":\"https:\/\/www.electroluxprofessional.com\/hr\/dodatna-oprema-i-potrosni-materijal-rashladni-uredaji\/#breadcrumb\",\"itemListElement\":[{\"@type\":\"ListItem\",\"position\":1,\"name\":\"Po\u010detna stranica\",\"item\":\"https:\/\/www.electroluxprofessional.com\/hr\/\"},{\"@type\":\"ListItem\",\"position\":2,\"name\":\"Dodatna oprema i potro\u0161ni materijal \u2013 rashladni ure\u0111aji\"}]},{\"@type\":\"WebSite\",\"@id\":\"https:\/\/www.electroluxprofessional.com\/hr\/#website\",\"url\":\"https:\/\/www.electroluxprofessional.com\/hr\/\",\"name\":\"Electrolux Professional Hrvatska\",\"description\":\"\",\"potentialAction\":[{\"@type\":\"SearchAction\",\"target\":{\"@type\":\"EntryPoint\",\"urlTemplate\":\"https:\/\/www.electroluxprofessional.com\/hr\/?src={search_term_string}\"},\"query-input\":\"required name=search_term_string\"}],\"inLanguage\":\"hr\"}]}<\/script>\n<!-- \/ Yoast SEO plugin. -->","yoast_head_json":{"title":"Dodatna oprema i potro\u0161ni materijal \u2013 rashladni ure\u0111aji - Electrolux Professional Hrvatska","description":"To preserve the food, accessories and consumables are the most valuable asset in your kitchen. Choose the proper accessory for your refrigeration equipment.","robots":{"index":"index","follow":"follow","max-snippet":"max-snippet:-1","max-image-preview":"max-image-preview:large","max-video-preview":"max-video-preview:-1"},"canonical":"https:\/\/www.electroluxprofessional.com\/hr\/dodatna-oprema-i-potrosni-materijal-rashladni-uredaji\/","og_locale":"hr_HR","og_type":"article","og_title":"Dodatna oprema i potro\u0161ni materijal \u2013 rashladni ure\u0111aji - Electrolux Professional Hrvatska","og_description":"To preserve the food, accessories and consumables are the most valuable asset in your kitchen. Choose the proper accessory for your refrigeration equipment.","og_url":"https:\/\/www.electroluxprofessional.com\/hr\/dodatna-oprema-i-potrosni-materijal-rashladni-uredaji\/","og_site_name":"Electrolux Professional Hrvatska","article_modified_time":"2026-02-20T11:56:29+00:00","og_image":[{"width":1920,"height":581,"url":"https:\/\/www.electroluxprofessional.com\/hr\/wp-content\/uploads\/2026\/01\/banner12312.jpg","type":"image\/jpeg"}],"twitter_card":"summary_large_image","twitter_misc":{"Procijenjeno vrijeme \u010ditanja":"3 minute"},"schema":{"@context":"https:\/\/schema.org","@graph":[{"@type":"WebPage","@id":"https:\/\/www.electroluxprofessional.com\/hr\/dodatna-oprema-i-potrosni-materijal-rashladni-uredaji\/","url":"https:\/\/www.electroluxprofessional.com\/hr\/dodatna-oprema-i-potrosni-materijal-rashladni-uredaji\/","name":"Dodatna oprema i potro\u0161ni materijal \u2013 rashladni ure\u0111aji - Electrolux Professional Hrvatska","isPartOf":{"@id":"https:\/\/www.electroluxprofessional.com\/hr\/#website"},"primaryImageOfPage":{"@id":"https:\/\/www.electroluxprofessional.com\/hr\/dodatna-oprema-i-potrosni-materijal-rashladni-uredaji\/#primaryimage"},"image":{"@id":"https:\/\/www.electroluxprofessional.com\/hr\/dodatna-oprema-i-potrosni-materijal-rashladni-uredaji\/#primaryimage"},"thumbnailUrl":"https:\/\/www.electroluxprofessional.com\/hr\/wp-content\/uploads\/2026\/01\/banner12312.jpg","datePublished":"2026-01-13T23:35:44+00:00","dateModified":"2026-02-20T11:56:29+00:00","description":"To preserve the food, accessories and consumables are the most valuable asset in your kitchen. Choose the proper accessory for your refrigeration equipment.","breadcrumb":{"@id":"https:\/\/www.electroluxprofessional.com\/hr\/dodatna-oprema-i-potrosni-materijal-rashladni-uredaji\/#breadcrumb"},"inLanguage":"hr","potentialAction":[{"@type":"ReadAction","target":["https:\/\/www.electroluxprofessional.com\/hr\/dodatna-oprema-i-potrosni-materijal-rashladni-uredaji\/"]}]},{"@type":"ImageObject","inLanguage":"hr","@id":"https:\/\/www.electroluxprofessional.com\/hr\/dodatna-oprema-i-potrosni-materijal-rashladni-uredaji\/#primaryimage","url":"https:\/\/www.electroluxprofessional.com\/hr\/wp-content\/uploads\/2026\/01\/banner12312.jpg","contentUrl":"https:\/\/www.electroluxprofessional.com\/hr\/wp-content\/uploads\/2026\/01\/banner12312.jpg","width":1920,"height":581},{"@type":"BreadcrumbList","@id":"https:\/\/www.electroluxprofessional.com\/hr\/dodatna-oprema-i-potrosni-materijal-rashladni-uredaji\/#breadcrumb","itemListElement":[{"@type":"ListItem","position":1,"name":"Po\u010detna stranica","item":"https:\/\/www.electroluxprofessional.com\/hr\/"},{"@type":"ListItem","position":2,"name":"Dodatna oprema i potro\u0161ni materijal \u2013 rashladni ure\u0111aji"}]},{"@type":"WebSite","@id":"https:\/\/www.electroluxprofessional.com\/hr\/#website","url":"https:\/\/www.electroluxprofessional.com\/hr\/","name":"Electrolux Professional Hrvatska","description":"","potentialAction":[{"@type":"SearchAction","target":{"@type":"EntryPoint","urlTemplate":"https:\/\/www.electroluxprofessional.com\/hr\/?src={search_term_string}"},"query-input":"required name=search_term_string"}],"inLanguage":"hr"}]}},"_links":{"self":[{"href":"https:\/\/www.electroluxprofessional.com\/hr\/wp-json\/wp\/v2\/pages\/119414"}],"collection":[{"href":"https:\/\/www.electroluxprofessional.com\/hr\/wp-json\/wp\/v2\/pages"}],"about":[{"href":"https:\/\/www.electroluxprofessional.com\/hr\/wp-json\/wp\/v2\/types\/page"}],"author":[{"embeddable":true,"href":"https:\/\/www.electroluxprofessional.com\/hr\/wp-json\/wp\/v2\/users\/149"}],"replies":[{"embeddable":true,"href":"https:\/\/www.electroluxprofessional.com\/hr\/wp-json\/wp\/v2\/comments?post=119414"}],"version-history":[{"count":4,"href":"https:\/\/www.electroluxprofessional.com\/hr\/wp-json\/wp\/v2\/pages\/119414\/revisions"}],"predecessor-version":[{"id":119722,"href":"https:\/\/www.electroluxprofessional.com\/hr\/wp-json\/wp\/v2\/pages\/119414\/revisions\/119722"}],"wp:featuredmedia":[{"embeddable":true,"href":"https:\/\/www.electroluxprofessional.com\/hr\/wp-json\/wp\/v2\/media\/119403"}],"wp:attachment":[{"href":"https:\/\/www.electroluxprofessional.com\/hr\/wp-json\/wp\/v2\/media?parent=119414"}],"curies":[{"name":"wp","href":"https:\/\/api.w.org\/{rel}","templated":true}]}}