{"id":119402,"date":"2026-01-13T23:34:57","date_gmt":"2026-01-13T23:34:57","guid":{"rendered":"https:\/\/www.electroluxprofessional.com\/hr\/?page_id=119402"},"modified":"2026-02-20T11:55:14","modified_gmt":"2026-02-20T11:55:14","slug":"dodatna-oprema-i-potrosni-materijal-speedelight","status":"publish","type":"page","link":"https:\/\/www.electroluxprofessional.com\/hr\/dodatna-oprema-i-potrosni-materijal-speedelight\/","title":{"rendered":"Dodatna oprema i potro\u0161ni materijal \u2013 SpeeDelight"},"content":{"rendered":"<p>[vc_row full_width=&#8221;electroluxpro-full-width-no-padding&#8221;][vc_column css=&#8221;.vc_custom_1618358802266{margin-top: -40px !important;border-top-width: -40px !important;padding-top: -40px !important;}&#8221;][elx_full_banner title=&#8221;Dodatna oprema i potro\u0161ni materijal za SpeeDelight&#8221; set_as_h1=&#8221;true&#8221; background_image_media_library=&#8221;119400&#8243; background_image_media_library_mobile=&#8221;119401&#8243; link=&#8221;url:%23contact|title:Saznajte%20vi\u0161e||&#8221;][vc_row_inner full_width=&#8221;electroluxpro-full-width&#8221; gap=&#8221;15&#8243;][vc_column_inner width=&#8221;1\/4&#8243;][elx_download_block text=&#8221;Katalog dodatne opreme za za\u0161titu, dezinfekciju i \u010di\u0161\u0107enje&#8221; document_type=&#8221;cat&#8221; file_picker=&#8221;24892&#8243; background_color=&#8221;electrolux-blue&#8221; background_hover_color=&#8221;lighter-hover&#8221; ca_document_number=&#8221;CAT10&#8243;][\/vc_column_inner][vc_column_inner width=&#8221;1\/4&#8243;][elx_download_block text=&#8221;Katalog originalnih zamjenskih dijelova, dodatne opreme i potro\u0161nog materijala&#8221; document_type=&#8221;cat&#8221; file_picker=&#8221;24892&#8243; background_color=&#8221;electrolux-blue&#8221; background_hover_color=&#8221;lighter-hover&#8221; ca_document_number=&#8221;CAT19&#8243;][\/vc_column_inner][vc_column_inner width=&#8221;1\/4&#8243;][elx_download_block text=&#8221;Katalog kompleta rezervnih dijelova&#8221; document_type=&#8221;cat&#8221; file_picker=&#8221;24892&#8243; background_color=&#8221;electrolux-blue&#8221; background_hover_color=&#8221;lighter-hover&#8221; ca_document_number=&#8221;CAT9&#8243;][\/vc_column_inner][vc_column_inner width=&#8221;1\/4&#8243;][elx_download_block text=&#8221;Vodi\u010d za odabir profesionalnih deterd\u017eenata za \u010di\u0161\u0107enje&#8221; file_picker=&#8221;47320&#8243; background_color=&#8221;electrolux-blue&#8221;][\/vc_column_inner][\/vc_row_inner][\/vc_column][\/vc_row][vc_row][vc_column][elx_menu][vc_column_text]<\/p>\n<p style=\"text-align: center;\">SpeeDelight daje vam slobodu da pove\u017eete brzinu, kvalitetu i kreativnost. Svoj SpeeDelight mo\u017eete odr\u017eati u vrhunskom stanju samo uz odgovaraju\u0107u dodatnu opremu i potro\u0161ni materijal.<\/p>\n<p>[\/vc_column_text][vc_empty_space][\/vc_column][\/vc_row][vc_row disable_element=&#8221;yes&#8221; css=&#8221;.vc_custom_1677145462044{background-position: center !important;background-repeat: no-repeat !important;background-size: cover !important;}&#8221;][vc_column width=&#8221;1\/2&#8243;][elx_heading font_size=&#8221;h5&#8243; text_color=&#8221;inherit&#8221;]Dodatna oprema i potro\u0161ni materijal za vrhunsko odr\u017eavanje[\/elx_heading][vc_column_text]Ovaj komplet odr\u017eat \u0107e va\u0161 SpeeDelight u vrhunskom stanju kako bi radio ono \u0161to radi najbolje: \u010detka, lopatica, struga\u010d, uklonjiva teflonska plo\u010da, papir za pe\u010denje, silikonski za\u0161titnik, sredstva za \u010di\u0161\u0107enje, sredstvo za brzo uklanjanje masno\u0107e.[\/vc_column_text][vc_empty_space][\/vc_column][vc_column width=&#8221;1\/2&#8243;][vc_single_image image=&#8221;119393&#8243; img_size=&#8221;full&#8221; css_animation=&#8221;none&#8221;][vc_empty_space][elx_shop_now button_text=&#8221;Kupite odmah&#8221; button_link=&#8221;url:https%3A%2F%2Fbuy.electroluxprofessional.com%2Felectrolux-professional%2Fspeedelight%2Fparts|title:Shop%20&#8243;][vc_empty_space][\/vc_column][\/vc_row][vc_row][vc_column width=&#8221;1\/3&#8243;][vc_single_image image=&#8221;119394&#8243; img_size=&#8221;medium&#8221;][vc_empty_space height=&#8221;45px&#8221;][elx_heading text_color=&#8221;inherit&#8221;]Sredstvo za uklanjanje masno\u0107e pri visokim temperaturama[\/elx_heading][vc_column_text]Za \u010di\u0161\u0107enje i posebnu upotrebu pri visokim temperaturama.[\/vc_column_text][vc_empty_space height=&#8221;58px&#8221;][\/vc_column][vc_column width=&#8221;1\/3&#8243;][vc_empty_space height=&#8221;90px&#8221;][vc_single_image image=&#8221;119395&#8243; img_size=&#8221;medium&#8221;][vc_empty_space height=&#8221;48px&#8221;][elx_heading text_color=&#8221;inherit&#8221;]Neprianjaju\u0107a posuda [\/elx_heading][vc_column_text]Neprianjaju\u0107a posuda poma\u017ee odr\u017eati SpeeDelight \u010di\u0161\u0107im i smanjuje vrijeme \u010di\u0161\u0107enja.<\/p>\n<p>[\/vc_column_text][vc_empty_space height=&#8221;58px&#8221;][\/vc_column][vc_column width=&#8221;1\/3&#8243;][vc_empty_space height=&#8221;80px&#8221;][vc_single_image image=&#8221;119396&#8243; img_size=&#8221;medium&#8221;][vc_empty_space height=&#8221;50px&#8221;][elx_heading text_color=&#8221;inherit&#8221;]\u010cetka s \u010dekinjama od mjedi [\/elx_heading][vc_column_text]Upotrijebite malu \u010detku s metalnim \u010dekinjama za uklanjanje naslaga hrane. Upotrijebite isklju\u010divo za \u010di\u0161\u0107enje poklopca.[\/vc_column_text][vc_empty_space height=&#8221;58px&#8221;][\/vc_column][\/vc_row][vc_row][vc_column width=&#8221;1\/3&#8243;][vc_empty_space height=&#8221;58px&#8221;][\/vc_column][vc_column width=&#8221;1\/3&#8243;][vc_empty_space height=&#8221;58px&#8221;][\/vc_column][vc_column width=&#8221;1\/3&#8243;][vc_empty_space height=&#8221;58px&#8221;][\/vc_column][\/vc_row][vc_row][vc_column width=&#8221;1\/3&#8243;][vc_single_image image=&#8221;119397&#8243; img_size=&#8221;medium&#8221;][vc_empty_space height=&#8221;50px&#8221;][elx_heading text_color=&#8221;inherit&#8221;]Papir za pe\u010denje[\/elx_heading][vc_column_text]Prikladno za modele za pe\u010denje.[\/vc_column_text][vc_empty_space height=&#8221;58px&#8221;][\/vc_column][vc_column width=&#8221;1\/3&#8243;][vc_empty_space height=&#8221;80px&#8221;][vc_single_image image=&#8221;119398&#8243; img_size=&#8221;LARGE&#8221;][vc_empty_space height=&#8221;90px&#8221;][elx_heading text_color=&#8221;inherit&#8221;]Silikonska plosnata lopatica [\/elx_heading][vc_column_text]Svestrana, za vi\u0161estruku upotrebu.[\/vc_column_text][vc_empty_space height=&#8221;58px&#8221;][\/vc_column][vc_column width=&#8221;1\/3&#8243;][vc_empty_space height=&#8221;80px&#8221;][vc_single_image image=&#8221;119399&#8243; img_size=&#8221;medium&#8221;][vc_empty_space height=&#8221;45px&#8221;][elx_heading text_color=&#8221;inherit&#8221;]\u010cetka [\/elx_heading][vc_column_text]Za \u010di\u0161\u0107enje kru\u0161nih mrvica s plo\u010de za ro\u0161tiljanje i povr\u0161ina za pripremu hrane.[\/vc_column_text][vc_empty_space height=&#8221;58px&#8221;][\/vc_column][\/vc_row][vc_row][vc_column width=&#8221;1\/3&#8243;][vc_empty_space height=&#8221;58px&#8221;][\/vc_column][vc_column width=&#8221;1\/3&#8243;][vc_empty_space height=&#8221;58px&#8221;][\/vc_column][vc_column width=&#8221;1\/3&#8243;][vc_empty_space height=&#8221;58px&#8221;][\/vc_column][\/vc_row][vc_row][vc_column][vc_empty_space][elx_heading font_container=&#8221;h3&#8243; text_color=&#8221;inherit&#8221;]Otkrijte kako mo\u017eete personalizirati svoj SpeeDelight[\/elx_heading][elx_o2000_contact_us s=&#8221;Zahtjev za informacije o dodatnoj opremi i potro\u0161nome materijalu za SpeeDelight&#8221; container=&#8221;elxcontactus1484315184&#8243; r=&#8221;\u017delim saznati vi\u0161e o dodatnoj opremi i potro\u0161nome materijalu za SpeeDelight. Molim da me kontaktirate.&#8221;][\/vc_column][\/vc_row]<\/p>\n","protected":false},"excerpt":{"rendered":"<p>[vc_row full_width=&#8221;electroluxpro-full-width-no-padding&#8221;][vc_column css=&#8221;.vc_custom_1618358802266{margin-top: -40px !important;border-top-width: -40px !important;padding-top: -40px !important;}&#8221;][elx_full_banner title=&#8221;Dodatna oprema i potro\u0161ni materijal za SpeeDelight&#8221; set_as_h1=&#8221;true&#8221; background_image_media_library=&#8221;119400&#8243; background_image_media_library_mobile=&#8221;119401&#8243; link=&#8221;url:%23contact|title:Saznajte%20vi\u0161e||&#8221;][vc_row_inner full_width=&#8221;electroluxpro-full-width&#8221; gap=&#8221;15&#8243;][vc_column_inner width=&#8221;1\/4&#8243;][elx_download_block text=&#8221;Katalog dodatne opreme za za\u0161titu, dezinfekciju i \u010di\u0161\u0107enje&#8221; document_type=&#8221;cat&#8221; file_picker=&#8221;24892&#8243; background_color=&#8221;electrolux-blue&#8221; background_hover_color=&#8221;lighter-hover&#8221; ca_document_number=&#8221;CAT10&#8243;][\/vc_column_inner][vc_column_inner width=&#8221;1\/4&#8243;][elx_download_block text=&#8221;Katalog originalnih zamjenskih dijelova, dodatne opreme i potro\u0161nog materijala&#8221; document_type=&#8221;cat&#8221; file_picker=&#8221;24892&#8243; background_color=&#8221;electrolux-blue&#8221; background_hover_color=&#8221;lighter-hover&#8221; ca_document_number=&#8221;CAT19&#8243;][\/vc_column_inner][vc_column_inner width=&#8221;1\/4&#8243;][elx_download_block text=&#8221;Katalog kompleta rezervnih [&hellip;]<\/p>\n","protected":false},"author":149,"featured_media":1141,"parent":0,"menu_order":0,"comment_status":"closed","ping_status":"closed","template":"","meta":{"footnotes":""},"class_list":["post-119402","page","type-page","status-publish","has-post-thumbnail","hentry"],"acf":[],"yoast_head":"<!-- This site is optimized with the Yoast SEO plugin v23.3 - https:\/\/yoast.com\/wordpress\/plugins\/seo\/ -->\n<title>Dodatna oprema i potro\u0161ni materijal \u2013 SpeeDelight - Electrolux Professional Hrvatska<\/title>\n<meta name=\"description\" content=\"Discover our accessories and consumables for premium maintenance. Brush, spatula, scraper, rapid grease will keep your SpeeDelight snack grill in peak form.\" \/>\n<meta name=\"robots\" content=\"index, follow, max-snippet:-1, max-image-preview:large, max-video-preview:-1\" \/>\n<link rel=\"canonical\" href=\"https:\/\/www.electroluxprofessional.com\/hr\/dodatna-oprema-i-potrosni-materijal-speedelight\/\" \/>\n<meta property=\"og:locale\" content=\"hr_HR\" \/>\n<meta property=\"og:type\" content=\"article\" \/>\n<meta property=\"og:title\" content=\"Dodatna oprema i potro\u0161ni materijal \u2013 SpeeDelight - Electrolux Professional Hrvatska\" \/>\n<meta property=\"og:description\" content=\"Discover our accessories and consumables for premium maintenance. Brush, spatula, scraper, rapid grease will keep your SpeeDelight snack grill in peak form.\" \/>\n<meta property=\"og:url\" content=\"https:\/\/www.electroluxprofessional.com\/hr\/dodatna-oprema-i-potrosni-materijal-speedelight\/\" \/>\n<meta property=\"og:site_name\" content=\"Electrolux Professional Hrvatska\" \/>\n<meta property=\"article:modified_time\" content=\"2026-02-20T11:55:14+00:00\" \/>\n<meta property=\"og:image\" content=\"https:\/\/www.electroluxprofessional.com\/hr\/wp-content\/uploads\/2016\/12\/speedelight.jpg\" \/>\n\t<meta property=\"og:image:width\" content=\"700\" \/>\n\t<meta property=\"og:image:height\" content=\"700\" \/>\n\t<meta property=\"og:image:type\" content=\"image\/jpeg\" \/>\n<meta name=\"twitter:card\" content=\"summary_large_image\" \/>\n<meta name=\"twitter:label1\" content=\"Procijenjeno vrijeme \u010ditanja\" \/>\n\t<meta name=\"twitter:data1\" content=\"4 minute\" \/>\n<script type=\"application\/ld+json\" class=\"yoast-schema-graph\">{\"@context\":\"https:\/\/schema.org\",\"@graph\":[{\"@type\":\"WebPage\",\"@id\":\"https:\/\/www.electroluxprofessional.com\/hr\/dodatna-oprema-i-potrosni-materijal-speedelight\/\",\"url\":\"https:\/\/www.electroluxprofessional.com\/hr\/dodatna-oprema-i-potrosni-materijal-speedelight\/\",\"name\":\"Dodatna oprema i potro\u0161ni materijal \u2013 SpeeDelight - Electrolux Professional Hrvatska\",\"isPartOf\":{\"@id\":\"https:\/\/www.electroluxprofessional.com\/hr\/#website\"},\"primaryImageOfPage\":{\"@id\":\"https:\/\/www.electroluxprofessional.com\/hr\/dodatna-oprema-i-potrosni-materijal-speedelight\/#primaryimage\"},\"image\":{\"@id\":\"https:\/\/www.electroluxprofessional.com\/hr\/dodatna-oprema-i-potrosni-materijal-speedelight\/#primaryimage\"},\"thumbnailUrl\":\"https:\/\/www.electroluxprofessional.com\/hr\/wp-content\/uploads\/2016\/12\/speedelight.jpg\",\"datePublished\":\"2026-01-13T23:34:57+00:00\",\"dateModified\":\"2026-02-20T11:55:14+00:00\",\"description\":\"Discover our accessories and consumables for premium maintenance. Brush, spatula, scraper, rapid grease will keep your SpeeDelight snack grill in peak form.\",\"breadcrumb\":{\"@id\":\"https:\/\/www.electroluxprofessional.com\/hr\/dodatna-oprema-i-potrosni-materijal-speedelight\/#breadcrumb\"},\"inLanguage\":\"hr\",\"potentialAction\":[{\"@type\":\"ReadAction\",\"target\":[\"https:\/\/www.electroluxprofessional.com\/hr\/dodatna-oprema-i-potrosni-materijal-speedelight\/\"]}]},{\"@type\":\"ImageObject\",\"inLanguage\":\"hr\",\"@id\":\"https:\/\/www.electroluxprofessional.com\/hr\/dodatna-oprema-i-potrosni-materijal-speedelight\/#primaryimage\",\"url\":\"https:\/\/www.electroluxprofessional.com\/hr\/wp-content\/uploads\/2016\/12\/speedelight.jpg\",\"contentUrl\":\"https:\/\/www.electroluxprofessional.com\/hr\/wp-content\/uploads\/2016\/12\/speedelight.jpg\",\"width\":700,\"height\":700,\"caption\":\"SpeeDelight\"},{\"@type\":\"BreadcrumbList\",\"@id\":\"https:\/\/www.electroluxprofessional.com\/hr\/dodatna-oprema-i-potrosni-materijal-speedelight\/#breadcrumb\",\"itemListElement\":[{\"@type\":\"ListItem\",\"position\":1,\"name\":\"Po\u010detna stranica\",\"item\":\"https:\/\/www.electroluxprofessional.com\/hr\/\"},{\"@type\":\"ListItem\",\"position\":2,\"name\":\"Dodatna oprema i potro\u0161ni materijal \u2013 SpeeDelight\"}]},{\"@type\":\"WebSite\",\"@id\":\"https:\/\/www.electroluxprofessional.com\/hr\/#website\",\"url\":\"https:\/\/www.electroluxprofessional.com\/hr\/\",\"name\":\"Electrolux Professional Hrvatska\",\"description\":\"\",\"potentialAction\":[{\"@type\":\"SearchAction\",\"target\":{\"@type\":\"EntryPoint\",\"urlTemplate\":\"https:\/\/www.electroluxprofessional.com\/hr\/?src={search_term_string}\"},\"query-input\":\"required name=search_term_string\"}],\"inLanguage\":\"hr\"}]}<\/script>\n<!-- \/ Yoast SEO plugin. -->","yoast_head_json":{"title":"Dodatna oprema i potro\u0161ni materijal \u2013 SpeeDelight - Electrolux Professional Hrvatska","description":"Discover our accessories and consumables for premium maintenance. Brush, spatula, scraper, rapid grease will keep your SpeeDelight snack grill in peak form.","robots":{"index":"index","follow":"follow","max-snippet":"max-snippet:-1","max-image-preview":"max-image-preview:large","max-video-preview":"max-video-preview:-1"},"canonical":"https:\/\/www.electroluxprofessional.com\/hr\/dodatna-oprema-i-potrosni-materijal-speedelight\/","og_locale":"hr_HR","og_type":"article","og_title":"Dodatna oprema i potro\u0161ni materijal \u2013 SpeeDelight - Electrolux Professional Hrvatska","og_description":"Discover our accessories and consumables for premium maintenance. Brush, spatula, scraper, rapid grease will keep your SpeeDelight snack grill in peak form.","og_url":"https:\/\/www.electroluxprofessional.com\/hr\/dodatna-oprema-i-potrosni-materijal-speedelight\/","og_site_name":"Electrolux Professional Hrvatska","article_modified_time":"2026-02-20T11:55:14+00:00","og_image":[{"width":700,"height":700,"url":"https:\/\/www.electroluxprofessional.com\/hr\/wp-content\/uploads\/2016\/12\/speedelight.jpg","type":"image\/jpeg"}],"twitter_card":"summary_large_image","twitter_misc":{"Procijenjeno vrijeme \u010ditanja":"4 minute"},"schema":{"@context":"https:\/\/schema.org","@graph":[{"@type":"WebPage","@id":"https:\/\/www.electroluxprofessional.com\/hr\/dodatna-oprema-i-potrosni-materijal-speedelight\/","url":"https:\/\/www.electroluxprofessional.com\/hr\/dodatna-oprema-i-potrosni-materijal-speedelight\/","name":"Dodatna oprema i potro\u0161ni materijal \u2013 SpeeDelight - Electrolux Professional Hrvatska","isPartOf":{"@id":"https:\/\/www.electroluxprofessional.com\/hr\/#website"},"primaryImageOfPage":{"@id":"https:\/\/www.electroluxprofessional.com\/hr\/dodatna-oprema-i-potrosni-materijal-speedelight\/#primaryimage"},"image":{"@id":"https:\/\/www.electroluxprofessional.com\/hr\/dodatna-oprema-i-potrosni-materijal-speedelight\/#primaryimage"},"thumbnailUrl":"https:\/\/www.electroluxprofessional.com\/hr\/wp-content\/uploads\/2016\/12\/speedelight.jpg","datePublished":"2026-01-13T23:34:57+00:00","dateModified":"2026-02-20T11:55:14+00:00","description":"Discover our accessories and consumables for premium maintenance. Brush, spatula, scraper, rapid grease will keep your SpeeDelight snack grill in peak form.","breadcrumb":{"@id":"https:\/\/www.electroluxprofessional.com\/hr\/dodatna-oprema-i-potrosni-materijal-speedelight\/#breadcrumb"},"inLanguage":"hr","potentialAction":[{"@type":"ReadAction","target":["https:\/\/www.electroluxprofessional.com\/hr\/dodatna-oprema-i-potrosni-materijal-speedelight\/"]}]},{"@type":"ImageObject","inLanguage":"hr","@id":"https:\/\/www.electroluxprofessional.com\/hr\/dodatna-oprema-i-potrosni-materijal-speedelight\/#primaryimage","url":"https:\/\/www.electroluxprofessional.com\/hr\/wp-content\/uploads\/2016\/12\/speedelight.jpg","contentUrl":"https:\/\/www.electroluxprofessional.com\/hr\/wp-content\/uploads\/2016\/12\/speedelight.jpg","width":700,"height":700,"caption":"SpeeDelight"},{"@type":"BreadcrumbList","@id":"https:\/\/www.electroluxprofessional.com\/hr\/dodatna-oprema-i-potrosni-materijal-speedelight\/#breadcrumb","itemListElement":[{"@type":"ListItem","position":1,"name":"Po\u010detna stranica","item":"https:\/\/www.electroluxprofessional.com\/hr\/"},{"@type":"ListItem","position":2,"name":"Dodatna oprema i potro\u0161ni materijal \u2013 SpeeDelight"}]},{"@type":"WebSite","@id":"https:\/\/www.electroluxprofessional.com\/hr\/#website","url":"https:\/\/www.electroluxprofessional.com\/hr\/","name":"Electrolux Professional Hrvatska","description":"","potentialAction":[{"@type":"SearchAction","target":{"@type":"EntryPoint","urlTemplate":"https:\/\/www.electroluxprofessional.com\/hr\/?src={search_term_string}"},"query-input":"required name=search_term_string"}],"inLanguage":"hr"}]}},"_links":{"self":[{"href":"https:\/\/www.electroluxprofessional.com\/hr\/wp-json\/wp\/v2\/pages\/119402"}],"collection":[{"href":"https:\/\/www.electroluxprofessional.com\/hr\/wp-json\/wp\/v2\/pages"}],"about":[{"href":"https:\/\/www.electroluxprofessional.com\/hr\/wp-json\/wp\/v2\/types\/page"}],"author":[{"embeddable":true,"href":"https:\/\/www.electroluxprofessional.com\/hr\/wp-json\/wp\/v2\/users\/149"}],"replies":[{"embeddable":true,"href":"https:\/\/www.electroluxprofessional.com\/hr\/wp-json\/wp\/v2\/comments?post=119402"}],"version-history":[{"count":4,"href":"https:\/\/www.electroluxprofessional.com\/hr\/wp-json\/wp\/v2\/pages\/119402\/revisions"}],"predecessor-version":[{"id":119721,"href":"https:\/\/www.electroluxprofessional.com\/hr\/wp-json\/wp\/v2\/pages\/119402\/revisions\/119721"}],"wp:featuredmedia":[{"embeddable":true,"href":"https:\/\/www.electroluxprofessional.com\/hr\/wp-json\/wp\/v2\/media\/1141"}],"wp:attachment":[{"href":"https:\/\/www.electroluxprofessional.com\/hr\/wp-json\/wp\/v2\/media?parent=119402"}],"curies":[{"name":"wp","href":"https:\/\/api.w.org\/{rel}","templated":true}]}}