{"id":119386,"date":"2026-01-13T23:31:31","date_gmt":"2026-01-13T23:31:31","guid":{"rendered":"https:\/\/www.electroluxprofessional.com\/hr\/?page_id=119386"},"modified":"2026-02-20T12:08:09","modified_gmt":"2026-02-20T12:08:09","slug":"dodatna-oprema-i-potrosni-materijal-kuhanje-i-hladenje","status":"publish","type":"page","link":"https:\/\/www.electroluxprofessional.com\/hr\/dodatna-oprema-i-potrosni-materijal-kuhanje-i-hladenje\/","title":{"rendered":"Dodatna oprema i potro\u0161ni materijal \u2013 kuhanje i hla\u0111enje (Cook &#038; Chill)"},"content":{"rendered":"<p>[vc_row full_width=&#8221;electroluxpro-full-width-no-padding&#8221;][vc_column css=&#8221;.vc_custom_1618358802266{margin-top: -40px !important;border-top-width: -40px !important;padding-top: -40px !important;}&#8221;][elx_full_banner title=&#8221;Dodatna oprema i potro\u0161ni materijal za kuhanje i hla\u0111enje (Cook and Chill)&#8221; set_as_h1=&#8221;true&#8221; background_image_media_library=&#8221;117938&#8243; background_image_media_library_mobile=&#8221;117940&#8243; link=&#8221;url:%23contact|title:Saznajte%20vi\u0161e||&#8221;][vc_row_inner full_width=&#8221;electroluxpro-full-width&#8221; gap=&#8221;15&#8243;][vc_column_inner width=&#8221;1\/4&#8243;][elx_download_block text=&#8221;Katalog dodatne opreme za za\u0161titu, dezinfekciju i \u010di\u0161\u0107enje&#8221; document_type=&#8221;cat&#8221; file_picker=&#8221;24892&#8243; background_color=&#8221;electrolux-blue&#8221; background_hover_color=&#8221;lighter-hover&#8221; ca_document_number=&#8221;CAT10&#8243;][\/vc_column_inner][vc_column_inner width=&#8221;1\/4&#8243;][elx_download_block text=&#8221;Katalog originalnih zamjenskih dijelova, dodatne opreme i potro\u0161nog materijala&#8221; document_type=&#8221;cat&#8221; file_picker=&#8221;24892&#8243; background_color=&#8221;electrolux-blue&#8221; background_hover_color=&#8221;lighter-hover&#8221; ca_document_number=&#8221;CAT19&#8243;][\/vc_column_inner][vc_column_inner width=&#8221;1\/4&#8243;][elx_download_block text=&#8221;Katalog kompleta rezervnih dijelova&#8221; document_type=&#8221;cat&#8221; file_picker=&#8221;24892&#8243; background_color=&#8221;electrolux-blue&#8221; background_hover_color=&#8221;lighter-hover&#8221; ca_document_number=&#8221;CAT9&#8243;][\/vc_column_inner][vc_column_inner width=&#8221;1\/4&#8243;][elx_download_block text=&#8221;Vodi\u010d za odabir profesionalnih deterd\u017eenata za \u010di\u0161\u0107enje&#8221; file_picker=&#8221;47320&#8243; background_color=&#8221;electrolux-blue&#8221;][\/vc_column_inner][\/vc_row_inner][\/vc_column][\/vc_row][vc_row][vc_column][elx_menu][\/vc_column][\/vc_row][vc_row][vc_column][vc_empty_space][vc_column_text]<\/p>\n<h3>Iskoristite najbolje od linije SkyLine upotrebom na\u0161e originalne dodatne opreme i potro\u0161nog materijala.<\/h3>\n<p>[\/vc_column_text][vc_empty_space][\/vc_column][\/vc_row][vc_row][vc_column width=&#8221;1\/3&#8243;][vc_single_image image=&#8221;806&#8243; img_size=&#8221;full&#8221; css_animation=&#8221;none&#8221;][vc_empty_space height=&#8221;40px&#8221;][elx_heading font_size=&#8221;h5&#8243; text_color=&#8221;inherit&#8221;]Volcano smoker: dimilica[\/elx_heading][vc_column_text]Volcano smoker: dimilica savr\u0161en je dodatak za pripremu jela s aromom dima izravno u kombiniranoj pe\u0107nici uz upotrebu tradicionalnih metoda s komadi\u0107ima drva ili suhim za\u010dinima.[\/vc_column_text][vc_empty_space][vc_empty_space][\/vc_column][vc_column width=&#8221;1\/3&#8243;][vc_single_image image=&#8221;117933&#8243; img_size=&#8221;medium&#8221; css_animation=&#8221;none&#8221;][elx_heading font_size=&#8221;h5&#8243; text_color=&#8221;inherit&#8221;]Vakum ure\u0111aji[\/elx_heading][vc_column_text]Pribor za vakuumsko pakiranje neophodan je za sous-vide kuhanje i koristan je za \u010duvanje hrane za\u0161ti\u0107ene od \u0161tetnih utjecaja vlage i zraka.[\/vc_column_text][vc_empty_space][vc_empty_space][\/vc_column][vc_column width=&#8221;1\/3&#8243;][vc_single_image image=&#8221;117934&#8243; img_size=&#8221;full&#8221; css_animation=&#8221;none&#8221;][elx_heading font_size=&#8221;h5&#8243; text_color=&#8221;inherit&#8221;]Sous vide sonda[\/elx_heading][vc_column_text]Sous vide sonda osigurava da se tijekom sous vide kuhanja to\u010dno postigne prava temperatura. Posebnom dijagonalno rezanom iglom mo\u017eete izbje\u0107i pucanje vakuumskog zatvara\u010da.[\/vc_column_text][vc_empty_space][vc_empty_space][\/vc_column][\/vc_row][vc_row equal_height=&#8221;yes&#8221;][vc_column][vc_empty_space height=&#8221;60px&#8221;][\/vc_column][\/vc_row][vc_row][vc_column width=&#8221;1\/3&#8243;][vc_single_image image=&#8221;2732&#8243; img_size=&#8221;full&#8221; css_animation=&#8221;none&#8221;][elx_heading font_size=&#8221;h5&#8243; text_color=&#8221;inherit&#8221;]Re\u0161etke i posude[\/elx_heading][vc_column_text]\u0160irok raspon rje\u0161enja za kuhanje za jednostavno pro\u0161irenje va\u0161eg jelovnika pomo\u0107u kombinirane pe\u0107nice SkyLine od univerzalnih posuda, re\u0161etki za pe\u010denje, plo\u010da za pe\u010denje i jo\u0161 mnogo toga.[\/vc_column_text][vc_empty_space][vc_empty_space][\/vc_column][vc_column width=&#8221;1\/3&#8243;][vc_single_image image=&#8221;117935&#8243; img_size=&#8221;full&#8221; css_animation=&#8221;none&#8221;][elx_heading font_size=&#8221;h5&#8243; text_color=&#8221;inherit&#8221;]Sustav za pili\u0107e[\/elx_heading][vc_column_text]Kombinirajte namjenski ciklus kuhanja za hrskavu i so\u010dnu pe\u010denu piletinu s namjenskim priborom koji pobolj\u0161ava rukovanje i ergonomiju.[\/vc_column_text][vc_empty_space][vc_empty_space][\/vc_column][vc_column width=&#8221;1\/3&#8243;][vc_single_image image=&#8221;117936&#8243; img_size=&#8221;full&#8221; css_animation=&#8221;none&#8221;][elx_heading font_size=&#8221;h5&#8243; text_color=&#8221;inherit&#8221;]O\u010distite i isperite[\/elx_heading][vc_column_text]Na\u0161i deterd\u017eenti su u skladu s higijenskim i sigurnosnim standardima te su vrlo u\u010dinkoviti za opremu i performanse proizvoda.[\/vc_column_text][vc_empty_space][vc_empty_space][\/vc_column][\/vc_row][vc_row full_width=&#8221;electroluxpro-full-width-no-padding&#8221; disable_element=&#8221;yes&#8221;][vc_column][elx_image_block background_image=&#8221;117932&#8243; minimum_height=&#8221;400px&#8221;][\/vc_column][\/vc_row][vc_row full_width=&#8221;electroluxpro-full-width-no-padding&#8221;][vc_column][elx_full_banner title=&#8221;Otkrijte vi\u0161e&#8221; link=&#8221;url:https%3A%2F%2Fwww.electroluxprofessional.com%2Fhr%2F%2Fskyline-oven-detergents%2F|title:Deterd\u017eenti za%20pe\u0107nice%20SkyLine&#8221; background_image_media_library=&#8221;117939&#8243; background_image_media_library_mobile=&#8221;41958&#8243;][\/vc_column][\/vc_row][vc_row][vc_column width=&#8221;1\/2&#8243;][vc_empty_space][elx_simple_link_block link=&#8221;url:https%3A%2F%2Fwww.electroluxprofessional.com%2Fhr%2F%2Fcommercial-kitchen-equipment%2Fcook-and-chill%2F|title:cook%20and%20chill||&#8221; text_align=&#8221;text-left&#8221; text_color=&#8221;inherit&#8221; background_color=&#8221;inherit&#8221; background_hover_color=&#8221;darker-hover&#8221; extra_class=&#8221;&#8221; reveal_effect=&#8221;&#8221; reveal_duration=&#8221;&#8221; reveal_delay=&#8221;&#8221;][elx_heading text_color=&#8221;inherit&#8221; text_align=&#8221;text-left&#8221;]Integrirano rje\u0161enje Cook and Chill[\/elx_heading][vc_column_text]Dulji vijek trajanja i vrhunska u\u010dinkovitost pe\u0107nica SkyLine samo uz kemijska sredstva Electrolux Professional bez fosfata. Postignite jedinstvenu fleksibilnost \u010di\u0161\u0107enja uz dvije razli\u010dite vrste kemijskih sredstava:<\/p>\n<ul>\n<li><strong>\u010dvrsta <\/strong>za intenzivno \u010di\u0161\u0107enje<\/li>\n<li><strong>teku\u0107a<\/strong> za najve\u0107u fleksibilnost.<\/li>\n<\/ul>\n<p>Unaprijed isplanirajte postupak \u010di\u0161\u0107enja kombinirane pe\u0107nice SkyLine u skladu sa svojim potrebama i upravljajte njime na daljinu. \u010ci\u0161\u0107enje koje se mo\u017ee programirati dopu\u0161ta vam da izaberete najbolje vrijeme za po\u010detak \u010di\u0161\u0107enja. Postupak prisilnog \u010di\u0161\u0107enja s lozinkom osigurava da se planirano odr\u017eavanje uvijek provede.<\/p>\n<p>*<em>Do 15\u00a0% manji tro\u0161kovi rada: u\u0161tede na tro\u0161kovima struje, vode, deterd\u017eenta i sjajila za ispiranje izra\u010dunane su usporedbom rada uz funkciju SkyClean i ekvivalentnog ciklusa \u010di\u0161\u0107enja u prethodnoj Electrolux Professional liniji pe\u0107nica.<\/em>[\/vc_column_text][\/elx_simple_link_block][\/vc_column][vc_column width=&#8221;1\/2&#8243;][vc_empty_space][vc_single_image image=&#8221;117937&#8243; img_size=&#8221;full&#8221;][\/vc_column][\/vc_row][vc_row el_id=&#8221;contact&#8221;][vc_column][vc_empty_space][elx_heading font_container=&#8221;h3&#8243; text_color=&#8221;inherit&#8221;]Otkrijte kako personalizirati svoj sustav za kuhanje i hla\u0111enje[\/elx_heading][elx_o2000_contact_us s=&#8221;Zahtjev za informacije o dodatnoj opremi i potro\u0161nome materijalu za kuhanje i hla\u0111enje&#8221; container=&#8221;elxcontactus1484302025&#8243; r=&#8221;\u017delim saznati vi\u0161e o dodatnoj opremi i potro\u0161nome materijalu za kuhanje i hla\u0111enje. Molim da me kontaktirate.&#8221;][\/vc_column][\/vc_row]<\/p>\n","protected":false},"excerpt":{"rendered":"<p>[vc_row full_width=&#8221;electroluxpro-full-width-no-padding&#8221;][vc_column css=&#8221;.vc_custom_1618358802266{margin-top: -40px !important;border-top-width: -40px !important;padding-top: -40px !important;}&#8221;][elx_full_banner title=&#8221;Dodatna oprema i potro\u0161ni materijal za kuhanje i hla\u0111enje (Cook and Chill)&#8221; set_as_h1=&#8221;true&#8221; background_image_media_library=&#8221;117938&#8243; background_image_media_library_mobile=&#8221;117940&#8243; link=&#8221;url:%23contact|title:Saznajte%20vi\u0161e||&#8221;][vc_row_inner full_width=&#8221;electroluxpro-full-width&#8221; gap=&#8221;15&#8243;][vc_column_inner width=&#8221;1\/4&#8243;][elx_download_block text=&#8221;Katalog dodatne opreme za za\u0161titu, dezinfekciju i \u010di\u0161\u0107enje&#8221; document_type=&#8221;cat&#8221; file_picker=&#8221;24892&#8243; background_color=&#8221;electrolux-blue&#8221; background_hover_color=&#8221;lighter-hover&#8221; ca_document_number=&#8221;CAT10&#8243;][\/vc_column_inner][vc_column_inner width=&#8221;1\/4&#8243;][elx_download_block text=&#8221;Katalog originalnih zamjenskih dijelova, dodatne opreme i potro\u0161nog materijala&#8221; document_type=&#8221;cat&#8221; file_picker=&#8221;24892&#8243; background_color=&#8221;electrolux-blue&#8221; background_hover_color=&#8221;lighter-hover&#8221; [&hellip;]<\/p>\n","protected":false},"author":149,"featured_media":0,"parent":0,"menu_order":0,"comment_status":"closed","ping_status":"closed","template":"","meta":{"footnotes":""},"class_list":["post-119386","page","type-page","status-publish","hentry"],"acf":[],"yoast_head":"<!-- This site is optimized with the Yoast SEO plugin v23.3 - https:\/\/yoast.com\/wordpress\/plugins\/seo\/ -->\n<title>Dodatna oprema i potro\u0161ni materijal \u2013 kuhanje i hla\u0111enje (Cook &amp; Chill) - Electrolux Professional Hrvatska<\/title>\n<meta name=\"description\" content=\"Get the best results out of your SkyLine. Cook&amp;Chill. Discover our accessories and consumables: grids, trays, vacuum packers, volcano smokers and more.\" \/>\n<meta name=\"robots\" content=\"index, follow, max-snippet:-1, max-image-preview:large, max-video-preview:-1\" \/>\n<link rel=\"canonical\" href=\"https:\/\/www.electroluxprofessional.com\/hr\/dodatna-oprema-i-potrosni-materijal-kuhanje-i-hladenje\/\" \/>\n<meta property=\"og:locale\" content=\"hr_HR\" \/>\n<meta property=\"og:type\" content=\"article\" \/>\n<meta property=\"og:title\" content=\"Dodatna oprema i potro\u0161ni materijal \u2013 kuhanje i hla\u0111enje (Cook &amp; Chill) - Electrolux Professional Hrvatska\" \/>\n<meta property=\"og:description\" content=\"Get the best results out of your SkyLine. Cook&amp;Chill. Discover our accessories and consumables: grids, trays, vacuum packers, volcano smokers and more.\" \/>\n<meta property=\"og:url\" content=\"https:\/\/www.electroluxprofessional.com\/hr\/dodatna-oprema-i-potrosni-materijal-kuhanje-i-hladenje\/\" \/>\n<meta property=\"og:site_name\" content=\"Electrolux Professional Hrvatska\" \/>\n<meta property=\"article:modified_time\" content=\"2026-02-20T12:08:09+00:00\" \/>\n<meta name=\"twitter:card\" content=\"summary_large_image\" \/>\n<meta name=\"twitter:label1\" content=\"Procijenjeno vrijeme \u010ditanja\" \/>\n\t<meta name=\"twitter:data1\" content=\"3 minute\" \/>\n<script type=\"application\/ld+json\" class=\"yoast-schema-graph\">{\"@context\":\"https:\/\/schema.org\",\"@graph\":[{\"@type\":\"WebPage\",\"@id\":\"https:\/\/www.electroluxprofessional.com\/hr\/dodatna-oprema-i-potrosni-materijal-kuhanje-i-hladenje\/\",\"url\":\"https:\/\/www.electroluxprofessional.com\/hr\/dodatna-oprema-i-potrosni-materijal-kuhanje-i-hladenje\/\",\"name\":\"Dodatna oprema i potro\u0161ni materijal \u2013 kuhanje i hla\u0111enje (Cook & Chill) - Electrolux Professional Hrvatska\",\"isPartOf\":{\"@id\":\"https:\/\/www.electroluxprofessional.com\/hr\/#website\"},\"datePublished\":\"2026-01-13T23:31:31+00:00\",\"dateModified\":\"2026-02-20T12:08:09+00:00\",\"description\":\"Get the best results out of your SkyLine. Cook&Chill. Discover our accessories and consumables: grids, trays, vacuum packers, volcano smokers and more.\",\"breadcrumb\":{\"@id\":\"https:\/\/www.electroluxprofessional.com\/hr\/dodatna-oprema-i-potrosni-materijal-kuhanje-i-hladenje\/#breadcrumb\"},\"inLanguage\":\"hr\",\"potentialAction\":[{\"@type\":\"ReadAction\",\"target\":[\"https:\/\/www.electroluxprofessional.com\/hr\/dodatna-oprema-i-potrosni-materijal-kuhanje-i-hladenje\/\"]}]},{\"@type\":\"BreadcrumbList\",\"@id\":\"https:\/\/www.electroluxprofessional.com\/hr\/dodatna-oprema-i-potrosni-materijal-kuhanje-i-hladenje\/#breadcrumb\",\"itemListElement\":[{\"@type\":\"ListItem\",\"position\":1,\"name\":\"Po\u010detna stranica\",\"item\":\"https:\/\/www.electroluxprofessional.com\/hr\/\"},{\"@type\":\"ListItem\",\"position\":2,\"name\":\"Dodatna oprema i potro\u0161ni materijal \u2013 kuhanje i hla\u0111enje (Cook &#038; Chill)\"}]},{\"@type\":\"WebSite\",\"@id\":\"https:\/\/www.electroluxprofessional.com\/hr\/#website\",\"url\":\"https:\/\/www.electroluxprofessional.com\/hr\/\",\"name\":\"Electrolux Professional Hrvatska\",\"description\":\"\",\"potentialAction\":[{\"@type\":\"SearchAction\",\"target\":{\"@type\":\"EntryPoint\",\"urlTemplate\":\"https:\/\/www.electroluxprofessional.com\/hr\/?src={search_term_string}\"},\"query-input\":\"required name=search_term_string\"}],\"inLanguage\":\"hr\"}]}<\/script>\n<!-- \/ Yoast SEO plugin. -->","yoast_head_json":{"title":"Dodatna oprema i potro\u0161ni materijal \u2013 kuhanje i hla\u0111enje (Cook & Chill) - Electrolux Professional Hrvatska","description":"Get the best results out of your SkyLine. Cook&Chill. Discover our accessories and consumables: grids, trays, vacuum packers, volcano smokers and more.","robots":{"index":"index","follow":"follow","max-snippet":"max-snippet:-1","max-image-preview":"max-image-preview:large","max-video-preview":"max-video-preview:-1"},"canonical":"https:\/\/www.electroluxprofessional.com\/hr\/dodatna-oprema-i-potrosni-materijal-kuhanje-i-hladenje\/","og_locale":"hr_HR","og_type":"article","og_title":"Dodatna oprema i potro\u0161ni materijal \u2013 kuhanje i hla\u0111enje (Cook & Chill) - Electrolux Professional Hrvatska","og_description":"Get the best results out of your SkyLine. Cook&Chill. Discover our accessories and consumables: grids, trays, vacuum packers, volcano smokers and more.","og_url":"https:\/\/www.electroluxprofessional.com\/hr\/dodatna-oprema-i-potrosni-materijal-kuhanje-i-hladenje\/","og_site_name":"Electrolux Professional Hrvatska","article_modified_time":"2026-02-20T12:08:09+00:00","twitter_card":"summary_large_image","twitter_misc":{"Procijenjeno vrijeme \u010ditanja":"3 minute"},"schema":{"@context":"https:\/\/schema.org","@graph":[{"@type":"WebPage","@id":"https:\/\/www.electroluxprofessional.com\/hr\/dodatna-oprema-i-potrosni-materijal-kuhanje-i-hladenje\/","url":"https:\/\/www.electroluxprofessional.com\/hr\/dodatna-oprema-i-potrosni-materijal-kuhanje-i-hladenje\/","name":"Dodatna oprema i potro\u0161ni materijal \u2013 kuhanje i hla\u0111enje (Cook & Chill) - Electrolux Professional Hrvatska","isPartOf":{"@id":"https:\/\/www.electroluxprofessional.com\/hr\/#website"},"datePublished":"2026-01-13T23:31:31+00:00","dateModified":"2026-02-20T12:08:09+00:00","description":"Get the best results out of your SkyLine. Cook&Chill. Discover our accessories and consumables: grids, trays, vacuum packers, volcano smokers and more.","breadcrumb":{"@id":"https:\/\/www.electroluxprofessional.com\/hr\/dodatna-oprema-i-potrosni-materijal-kuhanje-i-hladenje\/#breadcrumb"},"inLanguage":"hr","potentialAction":[{"@type":"ReadAction","target":["https:\/\/www.electroluxprofessional.com\/hr\/dodatna-oprema-i-potrosni-materijal-kuhanje-i-hladenje\/"]}]},{"@type":"BreadcrumbList","@id":"https:\/\/www.electroluxprofessional.com\/hr\/dodatna-oprema-i-potrosni-materijal-kuhanje-i-hladenje\/#breadcrumb","itemListElement":[{"@type":"ListItem","position":1,"name":"Po\u010detna stranica","item":"https:\/\/www.electroluxprofessional.com\/hr\/"},{"@type":"ListItem","position":2,"name":"Dodatna oprema i potro\u0161ni materijal \u2013 kuhanje i hla\u0111enje (Cook &#038; Chill)"}]},{"@type":"WebSite","@id":"https:\/\/www.electroluxprofessional.com\/hr\/#website","url":"https:\/\/www.electroluxprofessional.com\/hr\/","name":"Electrolux Professional Hrvatska","description":"","potentialAction":[{"@type":"SearchAction","target":{"@type":"EntryPoint","urlTemplate":"https:\/\/www.electroluxprofessional.com\/hr\/?src={search_term_string}"},"query-input":"required name=search_term_string"}],"inLanguage":"hr"}]}},"_links":{"self":[{"href":"https:\/\/www.electroluxprofessional.com\/hr\/wp-json\/wp\/v2\/pages\/119386"}],"collection":[{"href":"https:\/\/www.electroluxprofessional.com\/hr\/wp-json\/wp\/v2\/pages"}],"about":[{"href":"https:\/\/www.electroluxprofessional.com\/hr\/wp-json\/wp\/v2\/types\/page"}],"author":[{"embeddable":true,"href":"https:\/\/www.electroluxprofessional.com\/hr\/wp-json\/wp\/v2\/users\/149"}],"replies":[{"embeddable":true,"href":"https:\/\/www.electroluxprofessional.com\/hr\/wp-json\/wp\/v2\/comments?post=119386"}],"version-history":[{"count":6,"href":"https:\/\/www.electroluxprofessional.com\/hr\/wp-json\/wp\/v2\/pages\/119386\/revisions"}],"predecessor-version":[{"id":119725,"href":"https:\/\/www.electroluxprofessional.com\/hr\/wp-json\/wp\/v2\/pages\/119386\/revisions\/119725"}],"wp:attachment":[{"href":"https:\/\/www.electroluxprofessional.com\/hr\/wp-json\/wp\/v2\/media?parent=119386"}],"curies":[{"name":"wp","href":"https:\/\/api.w.org\/{rel}","templated":true}]}}