{"id":119143,"date":"2025-11-25T00:00:11","date_gmt":"2025-11-25T00:00:11","guid":{"rendered":"https:\/\/www.electroluxprofessional.com\/hr\/?page_id=119143"},"modified":"2025-11-26T04:22:17","modified_gmt":"2025-11-26T04:22:17","slug":"flexy-style","status":"publish","type":"page","link":"https:\/\/www.electroluxprofessional.com\/hr\/flexy-style\/","title":{"rendered":"Flexy Style"},"content":{"rendered":"<p>[vc_row full_width=&#8221;electroluxpro-full-width-no-padding&#8221;][vc_column][vc_single_image image=&#8221;119131&#8243; img_size=&#8221;full&#8221;][vc_empty_space][\/vc_column][\/vc_row][vc_row][vc_column][vc_empty_space][elx_text_image style_image=&#8221;image_square&#8221; button_style=&#8221;secondary-bordered&#8221; columns_proportion=&#8221;three_fifth&#8221; bg_row=&#8221;bg-download-white&#8221; lists=&#8221;%5B%7B%7D%5D&#8221; values=&#8221;%5B%7B%7D%5D&#8221; single_image=&#8221;119132&#8243; n_logos=&#8221;119138,119139&#8243;]<\/p>\n<h1>Flexy Style &amp; Style<sup>JR<\/sup>\u00a0zadovoljavaju va\u0161e potrebe i odgovaraju va\u0161em ukusu<\/h1>\n<p><span style=\"font-weight: 400;\">Objedovanje u restoranu nije samo vrijeme za opu\u0161tanje, ve\u0107 i pravi do\u017eivljaj. Zadovoljite sve \u017eelje svojih gostiju s naglaskom na novim gastronomskim trendovima i odr\u017eivosti bez kompromisa na stilu i dizajnu. Iskoristite na\u0161 program za planiranje i osmislite savr\u0161en dizajn kako biste privukli posjetitelje. <\/span><\/p>\n<p><b>Flexy Style prvo je rje\u0161enje s kvarcnom povr\u0161inom za koje nije potrebno ulo\u017eiti vrijeme prije dizajniranja. <\/b><span style=\"font-weight: 400;\">Odaberite me\u0111u <\/span><b>vi\u0161e od 30.000 kombinacija<\/b><span style=\"font-weight: 400;\">, sve \u0161to vam treba spremno je za vas!<\/span>[\/elx_text_image][elx_o2000_contact_us form_alignment=&#8221;left&#8221; button_mode=&#8221;true&#8221; button_style=&#8221;secondary-bordered&#8221; postion_button=&#8221;text-left&#8221; postion_button_mobile=&#8221;text-left-mobile&#8221; text_btn_contact=&#8221;obratite nam se&#8221;][vc_empty_space][\/vc_column][\/vc_row][vc_row custom_color_row=&#8221;bg-row-light-blue&#8221;][vc_column][elx_features_download title=&#8221;&#8221; tag_title=&#8221;h2&#8243; class_title=&#8221;h4&#8243; title_discover=&#8221;Discover also&#8221; bg_discover_color=&#8221;bg-download-white&#8221; link_discover_color=&#8221;download-text-blue&#8221; bg_row=&#8221;bg-row-light-blue&#8221; values=&#8221;%5B%7B%22select_type%22%3A%22link%22%2C%22link_download%22%3A%22url%3Ahttps%253A%252F%252Fwww.electroluxprofessional.com%252Fwp-content%252Fuploads%252F2021%252F11%252FEPR-Servery-Flexy-Style-Brochure-ENG-LR.pdf%7Ctitle%3AFlexy%2520Style%2520brochure%7Ctarget%3A_blank%22%2C%22label_pride_document%22%3A%22Download%20the%20Flexy%20Style%20Brochure%22%2C%22document_type%22%3A%22leaflets%22%7D%5D&#8221; discover=&#8221;%5B%7B%22link_discover%22%3A%22url%3Ahttps%253A%252F%252Fwww.electroluxprofessional.com%252Fhr%252Fflexy-compact%252F%7Ctitle%3AFlexy%2520Compact%7Ctarget%3A_blank%22%7D%2C%7B%22link_discover%22%3A%22url%3Ahttps%253A%252F%252Fwww.electroluxprofessional.com%252Fhr%252Fflexy-drop-in%252F%7Ctitle%3AFlexy%2520Drop-in%7Ctarget%3A_blank%22%7D%5D&#8221; features=&#8221;%5B%7B%22tag_icon_title%22%3A%22h4%22%7D%5D&#8221;]<\/p>\n<h2><b>Istra\u017eite sve mogu\u0107nosti<\/b><\/h2>\n<p><span style=\"font-weight: 400;\">Electrolux Professional osmislio je \u0161irok raspon mogu\u0107nosti koje \u0107e odgovarati razli\u010ditim<\/span><span style=\"font-weight: 400;\"> kupcima. Flexy Style uklju\u010duje rje\u0161enja gdje zaposlenik poslu\u017euje goste, rje\u0161enja koja se postavljaju uza zid i oto\u010dna rje\u0161enja, a svako dolazi uz brojne mogu\u0107nosti.<\/span>[\/elx_features_download][\/vc_column][\/vc_row][vc_row][vc_column][vc_empty_space height=&#8221;45px&#8221;][elx_text_image style_image=&#8221;image_vertical&#8221; button_style=&#8221;secondary-bordered&#8221; bg_row=&#8221;bg-download-white&#8221; lists=&#8221;%5B%7B%22icon_electroluxpro%22%3A%20%22elx-icon%20icon-circle-checkmark-blue%22%2C%22title_list%22%3A%20%22Vrhunski%20dizajn%20za%20luksuzno%20iskustvo%22%2C%22text_list%22%3A%20%22Rje%26scaron%3Benje%20za%20poslu%C5%BEivanje%20hrane%20jedinstvenog%20dizajna%2C%20koje%20odlikuju%20jednostavan%20luksuz%20i%20funkcionalna%20udobnost%2C%20a%20hrana%20i%20pi%C4%87e%20savr%26scaron%3Beno%20su%20izlo%C5%BEeni%20i%20u%20skladu%20s%20okolinom.%22%7D%2C%7B%22icon_electroluxpro%22%3A%20%22elx-icon%20icon-circle-checkmark-blue%22%2C%22title_list%22%3A%20%22Najbolje%20za%20va%26scaron%3Be%20poslovanje%22%2C%22text_list%22%3A%20%22Savr%26scaron%3Beno%20za%20luksuzne%20%3Cb%3Ehotele%2C%20kruzere%3C%2Fb%3E%2C%20%3Cb%3Eprostore%20za%20%C4%8Dekanje%20i%20okupljanje-%20foajee%3C%2Fb%3E%20koji%20nude%20hranu%20%28kao%20%26scaron%3Bto%20su%20zra%C4%8Dne%20luke%20i%20stadioni%29.%22%7D%2C%7B%22icon_electroluxpro%22%3A%20%22elx-icon%20icon-circle-checkmark-blue%22%2C%22title_list%22%3A%20%22Elegantan%20kvarc%22%2C%22text_list%22%3A%20%22Povr%26scaron%3Bine%20od%20kvarca%20nisu%20samo%20moderne%2C%20izdr%C5%BEljive%20i%20jednostavne%20za%20%C4%8Di%26scaron%3B%C4%87enje%2C%20ve%C4%87%20su%20i%20potpuno%20higijenske%20jer%20nisu%20porozne%2C%20%26scaron%3Bto%20zna%C4%8Di%20da%20nisu%20pogodne%20za%20razvoj%20bakterija%20i%20virusa.%22%7D%5D&#8221; values=&#8221;%5B%7B%7D%5D&#8221; single_image=&#8221;119133&#8243;]<\/p>\n<h2><b>Znanje i iskustvo u dizajniranju<\/b><\/h2>\n<p><span style=\"font-weight: 400;\">Elegantan moderan dizajn i jednostavna funkcionalnost uklju\u010duju minimalisti\u010dke linije i savr\u0161enu zavr\u0161nu obradu koji isti\u010du prekrasan izgled namirnica i jela. Uz liniju Flexy Style poslu\u017eivanje se vi\u0161e ne mo\u017ee nazvati \u201eobi\u010dnim\u201d.<\/span>[\/elx_text_image][\/vc_column][\/vc_row][vc_row][vc_column][elx_multiple_columns number_columns=&#8221;4&#8243; bg_row=&#8221;bg-download-white&#8221; title=&#8221;Elegantna jednostavnost, optimalna funkcionalnost&#8221; values=&#8221;%5B%7B%22image_section%22%3A%20%22119140%22%2C%22title_section%22%3A%20%22Savr%26scaron%3Beno%20poravnano%20s%20radnom%20plohom%22%2C%22text_section%22%3A%20%22Flexy%20Drop-in%20%28ugradbene%29%20funkcije%20savr%26scaron%3Beno%20su%20poravnane%20s%20kvarcnom%20povr%26scaron%3Binom.%20Nisu%20samo%20ugodne%20oku%2C%20ve%C4%87%20se%20lako%20%C4%8Diste%20i%20omogu%C4%87avaju%20savr%26scaron%3Benu%20higijenu.%22%2C%22button_style%22%3A%20%22sekundarno-obrubljeno%22%7D%2C%7B%22image_section%22%3A%20%22119141%22%2C%22title_section%22%3A%20%22Ugodno%20osvjetljenje%22%2C%22text_section%22%3A%20%22Svjetla%20su%20klju%C4%8Dna%20ne%20samo%20za%20dizajn%20i%20izgled%2C%20ve%C4%87%20i%20za%20optimalnu%20vidljivost%20jela%20i%20namirnica.%22%2C%22button_style%22%3A%20%22sekundarno-obrubljeno%22%7D%2C%7B%22image_section%22%3A%20%22119142%22%2C%22title_section%22%3A%20%22Optimalna%20nadgradnja%22%2C%22text_section%22%3A%20%22Linearno%2C%20minimalno%2C%20bez%20kop%C4%8Di%20i%20dijelova%20koji%20se%20preklapaju%2C%20samo%20staklo%20i%20nehr%C4%91aju%C4%87i%20%C4%8Delik.%20Izvrstan%20dizajn%20u%20kombinaciji%20s%20najvi%26scaron%3Bim%20higijenskim%20standardima.%22%2C%22button_style%22%3A%20%22sekundarno-obrubljeno%22%7D%5D&#8221;][\/elx_multiple_columns][\/vc_column][\/vc_row][vc_row][vc_column][vc_empty_space][elx_text_image style_image=&#8221;image_square&#8221; button_style=&#8221;secondary-bordered&#8221; bg_row=&#8221;bg-download-white&#8221; lists=&#8221;%5B%7B%22icon_electroluxpro%22%3A%20%22elx-icon%20icon-circle-checkmark-blue%22%2C%22title_list%22%3A%20%22Nako%26scaron%3Bene%20police%22%2C%22text_list%22%3A%20%22Zajedno%20s%20policama%20na%20vi%26scaron%3Be%20razina%20omogu%C4%87uje%20savr%26scaron%3Benu%20preglednost.%22%7D%2C%7B%22icon_electroluxpro%22%3A%20%22elx-icon%20icon-circle-checkmark-blue%22%2C%22title_list%22%3A%20%22LED%20svjetla%22%2C%22text_list%22%3A%20%22Za%20bolje%20osvjetljenje%20i%20istaknute%20boje%20kako%20bi%20jela%20izgledala%20ukusnije%20i%20primamljivije.%22%7D%2C%7B%22icon_electroluxpro%22%3A%20%22elx-icon%20icon-circle-checkmark-blue%22%2C%22title_list%22%3A%20%22Jednostavan%2C%20linearni%20dizajn%22%2C%22text_list%22%3A%20%22Minimalisti%C4%8Dke%20linije%20omogu%C4%87uju%20izvrsnu%20preglednost%20i%20lako%20%C4%8Di%26scaron%3B%C4%87enje.%22%7D%5D&#8221; values=&#8221;%5B%7B%7D%5D&#8221; single_image=&#8221;119134&#8243;]<\/p>\n<h2><b>Izvrsna preglednost<\/b><\/h2>\n<p><span style=\"font-weight: 400;\">Dizajnerska rje\u0161enja koja ne odra\u017eavaju samo dobar izgled, ve\u0107 i\u00a0<\/span><span style=\"font-weight: 400;\">funkcionalnost prostora s obzirom na <\/span><b>preglednost jela te higijenu i lako\u0107u \u010di\u0161\u0107enja<\/b><span style=\"font-weight: 400;\">.<\/span>[\/elx_text_image][\/vc_column][\/vc_row][vc_row disable_element=&#8221;yes&#8221;][vc_column][vc_empty_space][vc_tta_tabs][vc_tta_section title=&#8221;\u010ciste povr\u0161ine&#8221; tab_id=&#8221;1737724141327-9a88b684-3962&#8243;][vc_empty_space height=&#8221;45px&#8221;][elx_text_image style_image=&#8221;image_square&#8221; bg_row=&#8221;bg-download-white&#8221; lists=&#8221;%5B%7B%7D%5D&#8221; single_image=&#8221;119135&#8243; values=&#8221;%5B%7B%7D%5D&#8221;]<\/p>\n<h3><b>\u010ciste povr\u0161ine, zadovoljni gosti<\/b><\/h3>\n<p><span style=\"font-weight: 400;\">Drop-in (ugradbene) funkcije savr\u0161eno su poravnane s kvarcnom povr\u0161inom, ostatci hrane ne mogu se zaglaviti u procjepima, \u010di\u0161\u0107enje je jednostavnije, a higijena zajam\u010dena.<\/span>[\/elx_text_image][\/vc_tta_section][vc_tta_section title=&#8221;Bez kop\u010di&#8221; tab_id=&#8221;1737724547246-1789fb6f-8015&#8243;][vc_empty_space height=&#8221;45px&#8221;][elx_text_image style_image=&#8221;image_square&#8221; bg_row=&#8221;bg-download-white&#8221; lists=&#8221;%5B%7B%7D%5D&#8221; single_image=&#8221;119136&#8243; values=&#8221;%5B%7B%7D%5D&#8221;]<\/p>\n<h3><b>Bez kop\u010di<\/b><\/h3>\n<p><span style=\"font-weight: 400;\">Nadgradnja ne uklju\u010duje kop\u010de ili dijelove koji se preklapaju, \u0161to \u010di\u0161\u0107enje \u010dini jednostavnijim.<\/span>[\/elx_text_image][\/vc_tta_section][vc_tta_section title=&#8221;Jednostavno \u010di\u0161\u0107enje&#8221; tab_id=&#8221;1737724545794-b7b25fd3-063a&#8221;][vc_empty_space height=&#8221;45px&#8221;][elx_text_image style_image=&#8221;image_square&#8221; bg_row=&#8221;bg-download-white&#8221; lists=&#8221;%5B%7B%7D%5D&#8221; single_image=&#8221;119137&#8243; values=&#8221;%5B%7B%7D%5D&#8221;]<\/p>\n<h3><b>Jednostavno \u010di\u0161\u0107enje<\/b><\/h3>\n<p><span style=\"font-weight: 400;\">Linije kliza\u010da za tacne izra\u0111ene su od \u010delika, lako se \u010diste i sanitiziraju, bez zaostalih ostataka hrane.<\/span>[\/elx_text_image][\/vc_tta_section][\/vc_tta_tabs][vc_empty_space][\/vc_column][\/vc_row][vc_row][vc_column][vc_empty_space][elx_multiple_columns number_columns=&#8221;4&#8243; bg_row=&#8221;bg-download-white&#8221; title=&#8221;\u010ciste povr\u0161ine, zadovoljni gosti&#8221; values=&#8221;%5B%7B%22image_section%22%3A%20%22119135%22%2C%22title_section%22%3A%20%22Jednostavno%20%C4%8Di%26scaron%3B%C4%87enje%22%2C%22text_section%22%3A%20%22Drop-in%20%28ugradbene%29%20funkcije%20savr%26scaron%3Beno%20su%20poravnane%20s%20kvarcnom%20povr%26scaron%3Binom%2C%20ostatci%20hrane%20ne%20mogu%20se%20zaglaviti%20u%20procjepima%2C%20%C4%8Di%26scaron%3B%C4%87enje%20je%20jednostavnije%2C%20a%20higijena%20zajam%C4%8Dena.%22%2C%22button_style%22%3A%20%22sekundarno%22%7D%2C%7B%22image_section%22%3A%20%22119136%22%2C%22title_section%22%3A%20%22Bez%20kop%C4%8Di%22%2C%22text_section%22%3A%20%22Nadgradnja%20ne%20uklju%C4%8Duje%20kop%C4%8De%20ili%20dijelove%20koji%20se%20preklapaju%2C%20%26scaron%3Bto%20%C4%8Di%26scaron%3B%C4%87enje%20%C4%8Dini%20jednostavnijim.%22%2C%22button_style%22%3A%20%22sekundarno%22%7D%2C%7B%22image_section%22%3A%20%22119137%22%2C%22title_section%22%3A%20%22Sanitizacija%22%2C%22text_section%22%3A%20%22Linije%20kliza%C4%8Da%20za%20tacne%20izra%C4%91ene%20su%20od%20%C4%8Delika%2C%20lako%20se%20%C4%8Diste%20i%20sanitiziraju%2C%20bez%20zaostalih%20ostataka%20hrane.%22%2C%22button_style%22%3A%20%22sekundarno%22%7D%5D&#8221;][\/elx_multiple_columns][vc_empty_space][\/vc_column][\/vc_row][vc_row][vc_column][elx_text_image style_image=&#8221;image_horizontal&#8221; button_style=&#8221;secondary-bordered&#8221; columns_proportion=&#8221;three_fifth&#8221; bg_row=&#8221;bg-download-white&#8221; lists=&#8221;%5B%7B%7D%5D&#8221; values=&#8221;%5B%7B%7D%5D&#8221; single_image=&#8221;119117&#8243;]<\/p>\n<h2><b>Flexy Style u skladu s VA\u0160IM stilom<\/b><\/h2>\n<p><span style=\"font-weight: 400;\">U potpunosti prilago\u0111eno. Koji god bio va\u0161 stil, va\u0161e \u0107emo ideje pretvoriti u stvarnost. Obratite se svojem projektantu i po\u0161aljite nam svoj dizajn kako bismo izradili rje\u0161enje prilago\u0111eno vama i va\u0161em poslovanju.<\/span>[\/elx_text_image][vc_empty_space][\/vc_column][\/vc_row][vc_row][vc_column][elx_text_image style_image=&#8221;image_square&#8221; title_position=&#8221;top&#8221; button_style=&#8221;secondary-bordered&#8221; bg_row=&#8221;bg-download-white&#8221; lists=&#8221;%5B%7B%7D%5D&#8221; values=&#8221;%5B%7B%22icon_electroluxpro%22%3A%22elx-icon%20icon-circle-hot-function%22%2C%22title_icon%22%3A%22Funkcije%20za%20topla%20jela%22%2C%22tag_icon_title%22%3A%22h4%22%2C%22text_icon%22%3A%22Topla%20kupka%20sa%20zra%C4%8Dnom%20ventilacijom%20odr%C5%BEivo%20je%20i%20tro%C5%A1kovno%20u%C4%8Dinkovito%20rje%C5%A1enje%20u%20jednom%20ure%C4%91aju.%22%7D%2C%7B%22icon_electroluxpro%22%3A%22elx-icon%20icon-circle-cold-function%22%2C%22title_icon%22%3A%22Funkcije%20za%20hladna%20jela%22%2C%22tag_icon_title%22%3A%22h4%22%2C%22text_icon%22%3A%22Odr%C5%BEite%20svoje%20svje%C5%BEe%20namirnice%20i%20svoja%20jela%20savr%C5%A1eno%20hladnima%20uz%20%C5%A1irok%20raspon%20funkcija%20za%20hladna%20jela.%22%7D%5D&#8221; single_image=&#8221;119118&#8243; link=&#8221;url:https%3A%2F%2Fwww.electroluxprofessional.com%2Fhr%2Fflexy-drop-in%2F%23energy_savings|title:DISCOVER%20ENERGY%20SAVINGS|target:_blank&#8221;]<\/p>\n<h2><b>Drop-in (ugradbene) funkcije u sklopu linije Flexy<\/b><\/h2>\n<p><span style=\"font-weight: 400;\">Uz <\/span><b>12 funkcija u \u0161est veli\u010dina,<\/b><span style=\"font-weight: 400;\"> mogu\u0107nosti za va\u0161e poslovanje neograni\u010dene su.<\/span>[\/elx_text_image][vc_empty_space][\/vc_column][\/vc_row][vc_row][vc_column][vc_empty_space][elx_heading text_color=&#8221;inherit&#8221; text_align=&#8221;text-center&#8221;]Obratite nam se za vi\u0161e informacija o liniji Flexy Style &amp; Style<sup>JR<\/sup>[\/elx_heading][vc_empty_space][elx_o2000_contact_us][\/vc_column][\/vc_row][vc_row][vc_column][vc_empty_space][\/vc_column][\/vc_row][vc_row][vc_column][vc_empty_space][elx_multiple_columns number_columns=&#8221;4&#8243; bg_row=&#8221;bg-download-white&#8221; title=&#8221;Prona\u0111ite svoje cjelovito rje\u0161enje&#8221; values=&#8221;%5B%7B%22image_section%22%3A%22118595%22%2C%22title_section%22%3A%22Hoteli%22%2C%22text_section%22%3A%22Electrolux%20Professional%20nudi%20sveobuhvatno%20rje%C5%A1enje%20koje%20mo%C5%BEe%20potaknuti%20va%C5%A1u%20produktivnost%20i%20odr%C5%BEivost.%22%2C%22link_section%22%3A%22url%3Ahttps%253A%252F%252Fwww.electroluxprofessional.com%252Fhr%252Fvas-posao%252Fhoteli%252F%7Ctitle%3ASOLUTIONS%2520FOR%2520HOTELS%7Ctarget%3A_blank%22%2C%22button_style%22%3A%22primary%22%7D%2C%7B%22image_section%22%3A%22119125%22%2C%22title_section%22%3A%22Menze%22%2C%22text_section%22%3A%22Zadovoljite%20zahtjeve%20svojeg%20poslovanja.%20Izdr%C5%BEljiva%20rje%C5%A1enja%20tvrtke%20Electrolux%20Professional%20osiguravaju%20otpornost%20na%20zahtjeve%20svakodnevne%20upotrebe.%22%2C%22link_section%22%3A%22url%3Ahttps%253A%252F%252Fwww.electroluxprofessional.com%252Fhr%252Fkantine-za-osoblje%252F%7Ctitle%3ASOLUTIONS%2520FOR%2520CANTEEN%7Ctarget%3A_blank%22%2C%22button_style%22%3A%22primary%22%7D%2C%7B%22image_section%22%3A%22118242%22%2C%22title_section%22%3A%22Prostori%20za%20okupljanje%20i%20%C4%8Dekaonice-%20foaje.%22%2C%22text_section%22%3A%22Istra%C5%BEite%20na%C5%A1a%20razli%C4%8Dita%20rje%C5%A1enja%20za%20zra%C4%8Dne%20luke%2C%20kolodvore%20i%20stadione%20kako%20biste%20unaprijedili%20iskustvo%20putnika.%22%2C%22link_section%22%3A%22url%3Ahttps%253A%252F%252Fwww.electroluxprofessional.com%252Fhr%252Fposao-transport-i-industrija%252F%7Ctitle%3ASOLUTIONS%2520FOR%2520LOUNGES%7Ctarget%3A_blank%22%2C%22button_style%22%3A%22primary%22%7D%5D&#8221;][\/elx_multiple_columns][\/vc_column][\/vc_row]<\/p>\n","protected":false},"excerpt":{"rendered":"<p>[vc_row full_width=&#8221;electroluxpro-full-width-no-padding&#8221;][vc_column][vc_single_image image=&#8221;119131&#8243; img_size=&#8221;full&#8221;][vc_empty_space][\/vc_column][\/vc_row][vc_row][vc_column][vc_empty_space][elx_text_image style_image=&#8221;image_square&#8221; button_style=&#8221;secondary-bordered&#8221; columns_proportion=&#8221;three_fifth&#8221; bg_row=&#8221;bg-download-white&#8221; lists=&#8221;%5B%7B%7D%5D&#8221; values=&#8221;%5B%7B%7D%5D&#8221; single_image=&#8221;119132&#8243; n_logos=&#8221;119138,119139&#8243;] Flexy Style &amp; StyleJR\u00a0zadovoljavaju va\u0161e potrebe i odgovaraju va\u0161em ukusu Objedovanje u restoranu nije samo vrijeme za opu\u0161tanje, ve\u0107 i pravi do\u017eivljaj. Zadovoljite sve \u017eelje svojih gostiju s naglaskom na novim gastronomskim trendovima i odr\u017eivosti bez kompromisa na stilu i dizajnu. Iskoristite na\u0161 [&hellip;]<\/p>\n","protected":false},"author":149,"featured_media":117904,"parent":0,"menu_order":0,"comment_status":"closed","ping_status":"closed","template":"","meta":{"footnotes":""},"class_list":["post-119143","page","type-page","status-publish","has-post-thumbnail","hentry"],"acf":[],"yoast_head":"<!-- This site is optimized with the Yoast SEO plugin v23.3 - https:\/\/yoast.com\/wordpress\/plugins\/seo\/ -->\n<title>Flexy Style - Electrolux Professional Hrvatska<\/title>\n<meta name=\"description\" content=\"Satisfy all of your customers&#039; desires, with a focus on new culinary trends and sustainability without sacrificing style and design.Flexy Style is the first ever quartz-top solution with no pre-design time. Choose between more than 30.000 combinations, everything you need is ready for you!\" \/>\n<meta name=\"robots\" content=\"index, follow, max-snippet:-1, max-image-preview:large, max-video-preview:-1\" \/>\n<link rel=\"canonical\" href=\"https:\/\/www.electroluxprofessional.com\/hr\/flexy-style\/\" \/>\n<meta property=\"og:locale\" content=\"hr_HR\" \/>\n<meta property=\"og:type\" content=\"article\" \/>\n<meta property=\"og:title\" content=\"Flexy Style - Electrolux Professional Hrvatska\" \/>\n<meta property=\"og:description\" content=\"Satisfy all of your customers&#039; desires, with a focus on new culinary trends and sustainability without sacrificing style and design.Flexy Style is the first ever quartz-top solution with no pre-design time. Choose between more than 30.000 combinations, everything you need is ready for you!\" \/>\n<meta property=\"og:url\" content=\"https:\/\/www.electroluxprofessional.com\/hr\/flexy-style\/\" \/>\n<meta property=\"og:site_name\" content=\"Electrolux Professional Hrvatska\" \/>\n<meta property=\"article:modified_time\" content=\"2025-11-26T04:22:17+00:00\" \/>\n<meta property=\"og:image\" content=\"https:\/\/www.electroluxprofessional.com\/hr\/wp-content\/uploads\/2024\/10\/EPR-Flexy-Style-Luxury-Hotel.jpg\" \/>\n\t<meta property=\"og:image:width\" content=\"2000\" \/>\n\t<meta property=\"og:image:height\" content=\"702\" \/>\n\t<meta property=\"og:image:type\" content=\"image\/jpeg\" \/>\n<meta name=\"twitter:card\" content=\"summary_large_image\" \/>\n<meta name=\"twitter:label1\" content=\"Procijenjeno vrijeme \u010ditanja\" \/>\n\t<meta name=\"twitter:data1\" content=\"5 minuta\" \/>\n<script type=\"application\/ld+json\" class=\"yoast-schema-graph\">{\"@context\":\"https:\/\/schema.org\",\"@graph\":[{\"@type\":\"WebPage\",\"@id\":\"https:\/\/www.electroluxprofessional.com\/hr\/flexy-style\/\",\"url\":\"https:\/\/www.electroluxprofessional.com\/hr\/flexy-style\/\",\"name\":\"Flexy Style - Electrolux Professional Hrvatska\",\"isPartOf\":{\"@id\":\"https:\/\/www.electroluxprofessional.com\/hr\/#website\"},\"primaryImageOfPage\":{\"@id\":\"https:\/\/www.electroluxprofessional.com\/hr\/flexy-style\/#primaryimage\"},\"image\":{\"@id\":\"https:\/\/www.electroluxprofessional.com\/hr\/flexy-style\/#primaryimage\"},\"thumbnailUrl\":\"https:\/\/www.electroluxprofessional.com\/hr\/wp-content\/uploads\/2024\/10\/EPR-Flexy-Style-Luxury-Hotel.jpg\",\"datePublished\":\"2025-11-25T00:00:11+00:00\",\"dateModified\":\"2025-11-26T04:22:17+00:00\",\"description\":\"Satisfy all of your customers' desires, with a focus on new culinary trends and sustainability without sacrificing style and design.Flexy Style is the first ever quartz-top solution with no pre-design time. Choose between more than 30.000 combinations, everything you need is ready for you!\",\"breadcrumb\":{\"@id\":\"https:\/\/www.electroluxprofessional.com\/hr\/flexy-style\/#breadcrumb\"},\"inLanguage\":\"hr\",\"potentialAction\":[{\"@type\":\"ReadAction\",\"target\":[\"https:\/\/www.electroluxprofessional.com\/hr\/flexy-style\/\"]}]},{\"@type\":\"ImageObject\",\"inLanguage\":\"hr\",\"@id\":\"https:\/\/www.electroluxprofessional.com\/hr\/flexy-style\/#primaryimage\",\"url\":\"https:\/\/www.electroluxprofessional.com\/hr\/wp-content\/uploads\/2024\/10\/EPR-Flexy-Style-Luxury-Hotel.jpg\",\"contentUrl\":\"https:\/\/www.electroluxprofessional.com\/hr\/wp-content\/uploads\/2024\/10\/EPR-Flexy-Style-Luxury-Hotel.jpg\",\"width\":2000,\"height\":702},{\"@type\":\"BreadcrumbList\",\"@id\":\"https:\/\/www.electroluxprofessional.com\/hr\/flexy-style\/#breadcrumb\",\"itemListElement\":[{\"@type\":\"ListItem\",\"position\":1,\"name\":\"Po\u010detna stranica\",\"item\":\"https:\/\/www.electroluxprofessional.com\/hr\/\"},{\"@type\":\"ListItem\",\"position\":2,\"name\":\"Flexy Style\"}]},{\"@type\":\"WebSite\",\"@id\":\"https:\/\/www.electroluxprofessional.com\/hr\/#website\",\"url\":\"https:\/\/www.electroluxprofessional.com\/hr\/\",\"name\":\"Electrolux Professional Hrvatska\",\"description\":\"\",\"potentialAction\":[{\"@type\":\"SearchAction\",\"target\":{\"@type\":\"EntryPoint\",\"urlTemplate\":\"https:\/\/www.electroluxprofessional.com\/hr\/?src={search_term_string}\"},\"query-input\":\"required name=search_term_string\"}],\"inLanguage\":\"hr\"}]}<\/script>\n<!-- \/ Yoast SEO plugin. -->","yoast_head_json":{"title":"Flexy Style - Electrolux Professional Hrvatska","description":"Satisfy all of your customers' desires, with a focus on new culinary trends and sustainability without sacrificing style and design.Flexy Style is the first ever quartz-top solution with no pre-design time. Choose between more than 30.000 combinations, everything you need is ready for you!","robots":{"index":"index","follow":"follow","max-snippet":"max-snippet:-1","max-image-preview":"max-image-preview:large","max-video-preview":"max-video-preview:-1"},"canonical":"https:\/\/www.electroluxprofessional.com\/hr\/flexy-style\/","og_locale":"hr_HR","og_type":"article","og_title":"Flexy Style - Electrolux Professional Hrvatska","og_description":"Satisfy all of your customers' desires, with a focus on new culinary trends and sustainability without sacrificing style and design.Flexy Style is the first ever quartz-top solution with no pre-design time. Choose between more than 30.000 combinations, everything you need is ready for you!","og_url":"https:\/\/www.electroluxprofessional.com\/hr\/flexy-style\/","og_site_name":"Electrolux Professional Hrvatska","article_modified_time":"2025-11-26T04:22:17+00:00","og_image":[{"width":2000,"height":702,"url":"https:\/\/www.electroluxprofessional.com\/hr\/wp-content\/uploads\/2024\/10\/EPR-Flexy-Style-Luxury-Hotel.jpg","type":"image\/jpeg"}],"twitter_card":"summary_large_image","twitter_misc":{"Procijenjeno vrijeme \u010ditanja":"5 minuta"},"schema":{"@context":"https:\/\/schema.org","@graph":[{"@type":"WebPage","@id":"https:\/\/www.electroluxprofessional.com\/hr\/flexy-style\/","url":"https:\/\/www.electroluxprofessional.com\/hr\/flexy-style\/","name":"Flexy Style - Electrolux Professional Hrvatska","isPartOf":{"@id":"https:\/\/www.electroluxprofessional.com\/hr\/#website"},"primaryImageOfPage":{"@id":"https:\/\/www.electroluxprofessional.com\/hr\/flexy-style\/#primaryimage"},"image":{"@id":"https:\/\/www.electroluxprofessional.com\/hr\/flexy-style\/#primaryimage"},"thumbnailUrl":"https:\/\/www.electroluxprofessional.com\/hr\/wp-content\/uploads\/2024\/10\/EPR-Flexy-Style-Luxury-Hotel.jpg","datePublished":"2025-11-25T00:00:11+00:00","dateModified":"2025-11-26T04:22:17+00:00","description":"Satisfy all of your customers' desires, with a focus on new culinary trends and sustainability without sacrificing style and design.Flexy Style is the first ever quartz-top solution with no pre-design time. Choose between more than 30.000 combinations, everything you need is ready for you!","breadcrumb":{"@id":"https:\/\/www.electroluxprofessional.com\/hr\/flexy-style\/#breadcrumb"},"inLanguage":"hr","potentialAction":[{"@type":"ReadAction","target":["https:\/\/www.electroluxprofessional.com\/hr\/flexy-style\/"]}]},{"@type":"ImageObject","inLanguage":"hr","@id":"https:\/\/www.electroluxprofessional.com\/hr\/flexy-style\/#primaryimage","url":"https:\/\/www.electroluxprofessional.com\/hr\/wp-content\/uploads\/2024\/10\/EPR-Flexy-Style-Luxury-Hotel.jpg","contentUrl":"https:\/\/www.electroluxprofessional.com\/hr\/wp-content\/uploads\/2024\/10\/EPR-Flexy-Style-Luxury-Hotel.jpg","width":2000,"height":702},{"@type":"BreadcrumbList","@id":"https:\/\/www.electroluxprofessional.com\/hr\/flexy-style\/#breadcrumb","itemListElement":[{"@type":"ListItem","position":1,"name":"Po\u010detna stranica","item":"https:\/\/www.electroluxprofessional.com\/hr\/"},{"@type":"ListItem","position":2,"name":"Flexy Style"}]},{"@type":"WebSite","@id":"https:\/\/www.electroluxprofessional.com\/hr\/#website","url":"https:\/\/www.electroluxprofessional.com\/hr\/","name":"Electrolux Professional Hrvatska","description":"","potentialAction":[{"@type":"SearchAction","target":{"@type":"EntryPoint","urlTemplate":"https:\/\/www.electroluxprofessional.com\/hr\/?src={search_term_string}"},"query-input":"required name=search_term_string"}],"inLanguage":"hr"}]}},"_links":{"self":[{"href":"https:\/\/www.electroluxprofessional.com\/hr\/wp-json\/wp\/v2\/pages\/119143"}],"collection":[{"href":"https:\/\/www.electroluxprofessional.com\/hr\/wp-json\/wp\/v2\/pages"}],"about":[{"href":"https:\/\/www.electroluxprofessional.com\/hr\/wp-json\/wp\/v2\/types\/page"}],"author":[{"embeddable":true,"href":"https:\/\/www.electroluxprofessional.com\/hr\/wp-json\/wp\/v2\/users\/149"}],"replies":[{"embeddable":true,"href":"https:\/\/www.electroluxprofessional.com\/hr\/wp-json\/wp\/v2\/comments?post=119143"}],"version-history":[{"count":5,"href":"https:\/\/www.electroluxprofessional.com\/hr\/wp-json\/wp\/v2\/pages\/119143\/revisions"}],"predecessor-version":[{"id":119186,"href":"https:\/\/www.electroluxprofessional.com\/hr\/wp-json\/wp\/v2\/pages\/119143\/revisions\/119186"}],"wp:featuredmedia":[{"embeddable":true,"href":"https:\/\/www.electroluxprofessional.com\/hr\/wp-json\/wp\/v2\/media\/117904"}],"wp:attachment":[{"href":"https:\/\/www.electroluxprofessional.com\/hr\/wp-json\/wp\/v2\/media?parent=119143"}],"curies":[{"name":"wp","href":"https:\/\/api.w.org\/{rel}","templated":true}]}}