{"id":119127,"date":"2025-11-24T23:55:43","date_gmt":"2025-11-24T23:55:43","guid":{"rendered":"https:\/\/www.electroluxprofessional.com\/hr\/?page_id=119127"},"modified":"2025-11-26T04:23:58","modified_gmt":"2025-11-26T04:23:58","slug":"flexy-compact","status":"publish","type":"page","link":"https:\/\/www.electroluxprofessional.com\/hr\/flexy-compact\/","title":{"rendered":"Flexy Compact"},"content":{"rendered":"<p>[vc_row full_width=&#8221;electroluxpro-full-width-no-padding&#8221;][vc_column][vc_single_image image=&#8221;119114&#8243; img_size=&#8221;full&#8221;][vc_empty_space][\/vc_column][\/vc_row][vc_row][vc_column][vc_empty_space][elx_text_image style_image=&#8221;image_square&#8221; button_style=&#8221;secondary-bordered&#8221; columns_proportion=&#8221;three_fifth&#8221; bg_row=&#8221;bg-download-white&#8221; lists=&#8221;%5B%7B%7D%5D&#8221; values=&#8221;%5B%7B%22tag_icon_title%22%3A%20%22h4%22%7D%5D&#8221; single_image=&#8221;119115&#8243;]<\/p>\n<h1><b>Flexy Compact &amp; Compact<\/b><b><sup>JR<\/sup><\/b><b>: fleksibilno rje\u0161enje za poslu\u017eivanje<\/b><\/h1>\n<p>&nbsp;<\/p>\n<p><span style=\"font-weight: 400;\">Kompaktna i vi\u0161enamjenska rje\u0161enja koja se savr\u0161eno uklapaju u va\u0161 prostor \u2013 Electrolux Professional osmislio je <\/span><b>fleksibilnu liniju besprijekornih rje\u0161enja za poslu\u017eivanje<\/b><span style=\"font-weight: 400;\"> za va\u0161e profesionalne potrebe, <\/span><span style=\"font-weight: 400;\">bez obzira na to je li rije\u010d o <\/span><b>hotelu<\/b><span style=\"font-weight: 400;\">, <\/span><b>\u0161kolskoj<\/b><span style=\"font-weight: 400;\"> ili <\/span><b>fakultetskoj menzi<\/b><span style=\"font-weight: 400;\">,<\/span><b> kantini tvrtke <\/b><span style=\"font-weight: 400;\">ili nekom drugom objektu za poslu\u017eivanje hrane. <\/span><\/p>\n<p><span style=\"font-weight: 400;\">Recite zbogom zahtjevnom \u010di\u0161\u0107enju. Budu\u0107i da su va\u0161e namirnice i va\u0161a jela izlo\u017eeni u elegantnoj minimalisti\u010dkoj staklenoj strukturi, komadi\u0107i hrane i pra\u0161ina vi\u0161e se ne nakupljaju na ure\u0111ajima i elementima, pa je <\/span><b>\u010di\u0161\u0107enje lak\u0161e i br\u017ee<\/b><span style=\"font-weight: 400;\">, a usto je zajam\u010dena i besprijekorna higijena.<\/span>[\/elx_text_image][elx_o2000_contact_us form_alignment=&#8221;left&#8221; button_mode=&#8221;true&#8221; button_style=&#8221;secondary-bordered&#8221; postion_button=&#8221;text-left&#8221; postion_button_mobile=&#8221;text-left-mobile&#8221; text_btn_contact=&#8221;obratite nam se&#8221;][vc_empty_space][\/vc_column][\/vc_row][vc_row custom_color_row=&#8221;bg-row-light-blue&#8221;][vc_column][elx_features_download title=&#8221;&#8221; tag_title=&#8221;h2&#8243; class_title=&#8221;h4&#8243; title_discover=&#8221;Discover also&#8221; bg_discover_color=&#8221;bg-download-white&#8221; link_discover_color=&#8221;download-text-blue&#8221; bg_row=&#8221;bg-row-light-blue&#8221; values=&#8221;%5B%7B%22select_type%22%3A%22pride%22%2C%22label_pride_document%22%3A%22Flexy%20Compact%20brochure%22%2C%22document_type%22%3A%22leaflets%22%2C%22le_document_number%22%3A%22CLF-9JE00264%22%7D%5D&#8221; discover=&#8221;%5B%7B%22link_discover%22%3A%22url%3Ahttps%253A%252F%252Fwww.electroluxprofessional.com%252Fhr%252Fflexy-style%252F%7Ctitle%3AFlexy%2520Style%7Ctarget%3A_blank%22%7D%2C%7B%22link_discover%22%3A%22url%3Ahttps%253A%252F%252Fwww.electroluxprofessional.com%252Fhr%252Fflexy-drop-in%252F%7Ctitle%3AFlexy%2520Drop-in%7Ctarget%3A_blank%22%7D%5D&#8221; features=&#8221;%5B%7B%22tag_icon_title%22%3A%22h4%22%7D%5D&#8221;]<\/p>\n<h2><b>Istra\u017eite sve mogu\u0107nosti<\/b><\/h2>\n<p><span style=\"font-weight: 400;\">Flexy Compact omogu\u0107uje prilago\u0111ene kombinacije boja i funkcija koje se uklapaju u interijer va\u0161e sale za objedovanje.<\/span>[\/elx_features_download][\/vc_column][\/vc_row][vc_row][vc_column][vc_empty_space height=&#8221;45px&#8221;][elx_multiple_columns number_columns=&#8221;4&#8243; bg_row=&#8221;bg-download-white&#8221; title=&#8221;Prvak u fleksibilnosti&#8221; values=&#8221;%5B%7B%22image_section%22%3A%20%22119121%22%2C%22title_section%22%3A%20%22Struktura%20nadgradnje%3A%20Zaobljena%2C%20ravna%20ili%20u%20obliku%20slova%20%26bdquo%3BL%26ldquo%3B%3F%22%2C%22text_section%22%3A%20%22%26bdquo%3BA%26rdquo%3B%20struktura%20za%20otoke%20za%20samoposlu%C5%BEivanje%2C%20%26bdquo%3BL%26rdquo%3B%20struktura%20za%20poslu%C5%BEitelje.%20Odaberite%3A%20%3Cb%3E%26bdquo%3BA%26rdquo%3B%20struktura%20%26ndash%3B%20zaobljena%20gornja%20staklena%20polica%3C%2Fb%3E%20za%20najve%C4%87u%20mogu%C4%87u%20preglednost%20jela%20i%20namirnica%20s%20higijenskom%20barijerom%3B%20%3Cb%3E%26bdquo%3BA%26rdquo%3B%20struktura%20%26ndash%3B%20staklena%20ravna%20polica%3C%2Fb%3E%20za%20jednostavno%20poslu%C5%BEivanje%3B%20%3Cb%3E%26bdquo%3BL%26rdquo%3B%20struktura%3C%2Fb%3E%20%26ndash%3B%20za%20objekte%20u%20kojima%20rade%20poslu%C5%BEitelji%2C%22%2C%22button_style%22%3A%20%22sekundarno-obrubljeno%22%7D%2C%7B%22image_section%22%3A%20%22119122%22%2C%22title_section%22%3A%20%22Kliza%C4%8Di%20za%20tacne%20%26ndash%3B%20koji%20najbolje%20odgovaraju%20va%26scaron%3Bim%20potrebama%3F%22%2C%22text_section%22%3A%20%22Odaberite%20kliza%C4%8De%20za%20tacne%20koji%20odgovaraju%20potrebama%20va%26scaron%3Beg%20objekta%20%26ndash%3B%20bez%20obzira%20na%20to%20%C5%BEelite%20li%20da%20kliza%C4%8Di%20budu%20na%20visini%20radne%20plohe%20ili%20ni%C5%BEi%2C%20cjevasti%20ili%20od%20nehr%C4%91aju%C4%87eg%20%C4%8Delika%2C%20u%20na%26scaron%3Boj%20liniji%20Flexy%20Compact%20prona%C4%87i%20%C4%87ete%20ono%20%26scaron%3Bto%20tra%C5%BEite.%22%2C%22button_style%22%3A%20%22sekundarno-obrubljeno%22%7D%2C%7B%22image_section%22%3A%20%22119123%22%2C%22title_section%22%3A%20%22Pomi%C4%8Dno%20ili%20%3Cbr%3Efiksno%3F%22%2C%22text_section%22%3A%20%22Ve%C4%87a%20mogu%C4%87nost%20odabira%20i%20fleksibilnosti%3A%20birajte%20izme%C4%91u%20pomi%C4%8Dnog%20%28na%20kota%C4%8Dima%29%20ili%20fiksnog%20%28na%20no%C5%BEicama%29%20rje%26scaron%3Benja%20za%20poslu%C5%BEivanje%20koja%20odgovaraju%20potrebama%20va%26scaron%3Bih%20klijenata.%22%2C%22button_style%22%3A%20%22sekundarno-obrubljeno%22%7D%5D&#8221;][\/elx_multiple_columns][\/vc_column][\/vc_row][vc_row disable_element=&#8221;yes&#8221;][vc_column][elx_text_image style_image=&#8221;image_square&#8221; button_style=&#8221;secondary-bordered&#8221; bg_row=&#8221;bg-download-white&#8221; lists=&#8221;%5B%5D&#8221; values=&#8221;%5B%7B%7D%5D&#8221; single_image=&#8221;119116&#8243;]<\/p>\n<h2><b>Jedemo o\u010dima.<\/b><\/h2>\n<p><span style=\"font-weight: 400;\">Rasvjeta je jedan od \u010dimbenika koji najsna\u017enije utje\u010du na do\u017eivljaj objedovanja u restoranu. U istra\u017eivanjima* se pokazalo da ispravno osvijetljeno ugodno okru\u017eje predstavlja temelj pozitivna do\u017eivljaja i poma\u017ee gostima da odlu\u010de \u0161to bi pojeli \u010dine\u0107i da va\u0161a jela i namirnice izgledaju ukusnije i primamljivije.<\/span><\/p>\n<p>Uz <b>LED tehnologiju <\/b><span style=\"font-weight: 400;\">rasvjeta se podi\u017ee na novu razinu: osim toga \u0161to \u0107ete vi i va\u0161 ugostiteljski objekt u\u0161tedjeti na energiji, svje\u017eina i lijep izgled va\u0161ih jela i namirnica gostima \u0107e biti jo\u0161 primamljiviji zbog \u010dega \u0107e biti jo\u0161 zadovoljniji obrokom.<\/span>[\/elx_text_image][vc_empty_space][\/vc_column][\/vc_row][vc_row disable_element=&#8221;yes&#8221;][vc_column][elx_text_image style_image=&#8221;image_square&#8221; button_style=&#8221;secondary-bordered&#8221; bg_row=&#8221;bg-download-white&#8221; lists=&#8221;%5B%5D&#8221; values=&#8221;%5B%7B%7D%5D&#8221; single_image=&#8221;119116&#8243;]<\/p>\n<h2><b>Jedemo o\u010dima.<\/b><\/h2>\n<p><span style=\"font-weight: 400;\">Rasvjeta je jedan od \u010dimbenika koji najsna\u017enije utje\u010du na do\u017eivljaj objedovanja u restoranu. U istra\u017eivanjima* se pokazalo da ispravno osvijetljeno ugodno okru\u017eje predstavlja temelj pozitivna do\u017eivljaja i poma\u017ee gostima da odlu\u010de \u0161to bi pojeli \u010dine\u0107i da va\u0161a jela i namirnice izgledaju ukusnije i primamljivije.<\/span><\/p>\n<p>Uz <b>LED tehnologiju <\/b><span style=\"font-weight: 400;\">rasvjeta se podi\u017ee na novu razinu: osim toga \u0161to \u0107ete vi i va\u0161 ugostiteljski objekt u\u0161tedjeti na energiji, svje\u017eina i lijep izgled va\u0161ih jela i namirnica gostima \u0107e biti jo\u0161 primamljiviji zbog \u010dega \u0107e biti jo\u0161 zadovoljniji obrokom.<\/span>[\/elx_text_image][\/vc_column][\/vc_row][vc_row][vc_column][elx_heading text_color=&#8221;inherit&#8221;]Jedemo o\u010dima.[\/elx_heading][vc_column_text]<span style=\"font-weight: 400;\">Rasvjeta je jedan od \u010dimbenika koji najsna\u017enije utje\u010du na do\u017eivljaj objedovanja u restoranu. U istra\u017eivanjima* se pokazalo da ispravno osvijetljeno ugodno okru\u017eje predstavlja temelj pozitivna do\u017eivljaja i poma\u017ee gostima da odlu\u010de \u0161to bi pojeli \u010dine\u0107i da va\u0161a jela i namirnice izgledaju ukusnije i primamljivije.<\/span>[\/vc_column_text][\/vc_column][\/vc_row][vc_row][vc_column width=&#8221;1\/3&#8243;][vc_empty_space][vc_column_text]Uz <b>LED tehnologiju <\/b><span style=\"font-weight: 400;\">rasvjeta se podi\u017ee na novu razinu: osim toga \u0161to \u0107ete vi i va\u0161 ugostiteljski objekt u\u0161tedjeti na energiji, svje\u017eina i lijep izgled va\u0161ih jela i namirnica gostima \u0107e biti jo\u0161 primamljiviji zbog \u010dega \u0107e biti jo\u0161 zadovoljniji obrokom.<\/span>[\/vc_column_text][vc_empty_space][\/vc_column][vc_column width=&#8221;1\/3&#8243;][vc_single_image image=&#8221;117887&#8243; img_size=&#8221;full&#8221; alignment=&#8221;center&#8221;][vc_empty_space height=&#8221;15px&#8221;][elx_heading font_container=&#8221;p&#8221; font_size=&#8221;h6&#8243; text_color=&#8221;inherit&#8221; text_align=&#8221;text-left&#8221;]S T5 fluorescentnim osvjetljenjem[\/elx_heading][vc_empty_space][\/vc_column][vc_column width=&#8221;1\/3&#8243;][vc_single_image image=&#8221;117888&#8243; img_size=&#8221;full&#8221; alignment=&#8221;center&#8221;][vc_empty_space height=&#8221;15px&#8221;][elx_heading font_container=&#8221;p&#8221; font_size=&#8221;h6&#8243; text_color=&#8221;inherit&#8221; text_align=&#8221;text-left&#8221;]S LED svjetlima[\/elx_heading][vc_empty_space][\/vc_column][\/vc_row][vc_row][vc_column][vc_column_text]<sup>* &#8220;Va\u017enost vizualne estetike boja hrane tijekom radnog ru\u010dka&#8221; \u2013 International Journal of Gastronomy and Food Science (2019).<\/sup>[\/vc_column_text][\/vc_column][\/vc_row][vc_row][vc_column][vc_empty_space height=&#8221;45px&#8221;][elx_text_image number_images=&#8221;2&#8243; image_display=&#8221;static&#8221; style_image=&#8221;image_horizontal&#8221; title_position=&#8221;top&#8221; button_style=&#8221;secondary-bordered&#8221; bg_row=&#8221;bg-download-white&#8221; lists=&#8221;%5B%7B%7D%5D&#8221; values=&#8221;%5B%7B%22icon_electroluxpro%22%3A%20%22elx-icon%20icon-circle-productivity-liberopro-blue%22%2C%22title_icon%22%3A%20%22Flexy%20Compact%22%2C%22text_icon%22%3A%20%22Vrhunska%20rje%26scaron%3Benja%20za%20poslu%C5%BEivanje%20za%20manje%20hotele%20ili%20menze%20u%20tvrtkama.%22%7D%2C%7B%22icon_electroluxpro%22%3A%20%22elx-icon%20icon-circle-measurements-blue%22%2C%22title_icon%22%3A%20%22Flexy%20Compact%3Csup%3EJR%3C%2Fsup%3E%22%2C%22text_icon%22%3A%20%22Savr%26scaron%3Ben%20dizajn%20koji%20smo%20osmislili%20vode%C4%87i%20ra%C4%8Duna%20o%20odraslima%2C%20ali%20i%20o%20djeci.%20%3Cb%3EFlexy%20Compact%3Csup%3EJR%3C%2Fsup%3E%20visine%2075%26nbsp%3Bcm%3C%2Fb%3E%20za%20%26scaron%3Bkolarce%20i%20Flexy%20Compact%20visine%2090%26nbsp%3Bcm%20za%20tinejd%C5%BEere%20i%20nastavnike.%22%7D%5D&#8221; double_image_1=&#8221;119119&#8243; double_image_2=&#8221;119120&#8243;]<\/p>\n<h2><b>Va\u0161 Flexy Compact, va\u0161 izbor<\/b><\/h2>\n<p><span style=\"font-weight: 400;\">Donesite ispravnu odluku za sve svoje ugostiteljske potrebe.<\/span>[\/elx_text_image][\/vc_column][\/vc_row][vc_row][vc_column][elx_text_image style_image=&#8221;image_horizontal&#8221; button_style=&#8221;secondary-bordered&#8221; bg_row=&#8221;bg-download-white&#8221; lists=&#8221;%5B%7B%7D%5D&#8221; values=&#8221;%5B%7B%22tag_icon_title%22%3A%20%22h4%22%7D%5D&#8221; single_image=&#8221;119117&#8243;]<\/p>\n<h2><b>Flexy Style u skladu s VA\u0160IM stilom<\/b><\/h2>\n<p><span style=\"font-weight: 400;\">Flexy Compact rje\u0161enja mogu se personalizirati odabirom razli\u010ditih zna\u010dajki te vi\u0161e stotina boja i efekata zavr\u0161ne obrade od drveta.<\/span>[\/elx_text_image][vc_empty_space][\/vc_column][\/vc_row][vc_row][vc_column][elx_text_image style_image=&#8221;image_square&#8221; title_position=&#8221;top&#8221; button_style=&#8221;secondary-bordered&#8221; bg_row=&#8221;bg-download-white&#8221; lists=&#8221;%5B%7B%7D%5D&#8221; values=&#8221;%5B%7B%22icon_electroluxpro%22%3A%22elx-icon%20icon-circle-hot-function%22%2C%22title_icon%22%3A%22Funkcije%20za%20topla%20jela%22%2C%22tag_icon_title%22%3A%22h4%22%2C%22text_icon%22%3A%22Topla%20kupka%20sa%20zra%C4%8Dnom%20ventilacijom%20odr%C5%BEivo%20je%20i%20tro%C5%A1kovno%20u%C4%8Dinkovito%20rje%C5%A1enje%20u%20jednom%20ure%C4%91aju.%22%7D%2C%7B%22icon_electroluxpro%22%3A%22elx-icon%20icon-circle-cold-function%22%2C%22title_icon%22%3A%22Funkcije%20za%20hladna%20jela%22%2C%22tag_icon_title%22%3A%22h4%22%2C%22text_icon%22%3A%22Odr%C5%BEite%20svoje%20svje%C5%BEe%20namirnice%20i%20svoja%20jela%20savr%C5%A1eno%20hladnima%20uz%20%C5%A1irok%20raspon%20funkcija%20za%20hladna%20jela.%22%7D%5D&#8221; single_image=&#8221;119118&#8243; link=&#8221;url:https%3A%2F%2Fwww.electroluxprofessional.com%2Fhr%2Fflexy-drop-in%2F%23energy_savings|title:DISCOVER%20ENERGY%20SAVINGS|target:_blank&#8221;]<\/p>\n<h2><b>Drop-in (ugradbene) funkcije u sklopu linije Flexy<\/b><\/h2>\n<p><span style=\"font-weight: 400;\">Uz <\/span><b>12 funkcija u \u0161est veli\u010dina,<\/b><span style=\"font-weight: 400;\"> mogu\u0107nosti za va\u0161e poslovanje neograni\u010dene su.<\/span>[\/elx_text_image][vc_empty_space][\/vc_column][\/vc_row][vc_row][vc_column][vc_empty_space][elx_heading text_color=&#8221;inherit&#8221; text_align=&#8221;text-center&#8221;]Obratite nam se za vi\u0161e informacija o liniji Flexy Compact &amp; Compact<sup>JR<\/sup>[\/elx_heading][vc_empty_space][elx_o2000_contact_us][\/vc_column][\/vc_row][vc_row][vc_column][vc_empty_space][\/vc_column][\/vc_row][vc_row][vc_column][vc_empty_space][elx_multiple_columns number_columns=&#8221;4&#8243; bg_row=&#8221;bg-download-white&#8221; title=&#8221;Prona\u0111ite svoje cjelovito rje\u0161enje&#8221; values=&#8221;%5B%7B%22image_section%22%3A%22119124%22%2C%22title_section%22%3A%22Hoteli%22%2C%22text_section%22%3A%22Electrolux%20Professional%20nudi%20sveobuhvatno%20rje%C5%A1enje%20koje%20mo%C5%BEe%20potaknuti%20va%C5%A1u%20produktivnost%20i%20odr%C5%BEivost.%22%2C%22link_section%22%3A%22url%3Ahttps%253A%252F%252Fwww.electroluxprofessional.com%252Fhr%252Fvas-posao%252Fhoteli%252F%7Ctitle%3ASOLUTIONS%2520FOR%2520HOTELS%7Ctarget%3A_blank%22%2C%22button_style%22%3A%22primary%22%7D%2C%7B%22image_section%22%3A%22119125%22%2C%22title_section%22%3A%22Menze%22%2C%22text_section%22%3A%22Zadovoljite%20zahtjeve%20svojeg%20poslovanja.%20Izdr%C5%BEljiva%20rje%C5%A1enja%20tvrtke%20Electrolux%20Professional%20osiguravaju%20otpornost%20na%20zahtjeve%20svakodnevne%20upotrebe.%22%2C%22link_section%22%3A%22url%3Ahttps%253A%252F%252Fwww.electroluxprofessional.com%252Fhr%252Fkantine-za-osoblje%252F%7Ctitle%3ASOLUTIONS%2520FOR%2520CANTEENS%7Ctarget%3A_blank%22%2C%22button_style%22%3A%22primary%22%7D%2C%7B%22image_section%22%3A%22119126%22%2C%22title_section%22%3A%22Restorani%22%2C%22text_section%22%3A%22Odabirom%20rje%C5%A1enja%20tvrtke%20Electrolux%20Professional%20dobivate%20fleksibilnost%2C%20jednostavnost%20i%20snagu%20koju%20tra%C5%BEite.%22%2C%22link_section%22%3A%22url%3Ahttps%253A%252F%252Fwww.electroluxprofessional.com%252Fhr%252Fvas-posao%252Frestorani%252F%7Ctitle%3ASOLUTIONS%2520FOR%2520RESTAURANTS%7Ctarget%3A_blank%22%2C%22button_style%22%3A%22primary%22%7D%5D&#8221;][\/elx_multiple_columns][\/vc_column][\/vc_row]<\/p>\n","protected":false},"excerpt":{"rendered":"<p>[vc_row full_width=&#8221;electroluxpro-full-width-no-padding&#8221;][vc_column][vc_single_image image=&#8221;119114&#8243; img_size=&#8221;full&#8221;][vc_empty_space][\/vc_column][\/vc_row][vc_row][vc_column][vc_empty_space][elx_text_image style_image=&#8221;image_square&#8221; button_style=&#8221;secondary-bordered&#8221; columns_proportion=&#8221;three_fifth&#8221; bg_row=&#8221;bg-download-white&#8221; lists=&#8221;%5B%7B%7D%5D&#8221; values=&#8221;%5B%7B%22tag_icon_title%22%3A%20%22h4%22%7D%5D&#8221; single_image=&#8221;119115&#8243;] Flexy Compact &amp; CompactJR: fleksibilno rje\u0161enje za poslu\u017eivanje &nbsp; Kompaktna i vi\u0161enamjenska rje\u0161enja koja se savr\u0161eno uklapaju u va\u0161 prostor \u2013 Electrolux Professional osmislio je fleksibilnu liniju besprijekornih rje\u0161enja za poslu\u017eivanje za va\u0161e profesionalne potrebe, bez obzira na to je li rije\u010d o hotelu, [&hellip;]<\/p>\n","protected":false},"author":149,"featured_media":6631,"parent":0,"menu_order":0,"comment_status":"closed","ping_status":"closed","template":"","meta":{"footnotes":""},"class_list":["post-119127","page","type-page","status-publish","has-post-thumbnail","hentry"],"acf":[],"yoast_head":"<!-- This site is optimized with the Yoast SEO plugin v23.3 - https:\/\/yoast.com\/wordpress\/plugins\/seo\/ -->\n<title>Flexy Compact - Electrolux Professional Hrvatska<\/title>\n<meta name=\"description\" content=\"Compact and multifunctional, designed for the perfect fit \u2013 a flexible line of impeccable servery options for your professional requirements.\" \/>\n<meta name=\"robots\" content=\"index, follow, max-snippet:-1, max-image-preview:large, max-video-preview:-1\" \/>\n<link rel=\"canonical\" href=\"https:\/\/www.electroluxprofessional.com\/hr\/flexy-compact\/\" \/>\n<meta property=\"og:locale\" content=\"hr_HR\" \/>\n<meta property=\"og:type\" content=\"article\" \/>\n<meta property=\"og:title\" content=\"Flexy Compact - Electrolux Professional Hrvatska\" \/>\n<meta property=\"og:description\" content=\"Compact and multifunctional, designed for the perfect fit \u2013 a flexible line of impeccable servery options for your professional requirements.\" \/>\n<meta property=\"og:url\" content=\"https:\/\/www.electroluxprofessional.com\/hr\/flexy-compact\/\" \/>\n<meta property=\"og:site_name\" content=\"Electrolux Professional Hrvatska\" \/>\n<meta property=\"article:modified_time\" content=\"2025-11-26T04:23:58+00:00\" \/>\n<meta property=\"og:image\" content=\"https:\/\/www.electroluxprofessional.com\/hr\/wp-content\/uploads\/2020\/10\/serveryline_2000x700-2.jpg\" \/>\n\t<meta property=\"og:image:width\" content=\"2000\" \/>\n\t<meta property=\"og:image:height\" content=\"702\" \/>\n\t<meta property=\"og:image:type\" content=\"image\/jpeg\" \/>\n<meta name=\"twitter:card\" content=\"summary_large_image\" \/>\n<meta name=\"twitter:label1\" content=\"Procijenjeno vrijeme \u010ditanja\" \/>\n\t<meta name=\"twitter:data1\" content=\"6 minuta\" \/>\n<script type=\"application\/ld+json\" class=\"yoast-schema-graph\">{\"@context\":\"https:\/\/schema.org\",\"@graph\":[{\"@type\":\"WebPage\",\"@id\":\"https:\/\/www.electroluxprofessional.com\/hr\/flexy-compact\/\",\"url\":\"https:\/\/www.electroluxprofessional.com\/hr\/flexy-compact\/\",\"name\":\"Flexy Compact - Electrolux Professional Hrvatska\",\"isPartOf\":{\"@id\":\"https:\/\/www.electroluxprofessional.com\/hr\/#website\"},\"primaryImageOfPage\":{\"@id\":\"https:\/\/www.electroluxprofessional.com\/hr\/flexy-compact\/#primaryimage\"},\"image\":{\"@id\":\"https:\/\/www.electroluxprofessional.com\/hr\/flexy-compact\/#primaryimage\"},\"thumbnailUrl\":\"https:\/\/www.electroluxprofessional.com\/hr\/wp-content\/uploads\/2020\/10\/serveryline_2000x700-2.jpg\",\"datePublished\":\"2025-11-24T23:55:43+00:00\",\"dateModified\":\"2025-11-26T04:23:58+00:00\",\"description\":\"Compact and multifunctional, designed for the perfect fit \u2013 a flexible line of impeccable servery options for your professional requirements.\",\"breadcrumb\":{\"@id\":\"https:\/\/www.electroluxprofessional.com\/hr\/flexy-compact\/#breadcrumb\"},\"inLanguage\":\"hr\",\"potentialAction\":[{\"@type\":\"ReadAction\",\"target\":[\"https:\/\/www.electroluxprofessional.com\/hr\/flexy-compact\/\"]}]},{\"@type\":\"ImageObject\",\"inLanguage\":\"hr\",\"@id\":\"https:\/\/www.electroluxprofessional.com\/hr\/flexy-compact\/#primaryimage\",\"url\":\"https:\/\/www.electroluxprofessional.com\/hr\/wp-content\/uploads\/2020\/10\/serveryline_2000x700-2.jpg\",\"contentUrl\":\"https:\/\/www.electroluxprofessional.com\/hr\/wp-content\/uploads\/2020\/10\/serveryline_2000x700-2.jpg\",\"width\":2000,\"height\":702,\"caption\":\"serveryline_2000x700\"},{\"@type\":\"BreadcrumbList\",\"@id\":\"https:\/\/www.electroluxprofessional.com\/hr\/flexy-compact\/#breadcrumb\",\"itemListElement\":[{\"@type\":\"ListItem\",\"position\":1,\"name\":\"Po\u010detna stranica\",\"item\":\"https:\/\/www.electroluxprofessional.com\/hr\/\"},{\"@type\":\"ListItem\",\"position\":2,\"name\":\"Flexy Compact\"}]},{\"@type\":\"WebSite\",\"@id\":\"https:\/\/www.electroluxprofessional.com\/hr\/#website\",\"url\":\"https:\/\/www.electroluxprofessional.com\/hr\/\",\"name\":\"Electrolux Professional Hrvatska\",\"description\":\"\",\"potentialAction\":[{\"@type\":\"SearchAction\",\"target\":{\"@type\":\"EntryPoint\",\"urlTemplate\":\"https:\/\/www.electroluxprofessional.com\/hr\/?src={search_term_string}\"},\"query-input\":\"required name=search_term_string\"}],\"inLanguage\":\"hr\"}]}<\/script>\n<!-- \/ Yoast SEO plugin. -->","yoast_head_json":{"title":"Flexy Compact - Electrolux Professional Hrvatska","description":"Compact and multifunctional, designed for the perfect fit \u2013 a flexible line of impeccable servery options for your professional requirements.","robots":{"index":"index","follow":"follow","max-snippet":"max-snippet:-1","max-image-preview":"max-image-preview:large","max-video-preview":"max-video-preview:-1"},"canonical":"https:\/\/www.electroluxprofessional.com\/hr\/flexy-compact\/","og_locale":"hr_HR","og_type":"article","og_title":"Flexy Compact - Electrolux Professional Hrvatska","og_description":"Compact and multifunctional, designed for the perfect fit \u2013 a flexible line of impeccable servery options for your professional requirements.","og_url":"https:\/\/www.electroluxprofessional.com\/hr\/flexy-compact\/","og_site_name":"Electrolux Professional Hrvatska","article_modified_time":"2025-11-26T04:23:58+00:00","og_image":[{"width":2000,"height":702,"url":"https:\/\/www.electroluxprofessional.com\/hr\/wp-content\/uploads\/2020\/10\/serveryline_2000x700-2.jpg","type":"image\/jpeg"}],"twitter_card":"summary_large_image","twitter_misc":{"Procijenjeno vrijeme \u010ditanja":"6 minuta"},"schema":{"@context":"https:\/\/schema.org","@graph":[{"@type":"WebPage","@id":"https:\/\/www.electroluxprofessional.com\/hr\/flexy-compact\/","url":"https:\/\/www.electroluxprofessional.com\/hr\/flexy-compact\/","name":"Flexy Compact - Electrolux Professional Hrvatska","isPartOf":{"@id":"https:\/\/www.electroluxprofessional.com\/hr\/#website"},"primaryImageOfPage":{"@id":"https:\/\/www.electroluxprofessional.com\/hr\/flexy-compact\/#primaryimage"},"image":{"@id":"https:\/\/www.electroluxprofessional.com\/hr\/flexy-compact\/#primaryimage"},"thumbnailUrl":"https:\/\/www.electroluxprofessional.com\/hr\/wp-content\/uploads\/2020\/10\/serveryline_2000x700-2.jpg","datePublished":"2025-11-24T23:55:43+00:00","dateModified":"2025-11-26T04:23:58+00:00","description":"Compact and multifunctional, designed for the perfect fit \u2013 a flexible line of impeccable servery options for your professional requirements.","breadcrumb":{"@id":"https:\/\/www.electroluxprofessional.com\/hr\/flexy-compact\/#breadcrumb"},"inLanguage":"hr","potentialAction":[{"@type":"ReadAction","target":["https:\/\/www.electroluxprofessional.com\/hr\/flexy-compact\/"]}]},{"@type":"ImageObject","inLanguage":"hr","@id":"https:\/\/www.electroluxprofessional.com\/hr\/flexy-compact\/#primaryimage","url":"https:\/\/www.electroluxprofessional.com\/hr\/wp-content\/uploads\/2020\/10\/serveryline_2000x700-2.jpg","contentUrl":"https:\/\/www.electroluxprofessional.com\/hr\/wp-content\/uploads\/2020\/10\/serveryline_2000x700-2.jpg","width":2000,"height":702,"caption":"serveryline_2000x700"},{"@type":"BreadcrumbList","@id":"https:\/\/www.electroluxprofessional.com\/hr\/flexy-compact\/#breadcrumb","itemListElement":[{"@type":"ListItem","position":1,"name":"Po\u010detna stranica","item":"https:\/\/www.electroluxprofessional.com\/hr\/"},{"@type":"ListItem","position":2,"name":"Flexy Compact"}]},{"@type":"WebSite","@id":"https:\/\/www.electroluxprofessional.com\/hr\/#website","url":"https:\/\/www.electroluxprofessional.com\/hr\/","name":"Electrolux Professional Hrvatska","description":"","potentialAction":[{"@type":"SearchAction","target":{"@type":"EntryPoint","urlTemplate":"https:\/\/www.electroluxprofessional.com\/hr\/?src={search_term_string}"},"query-input":"required name=search_term_string"}],"inLanguage":"hr"}]}},"_links":{"self":[{"href":"https:\/\/www.electroluxprofessional.com\/hr\/wp-json\/wp\/v2\/pages\/119127"}],"collection":[{"href":"https:\/\/www.electroluxprofessional.com\/hr\/wp-json\/wp\/v2\/pages"}],"about":[{"href":"https:\/\/www.electroluxprofessional.com\/hr\/wp-json\/wp\/v2\/types\/page"}],"author":[{"embeddable":true,"href":"https:\/\/www.electroluxprofessional.com\/hr\/wp-json\/wp\/v2\/users\/149"}],"replies":[{"embeddable":true,"href":"https:\/\/www.electroluxprofessional.com\/hr\/wp-json\/wp\/v2\/comments?post=119127"}],"version-history":[{"count":3,"href":"https:\/\/www.electroluxprofessional.com\/hr\/wp-json\/wp\/v2\/pages\/119127\/revisions"}],"predecessor-version":[{"id":119188,"href":"https:\/\/www.electroluxprofessional.com\/hr\/wp-json\/wp\/v2\/pages\/119127\/revisions\/119188"}],"wp:featuredmedia":[{"embeddable":true,"href":"https:\/\/www.electroluxprofessional.com\/hr\/wp-json\/wp\/v2\/media\/6631"}],"wp:attachment":[{"href":"https:\/\/www.electroluxprofessional.com\/hr\/wp-json\/wp\/v2\/media?parent=119127"}],"curies":[{"name":"wp","href":"https:\/\/api.w.org\/{rel}","templated":true}]}}