{"id":118063,"date":"2024-10-28T07:35:29","date_gmt":"2024-10-28T07:35:29","guid":{"rendered":"https:\/\/www.electroluxprofessional.com\/hr\/?page_id=118063"},"modified":"2025-11-06T13:27:01","modified_gmt":"2025-11-06T13:27:01","slug":"praonice-s-velikim-radnim-opterecenjem","status":"publish","type":"page","link":"https:\/\/www.electroluxprofessional.com\/hr\/komercijalne-praonice\/praonice-s-velikim-radnim-opterecenjem\/","title":{"rendered":"Praonice s velikim radnim optere\u0107enjem"},"content":{"rendered":"<p>[vc_row full_width=&#8221;electroluxpro-full-width-no-padding&#8221; equal_height=&#8221;yes&#8221;][vc_column reveal_effect=&#8221;&#8221;][elx_full_banner title=&#8221;Praonice s velikim radnim optere\u0107enjem&#8221; set_as_h1=&#8221;true&#8221; background_image_media_library=&#8221;118061&#8243; background_image_media_library_mobile=&#8221;118060&#8243;][\/vc_column][\/vc_row][vc_row][vc_column][vc_column_text]<\/p>\n<h1 style=\"text-align: left;\">Ve\u0107a u\u010dinkovitost, ve\u0107a produktivnost, ni\u017ei tro\u0161kovi rada i maksimalna transparentnost u procesu pranja rublja<\/h1>\n<p>[\/vc_column_text][vc_empty_space][elx_heading text_color=&#8221;inherit&#8221;]Na\u0161a rje\u0161enja nude znatne u\u0161tede vremena i novca.[\/elx_heading][vc_column_text css_animation=&#8221;none&#8221;]<\/p>\n<ul>\n<li>Optimalna potro\u0161nja vode, energije i deterd\u017eenta<br \/>\nzahvaljuju\u0107i inteligentnoj tehnologiji<\/li>\n<li>Br\u017ee vrijeme ciklusa<\/li>\n<li>Br\u017ei i ekonomi\u010dniji proces su\u0161enja zbog najmanjeg zadr\u017eavanja vode<\/li>\n<li>Najbolji rezultati gla\u010danja na tr\u017ei\u0161tu<\/li>\n<li>\u0160irok raspon rje\u0161enja za gla\u010danje \u2013 uklju\u010duju\u0107i cjelovite linije za gla\u010danje, zajedno s opremom za umetanje i slaganje<\/li>\n<li>Ve\u0107a fleksibilnost usluge \u2013 stru\u010dnjaci, obuka i najve\u0107a servisna mre\u017ea na svijetu<\/li>\n<\/ul>\n<p>[\/vc_column_text][vc_empty_space][\/vc_column][\/vc_row][vc_row equal_height=&#8221;yes&#8221;][vc_column width=&#8221;1\/2&#8243;][elx_image_block background_image=&#8221;710&#8243; minimum_height=&#8221;600px&#8221;][\/vc_column][vc_column width=&#8221;1\/2&#8243;][elx_simple_block background_color=&#8221;inherit&#8221;][elx_heading text_color=&#8221;inherit&#8221;]HIA profesionalna praonica[\/elx_heading][vc_column_text]<\/p>\n<h3><em>\u201eElectrolux Professional nam je pomogao da se prebacimo u vi\u0161u brzinu.\u201d<\/em><\/h3>\n<p><strong><br \/>\nEva-Maj Axelsson, voditeljica za njegu rublja HIA<br \/>\nEksj\u00f6, \u0160vedska<\/strong>[\/vc_column_text][\/elx_simple_block][\/vc_column][\/vc_row][vc_row][vc_column][vc_empty_space][elx_heading text_color=&#8221;inherit&#8221; text_align=&#8221;text-center&#8221;]Prilago\u0111eno va\u0161im zahtjevima.<br \/>\nOdaberite svoj paket rje\u0161enja.<\/p>\n<p>[\/elx_heading][\/vc_column][\/vc_row][vc_row equal_height=&#8221;yes&#8221;][vc_column width=&#8221;1\/2&#8243;][elx_image_block background_image=&#8221;711&#8243; minimum_height=&#8221;350px&#8221;][\/vc_column][vc_column width=&#8221;1\/2&#8243;][elx_simple_block background_color=&#8221;inherit&#8221;][elx_heading text_color=&#8221;inherit&#8221;]Rje\u0161enje Access[\/elx_heading][vc_column_text]<\/p>\n<ul>\n<li>Izuzetno niska potro\u0161nja vode i energije te do <strong>50\u00a0% u\u0161tede vode za pranje na pola kapaciteta<\/strong><\/li>\n<li><strong>30\u00a0% kra\u0107e<\/strong> vrijeme su\u0161enja<\/li>\n<li>Posebne zna\u010dajke za njegu ravne i glatke posteljine te <strong>trake za gla\u010danje <\/strong>dizajnirane za produljenu upotrebu na visokim temperaturama<\/li>\n<\/ul>\n<p>[\/vc_column_text][vc_column_text]2 perilice rublja s prednjim punjenjem (33 kg)<br \/>\n1 su\u0161ilica rublja (30,5 kg)<br \/>\n1 valjak za gla\u010danje s grijanim cilindrima (2065 mm)[\/vc_column_text][\/elx_simple_block][\/vc_column][\/vc_row][vc_row equal_height=&#8221;yes&#8221; css=&#8221;.vc_custom_1465207502266{padding-top: 30px !important;}&#8221;][vc_column width=&#8221;1\/2&#8243;][elx_image_block background_image=&#8221;709&#8243; minimum_height=&#8221;350px&#8221;][\/vc_column][vc_column width=&#8221;1\/2&#8243;][elx_simple_block background_color=&#8221;inherit&#8221;][elx_heading text_color=&#8221;inherit&#8221;]Rje\u0161enje Advanced[\/elx_heading][vc_column_text]<\/p>\n<ul>\n<li><strong>Izvrsno pranje<\/strong> i njega zahvaljuju\u0107i integriranom sustavu za u\u0161tedu za <strong>optimalno punjenje perilice<\/strong><\/li>\n<li><strong>Do 10\u00a0% br\u017ei i 15\u00a0% energetski u\u010dinkovitiji<\/strong> proces su\u0161enja<\/li>\n<li>Sustav izravnog gla\u010danja s naprednim upravljanjem vlagom<\/li>\n<\/ul>\n<p>[\/vc_column_text][vc_column_text]3 perilice rublja s prednjim punjenjem (45 kg)<br \/>\n1 su\u0161ilica rublja (45 kg)<br \/>\n1 valjak za gla\u010danje s grijanim cilindrima, otvorom za umetanje, elementom za preklapanje i slaganje (3170 mm)[\/vc_column_text][\/elx_simple_block][\/vc_column][\/vc_row][vc_row equal_height=&#8221;yes&#8221; css=&#8221;.vc_custom_1465208851809{padding-top: 30px !important;}&#8221;][vc_column width=&#8221;1\/2&#8243;][elx_image_block background_image=&#8221;713&#8243; minimum_height=&#8221;350px&#8221;][\/vc_column][vc_column width=&#8221;1\/2&#8243;][elx_simple_block background_color=&#8221;inherit&#8221;][elx_heading text_color=&#8221;inherit&#8221;]Rje\u0161enje Superior[\/elx_heading][vc_column_text]<\/p>\n<ul>\n<li><strong>Izvrsno pranje<\/strong> zahvaljuju\u0107i integriranom sustavu za u\u0161tedu za <strong>optimalno punjenje perilice<\/strong> i u\u010dinkovito <strong>doziranje<\/strong> <strong>deterd\u017eenta<\/strong> i vode<\/li>\n<li>Najbolji rezultati i visoka produktivnost: do <strong>10\u00a0% br\u017ei <\/strong>i <strong>15\u00a0% energetski u\u010dinkovitiji<\/strong><\/li>\n<li>Industrijski stroj za gla\u010danje s pomi\u010dnim, izrazito fleksibilnim ku\u0107i\u0161tem i fiksiranim valjkom koji omogu\u0107uju <strong>stalan pritisak i maksimalnu povr\u0161inu za gla\u010danje <\/strong>za vrhunsku kvalitetu gla\u010danja<\/li>\n<\/ul>\n<p>[\/vc_column_text][vc_column_text]3 perilice rublja s prednjim punjenjem (120 kg)<br \/>\n2 perilice rublja s prednjim punjenjem (65 kg)<br \/>\n1 perilica rublja s prednjim punjenjem (20 kg)<br \/>\n4 su\u0161ilice rublja (60 kg)<br \/>\n1 su\u0161ilica rublja (20 kg)<br \/>\n1 x C-Flex stroj za gla\u010danje[\/vc_column_text][\/elx_simple_block][\/vc_column][\/vc_row][vc_row][vc_column][vc_empty_space][\/vc_column][\/vc_row][vc_row el_id=&#8221;contactus&#8221;][vc_column][vc_empty_space][elx_heading text_color=&#8221;inherit&#8221;]Obratite se na\u0161em timu stru\u010dnjaka i saznajte \u0161to Electrolux Professional mo\u017ee u\u010diniti za va\u0161e poslovanje.[\/elx_heading][elx_o2000_contact_us s=&#8221;Zahtjev za informacije: profesionalne praonice&#8221; country=&#8221;Croatia&#8221; b=&#8221;laundry&#8221; container=&#8221;elxcontactus1466427204&#8243; r=&#8221;\u017delim kontaktirati va\u0161 tim stru\u010dnjaka kako bismo zajedno prona\u0161li rje\u0161enje za moje poslovanje.&#8221;][\/vc_column][\/vc_row][vc_row][vc_column][vc_empty_space][\/vc_column][\/vc_row]<\/p>\n","protected":false},"excerpt":{"rendered":"<p>[vc_row full_width=&#8221;electroluxpro-full-width-no-padding&#8221; equal_height=&#8221;yes&#8221;][vc_column reveal_effect=&#8221;&#8221;][elx_full_banner title=&#8221;Praonice s velikim radnim optere\u0107enjem&#8221; set_as_h1=&#8221;true&#8221; background_image_media_library=&#8221;118061&#8243; background_image_media_library_mobile=&#8221;118060&#8243;][\/vc_column][\/vc_row][vc_row][vc_column][vc_column_text] Ve\u0107a u\u010dinkovitost, ve\u0107a produktivnost, ni\u017ei tro\u0161kovi rada i maksimalna transparentnost u procesu pranja rublja [\/vc_column_text][vc_empty_space][elx_heading text_color=&#8221;inherit&#8221;]Na\u0161a rje\u0161enja nude znatne u\u0161tede vremena i novca.[\/elx_heading][vc_column_text css_animation=&#8221;none&#8221;] Optimalna potro\u0161nja vode, energije i deterd\u017eenta zahvaljuju\u0107i inteligentnoj tehnologiji Br\u017ee vrijeme ciklusa Br\u017ei i ekonomi\u010dniji proces su\u0161enja zbog najmanjeg [&hellip;]<\/p>\n","protected":false},"author":149,"featured_media":118060,"parent":2193,"menu_order":0,"comment_status":"closed","ping_status":"closed","template":"","meta":{"footnotes":""},"class_list":["post-118063","page","type-page","status-publish","has-post-thumbnail","hentry"],"acf":[],"yoast_head":"<!-- This site is optimized with the Yoast SEO plugin v23.3 - https:\/\/yoast.com\/wordpress\/plugins\/seo\/ -->\n<title>Praonice s velikim radnim optere\u0107enjem - Electrolux Professional Hrvatska<\/title>\n<meta name=\"description\" content=\"Izuzetno izdr\u017eljive perilice rublja, su\u0161ilice rublja i valjci za gla\u010danje koji traju dulje. Na\u0161im ure\u0111ajima potrebno je manje odr\u017eavanja zahvaljuju\u0107i \u010dvrstoj mehani\u010dkoj konstrukciji.\" \/>\n<meta name=\"robots\" content=\"index, follow, max-snippet:-1, max-image-preview:large, max-video-preview:-1\" \/>\n<link rel=\"canonical\" href=\"https:\/\/www.electroluxprofessional.com\/hr\/komercijalne-praonice\/praonice-s-velikim-radnim-opterecenjem\/\" \/>\n<meta property=\"og:locale\" content=\"hr_HR\" \/>\n<meta property=\"og:type\" content=\"article\" \/>\n<meta property=\"og:title\" content=\"Praonice s velikim radnim optere\u0107enjem - Electrolux Professional Hrvatska\" \/>\n<meta property=\"og:description\" content=\"Izuzetno izdr\u017eljive perilice rublja, su\u0161ilice rublja i valjci za gla\u010danje koji traju dulje. Na\u0161im ure\u0111ajima potrebno je manje odr\u017eavanja zahvaljuju\u0107i \u010dvrstoj mehani\u010dkoj konstrukciji.\" \/>\n<meta property=\"og:url\" content=\"https:\/\/www.electroluxprofessional.com\/hr\/komercijalne-praonice\/praonice-s-velikim-radnim-opterecenjem\/\" \/>\n<meta property=\"og:site_name\" content=\"Electrolux Professional Hrvatska\" \/>\n<meta property=\"article:modified_time\" content=\"2025-11-06T13:27:01+00:00\" \/>\n<meta property=\"og:image\" content=\"https:\/\/www.electroluxprofessional.com\/hr\/wp-content\/uploads\/2024\/10\/Full-Banner-11251583.jpg\" \/>\n\t<meta property=\"og:image:width\" content=\"1125\" \/>\n\t<meta property=\"og:image:height\" content=\"1583\" \/>\n\t<meta property=\"og:image:type\" content=\"image\/jpeg\" \/>\n<meta name=\"twitter:card\" content=\"summary_large_image\" \/>\n<meta name=\"twitter:label1\" content=\"Procijenjeno vrijeme \u010ditanja\" \/>\n\t<meta name=\"twitter:data1\" content=\"3 minute\" \/>\n<script type=\"application\/ld+json\" class=\"yoast-schema-graph\">{\"@context\":\"https:\/\/schema.org\",\"@graph\":[{\"@type\":\"WebPage\",\"@id\":\"https:\/\/www.electroluxprofessional.com\/hr\/komercijalne-praonice\/praonice-s-velikim-radnim-opterecenjem\/\",\"url\":\"https:\/\/www.electroluxprofessional.com\/hr\/komercijalne-praonice\/praonice-s-velikim-radnim-opterecenjem\/\",\"name\":\"Praonice s velikim radnim optere\u0107enjem - Electrolux Professional Hrvatska\",\"isPartOf\":{\"@id\":\"https:\/\/www.electroluxprofessional.com\/hr\/#website\"},\"primaryImageOfPage\":{\"@id\":\"https:\/\/www.electroluxprofessional.com\/hr\/komercijalne-praonice\/praonice-s-velikim-radnim-opterecenjem\/#primaryimage\"},\"image\":{\"@id\":\"https:\/\/www.electroluxprofessional.com\/hr\/komercijalne-praonice\/praonice-s-velikim-radnim-opterecenjem\/#primaryimage\"},\"thumbnailUrl\":\"https:\/\/www.electroluxprofessional.com\/hr\/wp-content\/uploads\/2024\/10\/Full-Banner-11251583.jpg\",\"datePublished\":\"2024-10-28T07:35:29+00:00\",\"dateModified\":\"2025-11-06T13:27:01+00:00\",\"description\":\"Izuzetno izdr\u017eljive perilice rublja, su\u0161ilice rublja i valjci za gla\u010danje koji traju dulje. Na\u0161im ure\u0111ajima potrebno je manje odr\u017eavanja zahvaljuju\u0107i \u010dvrstoj mehani\u010dkoj konstrukciji.\",\"breadcrumb\":{\"@id\":\"https:\/\/www.electroluxprofessional.com\/hr\/komercijalne-praonice\/praonice-s-velikim-radnim-opterecenjem\/#breadcrumb\"},\"inLanguage\":\"hr\",\"potentialAction\":[{\"@type\":\"ReadAction\",\"target\":[\"https:\/\/www.electroluxprofessional.com\/hr\/komercijalne-praonice\/praonice-s-velikim-radnim-opterecenjem\/\"]}]},{\"@type\":\"ImageObject\",\"inLanguage\":\"hr\",\"@id\":\"https:\/\/www.electroluxprofessional.com\/hr\/komercijalne-praonice\/praonice-s-velikim-radnim-opterecenjem\/#primaryimage\",\"url\":\"https:\/\/www.electroluxprofessional.com\/hr\/wp-content\/uploads\/2024\/10\/Full-Banner-11251583.jpg\",\"contentUrl\":\"https:\/\/www.electroluxprofessional.com\/hr\/wp-content\/uploads\/2024\/10\/Full-Banner-11251583.jpg\",\"width\":1125,\"height\":1583},{\"@type\":\"BreadcrumbList\",\"@id\":\"https:\/\/www.electroluxprofessional.com\/hr\/komercijalne-praonice\/praonice-s-velikim-radnim-opterecenjem\/#breadcrumb\",\"itemListElement\":[{\"@type\":\"ListItem\",\"position\":1,\"name\":\"Po\u010detna stranica\",\"item\":\"https:\/\/www.electroluxprofessional.com\/hr\/\"},{\"@type\":\"ListItem\",\"position\":2,\"name\":\"Komercijalne praonice\",\"item\":\"https:\/\/www.electroluxprofessional.com\/hr\/komercijalne-praonice\/\"},{\"@type\":\"ListItem\",\"position\":3,\"name\":\"Praonice s velikim radnim optere\u0107enjem\"}]},{\"@type\":\"WebSite\",\"@id\":\"https:\/\/www.electroluxprofessional.com\/hr\/#website\",\"url\":\"https:\/\/www.electroluxprofessional.com\/hr\/\",\"name\":\"Electrolux Professional Hrvatska\",\"description\":\"\",\"potentialAction\":[{\"@type\":\"SearchAction\",\"target\":{\"@type\":\"EntryPoint\",\"urlTemplate\":\"https:\/\/www.electroluxprofessional.com\/hr\/?src={search_term_string}\"},\"query-input\":\"required name=search_term_string\"}],\"inLanguage\":\"hr\"}]}<\/script>\n<!-- \/ Yoast SEO plugin. -->","yoast_head_json":{"title":"Praonice s velikim radnim optere\u0107enjem - Electrolux Professional Hrvatska","description":"Izuzetno izdr\u017eljive perilice rublja, su\u0161ilice rublja i valjci za gla\u010danje koji traju dulje. Na\u0161im ure\u0111ajima potrebno je manje odr\u017eavanja zahvaljuju\u0107i \u010dvrstoj mehani\u010dkoj konstrukciji.","robots":{"index":"index","follow":"follow","max-snippet":"max-snippet:-1","max-image-preview":"max-image-preview:large","max-video-preview":"max-video-preview:-1"},"canonical":"https:\/\/www.electroluxprofessional.com\/hr\/komercijalne-praonice\/praonice-s-velikim-radnim-opterecenjem\/","og_locale":"hr_HR","og_type":"article","og_title":"Praonice s velikim radnim optere\u0107enjem - Electrolux Professional Hrvatska","og_description":"Izuzetno izdr\u017eljive perilice rublja, su\u0161ilice rublja i valjci za gla\u010danje koji traju dulje. Na\u0161im ure\u0111ajima potrebno je manje odr\u017eavanja zahvaljuju\u0107i \u010dvrstoj mehani\u010dkoj konstrukciji.","og_url":"https:\/\/www.electroluxprofessional.com\/hr\/komercijalne-praonice\/praonice-s-velikim-radnim-opterecenjem\/","og_site_name":"Electrolux Professional Hrvatska","article_modified_time":"2025-11-06T13:27:01+00:00","og_image":[{"width":1125,"height":1583,"url":"https:\/\/www.electroluxprofessional.com\/hr\/wp-content\/uploads\/2024\/10\/Full-Banner-11251583.jpg","type":"image\/jpeg"}],"twitter_card":"summary_large_image","twitter_misc":{"Procijenjeno vrijeme \u010ditanja":"3 minute"},"schema":{"@context":"https:\/\/schema.org","@graph":[{"@type":"WebPage","@id":"https:\/\/www.electroluxprofessional.com\/hr\/komercijalne-praonice\/praonice-s-velikim-radnim-opterecenjem\/","url":"https:\/\/www.electroluxprofessional.com\/hr\/komercijalne-praonice\/praonice-s-velikim-radnim-opterecenjem\/","name":"Praonice s velikim radnim optere\u0107enjem - Electrolux Professional Hrvatska","isPartOf":{"@id":"https:\/\/www.electroluxprofessional.com\/hr\/#website"},"primaryImageOfPage":{"@id":"https:\/\/www.electroluxprofessional.com\/hr\/komercijalne-praonice\/praonice-s-velikim-radnim-opterecenjem\/#primaryimage"},"image":{"@id":"https:\/\/www.electroluxprofessional.com\/hr\/komercijalne-praonice\/praonice-s-velikim-radnim-opterecenjem\/#primaryimage"},"thumbnailUrl":"https:\/\/www.electroluxprofessional.com\/hr\/wp-content\/uploads\/2024\/10\/Full-Banner-11251583.jpg","datePublished":"2024-10-28T07:35:29+00:00","dateModified":"2025-11-06T13:27:01+00:00","description":"Izuzetno izdr\u017eljive perilice rublja, su\u0161ilice rublja i valjci za gla\u010danje koji traju dulje. Na\u0161im ure\u0111ajima potrebno je manje odr\u017eavanja zahvaljuju\u0107i \u010dvrstoj mehani\u010dkoj konstrukciji.","breadcrumb":{"@id":"https:\/\/www.electroluxprofessional.com\/hr\/komercijalne-praonice\/praonice-s-velikim-radnim-opterecenjem\/#breadcrumb"},"inLanguage":"hr","potentialAction":[{"@type":"ReadAction","target":["https:\/\/www.electroluxprofessional.com\/hr\/komercijalne-praonice\/praonice-s-velikim-radnim-opterecenjem\/"]}]},{"@type":"ImageObject","inLanguage":"hr","@id":"https:\/\/www.electroluxprofessional.com\/hr\/komercijalne-praonice\/praonice-s-velikim-radnim-opterecenjem\/#primaryimage","url":"https:\/\/www.electroluxprofessional.com\/hr\/wp-content\/uploads\/2024\/10\/Full-Banner-11251583.jpg","contentUrl":"https:\/\/www.electroluxprofessional.com\/hr\/wp-content\/uploads\/2024\/10\/Full-Banner-11251583.jpg","width":1125,"height":1583},{"@type":"BreadcrumbList","@id":"https:\/\/www.electroluxprofessional.com\/hr\/komercijalne-praonice\/praonice-s-velikim-radnim-opterecenjem\/#breadcrumb","itemListElement":[{"@type":"ListItem","position":1,"name":"Po\u010detna stranica","item":"https:\/\/www.electroluxprofessional.com\/hr\/"},{"@type":"ListItem","position":2,"name":"Komercijalne praonice","item":"https:\/\/www.electroluxprofessional.com\/hr\/komercijalne-praonice\/"},{"@type":"ListItem","position":3,"name":"Praonice s velikim radnim optere\u0107enjem"}]},{"@type":"WebSite","@id":"https:\/\/www.electroluxprofessional.com\/hr\/#website","url":"https:\/\/www.electroluxprofessional.com\/hr\/","name":"Electrolux Professional Hrvatska","description":"","potentialAction":[{"@type":"SearchAction","target":{"@type":"EntryPoint","urlTemplate":"https:\/\/www.electroluxprofessional.com\/hr\/?src={search_term_string}"},"query-input":"required name=search_term_string"}],"inLanguage":"hr"}]}},"_links":{"self":[{"href":"https:\/\/www.electroluxprofessional.com\/hr\/wp-json\/wp\/v2\/pages\/118063"}],"collection":[{"href":"https:\/\/www.electroluxprofessional.com\/hr\/wp-json\/wp\/v2\/pages"}],"about":[{"href":"https:\/\/www.electroluxprofessional.com\/hr\/wp-json\/wp\/v2\/types\/page"}],"author":[{"embeddable":true,"href":"https:\/\/www.electroluxprofessional.com\/hr\/wp-json\/wp\/v2\/users\/149"}],"replies":[{"embeddable":true,"href":"https:\/\/www.electroluxprofessional.com\/hr\/wp-json\/wp\/v2\/comments?post=118063"}],"version-history":[{"count":5,"href":"https:\/\/www.electroluxprofessional.com\/hr\/wp-json\/wp\/v2\/pages\/118063\/revisions"}],"predecessor-version":[{"id":118995,"href":"https:\/\/www.electroluxprofessional.com\/hr\/wp-json\/wp\/v2\/pages\/118063\/revisions\/118995"}],"up":[{"embeddable":true,"href":"https:\/\/www.electroluxprofessional.com\/hr\/wp-json\/wp\/v2\/pages\/2193"}],"wp:featuredmedia":[{"embeddable":true,"href":"https:\/\/www.electroluxprofessional.com\/hr\/wp-json\/wp\/v2\/media\/118060"}],"wp:attachment":[{"href":"https:\/\/www.electroluxprofessional.com\/hr\/wp-json\/wp\/v2\/media?parent=118063"}],"curies":[{"name":"wp","href":"https:\/\/api.w.org\/{rel}","templated":true}]}}