{"id":117920,"date":"2024-10-09T21:25:52","date_gmt":"2024-10-09T21:25:52","guid":{"rendered":"https:\/\/www.electroluxprofessional.com\/hr\/?page_id=117920"},"modified":"2024-10-14T06:17:33","modified_gmt":"2024-10-14T06:17:33","slug":"flexy-style","status":"publish","type":"page","link":"https:\/\/www.electroluxprofessional.com\/hr\/kuhinjska-oprema\/flexy-line\/flexy-style\/","title":{"rendered":"Flexy Style"},"content":{"rendered":"<p>[vc_row full_width=&#8221;electroluxpro-full-width-no-padding&#8221;][vc_column][elx_image_block background_image=&#8221;117904&#8243; minimum_height=&#8221;400px&#8221;][\/vc_column][\/vc_row][vc_row][vc_column][vc_empty_space][elx_heading font_container=&#8221;h1&#8243; text_color=&#8221;electrolux-blue&#8221; text_align=&#8221;text-center&#8221;]Flexy Style i Style<sup>JR<\/sup><br \/>\nZadovoljava va\u0161e potrebe, odgovara va\u0161em ukusu[\/elx_heading][vc_empty_space height=&#8221;50px&#8221;][\/vc_column][\/vc_row][vc_row][vc_column][vc_single_image image=&#8221;117881&#8243; img_size=&#8221;full&#8221; alignment=&#8221;center&#8221;][vc_empty_space][elx_download_block text=&#8221;Preuzmite bro\u0161uru za Flexy Style&#8221; file_picker=&#8221;37200&#8243; background_color=&#8221;electrolux-blue&#8221;][vc_empty_space height=&#8221;50px&#8221;][\/vc_column][\/vc_row][vc_row][vc_column][vc_column_text]<\/p>\n<h2 style=\"text-align: center;\">Elegantna jednostavnost,<br \/>\noptimalna funkcionalnost<\/h2>\n<p>[\/vc_column_text][vc_empty_space][\/vc_column][\/vc_row][vc_row][vc_column width=&#8221;1\/3&#8243;][vc_column_text]<strong><b>Savr\u0161eno prianjanje<\/b><\/strong><\/p>\n<p>Flexy Drop-in (ugradbene) funkcije savr\u0161eno su poravnane s kvarcnom povr\u0161inom. Nisu samo ugodne oku ve\u0107 se lako \u010diste i omogu\u0107avaju savr\u0161enu higijenu.[\/vc_column_text][vc_empty_space][vc_single_image image=&#8221;117905&#8243; img_size=&#8221;large&#8221; alignment=&#8221;center&#8221;][vc_empty_space][\/vc_column][vc_column width=&#8221;1\/3&#8243;][vc_column_text]<strong><b>Ugodno osvjetljenje<\/b><\/strong><\/p>\n<p>Svjetla su klju\u010dna ne samo za dizajn i izgled, ve\u0107 i za optimalnu vidljivost jela i namirnica.[\/vc_column_text][vc_empty_space][vc_empty_space height=&#8221;58px&#8221;][vc_single_image image=&#8221;117906&#8243; img_size=&#8221;large&#8221; alignment=&#8221;center&#8221;][vc_empty_space][\/vc_column][vc_column width=&#8221;1\/3&#8243;][vc_column_text]<strong><b>Optimalna nadgradnja<\/b><\/strong><\/p>\n<p>Linearno, minimalno, bez kop\u010di i dijelova koji se preklapaju, samo staklo i nehr\u0111aju\u0107i \u010delik. Izvrstan dizajn u kombinaciji s najvi\u0161im higijenskim standardima.[\/vc_column_text][vc_empty_space height=&#8221;61px&#8221;][vc_single_image image=&#8221;117907&#8243; img_size=&#8221;large&#8221; alignment=&#8221;center&#8221;][vc_empty_space][\/vc_column][\/vc_row][vc_row][vc_column][vc_empty_space][\/vc_column][\/vc_row][vc_row][vc_column width=&#8221;1\/3&#8243;][vc_column_text]<strong><b>Elegancija kvarca<\/b><\/strong><\/p>\n<p>Povr\u0161ine od kvarca nisu samo moderne, izdr\u017eljive i jednostavne za \u010di\u0161\u0107enje ve\u0107 su i <strong><b>potpuno higijenske<\/b><\/strong>\u00a0jer nisu porozne \u0161to zna\u010di da nisu pogodne za razvoj bakterija i virusa.[\/vc_column_text][vc_empty_space][\/vc_column][vc_column width=&#8221;2\/3&#8243;][vc_single_image image=&#8221;117908&#8243; img_size=&#8221;full&#8221; alignment=&#8221;center&#8221;][\/vc_column][\/vc_row][vc_row][vc_column][vc_empty_space height=&#8221;50px&#8221;][vc_column_text]<\/p>\n<h2 style=\"text-align: center;\">Vidljivost odozgora<\/h2>\n<p>[\/vc_column_text][vc_empty_space][\/vc_column][\/vc_row][vc_row][vc_column width=&#8221;1\/3&#8243;][vc_column_text]<strong>Inclined shelving<\/strong> and levelled display for perfect visibility[\/vc_column_text][vc_empty_space height=&#8221;60px&#8221;][vc_single_image image=&#8221;117909&#8243; img_size=&#8221;large&#8221; alignment=&#8221;center&#8221;][vc_empty_space][\/vc_column][vc_column width=&#8221;1\/3&#8243;][vc_column_text]<strong><b>LED svjetla<\/b><\/strong>: za bolje osvjetljenje i istaknute boje kako bi jela izgledala ukusnije i primamljivije.[\/vc_column_text][vc_empty_space][vc_single_image image=&#8221;117910&#8243; img_size=&#8221;large&#8221; alignment=&#8221;center&#8221;][vc_empty_space][\/vc_column][vc_column width=&#8221;1\/3&#8243;][vc_column_text]<strong><b>Jednostavna, linearna konstrukcija<\/b><\/strong>\u00a0i minimalne linije za izvrsnu preglednost i jednostavno \u010di\u0161\u0107enje.[\/vc_column_text][vc_empty_space][vc_single_image image=&#8221;117911&#8243; img_size=&#8221;large&#8221; alignment=&#8221;center&#8221;][vc_empty_space][\/vc_column][\/vc_row][vc_row css=&#8221;.vc_custom_1636449864931{background-color: #f2f2f2 !important;}&#8221;][vc_column][vc_empty_space height=&#8221;50px&#8221;][vc_row_inner][vc_column_inner width=&#8221;1\/3&#8243;][vc_column_text]<\/p>\n<h2>Dojmljivo<br \/>\nosvjetljenje<\/h2>\n<p>[\/vc_column_text][\/vc_column_inner][vc_column_inner width=&#8221;2\/3&#8243;][vc_column_text]Optimalno postavljena LED ili halogena rasvjeta osvjetljava prostor ispod kliza\u010da za tanjure, oko panela i prostor za tanjure kako bi se istaknula elegancija minimalnog dizajna, ugodnih linija i razli\u010ditih obloga.[\/vc_column_text][\/vc_column_inner][\/vc_row_inner][vc_empty_space][vc_row_inner][vc_column_inner width=&#8221;1\/3&#8243;][vc_single_image image=&#8221;117912&#8243; img_size=&#8221;full&#8221;][vc_empty_space][\/vc_column_inner][vc_column_inner width=&#8221;1\/3&#8243;][vc_single_image image=&#8221;117913&#8243; img_size=&#8221;full&#8221;][vc_empty_space][\/vc_column_inner][vc_column_inner width=&#8221;1\/3&#8243;][vc_single_image image=&#8221;117914&#8243; img_size=&#8221;full&#8221;][vc_empty_space][\/vc_column_inner][\/vc_row_inner][vc_empty_space height=&#8221;50px&#8221;][\/vc_column][\/vc_row][vc_row][vc_column][vc_empty_space height=&#8221;50px&#8221;][vc_column_text]<\/p>\n<h2>\u010ciste povr\u0161ine,<br \/>\nsretni gosti<\/h2>\n<p>[\/vc_column_text][vc_empty_space][\/vc_column][\/vc_row][vc_row][vc_column width=&#8221;1\/3&#8243;][vc_single_image image=&#8221;117915&#8243; img_size=&#8221;full&#8221;][vc_empty_space][vc_column_text]Drop-in (ugradbene) funkcije savr\u0161eno su poravnane s kvarcnom povr\u0161inom, ostatci hrane ne mogu se zaglaviti u procjepima, \u010di\u0161\u0107enje je jednostavnije, a higijena zajam\u010dena.[\/vc_column_text][vc_empty_space][\/vc_column][vc_column width=&#8221;1\/3&#8243;][vc_single_image image=&#8221;117916&#8243; img_size=&#8221;full&#8221; alignment=&#8221;center&#8221;][vc_empty_space][vc_column_text]Nadgradnja ne uklju\u010duje kop\u010de ili dijelove koji se preklapaju, \u0161to \u010di\u0161\u0107enje \u010dini jednostavnijim.[\/vc_column_text][vc_empty_space][\/vc_column][vc_column width=&#8221;1\/3&#8243;][vc_single_image image=&#8221;117917&#8243; img_size=&#8221;full&#8221; alignment=&#8221;center&#8221;][vc_empty_space][vc_column_text]Linije kliza\u010da za tanjure izra\u0111ene su od \u010delika, lako se \u010diste i sanitiziraju, bez zaostalih ostataka hrane.[\/vc_column_text][vc_empty_space][\/vc_column][\/vc_row][vc_row][vc_column][vc_empty_space height=&#8221;50px&#8221;][\/vc_column][\/vc_row][vc_row css=&#8221;.vc_custom_1636449864931{background-color: #f2f2f2 !important;}&#8221;][vc_column][vc_empty_space height=&#8221;50px&#8221;][vc_row_inner][vc_column_inner width=&#8221;1\/3&#8243;][vc_column_text]<\/p>\n<h2>Flexy<br \/>\nVA\u0160 stil<\/h2>\n<p>[\/vc_column_text][vc_empty_space][vc_column_text]U potpunosti prilago\u0111eno. Koji god bio va\u0161 stil, va\u0161e \u0107emo ideje pretvoriti u stvarnost. Obratite se svojem projektantu i po\u0161aljite nam svoj dizajn kako bismo izradili rje\u0161enje prilago\u0111eno vama i va\u0161em poslovanju.[\/vc_column_text][vc_empty_space][\/vc_column_inner][vc_column_inner width=&#8221;2\/3&#8243;][vc_single_image image=&#8221;117918&#8243; img_size=&#8221;full&#8221;][\/vc_column_inner][\/vc_row_inner][vc_empty_space height=&#8221;50px&#8221;][\/vc_column][\/vc_row][vc_row][vc_column][vc_empty_space height=&#8221;50px&#8221;][elx_heading text_color=&#8221;inherit&#8221; text_align=&#8221;text-center&#8221;]Drop-in (ugradbene) funkcije u sklopu linije Flexy[\/elx_heading][vc_empty_space][elx_heading text_color=&#8221;inherit&#8221; text_align=&#8221;text-center&#8221;]12 funkcija u \u0161est veli\u010dina.<br \/>\nNeograni\u010dene mogu\u0107nosti za va\u0161e poslovanje[\/elx_heading][vc_column_text]<\/p>\n<p style=\"text-align: center;\">Toplo ili hladno \u2013 ma \u0161to va\u0161im klijentima trebalo, mi imamo rje\u0161enje.<\/p>\n<p>[\/vc_column_text][vc_empty_space][vc_row_inner][vc_column_inner width=&#8221;1\/6&#8243;][vc_empty_space][\/vc_column_inner][vc_column_inner width=&#8221;1\/6&#8243;][vc_empty_space][\/vc_column_inner][vc_column_inner width=&#8221;1\/6&#8243;][vc_single_image image=&#8221;117890&#8243; img_size=&#8221;100&#215;100&#8243; alignment=&#8221;center&#8221;][vc_empty_space height=&#8221;20px&#8221;][vc_column_text]<\/p>\n<h5 style=\"text-align: center;\">Vru\u0107e<br \/>\nfunkcije<\/h5>\n<p>[\/vc_column_text][vc_empty_space][\/vc_column_inner][vc_column_inner width=&#8221;1\/6&#8243;][vc_single_image image=&#8221;117891&#8243; img_size=&#8221;100&#215;100&#8243; alignment=&#8221;center&#8221;][vc_empty_space height=&#8221;20px&#8221;][vc_column_text]<\/p>\n<h5 style=\"text-align: center;\">Hladne<br \/>\nfunkcije<\/h5>\n<p>[\/vc_column_text][vc_empty_space][\/vc_column_inner][vc_column_inner width=&#8221;1\/6&#8243;][vc_empty_space][\/vc_column_inner][vc_column_inner width=&#8221;1\/6&#8243;][vc_empty_space][\/vc_column_inner][\/vc_row_inner][vc_empty_space][elx_button button_text=&#8221;Istra\u017eite Drop-in (ugradbene) funkcije&#8221; button_display_block=&#8221;display_block_on&#8221; button_alignment=&#8221;align_center&#8221; button_link=&#8221;url:https%3A%2F%2Fwww.electroluxprofessional.com%2Fhr%2Fflexy-drop-in%2F|title:Flexy%20Drop-in&#8221;][vc_empty_space height=&#8221;50px&#8221;][\/vc_column][\/vc_row][vc_row css=&#8221;.vc_custom_1636449864931{background-color: #f2f2f2 !important;}&#8221;][vc_column][vc_empty_space height=&#8221;50px&#8221;][vc_row_inner][vc_column_inner width=&#8221;1\/3&#8243;][vc_column_text]Nemate dovoljno mjesta za Flexy Style?[\/vc_column_text][vc_empty_space][\/vc_column_inner][vc_column_inner width=&#8221;1\/3&#8243;][vc_column_text]<strong><b>Bez brige, Flexy Compact je ono \u0161to vam treba!<\/b><\/strong><\/p>\n<p>Mobilno rje\u0161enje omogu\u0107uje vam da organizirate prostor za objedovanje kako \u017eelite, ovisno o potrebama tijekom dana. Za savr\u0161eno jednostavan tijek rada.[\/vc_column_text][vc_empty_space][\/vc_column_inner][vc_column_inner width=&#8221;1\/3&#8243;][vc_single_image image=&#8221;117919&#8243; img_size=&#8221;full&#8221; alignment=&#8221;center&#8221;][vc_empty_space][\/vc_column_inner][\/vc_row_inner][elx_button button_text=&#8221;Istra\u017eite Flexy Compact&#8221; button_display_block=&#8221;display_block_on&#8221; button_alignment=&#8221;align_center&#8221; button_link=&#8221;url:https%3A%2F%2Fwww.electroluxprofessional.com%2Fhr%2Fflexy-compact%2F|title:Flexy%20Compact&#8221;][vc_empty_space height=&#8221;50px&#8221;][\/vc_column][\/vc_row][vc_row][vc_column][vc_empty_space height=&#8221;50px&#8221;][elx_heading font_size=&#8221;h3&#8243; text_color=&#8221;inherit&#8221; text_align=&#8221;text-center&#8221;]Obratite nam se za vi\u0161e informacija o rje\u0161enjima Flexy Style.[\/elx_heading][elx_o2000_contact_us s=&#8221;Zahtjev za informacije o opremi za poslu\u017eivanje&#8221; country=&#8221;Croatia&#8221; b=&#8221;food&#8221; container=&#8221;elxcontactus1479284563&#8243; r=&#8221;\u017delim saznati vi\u0161e o opremi za poslu\u017eivanje. Molim vas da mi se javite.&#8221;][vc_empty_space height=&#8221;50px&#8221;][\/vc_column][\/vc_row]<\/p>\n","protected":false},"excerpt":{"rendered":"<p>[vc_row full_width=&#8221;electroluxpro-full-width-no-padding&#8221;][vc_column][elx_image_block background_image=&#8221;117904&#8243; minimum_height=&#8221;400px&#8221;][\/vc_column][\/vc_row][vc_row][vc_column][vc_empty_space][elx_heading font_container=&#8221;h1&#8243; text_color=&#8221;electrolux-blue&#8221; text_align=&#8221;text-center&#8221;]Flexy Style i StyleJR Zadovoljava va\u0161e potrebe, odgovara va\u0161em ukusu[\/elx_heading][vc_empty_space height=&#8221;50px&#8221;][\/vc_column][\/vc_row][vc_row][vc_column][vc_single_image image=&#8221;117881&#8243; img_size=&#8221;full&#8221; alignment=&#8221;center&#8221;][vc_empty_space][elx_download_block text=&#8221;Preuzmite bro\u0161uru za Flexy Style&#8221; file_picker=&#8221;37200&#8243; background_color=&#8221;electrolux-blue&#8221;][vc_empty_space height=&#8221;50px&#8221;][\/vc_column][\/vc_row][vc_row][vc_column][vc_column_text] Elegantna jednostavnost, optimalna funkcionalnost [\/vc_column_text][vc_empty_space][\/vc_column][\/vc_row][vc_row][vc_column width=&#8221;1\/3&#8243;][vc_column_text]Savr\u0161eno prianjanje Flexy Drop-in (ugradbene) funkcije savr\u0161eno su poravnane s kvarcnom povr\u0161inom. Nisu samo ugodne oku ve\u0107 se lako \u010diste i omogu\u0107avaju [&hellip;]<\/p>\n","protected":false},"author":149,"featured_media":117904,"parent":117884,"menu_order":0,"comment_status":"closed","ping_status":"closed","template":"","meta":{"footnotes":""},"class_list":["post-117920","page","type-page","status-publish","has-post-thumbnail","hentry"],"acf":[],"yoast_head":"<!-- This site is optimized with the Yoast SEO plugin v23.3 - https:\/\/yoast.com\/wordpress\/plugins\/seo\/ -->\n<title>Flexy Style - Electrolux Professional Hrvatska<\/title>\n<meta name=\"description\" content=\"Zadovoljite sve \u017eelje svojih gostiju s naglaskom na novim gastronomskim trendovima i odr\u017eivosti bez kompromisa na stilu i dizajnu. Flexy Style prvo je rje\u0161enje s kvarcnom povr\u0161inom bez tro\u0161enja vremena na dizajniranje. Odaberite me\u0111u vi\u0161e od 30.000 kombinacija, sve \u0161to vam treba spremno je za vas\" \/>\n<meta name=\"robots\" content=\"index, follow, max-snippet:-1, max-image-preview:large, max-video-preview:-1\" \/>\n<link rel=\"canonical\" href=\"https:\/\/www.electroluxprofessional.com\/hr\/kuhinjska-oprema\/flexy-line\/flexy-style\/\" \/>\n<meta property=\"og:locale\" content=\"hr_HR\" \/>\n<meta property=\"og:type\" content=\"article\" \/>\n<meta property=\"og:title\" content=\"Flexy Style - Electrolux Professional Hrvatska\" \/>\n<meta property=\"og:description\" content=\"Zadovoljite sve \u017eelje svojih gostiju s naglaskom na novim gastronomskim trendovima i odr\u017eivosti bez kompromisa na stilu i dizajnu. Flexy Style prvo je rje\u0161enje s kvarcnom povr\u0161inom bez tro\u0161enja vremena na dizajniranje. Odaberite me\u0111u vi\u0161e od 30.000 kombinacija, sve \u0161to vam treba spremno je za vas\" \/>\n<meta property=\"og:url\" content=\"https:\/\/www.electroluxprofessional.com\/hr\/kuhinjska-oprema\/flexy-line\/flexy-style\/\" \/>\n<meta property=\"og:site_name\" content=\"Electrolux Professional Hrvatska\" \/>\n<meta property=\"article:modified_time\" content=\"2024-10-14T06:17:33+00:00\" \/>\n<meta property=\"og:image\" content=\"https:\/\/www.electroluxprofessional.com\/hr\/wp-content\/uploads\/2024\/10\/EPR-Flexy-Style-Luxury-Hotel.jpg\" \/>\n\t<meta property=\"og:image:width\" content=\"2000\" \/>\n\t<meta property=\"og:image:height\" content=\"702\" \/>\n\t<meta property=\"og:image:type\" content=\"image\/jpeg\" \/>\n<meta name=\"twitter:card\" content=\"summary_large_image\" \/>\n<meta name=\"twitter:label1\" content=\"Procijenjeno vrijeme \u010ditanja\" \/>\n\t<meta name=\"twitter:data1\" content=\"7 minuta\" \/>\n<script type=\"application\/ld+json\" class=\"yoast-schema-graph\">{\"@context\":\"https:\/\/schema.org\",\"@graph\":[{\"@type\":\"WebPage\",\"@id\":\"https:\/\/www.electroluxprofessional.com\/hr\/kuhinjska-oprema\/flexy-line\/flexy-style\/\",\"url\":\"https:\/\/www.electroluxprofessional.com\/hr\/kuhinjska-oprema\/flexy-line\/flexy-style\/\",\"name\":\"Flexy Style - Electrolux Professional Hrvatska\",\"isPartOf\":{\"@id\":\"https:\/\/www.electroluxprofessional.com\/hr\/#website\"},\"primaryImageOfPage\":{\"@id\":\"https:\/\/www.electroluxprofessional.com\/hr\/kuhinjska-oprema\/flexy-line\/flexy-style\/#primaryimage\"},\"image\":{\"@id\":\"https:\/\/www.electroluxprofessional.com\/hr\/kuhinjska-oprema\/flexy-line\/flexy-style\/#primaryimage\"},\"thumbnailUrl\":\"https:\/\/www.electroluxprofessional.com\/hr\/wp-content\/uploads\/2024\/10\/EPR-Flexy-Style-Luxury-Hotel.jpg\",\"datePublished\":\"2024-10-09T21:25:52+00:00\",\"dateModified\":\"2024-10-14T06:17:33+00:00\",\"description\":\"Zadovoljite sve \u017eelje svojih gostiju s naglaskom na novim gastronomskim trendovima i odr\u017eivosti bez kompromisa na stilu i dizajnu. Flexy Style prvo je rje\u0161enje s kvarcnom povr\u0161inom bez tro\u0161enja vremena na dizajniranje. Odaberite me\u0111u vi\u0161e od 30.000 kombinacija, sve \u0161to vam treba spremno je za vas\",\"breadcrumb\":{\"@id\":\"https:\/\/www.electroluxprofessional.com\/hr\/kuhinjska-oprema\/flexy-line\/flexy-style\/#breadcrumb\"},\"inLanguage\":\"hr\",\"potentialAction\":[{\"@type\":\"ReadAction\",\"target\":[\"https:\/\/www.electroluxprofessional.com\/hr\/kuhinjska-oprema\/flexy-line\/flexy-style\/\"]}]},{\"@type\":\"ImageObject\",\"inLanguage\":\"hr\",\"@id\":\"https:\/\/www.electroluxprofessional.com\/hr\/kuhinjska-oprema\/flexy-line\/flexy-style\/#primaryimage\",\"url\":\"https:\/\/www.electroluxprofessional.com\/hr\/wp-content\/uploads\/2024\/10\/EPR-Flexy-Style-Luxury-Hotel.jpg\",\"contentUrl\":\"https:\/\/www.electroluxprofessional.com\/hr\/wp-content\/uploads\/2024\/10\/EPR-Flexy-Style-Luxury-Hotel.jpg\",\"width\":2000,\"height\":702},{\"@type\":\"BreadcrumbList\",\"@id\":\"https:\/\/www.electroluxprofessional.com\/hr\/kuhinjska-oprema\/flexy-line\/flexy-style\/#breadcrumb\",\"itemListElement\":[{\"@type\":\"ListItem\",\"position\":1,\"name\":\"Po\u010detna stranica\",\"item\":\"https:\/\/www.electroluxprofessional.com\/hr\/\"},{\"@type\":\"ListItem\",\"position\":2,\"name\":\"Kuhinjska oprema\",\"item\":\"https:\/\/www.electroluxprofessional.com\/hr\/kuhinjska-oprema\/\"},{\"@type\":\"ListItem\",\"position\":3,\"name\":\"Linija Flexy\",\"item\":\"https:\/\/www.electroluxprofessional.com\/hr\/kuhinjska-oprema\/flexy-line\/\"},{\"@type\":\"ListItem\",\"position\":4,\"name\":\"Flexy Style\"}]},{\"@type\":\"WebSite\",\"@id\":\"https:\/\/www.electroluxprofessional.com\/hr\/#website\",\"url\":\"https:\/\/www.electroluxprofessional.com\/hr\/\",\"name\":\"Electrolux Professional Hrvatska\",\"description\":\"\",\"potentialAction\":[{\"@type\":\"SearchAction\",\"target\":{\"@type\":\"EntryPoint\",\"urlTemplate\":\"https:\/\/www.electroluxprofessional.com\/hr\/?src={search_term_string}\"},\"query-input\":\"required name=search_term_string\"}],\"inLanguage\":\"hr\"}]}<\/script>\n<!-- \/ Yoast SEO plugin. -->","yoast_head_json":{"title":"Flexy Style - Electrolux Professional Hrvatska","description":"Zadovoljite sve \u017eelje svojih gostiju s naglaskom na novim gastronomskim trendovima i odr\u017eivosti bez kompromisa na stilu i dizajnu. Flexy Style prvo je rje\u0161enje s kvarcnom povr\u0161inom bez tro\u0161enja vremena na dizajniranje. Odaberite me\u0111u vi\u0161e od 30.000 kombinacija, sve \u0161to vam treba spremno je za vas","robots":{"index":"index","follow":"follow","max-snippet":"max-snippet:-1","max-image-preview":"max-image-preview:large","max-video-preview":"max-video-preview:-1"},"canonical":"https:\/\/www.electroluxprofessional.com\/hr\/kuhinjska-oprema\/flexy-line\/flexy-style\/","og_locale":"hr_HR","og_type":"article","og_title":"Flexy Style - Electrolux Professional Hrvatska","og_description":"Zadovoljite sve \u017eelje svojih gostiju s naglaskom na novim gastronomskim trendovima i odr\u017eivosti bez kompromisa na stilu i dizajnu. Flexy Style prvo je rje\u0161enje s kvarcnom povr\u0161inom bez tro\u0161enja vremena na dizajniranje. Odaberite me\u0111u vi\u0161e od 30.000 kombinacija, sve \u0161to vam treba spremno je za vas","og_url":"https:\/\/www.electroluxprofessional.com\/hr\/kuhinjska-oprema\/flexy-line\/flexy-style\/","og_site_name":"Electrolux Professional Hrvatska","article_modified_time":"2024-10-14T06:17:33+00:00","og_image":[{"width":2000,"height":702,"url":"https:\/\/www.electroluxprofessional.com\/hr\/wp-content\/uploads\/2024\/10\/EPR-Flexy-Style-Luxury-Hotel.jpg","type":"image\/jpeg"}],"twitter_card":"summary_large_image","twitter_misc":{"Procijenjeno vrijeme \u010ditanja":"7 minuta"},"schema":{"@context":"https:\/\/schema.org","@graph":[{"@type":"WebPage","@id":"https:\/\/www.electroluxprofessional.com\/hr\/kuhinjska-oprema\/flexy-line\/flexy-style\/","url":"https:\/\/www.electroluxprofessional.com\/hr\/kuhinjska-oprema\/flexy-line\/flexy-style\/","name":"Flexy Style - Electrolux Professional Hrvatska","isPartOf":{"@id":"https:\/\/www.electroluxprofessional.com\/hr\/#website"},"primaryImageOfPage":{"@id":"https:\/\/www.electroluxprofessional.com\/hr\/kuhinjska-oprema\/flexy-line\/flexy-style\/#primaryimage"},"image":{"@id":"https:\/\/www.electroluxprofessional.com\/hr\/kuhinjska-oprema\/flexy-line\/flexy-style\/#primaryimage"},"thumbnailUrl":"https:\/\/www.electroluxprofessional.com\/hr\/wp-content\/uploads\/2024\/10\/EPR-Flexy-Style-Luxury-Hotel.jpg","datePublished":"2024-10-09T21:25:52+00:00","dateModified":"2024-10-14T06:17:33+00:00","description":"Zadovoljite sve \u017eelje svojih gostiju s naglaskom na novim gastronomskim trendovima i odr\u017eivosti bez kompromisa na stilu i dizajnu. Flexy Style prvo je rje\u0161enje s kvarcnom povr\u0161inom bez tro\u0161enja vremena na dizajniranje. Odaberite me\u0111u vi\u0161e od 30.000 kombinacija, sve \u0161to vam treba spremno je za vas","breadcrumb":{"@id":"https:\/\/www.electroluxprofessional.com\/hr\/kuhinjska-oprema\/flexy-line\/flexy-style\/#breadcrumb"},"inLanguage":"hr","potentialAction":[{"@type":"ReadAction","target":["https:\/\/www.electroluxprofessional.com\/hr\/kuhinjska-oprema\/flexy-line\/flexy-style\/"]}]},{"@type":"ImageObject","inLanguage":"hr","@id":"https:\/\/www.electroluxprofessional.com\/hr\/kuhinjska-oprema\/flexy-line\/flexy-style\/#primaryimage","url":"https:\/\/www.electroluxprofessional.com\/hr\/wp-content\/uploads\/2024\/10\/EPR-Flexy-Style-Luxury-Hotel.jpg","contentUrl":"https:\/\/www.electroluxprofessional.com\/hr\/wp-content\/uploads\/2024\/10\/EPR-Flexy-Style-Luxury-Hotel.jpg","width":2000,"height":702},{"@type":"BreadcrumbList","@id":"https:\/\/www.electroluxprofessional.com\/hr\/kuhinjska-oprema\/flexy-line\/flexy-style\/#breadcrumb","itemListElement":[{"@type":"ListItem","position":1,"name":"Po\u010detna stranica","item":"https:\/\/www.electroluxprofessional.com\/hr\/"},{"@type":"ListItem","position":2,"name":"Kuhinjska oprema","item":"https:\/\/www.electroluxprofessional.com\/hr\/kuhinjska-oprema\/"},{"@type":"ListItem","position":3,"name":"Linija Flexy","item":"https:\/\/www.electroluxprofessional.com\/hr\/kuhinjska-oprema\/flexy-line\/"},{"@type":"ListItem","position":4,"name":"Flexy Style"}]},{"@type":"WebSite","@id":"https:\/\/www.electroluxprofessional.com\/hr\/#website","url":"https:\/\/www.electroluxprofessional.com\/hr\/","name":"Electrolux Professional Hrvatska","description":"","potentialAction":[{"@type":"SearchAction","target":{"@type":"EntryPoint","urlTemplate":"https:\/\/www.electroluxprofessional.com\/hr\/?src={search_term_string}"},"query-input":"required name=search_term_string"}],"inLanguage":"hr"}]}},"_links":{"self":[{"href":"https:\/\/www.electroluxprofessional.com\/hr\/wp-json\/wp\/v2\/pages\/117920"}],"collection":[{"href":"https:\/\/www.electroluxprofessional.com\/hr\/wp-json\/wp\/v2\/pages"}],"about":[{"href":"https:\/\/www.electroluxprofessional.com\/hr\/wp-json\/wp\/v2\/types\/page"}],"author":[{"embeddable":true,"href":"https:\/\/www.electroluxprofessional.com\/hr\/wp-json\/wp\/v2\/users\/149"}],"replies":[{"embeddable":true,"href":"https:\/\/www.electroluxprofessional.com\/hr\/wp-json\/wp\/v2\/comments?post=117920"}],"version-history":[{"count":3,"href":"https:\/\/www.electroluxprofessional.com\/hr\/wp-json\/wp\/v2\/pages\/117920\/revisions"}],"predecessor-version":[{"id":117927,"href":"https:\/\/www.electroluxprofessional.com\/hr\/wp-json\/wp\/v2\/pages\/117920\/revisions\/117927"}],"up":[{"embeddable":true,"href":"https:\/\/www.electroluxprofessional.com\/hr\/wp-json\/wp\/v2\/pages\/117884"}],"wp:featuredmedia":[{"embeddable":true,"href":"https:\/\/www.electroluxprofessional.com\/hr\/wp-json\/wp\/v2\/media\/117904"}],"wp:attachment":[{"href":"https:\/\/www.electroluxprofessional.com\/hr\/wp-json\/wp\/v2\/media?parent=117920"}],"curies":[{"name":"wp","href":"https:\/\/api.w.org\/{rel}","templated":true}]}}