{"id":117841,"date":"2024-10-06T12:08:45","date_gmt":"2024-10-06T12:08:45","guid":{"rendered":"https:\/\/www.electroluxprofessional.com\/hr\/?page_id=117841"},"modified":"2025-11-06T13:09:31","modified_gmt":"2025-11-06T13:09:31","slug":"hladnjaci-za-vino","status":"publish","type":"page","link":"https:\/\/www.electroluxprofessional.com\/hr\/kuhinjska-oprema\/hladnjaci-za-vino\/","title":{"rendered":"Hladnjaci za vino"},"content":{"rendered":"<p>[vc_row full_width=&#8221;electroluxpro-full-width-no-padding&#8221;][vc_column][elx_image_block background_image=&#8221;117833&#8243; minimum_height=&#8221;350px&#8221;][vc_empty_space][\/vc_column][\/vc_row][vc_row][vc_column width=&#8221;2\/3&#8243;][elx_heading font_container=&#8221;h1&#8243; text_color=&#8221;inherit&#8221; text_align=&#8221;text-left&#8221;]Electrolux Professional Wine Line[\/elx_heading][vc_column_text]Nudimo savr\u0161ene uvjete za va\u0161a vina bez obzira na to trebate li hladnjak za odle\u017eavanje, \u010duvanje ili poslu\u017eivanje vina ili pak kombinaciju sva tri.[\/vc_column_text][vc_row_inner][vc_column_inner width=&#8221;1\/2&#8243;][elx_heading text_color=&#8221;inherit&#8221;]Dobro vino zaslu\u017euje po\u0161tovanje[\/elx_heading][vc_column_text]Electrolux Professional Wine Line hladnjaci za vina izra\u0111eni su u suradnji s vode\u0107im stru\u010dnjacima u industriji kako bismo svim va\u0161im vinima osigurali optimalnu temperaturu i razinu vlage, kao i za\u0161titu od \u0161tetnih UV zraka i vibracija.[\/vc_column_text][\/vc_column_inner][vc_column_inner width=&#8221;1\/2&#8243;][vc_empty_space height=&#8221;60px&#8221;][elx_download_block text=&#8221;Hladnjaci za vino<br \/>\nBro\u0161ura&#8221; document_type=&#8221;brochures&#8221; background_color=&#8221;restaurant&#8221; reveal_effect=&#8221;&#8221; reveal_duration=&#8221;&#8221; reveal_delay=&#8221;&#8221; br_document_number=&#8221;BR-9JE00081&#8243;][elx_button button_text=&#8221;Idi na proizvode&#8221; button_style=&#8221;icon&#8221; button_link=&#8221;url:%23products|||&#8221;][\/vc_column_inner][\/vc_row_inner][\/vc_column][vc_column width=&#8221;1\/3&#8243;][vc_single_image image=&#8221;117834&#8243; img_size=&#8221;full&#8221;][\/vc_column][\/vc_row][vc_row][vc_column][elx_heading text_color=&#8221;inherit&#8221;]Njegujte, po\u0161tujte i \u0161titite[\/elx_heading][vc_empty_space][\/vc_column][\/vc_row][vc_row][vc_column width=&#8221;1\/3&#8243;][elx_icons icon_size=&#8221;elx-icon-medium&#8221; icon_electroluxpro=&#8221;elx-icon icon-circle-wine-bottle-blue&#8221;][elx_heading font_container=&#8221;h3&#8243; text_color=&#8221;inherit&#8221;]Bolja vina[\/elx_heading][vc_column_text]\u010cuvajte svoje vino na sigurnom i sprije\u010dite gubitke.<br \/>\nSavr\u0161eno <strong><b>o\u010duvajte<\/b><\/strong>\u00a0svoja vina odabirom hladnjaka za vino iz linije Electrolux Professional Wine Line koji <strong><b>opona\u0161aju uvjete<\/b><\/strong>\u00a0koje prirodno nalazimo u najboljim svjetskim vinskim podrumima.[\/vc_column_text][\/vc_column][vc_column width=&#8221;1\/3&#8243;][elx_icons icon_size=&#8221;elx-icon-medium&#8221; icon_electroluxpro=&#8221;elx-icon icon-circle-thermometer-blue&#8221;][elx_heading font_container=&#8221;h3&#8243; text_color=&#8221;inherit&#8221;]Optimalan okus[\/elx_heading][vc_column_text]Ne postoji opasnost od propadanja vina jer hladnjaci za vino iz linije Electrolux Professional Wine Line <strong><b>odr\u017eavaju<\/b><\/strong>\u00a0odabranu <strong><b>temperaturu<\/b><\/strong>.[\/vc_column_text][\/vc_column][vc_column width=&#8221;1\/3&#8243;][elx_icons icon_size=&#8221;elx-icon-medium&#8221; icon_electroluxpro=&#8221;elx-icon icon-circle-heart-blue&#8221;][elx_heading font_container=&#8221;h3&#8243; text_color=&#8221;inherit&#8221;]Ponos[\/elx_heading][vc_column_text]Poka\u017eite svoju zbirku.\u00a0Pohranite sva svoja vina ili <strong><b>osmislite privla\u010dne postave<\/b><\/strong>\u00a0s bocama koje su spremne za to\u010denje.\u00a0Lako je napraviti vinski podrum kakav \u017eelite uz na\u0161u cjelovitu ponudu rje\u0161enja za pohranu i dostupne kapacitete.[\/vc_column_text][\/vc_column][\/vc_row][vc_row][vc_column][vc_empty_space][elx_heading text_color=&#8221;inherit&#8221;]Odr\u017eava i pobolj\u0161ava okus vina[\/elx_heading][vc_column_text]Trebate pohraniti razli\u010dite vrste vina da budu spremna za poslu\u017eivanje u optimalnim uvjetima uz niske tro\u0161kove rada? Svestrani i energetski u\u010dinkoviti hladnjaci za vina iz linije Electrolux Professional Wine Line po\u0161tuju svaku vrstu i sortu vina: od suhih bijelih vina do crnih vina punog tijela.[\/vc_column_text][vc_empty_space][\/vc_column][\/vc_row][vc_row][vc_column width=&#8221;1\/4&#8243;][vc_single_image image=&#8221;117835&#8243; img_size=&#8221;full&#8221; add_caption=&#8221;yes&#8221;][\/vc_column][vc_column width=&#8221;3\/4&#8243;][vc_column_text]<strong><b>Na temperaturama iznad 25\u00a0\u00b0C vina se brzo kvare<\/b><\/strong>: alkohol postaje izra\u017eeniji, vo\u0107ne note zamjenjuje kiselost.<\/p>\n<p><strong><b>Stalna temperatura skladi\u0161tenja 12 do 14\u00a0\u00b0C<\/b><\/strong>: zaustavlja se kvarenje uzrokovano promjenama temperature.<\/p>\n<p><strong><b>Prehladno<\/b><\/strong>: vino gubi aromu. Ako se po\u010dne smrzavati, mo\u017ee do\u0107i do pucanja boce ili popu\u0161tanja na \u010depu.[\/vc_column_text][vc_row_inner][vc_column_inner width=&#8221;1\/4&#8243;][vc_single_image image=&#8221;117836&#8243; img_size=&#8221;136&#215;150&#8243; alignment=&#8221;center&#8221;][vc_empty_space][\/vc_column_inner][vc_column_inner width=&#8221;3\/4&#8243;][vc_column_text]<strong><b>Jedna zona<\/b><\/strong><\/p>\n<p>\u010cuvanje vina na 12 do 14\u00b0C ili na savr\u0161enoj temperaturi za poslu\u017eivanje: od 6 do 8\u00b0C za bijela ili od 16 do 18\u00b0C za crvena.[\/vc_column_text][vc_empty_space][\/vc_column_inner][\/vc_row_inner][vc_row_inner][vc_column_inner width=&#8221;1\/4&#8243;][vc_single_image image=&#8221;117837&#8243; img_size=&#8221;136&#215;150&#8243; alignment=&#8221;center&#8221;][\/vc_column_inner][vc_column_inner width=&#8221;3\/4&#8243;][vc_column_text]<strong><b>Vi\u0161e zona<\/b><\/strong><\/p>\n<p>Za stvaranje temperaturnih zona u cijelom hladnjaku kako bi se razli\u010dite vrste delikatnih vina \u010duvale na odgovaraju\u0107oj temperaturi, savr\u0161enoj za pi\u0107e.[\/vc_column_text][\/vc_column_inner][\/vc_row_inner][\/vc_column][\/vc_row][vc_row][vc_column][vc_empty_space][\/vc_column][\/vc_row][vc_row][vc_column][elx_heading text_color=&#8221;inherit&#8221;]Pomno \u010duvanje[\/elx_heading][vc_column_text]Bez obzira na to jesu li va\u0161i gosti istinski poznavatelji vina ili tra\u017ee savr\u0161eno vino koje \u0107e upariti sa svojim obrokom, prekrasno dizajnirani hladnjaci za vina Electrolux Professional Wine Line osigurat \u0107e da je svaka boca spremna zadovoljiti njihova o\u010dekivanja. Vina privla\u010dno izlo\u017eena u hladnjacima za vina koja spajaju najbolju tehnologiju za o\u010duvanje okusa s dizajnom koji pove\u0107ava vizualnu privla\u010dnost va\u0161e zbirke.[\/vc_column_text][vc_row_inner][vc_column_inner width=&#8221;1\/2&#8243;][vc_single_image image=&#8221;117838&#8243; img_size=&#8221;medium&#8221;][vc_empty_space][vc_column_text]<strong><b>Za pohranu<\/b><\/strong><\/p>\n<p>Polaganjem boca mo\u017eete maksimalno iskoristiti raspolo\u017eivi prostor.[\/vc_column_text][\/vc_column_inner][vc_column_inner width=&#8221;1\/2&#8243;][vc_single_image image=&#8221;117839&#8243; img_size=&#8221;medium&#8221;][vc_empty_space][vc_column_text]<strong><b>Za ugostiteljstvo<\/b><\/strong><\/p>\n<p>Ve\u0107ina boca postavlja se uspravno. Idealno za poslu\u017eivanje najvrednijih vina koja se mogu \u010duvati u okomitom polo\u017eaju zahvaljuju\u0107i preciznoj kontroli vla\u017enosti.[\/vc_column_text][\/vc_column_inner][\/vc_row_inner][\/vc_column][\/vc_row][vc_row el_id=&#8221;products&#8221;][vc_column][vc_empty_space][vc_empty_space][\/vc_column][\/vc_row][vc_row][vc_column][vc_empty_space height=&#8221;50px&#8221;][elx_heading text_color=&#8221;inherit&#8221; text_align=&#8221;text-left&#8221;]Otkrijte \u0161to na\u0161i hladnjaci mogu u\u010diniti za va\u0161e poslovanje.[\/elx_heading][elx_o2000_contact_us s=&#8221;Zahtjev za informacije o hladnjacima&#8221; country=&#8221;Croatia&#8221; b=&#8221;food&#8221; container=&#8221;elxcontactus1480089212&#8243; r=&#8221;\u017delim doznati vi\u0161e o hladnjacima. Molim vas da mi se javite.&#8221;][vc_empty_space height=&#8221;50px&#8221;][\/vc_column][\/vc_row][vc_row css=&#8221;.vc_custom_1518443388280{background-color: #eeeeee !important;}&#8221;][vc_column][elx_heading text_color=&#8221;inherit&#8221; text_align=&#8221;text-left&#8221;]Prona\u0111ite paket koji je idealan za va\u0161e poslovanje.[\/elx_heading][\/vc_column][\/vc_row][vc_row css=&#8221;.vc_custom_1518443396634{background-color: #eeeeee !important;}&#8221;][vc_column width=&#8221;1\/3&#8243;][elx_maylike_box id_box=&#8221;2802&#8243;][\/vc_column][vc_column width=&#8221;1\/3&#8243;][elx_maylike_box id_box=&#8221;3811&#8243;][\/vc_column][vc_column width=&#8221;1\/3&#8243;][elx_maylike_box id_box=&#8221;2799&#8243;][\/vc_column][\/vc_row]<\/p>\n","protected":false},"excerpt":{"rendered":"<p>[vc_row full_width=&#8221;electroluxpro-full-width-no-padding&#8221;][vc_column][elx_image_block background_image=&#8221;117833&#8243; minimum_height=&#8221;350px&#8221;][vc_empty_space][\/vc_column][\/vc_row][vc_row][vc_column width=&#8221;2\/3&#8243;][elx_heading font_container=&#8221;h1&#8243; text_color=&#8221;inherit&#8221; text_align=&#8221;text-left&#8221;]Electrolux Professional Wine Line[\/elx_heading][vc_column_text]Nudimo savr\u0161ene uvjete za va\u0161a vina bez obzira na to trebate li hladnjak za odle\u017eavanje, \u010duvanje ili poslu\u017eivanje vina ili pak kombinaciju sva tri.[\/vc_column_text][vc_row_inner][vc_column_inner width=&#8221;1\/2&#8243;][elx_heading text_color=&#8221;inherit&#8221;]Dobro vino zaslu\u017euje po\u0161tovanje[\/elx_heading][vc_column_text]Electrolux Professional Wine Line hladnjaci za vina izra\u0111eni su u suradnji s vode\u0107im stru\u010dnjacima u industriji kako [&hellip;]<\/p>\n","protected":false},"author":149,"featured_media":117832,"parent":2186,"menu_order":0,"comment_status":"closed","ping_status":"closed","template":"","meta":{"footnotes":""},"class_list":["post-117841","page","type-page","status-publish","has-post-thumbnail","hentry"],"acf":[],"yoast_head":"<!-- This site is optimized with the Yoast SEO plugin v23.3 - https:\/\/yoast.com\/wordpress\/plugins\/seo\/ -->\n<title>Hladnjaci za vino \u2013 Electrolux Professional<\/title>\n<meta name=\"description\" content=\"Hladnjaci za vino Electrolux Professional: savr\u0161eni uvjeti za va\u0161a vina, bez obzira na to trebate li hladnjak za odle\u017eavanje, \u010duvanje ili poslu\u017eivanje vina ili pak kombinaciju sva tri.\" \/>\n<meta name=\"robots\" content=\"index, follow, max-snippet:-1, max-image-preview:large, max-video-preview:-1\" \/>\n<link rel=\"canonical\" href=\"https:\/\/www.electroluxprofessional.com\/hr\/kuhinjska-oprema\/hladnjaci-za-vino\/\" \/>\n<meta property=\"og:locale\" content=\"hr_HR\" \/>\n<meta property=\"og:type\" content=\"article\" \/>\n<meta property=\"og:title\" content=\"Hladnjaci za vino \u2013 Electrolux Professional\" \/>\n<meta property=\"og:description\" content=\"Hladnjaci za vino Electrolux Professional: savr\u0161eni uvjeti za va\u0161a vina, bez obzira na to trebate li hladnjak za odle\u017eavanje, \u010duvanje ili poslu\u017eivanje vina ili pak kombinaciju sva tri.\" \/>\n<meta property=\"og:url\" content=\"https:\/\/www.electroluxprofessional.com\/hr\/kuhinjska-oprema\/hladnjaci-za-vino\/\" \/>\n<meta property=\"og:site_name\" content=\"Electrolux Professional Hrvatska\" \/>\n<meta property=\"article:modified_time\" content=\"2025-11-06T13:09:31+00:00\" \/>\n<meta property=\"og:image\" content=\"https:\/\/www.electroluxprofessional.com\/hr\/wp-content\/uploads\/2024\/10\/corkscrew_CMYK.jpg\" \/>\n\t<meta property=\"og:image:width\" content=\"750\" \/>\n\t<meta property=\"og:image:height\" content=\"400\" \/>\n\t<meta property=\"og:image:type\" content=\"image\/jpeg\" \/>\n<meta name=\"twitter:card\" content=\"summary_large_image\" \/>\n<meta name=\"twitter:label1\" content=\"Procijenjeno vrijeme \u010ditanja\" \/>\n\t<meta name=\"twitter:data1\" content=\"4 minute\" \/>\n<script type=\"application\/ld+json\" class=\"yoast-schema-graph\">{\"@context\":\"https:\/\/schema.org\",\"@graph\":[{\"@type\":\"WebPage\",\"@id\":\"https:\/\/www.electroluxprofessional.com\/hr\/kuhinjska-oprema\/hladnjaci-za-vino\/\",\"url\":\"https:\/\/www.electroluxprofessional.com\/hr\/kuhinjska-oprema\/hladnjaci-za-vino\/\",\"name\":\"Hladnjaci za vino \u2013 Electrolux Professional\",\"isPartOf\":{\"@id\":\"https:\/\/www.electroluxprofessional.com\/hr\/#website\"},\"primaryImageOfPage\":{\"@id\":\"https:\/\/www.electroluxprofessional.com\/hr\/kuhinjska-oprema\/hladnjaci-za-vino\/#primaryimage\"},\"image\":{\"@id\":\"https:\/\/www.electroluxprofessional.com\/hr\/kuhinjska-oprema\/hladnjaci-za-vino\/#primaryimage\"},\"thumbnailUrl\":\"https:\/\/www.electroluxprofessional.com\/hr\/wp-content\/uploads\/2024\/10\/corkscrew_CMYK.jpg\",\"datePublished\":\"2024-10-06T12:08:45+00:00\",\"dateModified\":\"2025-11-06T13:09:31+00:00\",\"description\":\"Hladnjaci za vino Electrolux Professional: savr\u0161eni uvjeti za va\u0161a vina, bez obzira na to trebate li hladnjak za odle\u017eavanje, \u010duvanje ili poslu\u017eivanje vina ili pak kombinaciju sva tri.\",\"breadcrumb\":{\"@id\":\"https:\/\/www.electroluxprofessional.com\/hr\/kuhinjska-oprema\/hladnjaci-za-vino\/#breadcrumb\"},\"inLanguage\":\"hr\",\"potentialAction\":[{\"@type\":\"ReadAction\",\"target\":[\"https:\/\/www.electroluxprofessional.com\/hr\/kuhinjska-oprema\/hladnjaci-za-vino\/\"]}]},{\"@type\":\"ImageObject\",\"inLanguage\":\"hr\",\"@id\":\"https:\/\/www.electroluxprofessional.com\/hr\/kuhinjska-oprema\/hladnjaci-za-vino\/#primaryimage\",\"url\":\"https:\/\/www.electroluxprofessional.com\/hr\/wp-content\/uploads\/2024\/10\/corkscrew_CMYK.jpg\",\"contentUrl\":\"https:\/\/www.electroluxprofessional.com\/hr\/wp-content\/uploads\/2024\/10\/corkscrew_CMYK.jpg\",\"width\":750,\"height\":400},{\"@type\":\"BreadcrumbList\",\"@id\":\"https:\/\/www.electroluxprofessional.com\/hr\/kuhinjska-oprema\/hladnjaci-za-vino\/#breadcrumb\",\"itemListElement\":[{\"@type\":\"ListItem\",\"position\":1,\"name\":\"Po\u010detna stranica\",\"item\":\"https:\/\/www.electroluxprofessional.com\/hr\/\"},{\"@type\":\"ListItem\",\"position\":2,\"name\":\"Kuhinjska oprema\",\"item\":\"https:\/\/www.electroluxprofessional.com\/hr\/kuhinjska-oprema\/\"},{\"@type\":\"ListItem\",\"position\":3,\"name\":\"Hladnjaci za vino\"}]},{\"@type\":\"WebSite\",\"@id\":\"https:\/\/www.electroluxprofessional.com\/hr\/#website\",\"url\":\"https:\/\/www.electroluxprofessional.com\/hr\/\",\"name\":\"Electrolux Professional Hrvatska\",\"description\":\"\",\"potentialAction\":[{\"@type\":\"SearchAction\",\"target\":{\"@type\":\"EntryPoint\",\"urlTemplate\":\"https:\/\/www.electroluxprofessional.com\/hr\/?src={search_term_string}\"},\"query-input\":\"required name=search_term_string\"}],\"inLanguage\":\"hr\"}]}<\/script>\n<!-- \/ Yoast SEO plugin. -->","yoast_head_json":{"title":"Hladnjaci za vino \u2013 Electrolux Professional","description":"Hladnjaci za vino Electrolux Professional: savr\u0161eni uvjeti za va\u0161a vina, bez obzira na to trebate li hladnjak za odle\u017eavanje, \u010duvanje ili poslu\u017eivanje vina ili pak kombinaciju sva tri.","robots":{"index":"index","follow":"follow","max-snippet":"max-snippet:-1","max-image-preview":"max-image-preview:large","max-video-preview":"max-video-preview:-1"},"canonical":"https:\/\/www.electroluxprofessional.com\/hr\/kuhinjska-oprema\/hladnjaci-za-vino\/","og_locale":"hr_HR","og_type":"article","og_title":"Hladnjaci za vino \u2013 Electrolux Professional","og_description":"Hladnjaci za vino Electrolux Professional: savr\u0161eni uvjeti za va\u0161a vina, bez obzira na to trebate li hladnjak za odle\u017eavanje, \u010duvanje ili poslu\u017eivanje vina ili pak kombinaciju sva tri.","og_url":"https:\/\/www.electroluxprofessional.com\/hr\/kuhinjska-oprema\/hladnjaci-za-vino\/","og_site_name":"Electrolux Professional Hrvatska","article_modified_time":"2025-11-06T13:09:31+00:00","og_image":[{"width":750,"height":400,"url":"https:\/\/www.electroluxprofessional.com\/hr\/wp-content\/uploads\/2024\/10\/corkscrew_CMYK.jpg","type":"image\/jpeg"}],"twitter_card":"summary_large_image","twitter_misc":{"Procijenjeno vrijeme \u010ditanja":"4 minute"},"schema":{"@context":"https:\/\/schema.org","@graph":[{"@type":"WebPage","@id":"https:\/\/www.electroluxprofessional.com\/hr\/kuhinjska-oprema\/hladnjaci-za-vino\/","url":"https:\/\/www.electroluxprofessional.com\/hr\/kuhinjska-oprema\/hladnjaci-za-vino\/","name":"Hladnjaci za vino \u2013 Electrolux Professional","isPartOf":{"@id":"https:\/\/www.electroluxprofessional.com\/hr\/#website"},"primaryImageOfPage":{"@id":"https:\/\/www.electroluxprofessional.com\/hr\/kuhinjska-oprema\/hladnjaci-za-vino\/#primaryimage"},"image":{"@id":"https:\/\/www.electroluxprofessional.com\/hr\/kuhinjska-oprema\/hladnjaci-za-vino\/#primaryimage"},"thumbnailUrl":"https:\/\/www.electroluxprofessional.com\/hr\/wp-content\/uploads\/2024\/10\/corkscrew_CMYK.jpg","datePublished":"2024-10-06T12:08:45+00:00","dateModified":"2025-11-06T13:09:31+00:00","description":"Hladnjaci za vino Electrolux Professional: savr\u0161eni uvjeti za va\u0161a vina, bez obzira na to trebate li hladnjak za odle\u017eavanje, \u010duvanje ili poslu\u017eivanje vina ili pak kombinaciju sva tri.","breadcrumb":{"@id":"https:\/\/www.electroluxprofessional.com\/hr\/kuhinjska-oprema\/hladnjaci-za-vino\/#breadcrumb"},"inLanguage":"hr","potentialAction":[{"@type":"ReadAction","target":["https:\/\/www.electroluxprofessional.com\/hr\/kuhinjska-oprema\/hladnjaci-za-vino\/"]}]},{"@type":"ImageObject","inLanguage":"hr","@id":"https:\/\/www.electroluxprofessional.com\/hr\/kuhinjska-oprema\/hladnjaci-za-vino\/#primaryimage","url":"https:\/\/www.electroluxprofessional.com\/hr\/wp-content\/uploads\/2024\/10\/corkscrew_CMYK.jpg","contentUrl":"https:\/\/www.electroluxprofessional.com\/hr\/wp-content\/uploads\/2024\/10\/corkscrew_CMYK.jpg","width":750,"height":400},{"@type":"BreadcrumbList","@id":"https:\/\/www.electroluxprofessional.com\/hr\/kuhinjska-oprema\/hladnjaci-za-vino\/#breadcrumb","itemListElement":[{"@type":"ListItem","position":1,"name":"Po\u010detna stranica","item":"https:\/\/www.electroluxprofessional.com\/hr\/"},{"@type":"ListItem","position":2,"name":"Kuhinjska oprema","item":"https:\/\/www.electroluxprofessional.com\/hr\/kuhinjska-oprema\/"},{"@type":"ListItem","position":3,"name":"Hladnjaci za vino"}]},{"@type":"WebSite","@id":"https:\/\/www.electroluxprofessional.com\/hr\/#website","url":"https:\/\/www.electroluxprofessional.com\/hr\/","name":"Electrolux Professional Hrvatska","description":"","potentialAction":[{"@type":"SearchAction","target":{"@type":"EntryPoint","urlTemplate":"https:\/\/www.electroluxprofessional.com\/hr\/?src={search_term_string}"},"query-input":"required name=search_term_string"}],"inLanguage":"hr"}]}},"_links":{"self":[{"href":"https:\/\/www.electroluxprofessional.com\/hr\/wp-json\/wp\/v2\/pages\/117841"}],"collection":[{"href":"https:\/\/www.electroluxprofessional.com\/hr\/wp-json\/wp\/v2\/pages"}],"about":[{"href":"https:\/\/www.electroluxprofessional.com\/hr\/wp-json\/wp\/v2\/types\/page"}],"author":[{"embeddable":true,"href":"https:\/\/www.electroluxprofessional.com\/hr\/wp-json\/wp\/v2\/users\/149"}],"replies":[{"embeddable":true,"href":"https:\/\/www.electroluxprofessional.com\/hr\/wp-json\/wp\/v2\/comments?post=117841"}],"version-history":[{"count":4,"href":"https:\/\/www.electroluxprofessional.com\/hr\/wp-json\/wp\/v2\/pages\/117841\/revisions"}],"predecessor-version":[{"id":118966,"href":"https:\/\/www.electroluxprofessional.com\/hr\/wp-json\/wp\/v2\/pages\/117841\/revisions\/118966"}],"up":[{"embeddable":true,"href":"https:\/\/www.electroluxprofessional.com\/hr\/wp-json\/wp\/v2\/pages\/2186"}],"wp:featuredmedia":[{"embeddable":true,"href":"https:\/\/www.electroluxprofessional.com\/hr\/wp-json\/wp\/v2\/media\/117832"}],"wp:attachment":[{"href":"https:\/\/www.electroluxprofessional.com\/hr\/wp-json\/wp\/v2\/media?parent=117841"}],"curies":[{"name":"wp","href":"https:\/\/api.w.org\/{rel}","templated":true}]}}