{"id":117775,"date":"2024-09-13T07:14:27","date_gmt":"2024-09-13T07:14:27","guid":{"rendered":"https:\/\/www.electroluxprofessional.com\/hr\/?page_id=117775"},"modified":"2026-02-19T11:21:48","modified_gmt":"2026-02-19T11:21:48","slug":"neoblue-perilica-casa","status":"publish","type":"page","link":"https:\/\/www.electroluxprofessional.com\/hr\/neoblue-perilica-casa\/","title":{"rendered":"Perilica \u010da\u0161a NeoBlue"},"content":{"rendered":"<p>[vc_row full_width=&#8221;electroluxpro-full-width-no-padding&#8221; el_id=&#8221;banner&#8221;][vc_column][elx_image_block is_full_height=&#8221;full-height&#8221; background_image=&#8221;117772&#8243; minimum_height=&#8221;350px&#8221;][\/vc_column][\/vc_row][vc_row][vc_column][vc_empty_space][elx_text_image tag_title=&#8221;h1&#8243; number_images=&#8221;2&#8243; style_image=&#8221;image_square&#8221; bg_row=&#8221;bg-download-white&#8221; title=&#8221;Perilica \u010da\u0161a NeoBlue:<br \/>\nmaksimalni rezultati u minimalno prostora&#8221; lists=&#8221;%5B%7B%7D%5D&#8221; values=&#8221;%5B%5D&#8221; double_image_1=&#8221;117771&#8243;]Predstavljamo <strong>profesionalnu perilicu \u010da\u0161a NeoBlue<\/strong>\u00a0tvrtke Electrolux Professional, dizajniranu posebno za manja poduze\u0107a. Ovaj <strong>model s jednostrukom stijenkom<\/strong> osigurava poslovni uspjeh, \u010dak i uz prostorna ograni\u010denja, zahvaljuju\u0107i visini punjenja od 290\u00a0mm za lako postavljanje visokih \u010da\u0161a.<\/p>\n<p>Uz perilicu \u010da\u0161a NeoBlue rad je jednostavniji nego ikad. Potrebna je <strong>minimalna obuka<\/strong> zahvaljuju\u0107i <strong>ergonomskom dizajnu koji omogu\u0107uje jednostavnu upotrebu<\/strong>. Odaberite jedan od <strong>\u010detiriju ponu\u0111enih programa<\/strong> koji odgovara va\u0161im potrebama i u\u017eivajte u ve\u0107oj fleksibilnosti. Jednostavno pratite status na<strong> glavnom gumbu uz promjenu boja<\/strong>, a dodatne tipke na zaslonu pru\u017eaju vam sveobuhvatnu kontrolu.[\/elx_text_image][elx_o2000_contact_us s=&#8221;Zahtjev za povratni kontakt s mre\u017ene stranice&#8221; country=&#8221;Croatia&#8221; b=&#8221;food&#8221; button_mode=&#8221;true&#8221; button_style=&#8221;secondary-bordered&#8221; postion_button=&#8221;text-left&#8221; postion_button_mobile=&#8221;text-left-mobile&#8221; text_btn_contact=&#8221;Obratite nam se&#8221;][vc_empty_space][\/vc_column][\/vc_row][vc_row css=&#8221;.vc_custom_1721651804739{background-color: #e9eff5 !important;}&#8221;][vc_column][elx_features_download title=&#8221;Fleksibilna i visokou\u010dinkovita&#8221; title_download=&#8221;Preuzmite&#8221; title_discover=&#8221;Saznajte vi\u0161e&#8221; bg_discover_color=&#8221;bg-download-white&#8221; link_discover_color=&#8221;download-text-blue&#8221; title_position=&#8221;top&#8221; bg_row=&#8221;bg-row-light-blue&#8221; values=&#8221;%5B%7B%22select_type%22%3A%22link%22%2C%22link_download%22%3A%22title%3ABro%25C5%25A1ura%2520za%2520potpultnu%2520perilicu%2520NeoBlue%2520Touch%2520i%2520perilicu%2520%25C4%258Da%25C5%25A1a%2520NeoBlue%7Ctarget%3A_blank%22%7D%5D&#8221; discover=&#8221;%5B%7B%22link_discover%22%3A%22url%3A%2523accessories%7Ctitle%3ADodatna%2520oprema%2520i%2520deterd%25C5%25BEenti%22%7D%5D&#8221; features=&#8221;%5B%7B%22icon_electroluxpro%22%3A%22elx-icon%20icon-circle-star-perfomance-blue%22%2C%22title_icon%22%3A%22Savr%C5%A1en%20rezultat%20pranja%20i%20ispiranja%22%2C%22tag_icon_title%22%3A%22h4%22%2C%22text_icon%22%3A%22Osigurajte%20potpunu%20%C4%8Disto%C4%87u%20zahvaljuju%C4%87i%20dizajnu%20mo%C4%87nih%20gornjih%20i%20donjih%20mlaznica%20za%20pranje%20i%20ispiranje.%22%7D%2C%7B%22icon_electroluxpro%22%3A%22elx-icon%20icon-circle-easy-blue%22%2C%22title_icon%22%3A%22Tihi%20ciklus%22%2C%22tag_icon_title%22%3A%22h4%22%2C%22text_icon%22%3A%22U%C5%BEivajte%20u%20miru%20iza%20pulta%20ili%20u%20kuhinji%2C%20zahvaljuju%C4%87i%20vratima%20s%20dvostrukom%20stijenkom%20i%20besprijekornom%20radu%20koji%20omogu%C4%87uju%20vrata%20s%20mekim%20otvaranjem.%22%7D%2C%7B%22icon_electroluxpro%22%3A%22elx-icon%20icon-circle-clean-blue%22%2C%22title_icon%22%3A%22Pouzdana%20i%20dugovje%C4%8Dna%22%2C%22tag_icon_title%22%3A%22h4%22%2C%22text_icon%22%3A%22Dodajte%20trajno%20rje%C5%A1enje%20svom%20poslovanju%20uz%20perilicu%20%C4%8Da%C5%A1a%20NeoBlue.%20Ku%C4%87i%C5%A1te%20od%20nehr%C4%91aju%C4%87eg%20%C4%8Delika%20osigurava%20pouzdanost.%20Verzija%20Plug%26Play%20uklju%C4%8Duje%20pumpu%20za%20deterd%C5%BEent%2C%20pumpu%20ispusta%20i%20filtre.%20U%C5%BEivajte%20u%20jednostavnoj%20upotrebi%20i%20lakom%20odr%C5%BEavanju%20zahvaljuju%C4%87i%20dostupnim%20komponentama.%22%7D%5D&#8221;][\/elx_features_download][vc_empty_space][\/vc_column][\/vc_row][vc_row el_id=&#8221;Accessories&#8221;][vc_column]<div class=\"elx-accordion \">    <div class=\"elx-accordion-heading\">        <a class=\"elx-accordion-link elx-accordion-close\">            <h4 class=\" elx-accordion-title\">                Dodatna oprema i deterd\u017eenti                <img decoding=\"async\" src=\"https:\/\/www.electroluxprofessional.com\/hr\/wp-content\/themes\/electroluxpro\/assets\/epr-icon-minus-blue.svg\" class=\"elx-minus elx-hidden\" \/>                <img decoding=\"async\" src=\"https:\/\/www.electroluxprofessional.com\/hr\/wp-content\/themes\/electroluxpro\/assets\/epr-icon-plus-blue.svg\" class=\"elx-plus\" \/>            <\/h4>        <\/a>    <\/div>    <div class=\"elx-accordion-body elx-accordion-close\"><p>[vc_row_inner][vc_column_inner width=&#8221;1\/2&#8243;][vc_single_image image=&#8221;117721&#8243; img_size=&#8221;530*285&#8243; alignment=&#8221;center&#8221; css_animation=&#8221;none&#8221;][\/vc_column_inner][vc_column_inner width=&#8221;1\/2&#8243;][elx_heading font_size=&#8221;h5&#8243; text_color=&#8221;inherit&#8221;]Teku\u0107i deterd\u017eenti za profesionalne perilice \u010da\u0161a[\/elx_heading][vc_column_text]Ovi deterd\u017eenti uklanjaju tragove kapljica i mrlje kako bi \u010da\u0161e zadr\u017eale sjaj, a posu\u0111e je savr\u0161eno suho i \u010disto. Zahvaljuju\u0107i posebnoj formuli, sprje\u010davamo stvaranje kamenca.[\/vc_column_text][vc_empty_space][elx_shop_now button_text=&#8221;KUPITE ODMAH&#8221; button_display_block=&#8221;display_block_on&#8221; button_alignment=&#8221;align_center&#8221; button_link=&#8221;url:https%3A%2F%2Fwww.electroluxprofessional.com%2Fhr%2Flokacije-prodaje-i-servisa%2F&#8221;][vc_empty_space][\/vc_column_inner][\/vc_row_inner]<\/p>\n    <\/div><\/div>[\/vc_column][\/vc_row][vc_row][vc_column][vc_empty_space height=&#8221;50px&#8221;][elx_heading text_color=&#8221;inherit&#8221; text_align=&#8221;text-center&#8221;]Obratite nam se za vi\u0161e informacija o<br \/>\nperilici \u010da\u0161a NeoBlue[\/elx_heading][vc_empty_space][elx_o2000_contact_us s=&#8221;Zahtjev za povratni kontakt s mre\u017ene stranice&#8221; country=&#8221;Croatia&#8221; b=&#8221;food&#8221;][vc_empty_space height=&#8221;50px&#8221;]<div class=\"com21-product-filter-container 82\"><div class=\"\"><h4 class=\"text-center\">2 Proizvodi<\/h4><hr><\/div>\n                    <!-- PROD LIST -->\n                    <div class=\"product-list container\">\n                        <!--Hidden parameters-->\n                        <input type=\"hidden\" name=\"navigation_level_1\" id=\"navigation_level_1\" value=\"I\">\n                        <input type=\"hidden\" name=\"navigation_level_2\" id=\"navigation_level_2\" value=\"A\">\n                        <input type=\"hidden\" name=\"navigation_level_3\" id=\"navigation_level_3\" value=\"J\">\n                        <input type=\"hidden\" name=\"navigation_level_4\" id=\"navigation_level_4\" value=\"\">\n                        <input type=\"hidden\" name=\"filter_id\" id=\"filter_id\" value=\"82\">\n                        <input type=\"hidden\" name=\"navigation_language\" id=\"navigation_language\" value=\"5022\">\n                        <input type=\"hidden\" name=\"navigation_language_code\" id=\"navigation_language\" value=\"5022\">\n                        <input type=\"hidden\" name=\"page_id\" id=\"page_id\" value=\"117775\">\n                        <!--END Hidden parameters--><ul class=\"row\" ><li data-product-paged=\"\" class=\"anchor_tags_prod col-sm-6 col-md-3 wow fadeIn single-product-list 402187\"><div class=\"product-list-item\"><div class=\"product-content\"><a href=\"https:\/\/www.electroluxprofessional.com\/hr\/pd\/oprema-za-pranje-su\u0111a\/strojevi-za-pranje-\u010da\u0161a\/neoblue-s-400x400-mm-ko\u0161are\/pranje-posu\u0111a-mala-jednooblo\u017ena-perilica-\u010da\u0161a-pumpa-sjajila-40-ko\u0161ara-sat-402187\/\" target=\"_blank\" ><figure><img decoding=\"async\" src=\"https:\/\/tools.electroluxprofessional.com\/Mirror\/Doc\/PH_255x255%2FPH_402187_1_1_402187.jpg\" alt=\"Pranje posu\u0111aMala jednooblo\u017ena perilica \u010da\u0161a, pumpa sjajila, 40 ko\u0161ara\/sat\"\/><\/figure><div class=\"product-internal\"><div class=\"product-liv\">NeoBlue S (400x400 mm ko\u0161are)<\/div><h3 class=\"product-title\">Pranje posu\u0111a<br>Mala jednooblo\u017ena perilica \u010da\u0161a, pumpa sjajila, 40 ko\u0161ara\/sat<\/h3><div class=\"product-icons\"><div class=\"product-green\"><\/div><div class=\"product-cod\"><div class=\"hidden type_code\">0<\/div>KOD <span class=\"product-code\" >402187<\/span><\/div><div class=\"product-fast\"><\/div>\n<\/div><div class=\"product-description-fast-green\"><\/div>\n<\/div><div class=\"product-actions\"><a href=\"https:\/\/www.electroluxprofessional.com\/hr\/pd\/oprema-za-pranje-su\u0111a\/strojevi-za-pranje-\u010da\u0161a\/neoblue-s-400x400-mm-ko\u0161are\/pranje-posu\u0111a-mala-jednooblo\u017ena-perilica-\u010da\u0161a-pumpa-sjajila-40-ko\u0161ara-sat-402187\/\" class=\"btn btn-primary-blue\">Saznajte vi\u0161e<\/a><span class=\"compare-product\"><span class=\"compare-checkbox\"><span class=\"compare-checkbox-shape\"><input type=\"checkbox\" class=\"product-comparer\" id=\"prod_402187\"\/><label class=\"btn\" for=\"prod_402187\"><span class=\"label-bg\"><\/span>Usporedi<\/label><\/span><\/span><\/span><\/div><\/a><\/div><\/div><\/li><li data-product-paged=\"\" class=\"anchor_tags_prod col-sm-6 col-md-3 wow fadeIn single-product-list 402188\"><div class=\"product-list-item\"><div class=\"product-content\"><a href=\"https:\/\/www.electroluxprofessional.com\/hr\/pd\/oprema-za-pranje-su\u0111a\/strojevi-za-pranje-\u010da\u0161a\/neoblue-s-400x400-mm-ko\u0161are\/pranje-posu\u0111a-mala-jednooblo\u017ena-perilica-\u010da\u0161a-pumpa-za-sjajilo-i-deterd\u017eent-filter-korita-40ko\u0161-sat-402188\/\" target=\"_blank\" ><figure><img decoding=\"async\" src=\"https:\/\/tools.electroluxprofessional.com\/Mirror\/Doc\/PH_255x255%2FPH_402187_1_1_402187.jpg\" alt=\"Pranje posu\u0111aMala jednooblo\u017ena perilica \u010da\u0161a, pumpa za sjajilo i deterd\u017eent, filter korita,  40ko\u0161\/ sat\"\/><\/figure><div class=\"product-internal\"><div class=\"product-liv\">NeoBlue S (400x400 mm ko\u0161are)<\/div><h3 class=\"product-title\">Pranje posu\u0111a<br>Mala jednooblo\u017ena perilica \u010da\u0161a, pumpa za sjajilo i deterd\u017eent, filter korita,  40ko\u0161\/ sat<\/h3><div class=\"product-icons\"><div class=\"product-green\"><\/div><div class=\"product-cod\"><div class=\"hidden type_code\">0<\/div>KOD <span class=\"product-code\" >402188<\/span><\/div><div class=\"product-fast\"><\/div>\n<\/div><div class=\"product-description-fast-green\"><\/div>\n<\/div><div class=\"product-actions\"><a href=\"https:\/\/www.electroluxprofessional.com\/hr\/pd\/oprema-za-pranje-su\u0111a\/strojevi-za-pranje-\u010da\u0161a\/neoblue-s-400x400-mm-ko\u0161are\/pranje-posu\u0111a-mala-jednooblo\u017ena-perilica-\u010da\u0161a-pumpa-za-sjajilo-i-deterd\u017eent-filter-korita-40ko\u0161-sat-402188\/\" class=\"btn btn-primary-blue\">Saznajte vi\u0161e<\/a><span class=\"compare-product\"><span class=\"compare-checkbox\"><span class=\"compare-checkbox-shape\"><input type=\"checkbox\" class=\"product-comparer\" id=\"prod_402188\"\/><label class=\"btn\" for=\"prod_402188\"><span class=\"label-bg\"><\/span>Usporedi<\/label><\/span><\/span><\/span><\/div><\/a><\/div><\/div><\/li>\n                        <\/ul>\n                        <div class=\"text-center more-products\">\n                        <\/div>\n                    <\/div>\n                    <!-- END PRODUCT LIST -->\n                    <\/div>\n                    <!-- END PRODUCT LIST -->[vc_empty_space][elx_multiple_columns number_columns=&#8221;4&#8243; bg_row=&#8221;bg-download-white&#8221; title=&#8221;Prona\u0111ite svoje cjelovito rje\u0161enje&#8221; values=&#8221;%5B%7B%22image_section%22%3A%22117725%22%2C%22title_section%22%3A%22Kafi%C4%87i%20i%20pekarnice%22%2C%22text_section%22%3A%22Za%20lokale%20koji%20poslu%C5%BEuju%20hranu%20cijeli%20dan.%22%2C%22link_section%22%3A%22title%3APRONA%25C4%2590ITE%2520RJE%25C5%25A0ENJA%2520KOJA%2520SU%2520VAM%2520POTREBNA%22%2C%22button_style%22%3A%22secondary-bordered%22%7D%2C%7B%22image_section%22%3A%22117726%22%2C%22title_section%22%3A%22Barovi%20i%20pubovi%22%2C%22text_section%22%3A%22Budite%20br%C5%BEi.%20Pru%C5%BEite%20svojim%20kupcima%20ugodan%20predah.%22%2C%22link_section%22%3A%22title%3AUBRZAJTE%2520PROCESE%2520U%2520SVOJOJ%2520KUHINJI%22%2C%22button_style%22%3A%22secondary-bordered%22%7D%2C%7B%22image_section%22%3A%22117774%22%2C%22title_section%22%3A%22Casual%20Dining%22%2C%22text_section%22%3A%22Za%20pove%C4%87an%20broj%20narud%C5%BEbi%20u%20udarnom%20terminu.%22%2C%22link_section%22%3A%22title%3AISTRA%25C5%25BDITE%2520NA%25C5%25A0U%2520PONUDU%22%2C%22button_style%22%3A%22secondary-bordered%22%7D%5D&#8221;][\/elx_multiple_columns][\/vc_column][\/vc_row]<\/p>\n","protected":false},"excerpt":{"rendered":"<p>[vc_row full_width=&#8221;electroluxpro-full-width-no-padding&#8221; el_id=&#8221;banner&#8221;][vc_column][elx_image_block is_full_height=&#8221;full-height&#8221; background_image=&#8221;117772&#8243; minimum_height=&#8221;350px&#8221;][\/vc_column][\/vc_row][vc_row][vc_column][vc_empty_space][elx_text_image tag_title=&#8221;h1&#8243; number_images=&#8221;2&#8243; style_image=&#8221;image_square&#8221; bg_row=&#8221;bg-download-white&#8221; title=&#8221;Perilica \u010da\u0161a NeoBlue: maksimalni rezultati u minimalno prostora&#8221; lists=&#8221;%5B%7B%7D%5D&#8221; values=&#8221;%5B%5D&#8221; double_image_1=&#8221;117771&#8243;]Predstavljamo profesionalnu perilicu \u010da\u0161a NeoBlue\u00a0tvrtke Electrolux Professional, dizajniranu posebno za manja poduze\u0107a. Ovaj model s jednostrukom stijenkom osigurava poslovni uspjeh, \u010dak i uz prostorna ograni\u010denja, zahvaljuju\u0107i visini punjenja od 290\u00a0mm za lako postavljanje visokih \u010da\u0161a. [&hellip;]<\/p>\n","protected":false},"author":149,"featured_media":117771,"parent":0,"menu_order":0,"comment_status":"closed","ping_status":"closed","template":"","meta":{"footnotes":""},"class_list":["post-117775","page","type-page","status-publish","has-post-thumbnail","hentry"],"acf":[],"yoast_head":"<!-- This site is optimized with the Yoast SEO plugin v23.3 - https:\/\/yoast.com\/wordpress\/plugins\/seo\/ -->\n<title>Perilica \u010da\u0161a NeoBlue - Electrolux Professional Hrvatska<\/title>\n<meta name=\"description\" content=\"Saznajte vi\u0161e o perilici \u010da\u0161a Electrolux NeoBlue: idealna je za mala poduze\u0107a, jednostavna za upotrebu s \u010detirima programima i intuitivnim kontrolama.\" \/>\n<meta name=\"robots\" content=\"index, follow, max-snippet:-1, max-image-preview:large, max-video-preview:-1\" \/>\n<link rel=\"canonical\" href=\"https:\/\/www.electroluxprofessional.com\/hr\/neoblue-perilica-casa\/\" \/>\n<meta property=\"og:locale\" content=\"hr_HR\" \/>\n<meta property=\"og:type\" content=\"article\" \/>\n<meta property=\"og:title\" content=\"Perilica \u010da\u0161a NeoBlue - Electrolux Professional Hrvatska\" \/>\n<meta property=\"og:description\" content=\"Saznajte vi\u0161e o perilici \u010da\u0161a Electrolux NeoBlue: idealna je za mala poduze\u0107a, jednostavna za upotrebu s \u010detirima programima i intuitivnim kontrolama.\" \/>\n<meta property=\"og:url\" content=\"https:\/\/www.electroluxprofessional.com\/hr\/neoblue-perilica-casa\/\" \/>\n<meta property=\"og:site_name\" content=\"Electrolux Professional Hrvatska\" \/>\n<meta property=\"article:modified_time\" content=\"2026-02-19T11:21:48+00:00\" \/>\n<meta property=\"og:image\" content=\"https:\/\/www.electroluxprofessional.com\/hr\/wp-content\/uploads\/2024\/09\/glasswasher-600x600-1.jpg\" \/>\n\t<meta property=\"og:image:width\" content=\"600\" \/>\n\t<meta property=\"og:image:height\" content=\"600\" \/>\n\t<meta property=\"og:image:type\" content=\"image\/jpeg\" \/>\n<meta name=\"twitter:card\" content=\"summary_large_image\" \/>\n<meta name=\"twitter:label1\" content=\"Procijenjeno vrijeme \u010ditanja\" \/>\n\t<meta name=\"twitter:data1\" content=\"2 minute\" \/>\n<script type=\"application\/ld+json\" class=\"yoast-schema-graph\">{\"@context\":\"https:\/\/schema.org\",\"@graph\":[{\"@type\":\"WebPage\",\"@id\":\"https:\/\/www.electroluxprofessional.com\/hr\/neoblue-perilica-casa\/\",\"url\":\"https:\/\/www.electroluxprofessional.com\/hr\/neoblue-perilica-casa\/\",\"name\":\"Perilica \u010da\u0161a NeoBlue - Electrolux Professional Hrvatska\",\"isPartOf\":{\"@id\":\"https:\/\/www.electroluxprofessional.com\/hr\/#website\"},\"primaryImageOfPage\":{\"@id\":\"https:\/\/www.electroluxprofessional.com\/hr\/neoblue-perilica-casa\/#primaryimage\"},\"image\":{\"@id\":\"https:\/\/www.electroluxprofessional.com\/hr\/neoblue-perilica-casa\/#primaryimage\"},\"thumbnailUrl\":\"https:\/\/www.electroluxprofessional.com\/hr\/wp-content\/uploads\/2024\/09\/glasswasher-600x600-1.jpg\",\"datePublished\":\"2024-09-13T07:14:27+00:00\",\"dateModified\":\"2026-02-19T11:21:48+00:00\",\"description\":\"Saznajte vi\u0161e o perilici \u010da\u0161a Electrolux NeoBlue: idealna je za mala poduze\u0107a, jednostavna za upotrebu s \u010detirima programima i intuitivnim kontrolama.\",\"breadcrumb\":{\"@id\":\"https:\/\/www.electroluxprofessional.com\/hr\/neoblue-perilica-casa\/#breadcrumb\"},\"inLanguage\":\"hr\",\"potentialAction\":[{\"@type\":\"ReadAction\",\"target\":[\"https:\/\/www.electroluxprofessional.com\/hr\/neoblue-perilica-casa\/\"]}]},{\"@type\":\"ImageObject\",\"inLanguage\":\"hr\",\"@id\":\"https:\/\/www.electroluxprofessional.com\/hr\/neoblue-perilica-casa\/#primaryimage\",\"url\":\"https:\/\/www.electroluxprofessional.com\/hr\/wp-content\/uploads\/2024\/09\/glasswasher-600x600-1.jpg\",\"contentUrl\":\"https:\/\/www.electroluxprofessional.com\/hr\/wp-content\/uploads\/2024\/09\/glasswasher-600x600-1.jpg\",\"width\":600,\"height\":600},{\"@type\":\"BreadcrumbList\",\"@id\":\"https:\/\/www.electroluxprofessional.com\/hr\/neoblue-perilica-casa\/#breadcrumb\",\"itemListElement\":[{\"@type\":\"ListItem\",\"position\":1,\"name\":\"Po\u010detna stranica\",\"item\":\"https:\/\/www.electroluxprofessional.com\/hr\/\"},{\"@type\":\"ListItem\",\"position\":2,\"name\":\"Perilica \u010da\u0161a NeoBlue\"}]},{\"@type\":\"WebSite\",\"@id\":\"https:\/\/www.electroluxprofessional.com\/hr\/#website\",\"url\":\"https:\/\/www.electroluxprofessional.com\/hr\/\",\"name\":\"Electrolux Professional Hrvatska\",\"description\":\"\",\"potentialAction\":[{\"@type\":\"SearchAction\",\"target\":{\"@type\":\"EntryPoint\",\"urlTemplate\":\"https:\/\/www.electroluxprofessional.com\/hr\/?src={search_term_string}\"},\"query-input\":\"required name=search_term_string\"}],\"inLanguage\":\"hr\"}]}<\/script>\n<!-- \/ Yoast SEO plugin. -->","yoast_head_json":{"title":"Perilica \u010da\u0161a NeoBlue - Electrolux Professional Hrvatska","description":"Saznajte vi\u0161e o perilici \u010da\u0161a Electrolux NeoBlue: idealna je za mala poduze\u0107a, jednostavna za upotrebu s \u010detirima programima i intuitivnim kontrolama.","robots":{"index":"index","follow":"follow","max-snippet":"max-snippet:-1","max-image-preview":"max-image-preview:large","max-video-preview":"max-video-preview:-1"},"canonical":"https:\/\/www.electroluxprofessional.com\/hr\/neoblue-perilica-casa\/","og_locale":"hr_HR","og_type":"article","og_title":"Perilica \u010da\u0161a NeoBlue - Electrolux Professional Hrvatska","og_description":"Saznajte vi\u0161e o perilici \u010da\u0161a Electrolux NeoBlue: idealna je za mala poduze\u0107a, jednostavna za upotrebu s \u010detirima programima i intuitivnim kontrolama.","og_url":"https:\/\/www.electroluxprofessional.com\/hr\/neoblue-perilica-casa\/","og_site_name":"Electrolux Professional Hrvatska","article_modified_time":"2026-02-19T11:21:48+00:00","og_image":[{"width":600,"height":600,"url":"https:\/\/www.electroluxprofessional.com\/hr\/wp-content\/uploads\/2024\/09\/glasswasher-600x600-1.jpg","type":"image\/jpeg"}],"twitter_card":"summary_large_image","twitter_misc":{"Procijenjeno vrijeme \u010ditanja":"2 minute"},"schema":{"@context":"https:\/\/schema.org","@graph":[{"@type":"WebPage","@id":"https:\/\/www.electroluxprofessional.com\/hr\/neoblue-perilica-casa\/","url":"https:\/\/www.electroluxprofessional.com\/hr\/neoblue-perilica-casa\/","name":"Perilica \u010da\u0161a NeoBlue - Electrolux Professional Hrvatska","isPartOf":{"@id":"https:\/\/www.electroluxprofessional.com\/hr\/#website"},"primaryImageOfPage":{"@id":"https:\/\/www.electroluxprofessional.com\/hr\/neoblue-perilica-casa\/#primaryimage"},"image":{"@id":"https:\/\/www.electroluxprofessional.com\/hr\/neoblue-perilica-casa\/#primaryimage"},"thumbnailUrl":"https:\/\/www.electroluxprofessional.com\/hr\/wp-content\/uploads\/2024\/09\/glasswasher-600x600-1.jpg","datePublished":"2024-09-13T07:14:27+00:00","dateModified":"2026-02-19T11:21:48+00:00","description":"Saznajte vi\u0161e o perilici \u010da\u0161a Electrolux NeoBlue: idealna je za mala poduze\u0107a, jednostavna za upotrebu s \u010detirima programima i intuitivnim kontrolama.","breadcrumb":{"@id":"https:\/\/www.electroluxprofessional.com\/hr\/neoblue-perilica-casa\/#breadcrumb"},"inLanguage":"hr","potentialAction":[{"@type":"ReadAction","target":["https:\/\/www.electroluxprofessional.com\/hr\/neoblue-perilica-casa\/"]}]},{"@type":"ImageObject","inLanguage":"hr","@id":"https:\/\/www.electroluxprofessional.com\/hr\/neoblue-perilica-casa\/#primaryimage","url":"https:\/\/www.electroluxprofessional.com\/hr\/wp-content\/uploads\/2024\/09\/glasswasher-600x600-1.jpg","contentUrl":"https:\/\/www.electroluxprofessional.com\/hr\/wp-content\/uploads\/2024\/09\/glasswasher-600x600-1.jpg","width":600,"height":600},{"@type":"BreadcrumbList","@id":"https:\/\/www.electroluxprofessional.com\/hr\/neoblue-perilica-casa\/#breadcrumb","itemListElement":[{"@type":"ListItem","position":1,"name":"Po\u010detna stranica","item":"https:\/\/www.electroluxprofessional.com\/hr\/"},{"@type":"ListItem","position":2,"name":"Perilica \u010da\u0161a NeoBlue"}]},{"@type":"WebSite","@id":"https:\/\/www.electroluxprofessional.com\/hr\/#website","url":"https:\/\/www.electroluxprofessional.com\/hr\/","name":"Electrolux Professional Hrvatska","description":"","potentialAction":[{"@type":"SearchAction","target":{"@type":"EntryPoint","urlTemplate":"https:\/\/www.electroluxprofessional.com\/hr\/?src={search_term_string}"},"query-input":"required name=search_term_string"}],"inLanguage":"hr"}]}},"_links":{"self":[{"href":"https:\/\/www.electroluxprofessional.com\/hr\/wp-json\/wp\/v2\/pages\/117775"}],"collection":[{"href":"https:\/\/www.electroluxprofessional.com\/hr\/wp-json\/wp\/v2\/pages"}],"about":[{"href":"https:\/\/www.electroluxprofessional.com\/hr\/wp-json\/wp\/v2\/types\/page"}],"author":[{"embeddable":true,"href":"https:\/\/www.electroluxprofessional.com\/hr\/wp-json\/wp\/v2\/users\/149"}],"replies":[{"embeddable":true,"href":"https:\/\/www.electroluxprofessional.com\/hr\/wp-json\/wp\/v2\/comments?post=117775"}],"version-history":[{"count":7,"href":"https:\/\/www.electroluxprofessional.com\/hr\/wp-json\/wp\/v2\/pages\/117775\/revisions"}],"predecessor-version":[{"id":119719,"href":"https:\/\/www.electroluxprofessional.com\/hr\/wp-json\/wp\/v2\/pages\/117775\/revisions\/119719"}],"wp:featuredmedia":[{"embeddable":true,"href":"https:\/\/www.electroluxprofessional.com\/hr\/wp-json\/wp\/v2\/media\/117771"}],"wp:attachment":[{"href":"https:\/\/www.electroluxprofessional.com\/hr\/wp-json\/wp\/v2\/media?parent=117775"}],"curies":[{"name":"wp","href":"https:\/\/api.w.org\/{rel}","templated":true}]}}