{"id":117672,"date":"2024-06-10T12:03:56","date_gmt":"2024-06-10T12:03:56","guid":{"rendered":"https:\/\/www.electroluxprofessional.com\/hr\/?page_id=117672"},"modified":"2024-06-12T10:46:53","modified_gmt":"2024-06-12T10:46:53","slug":"product-registration","status":"publish","type":"page","link":"https:\/\/www.electroluxprofessional.com\/hr\/product-registration\/","title":{"rendered":"Product Registration"},"content":{"rendered":"<p>[vc_row][vc_column][vc_empty_space height=&#8221;20px&#8221;][elx_menu menu_name=&#8221;myProfessional&#8221;][\/vc_column][\/vc_row][vc_row][vc_column width=&#8221;1\/6&#8243;][vc_single_image image=&#8221;1684&#8243; img_size=&#8221;full&#8221;][\/vc_column][vc_column width=&#8221;5\/6&#8243;][elx_heading font_container=&#8221;h1&#8243; font_size=&#8221;h3&#8243; text_color=&#8221;inherit&#8221;]Za\u0161to registrirati va\u0161 proizvod?[\/elx_heading][vc_column_text]<strong>Hvala na kupnji Electrolux Professional proizvoda.<\/strong><\/p>\n<p>Registriraju\u0107i svoje proizvode danas, pomo\u0107i \u0107ete nam da vam pru\u017eimo najbolju mogu\u0107u podr\u0161ku kupcima. Na\u0161i stru\u010dnjaci uvijek \u0107e biti tu da vas podr\u017ee u svakodnevnom poslovanju i pobrinuti se da dobijete profesionalnu izvrsnost koja vam je potrebna.[\/vc_column_text][\/vc_column][\/vc_row][vc_row][vc_column][elx_o2000_product_registration l=&#8221;hr&#8221; c=&#8221;Croatia&#8221;][vc_empty_space][\/vc_column][\/vc_row]<\/p>\n","protected":false},"excerpt":{"rendered":"<p>[vc_row][vc_column][vc_empty_space height=&#8221;20px&#8221;][elx_menu menu_name=&#8221;myProfessional&#8221;][\/vc_column][\/vc_row][vc_row][vc_column width=&#8221;1\/6&#8243;][vc_single_image image=&#8221;1684&#8243; img_size=&#8221;full&#8221;][\/vc_column][vc_column width=&#8221;5\/6&#8243;][elx_heading font_container=&#8221;h1&#8243; font_size=&#8221;h3&#8243; text_color=&#8221;inherit&#8221;]Za\u0161to registrirati va\u0161 proizvod?[\/elx_heading][vc_column_text]Hvala na kupnji Electrolux Professional proizvoda. Registriraju\u0107i svoje proizvode danas, pomo\u0107i \u0107ete nam da vam pru\u017eimo najbolju mogu\u0107u podr\u0161ku kupcima. Na\u0161i stru\u010dnjaci uvijek \u0107e biti tu da vas podr\u017ee u svakodnevnom poslovanju i pobrinuti se da dobijete profesionalnu izvrsnost koja vam je potrebna.[\/vc_column_text][\/vc_column][\/vc_row][vc_row][vc_column][elx_o2000_product_registration [&hellip;]<\/p>\n","protected":false},"author":1,"featured_media":0,"parent":0,"menu_order":0,"comment_status":"closed","ping_status":"closed","template":"","meta":{"footnotes":""},"class_list":["post-117672","page","type-page","status-publish","hentry"],"acf":[],"yoast_head":"<!-- This site is optimized with the Yoast SEO plugin v23.3 - https:\/\/yoast.com\/wordpress\/plugins\/seo\/ -->\n<title>Product Registration - Electrolux Professional Hrvatska<\/title>\n<meta name=\"description\" content=\"By registering your products today, you will be helping us provide you with our best possible customer care.\" \/>\n<meta name=\"robots\" content=\"index, follow, max-snippet:-1, max-image-preview:large, max-video-preview:-1\" \/>\n<link rel=\"canonical\" href=\"https:\/\/www.electroluxprofessional.com\/hr\/product-registration\/\" \/>\n<meta property=\"og:locale\" content=\"hr_HR\" \/>\n<meta property=\"og:type\" content=\"article\" \/>\n<meta property=\"og:title\" content=\"Product Registration - Electrolux Professional Hrvatska\" \/>\n<meta property=\"og:description\" content=\"By registering your products today, you will be helping us provide you with our best possible customer care.\" \/>\n<meta property=\"og:url\" content=\"https:\/\/www.electroluxprofessional.com\/hr\/product-registration\/\" \/>\n<meta property=\"og:site_name\" content=\"Electrolux Professional Hrvatska\" \/>\n<meta property=\"article:modified_time\" content=\"2024-06-12T10:46:53+00:00\" \/>\n<meta name=\"twitter:card\" content=\"summary_large_image\" \/>\n<meta name=\"twitter:label1\" content=\"Procijenjeno vrijeme \u010ditanja\" \/>\n\t<meta name=\"twitter:data1\" content=\"1 minuta\" \/>\n<script type=\"application\/ld+json\" class=\"yoast-schema-graph\">{\"@context\":\"https:\/\/schema.org\",\"@graph\":[{\"@type\":\"WebPage\",\"@id\":\"https:\/\/www.electroluxprofessional.com\/hr\/product-registration\/\",\"url\":\"https:\/\/www.electroluxprofessional.com\/hr\/product-registration\/\",\"name\":\"Product Registration - Electrolux Professional Hrvatska\",\"isPartOf\":{\"@id\":\"https:\/\/www.electroluxprofessional.com\/hr\/#website\"},\"datePublished\":\"2024-06-10T12:03:56+00:00\",\"dateModified\":\"2024-06-12T10:46:53+00:00\",\"description\":\"By registering your products today, you will be helping us provide you with our best possible customer care.\",\"breadcrumb\":{\"@id\":\"https:\/\/www.electroluxprofessional.com\/hr\/product-registration\/#breadcrumb\"},\"inLanguage\":\"hr\",\"potentialAction\":[{\"@type\":\"ReadAction\",\"target\":[\"https:\/\/www.electroluxprofessional.com\/hr\/product-registration\/\"]}]},{\"@type\":\"BreadcrumbList\",\"@id\":\"https:\/\/www.electroluxprofessional.com\/hr\/product-registration\/#breadcrumb\",\"itemListElement\":[{\"@type\":\"ListItem\",\"position\":1,\"name\":\"Po\u010detna stranica\",\"item\":\"https:\/\/www.electroluxprofessional.com\/hr\/\"},{\"@type\":\"ListItem\",\"position\":2,\"name\":\"Product Registration\"}]},{\"@type\":\"WebSite\",\"@id\":\"https:\/\/www.electroluxprofessional.com\/hr\/#website\",\"url\":\"https:\/\/www.electroluxprofessional.com\/hr\/\",\"name\":\"Electrolux Professional Hrvatska\",\"description\":\"\",\"potentialAction\":[{\"@type\":\"SearchAction\",\"target\":{\"@type\":\"EntryPoint\",\"urlTemplate\":\"https:\/\/www.electroluxprofessional.com\/hr\/?src={search_term_string}\"},\"query-input\":\"required name=search_term_string\"}],\"inLanguage\":\"hr\"}]}<\/script>\n<!-- \/ Yoast SEO plugin. -->","yoast_head_json":{"title":"Product Registration - Electrolux Professional Hrvatska","description":"By registering your products today, you will be helping us provide you with our best possible customer care.","robots":{"index":"index","follow":"follow","max-snippet":"max-snippet:-1","max-image-preview":"max-image-preview:large","max-video-preview":"max-video-preview:-1"},"canonical":"https:\/\/www.electroluxprofessional.com\/hr\/product-registration\/","og_locale":"hr_HR","og_type":"article","og_title":"Product Registration - Electrolux Professional Hrvatska","og_description":"By registering your products today, you will be helping us provide you with our best possible customer care.","og_url":"https:\/\/www.electroluxprofessional.com\/hr\/product-registration\/","og_site_name":"Electrolux Professional Hrvatska","article_modified_time":"2024-06-12T10:46:53+00:00","twitter_card":"summary_large_image","twitter_misc":{"Procijenjeno vrijeme \u010ditanja":"1 minuta"},"schema":{"@context":"https:\/\/schema.org","@graph":[{"@type":"WebPage","@id":"https:\/\/www.electroluxprofessional.com\/hr\/product-registration\/","url":"https:\/\/www.electroluxprofessional.com\/hr\/product-registration\/","name":"Product Registration - Electrolux Professional Hrvatska","isPartOf":{"@id":"https:\/\/www.electroluxprofessional.com\/hr\/#website"},"datePublished":"2024-06-10T12:03:56+00:00","dateModified":"2024-06-12T10:46:53+00:00","description":"By registering your products today, you will be helping us provide you with our best possible customer care.","breadcrumb":{"@id":"https:\/\/www.electroluxprofessional.com\/hr\/product-registration\/#breadcrumb"},"inLanguage":"hr","potentialAction":[{"@type":"ReadAction","target":["https:\/\/www.electroluxprofessional.com\/hr\/product-registration\/"]}]},{"@type":"BreadcrumbList","@id":"https:\/\/www.electroluxprofessional.com\/hr\/product-registration\/#breadcrumb","itemListElement":[{"@type":"ListItem","position":1,"name":"Po\u010detna stranica","item":"https:\/\/www.electroluxprofessional.com\/hr\/"},{"@type":"ListItem","position":2,"name":"Product Registration"}]},{"@type":"WebSite","@id":"https:\/\/www.electroluxprofessional.com\/hr\/#website","url":"https:\/\/www.electroluxprofessional.com\/hr\/","name":"Electrolux Professional Hrvatska","description":"","potentialAction":[{"@type":"SearchAction","target":{"@type":"EntryPoint","urlTemplate":"https:\/\/www.electroluxprofessional.com\/hr\/?src={search_term_string}"},"query-input":"required name=search_term_string"}],"inLanguage":"hr"}]}},"_links":{"self":[{"href":"https:\/\/www.electroluxprofessional.com\/hr\/wp-json\/wp\/v2\/pages\/117672"}],"collection":[{"href":"https:\/\/www.electroluxprofessional.com\/hr\/wp-json\/wp\/v2\/pages"}],"about":[{"href":"https:\/\/www.electroluxprofessional.com\/hr\/wp-json\/wp\/v2\/types\/page"}],"author":[{"embeddable":true,"href":"https:\/\/www.electroluxprofessional.com\/hr\/wp-json\/wp\/v2\/users\/1"}],"replies":[{"embeddable":true,"href":"https:\/\/www.electroluxprofessional.com\/hr\/wp-json\/wp\/v2\/comments?post=117672"}],"version-history":[{"count":4,"href":"https:\/\/www.electroluxprofessional.com\/hr\/wp-json\/wp\/v2\/pages\/117672\/revisions"}],"predecessor-version":[{"id":117677,"href":"https:\/\/www.electroluxprofessional.com\/hr\/wp-json\/wp\/v2\/pages\/117672\/revisions\/117677"}],"wp:attachment":[{"href":"https:\/\/www.electroluxprofessional.com\/hr\/wp-json\/wp\/v2\/media?parent=117672"}],"curies":[{"name":"wp","href":"https:\/\/api.w.org\/{rel}","templated":true}]}}