{"id":117315,"date":"2024-04-10T08:49:17","date_gmt":"2024-04-10T08:49:17","guid":{"rendered":"https:\/\/www.electroluxprofessional.com\/hr\/?page_id=117315"},"modified":"2025-11-06T13:30:24","modified_gmt":"2025-11-06T13:30:24","slug":"hotel-pansion-restoran","status":"publish","type":"page","link":"https:\/\/www.electroluxprofessional.com\/hr\/hotel-pansion-restoran\/","title":{"rendered":"Hoteli, pansioni i restorani"},"content":{"rendered":"<p>[vc_row full_width=&#8221;electroluxpro-full-width-no-padding&#8221; css=&#8221;.vc_custom_1663604325303{margin-top: -50px !important;}&#8221;][vc_column][elx_full_banner title=&#8221;Hoteli, pansioni i restorani&#8221; background_image_media_library=&#8221;117313&#8243; background_image_media_library_mobile=&#8221;117314&#8243;][\/vc_column][\/vc_row][vc_row][vc_column][vc_empty_space][\/vc_column][\/vc_row][vc_row][vc_column width=&#8221;2\/3&#8243;][elx_heading font_container=&#8221;h1&#8243; text_color=&#8221;electrolux-blue&#8221;]Praoni\u010dka rje\u0161enja za hotele, pansione i restorane[\/elx_heading][vc_column_text]Tvrdokorne mrlje na stolnjacima, visoki praoni\u010dki tro\u0161kovi kod vanjskih dobavlja\u010da, pranje, su\u0161enje i zamjena posteljine na vrijeme \u2013<strong><b>\u00a0<\/b><\/strong>sve su to svakodnevni problemi povezani s vo\u0111enjem malog hotela, pansiona ili restorana. myPRO <strong><b>osloba\u0111a va\u0161 raspored kako biste se mogli posvetiti svojem glavnom poslu<\/b><\/strong>.<br \/>\nVrhunski rezultati pranja, brzo i jednostavno, bez te\u0161ko\u0107a.[\/vc_column_text][elx_button button_text=&#8221;Idi na proizvode&#8221; button_style=&#8221;icon&#8221; button_link=&#8221;url:https%3A%2F%2Fwww.electroluxprofessional.com%2Fhr%2Fpraonicka-oprema%2Fmypro-perilice-susilice-i-valjci-za-glacanje%2F|title:myPRO%20perilice%2C%20su%C5%A1ilice%20i%20valjci%20za%20gla%C4%8Danje%20za%20mala%20poduze%C4%87a&#8221;][\/vc_column][vc_column width=&#8221;1\/3&#8243;][elx_heading text_color=&#8221;electrolux-blue&#8221;]Preuzmi bro\u0161uru[\/elx_heading][elx_download_block text=&#8221;Praoni\u010dka rje\u0161enja myPRO<br \/>\nza hotele, pansione i restorane&#8221; document_type=&#8221;leaflets&#8221; background_color=&#8221;laundry-solutions&#8221; le_document_number=&#8221;CLF-9JE00011&#8243;][\/vc_column][\/vc_row][vc_row][vc_column][vc_single_image image=&#8221;4261&#8243; img_size=&#8221;full&#8221; alignment=&#8221;center&#8221;][\/vc_column][\/vc_row][vc_row content_placement=&#8221;top&#8221; el_class=&#8221;marginNegative&#8221;][vc_column width=&#8221;1\/3&#8243;][vc_empty_space][elx_heading font_container=&#8221;h5&#8243; font_size=&#8221;h5&#8243; text_color=&#8221;inherit&#8221;]Fleksibilnost i izdr\u017eljivost[\/elx_heading][vc_column_text]Ve\u0107a izdr\u017eljivost, vi\u0161e fleksibilnosti i rezultati vrhunske kvalitete u kra\u0107em vremenu zahvaljuju\u0107i praoni\u010dkim rje\u0161enjima myPRO: <strong><b>ja\u010da su i br\u017ea od standardnih ure\u0111aja za ku\u0107anstva<\/b><\/strong>.[\/vc_column_text][\/vc_column][vc_column width=&#8221;1\/3&#8243;][vc_empty_space][elx_heading font_container=&#8221;h5&#8243; font_size=&#8221;h5&#8243; text_color=&#8221;inherit&#8221;]Energetska u\u010dinkovitost[\/elx_heading][vc_column_text]<strong><b>U\u0161tedite vodu, energiju i novac<\/b><\/strong><\/p>\n<ul>\n<li>uz energetsku u\u010dinkovitost perilice <strong><b>A+++<\/b><\/strong><\/li>\n<li>uz energetsku u\u010dinkovitost su\u0161ilice s toplinskom pumpom\u00a0<strong><b>A++<\/b><\/strong><\/li>\n<\/ul>\n<p>[\/vc_column_text][\/vc_column][vc_column width=&#8221;1\/3&#8243;][vc_empty_space][elx_heading font_container=&#8221;h5&#8243; font_size=&#8221;h5&#8243; text_color=&#8221;inherit&#8221;]Jamstvo za profesionalnu upotrebu[\/elx_heading][vc_column_text]Obitelj proizvoda myPRO dolazi uz <strong><b>profesionalno jamstvo<\/b><\/strong><strong><b>\u00a0<\/b><\/strong>kako bi va\u0161e ulaganje bilo za\u0161ti\u0107eno. U mnogim se zemljama takvo jamstvo ne primjenjuje ako u profesionalne svrhe upotrebljavate opremu za ku\u0107anstvo. Uz myPRO to nikad nije slu\u010daj.[\/vc_column_text][\/vc_column][\/vc_row][vc_row content_placement=&#8221;top&#8221; el_class=&#8221;marginNegative&#8221;][vc_column width=&#8221;1\/3&#8243;][vc_single_image image=&#8221;4397&#8243; img_size=&#8221;large&#8221;][elx_heading text_color=&#8221;inherit&#8221;]Vrhunska kvaliteta i velika fleksibilnost[\/elx_heading][vc_column_text css=&#8221;.vc_custom_1717959567818{margin-bottom: 0px !important;}&#8221; el_class=&#8221;minHeightCirclesText&#8221;]<em><i>\u201eMoji \u0107e posjetitelji odmah primijetiti ve\u0107u kvalitetu isporu<\/i><\/em><em><i>\u010denih obra\u0111enih <\/i><\/em><em><i>tkanina. \u010ci\u0161\u0107e su, mek\u0161e i miri\u0161u svje\u017eije.\u201c<\/i><\/em>[\/vc_column_text][vc_column_text css=&#8221;.vc_custom_1717959622458{margin-top: 15px !important;}&#8221;]<\/p>\n<ul>\n<li class=\"li1\"><strong><b>Najbolji rezultati pranja<\/b><\/strong>\u00a0zahvaljuju\u0107i <em><i>bubnju Electrolux SpeedCar<\/i><\/em><em>e\u00a0<\/em><\/li>\n<li class=\"li1\"><strong><b>Ve\u0107a fleksibilnost <\/b><\/strong>uz <em><i>profesionalne programe<\/i><\/em><em><i>\u00a0<\/i><\/em>za \u0161irok raspon primjena<\/li>\n<li><strong><b>Dugotrajnija proizvodnja<\/b><\/strong><strong><b>\u00a0<\/b><\/strong><strong><b>pare<\/b><\/strong><strong><b>\u00a0<\/b><\/strong>zahvaljuju\u0107i spremnicima vode velikog volumena (1,9\u00a0l)<\/li>\n<\/ul>\n<p>[\/vc_column_text][\/vc_column][vc_column width=&#8221;1\/3&#8243;][vc_single_image image=&#8221;4398&#8243; img_size=&#8221;large&#8221;][elx_heading text_color=&#8221;inherit&#8221; css=&#8221;.vc_custom_1717959633108{margin-top: 0px !important;}&#8221;]Velika brzina i pouzdanost[\/elx_heading][vc_column_text css=&#8221;.vc_custom_1717959643299{margin-bottom: 0px !important;}&#8221; el_class=&#8221;minHeightCirclesText&#8221;]<em><i>\u201eNi\u0161ta me ne brine i mogu se bez problema suo\u010diti s gu\u017evama.\u201d<\/i><\/em>[\/vc_column_text][vc_column_text css=&#8221;.vc_custom_1717959666104{margin-top: 15px !important;}&#8221;]<\/p>\n<ul>\n<li class=\"li1\"><strong><b>Do 50\u2009% br\u017ee <\/b><\/strong>uz <em><i>profesionalne programe<\/i><\/em><\/li>\n<li class=\"li1\"><strong><b>Kra\u0107i ciklus su\u0161enja<\/b><\/strong>\u00a0zahvaljuju\u0107i <em><i>automatskoj kontroli vlage<\/i><\/em><\/li>\n<li class=\"li1\"><strong><b>U\u0161tedite vrijeme gla\u010daju\u0107i<\/b><\/strong><strong><b>\u00a0<\/b><\/strong>sve vrste tkanina <strong><b>na udoban na\u010din<\/b><\/strong><\/li>\n<\/ul>\n<p>[\/vc_column_text][\/vc_column][vc_column width=&#8221;1\/3&#8243;][vc_single_image image=&#8221;4399&#8243; img_size=&#8221;large&#8221;][elx_heading text_color=&#8221;inherit&#8221;]Dodatne u\u0161tede[\/elx_heading][vc_column_text css=&#8221;.vc_custom_1717959690099{margin-bottom: 0px !important;}&#8221; el_class=&#8221;minHeightCirclesText&#8221;]<em><i>\u201e\u0160tedim novac zahvaljuju\u0107i ekolo\u0161koj i izdr\u017eljivoj praonici.\u201d<\/i><\/em>[\/vc_column_text][vc_column_text css=&#8221;.vc_custom_1717959713902{margin-top: 15px !important;}&#8221;]<\/p>\n<ul>\n<li class=\"li1\"><strong><b>U\u0161teda energije i novca<\/b><\/strong><br \/>\n<em><i>Energetska u\u010dinkovitost perilice A+++<\/i><\/em><\/li>\n<li class=\"li1\">Perilice i su\u0161ilice rublja dizajnirane su da traju <strong><b>3 puta dulje<\/b><\/strong>\u00a0od onih za ku\u0107anstva.<\/li>\n<li><strong><b>U\u0161tedite prostor<\/b><\/strong>\u00a0zahvaljuju\u0107i <strong><b>sklopivoj konstrukciji<\/b><\/strong><strong><b>\u00a0<\/b><\/strong>valjka za gla\u010danje. (IS185)<\/li>\n<\/ul>\n<p>[\/vc_column_text][\/vc_column][\/vc_row][vc_row][vc_column][vc_empty_space][\/vc_column][\/vc_row][vc_row][vc_column width=&#8221;1\/2&#8243;][elx_video_block background_image=&#8221;4393&#8243; video_link=&#8221;https:\/\/www.youtube.com\/watch?v=r8AGBXW8uYg&#8221; minimum_height=&#8221;300px&#8221;][\/vc_column][vc_column width=&#8221;1\/2&#8243;][vc_empty_space][elx_heading font_container=&#8221;h5&#8243; text_color=&#8221;inherit&#8221;]Zuani Casa,<br \/>\nSan Floriano del Collio (Italija)[\/elx_heading][vc_column_text]\u201eMi smo Zuani, obiteljska vinarija i pansion.<br \/>\nNa\u0161i se gosti ovdje zadr\u017eavaju 2 do 3 no\u0107i, stoga rublje moramo mijenjati vrlo \u010desto i brzo, odr\u017eavaju\u0107i pritom visoku kvalitetu. Upotrebljavali smo ure\u0111aje za ku\u0107anstvo, no ciklusi su bili predugi i morali smo ulagati mnogo napora u dodatnu ru\u010dnu njegu rublja.\u201c[\/vc_column_text][\/vc_column][\/vc_row][vc_row][vc_column][vc_empty_space][\/vc_column][\/vc_row][vc_row][vc_column width=&#8221;1\/2&#8243;][elx_video_block background_image=&#8221;4394&#8243; video_link=&#8221;https:\/\/www.youtube.com\/watch?v=EJ4RMJFdkdo&#8221; minimum_height=&#8221;300px&#8221;][\/vc_column][vc_column width=&#8221;1\/2&#8243;][vc_empty_space][elx_heading font_container=&#8221;h5&#8243; text_color=&#8221;inherit&#8221;]Due Fiumi, Sacile (Italija)[\/elx_heading][vc_column_text]\u201eZdravo, zovem se Claudia.<br \/>\nMoji kolege i ja odlu\u010dili smo renovirati ruralnu ku\u0107u i pretvoriti ju u pansion.<br \/>\nPerilica rublja koju upotrebljavamo malena je i namijenjena za ku\u0107anstvo, stoga se ne mo\u017ee uspje\u0161no nositi s na\u0161im opsegom posla.\u201c[\/vc_column_text][\/vc_column][\/vc_row][vc_row][vc_column][vc_empty_space][\/vc_column][\/vc_row][vc_row][vc_column width=&#8221;1\/2&#8243;][elx_video_block background_image=&#8221;4395&#8243; video_link=&#8221;https:\/\/www.youtube.com\/watch?v=mk4zVX8F0BQ&#8221; minimum_height=&#8221;300px&#8221;][\/vc_column][vc_column width=&#8221;1\/2&#8243;][vc_empty_space][elx_heading font_container=&#8221;h5&#8243; text_color=&#8221;inherit&#8221;]Gostinjska ku\u0107a Fraune, Salzkotten (Njema\u010dka)[\/elx_heading][vc_column_text]\u201eU\u0161teda vremena u usporedbi s tradicionalnim perilicama rublja za ku\u0107anstvo golema je. Zahvaljuju\u0107i posebnome bubnju SpeedCare i profesionalnim programima pranja, pranje rublja sada traje upola kra\u0107e, a rezultati su savr\u0161eni.\u201c<\/p>\n<p><strong><b>Stefanie L\u00fctkewitte-Fraune, vlasnica<\/b><\/strong>[\/vc_column_text][\/vc_column][\/vc_row][vc_row][vc_column][vc_empty_space][\/vc_column][\/vc_row][vc_row][vc_column][elx_o2000_contact_us s=&#8221;Zahtjev za informacije o frizerskim i kozmeti\u010dkim salonima&#8221; country=&#8221;Croatia&#8221; b=&#8221;laundry&#8221; r=&#8221;\u017delim saznati vi\u0161e o praoni\u010dkim rje\u0161enjima za hotele, pansione i resorte&#8221; l=&#8221;en&#8221;][\/vc_column][\/vc_row][vc_row][vc_column][vc_empty_space][\/vc_column][\/vc_row][vc_row css=&#8221;.vc_custom_1534772259989{background-color: #eeeeee !important;}&#8221;][vc_column width=&#8221;2\/3&#8243;][elx_heading font_size=&#8221;h3&#8243; text_color=&#8221;inherit&#8221;]Tra\u017eite produktivnija rje\u0161enja?[\/elx_heading][elx_heading font_container=&#8221;h3&#8243; font_size=&#8221;h5&#8243; text_color=&#8221;inherit&#8221;]Pogledajte na\u0161a komercijalna praoni\u010dka rje\u0161enja.[\/elx_heading][vc_column_text]Electrolux Professional pru\u017ea vam zaokru\u017eenu ponudu proizvoda za potrebe va\u0161e profesionalne praonice.[\/vc_column_text][elx_button button_text=&#8221;Otkrijte na\u0161a komercijalna rje\u0161enja za njegu rublja&#8221; button_style=&#8221;icon&#8221; button_link=&#8221;url:https%3A%2F%2Fwww.electroluxprofessional.com%2Fhr%2Fpraonicka-oprema%2Frjesenja-iz-linije-6000%2F|title:Komercijalna%20rje%C5%A1enja%20za%20njegu%20rublja&#8221;][\/vc_column][vc_column width=&#8221;1\/3&#8243;][vc_empty_space][vc_single_image image=&#8221;2786&#8243; img_size=&#8221;700px&#8221; onclick=&#8221;custom_link&#8221; link=&#8221;http:\/\/https:\/\/www.electroluxprofessional.com\/hr\/your-business\/commercial-laundries\/&#8221;][\/vc_column][\/vc_row]<\/p>\n","protected":false},"excerpt":{"rendered":"<p>[vc_row full_width=&#8221;electroluxpro-full-width-no-padding&#8221; css=&#8221;.vc_custom_1663604325303{margin-top: -50px !important;}&#8221;][vc_column][elx_full_banner title=&#8221;Hoteli, pansioni i restorani&#8221; background_image_media_library=&#8221;117313&#8243; background_image_media_library_mobile=&#8221;117314&#8243;][\/vc_column][\/vc_row][vc_row][vc_column][vc_empty_space][\/vc_column][\/vc_row][vc_row][vc_column width=&#8221;2\/3&#8243;][elx_heading font_container=&#8221;h1&#8243; text_color=&#8221;electrolux-blue&#8221;]Praoni\u010dka rje\u0161enja za hotele, pansione i restorane[\/elx_heading][vc_column_text]Tvrdokorne mrlje na stolnjacima, visoki praoni\u010dki tro\u0161kovi kod vanjskih dobavlja\u010da, pranje, su\u0161enje i zamjena posteljine na vrijeme \u2013\u00a0sve su to svakodnevni problemi povezani s vo\u0111enjem malog hotela, pansiona ili restorana. myPRO osloba\u0111a va\u0161 raspored kako biste [&hellip;]<\/p>\n","protected":false},"author":149,"featured_media":4392,"parent":0,"menu_order":0,"comment_status":"closed","ping_status":"closed","template":"","meta":{"footnotes":""},"class_list":["post-117315","page","type-page","status-publish","has-post-thumbnail","hentry"],"acf":[],"yoast_head":"<!-- This site is optimized with the Yoast SEO plugin v23.3 - https:\/\/yoast.com\/wordpress\/plugins\/seo\/ -->\n<title>Hoteli, pansioni i restorani - Electrolux Professional Hrvatska<\/title>\n<meta name=\"description\" content=\"Rje\u0161enja za njegu rublja za hotele, pansione i restorane. myPRO osloba\u0111a va\u0161 raspored kako biste se mogli posvetiti svojem glavnom poslu. Vrhunski rezultati pranja, brzo i jednostavno, bez te\u0161ko\u0107a.\" \/>\n<meta name=\"robots\" content=\"index, follow, max-snippet:-1, max-image-preview:large, max-video-preview:-1\" \/>\n<link rel=\"canonical\" href=\"https:\/\/www.electroluxprofessional.com\/hr\/hotel-pansion-restoran\/\" \/>\n<meta property=\"og:locale\" content=\"hr_HR\" \/>\n<meta property=\"og:type\" content=\"article\" \/>\n<meta property=\"og:title\" content=\"Hoteli, pansioni i restorani - Electrolux Professional Hrvatska\" \/>\n<meta property=\"og:description\" content=\"Rje\u0161enja za njegu rublja za hotele, pansione i restorane. myPRO osloba\u0111a va\u0161 raspored kako biste se mogli posvetiti svojem glavnom poslu. Vrhunski rezultati pranja, brzo i jednostavno, bez te\u0161ko\u0107a.\" \/>\n<meta property=\"og:url\" content=\"https:\/\/www.electroluxprofessional.com\/hr\/hotel-pansion-restoran\/\" \/>\n<meta property=\"og:site_name\" content=\"Electrolux Professional Hrvatska\" \/>\n<meta property=\"article:modified_time\" content=\"2025-11-06T13:30:24+00:00\" \/>\n<meta property=\"og:image\" content=\"https:\/\/www.electroluxprofessional.com\/hr\/wp-content\/uploads\/2019\/11\/hotel-BB-restaurant.jpg\" \/>\n\t<meta property=\"og:image:width\" content=\"800\" \/>\n\t<meta property=\"og:image:height\" content=\"500\" \/>\n\t<meta property=\"og:image:type\" content=\"image\/jpeg\" \/>\n<meta name=\"twitter:card\" content=\"summary_large_image\" \/>\n<meta name=\"twitter:label1\" content=\"Procijenjeno vrijeme \u010ditanja\" \/>\n\t<meta name=\"twitter:data1\" content=\"4 minute\" \/>\n<script type=\"application\/ld+json\" class=\"yoast-schema-graph\">{\"@context\":\"https:\/\/schema.org\",\"@graph\":[{\"@type\":\"WebPage\",\"@id\":\"https:\/\/www.electroluxprofessional.com\/hr\/hotel-pansion-restoran\/\",\"url\":\"https:\/\/www.electroluxprofessional.com\/hr\/hotel-pansion-restoran\/\",\"name\":\"Hoteli, pansioni i restorani - Electrolux Professional Hrvatska\",\"isPartOf\":{\"@id\":\"https:\/\/www.electroluxprofessional.com\/hr\/#website\"},\"primaryImageOfPage\":{\"@id\":\"https:\/\/www.electroluxprofessional.com\/hr\/hotel-pansion-restoran\/#primaryimage\"},\"image\":{\"@id\":\"https:\/\/www.electroluxprofessional.com\/hr\/hotel-pansion-restoran\/#primaryimage\"},\"thumbnailUrl\":\"https:\/\/www.electroluxprofessional.com\/hr\/wp-content\/uploads\/2019\/11\/hotel-BB-restaurant.jpg\",\"datePublished\":\"2024-04-10T08:49:17+00:00\",\"dateModified\":\"2025-11-06T13:30:24+00:00\",\"description\":\"Rje\u0161enja za njegu rublja za hotele, pansione i restorane. myPRO osloba\u0111a va\u0161 raspored kako biste se mogli posvetiti svojem glavnom poslu. Vrhunski rezultati pranja, brzo i jednostavno, bez te\u0161ko\u0107a.\",\"breadcrumb\":{\"@id\":\"https:\/\/www.electroluxprofessional.com\/hr\/hotel-pansion-restoran\/#breadcrumb\"},\"inLanguage\":\"hr\",\"potentialAction\":[{\"@type\":\"ReadAction\",\"target\":[\"https:\/\/www.electroluxprofessional.com\/hr\/hotel-pansion-restoran\/\"]}]},{\"@type\":\"ImageObject\",\"inLanguage\":\"hr\",\"@id\":\"https:\/\/www.electroluxprofessional.com\/hr\/hotel-pansion-restoran\/#primaryimage\",\"url\":\"https:\/\/www.electroluxprofessional.com\/hr\/wp-content\/uploads\/2019\/11\/hotel-BB-restaurant.jpg\",\"contentUrl\":\"https:\/\/www.electroluxprofessional.com\/hr\/wp-content\/uploads\/2019\/11\/hotel-BB-restaurant.jpg\",\"width\":800,\"height\":500,\"caption\":\"hotel B&B restaurant\"},{\"@type\":\"BreadcrumbList\",\"@id\":\"https:\/\/www.electroluxprofessional.com\/hr\/hotel-pansion-restoran\/#breadcrumb\",\"itemListElement\":[{\"@type\":\"ListItem\",\"position\":1,\"name\":\"Po\u010detna stranica\",\"item\":\"https:\/\/www.electroluxprofessional.com\/hr\/\"},{\"@type\":\"ListItem\",\"position\":2,\"name\":\"Hoteli, pansioni i restorani\"}]},{\"@type\":\"WebSite\",\"@id\":\"https:\/\/www.electroluxprofessional.com\/hr\/#website\",\"url\":\"https:\/\/www.electroluxprofessional.com\/hr\/\",\"name\":\"Electrolux Professional Hrvatska\",\"description\":\"\",\"potentialAction\":[{\"@type\":\"SearchAction\",\"target\":{\"@type\":\"EntryPoint\",\"urlTemplate\":\"https:\/\/www.electroluxprofessional.com\/hr\/?src={search_term_string}\"},\"query-input\":\"required name=search_term_string\"}],\"inLanguage\":\"hr\"}]}<\/script>\n<!-- \/ Yoast SEO plugin. -->","yoast_head_json":{"title":"Hoteli, pansioni i restorani - Electrolux Professional Hrvatska","description":"Rje\u0161enja za njegu rublja za hotele, pansione i restorane. myPRO osloba\u0111a va\u0161 raspored kako biste se mogli posvetiti svojem glavnom poslu. Vrhunski rezultati pranja, brzo i jednostavno, bez te\u0161ko\u0107a.","robots":{"index":"index","follow":"follow","max-snippet":"max-snippet:-1","max-image-preview":"max-image-preview:large","max-video-preview":"max-video-preview:-1"},"canonical":"https:\/\/www.electroluxprofessional.com\/hr\/hotel-pansion-restoran\/","og_locale":"hr_HR","og_type":"article","og_title":"Hoteli, pansioni i restorani - Electrolux Professional Hrvatska","og_description":"Rje\u0161enja za njegu rublja za hotele, pansione i restorane. myPRO osloba\u0111a va\u0161 raspored kako biste se mogli posvetiti svojem glavnom poslu. Vrhunski rezultati pranja, brzo i jednostavno, bez te\u0161ko\u0107a.","og_url":"https:\/\/www.electroluxprofessional.com\/hr\/hotel-pansion-restoran\/","og_site_name":"Electrolux Professional Hrvatska","article_modified_time":"2025-11-06T13:30:24+00:00","og_image":[{"width":800,"height":500,"url":"https:\/\/www.electroluxprofessional.com\/hr\/wp-content\/uploads\/2019\/11\/hotel-BB-restaurant.jpg","type":"image\/jpeg"}],"twitter_card":"summary_large_image","twitter_misc":{"Procijenjeno vrijeme \u010ditanja":"4 minute"},"schema":{"@context":"https:\/\/schema.org","@graph":[{"@type":"WebPage","@id":"https:\/\/www.electroluxprofessional.com\/hr\/hotel-pansion-restoran\/","url":"https:\/\/www.electroluxprofessional.com\/hr\/hotel-pansion-restoran\/","name":"Hoteli, pansioni i restorani - Electrolux Professional Hrvatska","isPartOf":{"@id":"https:\/\/www.electroluxprofessional.com\/hr\/#website"},"primaryImageOfPage":{"@id":"https:\/\/www.electroluxprofessional.com\/hr\/hotel-pansion-restoran\/#primaryimage"},"image":{"@id":"https:\/\/www.electroluxprofessional.com\/hr\/hotel-pansion-restoran\/#primaryimage"},"thumbnailUrl":"https:\/\/www.electroluxprofessional.com\/hr\/wp-content\/uploads\/2019\/11\/hotel-BB-restaurant.jpg","datePublished":"2024-04-10T08:49:17+00:00","dateModified":"2025-11-06T13:30:24+00:00","description":"Rje\u0161enja za njegu rublja za hotele, pansione i restorane. myPRO osloba\u0111a va\u0161 raspored kako biste se mogli posvetiti svojem glavnom poslu. Vrhunski rezultati pranja, brzo i jednostavno, bez te\u0161ko\u0107a.","breadcrumb":{"@id":"https:\/\/www.electroluxprofessional.com\/hr\/hotel-pansion-restoran\/#breadcrumb"},"inLanguage":"hr","potentialAction":[{"@type":"ReadAction","target":["https:\/\/www.electroluxprofessional.com\/hr\/hotel-pansion-restoran\/"]}]},{"@type":"ImageObject","inLanguage":"hr","@id":"https:\/\/www.electroluxprofessional.com\/hr\/hotel-pansion-restoran\/#primaryimage","url":"https:\/\/www.electroluxprofessional.com\/hr\/wp-content\/uploads\/2019\/11\/hotel-BB-restaurant.jpg","contentUrl":"https:\/\/www.electroluxprofessional.com\/hr\/wp-content\/uploads\/2019\/11\/hotel-BB-restaurant.jpg","width":800,"height":500,"caption":"hotel B&B restaurant"},{"@type":"BreadcrumbList","@id":"https:\/\/www.electroluxprofessional.com\/hr\/hotel-pansion-restoran\/#breadcrumb","itemListElement":[{"@type":"ListItem","position":1,"name":"Po\u010detna stranica","item":"https:\/\/www.electroluxprofessional.com\/hr\/"},{"@type":"ListItem","position":2,"name":"Hoteli, pansioni i restorani"}]},{"@type":"WebSite","@id":"https:\/\/www.electroluxprofessional.com\/hr\/#website","url":"https:\/\/www.electroluxprofessional.com\/hr\/","name":"Electrolux Professional Hrvatska","description":"","potentialAction":[{"@type":"SearchAction","target":{"@type":"EntryPoint","urlTemplate":"https:\/\/www.electroluxprofessional.com\/hr\/?src={search_term_string}"},"query-input":"required name=search_term_string"}],"inLanguage":"hr"}]}},"_links":{"self":[{"href":"https:\/\/www.electroluxprofessional.com\/hr\/wp-json\/wp\/v2\/pages\/117315"}],"collection":[{"href":"https:\/\/www.electroluxprofessional.com\/hr\/wp-json\/wp\/v2\/pages"}],"about":[{"href":"https:\/\/www.electroluxprofessional.com\/hr\/wp-json\/wp\/v2\/types\/page"}],"author":[{"embeddable":true,"href":"https:\/\/www.electroluxprofessional.com\/hr\/wp-json\/wp\/v2\/users\/149"}],"replies":[{"embeddable":true,"href":"https:\/\/www.electroluxprofessional.com\/hr\/wp-json\/wp\/v2\/comments?post=117315"}],"version-history":[{"count":6,"href":"https:\/\/www.electroluxprofessional.com\/hr\/wp-json\/wp\/v2\/pages\/117315\/revisions"}],"predecessor-version":[{"id":119004,"href":"https:\/\/www.electroluxprofessional.com\/hr\/wp-json\/wp\/v2\/pages\/117315\/revisions\/119004"}],"wp:featuredmedia":[{"embeddable":true,"href":"https:\/\/www.electroluxprofessional.com\/hr\/wp-json\/wp\/v2\/media\/4392"}],"wp:attachment":[{"href":"https:\/\/www.electroluxprofessional.com\/hr\/wp-json\/wp\/v2\/media?parent=117315"}],"curies":[{"name":"wp","href":"https:\/\/api.w.org\/{rel}","templated":true}]}}