{"id":116870,"date":"2024-03-06T03:17:08","date_gmt":"2024-03-06T03:17:08","guid":{"rendered":"https:\/\/www.electroluxprofessional.com\/hr\/?page_id=116870"},"modified":"2025-11-06T13:34:01","modified_gmt":"2025-11-06T13:34:01","slug":"rjesenja-iz-linije-6000","status":"publish","type":"page","link":"https:\/\/www.electroluxprofessional.com\/hr\/praonicka-oprema\/rjesenja-iz-linije-6000\/","title":{"rendered":"Linija 6000 \u2013 rje\u0161enja"},"content":{"rendered":"<p>[vc_row full_width=&#8221;electroluxpro-full-width-no-padding&#8221;][vc_column][elx_image_block background_image=&#8221;116713&#8243; minimum_height=&#8221;400px&#8221;][vc_empty_space][\/vc_column][\/vc_row][vc_row][vc_column][elx_heading font_container=&#8221;h1&#8243; text_color=&#8221;inherit&#8221;]Energetski u\u010dinkovita rje\u0161enja za profesionalne praonice rublja[\/elx_heading][vc_empty_space][vc_column_text]Smanjite ukupne tro\u0161kove rada svoje profesionalne praonice rublja bez smanjivanja kapaciteta pranja.<\/p>\n<p>Kombinacijom <strong>profesionalnih perilica s visokom centrifugom<\/strong> i nove generacije <strong>su\u0161ilica s toplinskom pumpom<\/strong> ubla\u017eite udar rastu\u0107ih tro\u0161kova elektri\u010dne energije i ostanite konkurentni. Za savr\u0161ene rezultate ciklus pranja rublja upotpunite na\u0161im valjcima za gla\u010danje![\/vc_column_text][vc_empty_space][elx_button button_text=&#8221;IDITE NA PROIZVODE&#8221; button_style=&#8221;secondary&#8221; button_link=&#8221;url:%23products|title:IDITE%20NA%20PROIZVODE&#8221;][vc_empty_space][\/vc_column][\/vc_row][vc_row full_width=&#8221;electroluxpro-full-width-no-padding&#8221;][vc_column][elx_features_download title=&#8221;&#8221; title_position=&#8221;top&#8221; bg_row=&#8221;bg-row-sustainability-green&#8221; values=&#8221;%5B%7B%22select_type%22%3A%22link%22%7D%5D&#8221; discover=&#8221;%5B%7B%7D%5D&#8221; features=&#8221;%5B%7B%22icon_electroluxpro%22%3A%22elx-icon%20icon-70-energy-savings-white%22%2C%22title_icon%22%3A%22U%C5%A1teda%20energije%22%2C%22text_icon%22%3A%22Pametno%20ulaganje%20za%20osjetan%20povrat%20ulo%C5%BEenog%20%E2%80%93%20uparivanjem%20perilice%20s%20visokom%20centrifugom%20iz%20Linije%206000%20i%20su%C5%A1ilice%20s%20toplinskom%20pumpom%20u%C5%A1tedite%20vi%C5%A1e%20od%2070%20%25%20na%20tro%C5%A1kovima%20rada%20profesionalne%20praonice%20rublja.%5Cn%3Cbr%3E%5Cn%3Cbr%3E%5Cn%3Csup%3E*%20Usporedimo%20li%20tradicionalnu%20perilicu%20rublja%20s%20centrifugom%20i%20ventiliranu%20su%C5%A1ilicu%20(MODELI%20WN6-14%20I%20TD6-14)%20s%20modelom%20perilice%20WH6-14%20i%20modelom%20su%C5%A1ilice%20TD6-14HP.%3C%2Fsup%3E%5Cn%22%7D%5D&#8221;][\/elx_features_download][elx_features_download title=&#8221;Oblikovanje odr\u017eivih praonica rublja&#8221; class_title=&#8221;h2&#8243; title_download=&#8221;Preuzimanje&#8221; title_discover=&#8221;Saznajte vi\u0161e&#8221; bg_discover_color=&#8221;bg-download-white&#8221; link_discover_color=&#8221;download-text-blue&#8221; title_position=&#8221;top&#8221; bg_row=&#8221;bg-row-light-blue&#8221; values=&#8221;%5B%7B%22select_type%22%3A%22link%22%2C%22link_download%22%3A%22url%3Ahttps%253A%252F%252Fwww.electroluxprofessional.com%252Fwp-content%252Fuploads%252F2023%252F09%252FElectrolux-Professional-Sustainability_ENG.pdf%7Ctitle%3ABro%25C5%25A1ura%2520o%2520odr%25C5%25BEivosti%7Ctarget%3A_blank%22%7D%2C%7B%22select_type%22%3A%22pride%22%2C%22link_download%22%3A%22url%3Ahttps%253A%252F%252Fwww.electroluxprofessional.com%252Fwp-content%252Fuploads%252F2023%252F09%252FEPR_Line-6000-Washers-Dryers-brochure-16032023_LR.pdf%7Ctitle%3ALine%25206000%2520Solutions%22%2C%22label_pride_document%22%3A%22Perilice%20i%20su%C5%A1ilice%20iz%20Linije%206000%22%2C%22document_type%22%3A%22brochures%22%2C%22br_document_number%22%3A%22A0109%22%7D%2C%7B%22select_type%22%3A%22pride%22%2C%22link_download%22%3A%22url%3Ahttps%253A%252F%252Fwww.electroluxprofessional.com%252Fwp-content%252Fuploads%252F2023%252F09%252FEPR_Leaflet-Detergents_Ecolabel_ENG_05102021_LR.pdf%7Ctitle%3AEcolabel%2520Detergents%22%2C%22label_pride_document%22%3A%22Ecolabel%20deterd%C5%BEenti%22%2C%22document_type%22%3A%22brochures%22%2C%22br_document_number%22%3A%22A0123%22%7D%5D&#8221; discover=&#8221;%5B%7B%22link_discover%22%3A%22url%3Ahttps%253A%252F%252Fwww.electroluxprofessional.com%252Fensuring-profitability-with-efficient-on-premises-laundry%252F%7Ctitle%3APerilica%2520s%2520visokom%2520centrifugom%2520i%2520su%25C5%25A1ilica%2520s%2520toplinskom%2520pumpom%253A%2520savr%25C5%25A1en%2520par%7Ctarget%3A_blank%22%7D%2C%7B%22link_discover%22%3A%22url%3Ahttps%253A%252F%252Fwww.electroluxprofessional.com%252Fhow-heat-pump-dryers-can-beat-the-energy-crisis%252F%7Ctitle%3AU%25C5%25A1tedite%252065%2520%2525%2520energije%2520uz%2520na%25C5%25A1u%2520su%25C5%25A1ilicu%2520rublja%2520s%2520toplinskom%2520pumpom%7Ctarget%3A_blank%22%7D%2C%7B%22link_discover%22%3A%22url%3Ahttps%253A%252F%252Fwww.electroluxprofessional.com%252Fhr%252Fbriga-o-kupcima%252F%7Ctitle%3AEssentia%253A%2520srce%2520slu%25C5%25BEbe%2520za%2520korisnike%7Ctarget%3A_blank%22%7D%5D&#8221; features=&#8221;%5B%7B%22icon_electroluxpro%22%3A%22elx-icon%20icon-circle-savings-green-blue%22%2C%22title_icon%22%3A%22Manja%20potro%C5%A1nja%20kemikalija%20i%20deterd%C5%BEenata%22%2C%22text_icon%22%3A%22Ni%C5%BEi%20tro%C5%A1kovi%20%C5%BEivotnog%20ciklusa%20ure%C4%91aja%20zahvaljuju%C4%87i%20inteligentnim%20funkcijama%20doziranja%22%7D%2C%7B%22icon_electroluxpro%22%3A%22elx-icon%20icon-circle-graphic-blue%22%2C%22title_icon%22%3A%22Maksimalno%20uklanjanje%20vode%22%2C%22text_icon%22%3A%22Velike%20brzine%20ekstrakcije%20za%20racionalizaciju%20vode%22%7D%2C%7B%22icon_electroluxpro%22%3A%22elx-icon%20icon-circle-laundry-productivity-blue%22%2C%22title_icon%22%3A%22Odr%C5%BEavajte%20protok%20sa%2065%25%20manje%20energije%20%22%2C%22text_icon%22%3A%22Br%C5%BEi%20ciklusi%20su%C5%A1enja%20zahvaljuju%C4%87i%20novoj%20tehnologiji%20toplinske%20pumpe%5Cn%22%7D%5D&#8221;][\/elx_features_download][vc_empty_space][\/vc_column][\/vc_row][vc_row][vc_column][elx_text_image style_image=&#8221;image_square&#8221; bg_row=&#8221;bg-download-white&#8221; title=&#8221;Manja potro\u0161nja kemikalija i deterd\u017eenta&#8221; lists=&#8221;%5B%7B%7D%5D&#8221; values=&#8221;%5B%7B%7D%5D&#8221; single_image=&#8221;116717&#8243;]Tro\u0161kovi deterd\u017eenata, kemijskih sredstava, elektri\u010dne energije i vode \u010dine do \u010dak 90\u00a0% tro\u0161kova rada profesionalne perilice.<\/p>\n<p>Rije\u0161ite se nezgodne navike prekomjernog doziranja deterd\u017eenta i smanjite ukupne tro\u0161kove rada zahvaljuju\u0107i inteligentnim zna\u010dajkama dostupnim na Clarus Vibe modelima ure\u0111aja. Automatski prilago\u0111uju koli\u010dinu deterd\u017eenta na temelju koli\u010dine rublja s pomo\u0107u zna\u010dajke <strong>Intelligent Dosing (inteligentno doziranje)<\/strong>, dok vam funkcija <strong>Integrated Savings (integrirana u\u0161teda)<\/strong> u stvarnom vremenu donosi podatke koji poma\u017eu pri izbjegavanju preoptere\u0107enja ili podoptere\u0107enja ure\u0111aja.[\/elx_text_image][\/vc_column][\/vc_row][vc_row][vc_column][elx_text_image number_images=&#8221;n&#8221; style_image=&#8221;image_square&#8221; image_position=&#8221;image_left&#8221; bg_row=&#8221;bg-download-white&#8221; title=&#8221;Uklanjanje najve\u0107e mogu\u0107e koli\u010dine vode&#8221; lists=&#8221;%5B%7B%7D%5D&#8221; values=&#8221;%5B%7B%7D%5D&#8221; multi_images=&#8221;116718&#8243;]Uklonite najve\u0107u mogu\u0107u koli\u010dinu vode u fazi pranja kako bi se smanjila koli\u010dina vlage u ure\u0111aju i skratilo vrijeme su\u0161enja.<\/p>\n<p>Funkcija <strong>Automatic Savings (automatska u\u0161teda)<\/strong> va\u017ee rublje i prilago\u0111uje koli\u010dinu uzete vode koli\u010dini rublja. Brzina vrtnje s centrifugalnom silom od 450\u00a0G zna\u010di da je po kilogramu rublja potrebno samo 6\u00a0l vode, dok funkcija <strong>Power Balance (uravnote\u017eenje optere\u0107enja)<\/strong> osigurava zadr\u017eavanje najmanje mogu\u0107e koli\u010dine vode prije faze su\u0161enja.[\/elx_text_image][vc_empty_space][\/vc_column][\/vc_row][vc_row][vc_column][elx_text_image number_images=&#8221;n&#8221; style_image=&#8221;image_square&#8221; bg_row=&#8221;bg-download-white&#8221; title=&#8221;Odr\u017eite isti kapacitet su\u0161enja uz 65 % manju potro\u0161nju energije&#8221; lists=&#8221;%5B%7B%7D%5D&#8221; values=&#8221;%5B%7B%7D%5D&#8221; multi_images=&#8221;116719&#8243;]Vrijeme su\u0161enja usporedivo je s onim u profesionalnoj ventiliranoj su\u0161ilici, uz tek djeli\u0107 utro\u0161ene energije u odnosu na nju.<\/p>\n<p>Nova tehnologija, nadahnuta dostignu\u0107ima u podru\u010dju ku\u0107nih klimatizacijskih sustava, omogu\u0107uje cikluse su\u0161enja u trajanju od 35 minuta \u2013 \u0161to je dvostruko br\u017ee u odnosu na tradicionalnu su\u0161ilicu s toplinskom pumpom \u2013 za jo\u0161 ve\u0107u produktivnost, tihi rad i brz povrat ulo\u017eenog novca.[\/elx_text_image][vc_empty_space][\/vc_column][\/vc_row][vc_row disable_element=&#8221;yes&#8221; css=&#8221;.vc_custom_1699948553798{background-color: #e9eff5 !important;}&#8221;][vc_column][elx_multiple_columns number_columns=&#8221;4&#8243; title=&#8221;Industry solutions&#8221; values=&#8221;%5B%7B%22image_section%22%3A%22116725%22%2C%22title_section%22%3A%22Laundromats%22%2C%22text_section%22%3A%22Generate%20more%20revenue%20by%20reducing%20cycle%20times%20to%5Cnmaximize%20customer%20throughput.%20%5Cn%22%2C%22link_section%22%3A%22url%3Ahttps%253A%252F%252Fwww.electroluxprofessional.com%252Fyour-business%252Fself-service-laundries%252Flaundromats%252F%7Ctitle%3ADiscover%22%7D%2C%7B%22image_section%22%3A%22116726%22%2C%22title_section%22%3A%22Hotels%22%2C%22text_section%22%3A%22Offset%20rising%20energy%20costs%20by%20reducing%20utility%5Cnconsumption%20and%20optimizing%20machine%20utilization.%20%22%2C%22link_section%22%3A%22url%3Ahttps%253A%252F%252Fwww.electroluxprofessional.com%252Fyour-business%252Fhotels%252F%7Ctitle%3ADiscover%22%7D%2C%7B%22image_section%22%3A%22116727%22%2C%22title_section%22%3A%22Multi-housing%20laundries%22%2C%22text_section%22%3A%22Minimize%20noise%20disruption%20through%20quiet%20heat%20pump%5Cnoperation%20while%20offering%20affordable%20cost-per-cycle.%22%2C%22link_section%22%3A%22url%3Ahttps%253A%252F%252Fwww.electroluxprofessional.com%252Fyour-business%252Fself-service-laundries%252Fmulti-housing-laundry%252F%7Ctitle%3ADiscover%22%7D%5D&#8221;][\/elx_multiple_columns][\/vc_column][\/vc_row][vc_row css=&#8221;.vc_custom_1697797242921{background-color: rgba(136,184,204,0.8) !important;*background-color: rgb(136,184,204) !important;}&#8221;][vc_column][elx_heading text_color=&#8221;inherit&#8221;]Gdje mo\u017eete prona\u0107i na\u0161a rje\u0161enja?[\/elx_heading][vc_empty_space][\/vc_column][\/vc_row][vc_row css=&#8221;.vc_custom_1697795488697{background-color: rgba(136,184,204,0.8) !important;*background-color: rgb(136,184,204) !important;}&#8221;][vc_column width=&#8221;1\/3&#8243;][elx_simple_link_block link=&#8221;url:https%3A%2F%2Fwww.electroluxprofessional.com%2Fhr%2Fsamoposluzne-praonice%2F|target:_blank&#8221; text_align=&#8221;text-left&#8221; text_color=&#8221;inherit&#8221; background_color=&#8221;inherit&#8221; background_hover_color=&#8221;darker-hover&#8221; extra_class=&#8221;&#8221; reveal_effect=&#8221;&#8221; reveal_duration=&#8221;&#8221; reveal_delay=&#8221;&#8221;][vc_single_image image=&#8221;116714&#8243; img_size=&#8221;350&#215;350&#8243;][elx_heading text_color=&#8221;inherit&#8221;]Samoposlu\u017ene praonice rublja[\/elx_heading][vc_column_text]Ostvarite ve\u0107e prihode smanjenjem trajanja ciklusa i dostupno\u0161\u0107u najve\u0107em mogu\u0107em broju korisnika.[\/vc_column_text][\/elx_simple_link_block][\/vc_column][vc_column width=&#8221;1\/3&#8243;][elx_simple_link_block link=&#8221;url:https%3A%2F%2Fwww.electroluxprofessional.com%2Fhr%2Fvas-posao%2Fhoteli%2F|target:_blank&#8221; text_align=&#8221;text-left&#8221; text_color=&#8221;inherit&#8221; background_color=&#8221;inherit&#8221; background_hover_color=&#8221;darker-hover&#8221; extra_class=&#8221;&#8221; reveal_effect=&#8221;&#8221; reveal_duration=&#8221;&#8221; reveal_delay=&#8221;&#8221;][vc_single_image image=&#8221;116715&#8243; img_size=&#8221;350&#215;350&#8243;][elx_heading text_color=&#8221;inherit&#8221;]Hoteli[\/elx_heading][vc_column_text]Ubla\u017eite udar rastu\u0107ih tro\u0161kova energije smanjenjem potro\u0161nje elektri\u010dne energije i vode i optimizacijom na\u010dina upotrebe ure\u0111aja.[\/vc_column_text][\/elx_simple_link_block][\/vc_column][vc_column width=&#8221;1\/3&#8243;][elx_simple_link_block link=&#8221;url:https%3A%2F%2Fwww.electroluxprofessional.com%2Fyour-business%2Fself-service-laundries%2Fmulti-housing-laundry%2F|target:_blank&#8221; text_align=&#8221;text-left&#8221; text_color=&#8221;inherit&#8221; background_color=&#8221;inherit&#8221; background_hover_color=&#8221;darker-hover&#8221; extra_class=&#8221;&#8221; reveal_effect=&#8221;&#8221; reveal_duration=&#8221;&#8221; reveal_delay=&#8221;&#8221;][vc_single_image image=&#8221;116716&#8243; img_size=&#8221;350&#215;350&#8243;][elx_heading text_color=&#8221;inherit&#8221;]Praonica u stambenoj zgradi[\/elx_heading][vc_column_text]Minimalna razina buke i ometanja zahvaljuju\u0107i tihom radu toplinske pumpe uz tro\u0161kovno prihvatljiv rad pri svakom ciklusu.[\/vc_column_text][\/elx_simple_link_block][\/vc_column][\/vc_row][vc_row el_id=&#8221;products&#8221;][vc_column][vc_empty_space][elx_heading text_color=&#8221;inherit&#8221; text_align=&#8221;text-center&#8221;]Doznajte vi\u0161e o drugim proizvodima iz na\u0161e Linije 6000[\/elx_heading][vc_empty_space][elx_product_showcase number_columns=&#8221;3&#8243; order_col1=&#8221;1&#8243; image_col1=&#8221;116720&#8243; order_col2=&#8221;2&#8243; image_col2=&#8221;116722&#8243; order_col3=&#8221;3&#8243; image_col3=&#8221;116724&#8243; order_col4=&#8221;4&#8243; bg_row=&#8221;bg-download-white&#8221; title_col1=&#8221;Profesionalne perilice rublja&#8221; title_col2=&#8221;Barijerne perilice rublja&#8221; title_col3=&#8221;Su\u0161ilice rublja&#8221; link_col1=&#8221;url:https%3A%2F%2Fwww.electroluxprofessional.com%2Fhr%2Fpraonicka-oprema%2Fprofesionalne-perilice-rublja%2F|title:Profesionalne%20perilice%20rublja%20iz%20Linije%206000&#8243; link_col2=&#8221;url:https%3A%2F%2Fwww.electroluxprofessional.com%2Fhr%2Fpraonicka-oprema%2Fbarijerne-perilice-rublja-iz-linije-6000%2F|title:Barijerne%20perilice%20rublja&#8221; link_col3=&#8221;url:https%3A%2F%2Fwww.electroluxprofessional.com%2Fhr%2Fpraonicka-oprema%2Fsusilice-rublja%2F|title:Su%C5%A1ilice%20rublja%20linije%206000&#8243;][vc_empty_space][elx_product_showcase number_columns=&#8221;2&#8243; order_col1=&#8221;1&#8243; image_col1=&#8221;116721&#8243; order_col2=&#8221;2&#8243; image_col2=&#8221;116723&#8243; order_col3=&#8221;3&#8243; order_col4=&#8221;4&#8243; bg_row=&#8221;bg-download-white&#8221; title_col1=&#8221;Ormari\u0107i za su\u0161enje&#8221; title_col2=&#8221;Valjci za gla\u010danje s grijanim cilindrima&#8221; link_col1=&#8221;url:https%3A%2F%2Fwww.electroluxprofessional.com%2Fhr%2Fpraonicka-oprema%2Formarici-za-susenje%2F|title:Ormari%C4%87i%20za%20su%C5%A1enje%20linije%206000&#8243; link_col2=&#8221;url:https%3A%2F%2Fwww.electroluxprofessional.com%2Fhr%2Fpraonicka-oprema%2Fvaljci-za-glacanje-s-grijanim-cilindrima%2F|title:Valjci%20za%20gla%C4%8Danje%20linije%206000%20za%20visoku%20produktivnost&#8221;][\/vc_column][\/vc_row][vc_row full_width=&#8221;electroluxpro-full-width-no-padding&#8221;][vc_column][elx_features_download title=&#8221;Essentia: srce slu\u017ebe za korisnike&#8221; title_download=&#8221;&#8221; bg_row=&#8221;bg-row-light-blue&#8221; values=&#8221;%5B%7B%22select_type%22%3A%22link%22%2C%22link_download%22%3A%22url%3Ahttps%253A%252F%252Fwww.electroluxprofessional.com%252Fhr%252Fbriga-o-kupcima%252F%7Ctitle%3AOtkrijte%2520uslugu%2520Essentia%7Ctarget%3A_blank%22%7D%5D&#8221; discover=&#8221;%5B%7B%7D%5D&#8221; features=&#8221;%5B%7B%7D%5D&#8221;]Pru\u017eamo vam podr\u0161ku prema va\u0161im potrebama, brinemo se o va\u0161im procesima s pomo\u0107u pouzdane servisne mre\u017ee, niza posebno prilago\u0111enih ekskluzivnih usluga i inovativne tehnologije.[\/elx_features_download][\/vc_column][\/vc_row]<\/p>\n","protected":false},"excerpt":{"rendered":"<p>[vc_row full_width=&#8221;electroluxpro-full-width-no-padding&#8221;][vc_column][elx_image_block background_image=&#8221;116713&#8243; minimum_height=&#8221;400px&#8221;][vc_empty_space][\/vc_column][\/vc_row][vc_row][vc_column][elx_heading font_container=&#8221;h1&#8243; text_color=&#8221;inherit&#8221;]Energetski u\u010dinkovita rje\u0161enja za profesionalne praonice rublja[\/elx_heading][vc_empty_space][vc_column_text]Smanjite ukupne tro\u0161kove rada svoje profesionalne praonice rublja bez smanjivanja kapaciteta pranja. Kombinacijom profesionalnih perilica s visokom centrifugom i nove generacije su\u0161ilica s toplinskom pumpom ubla\u017eite udar rastu\u0107ih tro\u0161kova elektri\u010dne energije i ostanite konkurentni. Za savr\u0161ene rezultate ciklus pranja rublja upotpunite na\u0161im valjcima za [&hellip;]<\/p>\n","protected":false},"author":149,"featured_media":0,"parent":2858,"menu_order":0,"comment_status":"closed","ping_status":"closed","template":"","meta":{"footnotes":""},"class_list":["post-116870","page","type-page","status-publish","hentry"],"acf":[],"yoast_head":"<!-- This site is optimized with the Yoast SEO plugin v23.3 - https:\/\/yoast.com\/wordpress\/plugins\/seo\/ -->\n<title>Linija 6000 \u2013 rje\u0161enja - Electrolux Professional Hrvatska<\/title>\n<meta name=\"robots\" content=\"index, follow, max-snippet:-1, max-image-preview:large, max-video-preview:-1\" \/>\n<link rel=\"canonical\" href=\"https:\/\/www.electroluxprofessional.com\/hr\/praonicka-oprema\/rjesenja-iz-linije-6000\/\" \/>\n<meta property=\"og:locale\" content=\"hr_HR\" \/>\n<meta property=\"og:type\" content=\"article\" \/>\n<meta property=\"og:title\" content=\"Linija 6000 \u2013 rje\u0161enja - Electrolux Professional Hrvatska\" \/>\n<meta property=\"og:description\" content=\"[vc_row full_width=&#8221;electroluxpro-full-width-no-padding&#8221;][vc_column][elx_image_block background_image=&#8221;116713&#8243; minimum_height=&#8221;400px&#8221;][vc_empty_space][\/vc_column][\/vc_row][vc_row][vc_column][elx_heading font_container=&#8221;h1&#8243; text_color=&#8221;inherit&#8221;]Energetski u\u010dinkovita rje\u0161enja za profesionalne praonice rublja[\/elx_heading][vc_empty_space][vc_column_text]Smanjite ukupne tro\u0161kove rada svoje profesionalne praonice rublja bez smanjivanja kapaciteta pranja. Kombinacijom profesionalnih perilica s visokom centrifugom i nove generacije su\u0161ilica s toplinskom pumpom ubla\u017eite udar rastu\u0107ih tro\u0161kova elektri\u010dne energije i ostanite konkurentni. Za savr\u0161ene rezultate ciklus pranja rublja upotpunite na\u0161im valjcima za [&hellip;]\" \/>\n<meta property=\"og:url\" content=\"https:\/\/www.electroluxprofessional.com\/hr\/praonicka-oprema\/rjesenja-iz-linije-6000\/\" \/>\n<meta property=\"og:site_name\" content=\"Electrolux Professional Hrvatska\" \/>\n<meta property=\"article:modified_time\" content=\"2025-11-06T13:34:01+00:00\" \/>\n<meta name=\"twitter:card\" content=\"summary_large_image\" \/>\n<meta name=\"twitter:label1\" content=\"Procijenjeno vrijeme \u010ditanja\" \/>\n\t<meta name=\"twitter:data1\" content=\"3 minute\" \/>\n<script type=\"application\/ld+json\" class=\"yoast-schema-graph\">{\"@context\":\"https:\/\/schema.org\",\"@graph\":[{\"@type\":\"WebPage\",\"@id\":\"https:\/\/www.electroluxprofessional.com\/hr\/praonicka-oprema\/rjesenja-iz-linije-6000\/\",\"url\":\"https:\/\/www.electroluxprofessional.com\/hr\/praonicka-oprema\/rjesenja-iz-linije-6000\/\",\"name\":\"Linija 6000 \u2013 rje\u0161enja - Electrolux Professional Hrvatska\",\"isPartOf\":{\"@id\":\"https:\/\/www.electroluxprofessional.com\/hr\/#website\"},\"datePublished\":\"2024-03-06T03:17:08+00:00\",\"dateModified\":\"2025-11-06T13:34:01+00:00\",\"breadcrumb\":{\"@id\":\"https:\/\/www.electroluxprofessional.com\/hr\/praonicka-oprema\/rjesenja-iz-linije-6000\/#breadcrumb\"},\"inLanguage\":\"hr\",\"potentialAction\":[{\"@type\":\"ReadAction\",\"target\":[\"https:\/\/www.electroluxprofessional.com\/hr\/praonicka-oprema\/rjesenja-iz-linije-6000\/\"]}]},{\"@type\":\"BreadcrumbList\",\"@id\":\"https:\/\/www.electroluxprofessional.com\/hr\/praonicka-oprema\/rjesenja-iz-linije-6000\/#breadcrumb\",\"itemListElement\":[{\"@type\":\"ListItem\",\"position\":1,\"name\":\"Po\u010detna stranica\",\"item\":\"https:\/\/www.electroluxprofessional.com\/hr\/\"},{\"@type\":\"ListItem\",\"position\":2,\"name\":\"Praoni\u010dka oprema\",\"item\":\"https:\/\/www.electroluxprofessional.com\/hr\/praonicka-oprema\/\"},{\"@type\":\"ListItem\",\"position\":3,\"name\":\"Linija 6000 \u2013 rje\u0161enja\"}]},{\"@type\":\"WebSite\",\"@id\":\"https:\/\/www.electroluxprofessional.com\/hr\/#website\",\"url\":\"https:\/\/www.electroluxprofessional.com\/hr\/\",\"name\":\"Electrolux Professional Hrvatska\",\"description\":\"\",\"potentialAction\":[{\"@type\":\"SearchAction\",\"target\":{\"@type\":\"EntryPoint\",\"urlTemplate\":\"https:\/\/www.electroluxprofessional.com\/hr\/?src={search_term_string}\"},\"query-input\":\"required name=search_term_string\"}],\"inLanguage\":\"hr\"}]}<\/script>\n<!-- \/ Yoast SEO plugin. -->","yoast_head_json":{"title":"Linija 6000 \u2013 rje\u0161enja - Electrolux Professional Hrvatska","robots":{"index":"index","follow":"follow","max-snippet":"max-snippet:-1","max-image-preview":"max-image-preview:large","max-video-preview":"max-video-preview:-1"},"canonical":"https:\/\/www.electroluxprofessional.com\/hr\/praonicka-oprema\/rjesenja-iz-linije-6000\/","og_locale":"hr_HR","og_type":"article","og_title":"Linija 6000 \u2013 rje\u0161enja - Electrolux Professional Hrvatska","og_description":"[vc_row full_width=&#8221;electroluxpro-full-width-no-padding&#8221;][vc_column][elx_image_block background_image=&#8221;116713&#8243; minimum_height=&#8221;400px&#8221;][vc_empty_space][\/vc_column][\/vc_row][vc_row][vc_column][elx_heading font_container=&#8221;h1&#8243; text_color=&#8221;inherit&#8221;]Energetski u\u010dinkovita rje\u0161enja za profesionalne praonice rublja[\/elx_heading][vc_empty_space][vc_column_text]Smanjite ukupne tro\u0161kove rada svoje profesionalne praonice rublja bez smanjivanja kapaciteta pranja. Kombinacijom profesionalnih perilica s visokom centrifugom i nove generacije su\u0161ilica s toplinskom pumpom ubla\u017eite udar rastu\u0107ih tro\u0161kova elektri\u010dne energije i ostanite konkurentni. Za savr\u0161ene rezultate ciklus pranja rublja upotpunite na\u0161im valjcima za [&hellip;]","og_url":"https:\/\/www.electroluxprofessional.com\/hr\/praonicka-oprema\/rjesenja-iz-linije-6000\/","og_site_name":"Electrolux Professional Hrvatska","article_modified_time":"2025-11-06T13:34:01+00:00","twitter_card":"summary_large_image","twitter_misc":{"Procijenjeno vrijeme \u010ditanja":"3 minute"},"schema":{"@context":"https:\/\/schema.org","@graph":[{"@type":"WebPage","@id":"https:\/\/www.electroluxprofessional.com\/hr\/praonicka-oprema\/rjesenja-iz-linije-6000\/","url":"https:\/\/www.electroluxprofessional.com\/hr\/praonicka-oprema\/rjesenja-iz-linije-6000\/","name":"Linija 6000 \u2013 rje\u0161enja - Electrolux Professional Hrvatska","isPartOf":{"@id":"https:\/\/www.electroluxprofessional.com\/hr\/#website"},"datePublished":"2024-03-06T03:17:08+00:00","dateModified":"2025-11-06T13:34:01+00:00","breadcrumb":{"@id":"https:\/\/www.electroluxprofessional.com\/hr\/praonicka-oprema\/rjesenja-iz-linije-6000\/#breadcrumb"},"inLanguage":"hr","potentialAction":[{"@type":"ReadAction","target":["https:\/\/www.electroluxprofessional.com\/hr\/praonicka-oprema\/rjesenja-iz-linije-6000\/"]}]},{"@type":"BreadcrumbList","@id":"https:\/\/www.electroluxprofessional.com\/hr\/praonicka-oprema\/rjesenja-iz-linije-6000\/#breadcrumb","itemListElement":[{"@type":"ListItem","position":1,"name":"Po\u010detna stranica","item":"https:\/\/www.electroluxprofessional.com\/hr\/"},{"@type":"ListItem","position":2,"name":"Praoni\u010dka oprema","item":"https:\/\/www.electroluxprofessional.com\/hr\/praonicka-oprema\/"},{"@type":"ListItem","position":3,"name":"Linija 6000 \u2013 rje\u0161enja"}]},{"@type":"WebSite","@id":"https:\/\/www.electroluxprofessional.com\/hr\/#website","url":"https:\/\/www.electroluxprofessional.com\/hr\/","name":"Electrolux Professional Hrvatska","description":"","potentialAction":[{"@type":"SearchAction","target":{"@type":"EntryPoint","urlTemplate":"https:\/\/www.electroluxprofessional.com\/hr\/?src={search_term_string}"},"query-input":"required name=search_term_string"}],"inLanguage":"hr"}]}},"_links":{"self":[{"href":"https:\/\/www.electroluxprofessional.com\/hr\/wp-json\/wp\/v2\/pages\/116870"}],"collection":[{"href":"https:\/\/www.electroluxprofessional.com\/hr\/wp-json\/wp\/v2\/pages"}],"about":[{"href":"https:\/\/www.electroluxprofessional.com\/hr\/wp-json\/wp\/v2\/types\/page"}],"author":[{"embeddable":true,"href":"https:\/\/www.electroluxprofessional.com\/hr\/wp-json\/wp\/v2\/users\/149"}],"replies":[{"embeddable":true,"href":"https:\/\/www.electroluxprofessional.com\/hr\/wp-json\/wp\/v2\/comments?post=116870"}],"version-history":[{"count":5,"href":"https:\/\/www.electroluxprofessional.com\/hr\/wp-json\/wp\/v2\/pages\/116870\/revisions"}],"predecessor-version":[{"id":119012,"href":"https:\/\/www.electroluxprofessional.com\/hr\/wp-json\/wp\/v2\/pages\/116870\/revisions\/119012"}],"up":[{"embeddable":true,"href":"https:\/\/www.electroluxprofessional.com\/hr\/wp-json\/wp\/v2\/pages\/2858"}],"wp:attachment":[{"href":"https:\/\/www.electroluxprofessional.com\/hr\/wp-json\/wp\/v2\/media?parent=116870"}],"curies":[{"name":"wp","href":"https:\/\/api.w.org\/{rel}","templated":true}]}}