{"id":116764,"date":"2023-11-24T13:03:00","date_gmt":"2023-11-24T13:03:00","guid":{"rendered":"https:\/\/www.electroluxprofessional.com\/hr\/?page_id=116764"},"modified":"2025-11-06T12:59:36","modified_gmt":"2025-11-06T12:59:36","slug":"salamander","status":"publish","type":"page","link":"https:\/\/www.electroluxprofessional.com\/hr\/kuhinjska-oprema\/salamander\/","title":{"rendered":"Salamander"},"content":{"rendered":"<p>[vc_row full_width=&#8221;electroluxpro-full-width-no-padding&#8221;][vc_column][elx_image_block background_image=&#8221;116760&#8243; minimum_height=&#8221;350px&#8221;][\/vc_column][\/vc_row][vc_row][vc_column][elx_heading font_container=&#8221;h1&#8243; font_size=&#8221;h3&#8243; text_color=&#8221;inherit&#8221;]Salamanderi[\/elx_heading][vc_column_text]<strong>Salamanderi<\/strong> Electrolux Professional brzo se zagrijavaju i jednostavni su za upotrebu.<br \/>\nZapecite, gratinirajte, pripremite i podgrijte jela te ih odr\u017eite toplima.[\/vc_column_text][\/vc_column][\/vc_row][vc_row][vc_column][vc_empty_space][\/vc_column][\/vc_row][vc_row][vc_column width=&#8221;1\/2&#8243;][vc_single_image image=&#8221;116761&#8243; img_size=&#8221;full&#8221; alignment=&#8221;center&#8221;][\/vc_column][vc_column width=&#8221;1\/2&#8243;][elx_heading font_size=&#8221;h3&#8243; text_color=&#8221;inherit&#8221;]Iznimno brza fleksibilnost[\/elx_heading][elx_heading font_container=&#8221;h3&#8243; font_size=&#8221;h5&#8243; text_color=&#8221;inherit&#8221;]Brz put do savr\u0161enih rezultata[\/elx_heading][vc_column_text]Otvori za zrak s gornje strane omogu\u0107uju <strong>bolju ventilaciju<\/strong> i <strong>smanjenje topline prostora<\/strong>.<strong>\u00a0<\/strong>Plo\u010da za zagrijavanje mo\u017ee se prilagoditi zahvaljuju\u0107i sustavu vodilica. Pomo\u0107u <strong>intuitivnoga okretnoga upravlja\u010dkog prekida\u010da<\/strong> mo\u017eete jednostavno namjestiti vrijeme pripreme koje \u0107e se prikazati na digitalnome zaslonu.[\/vc_column_text][elx_heading font_container=&#8221;h3&#8243; font_size=&#8221;h5&#8243; text_color=&#8221;inherit&#8221;]Pripremu mo\u017eete zapo\u010deti i prekinuti bilo kada[\/elx_heading][vc_column_text]<strong>Traka za prepoznavanje posuda koja je osjetljiva na dodir<\/strong>: kada do\u0111e u doticaj s tanjurom, automatski aktivira grija\u010de.<br \/>\nU\u0161tedite energiju i smanjite temperaturu u svojoj kuhinji.[\/vc_column_text][elx_heading font_container=&#8221;h3&#8243; font_size=&#8221;h5&#8243; text_color=&#8221;inherit&#8221;]Smanjite toplinu i tro\u0161kove energije[\/elx_heading][vc_column_text]Budu\u0107i da se na ure\u0111aju nalaze<strong> dvije neovisne zone za pripremu<\/strong>, kada tanjur postavite pod staklokerami\u010dku plo\u010du, mo\u017eete uklju\u010diti samo jednu od njih.<br \/>\nU\u017eivajte u potpunoj <strong>fleksibilnosti<\/strong> u radu. Zagrijava se samo onaj dio salamandera koji vam je potreban.[\/vc_column_text][elx_download_block text=&#8221;Preuzmite letak o salamanderima&#8221; link=&#8221;files.professional.electrolux.com\/docs\/?n=CLF-9JE00205&amp;b=5&amp;l=1&#8243; background_color=&#8221;orange&#8221;][\/vc_column][\/vc_row][vc_row][vc_column width=&#8221;1\/2&#8243; css=&#8221;.vc_custom_1698771148646{border-top-width: -100px !important;}&#8221;][vc_single_image image=&#8221;116762&#8243; img_size=&#8221;full&#8221; alignment=&#8221;right&#8221;][vc_empty_space height=&#8221;90px&#8221;][\/vc_column][vc_column width=&#8221;1\/2&#8243;][vc_column_text]<strong>Optimizirajte upotrebu prostora uz policu za posu\u0111e i nosa\u010de za salamander<\/strong><br \/>\nPove\u0107ajte u\u010dinkovitost prostora uz policu za posu\u0111e i nosa\u010de za salamander.<\/p>\n<p>Otkrijte vertikalna rje\u0161enja za pohranu osmi\u0161ljena za optimizaciju va\u0161eg prostora.<\/p>\n<p>Na\u0161a dodatna oprema za vertikalne strukture posebno je izra\u0111ena tako da maksimalno iskoristi va\u0161 raspolo\u017eivi prostor, vodoravno i okomito. Ubrzajte svoje dnevne aktivnosti brzim i lakim pristupom svim svojim potrep\u0161tinama jer su vam nadohvat ruke.[\/vc_column_text][\/vc_column][\/vc_row][vc_row][vc_column width=&#8221;1\/4&#8243;][elx_icons icon_size=&#8221;elx-icon-medium&#8221; icon_electroluxpro=&#8221;elx-icon icon-circle-graphic-blue&#8221;][elx_heading font_container=&#8221;h3&#8243; font_size=&#8221;h5&#8243; text_color=&#8221;inherit&#8221;]Brzina[\/elx_heading][vc_column_text]Brz i <strong>visokou\u010dinkovit sustav zagrijavanja<\/strong>. Optimalna temperatura posti\u017ee se za 20 sekundi.[\/vc_column_text][\/vc_column][vc_column width=&#8221;1\/4&#8243;][elx_icons icon_size=&#8221;elx-icon-medium&#8221; icon_electroluxpro=&#8221;elx-icon icon-circle-easy-blue&#8221;][elx_heading font_container=&#8221;h3&#8243; font_size=&#8221;h5&#8243; text_color=&#8221;inherit&#8221;]Jednostavna upotreba[\/elx_heading][vc_column_text]Upotreba i namje\u0161tanje vremenskih postavki iznimno su intuitivni.[\/vc_column_text][\/vc_column][vc_column width=&#8221;1\/4&#8243;][elx_icons icon_size=&#8221;elx-icon-medium&#8221; icon_electroluxpro=&#8221;elx-icon icon-circle-savings-green-blue&#8221;][elx_heading font_container=&#8221;h3&#8243; font_size=&#8221;h5&#8243; text_color=&#8221;inherit&#8221;]U\u010dinkovitost[\/elx_heading][vc_column_text]<strong>Aktivacijom\/deaktivacijom topline<\/strong> upravlja se automatski jer je ure\u0111aj osjetljiv na dodir. Odr\u017eite ni\u017eu temperaturu u svojoj kuhinji i u\u0161tedite energiju.[\/vc_column_text][\/vc_column][vc_column width=&#8221;1\/4&#8243;][vc_single_image image=&#8221;116763&#8243; img_size=&#8221;80&#215;80&#8243; alignment=&#8221;center&#8221;][elx_heading font_container=&#8221;h3&#8243; font_size=&#8221;h5&#8243; text_color=&#8221;inherit&#8221;]Jednostavno \u010di\u0161\u0107enje[\/elx_heading][vc_column_text]U\u017eivajte u odr\u017eavanju bez stresa uz <strong>plo\u010de i re\u0161etke koje se mogu ukloniti<\/strong>.[\/vc_column_text][\/vc_column][\/vc_row][vc_row][vc_column][vc_empty_space][elx_heading font_size=&#8221;h3&#8243; text_color=&#8221;inherit&#8221; text_align=&#8221;text-left&#8221;]Otkrijte \u0161to Electrolux Professional mo\u017ee u\u010diniti za va\u0161e poslovanje[\/elx_heading][elx_o2000_contact_us s=&#8221;Zahtjev za informacije o salamanderima&#8221; country=&#8221;Croatia&#8221; b=&#8221;food&#8221; container=&#8221;elxcontactus1486048409&#8243; r=&#8221;\u017delim saznati vi\u0161e o salamanderima. Molim vas da me kontaktirate.&#8221;][vc_empty_space][\/vc_column][\/vc_row][vc_row][vc_column][elx_heading font_size=&#8221;h3&#8243; text_color=&#8221;inherit&#8221; text_align=&#8221;text-left&#8221;]Salamanderi[\/elx_heading][\/vc_column][\/vc_row][vc_row full_width=&#8221;electroluxpro-full-width-no-padding&#8221;][vc_column]<div class=\"com21-product-filter-container 58\"><div class=\"\"><h4 class=\"text-center\">6 Proizvodi<\/h4><hr><\/div>\n                    <!-- PROD LIST -->\n                    <div class=\"product-list container\">\n                        <!--Hidden parameters-->\n                        <input type=\"hidden\" name=\"navigation_level_1\" id=\"navigation_level_1\" value=\"C\">\n                        <input type=\"hidden\" name=\"navigation_level_2\" id=\"navigation_level_2\" value=\"F\">\n                        <input type=\"hidden\" name=\"navigation_level_3\" id=\"navigation_level_3\" value=\"G\">\n                        <input type=\"hidden\" name=\"navigation_level_4\" id=\"navigation_level_4\" value=\"A\">\n                        <input type=\"hidden\" name=\"filter_id\" id=\"filter_id\" value=\"58\">\n                        <input type=\"hidden\" name=\"navigation_language\" id=\"navigation_language\" value=\"5022\">\n                        <input type=\"hidden\" name=\"navigation_language_code\" id=\"navigation_language\" value=\"5022\">\n                        <input type=\"hidden\" name=\"page_id\" id=\"page_id\" value=\"116764\">\n                        <!--END Hidden parameters--><ul class=\"row\" >\n                        <\/ul>\n                        <div class=\"text-center more-products\">\n                        <\/div>\n                    <\/div>\n                    <!-- END PRODUCT LIST -->\n                    <\/div>\n                    <!-- END PRODUCT LIST -->[\/vc_column][\/vc_row][vc_row css=&#8221;.vc_custom_1518444066759{background-color: #eeeeee !important;}&#8221;][vc_column][elx_heading font_container=&#8221;h3&#8243; text_color=&#8221;inherit&#8221; text_align=&#8221;text-left&#8221;]Prona\u0111ite paket koji je idealan za va\u0161e poslovanje[\/elx_heading][\/vc_column][\/vc_row][vc_row css=&#8221;.vc_custom_1518444076252{background-color: #eeeeee !important;}&#8221;][vc_column width=&#8221;1\/3&#8243;][elx_maylike_box id_box=&#8221;2799&#8243;][\/vc_column][vc_column width=&#8221;1\/3&#8243;][elx_maylike_box id_box=&#8221;2802&#8243;][\/vc_column][vc_column width=&#8221;1\/3&#8243;][elx_maylike_box id_box=&#8221;2808&#8243;][\/vc_column][\/vc_row]<\/p>\n","protected":false},"excerpt":{"rendered":"<p>[vc_row full_width=&#8221;electroluxpro-full-width-no-padding&#8221;][vc_column][elx_image_block background_image=&#8221;116760&#8243; minimum_height=&#8221;350px&#8221;][\/vc_column][\/vc_row][vc_row][vc_column][elx_heading font_container=&#8221;h1&#8243; font_size=&#8221;h3&#8243; text_color=&#8221;inherit&#8221;]Salamanderi[\/elx_heading][vc_column_text]Salamanderi Electrolux Professional brzo se zagrijavaju i jednostavni su za upotrebu. Zapecite, gratinirajte, pripremite i podgrijte jela te ih odr\u017eite toplima.[\/vc_column_text][\/vc_column][\/vc_row][vc_row][vc_column][vc_empty_space][\/vc_column][\/vc_row][vc_row][vc_column width=&#8221;1\/2&#8243;][vc_single_image image=&#8221;116761&#8243; img_size=&#8221;full&#8221; alignment=&#8221;center&#8221;][\/vc_column][vc_column width=&#8221;1\/2&#8243;][elx_heading font_size=&#8221;h3&#8243; text_color=&#8221;inherit&#8221;]Iznimno brza fleksibilnost[\/elx_heading][elx_heading font_container=&#8221;h3&#8243; font_size=&#8221;h5&#8243; text_color=&#8221;inherit&#8221;]Brz put do savr\u0161enih rezultata[\/elx_heading][vc_column_text]Otvori za zrak s gornje strane omogu\u0107uju bolju ventilaciju i smanjenje topline prostora.\u00a0Plo\u010da [&hellip;]<\/p>\n","protected":false},"author":149,"featured_media":116759,"parent":2186,"menu_order":0,"comment_status":"closed","ping_status":"closed","template":"","meta":{"footnotes":""},"class_list":["post-116764","page","type-page","status-publish","has-post-thumbnail","hentry"],"acf":[],"yoast_head":"<!-- This site is optimized with the Yoast SEO plugin v23.3 - https:\/\/yoast.com\/wordpress\/plugins\/seo\/ -->\n<title>Salamander - Electrolux Professional Hrvatska<\/title>\n<meta name=\"description\" content=\"Salamanderi Electrolux Professional brzo se zagrijavaju i jednostavni su za upotrebu. Zapecite, gratinirajte, pripremite i podgrijte jela te ih odr\u017eite toplima. Optimalna temperatura posti\u017ee se za 20 sekundi.\" \/>\n<meta name=\"robots\" content=\"index, follow, max-snippet:-1, max-image-preview:large, max-video-preview:-1\" \/>\n<link rel=\"canonical\" href=\"https:\/\/www.electroluxprofessional.com\/hr\/kuhinjska-oprema\/salamander\/\" \/>\n<meta property=\"og:locale\" content=\"hr_HR\" \/>\n<meta property=\"og:type\" content=\"article\" \/>\n<meta property=\"og:title\" content=\"Salamander - Electrolux Professional Hrvatska\" \/>\n<meta property=\"og:description\" content=\"Salamanderi Electrolux Professional brzo se zagrijavaju i jednostavni su za upotrebu. Zapecite, gratinirajte, pripremite i podgrijte jela te ih odr\u017eite toplima. Optimalna temperatura posti\u017ee se za 20 sekundi.\" \/>\n<meta property=\"og:url\" content=\"https:\/\/www.electroluxprofessional.com\/hr\/kuhinjska-oprema\/salamander\/\" \/>\n<meta property=\"og:site_name\" content=\"Electrolux Professional Hrvatska\" \/>\n<meta property=\"article:modified_time\" content=\"2025-11-06T12:59:36+00:00\" \/>\n<meta property=\"og:image\" content=\"https:\/\/www.electroluxprofessional.com\/hr\/wp-content\/uploads\/2023\/11\/heat-reduction-in-kitchen-salamander-678x573-1.jpg\" \/>\n\t<meta property=\"og:image:width\" content=\"678\" \/>\n\t<meta property=\"og:image:height\" content=\"573\" \/>\n\t<meta property=\"og:image:type\" content=\"image\/jpeg\" \/>\n<meta name=\"twitter:card\" content=\"summary_large_image\" \/>\n<meta name=\"twitter:label1\" content=\"Procijenjeno vrijeme \u010ditanja\" \/>\n\t<meta name=\"twitter:data1\" content=\"3 minute\" \/>\n<script type=\"application\/ld+json\" class=\"yoast-schema-graph\">{\"@context\":\"https:\/\/schema.org\",\"@graph\":[{\"@type\":\"WebPage\",\"@id\":\"https:\/\/www.electroluxprofessional.com\/hr\/kuhinjska-oprema\/salamander\/\",\"url\":\"https:\/\/www.electroluxprofessional.com\/hr\/kuhinjska-oprema\/salamander\/\",\"name\":\"Salamander - Electrolux Professional Hrvatska\",\"isPartOf\":{\"@id\":\"https:\/\/www.electroluxprofessional.com\/hr\/#website\"},\"primaryImageOfPage\":{\"@id\":\"https:\/\/www.electroluxprofessional.com\/hr\/kuhinjska-oprema\/salamander\/#primaryimage\"},\"image\":{\"@id\":\"https:\/\/www.electroluxprofessional.com\/hr\/kuhinjska-oprema\/salamander\/#primaryimage\"},\"thumbnailUrl\":\"https:\/\/www.electroluxprofessional.com\/hr\/wp-content\/uploads\/2023\/11\/heat-reduction-in-kitchen-salamander-678x573-1.jpg\",\"datePublished\":\"2023-11-24T13:03:00+00:00\",\"dateModified\":\"2025-11-06T12:59:36+00:00\",\"description\":\"Salamanderi Electrolux Professional brzo se zagrijavaju i jednostavni su za upotrebu. Zapecite, gratinirajte, pripremite i podgrijte jela te ih odr\u017eite toplima. Optimalna temperatura posti\u017ee se za 20 sekundi.\",\"breadcrumb\":{\"@id\":\"https:\/\/www.electroluxprofessional.com\/hr\/kuhinjska-oprema\/salamander\/#breadcrumb\"},\"inLanguage\":\"hr\",\"potentialAction\":[{\"@type\":\"ReadAction\",\"target\":[\"https:\/\/www.electroluxprofessional.com\/hr\/kuhinjska-oprema\/salamander\/\"]}]},{\"@type\":\"ImageObject\",\"inLanguage\":\"hr\",\"@id\":\"https:\/\/www.electroluxprofessional.com\/hr\/kuhinjska-oprema\/salamander\/#primaryimage\",\"url\":\"https:\/\/www.electroluxprofessional.com\/hr\/wp-content\/uploads\/2023\/11\/heat-reduction-in-kitchen-salamander-678x573-1.jpg\",\"contentUrl\":\"https:\/\/www.electroluxprofessional.com\/hr\/wp-content\/uploads\/2023\/11\/heat-reduction-in-kitchen-salamander-678x573-1.jpg\",\"width\":678,\"height\":573,\"caption\":\"heat-reduction-in-kitchen-salamander-678x573\"},{\"@type\":\"BreadcrumbList\",\"@id\":\"https:\/\/www.electroluxprofessional.com\/hr\/kuhinjska-oprema\/salamander\/#breadcrumb\",\"itemListElement\":[{\"@type\":\"ListItem\",\"position\":1,\"name\":\"Po\u010detna stranica\",\"item\":\"https:\/\/www.electroluxprofessional.com\/hr\/\"},{\"@type\":\"ListItem\",\"position\":2,\"name\":\"Kuhinjska oprema\",\"item\":\"https:\/\/www.electroluxprofessional.com\/hr\/kuhinjska-oprema\/\"},{\"@type\":\"ListItem\",\"position\":3,\"name\":\"Salamander\"}]},{\"@type\":\"WebSite\",\"@id\":\"https:\/\/www.electroluxprofessional.com\/hr\/#website\",\"url\":\"https:\/\/www.electroluxprofessional.com\/hr\/\",\"name\":\"Electrolux Professional Hrvatska\",\"description\":\"\",\"potentialAction\":[{\"@type\":\"SearchAction\",\"target\":{\"@type\":\"EntryPoint\",\"urlTemplate\":\"https:\/\/www.electroluxprofessional.com\/hr\/?src={search_term_string}\"},\"query-input\":\"required name=search_term_string\"}],\"inLanguage\":\"hr\"}]}<\/script>\n<!-- \/ Yoast SEO plugin. -->","yoast_head_json":{"title":"Salamander - Electrolux Professional Hrvatska","description":"Salamanderi Electrolux Professional brzo se zagrijavaju i jednostavni su za upotrebu. Zapecite, gratinirajte, pripremite i podgrijte jela te ih odr\u017eite toplima. Optimalna temperatura posti\u017ee se za 20 sekundi.","robots":{"index":"index","follow":"follow","max-snippet":"max-snippet:-1","max-image-preview":"max-image-preview:large","max-video-preview":"max-video-preview:-1"},"canonical":"https:\/\/www.electroluxprofessional.com\/hr\/kuhinjska-oprema\/salamander\/","og_locale":"hr_HR","og_type":"article","og_title":"Salamander - Electrolux Professional Hrvatska","og_description":"Salamanderi Electrolux Professional brzo se zagrijavaju i jednostavni su za upotrebu. Zapecite, gratinirajte, pripremite i podgrijte jela te ih odr\u017eite toplima. Optimalna temperatura posti\u017ee se za 20 sekundi.","og_url":"https:\/\/www.electroluxprofessional.com\/hr\/kuhinjska-oprema\/salamander\/","og_site_name":"Electrolux Professional Hrvatska","article_modified_time":"2025-11-06T12:59:36+00:00","og_image":[{"width":678,"height":573,"url":"https:\/\/www.electroluxprofessional.com\/hr\/wp-content\/uploads\/2023\/11\/heat-reduction-in-kitchen-salamander-678x573-1.jpg","type":"image\/jpeg"}],"twitter_card":"summary_large_image","twitter_misc":{"Procijenjeno vrijeme \u010ditanja":"3 minute"},"schema":{"@context":"https:\/\/schema.org","@graph":[{"@type":"WebPage","@id":"https:\/\/www.electroluxprofessional.com\/hr\/kuhinjska-oprema\/salamander\/","url":"https:\/\/www.electroluxprofessional.com\/hr\/kuhinjska-oprema\/salamander\/","name":"Salamander - Electrolux Professional Hrvatska","isPartOf":{"@id":"https:\/\/www.electroluxprofessional.com\/hr\/#website"},"primaryImageOfPage":{"@id":"https:\/\/www.electroluxprofessional.com\/hr\/kuhinjska-oprema\/salamander\/#primaryimage"},"image":{"@id":"https:\/\/www.electroluxprofessional.com\/hr\/kuhinjska-oprema\/salamander\/#primaryimage"},"thumbnailUrl":"https:\/\/www.electroluxprofessional.com\/hr\/wp-content\/uploads\/2023\/11\/heat-reduction-in-kitchen-salamander-678x573-1.jpg","datePublished":"2023-11-24T13:03:00+00:00","dateModified":"2025-11-06T12:59:36+00:00","description":"Salamanderi Electrolux Professional brzo se zagrijavaju i jednostavni su za upotrebu. Zapecite, gratinirajte, pripremite i podgrijte jela te ih odr\u017eite toplima. Optimalna temperatura posti\u017ee se za 20 sekundi.","breadcrumb":{"@id":"https:\/\/www.electroluxprofessional.com\/hr\/kuhinjska-oprema\/salamander\/#breadcrumb"},"inLanguage":"hr","potentialAction":[{"@type":"ReadAction","target":["https:\/\/www.electroluxprofessional.com\/hr\/kuhinjska-oprema\/salamander\/"]}]},{"@type":"ImageObject","inLanguage":"hr","@id":"https:\/\/www.electroluxprofessional.com\/hr\/kuhinjska-oprema\/salamander\/#primaryimage","url":"https:\/\/www.electroluxprofessional.com\/hr\/wp-content\/uploads\/2023\/11\/heat-reduction-in-kitchen-salamander-678x573-1.jpg","contentUrl":"https:\/\/www.electroluxprofessional.com\/hr\/wp-content\/uploads\/2023\/11\/heat-reduction-in-kitchen-salamander-678x573-1.jpg","width":678,"height":573,"caption":"heat-reduction-in-kitchen-salamander-678x573"},{"@type":"BreadcrumbList","@id":"https:\/\/www.electroluxprofessional.com\/hr\/kuhinjska-oprema\/salamander\/#breadcrumb","itemListElement":[{"@type":"ListItem","position":1,"name":"Po\u010detna stranica","item":"https:\/\/www.electroluxprofessional.com\/hr\/"},{"@type":"ListItem","position":2,"name":"Kuhinjska oprema","item":"https:\/\/www.electroluxprofessional.com\/hr\/kuhinjska-oprema\/"},{"@type":"ListItem","position":3,"name":"Salamander"}]},{"@type":"WebSite","@id":"https:\/\/www.electroluxprofessional.com\/hr\/#website","url":"https:\/\/www.electroluxprofessional.com\/hr\/","name":"Electrolux Professional Hrvatska","description":"","potentialAction":[{"@type":"SearchAction","target":{"@type":"EntryPoint","urlTemplate":"https:\/\/www.electroluxprofessional.com\/hr\/?src={search_term_string}"},"query-input":"required name=search_term_string"}],"inLanguage":"hr"}]}},"_links":{"self":[{"href":"https:\/\/www.electroluxprofessional.com\/hr\/wp-json\/wp\/v2\/pages\/116764"}],"collection":[{"href":"https:\/\/www.electroluxprofessional.com\/hr\/wp-json\/wp\/v2\/pages"}],"about":[{"href":"https:\/\/www.electroluxprofessional.com\/hr\/wp-json\/wp\/v2\/types\/page"}],"author":[{"embeddable":true,"href":"https:\/\/www.electroluxprofessional.com\/hr\/wp-json\/wp\/v2\/users\/149"}],"replies":[{"embeddable":true,"href":"https:\/\/www.electroluxprofessional.com\/hr\/wp-json\/wp\/v2\/comments?post=116764"}],"version-history":[{"count":5,"href":"https:\/\/www.electroluxprofessional.com\/hr\/wp-json\/wp\/v2\/pages\/116764\/revisions"}],"predecessor-version":[{"id":118947,"href":"https:\/\/www.electroluxprofessional.com\/hr\/wp-json\/wp\/v2\/pages\/116764\/revisions\/118947"}],"up":[{"embeddable":true,"href":"https:\/\/www.electroluxprofessional.com\/hr\/wp-json\/wp\/v2\/pages\/2186"}],"wp:featuredmedia":[{"embeddable":true,"href":"https:\/\/www.electroluxprofessional.com\/hr\/wp-json\/wp\/v2\/media\/116759"}],"wp:attachment":[{"href":"https:\/\/www.electroluxprofessional.com\/hr\/wp-json\/wp\/v2\/media?parent=116764"}],"curies":[{"name":"wp","href":"https:\/\/api.w.org\/{rel}","templated":true}]}}