{"id":116047,"date":"2022-11-14T16:47:22","date_gmt":"2022-11-14T16:47:22","guid":{"rendered":"https:\/\/www.electroluxprofessional.com\/hr\/?page_id=116047"},"modified":"2025-11-06T13:28:14","modified_gmt":"2025-11-06T13:28:14","slug":"praonica-u-stambenoj-zgradi","status":"publish","type":"page","link":"https:\/\/www.electroluxprofessional.com\/hr\/samoposluzne-praonice\/praonica-u-stambenoj-zgradi\/","title":{"rendered":"Praonica u stambenoj zgradi"},"content":{"rendered":"<p>[vc_row full_width=&#8221;electroluxpro-full-width-no-padding&#8221; equal_height=&#8221;yes&#8221; css=&#8221;.vc_custom_1604054607517{margin-top: -30px !important;border-top-width: -30px !important;padding-top: -30px !important;}&#8221;][vc_column][elx_full_banner title=&#8221;Praonica u stambenoj zgradi&#8221; set_as_h1=&#8221;true&#8221; background_image_media_library=&#8221;116044&#8243; background_image_media_library_mobile=&#8221;34449&#8243;][\/vc_column][\/vc_row][vc_row][vc_column][vc_empty_space][elx_heading font_size=&#8221;h2&#8243; text_color=&#8221;inherit&#8221; text_align=&#8221;text-center&#8221;]Za manje zgrade, studentske domove i lokacije s ograni\u010denim funkcionalnim \u017eivotnim prostorom[\/elx_heading][vc_empty_space][vc_column_text]<\/p>\n<p style=\"text-align: center; font-size: 22px;\">Jeste li predsjednik Vije\u0107a stanara stambene zgrade? \u017delite li svojim sustanarima dodatno olak\u0161ati pranje rublja? Tra\u017eite li pouzdanu, dugotrajnu opremu jednostavnu za upotrebu koja je izvrsna za pranje i su\u0161enje rublja&#8230; imamo ono \u0161to trebate!<\/p>\n<p>[\/vc_column_text][vc_empty_space][vc_row_inner][vc_column_inner width=&#8221;1\/2&#8243;][vc_column_text]<\/p>\n<ul>\n<li style=\"font-size: 20px;\">Stambene zgrade<\/li>\n<li style=\"font-size: 20px;\">Spavaonice<\/li>\n<li style=\"font-size: 20px;\">Sveu\u010dili\u0161ta i fakulteti<\/li>\n<li style=\"font-size: 20px;\">Studentski domovi<\/li>\n<\/ul>\n<p>[\/vc_column_text][\/vc_column_inner][vc_column_inner width=&#8221;1\/2&#8243;][vc_column_text]<\/p>\n<ul>\n<li style=\"font-size: 20px;\">Stanovi za mlade radnike<\/li>\n<li style=\"font-size: 20px;\">Stanovi za dugotrajan boravak radnika<\/li>\n<li style=\"font-size: 20px;\">Dru\u0161tveni domovi<\/li>\n<\/ul>\n<p>[\/vc_column_text][\/vc_column_inner][\/vc_row_inner][vc_empty_space][\/vc_column][\/vc_row][vc_row full_width=&#8221;electroluxpro-full-width&#8221;][vc_column][elx_hero_slider text_position=&#8221;hero_slider_text_align_right&#8221; text_color=&#8221;electrolux-blue&#8221; label_text_color=&#8221;electrolux-blue&#8221; images=&#8221;116042&#8243;][elx_heading font_container=&#8221;h4&#8243; font_size=&#8221;h4&#8243; text_color=&#8221;electrolux-blue&#8221; text_align=&#8221;text-left&#8221;]Nenadma\u0161na u\u010dinkovitost uz najve\u0107u u\u0161tedu[\/elx_heading][vc_column_text]Kada je rije\u010d o praonicama rublja u <strong>objektima zajedni\u010dkog stanovanja<\/strong>, kvaliteta zna\u010di: optimalne rezultate pranja, kratko vrijeme pranja, niske tro\u0161kove rada i dugotrajnu pouzdanost rada. Zato vam je potreban partner sa <strong>stru\u010dnim znanjima i iskustvom<\/strong> \u2013 koji profesionalne ure\u0111aje poznaje u du\u0161u.[\/vc_column_text][\/elx_hero_slider][vc_empty_space][\/vc_column][\/vc_row][vc_row][vc_column][vc_empty_space][elx_heading font_size=&#8221;h2&#8243; text_color=&#8221;inherit&#8221; text_align=&#8221;text-center&#8221;]Prilago\u0111ena rje\u0161enja[\/elx_heading][vc_empty_space][vc_column_text]<\/p>\n<p style=\"text-align: center; font-size: 20px;\">Ovdje smo kako bismo vam pomogli <strong>sastaviti rje\u0161enje koje vam najbolje odgovara.<\/strong><br \/>\n<strong>Svaka je konfiguracija poseban slu\u010daj:<\/strong> osim osnovnih parametara veli\u010dine i radnih zna\u010dajki, va\u0161a \u0107e se razlikovati po vrsti crijeva, ventilaciji, izvorima napajanja i drugim zna\u010dajkama uskla\u0111enim s potrebama va\u0161ih stanara. Perilice, su\u0161ilice i dodatna oprema \u2013 <strong>sva rje\u0161enja tvrtke Electrolux Professional dizajnirana su da rade zajedno s ciljem postizanja optimalne u\u010dinkovitosti.<\/strong><\/p>\n<p>[\/vc_column_text][vc_empty_space][elx_double_banner title_1=&#8221;Perilice i su\u0161ilice iz Linije 6000&#8243; title_2=&#8221;myPRO XL&#8221; link_1=&#8221;url:https%3A%2F%2Ftools.electroluxprofessional.com%2FMirror%2FDoc%2FELS%2FBRO%2FElectrolux%2520Professional_Line%25206000-Washers%2520%26%2520Dryers%2520brochure-LR.pdf|title:Preuzmite%20bro%C5%A1uru&#8221; background_image_media_library_1=&#8221;116045&#8243; link_2=&#8221;url:https%3A%2F%2Ftools.electroluxprofessional.com%2FMirror%2FDoc%2FCLF%2FCLF_CLF-9JE00009_1_5_1_11_myPRO%2520leaflet-General%2520info_Electrolux%2520PRO_LR.pdf|title:Preuzmite%20bro%C5%A1uru&#8221; background_image_media_library_2=&#8221;116046&#8243; background_image_media_library_mobile_1=&#8221;32841&#8243; background_image_media_library_mobile_2=&#8221;32842&#8243;][vc_empty_space][\/vc_column][\/vc_row][vc_row full_width=&#8221;electroluxpro-full-width&#8221;][vc_column][elx_hero_slider text_color=&#8221;electrolux-blue&#8221; label_text_color=&#8221;electrolux-blue&#8221; images=&#8221;116043&#8243;][elx_heading font_container=&#8221;h4&#8243; font_size=&#8221;h4&#8243; text_color=&#8221;electrolux-blue&#8221; text_align=&#8221;text-left&#8221;]Vama na usluzi[\/elx_heading][vc_column_text]<\/p>\n<p style=\"font-size: 20px;\">Nudimo najinovativnija rje\u0161enja za sve va\u0161e potrebe. S pomo\u0107u najsuvremenijih alata za izradu nacrta u virtualnoj stvarnosti, na\u0161i iskusni stru\u010dnjaci za pranje rublja izradit \u0107e vizualnu simulaciju bilo koje konfiguracije prema va\u0161im \u017eeljama.<br \/>\n<strong>Savjetodavna prodaja: mi smo va\u0161 partner tijekom cijelog postupka.<\/strong><\/p>\n<p>[\/vc_column_text][elx_button button_text=&#8221;Kontaktirajte nas&#8221; button_link=&#8221;url:%23contact|||&#8221;][\/elx_hero_slider][vc_empty_space][\/vc_column][\/vc_row][vc_row css=&#8221;.vc_custom_1604014478182{background-color: #efefef !important;}&#8221;][vc_column][vc_empty_space][elx_heading text_color=&#8221;inherit&#8221; text_align=&#8221;text-center&#8221;]Mno\u0161tvo prakti\u010dnih mogu\u0107nosti[\/elx_heading][vc_empty_space][\/vc_column][\/vc_row][vc_row css=&#8221;.vc_custom_1604014467256{background-color: #efefef !important;}&#8221;][vc_column][vc_row_inner][vc_column_inner width=&#8221;1\/3&#8243;][vc_single_image image=&#8221;116036&#8243; img_size=&#8221;100px&#8221; alignment=&#8221;center&#8221;][elx_heading font_container=&#8221;h6&#8243; font_size=&#8221;h6&#8243; text_color=&#8221;electrolux-blue&#8221; text_align=&#8221;text-center&#8221;]Mogu\u0107nost rada s kovanicama[\/elx_heading][vc_column_text]<\/p>\n<p style=\"font-size: 16px; text-align: center;\">\u017detoni ili kovanice, mehani\u010dki ili elektromehani\u010dki broja\u010di<\/p>\n<p>[\/vc_column_text][vc_empty_space][\/vc_column_inner][vc_column_inner width=&#8221;1\/3&#8243;][vc_single_image image=&#8221;116037&#8243; img_size=&#8221;100px&#8221; alignment=&#8221;center&#8221;][elx_heading font_container=&#8221;h6&#8243; font_size=&#8221;h6&#8243; text_color=&#8221;electrolux-blue&#8221; text_align=&#8221;text-center&#8221;]\u010cita\u010di kartica[\/elx_heading][vc_column_text]<\/p>\n<p style=\"font-size: 16px; text-align: center;\">Prepaid kartice, klju\u010d-kartice,<br \/>\nbankovne kartice<\/p>\n<p>[\/vc_column_text][vc_empty_space][\/vc_column_inner][vc_column_inner width=&#8221;1\/3&#8243;][vc_single_image image=&#8221;116038&#8243; img_size=&#8221;80px&#8221; alignment=&#8221;center&#8221;][elx_heading font_container=&#8221;h6&#8243; font_size=&#8221;h6&#8243; text_color=&#8221;electrolux-blue&#8221; text_align=&#8221;text-center&#8221;]Aplikacije[\/elx_heading][vc_column_text]<\/p>\n<p style=\"font-size: 16px; text-align: center;\">Samostoje\u0107e<br \/>\nPovezane s postoje\u0107im sustavima naplate<\/p>\n<p>[\/vc_column_text][vc_empty_space][\/vc_column_inner][\/vc_row_inner][vc_row_inner][vc_column_inner width=&#8221;1\/3&#8243;][vc_single_image image=&#8221;116039&#8243; img_size=&#8221;100px&#8221; alignment=&#8221;center&#8221;][elx_heading font_container=&#8221;h6&#8243; font_size=&#8221;h6&#8243; text_color=&#8221;electrolux-blue&#8221; text_align=&#8221;text-center&#8221;]Pametna brojila[\/elx_heading][vc_column_text]<\/p>\n<p style=\"font-size: 16px; text-align: center;\">Samostalan mehanizam za uklju\u010divanje ili isklju\u010divanje napajanja<\/p>\n<p>[\/vc_column_text][vc_empty_space][\/vc_column_inner][vc_column_inner width=&#8221;1\/3&#8243;][vc_single_image image=&#8221;116040&#8243; img_size=&#8221;100px&#8221; alignment=&#8221;center&#8221;][elx_heading font_container=&#8221;h6&#8243; font_size=&#8221;h6&#8243; text_color=&#8221;electrolux-blue&#8221; text_align=&#8221;text-center&#8221;]Centralizirani sustavi naplate[\/elx_heading][vc_column_text]<\/p>\n<p style=\"font-size: 16px; text-align: center;\">Jedna naplatna postaja za nadzor vi\u0161e ure\u0111aja<\/p>\n<p>[\/vc_column_text][vc_empty_space][\/vc_column_inner][vc_column_inner width=&#8221;1\/3&#8243;][vc_single_image image=&#8221;116041&#8243; img_size=&#8221;100px&#8221; alignment=&#8221;center&#8221;][elx_heading font_container=&#8221;h6&#8243; font_size=&#8221;h6&#8243; text_color=&#8221;electrolux-blue&#8221; text_align=&#8221;text-center&#8221;]Sustavi za rezervaciju<br \/>\nuz mjese\u010dnu naplatu[\/elx_heading][vc_column_text]<\/p>\n<p style=\"font-size: 16px; text-align: center;\">Jedan ure\u0111aj po praonici za rezervaciju ure\u0111aja osobnim dolaskom ili daljinski. Vi\u0161e mogu\u0107nosti pla\u0107anja.<\/p>\n<p>[\/vc_column_text][vc_empty_space][\/vc_column_inner][\/vc_row_inner][vc_empty_space height=&#8221;50px&#8221;][\/vc_column][\/vc_row][vc_row][vc_column][elx_heading text_color=&#8221;inherit&#8221; text_align=&#8221;text-center&#8221;]\u0160to ka\u017eu korisnici na\u0161ih praonica rublja?[\/elx_heading][\/vc_column][\/vc_row][vc_row][vc_column width=&#8221;1\/3&#8243;][elx_image_block background_image=&#8221;1173&#8243; vert_back_position=&#8221;top&#8221; minimum_height=&#8221;300px&#8221;][elx_heading font_container=&#8221;h4&#8243; text_color=&#8221;inherit&#8221;]Studentski domovi[\/elx_heading][vc_column_text]<\/p>\n<h4 class=\" h6 inherit inherit\"><strong>Kampus Diemen Zuid<\/strong><\/h4>\n<p style=\"font-size: 18px;\"><b>Nizozemska<\/b><\/p>\n<p style=\"font-size: 16px;\">Stanarima stambene zgrade na Kampusu Diemen Zuid potrebna je suvremena praonica rublja. Kako bi svojim studentima ponudili praonice vrhunske kvalitete i kreativne na\u010dine pla\u0107anja, na Kampusu su odabrali ure\u0111aje tvrtke Electrolux Professional iz Linije 5000 u kombinaciji sa sustavom naplate po pojedina\u010dnom pranju.<\/p>\n<p>[\/vc_column_text][vc_empty_space][\/vc_column][vc_column width=&#8221;1\/3&#8243;][elx_image_block background_image=&#8221;1200&#8243; minimum_height=&#8221;300px&#8221;][elx_heading font_container=&#8221;h4&#8243; text_color=&#8221;inherit&#8221;]Stambene zgrade[\/elx_heading][vc_column_text]<\/p>\n<h4 class=\" h6 inherit inherit\"><strong>Charlottenborg<\/strong><\/h4>\n<p style=\"font-size: 18px;\"><b>\u0160vedska<\/b><\/p>\n<p style=\"font-size: 16px;\">Charlottenborg, udru\u017eenje od 311 stanova, u\u0161tedjelo je zna\u010dajna financijska sredstva smanjenjem potro\u0161nje elektri\u010dne energije i vode. \u201ePrelaskom na novu, energetski u\u010dinkovitu opremu, izmjerili smo u\u0161tede od 52.000 SEK [gotovo 8.500 $] prilikom pranja i su\u0161enja rublja.\u201c<br \/>\nRoland Bengtsson, serviser u tvrtki HSB Sk\u00e5ne<\/p>\n<p>[\/vc_column_text][vc_empty_space][\/vc_column][vc_column width=&#8221;1\/3&#8243;][elx_image_block background_image=&#8221;1206&#8243; minimum_height=&#8221;300px&#8221;][elx_heading font_container=&#8221;h4&#8243; text_color=&#8221;inherit&#8221;]Studentski domovi[\/elx_heading][vc_column_text]<\/p>\n<h4 class=\" h6 inherit inherit\"><strong>Studentski dom Malm\u00f6<\/strong><\/h4>\n<p style=\"font-size: 18px;\"><b>\u0160vedska<\/b><\/p>\n<p style=\"font-size: 16px;\">Ovaj novi objekt na\u0161 je veliki uspjeh: postao je prirodno mjesto okupljanja studenata, gdje se oni susre\u0107u, u\u017eivaju u obrocima i u\u010de, a pritom jednim okom mogu pratiti i pranje i su\u0161enje svojeg rublja.<br \/>\nStudentima je za ulazak u objekt potrebna prethodno programirana klju\u010d-kartica ili elektroni\u010dka oznaka, koja se koristi i za rezervaciju vremena za pranje i su\u0161enje rublja, pristup prostorijama za u\u010denje, a sve se odvija putem sustava Electrolux Professional Laundry Vision.<\/p>\n<p>[\/vc_column_text][vc_empty_space][\/vc_column][\/vc_row][vc_row css=&#8221;.vc_custom_1603316831487{background-color: #14133b !important;}&#8221; el_id=&#8221;contact&#8221;][vc_column][vc_empty_space][elx_heading font_container=&#8221;h3&#8243; text_color=&#8221;white&#8221; text_align=&#8221;text-center&#8221;]Saznajte vi\u0161e. Obratite se na\u0161im stru\u010dnjacima.[\/elx_heading][elx_o2000_contact_us s=&#8221;\u017delim saznati vi\u0161e o ure\u0111ajima za praonice u vi\u0161estambenim prostorima.&#8221; country=&#8221;Croatia&#8221; b=&#8221;laundry&#8221; container=&#8221;elxcontactus1482242857&#8243; flag_background=&#8221;true&#8221; r=&#8221;\u017delim saznati vi\u0161e o ure\u0111ajima za praonice u vi\u0161estambenim prostorima.&#8221; l=&#8221;en&#8221;][\/vc_column][\/vc_row][vc_row][vc_column][vc_column_text][\/vc_column_text][\/vc_column][\/vc_row]<\/p>\n","protected":false},"excerpt":{"rendered":"<p>[vc_row full_width=&#8221;electroluxpro-full-width-no-padding&#8221; equal_height=&#8221;yes&#8221; css=&#8221;.vc_custom_1604054607517{margin-top: -30px !important;border-top-width: -30px !important;padding-top: -30px !important;}&#8221;][vc_column][elx_full_banner title=&#8221;Praonica u stambenoj zgradi&#8221; set_as_h1=&#8221;true&#8221; background_image_media_library=&#8221;116044&#8243; background_image_media_library_mobile=&#8221;34449&#8243;][\/vc_column][\/vc_row][vc_row][vc_column][vc_empty_space][elx_heading font_size=&#8221;h2&#8243; text_color=&#8221;inherit&#8221; text_align=&#8221;text-center&#8221;]Za manje zgrade, studentske domove i lokacije s ograni\u010denim funkcionalnim \u017eivotnim prostorom[\/elx_heading][vc_empty_space][vc_column_text] Jeste li predsjednik Vije\u0107a stanara stambene zgrade? \u017delite li svojim sustanarima dodatno olak\u0161ati pranje rublja? Tra\u017eite li pouzdanu, dugotrajnu opremu jednostavnu za upotrebu koja [&hellip;]<\/p>\n","protected":false},"author":8,"featured_media":19116,"parent":2205,"menu_order":0,"comment_status":"closed","ping_status":"closed","template":"","meta":{"footnotes":""},"class_list":["post-116047","page","type-page","status-publish","has-post-thumbnail","hentry"],"acf":[],"yoast_head":"<!-- This site is optimized with the Yoast SEO plugin v23.3 - https:\/\/yoast.com\/wordpress\/plugins\/seo\/ -->\n<title>Praonica u stambenoj zgradi - Electrolux Professional Hrvatska<\/title>\n<meta name=\"description\" content=\"Otkrijte na\u0161a rje\u0161enja za praonice u vi\u0161estambenim prostorima, kao \u0161to su stambene zgrade, sveu\u010dili\u0161ta i fakulteti, studentski domovi, stanovi za dugotrajan boravak radnika.\" \/>\n<meta name=\"robots\" content=\"index, follow, max-snippet:-1, max-image-preview:large, max-video-preview:-1\" \/>\n<link rel=\"canonical\" href=\"https:\/\/www.electroluxprofessional.com\/hr\/samoposluzne-praonice\/praonica-u-stambenoj-zgradi\/\" \/>\n<meta property=\"og:locale\" content=\"hr_HR\" \/>\n<meta property=\"og:type\" content=\"article\" \/>\n<meta property=\"og:title\" content=\"Praonica u stambenoj zgradi - Electrolux Professional Hrvatska\" \/>\n<meta property=\"og:description\" content=\"Otkrijte na\u0161a rje\u0161enja za praonice u vi\u0161estambenim prostorima, kao \u0161to su stambene zgrade, sveu\u010dili\u0161ta i fakulteti, studentski domovi, stanovi za dugotrajan boravak radnika.\" \/>\n<meta property=\"og:url\" content=\"https:\/\/www.electroluxprofessional.com\/hr\/samoposluzne-praonice\/praonica-u-stambenoj-zgradi\/\" \/>\n<meta property=\"og:site_name\" content=\"Electrolux Professional Hrvatska\" \/>\n<meta property=\"article:modified_time\" content=\"2025-11-06T13:28:14+00:00\" \/>\n<meta property=\"og:image\" content=\"https:\/\/www.electroluxprofessional.com\/hr\/wp-content\/uploads\/2020\/12\/maylike-multihousing-2.jpg\" \/>\n\t<meta property=\"og:image:width\" content=\"700\" \/>\n\t<meta property=\"og:image:height\" content=\"700\" \/>\n\t<meta property=\"og:image:type\" content=\"image\/jpeg\" \/>\n<meta name=\"twitter:card\" content=\"summary_large_image\" \/>\n<meta name=\"twitter:label1\" content=\"Procijenjeno vrijeme \u010ditanja\" \/>\n\t<meta name=\"twitter:data1\" content=\"4 minute\" \/>\n<script type=\"application\/ld+json\" class=\"yoast-schema-graph\">{\"@context\":\"https:\/\/schema.org\",\"@graph\":[{\"@type\":\"WebPage\",\"@id\":\"https:\/\/www.electroluxprofessional.com\/hr\/samoposluzne-praonice\/praonica-u-stambenoj-zgradi\/\",\"url\":\"https:\/\/www.electroluxprofessional.com\/hr\/samoposluzne-praonice\/praonica-u-stambenoj-zgradi\/\",\"name\":\"Praonica u stambenoj zgradi - Electrolux Professional Hrvatska\",\"isPartOf\":{\"@id\":\"https:\/\/www.electroluxprofessional.com\/hr\/#website\"},\"primaryImageOfPage\":{\"@id\":\"https:\/\/www.electroluxprofessional.com\/hr\/samoposluzne-praonice\/praonica-u-stambenoj-zgradi\/#primaryimage\"},\"image\":{\"@id\":\"https:\/\/www.electroluxprofessional.com\/hr\/samoposluzne-praonice\/praonica-u-stambenoj-zgradi\/#primaryimage\"},\"thumbnailUrl\":\"https:\/\/www.electroluxprofessional.com\/hr\/wp-content\/uploads\/2020\/12\/maylike-multihousing-2.jpg\",\"datePublished\":\"2022-11-14T16:47:22+00:00\",\"dateModified\":\"2025-11-06T13:28:14+00:00\",\"description\":\"Otkrijte na\u0161a rje\u0161enja za praonice u vi\u0161estambenim prostorima, kao \u0161to su stambene zgrade, sveu\u010dili\u0161ta i fakulteti, studentski domovi, stanovi za dugotrajan boravak radnika.\",\"breadcrumb\":{\"@id\":\"https:\/\/www.electroluxprofessional.com\/hr\/samoposluzne-praonice\/praonica-u-stambenoj-zgradi\/#breadcrumb\"},\"inLanguage\":\"hr\",\"potentialAction\":[{\"@type\":\"ReadAction\",\"target\":[\"https:\/\/www.electroluxprofessional.com\/hr\/samoposluzne-praonice\/praonica-u-stambenoj-zgradi\/\"]}]},{\"@type\":\"ImageObject\",\"inLanguage\":\"hr\",\"@id\":\"https:\/\/www.electroluxprofessional.com\/hr\/samoposluzne-praonice\/praonica-u-stambenoj-zgradi\/#primaryimage\",\"url\":\"https:\/\/www.electroluxprofessional.com\/hr\/wp-content\/uploads\/2020\/12\/maylike-multihousing-2.jpg\",\"contentUrl\":\"https:\/\/www.electroluxprofessional.com\/hr\/wp-content\/uploads\/2020\/12\/maylike-multihousing-2.jpg\",\"width\":700,\"height\":700,\"caption\":\"maylike-multihousing\"},{\"@type\":\"BreadcrumbList\",\"@id\":\"https:\/\/www.electroluxprofessional.com\/hr\/samoposluzne-praonice\/praonica-u-stambenoj-zgradi\/#breadcrumb\",\"itemListElement\":[{\"@type\":\"ListItem\",\"position\":1,\"name\":\"Po\u010detna stranica\",\"item\":\"https:\/\/www.electroluxprofessional.com\/hr\/\"},{\"@type\":\"ListItem\",\"position\":2,\"name\":\"Samoposlu\u017ene praonice\",\"item\":\"https:\/\/www.electroluxprofessional.com\/hr\/samoposluzne-praonice\/\"},{\"@type\":\"ListItem\",\"position\":3,\"name\":\"Praonica u stambenoj zgradi\"}]},{\"@type\":\"WebSite\",\"@id\":\"https:\/\/www.electroluxprofessional.com\/hr\/#website\",\"url\":\"https:\/\/www.electroluxprofessional.com\/hr\/\",\"name\":\"Electrolux Professional Hrvatska\",\"description\":\"\",\"potentialAction\":[{\"@type\":\"SearchAction\",\"target\":{\"@type\":\"EntryPoint\",\"urlTemplate\":\"https:\/\/www.electroluxprofessional.com\/hr\/?src={search_term_string}\"},\"query-input\":\"required name=search_term_string\"}],\"inLanguage\":\"hr\"}]}<\/script>\n<!-- \/ Yoast SEO plugin. -->","yoast_head_json":{"title":"Praonica u stambenoj zgradi - Electrolux Professional Hrvatska","description":"Otkrijte na\u0161a rje\u0161enja za praonice u vi\u0161estambenim prostorima, kao \u0161to su stambene zgrade, sveu\u010dili\u0161ta i fakulteti, studentski domovi, stanovi za dugotrajan boravak radnika.","robots":{"index":"index","follow":"follow","max-snippet":"max-snippet:-1","max-image-preview":"max-image-preview:large","max-video-preview":"max-video-preview:-1"},"canonical":"https:\/\/www.electroluxprofessional.com\/hr\/samoposluzne-praonice\/praonica-u-stambenoj-zgradi\/","og_locale":"hr_HR","og_type":"article","og_title":"Praonica u stambenoj zgradi - Electrolux Professional Hrvatska","og_description":"Otkrijte na\u0161a rje\u0161enja za praonice u vi\u0161estambenim prostorima, kao \u0161to su stambene zgrade, sveu\u010dili\u0161ta i fakulteti, studentski domovi, stanovi za dugotrajan boravak radnika.","og_url":"https:\/\/www.electroluxprofessional.com\/hr\/samoposluzne-praonice\/praonica-u-stambenoj-zgradi\/","og_site_name":"Electrolux Professional Hrvatska","article_modified_time":"2025-11-06T13:28:14+00:00","og_image":[{"width":700,"height":700,"url":"https:\/\/www.electroluxprofessional.com\/hr\/wp-content\/uploads\/2020\/12\/maylike-multihousing-2.jpg","type":"image\/jpeg"}],"twitter_card":"summary_large_image","twitter_misc":{"Procijenjeno vrijeme \u010ditanja":"4 minute"},"schema":{"@context":"https:\/\/schema.org","@graph":[{"@type":"WebPage","@id":"https:\/\/www.electroluxprofessional.com\/hr\/samoposluzne-praonice\/praonica-u-stambenoj-zgradi\/","url":"https:\/\/www.electroluxprofessional.com\/hr\/samoposluzne-praonice\/praonica-u-stambenoj-zgradi\/","name":"Praonica u stambenoj zgradi - Electrolux Professional Hrvatska","isPartOf":{"@id":"https:\/\/www.electroluxprofessional.com\/hr\/#website"},"primaryImageOfPage":{"@id":"https:\/\/www.electroluxprofessional.com\/hr\/samoposluzne-praonice\/praonica-u-stambenoj-zgradi\/#primaryimage"},"image":{"@id":"https:\/\/www.electroluxprofessional.com\/hr\/samoposluzne-praonice\/praonica-u-stambenoj-zgradi\/#primaryimage"},"thumbnailUrl":"https:\/\/www.electroluxprofessional.com\/hr\/wp-content\/uploads\/2020\/12\/maylike-multihousing-2.jpg","datePublished":"2022-11-14T16:47:22+00:00","dateModified":"2025-11-06T13:28:14+00:00","description":"Otkrijte na\u0161a rje\u0161enja za praonice u vi\u0161estambenim prostorima, kao \u0161to su stambene zgrade, sveu\u010dili\u0161ta i fakulteti, studentski domovi, stanovi za dugotrajan boravak radnika.","breadcrumb":{"@id":"https:\/\/www.electroluxprofessional.com\/hr\/samoposluzne-praonice\/praonica-u-stambenoj-zgradi\/#breadcrumb"},"inLanguage":"hr","potentialAction":[{"@type":"ReadAction","target":["https:\/\/www.electroluxprofessional.com\/hr\/samoposluzne-praonice\/praonica-u-stambenoj-zgradi\/"]}]},{"@type":"ImageObject","inLanguage":"hr","@id":"https:\/\/www.electroluxprofessional.com\/hr\/samoposluzne-praonice\/praonica-u-stambenoj-zgradi\/#primaryimage","url":"https:\/\/www.electroluxprofessional.com\/hr\/wp-content\/uploads\/2020\/12\/maylike-multihousing-2.jpg","contentUrl":"https:\/\/www.electroluxprofessional.com\/hr\/wp-content\/uploads\/2020\/12\/maylike-multihousing-2.jpg","width":700,"height":700,"caption":"maylike-multihousing"},{"@type":"BreadcrumbList","@id":"https:\/\/www.electroluxprofessional.com\/hr\/samoposluzne-praonice\/praonica-u-stambenoj-zgradi\/#breadcrumb","itemListElement":[{"@type":"ListItem","position":1,"name":"Po\u010detna stranica","item":"https:\/\/www.electroluxprofessional.com\/hr\/"},{"@type":"ListItem","position":2,"name":"Samoposlu\u017ene praonice","item":"https:\/\/www.electroluxprofessional.com\/hr\/samoposluzne-praonice\/"},{"@type":"ListItem","position":3,"name":"Praonica u stambenoj zgradi"}]},{"@type":"WebSite","@id":"https:\/\/www.electroluxprofessional.com\/hr\/#website","url":"https:\/\/www.electroluxprofessional.com\/hr\/","name":"Electrolux Professional Hrvatska","description":"","potentialAction":[{"@type":"SearchAction","target":{"@type":"EntryPoint","urlTemplate":"https:\/\/www.electroluxprofessional.com\/hr\/?src={search_term_string}"},"query-input":"required name=search_term_string"}],"inLanguage":"hr"}]}},"_links":{"self":[{"href":"https:\/\/www.electroluxprofessional.com\/hr\/wp-json\/wp\/v2\/pages\/116047"}],"collection":[{"href":"https:\/\/www.electroluxprofessional.com\/hr\/wp-json\/wp\/v2\/pages"}],"about":[{"href":"https:\/\/www.electroluxprofessional.com\/hr\/wp-json\/wp\/v2\/types\/page"}],"author":[{"embeddable":true,"href":"https:\/\/www.electroluxprofessional.com\/hr\/wp-json\/wp\/v2\/users\/8"}],"replies":[{"embeddable":true,"href":"https:\/\/www.electroluxprofessional.com\/hr\/wp-json\/wp\/v2\/comments?post=116047"}],"version-history":[{"count":5,"href":"https:\/\/www.electroluxprofessional.com\/hr\/wp-json\/wp\/v2\/pages\/116047\/revisions"}],"predecessor-version":[{"id":118998,"href":"https:\/\/www.electroluxprofessional.com\/hr\/wp-json\/wp\/v2\/pages\/116047\/revisions\/118998"}],"up":[{"embeddable":true,"href":"https:\/\/www.electroluxprofessional.com\/hr\/wp-json\/wp\/v2\/pages\/2205"}],"wp:featuredmedia":[{"embeddable":true,"href":"https:\/\/www.electroluxprofessional.com\/hr\/wp-json\/wp\/v2\/media\/19116"}],"wp:attachment":[{"href":"https:\/\/www.electroluxprofessional.com\/hr\/wp-json\/wp\/v2\/media?parent=116047"}],"curies":[{"name":"wp","href":"https:\/\/api.w.org\/{rel}","templated":true}]}}