{"id":116032,"date":"2022-11-14T15:58:15","date_gmt":"2022-11-14T15:58:15","guid":{"rendered":"https:\/\/www.electroluxprofessional.com\/hr\/?page_id=116032"},"modified":"2025-11-06T13:21:02","modified_gmt":"2025-11-06T13:21:02","slug":"pomorska-industrija","status":"publish","type":"page","link":"https:\/\/www.electroluxprofessional.com\/hr\/vas-posao\/pomorska-industrija\/","title":{"rendered":"Pomorska industrija"},"content":{"rendered":"<p>[vc_row full_width=&#8221;electroluxpro-full-width-no-padding&#8221; css=&#8221;.vc_custom_1663597840901{margin-top: -50px !important;}&#8221;][vc_column][elx_full_banner title=&#8221;Pomorska industrija&#8221; background_image_media_library=&#8221;116031&#8243; background_image_media_library_mobile=&#8221;43967&#8243;][\/vc_column][\/vc_row][vc_row parallax=&#8221;content-moving&#8221;][vc_column css=&#8221;.vc_custom_1472030236138{padding-top: 20px !important;}&#8221;][elx_heading font_container=&#8221;h1&#8243; text_color=&#8221;electrolux-blue&#8221; text_align=&#8221;text-left&#8221;]Jedan stru\u010dnjak u svakoj luci[\/elx_heading][elx_heading font_container=&#8221;p&#8221; text_color=&#8221;inherit&#8221; text_align=&#8221;text-left&#8221;]Jedinstvena profesionalna rje\u0161enja za pripremu i poslu\u017eivanje hrane i praonice rublja za svaku potrebu u pomorskoj industriji.[\/elx_heading][\/vc_column][\/vc_row][vc_row parallax=&#8221;content-moving&#8221;][vc_column width=&#8221;1\/3&#8243; css=&#8221;.vc_custom_1472030236138{padding-top: 20px !important;}&#8221;][\/vc_column][vc_column width=&#8221;1\/3&#8243;][elx_download_block text=&#8221;Perilice i su\u0161ilice iz Linije 6000 za pomorsku industriju<br \/>\nPreuzmi odmah!&#8221; document_type=&#8221;leaflets&#8221; background_color=&#8221;electrolux-blue&#8221; le_document_number=&#8221;CLF-9JE00245&#8243;][\/vc_column][vc_column width=&#8221;1\/3&#8243;][\/vc_column][\/vc_row][vc_row parallax=&#8221;content-moving&#8221;][vc_column css=&#8221;.vc_custom_1472030236138{padding-top: 20px !important;}&#8221;][elx_heading font_size=&#8221;h3&#8243; text_color=&#8221;inherit&#8221; text_align=&#8221;text-center&#8221;]Na\u0161i korisnici[\/elx_heading][\/vc_column][\/vc_row][vc_row][vc_column width=&#8221;1\/2&#8243;][elx_simple_block background_color=&#8221;inherit&#8221;][vc_single_image image=&#8221;833&#8243; img_size=&#8221;360*313&#8243;][\/elx_simple_block][elx_simple_block background_color=&#8221;inherit&#8221;][elx_heading font_container=&#8221;h3&#8243; font_size=&#8221;h5&#8243; text_color=&#8221;inherit&#8221;]Saga Sapphire[\/elx_heading][vc_column_text]Ovaj ure\u0111aj, a radi se o ure\u0111aju tvrtke Electrolux Professional, za mene je dobar&#8230; kako u smislu utjecaja na okoli\u0161, tako jo\u0161 va\u017enije u smislu utjecaja na moje zdravlje (jer ne moram udisati pare raznih kemijskih sredstava).<\/p>\n<p>Electrolux Professional donosi vam osje\u0107aj lako\u0107e kori\u0161tenja.<br \/>\nUre\u0111aji lagoon\u00ae bolji su u odnosu na standardne jer omogu\u0107uju brzo svladavanje na\u010dina njihove upotrebe.<\/p>\n<p><strong>Earl Gutierrez<\/strong><br \/>\nVoditelj praonice rublja<br \/>\nPutni\u010dki brod Saga Sapphire[\/vc_column_text][\/elx_simple_block][\/vc_column][vc_column width=&#8221;1\/2&#8243;][elx_simple_block background_color=&#8221;inherit&#8221;][vc_single_image image=&#8221;834&#8243; img_size=&#8221;360*313&#8243;][\/elx_simple_block][elx_simple_block background_color=&#8221;inherit&#8221;][elx_heading font_container=&#8221;h3&#8243; font_size=&#8221;h5&#8243; text_color=&#8221;inherit&#8221;]Loipart[\/elx_heading][vc_column_text]<\/p>\n<p style=\"text-align: left;\">Sve vrste brodova moraju se oslanjati na svoju opremu za pranje rublja i poslu\u017eivanje hrane koja radi na moru s isplativim procesima, lakim odr\u017eavanjem i fleksibilnim programima.<\/p>\n<p>[\/vc_column_text][vc_column_text]<strong><em>Loipart<\/em><\/strong><em> je dio pomorske industrije ve\u0107 toliko dugo da nas prati glas stru\u010dnjaka, a ne tek dobavlja\u010da <\/em><strong><em>galerijskih i praoni\u010dkih rje\u0161enja<\/em><\/strong><em>. Na\u0161e <\/em><strong><em>partnerstvo<\/em><\/strong><em> s tvrtkom Electrolux Professional traje od samih po\u010detaka jer smo svjesni kako stru\u010dnjaci i profesionalci trebaju jedni druge radi postizanja obostrane koristi i zadovoljstva.<\/em><\/p>\n<p><strong>Mikael Eliasson, potpredsjednik Odjela za prodaju i ogla\u0161avanje tvrtke Loipart<\/strong><\/p>\n<p>Saznajte vi\u0161e na <a href=\"http:\/\/www.loipart.com\">www.loipart.com<\/a>[\/vc_column_text][\/elx_simple_block][\/vc_column][\/vc_row][vc_row css=&#8221;.vc_custom_1663597973709{background-color: #ededc9 !important;}&#8221;][vc_column width=&#8221;1\/2&#8243;][vc_empty_space][vc_empty_space][elx_simple_link_block link=&#8221;url:https%3A%2F%2Fwww.electroluxprofessional.com%2Fhr%2Fbeverage-solutions%2F|title:Beverage%20solutions||&#8221; text_align=&#8221;text-left&#8221; text_color=&#8221;inherit&#8221; background_color=&#8221;inherit&#8221; background_hover_color=&#8221;darker-hover&#8221; extra_class=&#8221;&#8221; reveal_effect=&#8221;&#8221; reveal_duration=&#8221;&#8221; reveal_delay=&#8221;&#8221;][vc_single_image image=&#8221;4587&#8243; img_size=&#8221;full&#8221;][\/elx_simple_link_block][\/vc_column][vc_column width=&#8221;1\/2&#8243;][vc_empty_space][elx_simple_link_block link=&#8221;url:https%3A%2F%2Fwww.electroluxprofessional.com%2Fhr%2Frjesenja-za-napitke%2F|title:Beverage%20solutions&#8221; text_align=&#8221;text-left&#8221; text_color=&#8221;inherit&#8221; background_color=&#8221;inherit&#8221; background_hover_color=&#8221;darker-hover&#8221; extra_class=&#8221;&#8221; reveal_effect=&#8221;&#8221; reveal_duration=&#8221;&#8221; reveal_delay=&#8221;&#8221;][elx_heading font_container=&#8221;h3&#8243; font_size=&#8221;h5&#8243; text_color=&#8221;inherit&#8221;]Cjelovita rje\u0161enja za ugostiteljstvo[\/elx_heading][vc_column_text]Opse\u017ena ponuda <strong>rje\u0161enja za kavu i napitke<\/strong>\u00a0koja \u0107e nadma\u0161iti o\u010dekivanja va\u0161ih korisnika, poduprta timom stru\u010dnjaka koji su nam se pridru\u017eili kako bi bili vama na usluzi.<\/p>\n<ul>\n<li>Aparati za kavu i \u010daj<\/li>\n<li>Mlinci za kavu<\/li>\n<li>Ure\u0111aji za stvaranje mjehuri\u0107a s hladnom vodom<\/li>\n<li>Ure\u0111aji za to\u010denje vru\u0107ih i zamrznutih napitaka<\/li>\n<li>i jo\u0161 puno toga&#8230;<\/li>\n<\/ul>\n<p>[\/vc_column_text][\/elx_simple_link_block][elx_button button_text=&#8221;Otkrijte na\u0161u ponudu rje\u0161enja za kavu i napitke.&#8221; button_style=&#8221;icon-blue&#8221; button_link=&#8221;url:https%3A%2F%2Fwww.electroluxprofessional.com%2Fhr%2Frjesenja-za-napitke%2F|title:rje%C5%A1enja%20za%20kavu%20i%20napitke&#8221;][\/vc_column][\/vc_row][vc_row][vc_column][elx_heading font_size=&#8221;h3&#8243; text_color=&#8221;inherit&#8221; text_align=&#8221;text-left&#8221;]Upoznajte na\u0161a rje\u0161enja na svim morima svijeta.[\/elx_heading][\/vc_column][\/vc_row][vc_row full_width=&#8221;electroluxpro-container-no-padding&#8221;][vc_column][elx_hero_slider text_color=&#8221;business&#8221; label_text_color=&#8221;business&#8221; images=&#8221;841&#8243;][elx_heading font_container=&#8221;h3&#8243; font_size=&#8221;h5&#8243; text_color=&#8221;inherit&#8221;]Jedinstvena izvrsnost usluge<br \/>\nUvijek blizu<br \/>\nUvijek uz vas[\/elx_heading][vc_column_text]<\/p>\n<ul>\n<li>1900 ovla\u0161tenih servisnih centara<\/li>\n<li>Vi\u0161e od 7000 stru\u010dnih servisera<\/li>\n<li>44.000\u00a0raspolo\u017eivih rezervnih dijelova na zalihi<\/li>\n<li>Dostava rezervnih dijelova unutar 24 \u2013 48 sati diljem svijeta<\/li>\n<\/ul>\n<p>[\/vc_column_text][\/elx_hero_slider][\/vc_column][\/vc_row][vc_row][vc_column][elx_heading font_container=&#8221;h3&#8243; font_size=&#8221;h3&#8243; text_color=&#8221;inherit&#8221; text_align=&#8221;text-left&#8221; css=&#8221;.vc_custom_1668441954930{padding-top: 50px !important;padding-bottom: 50px !important;}&#8221;]&#8230; i na\u0161a usluga u milijunima luka.[\/elx_heading][\/vc_column][\/vc_row][vc_row][vc_column width=&#8221;1\/2&#8243;][elx_simple_block background_color=&#8221;inherit&#8221;][elx_heading font_container=&#8221;h3&#8243; font_size=&#8221;h5&#8243; text_color=&#8221;inherit&#8221; text_align=&#8221;text-left&#8221;]Globalni tim za istra\u017eivanje i razvoj: od uvida u potrebe korisnika do izvrsnosti iznutra[\/elx_heading][vc_column_text]Globalni timovi za istra\u017eivanje i razvoj u svim internim sektorima za dizajn rade zajedno kako bi smanjili vrijeme stavljanja proizvoda na tr\u017ei\u0161te, provode\u0107i istodobno i istra\u017eivanje tr\u017ei\u0161ta te tra\u017ee\u0107i nove prilike.[\/vc_column_text][\/elx_simple_block][\/vc_column][vc_column width=&#8221;1\/2&#8243;][elx_simple_block background_color=&#8221;inherit&#8221;][elx_heading font_container=&#8221;h3&#8243; font_size=&#8221;h5&#8243; text_color=&#8221;inherit&#8221; text_align=&#8221;text-left&#8221;]Najopse\u017enija svjetska mre\u017ea korisni\u010dke podr\u0161ke[\/elx_heading][vc_column_text]Tvrtka Electrolux Professional pru\u017ea najra\u0161ireniju svjetsku mre\u017eu korisni\u010dke podr\u0161ke, koja mo\u017ee zadovoljiti sve va\u0161e potrebe, zahvaljuju\u0107i razgranatoj lokalnoj prisutnosti prije, tijekom i nakon kupnje.[\/vc_column_text][\/elx_simple_block][\/vc_column][\/vc_row][vc_row][vc_column width=&#8221;1\/2&#8243;][elx_simple_block background_color=&#8221;inherit&#8221;][elx_heading font_size=&#8221;h3&#8243; text_color=&#8221;inherit&#8221; text_align=&#8221;text-left&#8221; css=&#8221;.vc_custom_1668441998798{padding-top: 50px !important;padding-bottom: 50px !important;}&#8221;]Prilago\u0111ena rje\u0161enja[\/elx_heading][vc_column_text]Posade niza trgova\u010dkih brodova, naftnih bu\u0161otina\/platformi i putni\u010dkih brodova korisnici su stru\u010dnih znanja tvrtke Electrolux Professional iz podru\u010dja praoni\u010dke opreme i rje\u0161enja za pripremu i poslu\u017eivanje hrane za pomorsku industriju.<\/p>\n<p>Molimo vas da se za detaljnije informacije o svojem rje\u0161enju za pomorsku industriju obratite svojemu lokalnom stru\u010dnjaku iz tvrtke Electrolux Professional.[\/vc_column_text][\/elx_simple_block][\/vc_column][vc_column width=&#8221;1\/2&#8243;][elx_simple_block background_color=&#8221;inherit&#8221;][vc_single_image image=&#8221;1700&#8243; img_size=&#8221;360*313&#8243;][\/elx_simple_block][\/vc_column][\/vc_row][vc_row][vc_column][elx_heading font_size=&#8221;h3&#8243; text_color=&#8221;inherit&#8221; text_align=&#8221;text-left&#8221; css=&#8221;.vc_custom_1668442020786{padding-top: 50px !important;padding-bottom: 50px !important;}&#8221;]Izvrsna rje\u0161enja prilago\u0111ena va\u0161im potrebama[\/elx_heading][vc_empty_space height=&#8221;50px&#8221;][\/vc_column][\/vc_row][vc_row content_placement=&#8221;top&#8221;][vc_column][vc_tta_tabs][vc_tta_section title=&#8221;Teretni brod&#8221; tab_id=&#8221;1480342247067-2670965f-300e&#8221;][vc_row_inner][vc_column_inner width=&#8221;1\/2&#8243;][vc_single_image image=&#8221;1701&#8243; img_size=&#8221;500&#8243;][\/vc_column_inner][vc_column_inner width=&#8221;1\/2&#8243;][elx_heading font_container=&#8221;h3&#8243; font_size=&#8221;h5&#8243; text_color=&#8221;inherit&#8221; text_align=&#8221;text-left&#8221;]Teretni brod<br \/>\n25 \u010dlanova osoblja[\/elx_heading][vc_column_text css=&#8221;.vc_custom_1668442047556{padding-bottom: 20px !important;}&#8221;]Vrlo prljavoj radnoj odje\u0107i pru\u017eite najtemeljitije mogu\u0107e \u010di\u0161\u0107enje radi uklanjanja ulja, masnih mrlja i najsitnijih \u010destica pra\u0161ine uz o\u010duvanje kvalitete odje\u0107e.<\/p>\n<p><strong>Rje\u0161enja u upotrebi<\/strong><\/p>\n<p>2 x perilica rublja s prednjim punjenjem (6 kg + 14 kg)<br \/>\n2 x su\u0161ilica rublja (6 kg + 13,9 kg)[\/vc_column_text][\/vc_column_inner][\/vc_row_inner][\/vc_tta_section][vc_tta_section title=&#8221;Naftne platforme&#8221; tab_id=&#8221;1480342247142-9fb0b64e-298a&#8221;][vc_row_inner][vc_column_inner width=&#8221;1\/2&#8243;][vc_single_image image=&#8221;1700&#8243; img_size=&#8221;500&#8243;][\/vc_column_inner][vc_column_inner width=&#8221;1\/2&#8243;][elx_heading font_container=&#8221;h3&#8243; font_size=&#8221;h5&#8243; text_color=&#8221;inherit&#8221; text_align=&#8221;text-left&#8221;]Naftne platforme<br \/>\n300 \u010dlanova osoblja[\/elx_heading][vc_column_text css=&#8221;.vc_custom_1668442077838{padding-bottom: 20px !important;}&#8221;]Ako tra\u017eite praoni\u010dku opremu dizajniranu za radnike na naftnim platformama, trebat \u0107e vam ure\u0111aji \u010dvrste konstrukcije s dugim vijekom trajanja i sigurnosnim zna\u010dajkama koje su ujedno i jamac zdravlja i sigurnosti za radnike.<\/p>\n<p><strong>Rje\u0161enja u upotrebi<\/strong><\/p>\n<p>8 x perilica rublja s prednjim punjenjem (11 kg)<br \/>\n2 x perilica rublja s prednjim punjenjem (6 kg)<br \/>\n8 x su\u0161ilica rublja (10,6 kg)<br \/>\n2 x su\u0161ilica rublja (6 kg)<br \/>\n1 x valjak za gla\u010danje[\/vc_column_text][\/vc_column_inner][\/vc_row_inner][\/vc_tta_section][vc_tta_section title=&#8221;Putni\u010dki brod&#8221; tab_id=&#8221;1480342262805-5ce3eac0-0922&#8243;][vc_row_inner][vc_column_inner width=&#8221;1\/2&#8243;][elx_image_block background_image=&#8221;1702&#8243; minimum_height=&#8221;570px&#8221;][\/vc_column_inner][vc_column_inner width=&#8221;1\/2&#8243;][elx_heading font_container=&#8221;h3&#8243; font_size=&#8221;h5&#8243; text_color=&#8221;inherit&#8221; text_align=&#8221;text-left&#8221;]Putni\u010dki brod<br \/>\n1000 putnika[\/elx_heading][vc_column_text]Treba li vam mogu\u0107nost pranja razli\u010ditih vrsta rublja svakog dana? U tom \u0107e vam se slu\u010daju isplatiti na putni\u010dkom brodu imati praonicu rublja, koja je manje opasna i manje komplicirana od kemijske \u010distionice.<\/p>\n<p><strong>Rje\u0161enja u upotrebi<\/strong><\/p>\n<p>1 x lagoon\u00ae Advanced Care (Absolute set)<br \/>\n6 x perilica rublja s prednjim punjenjem (11 kg)<br \/>\n5 x su\u0161ilica rublja (33 kg)<br \/>\n1 x valjak za gla\u010danje[\/vc_column_text][vc_column_text]<\/p>\n<h5>lagoon\u00ae Advanced Care<\/h5>\n<p>Postupak bez otapala nje\u017ean je prema rublju, ali i prema okoli\u0161u.<br \/>\nVa\u0161i \u0107e korisnici vidjeti, osjetiti i omirisati razliku.<br \/>\nVa\u0161e \u0107e se osoblje odu\u0161eviti sigurnim i jednostavnim postupcima.[\/vc_column_text][\/vc_column_inner][\/vc_row_inner][\/vc_tta_section][\/vc_tta_tabs][\/vc_column][\/vc_row][vc_row][vc_column][elx_heading font_size=&#8221;h3&#8243; text_color=&#8221;inherit&#8221; text_align=&#8221;text-left&#8221;]Kontaktirajte na\u0161 tim stru\u010dnjaka.<br \/>\n[\/elx_heading][elx_o2000_contact_us r=&#8221;\u017delim saznati vi\u0161e o va\u0161im rje\u0161enjima za pomorsku industriju. Molim vas da me kontaktirate.&#8221; s=&#8221;Zahtjev za informacije o rje\u0161enjima za pomorsku industriju&#8221; b=&#8221;laundry&#8221; container=&#8221;elxcontactus1472110569&#8243;][vc_empty_space height=&#8221;50px&#8221;][\/vc_column][\/vc_row]<\/p>\n","protected":false},"excerpt":{"rendered":"<p>[vc_row full_width=&#8221;electroluxpro-full-width-no-padding&#8221; css=&#8221;.vc_custom_1663597840901{margin-top: -50px !important;}&#8221;][vc_column][elx_full_banner title=&#8221;Pomorska industrija&#8221; background_image_media_library=&#8221;116031&#8243; background_image_media_library_mobile=&#8221;43967&#8243;][\/vc_column][\/vc_row][vc_row parallax=&#8221;content-moving&#8221;][vc_column css=&#8221;.vc_custom_1472030236138{padding-top: 20px !important;}&#8221;][elx_heading font_container=&#8221;h1&#8243; text_color=&#8221;electrolux-blue&#8221; text_align=&#8221;text-left&#8221;]Jedan stru\u010dnjak u svakoj luci[\/elx_heading][elx_heading font_container=&#8221;p&#8221; text_color=&#8221;inherit&#8221; text_align=&#8221;text-left&#8221;]Jedinstvena profesionalna rje\u0161enja za pripremu i poslu\u017eivanje hrane i praonice rublja za svaku potrebu u pomorskoj industriji.[\/elx_heading][\/vc_column][\/vc_row][vc_row parallax=&#8221;content-moving&#8221;][vc_column width=&#8221;1\/3&#8243; css=&#8221;.vc_custom_1472030236138{padding-top: 20px !important;}&#8221;][\/vc_column][vc_column width=&#8221;1\/3&#8243;][elx_download_block text=&#8221;Perilice i su\u0161ilice iz Linije 6000 za pomorsku industriju Preuzmi [&hellip;]<\/p>\n","protected":false},"author":8,"featured_media":832,"parent":2111,"menu_order":0,"comment_status":"closed","ping_status":"closed","template":"","meta":{"footnotes":""},"class_list":["post-116032","page","type-page","status-publish","has-post-thumbnail","hentry"],"acf":[],"yoast_head":"<!-- This site is optimized with the Yoast SEO plugin v23.3 - https:\/\/yoast.com\/wordpress\/plugins\/seo\/ -->\n<title>Pomorska industrija \u2013 Electrolux Professional<\/title>\n<meta name=\"description\" content=\"Posade trgova\u010dkih brodova, naftnih bu\u0161otina\/platformi i putni\u010dkih brodova korisnici su stru\u010dnih znanja tvrtke Electrolux Professional iz podru\u010dja praoni\u010dke opreme i rje\u0161enja za pripremu i poslu\u017eivanje hrane.\" \/>\n<meta name=\"robots\" content=\"index, follow, max-snippet:-1, max-image-preview:large, max-video-preview:-1\" \/>\n<link rel=\"canonical\" href=\"https:\/\/www.electroluxprofessional.com\/hr\/vas-posao\/pomorska-industrija\/\" \/>\n<meta property=\"og:locale\" content=\"hr_HR\" \/>\n<meta property=\"og:type\" content=\"article\" \/>\n<meta property=\"og:title\" content=\"Pomorska industrija \u2013 Electrolux Professional\" \/>\n<meta property=\"og:description\" content=\"Posade trgova\u010dkih brodova, naftnih bu\u0161otina\/platformi i putni\u010dkih brodova korisnici su stru\u010dnih znanja tvrtke Electrolux Professional iz podru\u010dja praoni\u010dke opreme i rje\u0161enja za pripremu i poslu\u017eivanje hrane.\" \/>\n<meta property=\"og:url\" content=\"https:\/\/www.electroluxprofessional.com\/hr\/vas-posao\/pomorska-industrija\/\" \/>\n<meta property=\"og:site_name\" content=\"Electrolux Professional Hrvatska\" \/>\n<meta property=\"article:modified_time\" content=\"2025-11-06T13:21:02+00:00\" \/>\n<meta property=\"og:image\" content=\"https:\/\/www.electroluxprofessional.com\/hr\/wp-content\/uploads\/2016\/10\/marine-tailored-solutions.jpg\" \/>\n\t<meta property=\"og:image:width\" content=\"1039\" \/>\n\t<meta property=\"og:image:height\" content=\"514\" \/>\n\t<meta property=\"og:image:type\" content=\"image\/jpeg\" \/>\n<meta name=\"twitter:card\" content=\"summary_large_image\" \/>\n<meta name=\"twitter:label1\" content=\"Procijenjeno vrijeme \u010ditanja\" \/>\n\t<meta name=\"twitter:data1\" content=\"5 minuta\" \/>\n<script type=\"application\/ld+json\" class=\"yoast-schema-graph\">{\"@context\":\"https:\/\/schema.org\",\"@graph\":[{\"@type\":\"WebPage\",\"@id\":\"https:\/\/www.electroluxprofessional.com\/hr\/vas-posao\/pomorska-industrija\/\",\"url\":\"https:\/\/www.electroluxprofessional.com\/hr\/vas-posao\/pomorska-industrija\/\",\"name\":\"Pomorska industrija \u2013 Electrolux Professional\",\"isPartOf\":{\"@id\":\"https:\/\/www.electroluxprofessional.com\/hr\/#website\"},\"primaryImageOfPage\":{\"@id\":\"https:\/\/www.electroluxprofessional.com\/hr\/vas-posao\/pomorska-industrija\/#primaryimage\"},\"image\":{\"@id\":\"https:\/\/www.electroluxprofessional.com\/hr\/vas-posao\/pomorska-industrija\/#primaryimage\"},\"thumbnailUrl\":\"https:\/\/www.electroluxprofessional.com\/hr\/wp-content\/uploads\/2016\/10\/marine-tailored-solutions.jpg\",\"datePublished\":\"2022-11-14T15:58:15+00:00\",\"dateModified\":\"2025-11-06T13:21:02+00:00\",\"description\":\"Posade trgova\u010dkih brodova, naftnih bu\u0161otina\/platformi i putni\u010dkih brodova korisnici su stru\u010dnih znanja tvrtke Electrolux Professional iz podru\u010dja praoni\u010dke opreme i rje\u0161enja za pripremu i poslu\u017eivanje hrane.\",\"breadcrumb\":{\"@id\":\"https:\/\/www.electroluxprofessional.com\/hr\/vas-posao\/pomorska-industrija\/#breadcrumb\"},\"inLanguage\":\"hr\",\"potentialAction\":[{\"@type\":\"ReadAction\",\"target\":[\"https:\/\/www.electroluxprofessional.com\/hr\/vas-posao\/pomorska-industrija\/\"]}]},{\"@type\":\"ImageObject\",\"inLanguage\":\"hr\",\"@id\":\"https:\/\/www.electroluxprofessional.com\/hr\/vas-posao\/pomorska-industrija\/#primaryimage\",\"url\":\"https:\/\/www.electroluxprofessional.com\/hr\/wp-content\/uploads\/2016\/10\/marine-tailored-solutions.jpg\",\"contentUrl\":\"https:\/\/www.electroluxprofessional.com\/hr\/wp-content\/uploads\/2016\/10\/marine-tailored-solutions.jpg\",\"width\":1039,\"height\":514,\"caption\":\"marine, food and laundry tailored solutions\"},{\"@type\":\"BreadcrumbList\",\"@id\":\"https:\/\/www.electroluxprofessional.com\/hr\/vas-posao\/pomorska-industrija\/#breadcrumb\",\"itemListElement\":[{\"@type\":\"ListItem\",\"position\":1,\"name\":\"Po\u010detna stranica\",\"item\":\"https:\/\/www.electroluxprofessional.com\/hr\/\"},{\"@type\":\"ListItem\",\"position\":2,\"name\":\"Va\u0161 posao\",\"item\":\"https:\/\/www.electroluxprofessional.com\/hr\/vas-posao\/\"},{\"@type\":\"ListItem\",\"position\":3,\"name\":\"Pomorska industrija\"}]},{\"@type\":\"WebSite\",\"@id\":\"https:\/\/www.electroluxprofessional.com\/hr\/#website\",\"url\":\"https:\/\/www.electroluxprofessional.com\/hr\/\",\"name\":\"Electrolux Professional Hrvatska\",\"description\":\"\",\"potentialAction\":[{\"@type\":\"SearchAction\",\"target\":{\"@type\":\"EntryPoint\",\"urlTemplate\":\"https:\/\/www.electroluxprofessional.com\/hr\/?src={search_term_string}\"},\"query-input\":\"required name=search_term_string\"}],\"inLanguage\":\"hr\"}]}<\/script>\n<!-- \/ Yoast SEO plugin. -->","yoast_head_json":{"title":"Pomorska industrija \u2013 Electrolux Professional","description":"Posade trgova\u010dkih brodova, naftnih bu\u0161otina\/platformi i putni\u010dkih brodova korisnici su stru\u010dnih znanja tvrtke Electrolux Professional iz podru\u010dja praoni\u010dke opreme i rje\u0161enja za pripremu i poslu\u017eivanje hrane.","robots":{"index":"index","follow":"follow","max-snippet":"max-snippet:-1","max-image-preview":"max-image-preview:large","max-video-preview":"max-video-preview:-1"},"canonical":"https:\/\/www.electroluxprofessional.com\/hr\/vas-posao\/pomorska-industrija\/","og_locale":"hr_HR","og_type":"article","og_title":"Pomorska industrija \u2013 Electrolux Professional","og_description":"Posade trgova\u010dkih brodova, naftnih bu\u0161otina\/platformi i putni\u010dkih brodova korisnici su stru\u010dnih znanja tvrtke Electrolux Professional iz podru\u010dja praoni\u010dke opreme i rje\u0161enja za pripremu i poslu\u017eivanje hrane.","og_url":"https:\/\/www.electroluxprofessional.com\/hr\/vas-posao\/pomorska-industrija\/","og_site_name":"Electrolux Professional Hrvatska","article_modified_time":"2025-11-06T13:21:02+00:00","og_image":[{"width":1039,"height":514,"url":"https:\/\/www.electroluxprofessional.com\/hr\/wp-content\/uploads\/2016\/10\/marine-tailored-solutions.jpg","type":"image\/jpeg"}],"twitter_card":"summary_large_image","twitter_misc":{"Procijenjeno vrijeme \u010ditanja":"5 minuta"},"schema":{"@context":"https:\/\/schema.org","@graph":[{"@type":"WebPage","@id":"https:\/\/www.electroluxprofessional.com\/hr\/vas-posao\/pomorska-industrija\/","url":"https:\/\/www.electroluxprofessional.com\/hr\/vas-posao\/pomorska-industrija\/","name":"Pomorska industrija \u2013 Electrolux Professional","isPartOf":{"@id":"https:\/\/www.electroluxprofessional.com\/hr\/#website"},"primaryImageOfPage":{"@id":"https:\/\/www.electroluxprofessional.com\/hr\/vas-posao\/pomorska-industrija\/#primaryimage"},"image":{"@id":"https:\/\/www.electroluxprofessional.com\/hr\/vas-posao\/pomorska-industrija\/#primaryimage"},"thumbnailUrl":"https:\/\/www.electroluxprofessional.com\/hr\/wp-content\/uploads\/2016\/10\/marine-tailored-solutions.jpg","datePublished":"2022-11-14T15:58:15+00:00","dateModified":"2025-11-06T13:21:02+00:00","description":"Posade trgova\u010dkih brodova, naftnih bu\u0161otina\/platformi i putni\u010dkih brodova korisnici su stru\u010dnih znanja tvrtke Electrolux Professional iz podru\u010dja praoni\u010dke opreme i rje\u0161enja za pripremu i poslu\u017eivanje hrane.","breadcrumb":{"@id":"https:\/\/www.electroluxprofessional.com\/hr\/vas-posao\/pomorska-industrija\/#breadcrumb"},"inLanguage":"hr","potentialAction":[{"@type":"ReadAction","target":["https:\/\/www.electroluxprofessional.com\/hr\/vas-posao\/pomorska-industrija\/"]}]},{"@type":"ImageObject","inLanguage":"hr","@id":"https:\/\/www.electroluxprofessional.com\/hr\/vas-posao\/pomorska-industrija\/#primaryimage","url":"https:\/\/www.electroluxprofessional.com\/hr\/wp-content\/uploads\/2016\/10\/marine-tailored-solutions.jpg","contentUrl":"https:\/\/www.electroluxprofessional.com\/hr\/wp-content\/uploads\/2016\/10\/marine-tailored-solutions.jpg","width":1039,"height":514,"caption":"marine, food and laundry tailored solutions"},{"@type":"BreadcrumbList","@id":"https:\/\/www.electroluxprofessional.com\/hr\/vas-posao\/pomorska-industrija\/#breadcrumb","itemListElement":[{"@type":"ListItem","position":1,"name":"Po\u010detna stranica","item":"https:\/\/www.electroluxprofessional.com\/hr\/"},{"@type":"ListItem","position":2,"name":"Va\u0161 posao","item":"https:\/\/www.electroluxprofessional.com\/hr\/vas-posao\/"},{"@type":"ListItem","position":3,"name":"Pomorska industrija"}]},{"@type":"WebSite","@id":"https:\/\/www.electroluxprofessional.com\/hr\/#website","url":"https:\/\/www.electroluxprofessional.com\/hr\/","name":"Electrolux Professional Hrvatska","description":"","potentialAction":[{"@type":"SearchAction","target":{"@type":"EntryPoint","urlTemplate":"https:\/\/www.electroluxprofessional.com\/hr\/?src={search_term_string}"},"query-input":"required name=search_term_string"}],"inLanguage":"hr"}]}},"_links":{"self":[{"href":"https:\/\/www.electroluxprofessional.com\/hr\/wp-json\/wp\/v2\/pages\/116032"}],"collection":[{"href":"https:\/\/www.electroluxprofessional.com\/hr\/wp-json\/wp\/v2\/pages"}],"about":[{"href":"https:\/\/www.electroluxprofessional.com\/hr\/wp-json\/wp\/v2\/types\/page"}],"author":[{"embeddable":true,"href":"https:\/\/www.electroluxprofessional.com\/hr\/wp-json\/wp\/v2\/users\/8"}],"replies":[{"embeddable":true,"href":"https:\/\/www.electroluxprofessional.com\/hr\/wp-json\/wp\/v2\/comments?post=116032"}],"version-history":[{"count":4,"href":"https:\/\/www.electroluxprofessional.com\/hr\/wp-json\/wp\/v2\/pages\/116032\/revisions"}],"predecessor-version":[{"id":118992,"href":"https:\/\/www.electroluxprofessional.com\/hr\/wp-json\/wp\/v2\/pages\/116032\/revisions\/118992"}],"up":[{"embeddable":true,"href":"https:\/\/www.electroluxprofessional.com\/hr\/wp-json\/wp\/v2\/pages\/2111"}],"wp:featuredmedia":[{"embeddable":true,"href":"https:\/\/www.electroluxprofessional.com\/hr\/wp-json\/wp\/v2\/media\/832"}],"wp:attachment":[{"href":"https:\/\/www.electroluxprofessional.com\/hr\/wp-json\/wp\/v2\/media?parent=116032"}],"curies":[{"name":"wp","href":"https:\/\/api.w.org\/{rel}","templated":true}]}}