{"id":115949,"date":"2022-10-17T08:25:16","date_gmt":"2022-10-17T08:25:16","guid":{"rendered":"https:\/\/www.electroluxprofessional.com\/hr\/?page_id=115949"},"modified":"2025-11-06T13:17:10","modified_gmt":"2025-11-06T13:17:10","slug":"restorani","status":"publish","type":"page","link":"https:\/\/www.electroluxprofessional.com\/hr\/vas-posao\/restorani\/","title":{"rendered":"Restorani"},"content":{"rendered":"<p>[vc_row full_width=&#8221;electroluxpro-full-width-no-padding&#8221; css=&#8221;.vc_custom_1663584047097{margin-top: -50px !important;}&#8221;][vc_column reveal_effect=&#8221;&#8221;][elx_full_banner title=&#8221;Restorani&#8221; set_as_h1=&#8221;true&#8221; background_image_media_library=&#8221;115948&#8243; background_image_media_library_mobile=&#8221;43923&#8243;][\/vc_column][\/vc_row][vc_row disable_element=&#8221;yes&#8221; css=&#8221;.vc_custom_1663584023076{background-color: #041e41 !important;}&#8221;][vc_column reveal_effect=&#8221;&#8221; width=&#8221;2\/3&#8243;][vc_empty_space][vc_row_inner full_width=&#8221;electroluxpro-full-width-no-padding&#8221;][vc_column_inner width=&#8221;1\/4&#8243;][vc_single_image image=&#8221;115945&#8243; img_size=&#8221;full&#8221;][\/vc_column_inner][vc_column_inner width=&#8221;3\/4&#8243;][vc_empty_space height=&#8221;25px&#8221;][elx_heading font_container=&#8221;h1&#8243; font_size=&#8221;h3&#8243; text_color=&#8221;restaurant&#8221;]Restaurants[\/elx_heading][\/vc_column_inner][\/vc_row_inner][vc_empty_space height=&#8221;50px&#8221;][elx_heading font_container=&#8221;p&#8221; font_size=&#8221;h5&#8243; text_color=&#8221;white&#8221; text_align=&#8221;text-left&#8221;]&#8221;Electrolux Professional has been very good to me and the equipment has been very good to my kitchen. I wouldn&#8217;t hesitate to recommend the products to others in the industry.&#8221;[\/elx_heading][vc_column_text]<\/p>\n<p style=\"color: #fff;\"><strong>Simon Hulstone<\/strong><br \/>\nChef Proprietor <strong>The Elephant<\/strong> &#8211; Michelin star Restaurant<br \/>\n<strong>Devon, United Kingdom<\/strong><\/p>\n<p>[\/vc_column_text][\/vc_column][vc_column reveal_effect=&#8221;&#8221; width=&#8221;1\/3&#8243;][elx_image_block background_image=&#8221;115944&#8243; minimum_height=&#8221;580px&#8221;][\/vc_column][\/vc_row][vc_row][vc_column][vc_empty_space][elx_heading font_size=&#8221;h3&#8243; text_color=&#8221;restaurant&#8221; text_align=&#8221;text-left&#8221;]Ponekad je vo\u0111enje kuhinje u restoranu jako te\u017eak zadatak.<br \/>\nZato je jako bitno imati prijatelja koji ti poma\u017ee i nikada te ne razo\u010dara.[\/elx_heading][\/vc_column][\/vc_row][vc_row][vc_column width=&#8221;2\/3&#8243; css=&#8221;.vc_custom_1464680696345{padding-top: 30px !important;}&#8221;][elx_image_block background_image=&#8221;598&#8243; minimum_height=&#8221;400px&#8221;][\/vc_column][vc_column width=&#8221;1\/3&#8243;][vc_empty_space height=&#8221;65px&#8221;][elx_heading font_size=&#8221;h3&#8243; text_color=&#8221;electrolux-blue&#8221; text_align=&#8221;text-left&#8221;]Electrolux Professional<br \/>\nrje\u0161enja[\/elx_heading][vc_column_text]Biraju\u0107i Electrolux Professional rje\u0161enja, dobit \u0107ete fleksibilnost, lako\u0107u i snagu koju ste tra\u017eili.[\/vc_column_text][\/vc_column][\/vc_row][vc_row][vc_column width=&#8221;2\/3&#8243;][vc_empty_space height=&#8221;50px&#8221;][elx_heading font_container=&#8221;h3&#8243; font_size=&#8221;h3&#8243; text_color=&#8221;inherit&#8221;]Kuhinja koja vam poma\u017ee da budete bolji.<br \/>\n[\/elx_heading][vc_column_text css_animation=&#8221;none&#8221;]Stvoreni da budu istinski partneri vrhunskim kuharima, <strong>therma<em>line<\/em><\/strong> i <strong><em>Molteni<\/em><\/strong> iz Electrolux Professionala ispunjavaju sve zahtjeve <strong>luksuznih restorana.<\/strong>[\/vc_column_text][elx_heading font_container=&#8221;h3&#8243; text_color=&#8221;inherit&#8221;]Svaka potreba je zadovoljena<br \/>\n[\/elx_heading][vc_column_text css_animation=&#8221;none&#8221;]Bilo da vodite <strong>lanac restorana<\/strong> ili <strong>restoran brze usluge<\/strong>, <strong>luksuzni restoran<\/strong> ili <strong>restoran s punom uslugom<\/strong>, Electrolux Professional ima ure\u0111aje koji mogu rije\u0161iti \u010dak i najzahtjevnije izazove.[\/vc_column_text][\/vc_column][vc_column width=&#8221;1\/3&#8243; css=&#8221;.vc_custom_1484036847003{margin-top: 30px !important;border-top-width: 30px !important;padding-top: 30px !important;}&#8221;][elx_image_block background_image=&#8221;596&#8243; minimum_height=&#8221;400px&#8221;][\/vc_column][\/vc_row][vc_row][vc_column][vc_empty_space][\/vc_column][\/vc_row][vc_row css=&#8221;.vc_custom_1517564415244{background-color: #eeeeee !important;}&#8221;][vc_column css=&#8221;.vc_custom_1484036722557{padding-top: 30px !important;padding-bottom: 10px !important;}&#8221;][elx_heading font_container=&#8221;h3&#8243; font_size=&#8221;h3&#8243; text_color=&#8221;inherit&#8221; text_align=&#8221;text-left&#8221;]Na\u0161a rje\u0161enja za va\u0161e poslovanje<\/p>\n<p>[\/elx_heading][vc_row_inner][vc_column_inner width=&#8221;1\/3&#8243;][elx_image_block background_image=&#8221;599&#8243; minimum_height=&#8221;332px&#8221;][elx_heading font_container=&#8221;h3&#8243; font_size=&#8221;h5&#8243; text_color=&#8221;inherit&#8221; text_align=&#8221;text-left&#8221;]Luksuzni restorani[\/elx_heading][vc_column_text]Live the moment, get the chance to experience a memorable meal for your customers.<br \/>\nLet the atmosphere release good vibes, let the Chef create its best art dishes in a unique kitchen.[\/vc_column_text][vc_empty_space][elx_button button_text=&#8221;Contact us for more info&#8221; button_link=&#8221;url:%23contactus&#8221;][vc_empty_space][\/vc_column_inner][vc_column_inner width=&#8221;1\/3&#8243;][elx_image_block background_image=&#8221;600&#8243; minimum_height=&#8221;332px&#8221;][elx_heading font_size=&#8221;h5&#8243; text_color=&#8221;inherit&#8221; text_align=&#8221;text-left&#8221;]Restorani s punom uslugom<br \/>\n[\/elx_heading][vc_column_text]Don\u2019t limit your menu, make your customer choice among a variety of endless dishes. Choose your allies in the kitchen, choose Electrolux Professional as reliable and trustable partner.[\/vc_column_text][vc_empty_space][elx_button button_text=&#8221;Contact us for more info&#8221; button_link=&#8221;url:%23contactus&#8221;][vc_empty_space][\/vc_column_inner][vc_column_inner width=&#8221;1\/3&#8243;][elx_image_block background_image=&#8221;601&#8243; minimum_height=&#8221;332px&#8221;][elx_heading font_size=&#8221;h5&#8243; text_color=&#8221;inherit&#8221; text_align=&#8221;text-left&#8221;]Restorani brze usluge[\/elx_heading][vc_column_text]Be efficient, be faster. Make your customer experience enjoyable during their short lunch break. Electrolux Professional is your partner in one solution. Go for multifunction, flexible and speed products.[\/vc_column_text][vc_empty_space][elx_button button_text=&#8221;Contact us for more info&#8221; button_link=&#8221;url:%23contactus&#8221;][vc_empty_space][\/vc_column_inner][\/vc_row_inner][\/vc_column][\/vc_row][vc_row full_width=&#8221;electroluxpro-full-width-no-padding&#8221;][vc_column][vc_empty_space][vc_empty_space height=&#8221;1px&#8221; css=&#8221;.vc_custom_1523005131385{background-color: #eeeeee !important;}&#8221;][vc_empty_space][\/vc_column][\/vc_row][vc_row css=&#8221;.vc_custom_1522939207643{background-color: #ededc9 !important;}&#8221;][vc_column][elx_heading font_size=&#8221;h3&#8243; text_color=&#8221;inherit&#8221; text_align=&#8221;text-left&#8221;]Beverage solutions<br \/>\n[\/elx_heading][vc_empty_space][\/vc_column][\/vc_row][vc_row equal_height=&#8221;yes&#8221; css=&#8221;.vc_custom_1522941413247{background-color: #ededc9 !important;}&#8221;][vc_column width=&#8221;1\/2&#8243;][elx_simple_link_block link=&#8221;url:https%3A%2F%2Fwww.electroluxprofessional.com%2Fhr%2Fbeverage-solutions%2F|title:Beverage%20solutions||&#8221; text_align=&#8221;text-left&#8221; text_color=&#8221;inherit&#8221; background_color=&#8221;inherit&#8221; background_hover_color=&#8221;darker-hover&#8221; extra_class=&#8221;&#8221; reveal_effect=&#8221;&#8221; reveal_duration=&#8221;&#8221; reveal_delay=&#8221;&#8221;][vc_single_image image=&#8221;4587&#8243; img_size=&#8221;full&#8221;][\/elx_simple_link_block][\/vc_column][vc_column width=&#8221;1\/2&#8243;][elx_simple_link_block link=&#8221;url:https%3A%2F%2Fwww.electroluxprofessional.com%2Fhr%2Fbeverage-solutions%2F|title:Beverage%20solutions||&#8221; text_align=&#8221;text-left&#8221; text_color=&#8221;inherit&#8221; background_color=&#8221;inherit&#8221; background_hover_color=&#8221;darker-hover&#8221; extra_class=&#8221;&#8221; reveal_effect=&#8221;&#8221; reveal_duration=&#8221;&#8221; reveal_delay=&#8221;&#8221;][elx_heading font_container=&#8221;h3&#8243; font_size=&#8221;h5&#8243; text_color=&#8221;inherit&#8221;]A complete hospitality[\/elx_heading][vc_column_text]An extensive offering of <strong>coffee &amp;\u00a0beverage solutions<\/strong>\u00a0to exceed your customers\u2019 expectations, along with a team of experts who joined us to serve you.<\/p>\n<ul>\n<li>Coffee &amp; tea brewers<\/li>\n<li>Coffee grinders<\/li>\n<li>Cold bubblers<\/li>\n<li>Hot and frozen beverage dispensers<\/li>\n<li>and much more&#8230;<\/li>\n<\/ul>\n<p>[\/vc_column_text][\/elx_simple_link_block][elx_button button_text=&#8221;Discover the coffee &amp; beverage offer&#8221; button_style=&#8221;icon-blue&#8221; button_link=&#8221;url:https%3A%2F%2Fwww.electroluxprofessional.com%2Fhr%2Frjesenja-za-napitke%2F|title:coffee%20and%20beverage%20solutions&#8221;][\/vc_column][\/vc_row][vc_row full_width=&#8221;electroluxpro-full-width-no-padding&#8221;][vc_column][vc_empty_space][vc_empty_space height=&#8221;1px&#8221; css=&#8221;.vc_custom_1523005131385{background-color: #eeeeee !important;}&#8221;][vc_empty_space][\/vc_column][\/vc_row][vc_row equal_height=&#8221;yes&#8221; content_placement=&#8221;middle&#8221;][vc_column width=&#8221;1\/3&#8243;][elx_simple_block text_align=&#8221;text-center&#8221; background_color=&#8221;restaurant&#8221;][elx_heading text_color=&#8221;white&#8221;]Lanci restorana[\/elx_heading][vc_column_text]<\/p>\n<p style=\"text-align: center;\"><span style=\"color: #ffffff;\">How do we make the difference?<\/span><\/p>\n<p>[\/vc_column_text][elx_button button_text=&#8221;Otkrijte vi\u0161e&#8221; button_style=&#8221;default&#8221; button_link=&#8221;url:https%3A%2F%2Fwww.electroluxprofessional.com%2Fhr%2Flanci-restorana%2F&#8221;][\/elx_simple_block][\/vc_column][vc_column width=&#8221;1\/3&#8243;][vc_single_image image=&#8221;115946&#8243; img_size=&#8221;full&#8221;][\/vc_column][vc_column width=&#8221;1\/3&#8243;][vc_single_image image=&#8221;115947&#8243; img_size=&#8221;full&#8221;][\/vc_column][\/vc_row][vc_row][vc_column][vc_empty_space][\/vc_column][\/vc_row][vc_row][vc_column][vc_empty_space][\/vc_column][\/vc_row][vc_row el_id=&#8221;contactus&#8221;][vc_column][elx_heading font_container=&#8221;h3&#8243; text_color=&#8221;inherit&#8221;]Saznajte \u0161to Electrolux Professional mo\u017ee u\u010diniti za va\u0161e poslovanje[\/elx_heading][elx_o2000_contact_us s=&#8221;Your request for information: restaurants&#8221; country=&#8221;Croatia&#8221; b=&#8221;food&#8221; container=&#8221;elxcontactus1466432017&#8243; r=&#8221;I would like to find out more about solutions for restaurants, please get in touch with me.&#8221;][\/vc_column][\/vc_row][vc_row css=&#8221;.vc_custom_1464686680535{padding-bottom: 30px !important;}&#8221;][vc_column][vc_empty_space][elx_heading font_size=&#8221;h3&#8243; text_color=&#8221;inherit&#8221; text_align=&#8221;text-left&#8221;]Glas na\u0161ih klijenata<\/p>\n<p>[\/elx_heading][\/vc_column][\/vc_row][vc_row][vc_column width=&#8221;1\/3&#8243;][elx_image_block background_image=&#8221;603&#8243; minimum_height=&#8221;400px&#8221;][elx_heading font_container=&#8221;h3&#8243; font_size=&#8221;h5&#8243; text_color=&#8221;inherit&#8221;]IYO[\/elx_heading][vc_column_text css_animation=&#8221;none&#8221; css=&#8221;.vc_custom_1665995537633{padding-top: 15px !important;}&#8221;]<em>\u201eOdabiremo Electrolux Professional zato jer je u smislu tehnologije i funkcionalnosti definitivno korak prema naprijed. Sustavom thermaline postajemo bolji jer je to dio koji jam\u010di neusporedivu u\u010dinkovitost i otpornost.\u201c<br \/>\n<\/em><\/p>\n<p><strong>Claudio Liu, osniva\u010d<br \/>\n<\/strong><\/p>\n<p><strong>IYO &#8211; restoran s Michelinovom zvjezdicom, <\/strong><\/p>\n<p><strong>Milano, Italija<\/strong>[\/vc_column_text][\/vc_column][vc_column width=&#8221;1\/3&#8243;][elx_image_block background_image=&#8221;379&#8243; minimum_height=&#8221;400px&#8221;][elx_heading font_container=&#8221;h3&#8243; font_size=&#8221;h5&#8243; text_color=&#8221;inherit&#8221;]Priceless Milano[\/elx_heading][vc_column_text]<em>\u201ePostoji toliko prednosti u kuhanju da bih sigurno preporu\u010dio Electrolux rje\u0161enja svojim kolegama, ne samo u Italiji nego posvuda u svijetu.\u201c<br \/>\n<\/em><\/p>\n<p><strong>Christian Pircher, <\/strong><\/p>\n<p><strong>JRE kuhar iz Kirchsteiger restorana u Foianau<\/strong>[\/vc_column_text][\/vc_column][vc_column width=&#8221;1\/3&#8243;][elx_image_block background_image=&#8221;1563&#8243; vert_back_position=&#8221;top&#8221; minimum_height=&#8221;400px&#8221;][elx_heading font_container=&#8221;h3&#8243; font_size=&#8221;h5&#8243; text_color=&#8221;inherit&#8221;]Tiergarten[\/elx_heading][vc_column_text css_animation=&#8221;none&#8221; css=&#8221;.vc_custom_1665995600022{padding-top: 15px !important;}&#8221;]<em>\u201eOdluka za Electrolux Professional ure\u0111aje bila je rezultat ponude. Electrolux Professional je bio odabran zahvaljuju\u0107i dobroj potpori, pouzdanosti proizvoda i dobrom omjeru cijene i radnog u\u010dinka.\u201c<br \/>\n<\/em><\/p>\n<p><strong>Maikel Konrad, <\/strong><\/p>\n<p><strong>glavni kuhar <\/strong> <strong>au Tiergarten restoranu<\/strong>[\/vc_column_text][\/vc_column][\/vc_row][vc_row][vc_column][vc_empty_space][\/vc_column][\/vc_row]<\/p>\n","protected":false},"excerpt":{"rendered":"<p>[vc_row full_width=&#8221;electroluxpro-full-width-no-padding&#8221; css=&#8221;.vc_custom_1663584047097{margin-top: -50px !important;}&#8221;][vc_column reveal_effect=&#8221;&#8221;][elx_full_banner title=&#8221;Restorani&#8221; set_as_h1=&#8221;true&#8221; background_image_media_library=&#8221;115948&#8243; background_image_media_library_mobile=&#8221;43923&#8243;][\/vc_column][\/vc_row][vc_row disable_element=&#8221;yes&#8221; css=&#8221;.vc_custom_1663584023076{background-color: #041e41 !important;}&#8221;][vc_column reveal_effect=&#8221;&#8221; width=&#8221;2\/3&#8243;][vc_empty_space][vc_row_inner full_width=&#8221;electroluxpro-full-width-no-padding&#8221;][vc_column_inner width=&#8221;1\/4&#8243;][vc_single_image image=&#8221;115945&#8243; img_size=&#8221;full&#8221;][\/vc_column_inner][vc_column_inner width=&#8221;3\/4&#8243;][vc_empty_space height=&#8221;25px&#8221;][elx_heading font_container=&#8221;h1&#8243; font_size=&#8221;h3&#8243; text_color=&#8221;restaurant&#8221;]Restaurants[\/elx_heading][\/vc_column_inner][\/vc_row_inner][vc_empty_space height=&#8221;50px&#8221;][elx_heading font_container=&#8221;p&#8221; font_size=&#8221;h5&#8243; text_color=&#8221;white&#8221; text_align=&#8221;text-left&#8221;]&#8221;Electrolux Professional has been very good to me and the equipment has been very good to my kitchen. I wouldn&#8217;t hesitate to recommend the products to [&hellip;]<\/p>\n","protected":false},"author":8,"featured_media":598,"parent":2111,"menu_order":0,"comment_status":"closed","ping_status":"closed","template":"","meta":{"footnotes":""},"class_list":["post-115949","page","type-page","status-publish","has-post-thumbnail","hentry"],"acf":[],"yoast_head":"<!-- This site is optimized with the Yoast SEO plugin v23.3 - https:\/\/yoast.com\/wordpress\/plugins\/seo\/ -->\n<title>Solutions for restaurants - Electrolux Professional<\/title>\n<meta name=\"description\" content=\"Whether you run chains and quick service restaurants, fine dining or full service restaurants, Electrolux Professional has the solutions to make your business even more profitable.\" \/>\n<meta name=\"robots\" content=\"index, follow, max-snippet:-1, max-image-preview:large, max-video-preview:-1\" \/>\n<link rel=\"canonical\" href=\"https:\/\/www.electroluxprofessional.com\/hr\/vas-posao\/restorani\/\" \/>\n<meta property=\"og:locale\" content=\"hr_HR\" \/>\n<meta property=\"og:type\" content=\"article\" \/>\n<meta property=\"og:title\" content=\"Solutions for restaurants - Electrolux Professional\" \/>\n<meta property=\"og:description\" content=\"Whether you run chains and quick service restaurants, fine dining or full service restaurants, Electrolux Professional has the solutions to make your business even more profitable.\" \/>\n<meta property=\"og:url\" content=\"https:\/\/www.electroluxprofessional.com\/hr\/vas-posao\/restorani\/\" \/>\n<meta property=\"og:site_name\" content=\"Electrolux Professional Hrvatska\" \/>\n<meta property=\"article:modified_time\" content=\"2025-11-06T13:17:10+00:00\" \/>\n<meta property=\"og:image\" content=\"https:\/\/www.electroluxprofessional.com\/hr\/wp-content\/uploads\/2016\/05\/fine-dining-restaurants.jpg\" \/>\n\t<meta property=\"og:image:width\" content=\"1000\" \/>\n\t<meta property=\"og:image:height\" content=\"667\" \/>\n\t<meta property=\"og:image:type\" content=\"image\/jpeg\" \/>\n<meta name=\"twitter:card\" content=\"summary_large_image\" \/>\n<meta name=\"twitter:label1\" content=\"Procijenjeno vrijeme \u010ditanja\" \/>\n\t<meta name=\"twitter:data1\" content=\"4 minute\" \/>\n<script type=\"application\/ld+json\" class=\"yoast-schema-graph\">{\"@context\":\"https:\/\/schema.org\",\"@graph\":[{\"@type\":\"WebPage\",\"@id\":\"https:\/\/www.electroluxprofessional.com\/hr\/vas-posao\/restorani\/\",\"url\":\"https:\/\/www.electroluxprofessional.com\/hr\/vas-posao\/restorani\/\",\"name\":\"Solutions for restaurants - Electrolux Professional\",\"isPartOf\":{\"@id\":\"https:\/\/www.electroluxprofessional.com\/hr\/#website\"},\"primaryImageOfPage\":{\"@id\":\"https:\/\/www.electroluxprofessional.com\/hr\/vas-posao\/restorani\/#primaryimage\"},\"image\":{\"@id\":\"https:\/\/www.electroluxprofessional.com\/hr\/vas-posao\/restorani\/#primaryimage\"},\"thumbnailUrl\":\"https:\/\/www.electroluxprofessional.com\/hr\/wp-content\/uploads\/2016\/05\/fine-dining-restaurants.jpg\",\"datePublished\":\"2022-10-17T08:25:16+00:00\",\"dateModified\":\"2025-11-06T13:17:10+00:00\",\"description\":\"Whether you run chains and quick service restaurants, fine dining or full service restaurants, Electrolux Professional has the solutions to make your business even more profitable.\",\"breadcrumb\":{\"@id\":\"https:\/\/www.electroluxprofessional.com\/hr\/vas-posao\/restorani\/#breadcrumb\"},\"inLanguage\":\"hr\",\"potentialAction\":[{\"@type\":\"ReadAction\",\"target\":[\"https:\/\/www.electroluxprofessional.com\/hr\/vas-posao\/restorani\/\"]}]},{\"@type\":\"ImageObject\",\"inLanguage\":\"hr\",\"@id\":\"https:\/\/www.electroluxprofessional.com\/hr\/vas-posao\/restorani\/#primaryimage\",\"url\":\"https:\/\/www.electroluxprofessional.com\/hr\/wp-content\/uploads\/2016\/05\/fine-dining-restaurants.jpg\",\"contentUrl\":\"https:\/\/www.electroluxprofessional.com\/hr\/wp-content\/uploads\/2016\/05\/fine-dining-restaurants.jpg\",\"width\":1000,\"height\":667,\"caption\":\"fine dining restaurants\"},{\"@type\":\"BreadcrumbList\",\"@id\":\"https:\/\/www.electroluxprofessional.com\/hr\/vas-posao\/restorani\/#breadcrumb\",\"itemListElement\":[{\"@type\":\"ListItem\",\"position\":1,\"name\":\"Po\u010detna stranica\",\"item\":\"https:\/\/www.electroluxprofessional.com\/hr\/\"},{\"@type\":\"ListItem\",\"position\":2,\"name\":\"Va\u0161 posao\",\"item\":\"https:\/\/www.electroluxprofessional.com\/hr\/vas-posao\/\"},{\"@type\":\"ListItem\",\"position\":3,\"name\":\"Restorani\"}]},{\"@type\":\"WebSite\",\"@id\":\"https:\/\/www.electroluxprofessional.com\/hr\/#website\",\"url\":\"https:\/\/www.electroluxprofessional.com\/hr\/\",\"name\":\"Electrolux Professional Hrvatska\",\"description\":\"\",\"potentialAction\":[{\"@type\":\"SearchAction\",\"target\":{\"@type\":\"EntryPoint\",\"urlTemplate\":\"https:\/\/www.electroluxprofessional.com\/hr\/?src={search_term_string}\"},\"query-input\":\"required name=search_term_string\"}],\"inLanguage\":\"hr\"}]}<\/script>\n<!-- \/ Yoast SEO plugin. -->","yoast_head_json":{"title":"Solutions for restaurants - Electrolux Professional","description":"Whether you run chains and quick service restaurants, fine dining or full service restaurants, Electrolux Professional has the solutions to make your business even more profitable.","robots":{"index":"index","follow":"follow","max-snippet":"max-snippet:-1","max-image-preview":"max-image-preview:large","max-video-preview":"max-video-preview:-1"},"canonical":"https:\/\/www.electroluxprofessional.com\/hr\/vas-posao\/restorani\/","og_locale":"hr_HR","og_type":"article","og_title":"Solutions for restaurants - Electrolux Professional","og_description":"Whether you run chains and quick service restaurants, fine dining or full service restaurants, Electrolux Professional has the solutions to make your business even more profitable.","og_url":"https:\/\/www.electroluxprofessional.com\/hr\/vas-posao\/restorani\/","og_site_name":"Electrolux Professional Hrvatska","article_modified_time":"2025-11-06T13:17:10+00:00","og_image":[{"width":1000,"height":667,"url":"https:\/\/www.electroluxprofessional.com\/hr\/wp-content\/uploads\/2016\/05\/fine-dining-restaurants.jpg","type":"image\/jpeg"}],"twitter_card":"summary_large_image","twitter_misc":{"Procijenjeno vrijeme \u010ditanja":"4 minute"},"schema":{"@context":"https:\/\/schema.org","@graph":[{"@type":"WebPage","@id":"https:\/\/www.electroluxprofessional.com\/hr\/vas-posao\/restorani\/","url":"https:\/\/www.electroluxprofessional.com\/hr\/vas-posao\/restorani\/","name":"Solutions for restaurants - Electrolux Professional","isPartOf":{"@id":"https:\/\/www.electroluxprofessional.com\/hr\/#website"},"primaryImageOfPage":{"@id":"https:\/\/www.electroluxprofessional.com\/hr\/vas-posao\/restorani\/#primaryimage"},"image":{"@id":"https:\/\/www.electroluxprofessional.com\/hr\/vas-posao\/restorani\/#primaryimage"},"thumbnailUrl":"https:\/\/www.electroluxprofessional.com\/hr\/wp-content\/uploads\/2016\/05\/fine-dining-restaurants.jpg","datePublished":"2022-10-17T08:25:16+00:00","dateModified":"2025-11-06T13:17:10+00:00","description":"Whether you run chains and quick service restaurants, fine dining or full service restaurants, Electrolux Professional has the solutions to make your business even more profitable.","breadcrumb":{"@id":"https:\/\/www.electroluxprofessional.com\/hr\/vas-posao\/restorani\/#breadcrumb"},"inLanguage":"hr","potentialAction":[{"@type":"ReadAction","target":["https:\/\/www.electroluxprofessional.com\/hr\/vas-posao\/restorani\/"]}]},{"@type":"ImageObject","inLanguage":"hr","@id":"https:\/\/www.electroluxprofessional.com\/hr\/vas-posao\/restorani\/#primaryimage","url":"https:\/\/www.electroluxprofessional.com\/hr\/wp-content\/uploads\/2016\/05\/fine-dining-restaurants.jpg","contentUrl":"https:\/\/www.electroluxprofessional.com\/hr\/wp-content\/uploads\/2016\/05\/fine-dining-restaurants.jpg","width":1000,"height":667,"caption":"fine dining restaurants"},{"@type":"BreadcrumbList","@id":"https:\/\/www.electroluxprofessional.com\/hr\/vas-posao\/restorani\/#breadcrumb","itemListElement":[{"@type":"ListItem","position":1,"name":"Po\u010detna stranica","item":"https:\/\/www.electroluxprofessional.com\/hr\/"},{"@type":"ListItem","position":2,"name":"Va\u0161 posao","item":"https:\/\/www.electroluxprofessional.com\/hr\/vas-posao\/"},{"@type":"ListItem","position":3,"name":"Restorani"}]},{"@type":"WebSite","@id":"https:\/\/www.electroluxprofessional.com\/hr\/#website","url":"https:\/\/www.electroluxprofessional.com\/hr\/","name":"Electrolux Professional Hrvatska","description":"","potentialAction":[{"@type":"SearchAction","target":{"@type":"EntryPoint","urlTemplate":"https:\/\/www.electroluxprofessional.com\/hr\/?src={search_term_string}"},"query-input":"required name=search_term_string"}],"inLanguage":"hr"}]}},"_links":{"self":[{"href":"https:\/\/www.electroluxprofessional.com\/hr\/wp-json\/wp\/v2\/pages\/115949"}],"collection":[{"href":"https:\/\/www.electroluxprofessional.com\/hr\/wp-json\/wp\/v2\/pages"}],"about":[{"href":"https:\/\/www.electroluxprofessional.com\/hr\/wp-json\/wp\/v2\/types\/page"}],"author":[{"embeddable":true,"href":"https:\/\/www.electroluxprofessional.com\/hr\/wp-json\/wp\/v2\/users\/8"}],"replies":[{"embeddable":true,"href":"https:\/\/www.electroluxprofessional.com\/hr\/wp-json\/wp\/v2\/comments?post=115949"}],"version-history":[{"count":5,"href":"https:\/\/www.electroluxprofessional.com\/hr\/wp-json\/wp\/v2\/pages\/115949\/revisions"}],"predecessor-version":[{"id":118984,"href":"https:\/\/www.electroluxprofessional.com\/hr\/wp-json\/wp\/v2\/pages\/115949\/revisions\/118984"}],"up":[{"embeddable":true,"href":"https:\/\/www.electroluxprofessional.com\/hr\/wp-json\/wp\/v2\/pages\/2111"}],"wp:featuredmedia":[{"embeddable":true,"href":"https:\/\/www.electroluxprofessional.com\/hr\/wp-json\/wp\/v2\/media\/598"}],"wp:attachment":[{"href":"https:\/\/www.electroluxprofessional.com\/hr\/wp-json\/wp\/v2\/media?parent=115949"}],"curies":[{"name":"wp","href":"https:\/\/api.w.org\/{rel}","templated":true}]}}