{"id":115022,"date":"2021-10-21T15:28:38","date_gmt":"2021-10-21T13:28:38","guid":{"rendered":"https:\/\/www.electroluxprofessional.com\/?page_id=36925"},"modified":"2021-11-10T20:14:32","modified_gmt":"2021-11-10T20:14:32","slug":"brownie-od-patlidzana","status":"publish","type":"page","link":"https:\/\/www.electroluxprofessional.com\/hr\/brownie-od-patlidzana\/","title":{"rendered":"Brownie od patlid\u017eana"},"content":{"rendered":"<p>[vc_row full_width=&#8221;electroluxpro-full-width-no-padding&#8221;][vc_column][elx_hero_title label=&#8221;&#8221; label_background_color=&#8221;inherit&#8221; background_image=&#8221;115008&#8243;][\/elx_hero_title][\/vc_column][\/vc_row][vc_row][vc_column][vc_empty_space][\/vc_column][\/vc_row][vc_row][vc_column][vc_column_text]<\/p>\n<h3 style=\"text-align: center;\"><span style=\"color: #cea941;\">Nadahnite se, otkrijte<br \/>\nrecepte iz koncepta \u201eZero waste, all taste\u201c<br \/>\n<\/span><\/h3>\n<p>[\/vc_column_text][vc_empty_space][vc_column_text]<\/p>\n<h2 style=\"text-align: center;\"><em>Brownie<\/em> od patlid\u017eana<\/h2>\n<p>[\/vc_column_text][vc_empty_space][elx_image_block background_image=&#8221;115009&#8243; minimum_height=&#8221;350px&#8221;][vc_empty_space][\/vc_column][\/vc_row][vc_row][vc_column width=&#8221;1\/2&#8243;][vc_row_inner][vc_column_inner width=&#8221;1\/2&#8243; css=&#8221;.vc_custom_1634804956247{margin-right: 0px !important;padding-right: 0px !important;}&#8221;][elx_image_block background_image=&#8221;115010&#8243; minimum_height=&#8221;250px&#8221;][\/vc_column_inner][vc_column_inner width=&#8221;1\/2&#8243; css=&#8221;.vc_custom_1634804965715{margin-left: 0px !important;padding-left: 0px !important;}&#8221;][elx_image_block background_image=&#8221;115011&#8243; minimum_height=&#8221;250px&#8221;][\/vc_column_inner][\/vc_row_inner][vc_empty_space height=&#8221;20px&#8221;][vc_column_text]<strong>Prere\u017eite<\/strong> patlid\u017eane na pola <strong>-&gt;<\/strong> zatim ih zare\u017eite.[\/vc_column_text][\/vc_column][vc_column width=&#8221;1\/2&#8243;][elx_image_block background_image=&#8221;115012&#8243; minimum_height=&#8221;250px&#8221;][vc_empty_space height=&#8221;20px&#8221;][vc_column_text]<strong>Ispecite<\/strong> ih u pe\u0107nici SkyLine Premium<sup>S<\/sup>.<br \/>\n<strong>Ohladite<\/strong> ih u \u0161ok-zamrziva\u010du SkyLine Chill<sup>S<\/sup>.[\/vc_column_text][\/vc_column][\/vc_row][vc_row][vc_column][vc_empty_space][\/vc_column][\/vc_row][vc_row][vc_column width=&#8221;1\/2&#8243;][elx_image_block background_image=&#8221;115013&#8243; vert_back_position=&#8221;top&#8221; minimum_height=&#8221;250px&#8221;][vc_empty_space height=&#8221;20px&#8221;][vc_column_text]<strong>Odvojite<\/strong> koru od pulpe, a pulpu <strong>procijedite<\/strong>.[\/vc_column_text][\/vc_column][vc_column width=&#8221;1\/2&#8243;][elx_image_block background_image=&#8221;115014&#8243; vert_back_position=&#8221;top&#8221; minimum_height=&#8221;250px&#8221;][vc_empty_space height=&#8221;20px&#8221;][vc_column_text]<strong>Izmije\u0161ajte<\/strong> \u010dokoladu u kuteru \/ prera\u0111iva\u010du hrane K55:<br \/>\nZa po\u010detak uklju\u010dite \u201e<strong><em>funkciju pulsiranja<\/em><\/strong>\u201c na 20 sekundi na \u201e<strong><em>brzini 10<\/em><\/strong>\u201c. Zatim uklju\u010dite \u201e<strong><em>kontinuiranu brzinu 10<\/em><\/strong>\u201c dok se \u010dokolada ne po\u010dne topiti.[\/vc_column_text][\/vc_column][\/vc_row][vc_row][vc_column][vc_empty_space][\/vc_column][\/vc_row][vc_row][vc_column width=&#8221;1\/2&#8243;][elx_image_block background_image=&#8221;115016&#8243; vert_back_position=&#8221;top&#8221; minimum_height=&#8221;250px&#8221;][vc_empty_space height=&#8221;20px&#8221;][vc_column_text]\u010cokoladi dodajte pulpu od patlid\u017eana i <strong>nastavite mije\u0161ati<\/strong> na \u201e<strong><em>brzini 10<\/em><\/strong>\u201c idu\u0107ih 30 sekundi.[\/vc_column_text][\/vc_column][vc_column width=&#8221;1\/2&#8243;][elx_image_block background_image=&#8221;115018&#8243; vert_back_position=&#8221;top&#8221; minimum_height=&#8221;250px&#8221;][vc_empty_space height=&#8221;20px&#8221;][vc_column_text]<strong>Dodajte<\/strong> sljede\u0107e sastojke smjesi patlid\u017eana i \u010dokolade:<br \/>\n\u2022 jaja \u2022 kakao u prahu \u2022 sol \u2022 pra\u0161ak za pecivo \u2022 bra\u0161no od badema \u2022 med<br \/>\n<strong>Mije\u0161ajte<\/strong> na \u201e<strong><em>brzini 4<\/em><\/strong>\u201c dok smjesa ne postane ujedna\u010dena. <strong>Dodajte<\/strong> orahe i mije\u0161ajte na \u201e<strong><em>brzini 1<\/em><\/strong>\u201c sve dok se orasi ne pove\u017eu sa smjesom.[\/vc_column_text][\/vc_column][\/vc_row][vc_row][vc_column][vc_empty_space][\/vc_column][\/vc_row][vc_row][vc_column width=&#8221;1\/2&#8243;][elx_image_block background_image=&#8221;115019&#8243; minimum_height=&#8221;250px&#8221;][vc_empty_space height=&#8221;20px&#8221;][vc_column_text]<strong>Izlijte<\/strong> smjesu na univerzalnu posudu za pe\u010denje i ravnomjerno je rasporedite. <strong>Ispecite<\/strong> <em>brownie<\/em> u pe\u0107nici SkyLine Premium<sup>S<\/sup>. <strong>Ohladite<\/strong> ih u \u0161ok-zamrziva\u010du SkyLine Chill<sup>S<\/sup>.[\/vc_column_text][\/vc_column][vc_column width=&#8221;1\/2&#8243;][elx_image_block background_image=&#8221;115009&#8243; minimum_height=&#8221;250px&#8221;][vc_empty_space height=&#8221;20px&#8221;][vc_column_text]Kako <strong>raspodijeliti<\/strong>:<br \/>\n<em>Brownie<\/em> nare\u017eite na pravokutnike dimenzija <strong><em>6,5\u00a0cm x 5,5\u00a0cm<\/em><\/strong>. <strong>Spremite<\/strong> u pakiranje.[\/vc_column_text][\/vc_column][\/vc_row][vc_row][vc_column][vc_empty_space][\/vc_column][\/vc_row][vc_row][vc_column][elx_button button_text=&#8221;Preuzmite recept&#8221; button_display_block=&#8221;display_block_on&#8221; button_alignment=&#8221;align_center&#8221; button_link=&#8221;url:https%3A%2F%2Fwww.electroluxprofessional.com%2Fhr%2Fwp-content%2Fuploads%2F2021%2F10%2FEPR_zero-waste_recipe-card_EGGPLANT-brownie_A4_LR.pdf.pdf||target:%20_blank|&#8221;][\/vc_column][\/vc_row][vc_row][vc_column][vc_empty_space][\/vc_column][\/vc_row][vc_row][vc_column][elx_heading text_color=&#8221;inherit&#8221; text_align=&#8221;text-center&#8221;]Pi\u0161ite nam za vi\u0161e informacija o konceptu \u201eZero waste, all taste\u201c[\/elx_heading][elx_o2000_contact_us r=&#8221;\u017delim saznati vi\u0161e o&#8230;&#8221; s=&#8221;Zahtjev za informacije o&#8230;&#8221; country=&#8221;Croatia&#8221; b=&#8221;food&#8221;][vc_empty_space][\/vc_column][\/vc_row]<\/p>\n","protected":false},"excerpt":{"rendered":"<p>[vc_row full_width=&#8221;electroluxpro-full-width-no-padding&#8221;][vc_column][elx_hero_title label=&#8221;&#8221; label_background_color=&#8221;inherit&#8221; background_image=&#8221;115008&#8243;][\/elx_hero_title][\/vc_column][\/vc_row][vc_row][vc_column][vc_empty_space][\/vc_column][\/vc_row][vc_row][vc_column][vc_column_text] Nadahnite se, otkrijte recepte iz koncepta \u201eZero waste, all taste\u201c [\/vc_column_text][vc_empty_space][vc_column_text] Brownie od patlid\u017eana [\/vc_column_text][vc_empty_space][elx_image_block background_image=&#8221;115009&#8243; minimum_height=&#8221;350px&#8221;][vc_empty_space][\/vc_column][\/vc_row][vc_row][vc_column width=&#8221;1\/2&#8243;][vc_row_inner][vc_column_inner width=&#8221;1\/2&#8243; css=&#8221;.vc_custom_1634804956247{margin-right: 0px !important;padding-right: 0px !important;}&#8221;][elx_image_block background_image=&#8221;115010&#8243; minimum_height=&#8221;250px&#8221;][\/vc_column_inner][vc_column_inner width=&#8221;1\/2&#8243; css=&#8221;.vc_custom_1634804965715{margin-left: 0px !important;padding-left: 0px !important;}&#8221;][elx_image_block background_image=&#8221;115011&#8243; minimum_height=&#8221;250px&#8221;][\/vc_column_inner][\/vc_row_inner][vc_empty_space height=&#8221;20px&#8221;][vc_column_text]Prere\u017eite patlid\u017eane na pola -&gt; zatim ih zare\u017eite.[\/vc_column_text][\/vc_column][vc_column width=&#8221;1\/2&#8243;][elx_image_block background_image=&#8221;115012&#8243; minimum_height=&#8221;250px&#8221;][vc_empty_space height=&#8221;20px&#8221;][vc_column_text]Ispecite ih u pe\u0107nici SkyLine [&hellip;]<\/p>\n","protected":false},"author":8,"featured_media":115007,"parent":0,"menu_order":0,"comment_status":"closed","ping_status":"closed","template":"","meta":{"footnotes":""},"class_list":["post-115022","page","type-page","status-publish","has-post-thumbnail","hentry"],"acf":[],"yoast_head":"<!-- This site is optimized with the Yoast SEO plugin v23.3 - https:\/\/yoast.com\/wordpress\/plugins\/seo\/ -->\n<title>Brownie od patlid\u017eana - Electrolux Professional Hrvatska<\/title>\n<meta name=\"description\" content=\"Nadahnite se, otkrijte recepte iz koncepta \u201eZero waste, all taste\u201c \u2013 Brownie od patlid\u017eana\" \/>\n<meta name=\"robots\" content=\"index, follow, max-snippet:-1, max-image-preview:large, max-video-preview:-1\" \/>\n<link rel=\"canonical\" href=\"https:\/\/www.electroluxprofessional.com\/hr\/brownie-od-patlidzana\/\" \/>\n<meta property=\"og:locale\" content=\"hr_HR\" \/>\n<meta property=\"og:type\" content=\"article\" \/>\n<meta property=\"og:title\" content=\"Brownie od patlid\u017eana - Electrolux Professional Hrvatska\" \/>\n<meta property=\"og:description\" content=\"Nadahnite se, otkrijte recepte iz koncepta \u201eZero waste, all taste\u201c \u2013 Brownie od patlid\u017eana\" \/>\n<meta property=\"og:url\" content=\"https:\/\/www.electroluxprofessional.com\/hr\/brownie-od-patlidzana\/\" \/>\n<meta property=\"og:site_name\" content=\"Electrolux Professional Hrvatska\" \/>\n<meta property=\"article:modified_time\" content=\"2021-11-10T20:14:32+00:00\" \/>\n<meta property=\"og:image\" content=\"https:\/\/www.electroluxprofessional.com\/hr\/wp-content\/uploads\/2021\/09\/eggplant-brownie.jpg\" \/>\n\t<meta property=\"og:image:width\" content=\"800\" \/>\n\t<meta property=\"og:image:height\" content=\"800\" \/>\n\t<meta property=\"og:image:type\" content=\"image\/jpeg\" \/>\n<meta name=\"twitter:card\" content=\"summary_large_image\" \/>\n<meta name=\"twitter:label1\" content=\"Procijenjeno vrijeme \u010ditanja\" \/>\n\t<meta name=\"twitter:data1\" content=\"3 minute\" \/>\n<script type=\"application\/ld+json\" class=\"yoast-schema-graph\">{\"@context\":\"https:\/\/schema.org\",\"@graph\":[{\"@type\":\"WebPage\",\"@id\":\"https:\/\/www.electroluxprofessional.com\/hr\/brownie-od-patlidzana\/\",\"url\":\"https:\/\/www.electroluxprofessional.com\/hr\/brownie-od-patlidzana\/\",\"name\":\"Brownie od patlid\u017eana - Electrolux Professional Hrvatska\",\"isPartOf\":{\"@id\":\"https:\/\/www.electroluxprofessional.com\/hr\/#website\"},\"primaryImageOfPage\":{\"@id\":\"https:\/\/www.electroluxprofessional.com\/hr\/brownie-od-patlidzana\/#primaryimage\"},\"image\":{\"@id\":\"https:\/\/www.electroluxprofessional.com\/hr\/brownie-od-patlidzana\/#primaryimage\"},\"thumbnailUrl\":\"https:\/\/www.electroluxprofessional.com\/hr\/wp-content\/uploads\/2021\/09\/eggplant-brownie.jpg\",\"datePublished\":\"2021-10-21T13:28:38+00:00\",\"dateModified\":\"2021-11-10T20:14:32+00:00\",\"description\":\"Nadahnite se, otkrijte recepte iz koncepta \u201eZero waste, all taste\u201c \u2013 Brownie od patlid\u017eana\",\"breadcrumb\":{\"@id\":\"https:\/\/www.electroluxprofessional.com\/hr\/brownie-od-patlidzana\/#breadcrumb\"},\"inLanguage\":\"hr\",\"potentialAction\":[{\"@type\":\"ReadAction\",\"target\":[\"https:\/\/www.electroluxprofessional.com\/hr\/brownie-od-patlidzana\/\"]}]},{\"@type\":\"ImageObject\",\"inLanguage\":\"hr\",\"@id\":\"https:\/\/www.electroluxprofessional.com\/hr\/brownie-od-patlidzana\/#primaryimage\",\"url\":\"https:\/\/www.electroluxprofessional.com\/hr\/wp-content\/uploads\/2021\/09\/eggplant-brownie.jpg\",\"contentUrl\":\"https:\/\/www.electroluxprofessional.com\/hr\/wp-content\/uploads\/2021\/09\/eggplant-brownie.jpg\",\"width\":800,\"height\":800,\"caption\":\"eggplant-brownie\"},{\"@type\":\"BreadcrumbList\",\"@id\":\"https:\/\/www.electroluxprofessional.com\/hr\/brownie-od-patlidzana\/#breadcrumb\",\"itemListElement\":[{\"@type\":\"ListItem\",\"position\":1,\"name\":\"Po\u010detna stranica\",\"item\":\"https:\/\/www.electroluxprofessional.com\/hr\/\"},{\"@type\":\"ListItem\",\"position\":2,\"name\":\"Brownie od patlid\u017eana\"}]},{\"@type\":\"WebSite\",\"@id\":\"https:\/\/www.electroluxprofessional.com\/hr\/#website\",\"url\":\"https:\/\/www.electroluxprofessional.com\/hr\/\",\"name\":\"Electrolux Professional Hrvatska\",\"description\":\"\",\"potentialAction\":[{\"@type\":\"SearchAction\",\"target\":{\"@type\":\"EntryPoint\",\"urlTemplate\":\"https:\/\/www.electroluxprofessional.com\/hr\/?src={search_term_string}\"},\"query-input\":\"required name=search_term_string\"}],\"inLanguage\":\"hr\"}]}<\/script>\n<!-- \/ Yoast SEO plugin. -->","yoast_head_json":{"title":"Brownie od patlid\u017eana - Electrolux Professional Hrvatska","description":"Nadahnite se, otkrijte recepte iz koncepta \u201eZero waste, all taste\u201c \u2013 Brownie od patlid\u017eana","robots":{"index":"index","follow":"follow","max-snippet":"max-snippet:-1","max-image-preview":"max-image-preview:large","max-video-preview":"max-video-preview:-1"},"canonical":"https:\/\/www.electroluxprofessional.com\/hr\/brownie-od-patlidzana\/","og_locale":"hr_HR","og_type":"article","og_title":"Brownie od patlid\u017eana - Electrolux Professional Hrvatska","og_description":"Nadahnite se, otkrijte recepte iz koncepta \u201eZero waste, all taste\u201c \u2013 Brownie od patlid\u017eana","og_url":"https:\/\/www.electroluxprofessional.com\/hr\/brownie-od-patlidzana\/","og_site_name":"Electrolux Professional Hrvatska","article_modified_time":"2021-11-10T20:14:32+00:00","og_image":[{"width":800,"height":800,"url":"https:\/\/www.electroluxprofessional.com\/hr\/wp-content\/uploads\/2021\/09\/eggplant-brownie.jpg","type":"image\/jpeg"}],"twitter_card":"summary_large_image","twitter_misc":{"Procijenjeno vrijeme \u010ditanja":"3 minute"},"schema":{"@context":"https:\/\/schema.org","@graph":[{"@type":"WebPage","@id":"https:\/\/www.electroluxprofessional.com\/hr\/brownie-od-patlidzana\/","url":"https:\/\/www.electroluxprofessional.com\/hr\/brownie-od-patlidzana\/","name":"Brownie od patlid\u017eana - Electrolux Professional Hrvatska","isPartOf":{"@id":"https:\/\/www.electroluxprofessional.com\/hr\/#website"},"primaryImageOfPage":{"@id":"https:\/\/www.electroluxprofessional.com\/hr\/brownie-od-patlidzana\/#primaryimage"},"image":{"@id":"https:\/\/www.electroluxprofessional.com\/hr\/brownie-od-patlidzana\/#primaryimage"},"thumbnailUrl":"https:\/\/www.electroluxprofessional.com\/hr\/wp-content\/uploads\/2021\/09\/eggplant-brownie.jpg","datePublished":"2021-10-21T13:28:38+00:00","dateModified":"2021-11-10T20:14:32+00:00","description":"Nadahnite se, otkrijte recepte iz koncepta \u201eZero waste, all taste\u201c \u2013 Brownie od patlid\u017eana","breadcrumb":{"@id":"https:\/\/www.electroluxprofessional.com\/hr\/brownie-od-patlidzana\/#breadcrumb"},"inLanguage":"hr","potentialAction":[{"@type":"ReadAction","target":["https:\/\/www.electroluxprofessional.com\/hr\/brownie-od-patlidzana\/"]}]},{"@type":"ImageObject","inLanguage":"hr","@id":"https:\/\/www.electroluxprofessional.com\/hr\/brownie-od-patlidzana\/#primaryimage","url":"https:\/\/www.electroluxprofessional.com\/hr\/wp-content\/uploads\/2021\/09\/eggplant-brownie.jpg","contentUrl":"https:\/\/www.electroluxprofessional.com\/hr\/wp-content\/uploads\/2021\/09\/eggplant-brownie.jpg","width":800,"height":800,"caption":"eggplant-brownie"},{"@type":"BreadcrumbList","@id":"https:\/\/www.electroluxprofessional.com\/hr\/brownie-od-patlidzana\/#breadcrumb","itemListElement":[{"@type":"ListItem","position":1,"name":"Po\u010detna stranica","item":"https:\/\/www.electroluxprofessional.com\/hr\/"},{"@type":"ListItem","position":2,"name":"Brownie od patlid\u017eana"}]},{"@type":"WebSite","@id":"https:\/\/www.electroluxprofessional.com\/hr\/#website","url":"https:\/\/www.electroluxprofessional.com\/hr\/","name":"Electrolux Professional Hrvatska","description":"","potentialAction":[{"@type":"SearchAction","target":{"@type":"EntryPoint","urlTemplate":"https:\/\/www.electroluxprofessional.com\/hr\/?src={search_term_string}"},"query-input":"required name=search_term_string"}],"inLanguage":"hr"}]}},"_links":{"self":[{"href":"https:\/\/www.electroluxprofessional.com\/hr\/wp-json\/wp\/v2\/pages\/115022"}],"collection":[{"href":"https:\/\/www.electroluxprofessional.com\/hr\/wp-json\/wp\/v2\/pages"}],"about":[{"href":"https:\/\/www.electroluxprofessional.com\/hr\/wp-json\/wp\/v2\/types\/page"}],"author":[{"embeddable":true,"href":"https:\/\/www.electroluxprofessional.com\/hr\/wp-json\/wp\/v2\/users\/8"}],"replies":[{"embeddable":true,"href":"https:\/\/www.electroluxprofessional.com\/hr\/wp-json\/wp\/v2\/comments?post=115022"}],"version-history":[{"count":3,"href":"https:\/\/www.electroluxprofessional.com\/hr\/wp-json\/wp\/v2\/pages\/115022\/revisions"}],"predecessor-version":[{"id":115112,"href":"https:\/\/www.electroluxprofessional.com\/hr\/wp-json\/wp\/v2\/pages\/115022\/revisions\/115112"}],"wp:featuredmedia":[{"embeddable":true,"href":"https:\/\/www.electroluxprofessional.com\/hr\/wp-json\/wp\/v2\/media\/115007"}],"wp:attachment":[{"href":"https:\/\/www.electroluxprofessional.com\/hr\/wp-json\/wp\/v2\/media?parent=115022"}],"curies":[{"name":"wp","href":"https:\/\/api.w.org\/{rel}","templated":true}]}}