{"id":115006,"date":"2021-10-21T15:27:47","date_gmt":"2021-10-21T13:27:47","guid":{"rendered":"https:\/\/www.electroluxprofessional.com\/?page_id=36915"},"modified":"2021-11-10T20:17:20","modified_gmt":"2021-11-10T20:17:20","slug":"tajlandska-juha-od-mrkve","status":"publish","type":"page","link":"https:\/\/www.electroluxprofessional.com\/hr\/tajlandska-juha-od-mrkve\/","title":{"rendered":"Tajlandska juha od mrkve"},"content":{"rendered":"<p>[vc_row full_width=&#8221;electroluxpro-full-width-no-padding&#8221;][vc_column][elx_hero_title label=&#8221;&#8221; label_background_color=&#8221;inherit&#8221; background_image=&#8221;114999&#8243;][\/elx_hero_title][\/vc_column][\/vc_row][vc_row][vc_column][vc_empty_space][\/vc_column][\/vc_row][vc_row][vc_column][vc_column_text]<\/p>\n<h3 style=\"text-align: center;\"><span style=\"color: #cea941;\">Nadahnite se, otkrijte<br \/>\nrecepte iz koncepta \u201eZero waste, all taste\u201c<br \/>\n<\/span><\/h3>\n<p>[\/vc_column_text][vc_empty_space][vc_column_text]<\/p>\n<h2 style=\"text-align: center;\">Tajlandska juha od mrkve<\/h2>\n<p>[\/vc_column_text][vc_empty_space][elx_image_block background_image=&#8221;115000&#8243; minimum_height=&#8221;350px&#8221;][vc_empty_space][\/vc_column][\/vc_row][vc_row][vc_column width=&#8221;1\/2&#8243;][elx_image_block background_image=&#8221;115001&#8243; minimum_height=&#8221;250px&#8221;][vc_empty_space height=&#8221;20px&#8221;][vc_column_text]<strong>Skuhajte na pari<\/strong> \u010ditave i neoguljene mrkve u pe\u0107nici SkyLine Premium<sup>S<\/sup>.<br \/>\nKad su gotove, mrkve <strong>ohladite<\/strong> u \u0161ok-zamrziva\u010du SkyLine Chill<sup>S<\/sup>.[\/vc_column_text][\/vc_column][vc_column width=&#8221;1\/2&#8243;][elx_image_block background_image=&#8221;115002&#8243; vert_back_position=&#8221;top&#8221; minimum_height=&#8221;250px&#8221;][vc_empty_space height=&#8221;20px&#8221;][vc_column_text]<strong>Dodajte<\/strong> oguljeni \u010de\u0161njak, \u0111umbir i u ulje u posudu te <strong>izmije\u0161ajte<\/strong> \u0161tapnim mikserom<br \/>\nSpeedy dok smjesa ne postane glatka.[\/vc_column_text][\/vc_column][\/vc_row][vc_row][vc_column][vc_empty_space][\/vc_column][\/vc_row][vc_row][vc_column width=&#8221;1\/2&#8243;][elx_image_block background_image=&#8221;115003&#8243; minimum_height=&#8221;250px&#8221;][vc_empty_space height=&#8221;20px&#8221;][vc_column_text]Mje\u0161avinu \u010de\u0161njaka i \u0111umbira <strong>stavite<\/strong> u posudu zajedno s mrkvama skuhanima na pari i kokosovim mlijekom.[\/vc_column_text][\/vc_column][vc_column width=&#8221;1\/2&#8243;][elx_image_block background_image=&#8221;115004&#8243; minimum_height=&#8221;250px&#8221;][vc_empty_space height=&#8221;20px&#8221;][vc_column_text]Posudu <strong>stavite<\/strong> na indukcijsku plo\u010du i ostavite da juha proklju\u010da.<br \/>\n<strong>Dodajte<\/strong> sol i ostale za\u010dine.<br \/>\n<strong>Kuhajte<\/strong> 30 minuta tako da juha lagano klju\u010da.[\/vc_column_text][\/vc_column][\/vc_row][vc_row][vc_column][vc_empty_space][\/vc_column][\/vc_row][vc_row][vc_column width=&#8221;1\/2&#8243;][elx_image_block background_image=&#8221;115005&#8243; minimum_height=&#8221;250px&#8221;][vc_empty_space height=&#8221;20px&#8221;][vc_column_text]Zatim <strong>izvadite<\/strong> za\u010dine i <strong>izmije\u0161ajte<\/strong> juhu \u0161tapnim mikserom Speedy dok ne postane glatka.[\/vc_column_text][\/vc_column][vc_column width=&#8221;1\/2&#8243;][elx_image_block background_image=&#8221;115000&#8243; minimum_height=&#8221;250px&#8221;][vc_empty_space height=&#8221;20px&#8221;][vc_column_text]Kako <strong>raspodijeliti<\/strong>: U jednu posudu stavite <strong><em>250 ml<\/em><\/strong> juhe. Dodatke za juhu i maslinovo ulje prilo\u017eite u zasebnoj posudi za dodatke.[\/vc_column_text][\/vc_column][\/vc_row][vc_row][vc_column][vc_empty_space][\/vc_column][\/vc_row][vc_row][vc_column][elx_button button_text=&#8221;Preuzmite recept&#8221; button_display_block=&#8221;display_block_on&#8221; button_alignment=&#8221;align_center&#8221; button_link=&#8221;url:https%3A%2F%2Fwww.electroluxprofessional.com%2Fhr%2Fwp-content%2Fuploads%2F2021%2F10%2FEPR_zero-waste_recipe-card_CARROT-soup_A4_LR.pdf||target:%20_blank|&#8221;][\/vc_column][\/vc_row][vc_row][vc_column][vc_empty_space][\/vc_column][\/vc_row][vc_row][vc_column][elx_heading text_color=&#8221;inherit&#8221; text_align=&#8221;text-center&#8221;]Pi\u0161ite nam za vi\u0161e informacija<br \/>\no konceptu \u201eZero waste, all taste\u201c[\/elx_heading][elx_o2000_contact_us r=&#8221;\u017delim saznati vi\u0161e o&#8230;&#8221; s=&#8221;Zahtjev za informacije o&#8230;&#8221; country=&#8221;Croatia&#8221; b=&#8221;food&#8221;][vc_empty_space][\/vc_column][\/vc_row]<\/p>\n","protected":false},"excerpt":{"rendered":"<p>[vc_row full_width=&#8221;electroluxpro-full-width-no-padding&#8221;][vc_column][elx_hero_title label=&#8221;&#8221; label_background_color=&#8221;inherit&#8221; background_image=&#8221;114999&#8243;][\/elx_hero_title][\/vc_column][\/vc_row][vc_row][vc_column][vc_empty_space][\/vc_column][\/vc_row][vc_row][vc_column][vc_column_text] Nadahnite se, otkrijte recepte iz koncepta \u201eZero waste, all taste\u201c [\/vc_column_text][vc_empty_space][vc_column_text] Tajlandska juha od mrkve [\/vc_column_text][vc_empty_space][elx_image_block background_image=&#8221;115000&#8243; minimum_height=&#8221;350px&#8221;][vc_empty_space][\/vc_column][\/vc_row][vc_row][vc_column width=&#8221;1\/2&#8243;][elx_image_block background_image=&#8221;115001&#8243; minimum_height=&#8221;250px&#8221;][vc_empty_space height=&#8221;20px&#8221;][vc_column_text]Skuhajte na pari \u010ditave i neoguljene mrkve u pe\u0107nici SkyLine PremiumS. Kad su gotove, mrkve ohladite u \u0161ok-zamrziva\u010du SkyLine ChillS.[\/vc_column_text][\/vc_column][vc_column width=&#8221;1\/2&#8243;][elx_image_block background_image=&#8221;115002&#8243; vert_back_position=&#8221;top&#8221; minimum_height=&#8221;250px&#8221;][vc_empty_space height=&#8221;20px&#8221;][vc_column_text]Dodajte oguljeni \u010de\u0161njak, \u0111umbir i [&hellip;]<\/p>\n","protected":false},"author":8,"featured_media":114997,"parent":0,"menu_order":0,"comment_status":"closed","ping_status":"closed","template":"","meta":{"footnotes":""},"class_list":["post-115006","page","type-page","status-publish","has-post-thumbnail","hentry"],"acf":[],"yoast_head":"<!-- This site is optimized with the Yoast SEO plugin v23.3 - https:\/\/yoast.com\/wordpress\/plugins\/seo\/ -->\n<title>Tajlandska juha od mrkve - Electrolux Professional Hrvatska<\/title>\n<meta name=\"description\" content=\"Nadahnite se, otkrijte recepte iz koncepta \u201eZero waste, all taste\u201c \u2013 Tajlandska juha od mrkve\" \/>\n<meta name=\"robots\" content=\"index, follow, max-snippet:-1, max-image-preview:large, max-video-preview:-1\" \/>\n<link rel=\"canonical\" href=\"https:\/\/www.electroluxprofessional.com\/hr\/tajlandska-juha-od-mrkve\/\" \/>\n<meta property=\"og:locale\" content=\"hr_HR\" \/>\n<meta property=\"og:type\" content=\"article\" \/>\n<meta property=\"og:title\" content=\"Tajlandska juha od mrkve - Electrolux Professional Hrvatska\" \/>\n<meta property=\"og:description\" content=\"Nadahnite se, otkrijte recepte iz koncepta \u201eZero waste, all taste\u201c \u2013 Tajlandska juha od mrkve\" \/>\n<meta property=\"og:url\" content=\"https:\/\/www.electroluxprofessional.com\/hr\/tajlandska-juha-od-mrkve\/\" \/>\n<meta property=\"og:site_name\" content=\"Electrolux Professional Hrvatska\" \/>\n<meta property=\"article:modified_time\" content=\"2021-11-10T20:17:20+00:00\" \/>\n<meta property=\"og:image\" content=\"https:\/\/www.electroluxprofessional.com\/hr\/wp-content\/uploads\/2021\/09\/carrot-soup-1.jpg\" \/>\n\t<meta property=\"og:image:width\" content=\"800\" \/>\n\t<meta property=\"og:image:height\" content=\"800\" \/>\n\t<meta property=\"og:image:type\" content=\"image\/jpeg\" \/>\n<meta name=\"twitter:card\" content=\"summary_large_image\" \/>\n<meta name=\"twitter:label1\" content=\"Procijenjeno vrijeme \u010ditanja\" \/>\n\t<meta name=\"twitter:data1\" content=\"3 minute\" \/>\n<script type=\"application\/ld+json\" class=\"yoast-schema-graph\">{\"@context\":\"https:\/\/schema.org\",\"@graph\":[{\"@type\":\"WebPage\",\"@id\":\"https:\/\/www.electroluxprofessional.com\/hr\/tajlandska-juha-od-mrkve\/\",\"url\":\"https:\/\/www.electroluxprofessional.com\/hr\/tajlandska-juha-od-mrkve\/\",\"name\":\"Tajlandska juha od mrkve - Electrolux Professional Hrvatska\",\"isPartOf\":{\"@id\":\"https:\/\/www.electroluxprofessional.com\/hr\/#website\"},\"primaryImageOfPage\":{\"@id\":\"https:\/\/www.electroluxprofessional.com\/hr\/tajlandska-juha-od-mrkve\/#primaryimage\"},\"image\":{\"@id\":\"https:\/\/www.electroluxprofessional.com\/hr\/tajlandska-juha-od-mrkve\/#primaryimage\"},\"thumbnailUrl\":\"https:\/\/www.electroluxprofessional.com\/hr\/wp-content\/uploads\/2021\/09\/carrot-soup-1.jpg\",\"datePublished\":\"2021-10-21T13:27:47+00:00\",\"dateModified\":\"2021-11-10T20:17:20+00:00\",\"description\":\"Nadahnite se, otkrijte recepte iz koncepta \u201eZero waste, all taste\u201c \u2013 Tajlandska juha od mrkve\",\"breadcrumb\":{\"@id\":\"https:\/\/www.electroluxprofessional.com\/hr\/tajlandska-juha-od-mrkve\/#breadcrumb\"},\"inLanguage\":\"hr\",\"potentialAction\":[{\"@type\":\"ReadAction\",\"target\":[\"https:\/\/www.electroluxprofessional.com\/hr\/tajlandska-juha-od-mrkve\/\"]}]},{\"@type\":\"ImageObject\",\"inLanguage\":\"hr\",\"@id\":\"https:\/\/www.electroluxprofessional.com\/hr\/tajlandska-juha-od-mrkve\/#primaryimage\",\"url\":\"https:\/\/www.electroluxprofessional.com\/hr\/wp-content\/uploads\/2021\/09\/carrot-soup-1.jpg\",\"contentUrl\":\"https:\/\/www.electroluxprofessional.com\/hr\/wp-content\/uploads\/2021\/09\/carrot-soup-1.jpg\",\"width\":800,\"height\":800,\"caption\":\"carrot-soup\"},{\"@type\":\"BreadcrumbList\",\"@id\":\"https:\/\/www.electroluxprofessional.com\/hr\/tajlandska-juha-od-mrkve\/#breadcrumb\",\"itemListElement\":[{\"@type\":\"ListItem\",\"position\":1,\"name\":\"Po\u010detna stranica\",\"item\":\"https:\/\/www.electroluxprofessional.com\/hr\/\"},{\"@type\":\"ListItem\",\"position\":2,\"name\":\"Tajlandska juha od mrkve\"}]},{\"@type\":\"WebSite\",\"@id\":\"https:\/\/www.electroluxprofessional.com\/hr\/#website\",\"url\":\"https:\/\/www.electroluxprofessional.com\/hr\/\",\"name\":\"Electrolux Professional Hrvatska\",\"description\":\"\",\"potentialAction\":[{\"@type\":\"SearchAction\",\"target\":{\"@type\":\"EntryPoint\",\"urlTemplate\":\"https:\/\/www.electroluxprofessional.com\/hr\/?src={search_term_string}\"},\"query-input\":\"required name=search_term_string\"}],\"inLanguage\":\"hr\"}]}<\/script>\n<!-- \/ Yoast SEO plugin. -->","yoast_head_json":{"title":"Tajlandska juha od mrkve - Electrolux Professional Hrvatska","description":"Nadahnite se, otkrijte recepte iz koncepta \u201eZero waste, all taste\u201c \u2013 Tajlandska juha od mrkve","robots":{"index":"index","follow":"follow","max-snippet":"max-snippet:-1","max-image-preview":"max-image-preview:large","max-video-preview":"max-video-preview:-1"},"canonical":"https:\/\/www.electroluxprofessional.com\/hr\/tajlandska-juha-od-mrkve\/","og_locale":"hr_HR","og_type":"article","og_title":"Tajlandska juha od mrkve - Electrolux Professional Hrvatska","og_description":"Nadahnite se, otkrijte recepte iz koncepta \u201eZero waste, all taste\u201c \u2013 Tajlandska juha od mrkve","og_url":"https:\/\/www.electroluxprofessional.com\/hr\/tajlandska-juha-od-mrkve\/","og_site_name":"Electrolux Professional Hrvatska","article_modified_time":"2021-11-10T20:17:20+00:00","og_image":[{"width":800,"height":800,"url":"https:\/\/www.electroluxprofessional.com\/hr\/wp-content\/uploads\/2021\/09\/carrot-soup-1.jpg","type":"image\/jpeg"}],"twitter_card":"summary_large_image","twitter_misc":{"Procijenjeno vrijeme \u010ditanja":"3 minute"},"schema":{"@context":"https:\/\/schema.org","@graph":[{"@type":"WebPage","@id":"https:\/\/www.electroluxprofessional.com\/hr\/tajlandska-juha-od-mrkve\/","url":"https:\/\/www.electroluxprofessional.com\/hr\/tajlandska-juha-od-mrkve\/","name":"Tajlandska juha od mrkve - Electrolux Professional Hrvatska","isPartOf":{"@id":"https:\/\/www.electroluxprofessional.com\/hr\/#website"},"primaryImageOfPage":{"@id":"https:\/\/www.electroluxprofessional.com\/hr\/tajlandska-juha-od-mrkve\/#primaryimage"},"image":{"@id":"https:\/\/www.electroluxprofessional.com\/hr\/tajlandska-juha-od-mrkve\/#primaryimage"},"thumbnailUrl":"https:\/\/www.electroluxprofessional.com\/hr\/wp-content\/uploads\/2021\/09\/carrot-soup-1.jpg","datePublished":"2021-10-21T13:27:47+00:00","dateModified":"2021-11-10T20:17:20+00:00","description":"Nadahnite se, otkrijte recepte iz koncepta \u201eZero waste, all taste\u201c \u2013 Tajlandska juha od mrkve","breadcrumb":{"@id":"https:\/\/www.electroluxprofessional.com\/hr\/tajlandska-juha-od-mrkve\/#breadcrumb"},"inLanguage":"hr","potentialAction":[{"@type":"ReadAction","target":["https:\/\/www.electroluxprofessional.com\/hr\/tajlandska-juha-od-mrkve\/"]}]},{"@type":"ImageObject","inLanguage":"hr","@id":"https:\/\/www.electroluxprofessional.com\/hr\/tajlandska-juha-od-mrkve\/#primaryimage","url":"https:\/\/www.electroluxprofessional.com\/hr\/wp-content\/uploads\/2021\/09\/carrot-soup-1.jpg","contentUrl":"https:\/\/www.electroluxprofessional.com\/hr\/wp-content\/uploads\/2021\/09\/carrot-soup-1.jpg","width":800,"height":800,"caption":"carrot-soup"},{"@type":"BreadcrumbList","@id":"https:\/\/www.electroluxprofessional.com\/hr\/tajlandska-juha-od-mrkve\/#breadcrumb","itemListElement":[{"@type":"ListItem","position":1,"name":"Po\u010detna stranica","item":"https:\/\/www.electroluxprofessional.com\/hr\/"},{"@type":"ListItem","position":2,"name":"Tajlandska juha od mrkve"}]},{"@type":"WebSite","@id":"https:\/\/www.electroluxprofessional.com\/hr\/#website","url":"https:\/\/www.electroluxprofessional.com\/hr\/","name":"Electrolux Professional Hrvatska","description":"","potentialAction":[{"@type":"SearchAction","target":{"@type":"EntryPoint","urlTemplate":"https:\/\/www.electroluxprofessional.com\/hr\/?src={search_term_string}"},"query-input":"required name=search_term_string"}],"inLanguage":"hr"}]}},"_links":{"self":[{"href":"https:\/\/www.electroluxprofessional.com\/hr\/wp-json\/wp\/v2\/pages\/115006"}],"collection":[{"href":"https:\/\/www.electroluxprofessional.com\/hr\/wp-json\/wp\/v2\/pages"}],"about":[{"href":"https:\/\/www.electroluxprofessional.com\/hr\/wp-json\/wp\/v2\/types\/page"}],"author":[{"embeddable":true,"href":"https:\/\/www.electroluxprofessional.com\/hr\/wp-json\/wp\/v2\/users\/8"}],"replies":[{"embeddable":true,"href":"https:\/\/www.electroluxprofessional.com\/hr\/wp-json\/wp\/v2\/comments?post=115006"}],"version-history":[{"count":2,"href":"https:\/\/www.electroluxprofessional.com\/hr\/wp-json\/wp\/v2\/pages\/115006\/revisions"}],"predecessor-version":[{"id":115072,"href":"https:\/\/www.electroluxprofessional.com\/hr\/wp-json\/wp\/v2\/pages\/115006\/revisions\/115072"}],"wp:featuredmedia":[{"embeddable":true,"href":"https:\/\/www.electroluxprofessional.com\/hr\/wp-json\/wp\/v2\/media\/114997"}],"wp:attachment":[{"href":"https:\/\/www.electroluxprofessional.com\/hr\/wp-json\/wp\/v2\/media?parent=115006"}],"curies":[{"name":"wp","href":"https:\/\/api.w.org\/{rel}","templated":true}]}}