{"id":114988,"date":"2021-10-21T12:57:15","date_gmt":"2021-10-21T10:57:15","guid":{"rendered":"https:\/\/www.electroluxprofessional.com\/?page_id=36904"},"modified":"2021-11-10T23:06:57","modified_gmt":"2021-11-10T23:06:57","slug":"cips-od-mrkve","status":"publish","type":"page","link":"https:\/\/www.electroluxprofessional.com\/hr\/cips-od-mrkve\/","title":{"rendered":"\u010cips od mrkve"},"content":{"rendered":"<p>[vc_row full_width=&#8221;electroluxpro-full-width-no-padding&#8221;][vc_column][elx_hero_title label=&#8221;&#8221; label_background_color=&#8221;inherit&#8221; background_image=&#8221;114983&#8243;][\/elx_hero_title][\/vc_column][\/vc_row][vc_row][vc_column][vc_empty_space][\/vc_column][\/vc_row][vc_row][vc_column][vc_column_text]<\/p>\n<h3 style=\"text-align: center;\"><span style=\"color: #cea941;\">Nadahnite se, otkrijte<br \/>\nrecepte iz koncepta \u201eZero waste, all taste\u201c<br \/>\n<\/span><\/h3>\n<p>[\/vc_column_text][vc_empty_space][vc_column_text]<\/p>\n<h2 style=\"text-align: center;\">\u010cips od mrkve<\/h2>\n<p>[\/vc_column_text][vc_empty_space][elx_image_block background_image=&#8221;114982&#8243; minimum_height=&#8221;350px&#8221;][vc_empty_space][\/vc_column][\/vc_row][vc_row][vc_column width=&#8221;1\/2&#8243;][elx_image_block background_image=&#8221;114984&#8243; vert_back_position=&#8221;top&#8221; minimum_height=&#8221;300px&#8221;][vc_empty_space height=&#8221;20px&#8221;][vc_column_text]Mrkvu <strong>nare\u017eite<\/strong> reza\u010dem povr\u0107a TRS.<br \/>\nNajprije nasjeckajte bijelu mrkvu, zatim \u017eutu, naran\u010dastu i naposljetku ljubi\u010dastu, tim redoslijedom.<br \/>\n<em>Pazite da se boje ne pomije\u0161aju.<\/em>[\/vc_column_text][\/vc_column][vc_column width=&#8221;1\/2&#8243;][elx_image_block background_image=&#8221;114985&#8243; minimum_height=&#8221;300px&#8221;][vc_empty_space height=&#8221;20px&#8221;][vc_column_text]Univerzalne posude za pe\u010denje <strong>prekrijte<\/strong> papirom za pe\u010denje.<br \/>\nMrkvu <strong>poslo\u017eite<\/strong> na papir za pe\u010denje i dodajte sljede\u0107e za\u010dine:<br \/>\n\u0161e\u0107er \u2022 sol \u2022 maslinovo ulje \u2022 \u0111umbir \u2022 koru od naran\u010de \u2022 koru od limuna \u2022 ru\u017emarin \u2022 maj\u010dinu du\u0161icu \u2022 kadulju\u2022 \u010de\u0161njak<br \/>\nDobro <strong>izmije\u0161ajte<\/strong>.[\/vc_column_text][\/vc_column][\/vc_row][vc_row][vc_column][vc_empty_space][\/vc_column][\/vc_row][vc_row][vc_column width=&#8221;1\/2&#8243;][vc_row_inner][vc_column_inner width=&#8221;1\/2&#8243; css=&#8221;.vc_custom_1634743394164{margin-right: 0px !important;padding-right: 0px !important;}&#8221;][elx_image_block background_image=&#8221;114986&#8243; vert_back_position=&#8221;top&#8221; minimum_height=&#8221;300px&#8221;][\/vc_column_inner][vc_column_inner width=&#8221;1\/2&#8243; css=&#8221;.vc_custom_1634743409881{margin-left: 0px !important;padding-left: 0px !important;}&#8221;][elx_image_block background_image=&#8221;114987&#8243; vert_back_position=&#8221;top&#8221; minimum_height=&#8221;300px&#8221;][\/vc_column_inner][\/vc_row_inner][vc_empty_space height=&#8221;20px&#8221;][vc_column_text]<strong>Osu\u0161ite<\/strong> mrkvu u pe\u0107nici SkyLine Premium<sup>S<\/sup>.<br \/>\nKad je mrkva gotova, <strong>uklonite<\/strong> sljede\u0107e sastojke:<br \/>\n\u0111umbir \u2022 koru od naran\u010de \u2022 koru od limuna \u2022 maj\u010dinu du\u0161icu \u2022 kadulju\u2022 \u010de\u0161njak[\/vc_column_text][\/vc_column][vc_column width=&#8221;1\/2&#8243;][elx_image_block background_image=&#8221;114982&#8243; minimum_height=&#8221;300px&#8221;][vc_empty_space height=&#8221;20px&#8221;][vc_column_text]Kako <strong>raspodijeliti<\/strong>:<br \/>\n<strong><em>30 g<\/em><\/strong> \u010dipsa po pakiranju.[\/vc_column_text][\/vc_column][\/vc_row][vc_row][vc_column][vc_empty_space][\/vc_column][\/vc_row][vc_row][vc_column][elx_button button_text=&#8221;Preuzmite recept&#8221; button_display_block=&#8221;display_block_on&#8221; button_alignment=&#8221;align_center&#8221; button_link=&#8221;url:https%3A%2F%2Fwww.electroluxprofessional.com%2Fhr%2Fwp-content%2Fuploads%2F2021%2F10%2FEPR_zero-waste_recipe-card_CARROT-chips_A4_LR.pdf||target:%20_blank|&#8221;][\/vc_column][\/vc_row][vc_row][vc_column][vc_empty_space][\/vc_column][\/vc_row][vc_row][vc_column][elx_heading text_color=&#8221;inherit&#8221; text_align=&#8221;text-center&#8221;]Pi\u0161ite nam za vi\u0161e informacija<br \/>\no konceptu \u201eZero waste, all taste\u201c[\/elx_heading][elx_o2000_contact_us r=&#8221;\u017delim saznati vi\u0161e o&#8230;&#8221; s=&#8221;Zahtjev za informacije o&#8230;&#8221; country=&#8221;Croatia&#8221; b=&#8221;food&#8221;][vc_empty_space][\/vc_column][\/vc_row]<\/p>\n","protected":false},"excerpt":{"rendered":"<p>[vc_row full_width=&#8221;electroluxpro-full-width-no-padding&#8221;][vc_column][elx_hero_title label=&#8221;&#8221; label_background_color=&#8221;inherit&#8221; background_image=&#8221;114983&#8243;][\/elx_hero_title][\/vc_column][\/vc_row][vc_row][vc_column][vc_empty_space][\/vc_column][\/vc_row][vc_row][vc_column][vc_column_text] Nadahnite se, otkrijte recepte iz koncepta \u201eZero waste, all taste\u201c [\/vc_column_text][vc_empty_space][vc_column_text] \u010cips od mrkve [\/vc_column_text][vc_empty_space][elx_image_block background_image=&#8221;114982&#8243; minimum_height=&#8221;350px&#8221;][vc_empty_space][\/vc_column][\/vc_row][vc_row][vc_column width=&#8221;1\/2&#8243;][elx_image_block background_image=&#8221;114984&#8243; vert_back_position=&#8221;top&#8221; minimum_height=&#8221;300px&#8221;][vc_empty_space height=&#8221;20px&#8221;][vc_column_text]Mrkvu nare\u017eite reza\u010dem povr\u0107a TRS. Najprije nasjeckajte bijelu mrkvu, zatim \u017eutu, naran\u010dastu i naposljetku ljubi\u010dastu, tim redoslijedom. Pazite da se boje ne pomije\u0161aju.[\/vc_column_text][\/vc_column][vc_column width=&#8221;1\/2&#8243;][elx_image_block background_image=&#8221;114985&#8243; minimum_height=&#8221;300px&#8221;][vc_empty_space height=&#8221;20px&#8221;][vc_column_text]Univerzalne posude za [&hellip;]<\/p>\n","protected":false},"author":8,"featured_media":114982,"parent":0,"menu_order":0,"comment_status":"closed","ping_status":"closed","template":"","meta":{"footnotes":""},"class_list":["post-114988","page","type-page","status-publish","has-post-thumbnail","hentry"],"acf":[],"yoast_head":"<!-- This site is optimized with the Yoast SEO plugin v23.3 - https:\/\/yoast.com\/wordpress\/plugins\/seo\/ -->\n<title>\u010cips od mrkve - Electrolux Professional Hrvatska<\/title>\n<meta name=\"description\" content=\"Nadahnite se, otkrijte recepte iz koncepta \u201eZero waste, all taste\u201c \u2013 \u010cips od mrkve\" \/>\n<meta name=\"robots\" content=\"index, follow, max-snippet:-1, max-image-preview:large, max-video-preview:-1\" \/>\n<link rel=\"canonical\" href=\"https:\/\/www.electroluxprofessional.com\/hr\/cips-od-mrkve\/\" \/>\n<meta property=\"og:locale\" content=\"hr_HR\" \/>\n<meta property=\"og:type\" content=\"article\" \/>\n<meta property=\"og:title\" content=\"\u010cips od mrkve - Electrolux Professional Hrvatska\" \/>\n<meta property=\"og:description\" content=\"Nadahnite se, otkrijte recepte iz koncepta \u201eZero waste, all taste\u201c \u2013 \u010cips od mrkve\" \/>\n<meta property=\"og:url\" content=\"https:\/\/www.electroluxprofessional.com\/hr\/cips-od-mrkve\/\" \/>\n<meta property=\"og:site_name\" content=\"Electrolux Professional Hrvatska\" \/>\n<meta property=\"article:modified_time\" content=\"2021-11-10T23:06:57+00:00\" \/>\n<meta property=\"og:image\" content=\"https:\/\/www.electroluxprofessional.com\/hr\/wp-content\/uploads\/2021\/10\/91B9863_cmyk.jpg\" \/>\n\t<meta property=\"og:image:width\" content=\"1200\" \/>\n\t<meta property=\"og:image:height\" content=\"800\" \/>\n\t<meta property=\"og:image:type\" content=\"image\/jpeg\" \/>\n<meta name=\"twitter:card\" content=\"summary_large_image\" \/>\n<meta name=\"twitter:label1\" content=\"Procijenjeno vrijeme \u010ditanja\" \/>\n\t<meta name=\"twitter:data1\" content=\"2 minute\" \/>\n<script type=\"application\/ld+json\" class=\"yoast-schema-graph\">{\"@context\":\"https:\/\/schema.org\",\"@graph\":[{\"@type\":\"WebPage\",\"@id\":\"https:\/\/www.electroluxprofessional.com\/hr\/cips-od-mrkve\/\",\"url\":\"https:\/\/www.electroluxprofessional.com\/hr\/cips-od-mrkve\/\",\"name\":\"\u010cips od mrkve - Electrolux Professional Hrvatska\",\"isPartOf\":{\"@id\":\"https:\/\/www.electroluxprofessional.com\/hr\/#website\"},\"primaryImageOfPage\":{\"@id\":\"https:\/\/www.electroluxprofessional.com\/hr\/cips-od-mrkve\/#primaryimage\"},\"image\":{\"@id\":\"https:\/\/www.electroluxprofessional.com\/hr\/cips-od-mrkve\/#primaryimage\"},\"thumbnailUrl\":\"https:\/\/www.electroluxprofessional.com\/hr\/wp-content\/uploads\/2021\/10\/91B9863_cmyk.jpg\",\"datePublished\":\"2021-10-21T10:57:15+00:00\",\"dateModified\":\"2021-11-10T23:06:57+00:00\",\"description\":\"Nadahnite se, otkrijte recepte iz koncepta \u201eZero waste, all taste\u201c \u2013 \u010cips od mrkve\",\"breadcrumb\":{\"@id\":\"https:\/\/www.electroluxprofessional.com\/hr\/cips-od-mrkve\/#breadcrumb\"},\"inLanguage\":\"hr\",\"potentialAction\":[{\"@type\":\"ReadAction\",\"target\":[\"https:\/\/www.electroluxprofessional.com\/hr\/cips-od-mrkve\/\"]}]},{\"@type\":\"ImageObject\",\"inLanguage\":\"hr\",\"@id\":\"https:\/\/www.electroluxprofessional.com\/hr\/cips-od-mrkve\/#primaryimage\",\"url\":\"https:\/\/www.electroluxprofessional.com\/hr\/wp-content\/uploads\/2021\/10\/91B9863_cmyk.jpg\",\"contentUrl\":\"https:\/\/www.electroluxprofessional.com\/hr\/wp-content\/uploads\/2021\/10\/91B9863_cmyk.jpg\",\"width\":1200,\"height\":800,\"caption\":\"_91B9863_cmyk\"},{\"@type\":\"BreadcrumbList\",\"@id\":\"https:\/\/www.electroluxprofessional.com\/hr\/cips-od-mrkve\/#breadcrumb\",\"itemListElement\":[{\"@type\":\"ListItem\",\"position\":1,\"name\":\"Po\u010detna stranica\",\"item\":\"https:\/\/www.electroluxprofessional.com\/hr\/\"},{\"@type\":\"ListItem\",\"position\":2,\"name\":\"\u010cips od mrkve\"}]},{\"@type\":\"WebSite\",\"@id\":\"https:\/\/www.electroluxprofessional.com\/hr\/#website\",\"url\":\"https:\/\/www.electroluxprofessional.com\/hr\/\",\"name\":\"Electrolux Professional Hrvatska\",\"description\":\"\",\"potentialAction\":[{\"@type\":\"SearchAction\",\"target\":{\"@type\":\"EntryPoint\",\"urlTemplate\":\"https:\/\/www.electroluxprofessional.com\/hr\/?src={search_term_string}\"},\"query-input\":\"required name=search_term_string\"}],\"inLanguage\":\"hr\"}]}<\/script>\n<!-- \/ Yoast SEO plugin. -->","yoast_head_json":{"title":"\u010cips od mrkve - Electrolux Professional Hrvatska","description":"Nadahnite se, otkrijte recepte iz koncepta \u201eZero waste, all taste\u201c \u2013 \u010cips od mrkve","robots":{"index":"index","follow":"follow","max-snippet":"max-snippet:-1","max-image-preview":"max-image-preview:large","max-video-preview":"max-video-preview:-1"},"canonical":"https:\/\/www.electroluxprofessional.com\/hr\/cips-od-mrkve\/","og_locale":"hr_HR","og_type":"article","og_title":"\u010cips od mrkve - Electrolux Professional Hrvatska","og_description":"Nadahnite se, otkrijte recepte iz koncepta \u201eZero waste, all taste\u201c \u2013 \u010cips od mrkve","og_url":"https:\/\/www.electroluxprofessional.com\/hr\/cips-od-mrkve\/","og_site_name":"Electrolux Professional Hrvatska","article_modified_time":"2021-11-10T23:06:57+00:00","og_image":[{"width":1200,"height":800,"url":"https:\/\/www.electroluxprofessional.com\/hr\/wp-content\/uploads\/2021\/10\/91B9863_cmyk.jpg","type":"image\/jpeg"}],"twitter_card":"summary_large_image","twitter_misc":{"Procijenjeno vrijeme \u010ditanja":"2 minute"},"schema":{"@context":"https:\/\/schema.org","@graph":[{"@type":"WebPage","@id":"https:\/\/www.electroluxprofessional.com\/hr\/cips-od-mrkve\/","url":"https:\/\/www.electroluxprofessional.com\/hr\/cips-od-mrkve\/","name":"\u010cips od mrkve - Electrolux Professional Hrvatska","isPartOf":{"@id":"https:\/\/www.electroluxprofessional.com\/hr\/#website"},"primaryImageOfPage":{"@id":"https:\/\/www.electroluxprofessional.com\/hr\/cips-od-mrkve\/#primaryimage"},"image":{"@id":"https:\/\/www.electroluxprofessional.com\/hr\/cips-od-mrkve\/#primaryimage"},"thumbnailUrl":"https:\/\/www.electroluxprofessional.com\/hr\/wp-content\/uploads\/2021\/10\/91B9863_cmyk.jpg","datePublished":"2021-10-21T10:57:15+00:00","dateModified":"2021-11-10T23:06:57+00:00","description":"Nadahnite se, otkrijte recepte iz koncepta \u201eZero waste, all taste\u201c \u2013 \u010cips od mrkve","breadcrumb":{"@id":"https:\/\/www.electroluxprofessional.com\/hr\/cips-od-mrkve\/#breadcrumb"},"inLanguage":"hr","potentialAction":[{"@type":"ReadAction","target":["https:\/\/www.electroluxprofessional.com\/hr\/cips-od-mrkve\/"]}]},{"@type":"ImageObject","inLanguage":"hr","@id":"https:\/\/www.electroluxprofessional.com\/hr\/cips-od-mrkve\/#primaryimage","url":"https:\/\/www.electroluxprofessional.com\/hr\/wp-content\/uploads\/2021\/10\/91B9863_cmyk.jpg","contentUrl":"https:\/\/www.electroluxprofessional.com\/hr\/wp-content\/uploads\/2021\/10\/91B9863_cmyk.jpg","width":1200,"height":800,"caption":"_91B9863_cmyk"},{"@type":"BreadcrumbList","@id":"https:\/\/www.electroluxprofessional.com\/hr\/cips-od-mrkve\/#breadcrumb","itemListElement":[{"@type":"ListItem","position":1,"name":"Po\u010detna stranica","item":"https:\/\/www.electroluxprofessional.com\/hr\/"},{"@type":"ListItem","position":2,"name":"\u010cips od mrkve"}]},{"@type":"WebSite","@id":"https:\/\/www.electroluxprofessional.com\/hr\/#website","url":"https:\/\/www.electroluxprofessional.com\/hr\/","name":"Electrolux Professional Hrvatska","description":"","potentialAction":[{"@type":"SearchAction","target":{"@type":"EntryPoint","urlTemplate":"https:\/\/www.electroluxprofessional.com\/hr\/?src={search_term_string}"},"query-input":"required name=search_term_string"}],"inLanguage":"hr"}]}},"_links":{"self":[{"href":"https:\/\/www.electroluxprofessional.com\/hr\/wp-json\/wp\/v2\/pages\/114988"}],"collection":[{"href":"https:\/\/www.electroluxprofessional.com\/hr\/wp-json\/wp\/v2\/pages"}],"about":[{"href":"https:\/\/www.electroluxprofessional.com\/hr\/wp-json\/wp\/v2\/types\/page"}],"author":[{"embeddable":true,"href":"https:\/\/www.electroluxprofessional.com\/hr\/wp-json\/wp\/v2\/users\/8"}],"replies":[{"embeddable":true,"href":"https:\/\/www.electroluxprofessional.com\/hr\/wp-json\/wp\/v2\/comments?post=114988"}],"version-history":[{"count":3,"href":"https:\/\/www.electroluxprofessional.com\/hr\/wp-json\/wp\/v2\/pages\/114988\/revisions"}],"predecessor-version":[{"id":115114,"href":"https:\/\/www.electroluxprofessional.com\/hr\/wp-json\/wp\/v2\/pages\/114988\/revisions\/115114"}],"wp:featuredmedia":[{"embeddable":true,"href":"https:\/\/www.electroluxprofessional.com\/hr\/wp-json\/wp\/v2\/media\/114982"}],"wp:attachment":[{"href":"https:\/\/www.electroluxprofessional.com\/hr\/wp-json\/wp\/v2\/media?parent=114988"}],"curies":[{"name":"wp","href":"https:\/\/api.w.org\/{rel}","templated":true}]}}