{"id":114979,"date":"2021-10-21T12:57:28","date_gmt":"2021-10-21T10:57:28","guid":{"rendered":"https:\/\/www.electroluxprofessional.com\/?page_id=36884"},"modified":"2021-11-10T20:19:09","modified_gmt":"2021-11-10T20:19:09","slug":"keksi-od-banane","status":"publish","type":"page","link":"https:\/\/www.electroluxprofessional.com\/hr\/keksi-od-banane\/","title":{"rendered":"Keksi od banane"},"content":{"rendered":"<p>[vc_row full_width=&#8221;electroluxpro-full-width-no-padding&#8221;][vc_column][elx_hero_title label=&#8221;&#8221; label_background_color=&#8221;inherit&#8221; background_image=&#8221;114971&#8243;][\/elx_hero_title][\/vc_column][\/vc_row][vc_row][vc_column][vc_empty_space][\/vc_column][\/vc_row][vc_row][vc_column][vc_column_text]<\/p>\n<h3 style=\"text-align: center;\"><span style=\"color: #cea941;\">Nadahnite se, otkrijte<br \/>\nrecepte iz koncepta \u201eZero waste, all taste\u201c<br \/>\n<\/span><\/h3>\n<p>[\/vc_column_text][vc_empty_space][vc_column_text]<\/p>\n<h2 style=\"text-align: center;\">Keksi od banane<\/h2>\n<p>[\/vc_column_text][vc_empty_space][elx_image_block background_image=&#8221;114972&#8243; minimum_height=&#8221;350px&#8221;][vc_empty_space][\/vc_column][\/vc_row][vc_row][vc_column width=&#8221;1\/2&#8243;][elx_image_block background_image=&#8221;114973&#8243; vert_back_position=&#8221;top&#8221; minimum_height=&#8221;250px&#8221;][vc_empty_space height=&#8221;20px&#8221;][vc_column_text]U kuteru \/ prera\u0111iva\u010du hrane K55 <strong>izmije\u0161ajte<\/strong> bademe, gro\u017e\u0111ice i datulje koriste\u0107i se \u201e<em><strong>funkcijom pulsiranja<\/strong><\/em>\u201c na \u201e<strong><em>brzini 10<\/em><\/strong>\u201c u trajanju nekoliko sekundi tako da se u mje\u0161avini jo\u0161 uvijek vide komadi\u0107i.<br \/>\nUklonite smjesu iz posude i odlo\u017eite sa strane.[\/vc_column_text][\/vc_column][vc_column width=&#8221;1\/2&#8243;][elx_image_block background_image=&#8221;114974&#8243; vert_back_position=&#8221;top&#8221; minimum_height=&#8221;250px&#8221;][vc_empty_space height=&#8221;20px&#8221;][vc_column_text]U kuteru \/ prera\u0111iva\u010du hrane K55 <strong>izmije\u0161ajte<\/strong> banane s cimetom koriste\u0107i se \u201e<strong><em>funkcijom pulsiranja<\/em><\/strong>\u201c na \u201e<strong><em>brzini 10<\/em><\/strong>\u201c sve dok smjesa ne postane glatka.[\/vc_column_text][\/vc_column][\/vc_row][vc_row][vc_column][vc_empty_space][\/vc_column][\/vc_row][vc_row][vc_column width=&#8221;1\/2&#8243;][elx_image_block background_image=&#8221;114975&#8243; vert_back_position=&#8221;top&#8221; minimum_height=&#8221;250px&#8221;][vc_empty_space height=&#8221;20px&#8221;][vc_column_text]Zatim smjesi od banane <strong>dodajte<\/strong>:<br \/>\n\u2013 mje\u0161avinu od badema (1)<br \/>\n\u2013 zobene pahuljice<br \/>\n\u2013 listi\u0107e kokosa.<br \/>\n<strong>Mije\u0161ajte<\/strong> na \u201e<strong><em>brzini 1<\/em><\/strong>\u201c dok smjesa ne postane ujedna\u010dena.<\/p>\n<p>Smjesu nemojte predugo mije\u0161ati.[\/vc_column_text][\/vc_column][vc_column width=&#8221;1\/2&#8243;][vc_row_inner][vc_column_inner width=&#8221;1\/2&#8243; css=&#8221;.vc_custom_1634743394164{margin-right: 0px !important;padding-right: 0px !important;}&#8221;][elx_image_block background_image=&#8221;114976&#8243; vert_back_position=&#8221;top&#8221; minimum_height=&#8221;250px&#8221;][\/vc_column_inner][vc_column_inner width=&#8221;1\/2&#8243; css=&#8221;.vc_custom_1634743409881{margin-left: 0px !important;padding-left: 0px !important;}&#8221;][elx_image_block background_image=&#8221;114977&#8243; vert_back_position=&#8221;top&#8221; minimum_height=&#8221;250px&#8221;][\/vc_column_inner][\/vc_row_inner][vc_empty_space height=&#8221;20px&#8221;][vc_column_text]Upotrijebite grabilicu za sladoled za <strong>oblikovanje <\/strong>kuglica.<br \/>\n<strong>Posipajte<\/strong> kuglice mje\u0161avinom kokosa i zobenih pahuljica.<br \/>\n<strong>-&gt; Spljo\u0161tite<\/strong> kuglice.[\/vc_column_text][\/vc_column][\/vc_row][vc_row][vc_column][vc_empty_space][\/vc_column][\/vc_row][vc_row][vc_column width=&#8221;1\/2&#8243;][elx_image_block background_image=&#8221;114978&#8243; minimum_height=&#8221;250px&#8221;][vc_empty_space height=&#8221;20px&#8221;][vc_column_text]<strong>Ispecite<\/strong> ih u pe\u0107nici SkyLine Premium<sup>S<\/sup>.[\/vc_column_text][\/vc_column][vc_column width=&#8221;1\/2&#8243;][elx_image_block background_image=&#8221;114972&#8243; minimum_height=&#8221;250px&#8221;][vc_empty_space height=&#8221;20px&#8221;][vc_column_text]Kako <strong>raspodijeliti<\/strong>:<br \/>\n<strong><em>8 keksa<\/em><\/strong> po pakiranju.[\/vc_column_text][\/vc_column][\/vc_row][vc_row][vc_column][vc_empty_space][\/vc_column][\/vc_row][vc_row][vc_column][elx_button button_text=&#8221;Preuzmite recept&#8221; button_display_block=&#8221;display_block_on&#8221; button_alignment=&#8221;align_center&#8221; button_link=&#8221;url:https%3A%2F%2Fwww.electroluxprofessional.com%2Fhr%2Fwp-content%2Fuploads%2F2021%2F10%2FEPR_zero-waste_recipe-card_BANANA_cookies_A4_LR.pdf||target:%20_blank|&#8221;][\/vc_column][\/vc_row][vc_row][vc_column][vc_empty_space][\/vc_column][\/vc_row][vc_row][vc_column][elx_heading text_color=&#8221;inherit&#8221; text_align=&#8221;text-center&#8221;]Pi\u0161ite nam za vi\u0161e informacija<br \/>\no konceptu \u201eZero waste, all taste\u201c[\/elx_heading][elx_o2000_contact_us r=&#8221;\u017delim saznati vi\u0161e o&#8230;&#8221; s=&#8221;Zahtjev za informacije o&#8230;&#8221; country=&#8221;Croatia&#8221; b=&#8221;food&#8221;][vc_empty_space][\/vc_column][\/vc_row]<\/p>\n","protected":false},"excerpt":{"rendered":"<p>[vc_row full_width=&#8221;electroluxpro-full-width-no-padding&#8221;][vc_column][elx_hero_title label=&#8221;&#8221; label_background_color=&#8221;inherit&#8221; background_image=&#8221;114971&#8243;][\/elx_hero_title][\/vc_column][\/vc_row][vc_row][vc_column][vc_empty_space][\/vc_column][\/vc_row][vc_row][vc_column][vc_column_text] Nadahnite se, otkrijte recepte iz koncepta \u201eZero waste, all taste\u201c [\/vc_column_text][vc_empty_space][vc_column_text] Keksi od banane [\/vc_column_text][vc_empty_space][elx_image_block background_image=&#8221;114972&#8243; minimum_height=&#8221;350px&#8221;][vc_empty_space][\/vc_column][\/vc_row][vc_row][vc_column width=&#8221;1\/2&#8243;][elx_image_block background_image=&#8221;114973&#8243; vert_back_position=&#8221;top&#8221; minimum_height=&#8221;250px&#8221;][vc_empty_space height=&#8221;20px&#8221;][vc_column_text]U kuteru \/ prera\u0111iva\u010du hrane K55 izmije\u0161ajte bademe, gro\u017e\u0111ice i datulje koriste\u0107i se \u201efunkcijom pulsiranja\u201c na \u201ebrzini 10\u201c u trajanju nekoliko sekundi tako da se u mje\u0161avini jo\u0161 uvijek [&hellip;]<\/p>\n","protected":false},"author":8,"featured_media":114970,"parent":0,"menu_order":0,"comment_status":"closed","ping_status":"closed","template":"","meta":{"footnotes":""},"class_list":["post-114979","page","type-page","status-publish","has-post-thumbnail","hentry"],"acf":[],"yoast_head":"<!-- This site is optimized with the Yoast SEO plugin v23.3 - https:\/\/yoast.com\/wordpress\/plugins\/seo\/ -->\n<title>Keksi od banane - Electrolux Professional Hrvatska<\/title>\n<meta name=\"description\" content=\"Nadahnite se, otkrijte recepte iz koncepta \u201eZero waste, all taste\u201c \u2013 Keksi od banane\" \/>\n<meta name=\"robots\" content=\"index, follow, max-snippet:-1, max-image-preview:large, max-video-preview:-1\" \/>\n<link rel=\"canonical\" href=\"https:\/\/www.electroluxprofessional.com\/hr\/keksi-od-banane\/\" \/>\n<meta property=\"og:locale\" content=\"hr_HR\" \/>\n<meta property=\"og:type\" content=\"article\" \/>\n<meta property=\"og:title\" content=\"Keksi od banane - Electrolux Professional Hrvatska\" \/>\n<meta property=\"og:description\" content=\"Nadahnite se, otkrijte recepte iz koncepta \u201eZero waste, all taste\u201c \u2013 Keksi od banane\" \/>\n<meta property=\"og:url\" content=\"https:\/\/www.electroluxprofessional.com\/hr\/keksi-od-banane\/\" \/>\n<meta property=\"og:site_name\" content=\"Electrolux Professional Hrvatska\" \/>\n<meta property=\"article:modified_time\" content=\"2021-11-10T20:19:09+00:00\" \/>\n<meta property=\"og:image\" content=\"https:\/\/www.electroluxprofessional.com\/hr\/wp-content\/uploads\/2021\/09\/banana-cookies-1.jpg\" \/>\n\t<meta property=\"og:image:width\" content=\"800\" \/>\n\t<meta property=\"og:image:height\" content=\"800\" \/>\n\t<meta property=\"og:image:type\" content=\"image\/jpeg\" \/>\n<meta name=\"twitter:card\" content=\"summary_large_image\" \/>\n<meta name=\"twitter:label1\" content=\"Procijenjeno vrijeme \u010ditanja\" \/>\n\t<meta name=\"twitter:data1\" content=\"3 minute\" \/>\n<script type=\"application\/ld+json\" class=\"yoast-schema-graph\">{\"@context\":\"https:\/\/schema.org\",\"@graph\":[{\"@type\":\"WebPage\",\"@id\":\"https:\/\/www.electroluxprofessional.com\/hr\/keksi-od-banane\/\",\"url\":\"https:\/\/www.electroluxprofessional.com\/hr\/keksi-od-banane\/\",\"name\":\"Keksi od banane - Electrolux Professional Hrvatska\",\"isPartOf\":{\"@id\":\"https:\/\/www.electroluxprofessional.com\/hr\/#website\"},\"primaryImageOfPage\":{\"@id\":\"https:\/\/www.electroluxprofessional.com\/hr\/keksi-od-banane\/#primaryimage\"},\"image\":{\"@id\":\"https:\/\/www.electroluxprofessional.com\/hr\/keksi-od-banane\/#primaryimage\"},\"thumbnailUrl\":\"https:\/\/www.electroluxprofessional.com\/hr\/wp-content\/uploads\/2021\/09\/banana-cookies-1.jpg\",\"datePublished\":\"2021-10-21T10:57:28+00:00\",\"dateModified\":\"2021-11-10T20:19:09+00:00\",\"description\":\"Nadahnite se, otkrijte recepte iz koncepta \u201eZero waste, all taste\u201c \u2013 Keksi od banane\",\"breadcrumb\":{\"@id\":\"https:\/\/www.electroluxprofessional.com\/hr\/keksi-od-banane\/#breadcrumb\"},\"inLanguage\":\"hr\",\"potentialAction\":[{\"@type\":\"ReadAction\",\"target\":[\"https:\/\/www.electroluxprofessional.com\/hr\/keksi-od-banane\/\"]}]},{\"@type\":\"ImageObject\",\"inLanguage\":\"hr\",\"@id\":\"https:\/\/www.electroluxprofessional.com\/hr\/keksi-od-banane\/#primaryimage\",\"url\":\"https:\/\/www.electroluxprofessional.com\/hr\/wp-content\/uploads\/2021\/09\/banana-cookies-1.jpg\",\"contentUrl\":\"https:\/\/www.electroluxprofessional.com\/hr\/wp-content\/uploads\/2021\/09\/banana-cookies-1.jpg\",\"width\":800,\"height\":800,\"caption\":\"banana-cookies\"},{\"@type\":\"BreadcrumbList\",\"@id\":\"https:\/\/www.electroluxprofessional.com\/hr\/keksi-od-banane\/#breadcrumb\",\"itemListElement\":[{\"@type\":\"ListItem\",\"position\":1,\"name\":\"Po\u010detna stranica\",\"item\":\"https:\/\/www.electroluxprofessional.com\/hr\/\"},{\"@type\":\"ListItem\",\"position\":2,\"name\":\"Keksi od banane\"}]},{\"@type\":\"WebSite\",\"@id\":\"https:\/\/www.electroluxprofessional.com\/hr\/#website\",\"url\":\"https:\/\/www.electroluxprofessional.com\/hr\/\",\"name\":\"Electrolux Professional Hrvatska\",\"description\":\"\",\"potentialAction\":[{\"@type\":\"SearchAction\",\"target\":{\"@type\":\"EntryPoint\",\"urlTemplate\":\"https:\/\/www.electroluxprofessional.com\/hr\/?src={search_term_string}\"},\"query-input\":\"required name=search_term_string\"}],\"inLanguage\":\"hr\"}]}<\/script>\n<!-- \/ Yoast SEO plugin. -->","yoast_head_json":{"title":"Keksi od banane - Electrolux Professional Hrvatska","description":"Nadahnite se, otkrijte recepte iz koncepta \u201eZero waste, all taste\u201c \u2013 Keksi od banane","robots":{"index":"index","follow":"follow","max-snippet":"max-snippet:-1","max-image-preview":"max-image-preview:large","max-video-preview":"max-video-preview:-1"},"canonical":"https:\/\/www.electroluxprofessional.com\/hr\/keksi-od-banane\/","og_locale":"hr_HR","og_type":"article","og_title":"Keksi od banane - Electrolux Professional Hrvatska","og_description":"Nadahnite se, otkrijte recepte iz koncepta \u201eZero waste, all taste\u201c \u2013 Keksi od banane","og_url":"https:\/\/www.electroluxprofessional.com\/hr\/keksi-od-banane\/","og_site_name":"Electrolux Professional Hrvatska","article_modified_time":"2021-11-10T20:19:09+00:00","og_image":[{"width":800,"height":800,"url":"https:\/\/www.electroluxprofessional.com\/hr\/wp-content\/uploads\/2021\/09\/banana-cookies-1.jpg","type":"image\/jpeg"}],"twitter_card":"summary_large_image","twitter_misc":{"Procijenjeno vrijeme \u010ditanja":"3 minute"},"schema":{"@context":"https:\/\/schema.org","@graph":[{"@type":"WebPage","@id":"https:\/\/www.electroluxprofessional.com\/hr\/keksi-od-banane\/","url":"https:\/\/www.electroluxprofessional.com\/hr\/keksi-od-banane\/","name":"Keksi od banane - Electrolux Professional Hrvatska","isPartOf":{"@id":"https:\/\/www.electroluxprofessional.com\/hr\/#website"},"primaryImageOfPage":{"@id":"https:\/\/www.electroluxprofessional.com\/hr\/keksi-od-banane\/#primaryimage"},"image":{"@id":"https:\/\/www.electroluxprofessional.com\/hr\/keksi-od-banane\/#primaryimage"},"thumbnailUrl":"https:\/\/www.electroluxprofessional.com\/hr\/wp-content\/uploads\/2021\/09\/banana-cookies-1.jpg","datePublished":"2021-10-21T10:57:28+00:00","dateModified":"2021-11-10T20:19:09+00:00","description":"Nadahnite se, otkrijte recepte iz koncepta \u201eZero waste, all taste\u201c \u2013 Keksi od banane","breadcrumb":{"@id":"https:\/\/www.electroluxprofessional.com\/hr\/keksi-od-banane\/#breadcrumb"},"inLanguage":"hr","potentialAction":[{"@type":"ReadAction","target":["https:\/\/www.electroluxprofessional.com\/hr\/keksi-od-banane\/"]}]},{"@type":"ImageObject","inLanguage":"hr","@id":"https:\/\/www.electroluxprofessional.com\/hr\/keksi-od-banane\/#primaryimage","url":"https:\/\/www.electroluxprofessional.com\/hr\/wp-content\/uploads\/2021\/09\/banana-cookies-1.jpg","contentUrl":"https:\/\/www.electroluxprofessional.com\/hr\/wp-content\/uploads\/2021\/09\/banana-cookies-1.jpg","width":800,"height":800,"caption":"banana-cookies"},{"@type":"BreadcrumbList","@id":"https:\/\/www.electroluxprofessional.com\/hr\/keksi-od-banane\/#breadcrumb","itemListElement":[{"@type":"ListItem","position":1,"name":"Po\u010detna stranica","item":"https:\/\/www.electroluxprofessional.com\/hr\/"},{"@type":"ListItem","position":2,"name":"Keksi od banane"}]},{"@type":"WebSite","@id":"https:\/\/www.electroluxprofessional.com\/hr\/#website","url":"https:\/\/www.electroluxprofessional.com\/hr\/","name":"Electrolux Professional Hrvatska","description":"","potentialAction":[{"@type":"SearchAction","target":{"@type":"EntryPoint","urlTemplate":"https:\/\/www.electroluxprofessional.com\/hr\/?src={search_term_string}"},"query-input":"required name=search_term_string"}],"inLanguage":"hr"}]}},"_links":{"self":[{"href":"https:\/\/www.electroluxprofessional.com\/hr\/wp-json\/wp\/v2\/pages\/114979"}],"collection":[{"href":"https:\/\/www.electroluxprofessional.com\/hr\/wp-json\/wp\/v2\/pages"}],"about":[{"href":"https:\/\/www.electroluxprofessional.com\/hr\/wp-json\/wp\/v2\/types\/page"}],"author":[{"embeddable":true,"href":"https:\/\/www.electroluxprofessional.com\/hr\/wp-json\/wp\/v2\/users\/8"}],"replies":[{"embeddable":true,"href":"https:\/\/www.electroluxprofessional.com\/hr\/wp-json\/wp\/v2\/comments?post=114979"}],"version-history":[{"count":3,"href":"https:\/\/www.electroluxprofessional.com\/hr\/wp-json\/wp\/v2\/pages\/114979\/revisions"}],"predecessor-version":[{"id":115113,"href":"https:\/\/www.electroluxprofessional.com\/hr\/wp-json\/wp\/v2\/pages\/114979\/revisions\/115113"}],"wp:featuredmedia":[{"embeddable":true,"href":"https:\/\/www.electroluxprofessional.com\/hr\/wp-json\/wp\/v2\/media\/114970"}],"wp:attachment":[{"href":"https:\/\/www.electroluxprofessional.com\/hr\/wp-json\/wp\/v2\/media?parent=114979"}],"curies":[{"name":"wp","href":"https:\/\/api.w.org\/{rel}","templated":true}]}}