{"id":114743,"date":"2021-07-21T22:42:42","date_gmt":"2021-07-21T20:42:42","guid":{"rendered":"https:\/\/www.electroluxprofessional.com\/?page_id=35872"},"modified":"2023-01-15T19:43:54","modified_gmt":"2023-01-15T19:43:54","slug":"zero-waste-all-taste","status":"publish","type":"page","link":"https:\/\/www.electroluxprofessional.com\/hr\/kuhinjska-oprema\/zero-waste-all-taste\/","title":{"rendered":"Zero Waste ALL TASTE (PREGR\u0160T OKUSA, nimalo otpada)"},"content":{"rendered":"<p>[vc_row full_width=&#8221;electroluxpro-full-width-no-padding&#8221;][vc_column][elx_hero_title label=&#8221;&#8221; label_background_color=&#8221;inherit&#8221; background_image=&#8221;114731&#8243;][\/elx_hero_title][\/vc_column][\/vc_row][vc_row][vc_column width=&#8221;1\/6&#8243;][vc_empty_space][\/vc_column][vc_column width=&#8221;2\/3&#8243;][vc_empty_space][elx_heading font_container=&#8221;h1&#8243; text_color=&#8221;inherit&#8221; text_align=&#8221;text-center&#8221;]&#8221;Zero waste, all taste&#8221;[\/elx_heading][vc_column_text]<\/p>\n<p style=\"text-align: center;\">Predstavljamo vam svoj revolucionarni koncept kompletne usluge koji uklju\u010duje opremu, pretprodajnu uslugu, ugovore o odr\u017eavanju, obuku zaposlenika, razvoj recepata, izra\u010dun otplate i analizu tro\u0161kova hrane.<\/p>\n<p>[\/vc_column_text][vc_empty_space][\/vc_column][vc_column width=&#8221;1\/6&#8243;][vc_empty_space][\/vc_column][\/vc_row][vc_row][vc_column width=&#8221;1\/5&#8243;][vc_column_text]<\/p>\n<p style=\"text-align: center;\"><strong>Pretprodajna usluga i ugovori o odr\u017eavanju<\/strong><\/p>\n<p>[\/vc_column_text][vc_empty_space][vc_single_image image=&#8221;114732&#8243; img_size=&#8221;150&#215;150&#8243; alignment=&#8221;center&#8221;][vc_empty_space][\/vc_column][vc_column width=&#8221;1\/5&#8243;][vc_column_text el_class=&#8221;text-box&#8221;]<\/p>\n<p style=\"text-align: center;\"><strong>Pretprodajna usluga i ugovori o odr\u017eavanju<\/strong><\/p>\n<p>[\/vc_column_text][vc_empty_space][vc_single_image image=&#8221;114733&#8243; img_size=&#8221;150&#215;150&#8243; alignment=&#8221;center&#8221;][vc_empty_space][\/vc_column][vc_column width=&#8221;1\/5&#8243;][vc_column_text el_class=&#8221;text-box&#8221;]<\/p>\n<p style=\"text-align: center;\"><strong>Oprema<\/strong><\/p>\n<p>[\/vc_column_text][vc_empty_space][vc_single_image image=&#8221;114734&#8243; img_size=&#8221;150&#215;150&#8243; alignment=&#8221;center&#8221;][vc_empty_space][\/vc_column][vc_column width=&#8221;1\/5&#8243;][vc_column_text el_class=&#8221;text-box&#8221;]<\/p>\n<p style=\"text-align: center;\"><strong>Obuka<\/strong><strong><br \/>\n<\/strong><strong>zaposlenika<\/strong><\/p>\n<p>[\/vc_column_text][vc_empty_space][vc_single_image image=&#8221;114735&#8243; img_size=&#8221;150&#215;150&#8243; alignment=&#8221;center&#8221;][vc_empty_space][\/vc_column][vc_column width=&#8221;1\/5&#8243;][vc_column_text el_class=&#8221;text-box&#8221;]<\/p>\n<p style=\"text-align: center;\"><strong>Analiza otplate<\/strong><strong><br \/>\n<\/strong><strong>i tro\u0161kova hrane<\/strong><\/p>\n<p>[\/vc_column_text][vc_empty_space][vc_single_image image=&#8221;114736&#8243; img_size=&#8221;150&#215;150&#8243; alignment=&#8221;center&#8221;][vc_empty_space][\/vc_column][\/vc_row][vc_row full_width=&#8221;electroluxpro-full-width-no-padding&#8221;][vc_column][vc_empty_space][\/vc_column][\/vc_row][vc_row full_width=&#8221;electroluxpro-full-width-no-padding&#8221;][vc_column][elx_full_banner title=&#8221;Koncept&#8221; background_image_media_library=&#8221;114739&#8243; background_image_media_library_mobile=&#8221;35888&#8243; link=&#8221;url:%23contact-us|title:Zatra%C5%BEite%20vi%C5%A1e%20informacija||&#8221;][\/vc_column][\/vc_row][vc_row full_width=&#8221;electroluxpro-full-width-no-padding&#8221;][vc_column][vc_empty_space][\/vc_column][\/vc_row][vc_row equal_height=&#8221;yes&#8221; content_placement=&#8221;middle&#8221;][vc_column width=&#8221;1\/2&#8243; css=&#8221;.vc_custom_1625765769545{background-color: #f6f6f6 !important;}&#8221;][vc_column_text css=&#8221;.vc_custom_1636404388590{padding-top: 30px !important;padding-right: 30px !important;padding-bottom: 30px !important;padding-left: 30px !important;}&#8221;]<\/p>\n<h3>Krenimo od po\u010detka.<br \/>\nKako su izgledali po\u010detci koncepta \u201eZero waste, all taste\u201c?<\/h3>\n<p>Otpad od hrane globalni je problem kojim se zajednica tvrtke Electrolux Professional predano bavi od 2016. godine.<\/p>\n<p>Koncept <strong>\u201eZero waste, all taste\u201c <\/strong>osmislili smo kako bismo pokazali da se \u010dak i najosnovnije namirnice koje nisu skupe i koje se \u010desto bacaju mogu upotrijebiti za pripremu gurmanskih jela.[\/vc_column_text][\/vc_column][vc_column width=&#8221;1\/2&#8243; css=&#8221;.vc_custom_1625766114767{margin-right: 0px !important;margin-left: 0px !important;border-right-width: 0px !important;border-left-width: 0px !important;padding-right: 0px !important;padding-left: 0px !important;}&#8221;][vc_single_image image=&#8221;114737&#8243; img_size=&#8221;large&#8221;][\/vc_column][\/vc_row][vc_row equal_height=&#8221;yes&#8221; content_placement=&#8221;middle&#8221;][vc_column width=&#8221;1\/2&#8243; offset=&#8221;vc_hidden-sm vc_hidden-xs&#8221; css=&#8221;.vc_custom_1625766125841{margin-right: 0px !important;margin-left: 0px !important;border-right-width: 0px !important;border-left-width: 0px !important;padding-right: 0px !important;padding-left: 0px !important;}&#8221;][vc_single_image image=&#8221;114738&#8243; img_size=&#8221;large&#8221;][\/vc_column][vc_column width=&#8221;1\/2&#8243; css=&#8221;.vc_custom_1625766073771{background-color: #f6f6f6 !important;}&#8221; offset=&#8221;vc_hidden-sm vc_hidden-xs&#8221;][vc_column_text css=&#8221;.vc_custom_1628872568724{padding-top: 30px !important;padding-right: 30px !important;padding-bottom: 30px !important;padding-left: 30px !important;}&#8221;]<\/p>\n<h3>Kako mo\u017eemo promijeniti stvari nabolje?<\/h3>\n<p>U supermarketima se prodaju velike koli\u010dine svje\u017eih namirnica koje se \u010desto bacaju \u010dim im pro\u0111e rok trajanja.<\/p>\n<p>Na\u0161i su <em>chefovi <\/em>to odlu\u010dili iskoristiti kao priliku pa su prionuli na potragu za <strong>inovativnim na\u010dinima povezivanja tih namirnica u gurmanske obroke<\/strong>.<\/p>\n<p>Upotrebom jednostavnih namirnica poput mrkve ili banana <strong>mo\u017eete ostvariti pozama\u0161nu zaradu uz vrlo malen utjecaj na okoli\u0161<\/strong>. Namirnice koje nerijetko zavr\u0161avaju u sme\u0107u mo\u017eete upotrijebiti u jedinstvenim gurmanskim jelima nadahnutima nizom kuhinja.[\/vc_column_text][\/vc_column][\/vc_row][vc_row equal_height=&#8221;yes&#8221; content_placement=&#8221;middle&#8221;][vc_column width=&#8221;1\/2&#8243; css=&#8221;.vc_custom_1625766001912{background-color: #f6f6f6 !important;}&#8221; offset=&#8221;vc_hidden-lg vc_hidden-md&#8221;][vc_column_text css=&#8221;.vc_custom_1627368856381{padding-top: 30px !important;padding-right: 30px !important;padding-bottom: 30px !important;padding-left: 30px !important;}&#8221;]<\/p>\n<h3>How can we change things for the better?<\/h3>\n<p>Supermarkets carry large quantities of fresh ingredients that are often thrown out as soon as they pass their expiration date.<br \/>\nOur chefs turned this into an opportunity, searching for <strong>innovative ways to combine these ingredients into gourmet meals<\/strong>.<br \/>\nWith foods as simple as carrots or bananas, <strong>you can earn a substantial profit with a very low impact on the environment<\/strong>. You can use what often goes to waste in unique, gourmet dishes that borrow from a range of cuisines.<br \/>\n[\/vc_column_text][\/vc_column][vc_column width=&#8221;1\/2&#8243; offset=&#8221;vc_hidden-lg vc_hidden-md&#8221;][vc_single_image image=&#8221;114738&#8243; img_size=&#8221;large&#8221;][\/vc_column][\/vc_row][vc_row][vc_column][vc_empty_space][elx_full_banner title=&#8221;Korak unaprijed&#8221; background_image_media_library=&#8221;114741&#8243; background_image_media_library_mobile=&#8221;35896&#8243; link=&#8221;|||&#8221;][vc_empty_space][\/vc_column][\/vc_row][vc_row][vc_column width=&#8221;1\/2&#8243;][vc_column_text css=&#8221;.vc_custom_1628872601003{padding-top: 30px !important;padding-right: 30px !important;padding-bottom: 30px !important;padding-left: 30px !important;}&#8221;]Tijekom pandemije 2021. godine iznenadile su nas promjene u prehrambenim navikama: <strong>potro\u0161a\u010di su po\u010deli poklanjati vi\u0161e pozornosti svojem zdravlju, ali i svojoj prehrani<\/strong>, pa ih sve vi\u0161e zaokupljaju problemi poput otpada od hrane i odr\u017eivosti.<\/p>\n<p><strong>Ljude vi\u0161e nego ikad prije zanimaju prirodne i zdrave namirnice, i to ne samo u njihovim kuhinjama<\/strong>, nego i u restoranima, menzama u sklopu tvrtke i \u0161kolskim kantinama u kojima se hrane njihova djeca.[\/vc_column_text][\/vc_column][vc_column width=&#8221;1\/2&#8243;][vc_column_text css=&#8221;.vc_custom_1628872611065{padding-top: 30px !important;padding-right: 30px !important;padding-bottom: 30px !important;padding-left: 30px !important;}&#8221;]<strong>Dok \u0161irimo projekt na nove vrste poslovnih objekata<\/strong>, radujemo se \u0161to \u0107emo otkriti \u0161to nam ta fascinantna nova pustolovina donosi.[\/vc_column_text][\/vc_column][\/vc_row][vc_row][vc_column][vc_empty_space][elx_heading text_color=&#8221;inherit&#8221; text_align=&#8221;text-center&#8221;]\u201cZero Waste ALL TASTE\u201d recepti[\/elx_heading][vc_empty_space][vc_column_text]<\/p>\n<p style=\"text-align: center;\">Recepti za Zero Waste ALL TASTE pripremljeni su od nas za vas. Ovdje nudimo samo \u010detiri. \u017delite u\u017eivati u drugim receptima? Pove\u017eimo se kroz kontaktni obrazac ni\u017ee.<\/p>\n<p>[\/vc_column_text][vc_empty_space][\/vc_column][\/vc_row][vc_row][vc_column width=&#8221;1\/2&#8243;][elx_heading text_color=&#8221;inherit&#8221; text_align=&#8221;text-center&#8221;]Keksi od banane[\/elx_heading][vc_empty_space][vc_single_image image=&#8221;114960&#8243; img_size=&#8221;large&#8221; alignment=&#8221;center&#8221;][vc_empty_space][elx_button button_text=&#8221;Otvorite recept&#8221; button_display_block=&#8221;display_block_on&#8221; button_alignment=&#8221;align_center&#8221; button_link=&#8221;url:https%3A%2F%2Fwww.electroluxprofessional.com%2Fhr%2Fkeksi-od-banane%2F|title:Keksi%20od%20banane||&#8221;][vc_empty_space][\/vc_column][vc_column width=&#8221;1\/2&#8243;][elx_heading text_color=&#8221;inherit&#8221; text_align=&#8221;text-center&#8221;]\u010cips od mrkve[\/elx_heading][vc_empty_space][vc_single_image image=&#8221;115085&#8243; img_size=&#8221;large&#8221; alignment=&#8221;center&#8221;][vc_empty_space][elx_button button_text=&#8221;Otvorite recept&#8221; button_display_block=&#8221;display_block_on&#8221; button_alignment=&#8221;align_center&#8221; button_link=&#8221;url:https%3A%2F%2Fwww.electroluxprofessional.com%2Fhr%2Fcips-od-mrkve%2F|title:%C4%8Cips%20od%20mrkve||&#8221;][vc_empty_space][\/vc_column][\/vc_row][vc_row][vc_column width=&#8221;1\/2&#8243;][elx_heading text_color=&#8221;inherit&#8221; text_align=&#8221;text-center&#8221;]Tajlandska juha od mrkve[\/elx_heading][vc_empty_space][vc_single_image image=&#8221;114989&#8243; img_size=&#8221;large&#8221; alignment=&#8221;center&#8221;][vc_empty_space][elx_button button_text=&#8221;Otvorite recept&#8221; button_display_block=&#8221;display_block_on&#8221; button_alignment=&#8221;align_center&#8221; button_link=&#8221;url:https%3A%2F%2Fwww.electroluxprofessional.com%2Fhr%2Ftajlandska-juha-od-mrkve%2F|title:Tajlandska%20juha%20od%20mrkve||&#8221;][vc_empty_space][\/vc_column][vc_column width=&#8221;1\/2&#8243;][elx_heading text_color=&#8221;inherit&#8221; text_align=&#8221;text-center&#8221;]Brownie od patlid\u017eana[\/elx_heading][vc_empty_space][vc_single_image image=&#8221;115007&#8243; img_size=&#8221;large&#8221; alignment=&#8221;center&#8221;][vc_empty_space][elx_button button_text=&#8221;Otvorite recept&#8221; button_display_block=&#8221;display_block_on&#8221; button_alignment=&#8221;align_center&#8221; button_link=&#8221;url:https%3A%2F%2Fwww.electroluxprofessional.com%2Fhr%2Fbrownie-od-patlidzana%2F|title:Brownie%20od%20patlid%C5%BEana||&#8221;][vc_empty_space][\/vc_column][\/vc_row][vc_row el_id=&#8221;contact-us&#8221;][vc_column][vc_empty_space][elx_heading text_color=&#8221;inherit&#8221; text_align=&#8221;text-center&#8221;]Pi\u0161ite nam za vi\u0161e informacija<br \/>\no konceptu \u201eZero waste, all taste\u201c[\/elx_heading][elx_o2000_contact_us r=&#8221;\u017delim saznati vi\u0161e o&#8230;&#8221; s=&#8221;Zahtjev za informacije o&#8230;&#8221; country=&#8221;Croatia&#8221; b=&#8221;food&#8221; l=&#8221;hr&#8221;][\/vc_column][\/vc_row]<\/p>\n","protected":false},"excerpt":{"rendered":"<p>[vc_row full_width=&#8221;electroluxpro-full-width-no-padding&#8221;][vc_column][elx_hero_title label=&#8221;&#8221; label_background_color=&#8221;inherit&#8221; background_image=&#8221;114731&#8243;][\/elx_hero_title][\/vc_column][\/vc_row][vc_row][vc_column width=&#8221;1\/6&#8243;][vc_empty_space][\/vc_column][vc_column width=&#8221;2\/3&#8243;][vc_empty_space][elx_heading font_container=&#8221;h1&#8243; text_color=&#8221;inherit&#8221; text_align=&#8221;text-center&#8221;]&#8221;Zero waste, all taste&#8221;[\/elx_heading][vc_column_text] Predstavljamo vam svoj revolucionarni koncept kompletne usluge koji uklju\u010duje opremu, pretprodajnu uslugu, ugovore o odr\u017eavanju, obuku zaposlenika, razvoj recepata, izra\u010dun otplate i analizu tro\u0161kova hrane. [\/vc_column_text][vc_empty_space][\/vc_column][vc_column width=&#8221;1\/6&#8243;][vc_empty_space][\/vc_column][\/vc_row][vc_row][vc_column width=&#8221;1\/5&#8243;][vc_column_text] Pretprodajna usluga i ugovori o odr\u017eavanju [\/vc_column_text][vc_empty_space][vc_single_image image=&#8221;114732&#8243; img_size=&#8221;150&#215;150&#8243; alignment=&#8221;center&#8221;][vc_empty_space][\/vc_column][vc_column width=&#8221;1\/5&#8243;][vc_column_text el_class=&#8221;text-box&#8221;] Pretprodajna usluga [&hellip;]<\/p>\n","protected":false},"author":8,"featured_media":114731,"parent":2186,"menu_order":0,"comment_status":"closed","ping_status":"closed","template":"","meta":{"footnotes":""},"class_list":["post-114743","page","type-page","status-publish","has-post-thumbnail","hentry"],"acf":[],"yoast_head":"<!-- This site is optimized with the Yoast SEO plugin v23.3 - https:\/\/yoast.com\/wordpress\/plugins\/seo\/ -->\n<title>Zero Waste ALL TASTE (PREGR\u0160T OKUSA, nimalo otpada) - Electrolux Professional Hrvatska<\/title>\n<meta name=\"description\" content=\"Predstavljamo vam svoj revolucionarni koncept kompletne usluge koji uklju\u010duje opremu, pretprodajnu uslugu, odr\u017eavanje, obuku zaposlenika i jo\u0161 mnogo toga!\" \/>\n<meta name=\"robots\" content=\"index, follow, max-snippet:-1, max-image-preview:large, max-video-preview:-1\" \/>\n<link rel=\"canonical\" href=\"https:\/\/www.electroluxprofessional.com\/hr\/kuhinjska-oprema\/zero-waste-all-taste\/\" \/>\n<meta property=\"og:locale\" content=\"hr_HR\" \/>\n<meta property=\"og:type\" content=\"article\" \/>\n<meta property=\"og:title\" content=\"Zero Waste ALL TASTE (PREGR\u0160T OKUSA, nimalo otpada) - Electrolux Professional Hrvatska\" \/>\n<meta property=\"og:description\" content=\"Predstavljamo vam svoj revolucionarni koncept kompletne usluge koji uklju\u010duje opremu, pretprodajnu uslugu, odr\u017eavanje, obuku zaposlenika i jo\u0161 mnogo toga!\" \/>\n<meta property=\"og:url\" content=\"https:\/\/www.electroluxprofessional.com\/hr\/kuhinjska-oprema\/zero-waste-all-taste\/\" \/>\n<meta property=\"og:site_name\" content=\"Electrolux Professional Hrvatska\" \/>\n<meta property=\"article:modified_time\" content=\"2023-01-15T19:43:54+00:00\" \/>\n<meta property=\"og:image\" content=\"https:\/\/www.electroluxprofessional.com\/hr\/wp-content\/uploads\/2021\/07\/2021188EI-00-Banner-Zero-Waste-All-Taste-1920x680-1.jpeg\" \/>\n\t<meta property=\"og:image:width\" content=\"1920\" \/>\n\t<meta property=\"og:image:height\" content=\"680\" \/>\n\t<meta property=\"og:image:type\" content=\"image\/jpeg\" \/>\n<meta name=\"twitter:card\" content=\"summary_large_image\" \/>\n<meta name=\"twitter:label1\" content=\"Procijenjeno vrijeme \u010ditanja\" \/>\n\t<meta name=\"twitter:data1\" content=\"3 minute\" \/>\n<script type=\"application\/ld+json\" class=\"yoast-schema-graph\">{\"@context\":\"https:\/\/schema.org\",\"@graph\":[{\"@type\":\"WebPage\",\"@id\":\"https:\/\/www.electroluxprofessional.com\/hr\/kuhinjska-oprema\/zero-waste-all-taste\/\",\"url\":\"https:\/\/www.electroluxprofessional.com\/hr\/kuhinjska-oprema\/zero-waste-all-taste\/\",\"name\":\"Zero Waste ALL TASTE (PREGR\u0160T OKUSA, nimalo otpada) - Electrolux Professional Hrvatska\",\"isPartOf\":{\"@id\":\"https:\/\/www.electroluxprofessional.com\/hr\/#website\"},\"primaryImageOfPage\":{\"@id\":\"https:\/\/www.electroluxprofessional.com\/hr\/kuhinjska-oprema\/zero-waste-all-taste\/#primaryimage\"},\"image\":{\"@id\":\"https:\/\/www.electroluxprofessional.com\/hr\/kuhinjska-oprema\/zero-waste-all-taste\/#primaryimage\"},\"thumbnailUrl\":\"https:\/\/www.electroluxprofessional.com\/hr\/wp-content\/uploads\/2021\/07\/2021188EI-00-Banner-Zero-Waste-All-Taste-1920x680-1.jpeg\",\"datePublished\":\"2021-07-21T20:42:42+00:00\",\"dateModified\":\"2023-01-15T19:43:54+00:00\",\"description\":\"Predstavljamo vam svoj revolucionarni koncept kompletne usluge koji uklju\u010duje opremu, pretprodajnu uslugu, odr\u017eavanje, obuku zaposlenika i jo\u0161 mnogo toga!\",\"breadcrumb\":{\"@id\":\"https:\/\/www.electroluxprofessional.com\/hr\/kuhinjska-oprema\/zero-waste-all-taste\/#breadcrumb\"},\"inLanguage\":\"hr\",\"potentialAction\":[{\"@type\":\"ReadAction\",\"target\":[\"https:\/\/www.electroluxprofessional.com\/hr\/kuhinjska-oprema\/zero-waste-all-taste\/\"]}]},{\"@type\":\"ImageObject\",\"inLanguage\":\"hr\",\"@id\":\"https:\/\/www.electroluxprofessional.com\/hr\/kuhinjska-oprema\/zero-waste-all-taste\/#primaryimage\",\"url\":\"https:\/\/www.electroluxprofessional.com\/hr\/wp-content\/uploads\/2021\/07\/2021188EI-00-Banner-Zero-Waste-All-Taste-1920x680-1.jpeg\",\"contentUrl\":\"https:\/\/www.electroluxprofessional.com\/hr\/wp-content\/uploads\/2021\/07\/2021188EI-00-Banner-Zero-Waste-All-Taste-1920x680-1.jpeg\",\"width\":1920,\"height\":680,\"caption\":\"2021188EI-00-Banner-Zero-Waste-All-Taste-1920x680\"},{\"@type\":\"BreadcrumbList\",\"@id\":\"https:\/\/www.electroluxprofessional.com\/hr\/kuhinjska-oprema\/zero-waste-all-taste\/#breadcrumb\",\"itemListElement\":[{\"@type\":\"ListItem\",\"position\":1,\"name\":\"Po\u010detna stranica\",\"item\":\"https:\/\/www.electroluxprofessional.com\/hr\/\"},{\"@type\":\"ListItem\",\"position\":2,\"name\":\"Kuhinjska oprema\",\"item\":\"https:\/\/www.electroluxprofessional.com\/hr\/kuhinjska-oprema\/\"},{\"@type\":\"ListItem\",\"position\":3,\"name\":\"Zero Waste ALL TASTE (PREGR\u0160T OKUSA, nimalo otpada)\"}]},{\"@type\":\"WebSite\",\"@id\":\"https:\/\/www.electroluxprofessional.com\/hr\/#website\",\"url\":\"https:\/\/www.electroluxprofessional.com\/hr\/\",\"name\":\"Electrolux Professional Hrvatska\",\"description\":\"\",\"potentialAction\":[{\"@type\":\"SearchAction\",\"target\":{\"@type\":\"EntryPoint\",\"urlTemplate\":\"https:\/\/www.electroluxprofessional.com\/hr\/?src={search_term_string}\"},\"query-input\":\"required name=search_term_string\"}],\"inLanguage\":\"hr\"}]}<\/script>\n<!-- \/ Yoast SEO plugin. -->","yoast_head_json":{"title":"Zero Waste ALL TASTE (PREGR\u0160T OKUSA, nimalo otpada) - Electrolux Professional Hrvatska","description":"Predstavljamo vam svoj revolucionarni koncept kompletne usluge koji uklju\u010duje opremu, pretprodajnu uslugu, odr\u017eavanje, obuku zaposlenika i jo\u0161 mnogo toga!","robots":{"index":"index","follow":"follow","max-snippet":"max-snippet:-1","max-image-preview":"max-image-preview:large","max-video-preview":"max-video-preview:-1"},"canonical":"https:\/\/www.electroluxprofessional.com\/hr\/kuhinjska-oprema\/zero-waste-all-taste\/","og_locale":"hr_HR","og_type":"article","og_title":"Zero Waste ALL TASTE (PREGR\u0160T OKUSA, nimalo otpada) - Electrolux Professional Hrvatska","og_description":"Predstavljamo vam svoj revolucionarni koncept kompletne usluge koji uklju\u010duje opremu, pretprodajnu uslugu, odr\u017eavanje, obuku zaposlenika i jo\u0161 mnogo toga!","og_url":"https:\/\/www.electroluxprofessional.com\/hr\/kuhinjska-oprema\/zero-waste-all-taste\/","og_site_name":"Electrolux Professional Hrvatska","article_modified_time":"2023-01-15T19:43:54+00:00","og_image":[{"width":1920,"height":680,"url":"https:\/\/www.electroluxprofessional.com\/hr\/wp-content\/uploads\/2021\/07\/2021188EI-00-Banner-Zero-Waste-All-Taste-1920x680-1.jpeg","type":"image\/jpeg"}],"twitter_card":"summary_large_image","twitter_misc":{"Procijenjeno vrijeme \u010ditanja":"3 minute"},"schema":{"@context":"https:\/\/schema.org","@graph":[{"@type":"WebPage","@id":"https:\/\/www.electroluxprofessional.com\/hr\/kuhinjska-oprema\/zero-waste-all-taste\/","url":"https:\/\/www.electroluxprofessional.com\/hr\/kuhinjska-oprema\/zero-waste-all-taste\/","name":"Zero Waste ALL TASTE (PREGR\u0160T OKUSA, nimalo otpada) - Electrolux Professional Hrvatska","isPartOf":{"@id":"https:\/\/www.electroluxprofessional.com\/hr\/#website"},"primaryImageOfPage":{"@id":"https:\/\/www.electroluxprofessional.com\/hr\/kuhinjska-oprema\/zero-waste-all-taste\/#primaryimage"},"image":{"@id":"https:\/\/www.electroluxprofessional.com\/hr\/kuhinjska-oprema\/zero-waste-all-taste\/#primaryimage"},"thumbnailUrl":"https:\/\/www.electroluxprofessional.com\/hr\/wp-content\/uploads\/2021\/07\/2021188EI-00-Banner-Zero-Waste-All-Taste-1920x680-1.jpeg","datePublished":"2021-07-21T20:42:42+00:00","dateModified":"2023-01-15T19:43:54+00:00","description":"Predstavljamo vam svoj revolucionarni koncept kompletne usluge koji uklju\u010duje opremu, pretprodajnu uslugu, odr\u017eavanje, obuku zaposlenika i jo\u0161 mnogo toga!","breadcrumb":{"@id":"https:\/\/www.electroluxprofessional.com\/hr\/kuhinjska-oprema\/zero-waste-all-taste\/#breadcrumb"},"inLanguage":"hr","potentialAction":[{"@type":"ReadAction","target":["https:\/\/www.electroluxprofessional.com\/hr\/kuhinjska-oprema\/zero-waste-all-taste\/"]}]},{"@type":"ImageObject","inLanguage":"hr","@id":"https:\/\/www.electroluxprofessional.com\/hr\/kuhinjska-oprema\/zero-waste-all-taste\/#primaryimage","url":"https:\/\/www.electroluxprofessional.com\/hr\/wp-content\/uploads\/2021\/07\/2021188EI-00-Banner-Zero-Waste-All-Taste-1920x680-1.jpeg","contentUrl":"https:\/\/www.electroluxprofessional.com\/hr\/wp-content\/uploads\/2021\/07\/2021188EI-00-Banner-Zero-Waste-All-Taste-1920x680-1.jpeg","width":1920,"height":680,"caption":"2021188EI-00-Banner-Zero-Waste-All-Taste-1920x680"},{"@type":"BreadcrumbList","@id":"https:\/\/www.electroluxprofessional.com\/hr\/kuhinjska-oprema\/zero-waste-all-taste\/#breadcrumb","itemListElement":[{"@type":"ListItem","position":1,"name":"Po\u010detna stranica","item":"https:\/\/www.electroluxprofessional.com\/hr\/"},{"@type":"ListItem","position":2,"name":"Kuhinjska oprema","item":"https:\/\/www.electroluxprofessional.com\/hr\/kuhinjska-oprema\/"},{"@type":"ListItem","position":3,"name":"Zero Waste ALL TASTE (PREGR\u0160T OKUSA, nimalo otpada)"}]},{"@type":"WebSite","@id":"https:\/\/www.electroluxprofessional.com\/hr\/#website","url":"https:\/\/www.electroluxprofessional.com\/hr\/","name":"Electrolux Professional Hrvatska","description":"","potentialAction":[{"@type":"SearchAction","target":{"@type":"EntryPoint","urlTemplate":"https:\/\/www.electroluxprofessional.com\/hr\/?src={search_term_string}"},"query-input":"required name=search_term_string"}],"inLanguage":"hr"}]}},"_links":{"self":[{"href":"https:\/\/www.electroluxprofessional.com\/hr\/wp-json\/wp\/v2\/pages\/114743"}],"collection":[{"href":"https:\/\/www.electroluxprofessional.com\/hr\/wp-json\/wp\/v2\/pages"}],"about":[{"href":"https:\/\/www.electroluxprofessional.com\/hr\/wp-json\/wp\/v2\/types\/page"}],"author":[{"embeddable":true,"href":"https:\/\/www.electroluxprofessional.com\/hr\/wp-json\/wp\/v2\/users\/8"}],"replies":[{"embeddable":true,"href":"https:\/\/www.electroluxprofessional.com\/hr\/wp-json\/wp\/v2\/comments?post=114743"}],"version-history":[{"count":6,"href":"https:\/\/www.electroluxprofessional.com\/hr\/wp-json\/wp\/v2\/pages\/114743\/revisions"}],"predecessor-version":[{"id":116128,"href":"https:\/\/www.electroluxprofessional.com\/hr\/wp-json\/wp\/v2\/pages\/114743\/revisions\/116128"}],"up":[{"embeddable":true,"href":"https:\/\/www.electroluxprofessional.com\/hr\/wp-json\/wp\/v2\/pages\/2186"}],"wp:featuredmedia":[{"embeddable":true,"href":"https:\/\/www.electroluxprofessional.com\/hr\/wp-json\/wp\/v2\/media\/114731"}],"wp:attachment":[{"href":"https:\/\/www.electroluxprofessional.com\/hr\/wp-json\/wp\/v2\/media?parent=114743"}],"curies":[{"name":"wp","href":"https:\/\/api.w.org\/{rel}","templated":true}]}}