{"id":114611,"date":"2021-07-02T09:05:33","date_gmt":"2021-07-02T07:05:33","guid":{"rendered":"https:\/\/www.electroluxprofessional.com\/?page_id=35632"},"modified":"2021-10-22T09:10:53","modified_gmt":"2021-10-22T09:10:53","slug":"trinitypro","status":"publish","type":"page","link":"https:\/\/www.electroluxprofessional.com\/hr\/kuhinjska-oprema\/mikser-kuteri-rezaci-povrca-i-kombinirani-uredaji\/trinitypro\/","title":{"rendered":"TrinityPro"},"content":{"rendered":"<p>[vc_row full_width=&#8221;electroluxpro-full-width-no-padding&#8221; css=&#8221;.vc_custom_1624030230319{margin-top: -30px !important;border-top-width: -30px !important;padding-top: -30px !important;}&#8221;][vc_column css=&#8221;.vc_custom_1624430963576{padding-top: 50px !important;padding-bottom: 50px !important;}&#8221;][elx_hero_video text_position=&#8221;hero_video_text_align_left&#8221; background_colors=&#8221;background-gold&#8221; background_video_mp4=&#8221;https:\/\/www.electroluxprofessional.com\/wp-content\/uploads\/2021\/06\/TrinityPro-Web-Banner.mp4&#8243;][vc_column_text]<\/p>\n<h1><span style=\"color: #ffffff;\">TrinityPro<br \/>\nIzvan granica zamislivoga<br \/>\n<\/span><\/h1>\n<p>[\/vc_column_text][vc_empty_space][vc_column_text]<span style=\"color: #ffffff;\"><a style=\"color: #ffffff;\" href=\"#contact-us\">Obratite se na\u0161im stru\u010dnjacima<\/a><\/span>[\/vc_column_text][\/elx_hero_video][\/vc_column][\/vc_row][vc_row full_width=&#8221;electroluxpro-full-width-no-padding&#8221; disable_element=&#8221;yes&#8221; css=&#8221;.vc_custom_1624430911394{margin-top: -30px !important;border-top-width: -30px !important;padding-top: -30px !important;}&#8221;][vc_column][elx_full_banner title=&#8221;TrinityPro Beyond imagination&#8221; set_as_h1=&#8221;true&#8221; background_image_media_library=&#8221;114610&#8243; background_image_media_library_mobile=&#8221;35635&#8243; link=&#8221;url:%23contact-us|title:Get%20in%20contact%20with%20our%20Experts||&#8221;][\/vc_column][\/vc_row][vc_row][vc_column][vc_empty_space][\/vc_column][\/vc_row][vc_row][vc_column width=&#8221;1\/3&#8243; offset=&#8221;vc_hidden-xs&#8221;][vc_column_text]<\/p>\n<p style=\"text-align: center;\"><strong>Reza\u010di<\/strong><br \/>\n<strong>povr\u0107a<\/strong><\/p>\n<p>[\/vc_column_text][vc_empty_space height=&#8221;15px&#8221;][vc_single_image image=&#8221;114598&#8243; img_size=&#8221;large&#8221; alignment=&#8221;center&#8221;][\/vc_column][vc_column width=&#8221;1\/3&#8243; offset=&#8221;vc_hidden-xs&#8221;][vc_column_text]<\/p>\n<h4 style=\"text-align: center;\">Prera\u0111iva\u010di<br \/>\nhrane \u2013 kuteri<\/h4>\n<p>[\/vc_column_text][vc_empty_space height=&#8221;15px&#8221;][vc_single_image image=&#8221;114599&#8243; img_size=&#8221;large&#8221; alignment=&#8221;center&#8221;][\/vc_column][vc_column width=&#8221;1\/3&#8243; offset=&#8221;vc_hidden-xs&#8221;][vc_column_text]<\/p>\n<h4 style=\"text-align: center;\">Kombinirani<br \/>\nmikser-kuteri \/ reza\u010di<\/h4>\n<p>[\/vc_column_text][vc_empty_space height=&#8221;15px&#8221;][vc_single_image image=&#8221;114600&#8243; img_size=&#8221;large&#8221; alignment=&#8221;center&#8221;][\/vc_column][\/vc_row][vc_row][vc_column width=&#8221;1\/3&#8243; offset=&#8221;vc_hidden-lg vc_hidden-md vc_hidden-sm&#8221;][vc_column_text]<\/p>\n<h4 style=\"text-align: center;\">Vegetable<br \/>\nslicers<\/h4>\n<p>[\/vc_column_text][vc_empty_space height=&#8221;15px&#8221;][vc_single_image image=&#8221;114601&#8243; img_size=&#8221;300&#215;400&#8243; alignment=&#8221;center&#8221;][\/vc_column][vc_column width=&#8221;1\/3&#8243; offset=&#8221;vc_hidden-lg vc_hidden-md vc_hidden-sm&#8221;][vc_column_text]<\/p>\n<h4 style=\"text-align: center;\">Food<br \/>\nprocessors<\/h4>\n<p>[\/vc_column_text][vc_empty_space height=&#8221;15px&#8221;][vc_single_image image=&#8221;114599&#8243; img_size=&#8221;large&#8221; alignment=&#8221;center&#8221;][\/vc_column][vc_column width=&#8221;1\/3&#8243; offset=&#8221;vc_hidden-lg vc_hidden-md vc_hidden-sm&#8221;][vc_column_text]<\/p>\n<h4 style=\"text-align: center;\">Combined<br \/>\ncutter\/slicer<\/h4>\n<p>[\/vc_column_text][vc_empty_space height=&#8221;15px&#8221;][vc_single_image image=&#8221;114602&#8243; img_size=&#8221;380&#215;427&#8243; alignment=&#8221;center&#8221;][\/vc_column][\/vc_row][vc_row][vc_column][vc_empty_space][\/vc_column][\/vc_row][vc_row equal_height=&#8221;yes&#8221; content_placement=&#8221;middle&#8221; css=&#8221;.vc_custom_1624266944547{padding-top: 25px !important;}&#8221;][vc_column width=&#8221;1\/2&#8243; css=&#8221;.vc_custom_1624266957774{margin-right: 1% !important;padding-top: 25px !important;padding-bottom: 25px !important;background-color: #f9f9f9 !important;}&#8221;][vc_row_inner css=&#8221;.vc_custom_1624267041364{padding-top: 25px !important;}&#8221;][vc_column_inner width=&#8221;1\/3&#8243;][vc_single_image image=&#8221;114603&#8243; img_size=&#8221;94&#215;170&#8243; alignment=&#8221;center&#8221;][\/vc_column_inner][vc_column_inner width=&#8221;2\/3&#8243;][vc_column_text]<\/p>\n<h4>Usmjerenost na \u010dovjeka<br \/>\nProvjereni dizajn<\/h4>\n<p>\u010cetiri zvjezdice za ergonomski dizajn i lako\u0107u upotrebe po ocjeni ErgoCerta.[\/vc_column_text][\/vc_column_inner][\/vc_row_inner][\/vc_column][vc_column width=&#8221;1\/2&#8243; css=&#8221;.vc_custom_1624032135668{margin-left: 1% !important;padding-top: 25px !important;padding-bottom: 25px !important;background-color: #f9f9f9 !important;}&#8221;][vc_row_inner css=&#8221;.vc_custom_1624267024155{padding-top: 25px !important;}&#8221;][vc_column_inner width=&#8221;1\/3&#8243;][vc_single_image image=&#8221;114604&#8243; img_size=&#8221;170&#215;170&#8243; alignment=&#8221;center&#8221;][\/vc_column_inner][vc_column_inner width=&#8221;2\/3&#8243;][vc_column_text]<\/p>\n<h4>Bez BPA\u2011e<br \/>\nOsigurana sigurnost hrane<\/h4>\n<p>Materijali bez BPA e u skladu s me\u0111unarodnim normama za sigurnost hrane.[\/vc_column_text][\/vc_column_inner][\/vc_row_inner][\/vc_column][\/vc_row][vc_row equal_height=&#8221;yes&#8221; content_placement=&#8221;middle&#8221; css=&#8221;.vc_custom_1624266944547{padding-top: 25px !important;}&#8221;][vc_column width=&#8221;1\/2&#8243; css=&#8221;.vc_custom_1624267173263{margin-right: 1% !important;padding-top: 25px !important;padding-bottom: 25px !important;}&#8221;][vc_row_inner css=&#8221;.vc_custom_1624267041364{padding-top: 25px !important;}&#8221;][vc_column_inner width=&#8221;1\/3&#8243;][vc_single_image image=&#8221;6633&#8243; img_size=&#8221;170&#215;170&#8243; alignment=&#8221;center&#8221;][\/vc_column_inner][vc_column_inner width=&#8221;2\/3&#8243;][vc_column_text]<\/p>\n<h4>Kompaktni i fleksibilni<\/h4>\n<p>Ure\u0111aji uz koje mo\u017eete u\u0161tedjeti na prostoru potpuno opremljeni dodatcima, razli\u010ditih kapaciteta i za vi\u0161e na\u010dina pripreme.[\/vc_column_text][\/vc_column_inner][\/vc_row_inner][\/vc_column][vc_column width=&#8221;1\/2&#8243; css=&#8221;.vc_custom_1624267184151{margin-left: 1% !important;padding-top: 25px !important;padding-bottom: 25px !important;}&#8221;][vc_row_inner css=&#8221;.vc_custom_1624267024155{padding-top: 25px !important;}&#8221;][vc_column_inner width=&#8221;1\/3&#8243;][vc_single_image image=&#8221;114605&#8243; img_size=&#8221;170&#215;170&#8243; alignment=&#8221;center&#8221;][\/vc_column_inner][vc_column_inner width=&#8221;2\/3&#8243;][vc_column_text]<\/p>\n<h4>100\u00a0% sigurni i jednostavni<\/h4>\n<p>Zajam\u010dena sigurnost korisnika. Jednostavno postavljanje ure\u0111aja, intuitivni kontrolni panel i jednostavno \u010di\u0161\u0107enje uz dijelove koji su u cijelosti perivi u perilici posu\u0111a.[\/vc_column_text][\/vc_column_inner][\/vc_row_inner][\/vc_column][\/vc_row][vc_row equal_height=&#8221;yes&#8221; content_placement=&#8221;middle&#8221; css=&#8221;.vc_custom_1624266944547{padding-top: 25px !important;}&#8221;][vc_column width=&#8221;1\/2&#8243; css=&#8221;.vc_custom_1624267173263{margin-right: 1% !important;padding-top: 25px !important;padding-bottom: 25px !important;}&#8221;][vc_row_inner css=&#8221;.vc_custom_1624267041364{padding-top: 25px !important;}&#8221;][vc_column_inner width=&#8221;1\/3&#8243;][vc_single_image image=&#8221;114606&#8243; img_size=&#8221;170&#215;170&#8243; alignment=&#8221;center&#8221;][\/vc_column_inner][vc_column_inner width=&#8221;2\/3&#8243;][vc_column_text]<\/p>\n<h4>Visoka u\u010dinkovitost<\/h4>\n<p>Pouzdano profesionalno rje\u0161enje uz koje mo\u017eete ra\u010dunati na iznimne rezultate sjeckanja, rezanja, mije\u0161anja i emulgiranja.[\/vc_column_text][\/vc_column_inner][\/vc_row_inner][\/vc_column][vc_column width=&#8221;1\/2&#8243; css=&#8221;.vc_custom_1624267184151{margin-left: 1% !important;padding-top: 25px !important;padding-bottom: 25px !important;}&#8221;][vc_row_inner css=&#8221;.vc_custom_1624267024155{padding-top: 25px !important;}&#8221;][vc_column_inner width=&#8221;1\/3&#8243;][vc_single_image image=&#8221;114607&#8243; img_size=&#8221;170&#215;170&#8243; alignment=&#8221;center&#8221;][\/vc_column_inner][vc_column_inner width=&#8221;2\/3&#8243;][vc_column_text]<\/p>\n<h4>Provjerena ergonomi\u010dnost<\/h4>\n<p>Manje umora, \u010dak i prilikom rezanja tvrdih komada povr\u0107a, uz patentirani* gura\u010d s polugom.[\/vc_column_text][\/vc_column_inner][\/vc_row_inner][\/vc_column][\/vc_row][vc_row][vc_column][vc_empty_space][\/vc_column][\/vc_row][vc_row][vc_column][vc_column_text]<\/p>\n<h2 style=\"text-align: center;\">TrinityPro<br \/>\nNenadma\u0161na kvaliteta, preciznost i u\u010dinkovitost<\/h2>\n<p>[\/vc_column_text][vc_empty_space][\/vc_column][\/vc_row][vc_row][vc_column width=&#8221;1\/2&#8243;][vc_row_inner][vc_column_inner width=&#8221;1\/6&#8243;][vc_empty_space height=&#8221;15px&#8221;][\/vc_column_inner][vc_column_inner width=&#8221;2\/3&#8243;][vc_single_image image=&#8221;114608&#8243; img_size=&#8221;medium&#8221; alignment=&#8221;center&#8221;][vc_empty_space height=&#8221;15px&#8221;][vc_column_text css=&#8221;.vc_custom_1627926562798{padding-top: 15px !important;padding-bottom: 15px !important;background-color: #14133b !important;}&#8221;]<\/p>\n<h4 style=\"text-align: center;\"><span style=\"color: #ffffff;\">PATENT*<\/span><\/h4>\n<p>[\/vc_column_text][vc_empty_space height=&#8221;15px&#8221;][vc_column_text]<\/p>\n<h4>Brzina, jednostavnost i ergonomi\u010dnost<\/h4>\n<p>Dosljedno dobri rezultati i jednostavno rukovanje ure\u0111ajem uz manje umora uz patentirani* dizajn gura\u010da s polugom.<\/p>\n<p><span style=\"font-size: 12px;\">* Gura\u010d s polugom prijavljen je za patent EP19165854 i sli\u010dno.<\/span>[\/vc_column_text][\/vc_column_inner][vc_column_inner width=&#8221;1\/6&#8243;][vc_empty_space height=&#8221;15px&#8221;][\/vc_column_inner][\/vc_row_inner][\/vc_column][vc_column width=&#8221;1\/2&#8243;][vc_row_inner][vc_column_inner width=&#8221;1\/6&#8243;][vc_empty_space height=&#8221;15px&#8221;][\/vc_column_inner][vc_column_inner width=&#8221;2\/3&#8243;][vc_single_image image=&#8221;114609&#8243; img_size=&#8221;medium&#8221; alignment=&#8221;center&#8221;][vc_empty_space height=&#8221;15px&#8221;][vc_column_text css=&#8221;.vc_custom_1627926581038{padding-top: 5px !important;padding-bottom: 5px !important;background-color: #14133b !important;}&#8221;]<\/p>\n<h4 style=\"text-align: center;\"><span style=\"color: #ffffff;\">Stalno struganje<br \/>\nbez prekida u radu<\/span><\/h4>\n<p>[\/vc_column_text][vc_empty_space height=&#8221;15px&#8221;][vc_column_text]<\/p>\n<h4>Ujedna\u010deno mije\u0161anje<\/h4>\n<p>Stalno struganje bez prekida za ujedna\u010denu homogenizaciju uz posebni struga\u010d koji je uklopljen u prozirni poklopac.[\/vc_column_text][\/vc_column_inner][vc_column_inner width=&#8221;1\/6&#8243;][vc_empty_space height=&#8221;15px&#8221;][\/vc_column_inner][\/vc_row_inner][\/vc_column][\/vc_row][vc_row][vc_column][vc_empty_space height=&#8221;50px&#8221;][\/vc_column][\/vc_row][vc_row][vc_column width=&#8221;1\/2&#8243;][elx_download_block text=&#8221;Preuzmite bro\u0161uru za TrinityPro&#8221; document_type=&#8221;brochures&#8221; background_color=&#8221;cat-create&#8221; br_document_number=&#8221;BR-9JE00184&#8243;][\/vc_column][vc_column width=&#8221;1\/2&#8243;][elx_download_block text=&#8221;Preuzmite vodi\u010d za odabir ure\u0111aja TrinityPro&#8221; file_picker=&#8221;35739&#8243; background_color=&#8221;cat-create&#8221;][\/vc_column][\/vc_row][vc_row][vc_column][vc_column_text]<\/p>\n<h2 style=\"text-align: center;\">TrinityPro<br \/>\npravo rje\u0161enje za va\u0161u kuhinju<\/h2>\n<p>[\/vc_column_text][vc_empty_space][\/vc_column][\/vc_row][vc_row][vc_column width=&#8221;1\/3&#8243;][vc_empty_space height=&#8221;25px&#8221;][elx_video_block background_image=&#8221;114595&#8243; video_link=&#8221;https:\/\/www.youtube.com\/watch?v=KmaN2w6H6A0&#8243; minimum_height=&#8221;350px&#8221;][vc_column_text]<\/p>\n<h3 style=\"text-align: center;\">Segment ustanova za skrb<br \/>\nDomovi za starije<\/h3>\n<p>[\/vc_column_text][\/vc_column][vc_column width=&#8221;1\/3&#8243;][vc_empty_space height=&#8221;25px&#8221;][elx_video_block background_image=&#8221;114596&#8243; video_link=&#8221;https:\/\/www.youtube.com\/watch?v=U-7HMLtDu-A&#8221; minimum_height=&#8221;350px&#8221;][vc_column_text]<\/p>\n<h3 style=\"text-align: center;\">Segment ustanova za skrb<br \/>\nObrazovanje<\/h3>\n<p>[\/vc_column_text][\/vc_column][vc_column width=&#8221;1\/3&#8243;][vc_empty_space height=&#8221;25px&#8221;][elx_video_block background_image=&#8221;114597&#8243; video_link=&#8221;https:\/\/www.youtube.com\/watch?v=pvHgvV6L0Q4&#8243; minimum_height=&#8221;350px&#8221;][vc_column_text]<\/p>\n<h3 style=\"text-align: center;\">Segment ugostiteljskih lanaca<\/h3>\n<p>[\/vc_column_text][\/vc_column][\/vc_row][vc_row][vc_column][vc_empty_space height=&#8221;50px&#8221;][\/vc_column][\/vc_row][vc_row el_id=&#8221;contact-us&#8221;][vc_column][elx_heading font_size=&#8221;h2&#8243; text_color=&#8221;inherit&#8221; text_align=&#8221;text-left&#8221;]Obratite se na\u0161im stru\u010dnjacima[\/elx_heading][vc_empty_space][elx_o2000_contact_us r=&#8221;\u017delim saznati vi\u0161e o&#8230;&#8221; s=&#8221;Zahtjev za informacije o&#8230;&#8221; country=&#8221;Croatia&#8221; l=&#8221;hr&#8221; b=&#8221;food&#8221;][vc_empty_space][\/vc_column][\/vc_row][vc_row][vc_column][\/vc_column][\/vc_row]<\/p>\n","protected":false},"excerpt":{"rendered":"<p>[vc_row full_width=&#8221;electroluxpro-full-width-no-padding&#8221; css=&#8221;.vc_custom_1624030230319{margin-top: -30px !important;border-top-width: -30px !important;padding-top: -30px !important;}&#8221;][vc_column css=&#8221;.vc_custom_1624430963576{padding-top: 50px !important;padding-bottom: 50px !important;}&#8221;][elx_hero_video text_position=&#8221;hero_video_text_align_left&#8221; background_colors=&#8221;background-gold&#8221; background_video_mp4=&#8221;https:\/\/www.electroluxprofessional.com\/wp-content\/uploads\/2021\/06\/TrinityPro-Web-Banner.mp4&#8243;][vc_column_text] TrinityPro Izvan granica zamislivoga [\/vc_column_text][vc_empty_space][vc_column_text]Obratite se na\u0161im stru\u010dnjacima[\/vc_column_text][\/elx_hero_video][\/vc_column][\/vc_row][vc_row full_width=&#8221;electroluxpro-full-width-no-padding&#8221; disable_element=&#8221;yes&#8221; css=&#8221;.vc_custom_1624430911394{margin-top: -30px !important;border-top-width: -30px !important;padding-top: -30px !important;}&#8221;][vc_column][elx_full_banner title=&#8221;TrinityPro Beyond imagination&#8221; set_as_h1=&#8221;true&#8221; background_image_media_library=&#8221;114610&#8243; background_image_media_library_mobile=&#8221;35635&#8243; link=&#8221;url:%23contact-us|title:Get%20in%20contact%20with%20our%20Experts||&#8221;][\/vc_column][\/vc_row][vc_row][vc_column][vc_empty_space][\/vc_column][\/vc_row][vc_row][vc_column width=&#8221;1\/3&#8243; offset=&#8221;vc_hidden-xs&#8221;][vc_column_text] Reza\u010di povr\u0107a [\/vc_column_text][vc_empty_space height=&#8221;15px&#8221;][vc_single_image image=&#8221;114598&#8243; img_size=&#8221;large&#8221; alignment=&#8221;center&#8221;][\/vc_column][vc_column width=&#8221;1\/3&#8243; offset=&#8221;vc_hidden-xs&#8221;][vc_column_text] Prera\u0111iva\u010di hrane \u2013 [&hellip;]<\/p>\n","protected":false},"author":8,"featured_media":0,"parent":114949,"menu_order":0,"comment_status":"closed","ping_status":"closed","template":"","meta":{"footnotes":""},"class_list":["post-114611","page","type-page","status-publish","hentry"],"acf":[],"yoast_head":"<!-- This site is optimized with the Yoast SEO plugin v23.3 - https:\/\/yoast.com\/wordpress\/plugins\/seo\/ -->\n<title>TrinityPro - Electrolux Professional Hrvatska<\/title>\n<meta name=\"description\" content=\"Reza\u010di povr\u0107a, mikseri-kuteri i kombinirani ure\u0111aji TrinityPro dio su linije profesionalnih i kompaktnih ure\u0111aja koji se odlikuju visokom u\u010dinkovito\u0161\u0107u, jednostavno\u0161\u0107u upotrebe i potpunom opremljeno\u0161\u0107u dodatcima.\" \/>\n<meta name=\"robots\" content=\"index, follow, max-snippet:-1, max-image-preview:large, max-video-preview:-1\" \/>\n<link rel=\"canonical\" href=\"https:\/\/www.electroluxprofessional.com\/hr\/kuhinjska-oprema\/mikser-kuteri-rezaci-povrca-i-kombinirani-uredaji\/trinitypro\/\" \/>\n<meta property=\"og:locale\" content=\"hr_HR\" \/>\n<meta property=\"og:type\" content=\"article\" \/>\n<meta property=\"og:title\" content=\"TrinityPro - Electrolux Professional Hrvatska\" \/>\n<meta property=\"og:description\" content=\"Reza\u010di povr\u0107a, mikseri-kuteri i kombinirani ure\u0111aji TrinityPro dio su linije profesionalnih i kompaktnih ure\u0111aja koji se odlikuju visokom u\u010dinkovito\u0161\u0107u, jednostavno\u0161\u0107u upotrebe i potpunom opremljeno\u0161\u0107u dodatcima.\" \/>\n<meta property=\"og:url\" content=\"https:\/\/www.electroluxprofessional.com\/hr\/kuhinjska-oprema\/mikser-kuteri-rezaci-povrca-i-kombinirani-uredaji\/trinitypro\/\" \/>\n<meta property=\"og:site_name\" content=\"Electrolux Professional Hrvatska\" \/>\n<meta property=\"article:modified_time\" content=\"2021-10-22T09:10:53+00:00\" \/>\n<meta name=\"twitter:card\" content=\"summary_large_image\" \/>\n<meta name=\"twitter:label1\" content=\"Procijenjeno vrijeme \u010ditanja\" \/>\n\t<meta name=\"twitter:data1\" content=\"7 minuta\" \/>\n<script type=\"application\/ld+json\" class=\"yoast-schema-graph\">{\"@context\":\"https:\/\/schema.org\",\"@graph\":[{\"@type\":\"WebPage\",\"@id\":\"https:\/\/www.electroluxprofessional.com\/hr\/kuhinjska-oprema\/mikser-kuteri-rezaci-povrca-i-kombinirani-uredaji\/trinitypro\/\",\"url\":\"https:\/\/www.electroluxprofessional.com\/hr\/kuhinjska-oprema\/mikser-kuteri-rezaci-povrca-i-kombinirani-uredaji\/trinitypro\/\",\"name\":\"TrinityPro - Electrolux Professional Hrvatska\",\"isPartOf\":{\"@id\":\"https:\/\/www.electroluxprofessional.com\/hr\/#website\"},\"datePublished\":\"2021-07-02T07:05:33+00:00\",\"dateModified\":\"2021-10-22T09:10:53+00:00\",\"description\":\"Reza\u010di povr\u0107a, mikseri-kuteri i kombinirani ure\u0111aji TrinityPro dio su linije profesionalnih i kompaktnih ure\u0111aja koji se odlikuju visokom u\u010dinkovito\u0161\u0107u, jednostavno\u0161\u0107u upotrebe i potpunom opremljeno\u0161\u0107u dodatcima.\",\"breadcrumb\":{\"@id\":\"https:\/\/www.electroluxprofessional.com\/hr\/kuhinjska-oprema\/mikser-kuteri-rezaci-povrca-i-kombinirani-uredaji\/trinitypro\/#breadcrumb\"},\"inLanguage\":\"hr\",\"potentialAction\":[{\"@type\":\"ReadAction\",\"target\":[\"https:\/\/www.electroluxprofessional.com\/hr\/kuhinjska-oprema\/mikser-kuteri-rezaci-povrca-i-kombinirani-uredaji\/trinitypro\/\"]}]},{\"@type\":\"BreadcrumbList\",\"@id\":\"https:\/\/www.electroluxprofessional.com\/hr\/kuhinjska-oprema\/mikser-kuteri-rezaci-povrca-i-kombinirani-uredaji\/trinitypro\/#breadcrumb\",\"itemListElement\":[{\"@type\":\"ListItem\",\"position\":1,\"name\":\"Po\u010detna stranica\",\"item\":\"https:\/\/www.electroluxprofessional.com\/hr\/\"},{\"@type\":\"ListItem\",\"position\":2,\"name\":\"Kuhinjska oprema\",\"item\":\"https:\/\/www.electroluxprofessional.com\/hr\/kuhinjska-oprema\/\"},{\"@type\":\"ListItem\",\"position\":3,\"name\":\"Mikser-kuteri, reza\u010di povr\u0107a i kombinirani ure\u0111aji\",\"item\":\"https:\/\/www.electroluxprofessional.com\/hr\/kuhinjska-oprema\/mikser-kuteri-rezaci-povrca-i-kombinirani-uredaji\/\"},{\"@type\":\"ListItem\",\"position\":4,\"name\":\"TrinityPro\"}]},{\"@type\":\"WebSite\",\"@id\":\"https:\/\/www.electroluxprofessional.com\/hr\/#website\",\"url\":\"https:\/\/www.electroluxprofessional.com\/hr\/\",\"name\":\"Electrolux Professional Hrvatska\",\"description\":\"\",\"potentialAction\":[{\"@type\":\"SearchAction\",\"target\":{\"@type\":\"EntryPoint\",\"urlTemplate\":\"https:\/\/www.electroluxprofessional.com\/hr\/?src={search_term_string}\"},\"query-input\":\"required name=search_term_string\"}],\"inLanguage\":\"hr\"}]}<\/script>\n<!-- \/ Yoast SEO plugin. -->","yoast_head_json":{"title":"TrinityPro - Electrolux Professional Hrvatska","description":"Reza\u010di povr\u0107a, mikseri-kuteri i kombinirani ure\u0111aji TrinityPro dio su linije profesionalnih i kompaktnih ure\u0111aja koji se odlikuju visokom u\u010dinkovito\u0161\u0107u, jednostavno\u0161\u0107u upotrebe i potpunom opremljeno\u0161\u0107u dodatcima.","robots":{"index":"index","follow":"follow","max-snippet":"max-snippet:-1","max-image-preview":"max-image-preview:large","max-video-preview":"max-video-preview:-1"},"canonical":"https:\/\/www.electroluxprofessional.com\/hr\/kuhinjska-oprema\/mikser-kuteri-rezaci-povrca-i-kombinirani-uredaji\/trinitypro\/","og_locale":"hr_HR","og_type":"article","og_title":"TrinityPro - Electrolux Professional Hrvatska","og_description":"Reza\u010di povr\u0107a, mikseri-kuteri i kombinirani ure\u0111aji TrinityPro dio su linije profesionalnih i kompaktnih ure\u0111aja koji se odlikuju visokom u\u010dinkovito\u0161\u0107u, jednostavno\u0161\u0107u upotrebe i potpunom opremljeno\u0161\u0107u dodatcima.","og_url":"https:\/\/www.electroluxprofessional.com\/hr\/kuhinjska-oprema\/mikser-kuteri-rezaci-povrca-i-kombinirani-uredaji\/trinitypro\/","og_site_name":"Electrolux Professional Hrvatska","article_modified_time":"2021-10-22T09:10:53+00:00","twitter_card":"summary_large_image","twitter_misc":{"Procijenjeno vrijeme \u010ditanja":"7 minuta"},"schema":{"@context":"https:\/\/schema.org","@graph":[{"@type":"WebPage","@id":"https:\/\/www.electroluxprofessional.com\/hr\/kuhinjska-oprema\/mikser-kuteri-rezaci-povrca-i-kombinirani-uredaji\/trinitypro\/","url":"https:\/\/www.electroluxprofessional.com\/hr\/kuhinjska-oprema\/mikser-kuteri-rezaci-povrca-i-kombinirani-uredaji\/trinitypro\/","name":"TrinityPro - Electrolux Professional Hrvatska","isPartOf":{"@id":"https:\/\/www.electroluxprofessional.com\/hr\/#website"},"datePublished":"2021-07-02T07:05:33+00:00","dateModified":"2021-10-22T09:10:53+00:00","description":"Reza\u010di povr\u0107a, mikseri-kuteri i kombinirani ure\u0111aji TrinityPro dio su linije profesionalnih i kompaktnih ure\u0111aja koji se odlikuju visokom u\u010dinkovito\u0161\u0107u, jednostavno\u0161\u0107u upotrebe i potpunom opremljeno\u0161\u0107u dodatcima.","breadcrumb":{"@id":"https:\/\/www.electroluxprofessional.com\/hr\/kuhinjska-oprema\/mikser-kuteri-rezaci-povrca-i-kombinirani-uredaji\/trinitypro\/#breadcrumb"},"inLanguage":"hr","potentialAction":[{"@type":"ReadAction","target":["https:\/\/www.electroluxprofessional.com\/hr\/kuhinjska-oprema\/mikser-kuteri-rezaci-povrca-i-kombinirani-uredaji\/trinitypro\/"]}]},{"@type":"BreadcrumbList","@id":"https:\/\/www.electroluxprofessional.com\/hr\/kuhinjska-oprema\/mikser-kuteri-rezaci-povrca-i-kombinirani-uredaji\/trinitypro\/#breadcrumb","itemListElement":[{"@type":"ListItem","position":1,"name":"Po\u010detna stranica","item":"https:\/\/www.electroluxprofessional.com\/hr\/"},{"@type":"ListItem","position":2,"name":"Kuhinjska oprema","item":"https:\/\/www.electroluxprofessional.com\/hr\/kuhinjska-oprema\/"},{"@type":"ListItem","position":3,"name":"Mikser-kuteri, reza\u010di povr\u0107a i kombinirani ure\u0111aji","item":"https:\/\/www.electroluxprofessional.com\/hr\/kuhinjska-oprema\/mikser-kuteri-rezaci-povrca-i-kombinirani-uredaji\/"},{"@type":"ListItem","position":4,"name":"TrinityPro"}]},{"@type":"WebSite","@id":"https:\/\/www.electroluxprofessional.com\/hr\/#website","url":"https:\/\/www.electroluxprofessional.com\/hr\/","name":"Electrolux Professional Hrvatska","description":"","potentialAction":[{"@type":"SearchAction","target":{"@type":"EntryPoint","urlTemplate":"https:\/\/www.electroluxprofessional.com\/hr\/?src={search_term_string}"},"query-input":"required name=search_term_string"}],"inLanguage":"hr"}]}},"_links":{"self":[{"href":"https:\/\/www.electroluxprofessional.com\/hr\/wp-json\/wp\/v2\/pages\/114611"}],"collection":[{"href":"https:\/\/www.electroluxprofessional.com\/hr\/wp-json\/wp\/v2\/pages"}],"about":[{"href":"https:\/\/www.electroluxprofessional.com\/hr\/wp-json\/wp\/v2\/types\/page"}],"author":[{"embeddable":true,"href":"https:\/\/www.electroluxprofessional.com\/hr\/wp-json\/wp\/v2\/users\/8"}],"replies":[{"embeddable":true,"href":"https:\/\/www.electroluxprofessional.com\/hr\/wp-json\/wp\/v2\/comments?post=114611"}],"version-history":[{"count":2,"href":"https:\/\/www.electroluxprofessional.com\/hr\/wp-json\/wp\/v2\/pages\/114611\/revisions"}],"predecessor-version":[{"id":114699,"href":"https:\/\/www.electroluxprofessional.com\/hr\/wp-json\/wp\/v2\/pages\/114611\/revisions\/114699"}],"up":[{"embeddable":true,"href":"https:\/\/www.electroluxprofessional.com\/hr\/wp-json\/wp\/v2\/pages\/114949"}],"wp:attachment":[{"href":"https:\/\/www.electroluxprofessional.com\/hr\/wp-json\/wp\/v2\/media?parent=114611"}],"curies":[{"name":"wp","href":"https:\/\/api.w.org\/{rel}","templated":true}]}}