{"id":8901,"date":"2019-10-28T10:34:49","date_gmt":"2019-10-28T10:34:49","guid":{"rendered":"https:\/\/www.electroluxprofessional.com\/fr\/?page_id=8901"},"modified":"2026-04-14T14:04:24","modified_gmt":"2026-04-14T14:04:24","slug":"solutions-blanchisserie-creches","status":"publish","type":"page","link":"https:\/\/www.electroluxprofessional.com\/fr\/equipement-blanchisserie\/mypro\/solutions-blanchisserie-creches\/","title":{"rendered":"Solutions de blanchisserie pour les cr\u00e8ches"},"content":{"rendered":"<p>[vc_row full_width=&#8221;electroluxpro-full-width-no-padding&#8221;][vc_column][elx_hero_slider label_text_color=&#8221;inherit&#8221; images=&#8221;8903&#8243;][elx_heading font_container=&#8221;h1&#8243; text_color=&#8221;inherit&#8221;]Solutions de blanchisserie pour les cr\u00e8ches[\/elx_heading][\/elx_hero_slider][\/vc_column][\/vc_row][vc_row][vc_column][vc_empty_space height=&#8221;30px&#8221;][\/vc_column][\/vc_row][vc_row el_id=&#8221;intro&#8221;][vc_column width=&#8221;1\/4&#8243;][vc_empty_space height=&#8221;50px&#8221;][vc_single_image image=&#8221;17062&#8243; img_size=&#8221;250&#215;250&#8243; alignment=&#8221;center&#8221; style=&#8221;vc_box_circle_2&#8243;][\/vc_column][vc_column width=&#8221;3\/4&#8243; css=&#8221;.vc_custom_1565184593434{margin-left: 25px !important;}&#8221;][vc_empty_space height=&#8221;30px&#8221;][elx_heading text_color=&#8221;inherit&#8221;]Gamme de lave-linge et s\u00e8che-linge<br \/>\nsemi-professionnelle myPRO[\/elx_heading][vc_empty_space height=&#8221;30px&#8221;][vc_column_text]Lavez et s\u00e9chez chaque jour tout le linge en contact avec les enfants :<br \/>\nserviettes, draps, couvertures, oreillers, petits matelas et v\u00eatements b\u00e9b\u00e9.<\/p>\n<p>La gamme de lave-linge et s\u00e8che-linge myPRO int\u00e8gre des programmes semi-professionnels adapt\u00e9s \u00e0 votre activit\u00e9, pour des r\u00e9sultats de lavage de qualit\u00e9, en un temps r\u00e9duit.[\/vc_column_text][vc_empty_space height=&#8221;30px&#8221;][\/vc_column][\/vc_row][vc_row][vc_column][vc_single_image image=&#8221;18631&#8243; img_size=&#8221;full&#8221;][vc_empty_space][\/vc_column][\/vc_row][vc_row content_placement=&#8221;middle&#8221; css=&#8221;.vc_custom_1644912199471{padding-top: 25px !important;padding-right: 25px !important;padding-bottom: 25px !important;padding-left: 25px !important;background-color: #f8f8f8 !important;}&#8221; el_id=&#8221;temoignage&#8221;][vc_column width=&#8221;1\/3&#8243;][vc_single_image image=&#8221;8906&#8243; img_size=&#8221;200&#215;200&#8243; alignment=&#8221;center&#8221;][vc_empty_space][elx_heading font_size=&#8221;h4&#8243; text_color=&#8221;inherit&#8221; text_align=&#8221;text-center&#8221; css=&#8221;.vc_custom_1649773512086{margin-top: 0px !important;}&#8221;]Programmes professionnels[\/elx_heading][vc_column_text]<\/p>\n<ul>\n<li class=\" inherit myPRO-light-blue inherit\"><strong>Des cycles courts<\/strong> adapt\u00e9s \u00e0 vos besoins sp\u00e9cifiques<\/li>\n<li class=\" inherit myPRO-light-blue inherit\"><span class=\"s1\"><b>Jusqu\u2019\u00e0 50\u00a0% plus rapide<\/b><\/span>\u00a0gr\u00e2ce \u00e0 des programmes professionnels<\/li>\n<li class=\" inherit myPRO-light-blue inherit\">Cycles de s\u00e9chage plus courts gr\u00e2ce au\u00a0<strong>contr\u00f4le automatique<\/strong>\u00a0de l\u2019humidit\u00e9 RMC, pour un v\u00e9ritable gain de temps<\/li>\n<\/ul>\n<div class=\"wpb_text_column wpb_content_element vc_custom_1569485633396\">\n<div class=\"\"><\/div>\n<\/div>\n<p>[\/vc_column_text][\/vc_column][vc_column width=&#8221;1\/3&#8243;][vc_single_image image=&#8221;8907&#8243; img_size=&#8221;200&#215;200&#8243; alignment=&#8221;center&#8221;][vc_empty_space][elx_heading font_size=&#8221;h4&#8243; text_color=&#8221;inherit&#8221; text_align=&#8221;text-center&#8221; css=&#8221;.vc_custom_1649773523294{margin-top: 0px !important;}&#8221;]Fiabilit\u00e9 et robustesse[\/elx_heading][vc_column_text]<\/p>\n<ul>\n<li class=\" inherit myPRO-light-blue inherit\">Des gains de productivit\u00e9 plus importants et <strong>une dur\u00e9e de vie 3x plus longue<\/strong> par rapport au mat\u00e9riel domestique<\/li>\n<li class=\" inherit myPRO-light-blue inherit\">Une qualit\u00e9 de lavage sup\u00e9rieure avec\u00a0<strong>7500<\/strong>\u00a0<strong>cycles de lavage<\/strong><\/li>\n<li class=\" inherit myPRO-light-blue inherit\">Programmes optimis\u00e9s <strong>pour une utilisation professionnelle\u00a0<\/strong><\/li>\n<\/ul>\n<div class=\"wpb_text_column wpb_content_element vc_custom_1568019074434\">\n<div class=\"\"><\/div>\n<\/div>\n<p>[\/vc_column_text][\/vc_column][vc_column width=&#8221;1\/3&#8243;][vc_single_image image=&#8221;8908&#8243; img_size=&#8221;200&#215;200&#8243; alignment=&#8221;center&#8221;][vc_empty_space][elx_heading font_size=&#8221;h4&#8243; text_color=&#8221;inherit&#8221; text_align=&#8221;text-center&#8221;]Hygi\u00e8ne et confort optimal[\/elx_heading][vc_column_text]<\/p>\n<ul>\n<li class=\"li1\"><strong>Des\u00a0programmes de d\u00e9sinfection<\/strong> sp\u00e9cifiquement con\u00e7us pour vos besoins, vous garantissant une hygi\u00e8ne parfaite<\/li>\n<li class=\"li1\"><strong>Tambour 8 kg SpeedCare<\/strong> avec perforations de 4,5 mm facilitant l&#8217;extraction des salissures et am\u00e9liorant le nettoyage et l&#8217;essorage.<\/li>\n<\/ul>\n<p>[\/vc_column_text][\/vc_column][\/vc_row][vc_row][vc_column][vc_empty_space][\/vc_column][\/vc_row][vc_row css=&#8221;.vc_custom_1649773106222{padding-top: 0px !important;padding-right: 0px !important;padding-bottom: 0px !important;padding-left: 0px !important;}&#8221; el_id=&#8221;directive&#8221;][vc_column css=&#8221;.vc_custom_1637942225091{margin-top: 20px !important;margin-bottom: 20px !important;margin-left: 20px !important;border-right-width: 20px !important;padding-top: 20px !important;padding-right: 20px !important;padding-bottom: 20px !important;padding-left: 20px !important;}&#8221;][vc_row_inner css=&#8221;.vc_custom_1637942080257{padding-top: 10px !important;}&#8221;][vc_column_inner width=&#8221;1\/4&#8243;][vc_single_image image=&#8221;8909&#8243; img_size=&#8221;full&#8221; alignment=&#8221;center&#8221;][vc_empty_space][\/vc_column_inner][vc_column_inner width=&#8221;3\/4&#8243;][elx_heading font_container=&#8221;h3&#8243; text_color=&#8221;inherit&#8221; css=&#8221;.vc_custom_1572258733642{margin-top: 0px !important;}&#8221;]<b>Savez-vous qu\u2019un professionnel doit s\u2019\u00e9quiper en toute conformit\u00e9 ?<\/b>[\/elx_heading][\/vc_column_inner][\/vc_row_inner][vc_column_text css=&#8221;.vc_custom_1666260114621{padding-top: 15px !important;padding-right: 30px !important;padding-bottom: 30px !important;padding-left: 30px !important;}&#8221;]<strong>La Directive Machine<\/strong> a pour but de certifier les mat\u00e9riels afin d\u2019offrir un haut niveau de protection pour la sant\u00e9 et la s\u00e9curit\u00e9 des personnes utilisatrices.<\/p>\n<p><strong>\u00catre en conformit\u00e9 avec la Directive Europ\u00e9enne<\/strong>, c\u2019est l\u2019assurance :<\/p>\n<ul>\n<li>d\u2019un haut niveau de protection pour la sant\u00e9 et la s\u00e9curit\u00e9 des utilisateurs<\/li>\n<li>d\u2019un mat\u00e9riel professionnel conforme et adapt\u00e9 \u00e0 votre utilisation<\/li>\n<li>d\u2019une tranquillit\u00e9 dans la prise en charge garantie par les assurances contre de nombreux risques : incendie, inondation, \u2026<\/li>\n<\/ul>\n<p><a href=\"https:\/\/www.electroluxprofessional.com\/fr\/wp-content\/uploads\/2021\/11\/myPRO-et-myPRO-XL-Directive-Machine_2021.pdf\">&gt; En savoir plus sur la Directive Machine<\/a>[\/vc_column_text][\/vc_column][\/vc_row][vc_row][vc_column][elx_button button_text=&#8221;CONTACTER UN EXPERT&#8221; button_display_block=&#8221;display_block_on&#8221; button_alignment=&#8221;align_center&#8221; button_link=&#8221;url:%23contact&#8221;][vc_empty_space][\/vc_column][\/vc_row][vc_row][vc_column][vc_zigzag][\/vc_column][\/vc_row][vc_row][vc_column width=&#8221;2\/3&#8243;][elx_heading text_color=&#8221;inherit&#8221;]Gamme professionnelle de lave-linge et s\u00e8che-linge Line 6000[\/elx_heading][vc_column_text]<strong>Avec le couple parfait, lavez et s\u00e9chez 60 kg par jour sur moins de 0,4 m2 !<\/strong><\/p>\n<p>Les lave-linge et s\u00e8che-linge Line 6000 sont des mod\u00e8les professionnels con\u00e7us pour <strong>une consommation d\u2019eau, d\u2019\u00e9nergie et de d\u00e9tergent la plus faible possible, tout en offrant<\/strong>\u00a0<strong>la meilleure exp\u00e9rience utilisateur. <\/strong>Avec leur faible encombrement, ils s\u2019int\u00e8grent dans des espaces difficiles et peuvent s&#8217;empiler ou se poser c\u00f4te \u00e0 c\u00f4te.[\/vc_column_text][vc_empty_space][vc_row_inner][vc_column_inner width=&#8221;1\/4&#8243;][vc_single_image image=&#8221;15966&#8243; img_size=&#8221;110&#215;200&#8243;][\/vc_column_inner][vc_column_inner width=&#8221;3\/4&#8243;][vc_empty_space][vc_column_text]Les versions ClarusVibe et Compass Pro des lave-linge et certains des mod\u00e8les de s\u00e8che-linge ont obtenu le <strong>prestigieux classement 4 \u00e9toiles ERGOCERT,<\/strong> le plus haut classement disponible en ergonomie.[\/vc_column_text][\/vc_column_inner][\/vc_row_inner][\/vc_column][vc_column width=&#8221;1\/3&#8243;][vc_single_image image=&#8221;18630&#8243; img_size=&#8221;large&#8221; alignment=&#8221;right&#8221;][\/vc_column][\/vc_row][vc_row][vc_column][vc_empty_space][\/vc_column][\/vc_row][vc_row][vc_column width=&#8221;1\/3&#8243;][vc_column_text]<\/p>\n<h3 class=\" inherit sky-blue inherit\">Plus de productivit\u00e9<br \/>\ndans un format compact<\/h3>\n<div class=\"wpb_text_column wpb_content_element \">\n<div class=\"\">\n<p><span class=\"TextRun SCXP173210854 BCX0\" lang=\"FR-FR\" xml:lang=\"FR-FR\" data-scheme-color=\"@4472C4,4,\" data-contrast=\"none\"><span class=\"NormalTextRun SCXP173210854 BCX0\">Si vous disposez de peu d&#8217;espace, l<\/span><\/span><span class=\"TextRun SCXP173210854 BCX0\" lang=\"FR-FR\" xml:lang=\"FR-FR\" data-scheme-color=\"@4472C4,4,\" data-contrast=\"none\"><span class=\"NormalTextRun SCXP173210854 BCX0\">e lave-linge WH6-6 et <\/span><\/span><span class=\"TextRun SCXP173210854 BCX0\" lang=\"FR-FR\" xml:lang=\"FR-FR\" data-scheme-color=\"@FF0000,,\" data-contrast=\"none\"><span class=\"NormalTextRun SCXP173210854 BCX0\">le s\u00e8che-linge<\/span><\/span><span class=\"TextRun SCXP173210854 BCX0\" lang=\"FR-FR\" xml:lang=\"FR-FR\" data-scheme-color=\"@4472C4,4,\" data-contrast=\"none\"><span class=\"NormalTextRun SCXP173210854 BCX0\"> TD6-7 sont <\/span><\/span><span class=\"TextRun SCXP173210854 BCX0\" lang=\"FR-FR\" xml:lang=\"FR-FR\" data-scheme-color=\"@4472C4,4,\" data-contrast=\"none\"><span class=\"NormalTextRun SCXP173210854 BCX0\">con\u00e7us dans un format compact et<\/span><\/span><span class=\"TextRun SCXP173210854 BCX0\" lang=\"FR-FR\" xml:lang=\"FR-FR\" data-scheme-color=\"@4472C4,4,\" data-contrast=\"none\"><span class=\"NormalTextRun SCXP173210854 BCX0\"> am\u00e9lioreront vos process de lavage du linge, <\/span><\/span><span class=\"TextRun SCXP173210854 BCX0\" lang=\"FR-FR\" xml:lang=\"FR-FR\" data-scheme-color=\"@4472C4,4,\" data-contrast=\"none\"><span class=\"NormalTextRun SCXP173210854 BCX0\">pour plus de productivit\u00e9 et moins de co\u00fbts<\/span><\/span><span class=\"TextRun SCXP173210854 BCX0\" lang=\"FR-FR\" xml:lang=\"FR-FR\" data-scheme-color=\"@4472C4,4,\" data-contrast=\"none\"><span class=\"NormalTextRun SCXP173210854 BCX0\">.<\/span><\/span><\/p>\n<\/div>\n<\/div>\n<p>[\/vc_column_text][\/vc_column][vc_column width=&#8221;1\/3&#8243;][vc_column_text]<\/p>\n<h3 class=\" inherit sky-blue inherit\">Puissance &amp; capacit\u00e9 de la colonne<\/h3>\n<div class=\"wpb_text_column wpb_content_element \">\n<div class=\"\">\n<p><span class=\"TextRun SCXP97450691 BCX0\" lang=\"FR-FR\" xml:lang=\"FR-FR\" data-scheme-color=\"@4472C4,4,\" data-contrast=\"none\"><span class=\"NormalTextRun SCXP97450691 BCX0\">La lave-linge WH6-6 et le s\u00e8che-linge TD6-7 <\/span><\/span><span class=\"TextRun SCXP97450691 BCX0\" lang=\"FR\" xml:lang=\"FR\" data-scheme-color=\"@4472C4,4,\" data-contrast=\"none\"><span class=\"NormalTextRun SCXP97450691 BCX0\">peuvent \u00eatre empil\u00e9s <\/span><\/span><span class=\"TextRun SCXP97450691 BCX0\" lang=\"FR\" xml:lang=\"FR\" data-scheme-color=\"@FF0000,,\" data-contrast=\"none\"><span class=\"NormalTextRun SCXP97450691 BCX0\">verticalement<\/span><\/span><span class=\"TextRun SCXP97450691 BCX0\" lang=\"FR\" xml:lang=\"FR\" data-scheme-color=\"@4472C4,4,\" data-contrast=\"none\"><span class=\"NormalTextRun SCXP97450691 BCX0\"> pour gagner de l\u2019espace. Le <\/span><\/span><span class=\"TextRun SCXP97450691 BCX0\" lang=\"FR\" xml:lang=\"FR\" data-scheme-color=\"@4472C4,4,\" data-contrast=\"none\"><span class=\"NormalTextRun SCXP97450691 BCX0\">panneau de commande\u00a0<\/span><\/span><span class=\"TextRun SCXP97450691 BCX0\" lang=\"FR\" xml:lang=\"FR\" data-scheme-color=\"@FF0000,,\" data-contrast=\"none\"><span class=\"NormalTextRun SCXP97450691 BCX0\">du s\u00e8che-linge <\/span><\/span><span class=\"TextRun SCXP97450691 BCX0\" lang=\"FR\" xml:lang=\"FR\" data-scheme-color=\"@4472C4,4,\" data-contrast=\"none\"><span class=\"NormalTextRun SCXP97450691 BCX0\">est ainsi d\u00e9plac\u00e9 vers le bas pour une meilleure accessibilit\u00e9.\u00a0<\/span><\/span><\/p>\n<\/div>\n<\/div>\n<p>[\/vc_column_text][\/vc_column][vc_column width=&#8221;1\/3&#8243;][vc_column_text]<\/p>\n<h3 class=\" inherit sky-blue inherit\">Interface<br \/>\nintelligente<\/h3>\n<div class=\"wpb_text_column wpb_content_element \">\n<div class=\"\">\n<p><span class=\"TextRun SCXP214899436 BCX0\" lang=\"FR\" xml:lang=\"FR\" data-scheme-color=\"@4472C4,4,\" data-contrast=\"none\"><span class=\"NormalTextRun SCXP214899436 BCX0\">Le microprocesseur Compass Pro\u00ae fonctionne sur un grand \u00e9cran et vous permet de<\/span><\/span><span class=\"TextRun SCXP214899436 BCX0\" lang=\"FR\" xml:lang=\"FR\" data-scheme-color=\"@4472C4,4,\" data-contrast=\"none\"><span class=\"NormalTextRun SCXP214899436 BCX0\"> s\u00e9lectionner votre programme. Il dispose de boutons de s\u00e9lection <\/span><\/span><span class=\"TextRun SCXP214899436 BCX0\" lang=\"FR\" xml:lang=\"FR\" data-scheme-color=\"@4472C4,4,\" data-contrast=\"none\"><span class=\"NormalTextRun SCXP214899436 BCX0\">rapide<\/span><\/span><span class=\"TextRun SCXP214899436 BCX0\" lang=\"FR\" xml:lang=\"FR\" data-scheme-color=\"@FF0000,,\" data-contrast=\"none\"><span class=\"NormalTextRun SCXP214899436 BCX0\">s<\/span><\/span><span class=\"TextRun SCXP214899436 BCX0\" lang=\"FR\" xml:lang=\"FR\" data-scheme-color=\"@4472C4,4,\" data-contrast=\"none\"><span class=\"NormalTextRun SCXP214899436 BCX0\"> pour les programmes fr\u00e9quemment utilis\u00e9s et de nouvelles ic\u00f4nes intuitives<\/span><\/span><span class=\"TextRun SCXP214899436 BCX0\" lang=\"FR\" xml:lang=\"FR\" data-scheme-color=\"@4472C4,4,\" data-contrast=\"none\"><span class=\"NormalTextRun SCXP214899436 BCX0\">.<\/span><\/span><\/p>\n<\/div>\n<\/div>\n<p>[\/vc_column_text][\/vc_column][\/vc_row][vc_row el_id=&#8221;contact&#8221;][vc_column][vc_empty_space][elx_heading text_color=&#8221;inherit&#8221;]Pour plus d&#8217;informations, contactez nos experts blanchisserie :[\/elx_heading][vc_empty_space][elx_o2000_contact_us s=&#8221;Demande d&#8217;informations cr\u00e8ches&#8221; country=&#8221;France&#8221; b=&#8221;laundry-semi-professional&#8221; r=&#8221;Je souhaiterais en savoir plus sur les solutions blanchisserie pour les cr\u00e8ches&#8221;][\/vc_column][\/vc_row]<\/p>\n","protected":false},"excerpt":{"rendered":"<p>[vc_row full_width=&#8221;electroluxpro-full-width-no-padding&#8221;][vc_column][elx_hero_slider label_text_color=&#8221;inherit&#8221; images=&#8221;8903&#8243;][elx_heading font_container=&#8221;h1&#8243; text_color=&#8221;inherit&#8221;]Solutions de blanchisserie pour les cr\u00e8ches[\/elx_heading][\/elx_hero_slider][\/vc_column][\/vc_row][vc_row][vc_column][vc_empty_space height=&#8221;30px&#8221;][\/vc_column][\/vc_row][vc_row el_id=&#8221;intro&#8221;][vc_column width=&#8221;1\/4&#8243;][vc_empty_space height=&#8221;50px&#8221;][vc_single_image image=&#8221;17062&#8243; img_size=&#8221;250&#215;250&#8243; alignment=&#8221;center&#8221; style=&#8221;vc_box_circle_2&#8243;][\/vc_column][vc_column width=&#8221;3\/4&#8243; css=&#8221;.vc_custom_1565184593434{margin-left: 25px !important;}&#8221;][vc_empty_space height=&#8221;30px&#8221;][elx_heading text_color=&#8221;inherit&#8221;]Gamme de lave-linge et s\u00e8che-linge semi-professionnelle myPRO[\/elx_heading][vc_empty_space height=&#8221;30px&#8221;][vc_column_text]Lavez et s\u00e9chez chaque jour tout le linge en contact avec les enfants : serviettes, draps, couvertures, oreillers, petits matelas et v\u00eatements b\u00e9b\u00e9. La [&hellip;]<\/p>\n","protected":false},"author":4,"featured_media":0,"parent":26416,"menu_order":0,"comment_status":"closed","ping_status":"closed","template":"","meta":{"footnotes":""},"class_list":["post-8901","page","type-page","status-publish","hentry"],"acf":[],"yoast_head":"<!-- This site is optimized with the Yoast SEO plugin v23.3 - https:\/\/yoast.com\/wordpress\/plugins\/seo\/ -->\n<title>Cr\u00e8che - myPRO la solution de lavage s\u00e9chage | Electrolux Professional<\/title>\n<meta name=\"description\" content=\"D\u00e9couvrez les solutions de lavage et de s\u00e9chage myPRO, id\u00e9ales pour votre cr\u00e8che ! Du mat\u00e9riel professionnel con\u00e7u pour les usages intensifs.\" \/>\n<meta name=\"robots\" content=\"index, follow, max-snippet:-1, max-image-preview:large, max-video-preview:-1\" \/>\n<link rel=\"canonical\" href=\"https:\/\/www.electroluxprofessional.com\/fr\/equipement-blanchisserie\/mypro\/solutions-blanchisserie-creches\/\" \/>\n<meta property=\"og:locale\" content=\"fr_FR\" \/>\n<meta property=\"og:type\" content=\"article\" \/>\n<meta property=\"og:title\" content=\"Cr\u00e8che - myPRO la solution de lavage s\u00e9chage | Electrolux Professional\" \/>\n<meta property=\"og:description\" content=\"D\u00e9couvrez les solutions de lavage et de s\u00e9chage myPRO, id\u00e9ales pour votre cr\u00e8che ! Du mat\u00e9riel professionnel con\u00e7u pour les usages intensifs.\" \/>\n<meta property=\"og:url\" content=\"https:\/\/www.electroluxprofessional.com\/fr\/equipement-blanchisserie\/mypro\/solutions-blanchisserie-creches\/\" \/>\n<meta property=\"og:site_name\" content=\"Electrolux Professional France\" \/>\n<meta property=\"article:modified_time\" content=\"2026-04-14T14:04:24+00:00\" \/>\n<meta name=\"twitter:card\" content=\"summary_large_image\" \/>\n<meta name=\"twitter:label1\" content=\"Dur\u00e9e de lecture estim\u00e9e\" \/>\n\t<meta name=\"twitter:data1\" content=\"6 minutes\" \/>\n<script type=\"application\/ld+json\" class=\"yoast-schema-graph\">{\"@context\":\"https:\/\/schema.org\",\"@graph\":[{\"@type\":\"WebPage\",\"@id\":\"https:\/\/www.electroluxprofessional.com\/fr\/equipement-blanchisserie\/mypro\/solutions-blanchisserie-creches\/\",\"url\":\"https:\/\/www.electroluxprofessional.com\/fr\/equipement-blanchisserie\/mypro\/solutions-blanchisserie-creches\/\",\"name\":\"Cr\u00e8che - myPRO la solution de lavage s\u00e9chage | Electrolux Professional\",\"isPartOf\":{\"@id\":\"https:\/\/www.electroluxprofessional.com\/fr\/#website\"},\"datePublished\":\"2019-10-28T10:34:49+00:00\",\"dateModified\":\"2026-04-14T14:04:24+00:00\",\"description\":\"D\u00e9couvrez les solutions de lavage et de s\u00e9chage myPRO, id\u00e9ales pour votre cr\u00e8che ! Du mat\u00e9riel professionnel con\u00e7u pour les usages intensifs.\",\"breadcrumb\":{\"@id\":\"https:\/\/www.electroluxprofessional.com\/fr\/equipement-blanchisserie\/mypro\/solutions-blanchisserie-creches\/#breadcrumb\"},\"inLanguage\":\"fr-FR\",\"potentialAction\":[{\"@type\":\"ReadAction\",\"target\":[\"https:\/\/www.electroluxprofessional.com\/fr\/equipement-blanchisserie\/mypro\/solutions-blanchisserie-creches\/\"]}]},{\"@type\":\"BreadcrumbList\",\"@id\":\"https:\/\/www.electroluxprofessional.com\/fr\/equipement-blanchisserie\/mypro\/solutions-blanchisserie-creches\/#breadcrumb\",\"itemListElement\":[{\"@type\":\"ListItem\",\"position\":1,\"name\":\"Home\",\"item\":\"https:\/\/www.electroluxprofessional.com\/fr\/\"},{\"@type\":\"ListItem\",\"position\":2,\"name\":\"Equipements de blanchisserie professionnelle\",\"item\":\"https:\/\/www.electroluxprofessional.com\/fr\/equipement-blanchisserie\/\"},{\"@type\":\"ListItem\",\"position\":3,\"name\":\"Machine \u00e0 laver et s\u00e8che-linge semi-professionnels myPRO\",\"item\":\"https:\/\/www.electroluxprofessional.com\/fr\/equipement-blanchisserie\/mypro\/\"},{\"@type\":\"ListItem\",\"position\":4,\"name\":\"Solutions de blanchisserie pour les cr\u00e8ches\"}]},{\"@type\":\"WebSite\",\"@id\":\"https:\/\/www.electroluxprofessional.com\/fr\/#website\",\"url\":\"https:\/\/www.electroluxprofessional.com\/fr\/\",\"name\":\"Electrolux Professional France\",\"description\":\"\",\"potentialAction\":[{\"@type\":\"SearchAction\",\"target\":{\"@type\":\"EntryPoint\",\"urlTemplate\":\"https:\/\/www.electroluxprofessional.com\/fr\/?src={search_term_string}\"},\"query-input\":\"required name=search_term_string\"}],\"inLanguage\":\"fr-FR\"}]}<\/script>\n<!-- \/ Yoast SEO plugin. -->","yoast_head_json":{"title":"Cr\u00e8che - myPRO la solution de lavage s\u00e9chage | Electrolux Professional","description":"D\u00e9couvrez les solutions de lavage et de s\u00e9chage myPRO, id\u00e9ales pour votre cr\u00e8che ! Du mat\u00e9riel professionnel con\u00e7u pour les usages intensifs.","robots":{"index":"index","follow":"follow","max-snippet":"max-snippet:-1","max-image-preview":"max-image-preview:large","max-video-preview":"max-video-preview:-1"},"canonical":"https:\/\/www.electroluxprofessional.com\/fr\/equipement-blanchisserie\/mypro\/solutions-blanchisserie-creches\/","og_locale":"fr_FR","og_type":"article","og_title":"Cr\u00e8che - myPRO la solution de lavage s\u00e9chage | Electrolux Professional","og_description":"D\u00e9couvrez les solutions de lavage et de s\u00e9chage myPRO, id\u00e9ales pour votre cr\u00e8che ! Du mat\u00e9riel professionnel con\u00e7u pour les usages intensifs.","og_url":"https:\/\/www.electroluxprofessional.com\/fr\/equipement-blanchisserie\/mypro\/solutions-blanchisserie-creches\/","og_site_name":"Electrolux Professional France","article_modified_time":"2026-04-14T14:04:24+00:00","twitter_card":"summary_large_image","twitter_misc":{"Dur\u00e9e de lecture estim\u00e9e":"6 minutes"},"schema":{"@context":"https:\/\/schema.org","@graph":[{"@type":"WebPage","@id":"https:\/\/www.electroluxprofessional.com\/fr\/equipement-blanchisserie\/mypro\/solutions-blanchisserie-creches\/","url":"https:\/\/www.electroluxprofessional.com\/fr\/equipement-blanchisserie\/mypro\/solutions-blanchisserie-creches\/","name":"Cr\u00e8che - myPRO la solution de lavage s\u00e9chage | Electrolux Professional","isPartOf":{"@id":"https:\/\/www.electroluxprofessional.com\/fr\/#website"},"datePublished":"2019-10-28T10:34:49+00:00","dateModified":"2026-04-14T14:04:24+00:00","description":"D\u00e9couvrez les solutions de lavage et de s\u00e9chage myPRO, id\u00e9ales pour votre cr\u00e8che ! Du mat\u00e9riel professionnel con\u00e7u pour les usages intensifs.","breadcrumb":{"@id":"https:\/\/www.electroluxprofessional.com\/fr\/equipement-blanchisserie\/mypro\/solutions-blanchisserie-creches\/#breadcrumb"},"inLanguage":"fr-FR","potentialAction":[{"@type":"ReadAction","target":["https:\/\/www.electroluxprofessional.com\/fr\/equipement-blanchisserie\/mypro\/solutions-blanchisserie-creches\/"]}]},{"@type":"BreadcrumbList","@id":"https:\/\/www.electroluxprofessional.com\/fr\/equipement-blanchisserie\/mypro\/solutions-blanchisserie-creches\/#breadcrumb","itemListElement":[{"@type":"ListItem","position":1,"name":"Home","item":"https:\/\/www.electroluxprofessional.com\/fr\/"},{"@type":"ListItem","position":2,"name":"Equipements de blanchisserie professionnelle","item":"https:\/\/www.electroluxprofessional.com\/fr\/equipement-blanchisserie\/"},{"@type":"ListItem","position":3,"name":"Machine \u00e0 laver et s\u00e8che-linge semi-professionnels myPRO","item":"https:\/\/www.electroluxprofessional.com\/fr\/equipement-blanchisserie\/mypro\/"},{"@type":"ListItem","position":4,"name":"Solutions de blanchisserie pour les cr\u00e8ches"}]},{"@type":"WebSite","@id":"https:\/\/www.electroluxprofessional.com\/fr\/#website","url":"https:\/\/www.electroluxprofessional.com\/fr\/","name":"Electrolux Professional France","description":"","potentialAction":[{"@type":"SearchAction","target":{"@type":"EntryPoint","urlTemplate":"https:\/\/www.electroluxprofessional.com\/fr\/?src={search_term_string}"},"query-input":"required name=search_term_string"}],"inLanguage":"fr-FR"}]}},"_links":{"self":[{"href":"https:\/\/www.electroluxprofessional.com\/fr\/wp-json\/wp\/v2\/pages\/8901"}],"collection":[{"href":"https:\/\/www.electroluxprofessional.com\/fr\/wp-json\/wp\/v2\/pages"}],"about":[{"href":"https:\/\/www.electroluxprofessional.com\/fr\/wp-json\/wp\/v2\/types\/page"}],"author":[{"embeddable":true,"href":"https:\/\/www.electroluxprofessional.com\/fr\/wp-json\/wp\/v2\/users\/4"}],"replies":[{"embeddable":true,"href":"https:\/\/www.electroluxprofessional.com\/fr\/wp-json\/wp\/v2\/comments?post=8901"}],"version-history":[{"count":52,"href":"https:\/\/www.electroluxprofessional.com\/fr\/wp-json\/wp\/v2\/pages\/8901\/revisions"}],"predecessor-version":[{"id":32137,"href":"https:\/\/www.electroluxprofessional.com\/fr\/wp-json\/wp\/v2\/pages\/8901\/revisions\/32137"}],"up":[{"embeddable":true,"href":"https:\/\/www.electroluxprofessional.com\/fr\/wp-json\/wp\/v2\/pages\/26416"}],"wp:attachment":[{"href":"https:\/\/www.electroluxprofessional.com\/fr\/wp-json\/wp\/v2\/media?parent=8901"}],"curies":[{"name":"wp","href":"https:\/\/api.w.org\/{rel}","templated":true}]}}