{"id":8290,"date":"2019-02-19T13:36:32","date_gmt":"2019-02-19T13:36:32","guid":{"rendered":"https:\/\/professional.electrolux.be\/nl\/?page_id=6948"},"modified":"2026-03-30T09:23:14","modified_gmt":"2026-03-30T09:23:14","slug":"calculateur","status":"publish","type":"page","link":"https:\/\/www.electroluxprofessional.com\/fr\/equipement-cuisine\/calculateur\/","title":{"rendered":"SpeeDelight Calculateur"},"content":{"rendered":"<p>[vc_row full_width=&#8221;electroluxpro-full-width-no-padding&#8221;][vc_column][elx_image_block background_image=&#8221;8289&#8243; minimum_height=&#8221;400px&#8221;][\/vc_column][\/vc_row][vc_row][vc_column][vc_raw_html]JTNDZGl2JTIwaWQlM0QlMjJDYWxjdWxhdG9yJTIyJTNFJTNDJTJGZGl2JTNF[\/vc_raw_html][elx_heading font_container=&#8221;h1&#8243; font_size=&#8221;h2&#8243; text_color=&#8221;inherit&#8221;]<strong>Un effort minimal et un r\u00e9sultat maximum<br \/>\n<\/strong>[\/elx_heading][elx_heading font_container=&#8221;h3&#8243; text_color=&#8221;inherit&#8221;]D\u00e9couvrez votre nouvelle production et vos \u00e9conomies avec SpeeDelight[\/elx_heading][vc_empty_space height=&#8221;50px&#8221;][vc_raw_js]JTNDc2NyaXB0JTIwc3JjJTNEJTIyaHR0cHMlM0ElMkYlMkZ3d3cuZXByLWFwcHMuY29tJTJGd2lkZ2V0cyUyRmNvZGUlMkZqcXVlcnktdWkuanMlMjIlM0UlM0MlMkZzY3JpcHQlM0UlMEElM0NzY3JpcHQlMjBzcmMlM0QlMjJodHRwcyUzQSUyRiUyRnd3dy5lcHItYXBwcy5jb20lMkZ3aWRnZXRzJTJGY29kZSUyRmFuZ3VsYXIubWluLmpzJTIyJTNFJTNDJTJGc2NyaXB0JTNFJTBBJTNDc2NyaXB0JTIwc3JjJTNEJTIyaHR0cHMlM0ElMkYlMkZ3d3cuZXByLWFwcHMuY29tJTJGd2lkZ2V0cyUyRmNvZGUlMkZhbmd1bGFyLXNhbml0aXplLmpzJTIyJTNFJTNDJTJGc2NyaXB0JTNFJTBBJTNDc2NyaXB0JTIwc3JjJTNEJTIyaHR0cHMlM0ElMkYlMkZ3d3cuZXByLWFwcHMuY29tJTJGd2lkZ2V0cyUyRmNvZGUlMkZoaWdoY2hhcnRzJTJGSGlnaGNoYXJ0c0NhbGN1bGF0b3JzLmpzJTIyJTNFJTNDJTJGc2NyaXB0JTNFJTBBJTNDc2NyaXB0JTIwc3JjJTNEJTIyaHR0cHMlM0ElMkYlMkZ3d3cuZXByLWFwcHMuY29tJTJGY2FsY3VsYXRvcnMlMkZzcGVlZGVsaWdodCUyRnJlc291cmNlcyUyRmpzJTJGbWFpbi5taW4uanMlMjIlM0UlM0MlMkZzY3JpcHQlM0UlMEElM0NzY3JpcHQlMjB0eXBlJTNEJTIydGV4dCUyRmphdmFzY3JpcHQlMjIlM0UlMkYlMkYlMjAlM0MlMjElNUJDREFUQSU1QiUwQXZhciUyMHNldHRpbmdTcGVlZGVsaWdodCUyMCUzRCUyMCU3QiUwQWxhbmd1YWdlJTNBJTI3ZnIlMjclMkMlMEFjb3VudHJ5JTNBJTI3RnJhbmNlJTI3JTJDJTBBY29udGFpbmVyJTNBJTI3c3BlZWRlbGlnaHRfanNvbl93cmFwcGVyJTI3JTBBJTdEJTBBd2luZG93Lm9ubG9hZCUyMCUzRCUyMG9uTG9hZGJvb3RzdHJhcFNwZWVkZWxpZ2h0JTI4c2V0dGluZ1NwZWVkZWxpZ2h0JTI5JTNCJTBBJTJGJTJGJTIwJTVEJTVEJTNFJTNDJTJGc2NyaXB0JTNFJTBBJTNDZGl2JTIwaWQlM0QlMjJzcGVlZGVsaWdodF9qc29uX3dyYXBwZXIlMjIlM0UlM0MlMkZkaXYlM0U=[\/vc_raw_js][\/vc_column][\/vc_row]<\/p>\n","protected":false},"excerpt":{"rendered":"<p>[vc_row full_width=&#8221;electroluxpro-full-width-no-padding&#8221;][vc_column][elx_image_block background_image=&#8221;8289&#8243; minimum_height=&#8221;400px&#8221;][\/vc_column][\/vc_row][vc_row][vc_column][vc_raw_html]JTNDZGl2JTIwaWQlM0QlMjJDYWxjdWxhdG9yJTIyJTNFJTNDJTJGZGl2JTNF[\/vc_raw_html][elx_heading font_container=&#8221;h1&#8243; font_size=&#8221;h2&#8243; text_color=&#8221;inherit&#8221;]Un effort minimal et un r\u00e9sultat maximum [\/elx_heading][elx_heading font_container=&#8221;h3&#8243; text_color=&#8221;inherit&#8221;]D\u00e9couvrez votre nouvelle production et vos \u00e9conomies avec SpeeDelight[\/elx_heading][vc_empty_space height=&#8221;50px&#8221;][vc_raw_js]JTNDc2NyaXB0JTIwc3JjJTNEJTIyaHR0cHMlM0ElMkYlMkZ3d3cuZXByLWFwcHMuY29tJTJGd2lkZ2V0cyUyRmNvZGUlMkZqcXVlcnktdWkuanMlMjIlM0UlM0MlMkZzY3JpcHQlM0UlMEElM0NzY3JpcHQlMjBzcmMlM0QlMjJodHRwcyUzQSUyRiUyRnd3dy5lcHItYXBwcy5jb20lMkZ3aWRnZXRzJTJGY29kZSUyRmFuZ3VsYXIubWluLmpzJTIyJTNFJTNDJTJGc2NyaXB0JTNFJTBBJTNDc2NyaXB0JTIwc3JjJTNEJTIyaHR0cHMlM0ElMkYlMkZ3d3cuZXByLWFwcHMuY29tJTJGd2lkZ2V0cyUyRmNvZGUlMkZhbmd1bGFyLXNhbml0aXplLmpzJTIyJTNFJTNDJTJGc2NyaXB0JTNFJTBBJTNDc2NyaXB0JTIwc3JjJTNEJTIyaHR0cHMlM0ElMkYlMkZ3d3cuZXByLWFwcHMuY29tJTJGd2lkZ2V0cyUyRmNvZGUlMkZoaWdoY2hhcnRzJTJGSGlnaGNoYXJ0c0NhbGN1bGF0b3JzLmpzJTIyJTNFJTNDJTJGc2NyaXB0JTNFJTBBJTNDc2NyaXB0JTIwc3JjJTNEJTIyaHR0cHMlM0ElMkYlMkZ3d3cuZXByLWFwcHMuY29tJTJGY2FsY3VsYXRvcnMlMkZzcGVlZGVsaWdodCUyRnJlc291cmNlcyUyRmpzJTJGbWFpbi5taW4uanMlMjIlM0UlM0MlMkZzY3JpcHQlM0UlMEElM0NzY3JpcHQlMjB0eXBlJTNEJTIydGV4dCUyRmphdmFzY3JpcHQlMjIlM0UlMkYlMkYlMjAlM0MlMjElNUJDREFUQSU1QiUwQXZhciUyMHNldHRpbmdTcGVlZGVsaWdodCUyMCUzRCUyMCU3QiUwQWxhbmd1YWdlJTNBJTI3ZnIlMjclMkMlMEFjb3VudHJ5JTNBJTI3RnJhbmNlJTI3JTJDJTBBY29udGFpbmVyJTNBJTI3c3BlZWRlbGlnaHRfanNvbl93cmFwcGVyJTI3JTBBJTdEJTBBd2luZG93Lm9ubG9hZCUyMCUzRCUyMG9uTG9hZGJvb3RzdHJhcFNwZWVkZWxpZ2h0JTI4c2V0dGluZ1NwZWVkZWxpZ2h0JTI5JTNCJTBBJTJGJTJGJTIwJTVEJTVEJTNFJTNDJTJGc2NyaXB0JTNFJTBBJTNDZGl2JTIwaWQlM0QlMjJzcGVlZGVsaWdodF9qc29uX3dyYXBwZXIlMjIlM0UlM0MlMkZkaXYlM0U=[\/vc_raw_js][\/vc_column][\/vc_row]<\/p>\n","protected":false},"author":4,"featured_media":8288,"parent":2100,"menu_order":0,"comment_status":"closed","ping_status":"closed","template":"","meta":{"footnotes":""},"class_list":["post-8290","page","type-page","status-publish","has-post-thumbnail","hentry"],"acf":[],"yoast_head":"<!-- This site is optimized with the Yoast SEO plugin v23.3 - https:\/\/yoast.com\/wordpress\/plugins\/seo\/ -->\n<title>SpeeDelight Calculateur | Electrolux Professional<\/title>\n<meta name=\"description\" content=\"D\u00e9couvrez le SpeeDelight Calculateur: l&#039;outil essentiel pour optimiser votre cuisine professionnelle. Simulez les co\u00fbts et gagnez en efficacit\u00e9 !\" \/>\n<meta name=\"robots\" content=\"index, follow, max-snippet:-1, max-image-preview:large, max-video-preview:-1\" \/>\n<link rel=\"canonical\" href=\"https:\/\/www.electroluxprofessional.com\/fr\/equipement-cuisine\/calculateur\/\" \/>\n<meta property=\"og:locale\" content=\"fr_FR\" \/>\n<meta property=\"og:type\" content=\"article\" \/>\n<meta property=\"og:title\" content=\"SpeeDelight Calculateur | Electrolux Professional\" \/>\n<meta property=\"og:description\" content=\"D\u00e9couvrez le SpeeDelight Calculateur: l&#039;outil essentiel pour optimiser votre cuisine professionnelle. Simulez les co\u00fbts et gagnez en efficacit\u00e9 !\" \/>\n<meta property=\"og:url\" content=\"https:\/\/www.electroluxprofessional.com\/fr\/equipement-cuisine\/calculateur\/\" \/>\n<meta property=\"og:site_name\" content=\"Electrolux Professional France\" \/>\n<meta property=\"article:modified_time\" content=\"2026-03-30T09:23:14+00:00\" \/>\n<meta property=\"og:image\" content=\"https:\/\/www.electroluxprofessional.com\/fr\/wp-content\/uploads\/2017\/01\/resultsNoArrow-2.png\" \/>\n\t<meta property=\"og:image:width\" content=\"532\" \/>\n\t<meta property=\"og:image:height\" content=\"628\" \/>\n\t<meta property=\"og:image:type\" content=\"image\/png\" \/>\n<meta name=\"twitter:card\" content=\"summary_large_image\" \/>\n<meta name=\"twitter:label1\" content=\"Dur\u00e9e de lecture estim\u00e9e\" \/>\n\t<meta name=\"twitter:data1\" content=\"1 minute\" \/>\n<script type=\"application\/ld+json\" class=\"yoast-schema-graph\">{\"@context\":\"https:\/\/schema.org\",\"@graph\":[{\"@type\":\"WebPage\",\"@id\":\"https:\/\/www.electroluxprofessional.com\/fr\/equipement-cuisine\/calculateur\/\",\"url\":\"https:\/\/www.electroluxprofessional.com\/fr\/equipement-cuisine\/calculateur\/\",\"name\":\"SpeeDelight Calculateur | Electrolux Professional\",\"isPartOf\":{\"@id\":\"https:\/\/www.electroluxprofessional.com\/fr\/#website\"},\"primaryImageOfPage\":{\"@id\":\"https:\/\/www.electroluxprofessional.com\/fr\/equipement-cuisine\/calculateur\/#primaryimage\"},\"image\":{\"@id\":\"https:\/\/www.electroluxprofessional.com\/fr\/equipement-cuisine\/calculateur\/#primaryimage\"},\"thumbnailUrl\":\"https:\/\/www.electroluxprofessional.com\/fr\/wp-content\/uploads\/2017\/01\/resultsNoArrow-2.png\",\"datePublished\":\"2019-02-19T13:36:32+00:00\",\"dateModified\":\"2026-03-30T09:23:14+00:00\",\"description\":\"D\u00e9couvrez le SpeeDelight Calculateur: l'outil essentiel pour optimiser votre cuisine professionnelle. Simulez les co\u00fbts et gagnez en efficacit\u00e9 !\",\"breadcrumb\":{\"@id\":\"https:\/\/www.electroluxprofessional.com\/fr\/equipement-cuisine\/calculateur\/#breadcrumb\"},\"inLanguage\":\"fr-FR\",\"potentialAction\":[{\"@type\":\"ReadAction\",\"target\":[\"https:\/\/www.electroluxprofessional.com\/fr\/equipement-cuisine\/calculateur\/\"]}]},{\"@type\":\"ImageObject\",\"inLanguage\":\"fr-FR\",\"@id\":\"https:\/\/www.electroluxprofessional.com\/fr\/equipement-cuisine\/calculateur\/#primaryimage\",\"url\":\"https:\/\/www.electroluxprofessional.com\/fr\/wp-content\/uploads\/2017\/01\/resultsNoArrow-2.png\",\"contentUrl\":\"https:\/\/www.electroluxprofessional.com\/fr\/wp-content\/uploads\/2017\/01\/resultsNoArrow-2.png\",\"width\":532,\"height\":628,\"caption\":\"SpeeDelight calculator\"},{\"@type\":\"BreadcrumbList\",\"@id\":\"https:\/\/www.electroluxprofessional.com\/fr\/equipement-cuisine\/calculateur\/#breadcrumb\",\"itemListElement\":[{\"@type\":\"ListItem\",\"position\":1,\"name\":\"Home\",\"item\":\"https:\/\/www.electroluxprofessional.com\/fr\/\"},{\"@type\":\"ListItem\",\"position\":2,\"name\":\"Mat\u00e9riel de cuisine professionnel &#8211; Electrolux Professional\",\"item\":\"https:\/\/www.electroluxprofessional.com\/fr\/equipement-cuisine\/\"},{\"@type\":\"ListItem\",\"position\":3,\"name\":\"SpeeDelight Calculateur\"}]},{\"@type\":\"WebSite\",\"@id\":\"https:\/\/www.electroluxprofessional.com\/fr\/#website\",\"url\":\"https:\/\/www.electroluxprofessional.com\/fr\/\",\"name\":\"Electrolux Professional France\",\"description\":\"\",\"potentialAction\":[{\"@type\":\"SearchAction\",\"target\":{\"@type\":\"EntryPoint\",\"urlTemplate\":\"https:\/\/www.electroluxprofessional.com\/fr\/?src={search_term_string}\"},\"query-input\":\"required name=search_term_string\"}],\"inLanguage\":\"fr-FR\"}]}<\/script>\n<!-- \/ Yoast SEO plugin. -->","yoast_head_json":{"title":"SpeeDelight Calculateur | Electrolux Professional","description":"D\u00e9couvrez le SpeeDelight Calculateur: l'outil essentiel pour optimiser votre cuisine professionnelle. Simulez les co\u00fbts et gagnez en efficacit\u00e9 !","robots":{"index":"index","follow":"follow","max-snippet":"max-snippet:-1","max-image-preview":"max-image-preview:large","max-video-preview":"max-video-preview:-1"},"canonical":"https:\/\/www.electroluxprofessional.com\/fr\/equipement-cuisine\/calculateur\/","og_locale":"fr_FR","og_type":"article","og_title":"SpeeDelight Calculateur | Electrolux Professional","og_description":"D\u00e9couvrez le SpeeDelight Calculateur: l'outil essentiel pour optimiser votre cuisine professionnelle. Simulez les co\u00fbts et gagnez en efficacit\u00e9 !","og_url":"https:\/\/www.electroluxprofessional.com\/fr\/equipement-cuisine\/calculateur\/","og_site_name":"Electrolux Professional France","article_modified_time":"2026-03-30T09:23:14+00:00","og_image":[{"width":532,"height":628,"url":"https:\/\/www.electroluxprofessional.com\/fr\/wp-content\/uploads\/2017\/01\/resultsNoArrow-2.png","type":"image\/png"}],"twitter_card":"summary_large_image","twitter_misc":{"Dur\u00e9e de lecture estim\u00e9e":"1 minute"},"schema":{"@context":"https:\/\/schema.org","@graph":[{"@type":"WebPage","@id":"https:\/\/www.electroluxprofessional.com\/fr\/equipement-cuisine\/calculateur\/","url":"https:\/\/www.electroluxprofessional.com\/fr\/equipement-cuisine\/calculateur\/","name":"SpeeDelight Calculateur | Electrolux Professional","isPartOf":{"@id":"https:\/\/www.electroluxprofessional.com\/fr\/#website"},"primaryImageOfPage":{"@id":"https:\/\/www.electroluxprofessional.com\/fr\/equipement-cuisine\/calculateur\/#primaryimage"},"image":{"@id":"https:\/\/www.electroluxprofessional.com\/fr\/equipement-cuisine\/calculateur\/#primaryimage"},"thumbnailUrl":"https:\/\/www.electroluxprofessional.com\/fr\/wp-content\/uploads\/2017\/01\/resultsNoArrow-2.png","datePublished":"2019-02-19T13:36:32+00:00","dateModified":"2026-03-30T09:23:14+00:00","description":"D\u00e9couvrez le SpeeDelight Calculateur: l'outil essentiel pour optimiser votre cuisine professionnelle. Simulez les co\u00fbts et gagnez en efficacit\u00e9 !","breadcrumb":{"@id":"https:\/\/www.electroluxprofessional.com\/fr\/equipement-cuisine\/calculateur\/#breadcrumb"},"inLanguage":"fr-FR","potentialAction":[{"@type":"ReadAction","target":["https:\/\/www.electroluxprofessional.com\/fr\/equipement-cuisine\/calculateur\/"]}]},{"@type":"ImageObject","inLanguage":"fr-FR","@id":"https:\/\/www.electroluxprofessional.com\/fr\/equipement-cuisine\/calculateur\/#primaryimage","url":"https:\/\/www.electroluxprofessional.com\/fr\/wp-content\/uploads\/2017\/01\/resultsNoArrow-2.png","contentUrl":"https:\/\/www.electroluxprofessional.com\/fr\/wp-content\/uploads\/2017\/01\/resultsNoArrow-2.png","width":532,"height":628,"caption":"SpeeDelight calculator"},{"@type":"BreadcrumbList","@id":"https:\/\/www.electroluxprofessional.com\/fr\/equipement-cuisine\/calculateur\/#breadcrumb","itemListElement":[{"@type":"ListItem","position":1,"name":"Home","item":"https:\/\/www.electroluxprofessional.com\/fr\/"},{"@type":"ListItem","position":2,"name":"Mat\u00e9riel de cuisine professionnel &#8211; Electrolux Professional","item":"https:\/\/www.electroluxprofessional.com\/fr\/equipement-cuisine\/"},{"@type":"ListItem","position":3,"name":"SpeeDelight Calculateur"}]},{"@type":"WebSite","@id":"https:\/\/www.electroluxprofessional.com\/fr\/#website","url":"https:\/\/www.electroluxprofessional.com\/fr\/","name":"Electrolux Professional France","description":"","potentialAction":[{"@type":"SearchAction","target":{"@type":"EntryPoint","urlTemplate":"https:\/\/www.electroluxprofessional.com\/fr\/?src={search_term_string}"},"query-input":"required name=search_term_string"}],"inLanguage":"fr-FR"}]}},"_links":{"self":[{"href":"https:\/\/www.electroluxprofessional.com\/fr\/wp-json\/wp\/v2\/pages\/8290"}],"collection":[{"href":"https:\/\/www.electroluxprofessional.com\/fr\/wp-json\/wp\/v2\/pages"}],"about":[{"href":"https:\/\/www.electroluxprofessional.com\/fr\/wp-json\/wp\/v2\/types\/page"}],"author":[{"embeddable":true,"href":"https:\/\/www.electroluxprofessional.com\/fr\/wp-json\/wp\/v2\/users\/4"}],"replies":[{"embeddable":true,"href":"https:\/\/www.electroluxprofessional.com\/fr\/wp-json\/wp\/v2\/comments?post=8290"}],"version-history":[{"count":3,"href":"https:\/\/www.electroluxprofessional.com\/fr\/wp-json\/wp\/v2\/pages\/8290\/revisions"}],"predecessor-version":[{"id":31662,"href":"https:\/\/www.electroluxprofessional.com\/fr\/wp-json\/wp\/v2\/pages\/8290\/revisions\/31662"}],"up":[{"embeddable":true,"href":"https:\/\/www.electroluxprofessional.com\/fr\/wp-json\/wp\/v2\/pages\/2100"}],"wp:featuredmedia":[{"embeddable":true,"href":"https:\/\/www.electroluxprofessional.com\/fr\/wp-json\/wp\/v2\/media\/8288"}],"wp:attachment":[{"href":"https:\/\/www.electroluxprofessional.com\/fr\/wp-json\/wp\/v2\/media?parent=8290"}],"curies":[{"name":"wp","href":"https:\/\/api.w.org\/{rel}","templated":true}]}}