{"id":8135,"date":"2019-03-28T17:10:36","date_gmt":"2019-03-28T16:10:36","guid":{"rendered":"https:\/\/www.electroluxprofessional.com\/?page_id=22200"},"modified":"2025-10-15T09:29:14","modified_gmt":"2025-10-15T09:29:14","slug":"distributeurs-boissons-fraiches","status":"publish","type":"page","link":"https:\/\/www.electroluxprofessional.com\/fr\/distributeurs-boissons-fraiches\/","title":{"rendered":"Distributeurs de boissons fra\u00eeches"},"content":{"rendered":"<p>[vc_row full_width=&#8221;electroluxpro-full-width-no-padding&#8221;][vc_column][elx_image_block background_image=&#8221;8139&#8243; minimum_height=&#8221;350px&#8221;][vc_empty_space][\/vc_column][\/vc_row][vc_row][vc_column width=&#8221;2\/3&#8243;][elx_heading font_container=&#8221;h1&#8243; font_size=&#8221;h3&#8243; text_color=&#8221;electrolux-blue&#8221; text_align=&#8221;text-left&#8221;]Le Bubbler Original[\/elx_heading][elx_heading font_container=&#8221;h3&#8243; font_size=&#8221;h5&#8243; text_color=&#8221;electrolux-blue&#8221; text_align=&#8221;text-left&#8221;]Distributeur de boissons fra\u00eeches[\/elx_heading][vc_empty_space][vc_row_inner][vc_column_inner width=&#8221;1\/2&#8243;][elx_download_block text=&#8221;Brochure des solutions de boissons&#8221; document_type=&#8221;brochures&#8221; file_picker=&#8221;20750&#8243; background_color=&#8221;orange&#8221; background_image=&#8221;8141&#8243;][\/vc_column_inner][vc_column_inner width=&#8221;1\/2&#8243;][vc_column_text]<span class=\"TextRun SCXP4048308 BCX0\" lang=\"FR\" xml:lang=\"FR\" data-usefontface=\"true\" data-contrast=\"none\"><span class=\"NormalTextRun SCXP4048308 BCX0\"><strong>Votre choix, une saveur sans limites, en une r\u00e9ponse simple.<\/strong> Choix flexibles,\u00a0<\/span><\/span><span class=\"TextRun SCXP4048308 BCX0\" lang=\"FR\" xml:lang=\"FR\" data-usefontface=\"true\" data-contrast=\"none\"><span class=\"NormalTextRun SCXP4048308 BCX0\">faciles \u00e0 utiliser, les distributeurs de boissons fra\u00eeches sont la solution pour <\/span><\/span><span class=\"TextRun SCXP4048308 BCX0\" lang=\"FR\" xml:lang=\"FR\" data-usefontface=\"true\" data-contrast=\"none\"><span class=\"NormalTextRun SCXP4048308 BCX0\">offrir \u00e0 vos clients de nouvelles options de boissons innovantes et\u00a0<\/span><\/span><span class=\"TextRun SCXP4048308 BCX0\" lang=\"FR\" xml:lang=\"FR\" data-usefontface=\"true\" data-contrast=\"none\"><span class=\"NormalTextRun SCXP4048308 BCX0\">d\u00e9licieuses.<\/span><\/span>[\/vc_column_text][\/vc_column_inner][\/vc_row_inner][vc_column_text]<span class=\"TextRun BCX0 SCXP187512449\" lang=\"FR\" xml:lang=\"FR\" data-usefontface=\"true\" data-contrast=\"none\"><span class=\"NormalTextRun BCX0 SCXP187512449\">Des <strong>bols interchangeables<\/strong> pour r\u00e9pondre aux besoins de votre entreprise,\u00a0<\/span><\/span><span class=\"TextRun BCX0 SCXP187512449\" lang=\"FR\" xml:lang=\"FR\" data-usefontface=\"true\" data-contrast=\"none\"><span class=\"NormalTextRun BCX0 SCXP187512449\">g\u00e9n\u00e9rer des b\u00e9n\u00e9fices et gagner de nouveaux clients satisfaits.<\/span><\/span><span class=\"LineBreakBlob BlobObject BCX0 SCXP187512449\"><span class=\"BCX0 SCXP187512449\">\u200b<\/span><br class=\"BCX0 SCXP187512449\" \/><\/span><span class=\"TextRun BCX0 SCXP187512449\" lang=\"FR\" xml:lang=\"FR\" data-usefontface=\"true\" data-contrast=\"none\"><span class=\"NormalTextRun BCX0 SCXP187512449\"><strong>Moins d&#8217;espace sur comptoir<\/strong> avec leur taille compacte.<\/span><\/span><span class=\"LineBreakBlob BlobObject BCX0 SCXP187512449\"><span class=\"BCX0 SCXP187512449\">\u200b<\/span><br class=\"BCX0 SCXP187512449\" \/><\/span><span class=\"TextRun BCX0 SCXP187512449\" lang=\"FR\" xml:lang=\"FR\" data-usefontface=\"true\" data-contrast=\"none\"><span class=\"NormalTextRun BCX0 SCXP187512449\"><strong>Moins de temps<\/strong> en nettoyage.<\/span><\/span><span class=\"LineBreakBlob BlobObject BCX0 SCXP187512449\"><span class=\"BCX0 SCXP187512449\">\u200b<\/span><br class=\"BCX0 SCXP187512449\" \/><\/span><span class=\"TextRun BCX0 SCXP187512449\" lang=\"FR\" xml:lang=\"FR\" data-usefontface=\"true\" data-contrast=\"none\"><span class=\"NormalTextRun BCX0 SCXP187512449\"><strong>Moins de perte<\/strong> sur le produit distribu\u00e9.<\/span><\/span>[\/vc_column_text][\/vc_column][vc_column width=&#8221;1\/3&#8243;][vc_single_image image=&#8221;13682&#8243; img_size=&#8221;full&#8221; alignment=&#8221;right&#8221;][\/vc_column][\/vc_row][vc_row][vc_column][vc_empty_space height=&#8221;42px&#8221;][vc_single_image image=&#8221;13683&#8243; img_size=&#8221;full&#8221; alignment=&#8221;center&#8221;][\/vc_column][\/vc_row][vc_row][vc_column][vc_empty_space height=&#8221;42px&#8221;][\/vc_column][\/vc_row][vc_row][vc_column]<div class=\"com21-product-filter-container 137\"><div class=\"\"><h4 class=\"text-center\">6 Produits<\/h4><hr><\/div>\n                    <!-- PROD LIST -->\n                    <div class=\"product-list container\">\n                        <!--Hidden parameters-->\n                        <input type=\"hidden\" name=\"navigation_level_1\" id=\"navigation_level_1\" value=\"\u00d6\">\n                        <input type=\"hidden\" name=\"navigation_level_2\" id=\"navigation_level_2\" value=\"B\">\n                        <input type=\"hidden\" name=\"navigation_level_3\" id=\"navigation_level_3\" value=\"B\">\n                        <input type=\"hidden\" name=\"navigation_level_4\" id=\"navigation_level_4\" value=\"\">\n                        <input type=\"hidden\" name=\"filter_id\" id=\"filter_id\" value=\"137\">\n                        <input type=\"hidden\" name=\"navigation_language\" id=\"navigation_language\" value=\"5002\">\n                        <input type=\"hidden\" name=\"navigation_language_code\" id=\"navigation_language\" value=\"5002\">\n                        <input type=\"hidden\" name=\"page_id\" id=\"page_id\" value=\"8135\">\n                        <!--END Hidden parameters--><ul class=\"row\" ><li data-product-paged=\"\" class=\"anchor_tags_prod col-sm-6 col-md-3 wow fadeIn single-product-list CCCRKV\"><div class=\"product-list-item\"><div class=\"product-content\"><a href=\"https:\/\/www.electroluxprofessional.com\/fr\/pd\/boissons\/boisson-fraiche\/distributeurs-de-boissons-fraiches-cs-bubblers\/distributeur-de-boissons-distributeur-de-boissons-r\u00e9frig\u00e9r\u00e9es-avec-bac-1x18l-avec-agitateur-et-couvercle-CCCRKV\/\" target=\"_blank\" ><figure><img decoding=\"async\" src=\"https:\/\/tools.electroluxprofessional.com\/Mirror\/Doc\/PH_255x255%2FPH_CCCRKU_1_1_CCCRKU.png\" alt=\"Distributeur de boissonsDistributeur de boissons r\u00e9frig\u00e9r\u00e9es avec bac 1x18l,  avec agitateur et couvercle\"\/><\/figure><div class=\"product-internal\"><div class=\"product-liv\">Distributeurs de boissons fraiches - CS (bubblers)<\/div><h3 class=\"product-title\">Distributeur de boissons<br>Distributeur de boissons r\u00e9frig\u00e9r\u00e9es avec bac 1x18l,  avec agitateur et couvercle<\/h3><div class=\"product-icons\"><div class=\"product-green\"><\/div><div class=\"product-cod\"><div class=\"hidden type_code\">0<\/div>COD <span class=\"product-code\" >CCCRKV<\/span><\/div><div class=\"product-fast\"><\/div>\n<\/div><div class=\"product-description-fast-green\"><\/div>\n<\/div><div class=\"product-actions\"><a href=\"https:\/\/www.electroluxprofessional.com\/fr\/pd\/boissons\/boisson-fraiche\/distributeurs-de-boissons-fraiches-cs-bubblers\/distributeur-de-boissons-distributeur-de-boissons-r\u00e9frig\u00e9r\u00e9es-avec-bac-1x18l-avec-agitateur-et-couvercle-CCCRKV\/\" class=\"btn btn-primary-blue\">Voir plus<\/a><span class=\"compare-product\"><span class=\"compare-checkbox\"><span class=\"compare-checkbox-shape\"><input type=\"checkbox\" class=\"product-comparer\" id=\"prod_CCCRKV\"\/><label class=\"btn\" for=\"prod_CCCRKV\"><span class=\"label-bg\"><\/span>Comparer<\/label><\/span><\/span><\/span><\/div><\/a><\/div><\/div><\/li><li data-product-paged=\"\" class=\"anchor_tags_prod col-sm-6 col-md-3 wow fadeIn single-product-list CCCRKT\"><div class=\"product-list-item\"><div class=\"product-content\"><a href=\"https:\/\/www.electroluxprofessional.com\/fr\/pd\/boissons\/boisson-fraiche\/distributeurs-de-boissons-fraiches-cs-bubblers\/distributeur-de-boissons-distributeur-de-boissons-r\u00e9frig\u00e9r\u00e9es-avec-bacs-2x9l-avec-agitateur-et-couvercle-CCCRKT\/\" target=\"_blank\" ><figure><img decoding=\"async\" src=\"https:\/\/tools.electroluxprofessional.com\/Mirror\/Doc\/PH_255x255%2FPH_CCCRKS_1_1_CCCRKS.png\" alt=\"Distributeur de boissonsDistributeur de boissons r\u00e9frig\u00e9r\u00e9es avec bacs 2x9l, avec agitateur et couvercle\"\/><\/figure><div class=\"product-internal\"><div class=\"product-liv\">Distributeurs de boissons fraiches - CS (bubblers)<\/div><h3 class=\"product-title\">Distributeur de boissons<br>Distributeur de boissons r\u00e9frig\u00e9r\u00e9es avec bacs 2x9l, avec agitateur et couvercle<\/h3><div class=\"product-icons\"><div class=\"product-green\"><\/div><div class=\"product-cod\"><div class=\"hidden type_code\">0<\/div>COD <span class=\"product-code\" >CCCRKT<\/span><\/div><div class=\"product-fast\"><\/div>\n<\/div><div class=\"product-description-fast-green\"><\/div>\n<\/div><div class=\"product-actions\"><a href=\"https:\/\/www.electroluxprofessional.com\/fr\/pd\/boissons\/boisson-fraiche\/distributeurs-de-boissons-fraiches-cs-bubblers\/distributeur-de-boissons-distributeur-de-boissons-r\u00e9frig\u00e9r\u00e9es-avec-bacs-2x9l-avec-agitateur-et-couvercle-CCCRKT\/\" class=\"btn btn-primary-blue\">Voir plus<\/a><span class=\"compare-product\"><span class=\"compare-checkbox\"><span class=\"compare-checkbox-shape\"><input type=\"checkbox\" class=\"product-comparer\" id=\"prod_CCCRKT\"\/><label class=\"btn\" for=\"prod_CCCRKT\"><span class=\"label-bg\"><\/span>Comparer<\/label><\/span><\/span><\/span><\/div><\/a><\/div><\/div><\/li><li data-product-paged=\"\" class=\"anchor_tags_prod col-sm-6 col-md-3 wow fadeIn single-product-list CCCRL0\"><div class=\"product-list-item\"><div class=\"product-content\"><a href=\"https:\/\/www.electroluxprofessional.com\/fr\/pd\/boissons\/boisson-fraiche\/distributeurs-de-boissons-fraiches-cs-bubblers\/distributeur-de-boissons-distributeur-de-boissons-r\u00e9frig\u00e9r\u00e9es-avec-bacs-2x18l-avec-agitateur-et-couvercle-CCCRL0\/\" target=\"_blank\" ><figure><img decoding=\"async\" src=\"https:\/\/tools.electroluxprofessional.com\/Mirror\/Doc\/PH_255x255%2FPH_CCCRKX_1_1_CCCRKX.jpg\" alt=\"Distributeur de boissonsDistributeur de boissons r\u00e9frig\u00e9r\u00e9es avec bacs 2x18l,  avec agitateur et couvercle\"\/><\/figure><div class=\"product-internal\"><div class=\"product-liv\">Distributeurs de boissons fraiches - CS (bubblers)<\/div><h3 class=\"product-title\">Distributeur de boissons<br>Distributeur de boissons r\u00e9frig\u00e9r\u00e9es avec bacs 2x18l,  avec agitateur et couvercle<\/h3><div class=\"product-icons\"><div class=\"product-green\"><\/div><div class=\"product-cod\"><div class=\"hidden type_code\">0<\/div>COD <span class=\"product-code\" >CCCRL0<\/span><\/div><div class=\"product-fast\"><\/div>\n<\/div><div class=\"product-description-fast-green\"><\/div>\n<\/div><div class=\"product-actions\"><a href=\"https:\/\/www.electroluxprofessional.com\/fr\/pd\/boissons\/boisson-fraiche\/distributeurs-de-boissons-fraiches-cs-bubblers\/distributeur-de-boissons-distributeur-de-boissons-r\u00e9frig\u00e9r\u00e9es-avec-bacs-2x18l-avec-agitateur-et-couvercle-CCCRL0\/\" class=\"btn btn-primary-blue\">Voir plus<\/a><span class=\"compare-product\"><span class=\"compare-checkbox\"><span class=\"compare-checkbox-shape\"><input type=\"checkbox\" class=\"product-comparer\" id=\"prod_CCCRL0\"\/><label class=\"btn\" for=\"prod_CCCRL0\"><span class=\"label-bg\"><\/span>Comparer<\/label><\/span><\/span><\/span><\/div><\/a><\/div><\/div><\/li><li data-product-paged=\"\" class=\"anchor_tags_prod col-sm-6 col-md-3 wow fadeIn single-product-list CCCRL1\"><div class=\"product-list-item\"><div class=\"product-content\"><a href=\"https:\/\/www.electroluxprofessional.com\/fr\/pd\/boissons\/boisson-fraiche\/distributeurs-de-boissons-fraiches-cs-bubblers\/distributeur-de-boissons-distributeur-de-boissons-r\u00e9frig\u00e9r\u00e9es-avec-bacs-2x9l-et-1x18l-avec-agitateur-et-couvercle-CCCRL1\/\" target=\"_blank\" ><figure><img decoding=\"async\" src=\"https:\/\/tools.electroluxprofessional.com\/Mirror\/Doc\/PH_255x255%2FPH_CCCRKY_1_1_CCCRKY.png\" alt=\"Distributeur de boissonsDistributeur de boissons r\u00e9frig\u00e9r\u00e9es avec bacs 2x9l et 1x18l,  avec agitateur et couvercle\"\/><\/figure><div class=\"product-internal\"><div class=\"product-liv\">Distributeurs de boissons fraiches - CS (bubblers)<\/div><h3 class=\"product-title\">Distributeur de boissons<br>Distributeur de boissons r\u00e9frig\u00e9r\u00e9es avec bacs 2x9l et 1x18l,  avec agitateur et couvercle<\/h3><div class=\"product-icons\"><div class=\"product-green\"><\/div><div class=\"product-cod\"><div class=\"hidden type_code\">0<\/div>COD <span class=\"product-code\" >CCCRL1<\/span><\/div><div class=\"product-fast\"><\/div>\n<\/div><div class=\"product-description-fast-green\"><\/div>\n<\/div><div class=\"product-actions\"><a href=\"https:\/\/www.electroluxprofessional.com\/fr\/pd\/boissons\/boisson-fraiche\/distributeurs-de-boissons-fraiches-cs-bubblers\/distributeur-de-boissons-distributeur-de-boissons-r\u00e9frig\u00e9r\u00e9es-avec-bacs-2x9l-et-1x18l-avec-agitateur-et-couvercle-CCCRL1\/\" class=\"btn btn-primary-blue\">Voir plus<\/a><span class=\"compare-product\"><span class=\"compare-checkbox\"><span class=\"compare-checkbox-shape\"><input type=\"checkbox\" class=\"product-comparer\" id=\"prod_CCCRL1\"\/><label class=\"btn\" for=\"prod_CCCRL1\"><span class=\"label-bg\"><\/span>Comparer<\/label><\/span><\/span><\/span><\/div><\/a><\/div><\/div><\/li><li data-product-paged=\"\" class=\"anchor_tags_prod col-sm-6 col-md-3 wow fadeIn single-product-list CCCRKZ\"><div class=\"product-list-item\"><div class=\"product-content\"><a href=\"https:\/\/www.electroluxprofessional.com\/fr\/pd\/boissons\/boisson-fraiche\/distributeurs-de-boissons-fraiches-cs-bubblers\/distributeur-de-boissons-distributeur-de-boissons-r\u00e9frig\u00e9r\u00e9es-avec-bacs-4x9l-avec-agitateur-et-couvercle-CCCRKZ\/\" target=\"_blank\" ><figure><img decoding=\"async\" src=\"https:\/\/tools.electroluxprofessional.com\/Mirror\/Doc\/PH_255x255%2FPH_CCCRKZ_1_1_CCCRKZ.png\" alt=\"Distributeur de boissonsDistributeur de boissons r\u00e9frig\u00e9r\u00e9es avec bacs 4x9l,  avec agitateur et couvercle\"\/><\/figure><div class=\"product-internal\"><div class=\"product-liv\">Distributeurs de boissons fraiches - CS (bubblers)<\/div><h3 class=\"product-title\">Distributeur de boissons<br>Distributeur de boissons r\u00e9frig\u00e9r\u00e9es avec bacs 4x9l,  avec agitateur et couvercle<\/h3><div class=\"product-icons\"><div class=\"product-green\"><\/div><div class=\"product-cod\"><div class=\"hidden type_code\">0<\/div>COD <span class=\"product-code\" >CCCRKZ<\/span><\/div><div class=\"product-fast\"><\/div>\n<\/div><div class=\"product-description-fast-green\"><\/div>\n<\/div><div class=\"product-actions\"><a href=\"https:\/\/www.electroluxprofessional.com\/fr\/pd\/boissons\/boisson-fraiche\/distributeurs-de-boissons-fraiches-cs-bubblers\/distributeur-de-boissons-distributeur-de-boissons-r\u00e9frig\u00e9r\u00e9es-avec-bacs-4x9l-avec-agitateur-et-couvercle-CCCRKZ\/\" class=\"btn btn-primary-blue\">Voir plus<\/a><span class=\"compare-product\"><span class=\"compare-checkbox\"><span class=\"compare-checkbox-shape\"><input type=\"checkbox\" class=\"product-comparer\" id=\"prod_CCCRKZ\"\/><label class=\"btn\" for=\"prod_CCCRKZ\"><span class=\"label-bg\"><\/span>Comparer<\/label><\/span><\/span><\/span><\/div><\/a><\/div><\/div><\/li><li data-product-paged=\"\" class=\"anchor_tags_prod col-sm-6 col-md-3 wow fadeIn single-product-list CCCRL3\"><div class=\"product-list-item\"><div class=\"product-content\"><a href=\"https:\/\/www.electroluxprofessional.com\/fr\/pd\/boissons\/boisson-fraiche\/distributeurs-de-boissons-fraiches-cs-bubblers\/distributeur-de-boissons-distributeur-de-boissons-r\u00e9frig\u00e9r\u00e9es-avec-bacs-3x18l-avec-agitateur-et-couvercle-CCCRL3\/\" target=\"_blank\" ><figure><img decoding=\"async\" src=\"https:\/\/tools.electroluxprofessional.com\/Mirror\/Doc\/PH_255x255%2FPH_CCCRL3_1_1_CCCRL3.png\" alt=\"Distributeur de boissonsDistributeur de boissons r\u00e9frig\u00e9r\u00e9es avec bacs 3x18l, avec agitateur et couvercle\"\/><\/figure><div class=\"product-internal\"><div class=\"product-liv\">Distributeurs de boissons fraiches - CS (bubblers)<\/div><h3 class=\"product-title\">Distributeur de boissons<br>Distributeur de boissons r\u00e9frig\u00e9r\u00e9es avec bacs 3x18l, avec agitateur et couvercle<\/h3><div class=\"product-icons\"><div class=\"product-green\"><\/div><div class=\"product-cod\"><div class=\"hidden type_code\">0<\/div>COD <span class=\"product-code\" >CCCRL3<\/span><\/div><div class=\"product-fast\"><\/div>\n<\/div><div class=\"product-description-fast-green\"><\/div>\n<\/div><div class=\"product-actions\"><a href=\"https:\/\/www.electroluxprofessional.com\/fr\/pd\/boissons\/boisson-fraiche\/distributeurs-de-boissons-fraiches-cs-bubblers\/distributeur-de-boissons-distributeur-de-boissons-r\u00e9frig\u00e9r\u00e9es-avec-bacs-3x18l-avec-agitateur-et-couvercle-CCCRL3\/\" class=\"btn btn-primary-blue\">Voir plus<\/a><span class=\"compare-product\"><span class=\"compare-checkbox\"><span class=\"compare-checkbox-shape\"><input type=\"checkbox\" class=\"product-comparer\" id=\"prod_CCCRL3\"\/><label class=\"btn\" for=\"prod_CCCRL3\"><span class=\"label-bg\"><\/span>Comparer<\/label><\/span><\/span><\/span><\/div><\/a><\/div><\/div><\/li>\n                        <\/ul>\n                        <div class=\"text-center more-products\">\n                        <\/div>\n                    <\/div>\n                    <!-- END PRODUCT LIST -->\n                    <\/div>\n                    <!-- END PRODUCT LIST -->[\/vc_column][\/vc_row][vc_row css=&#8221;.vc_custom_1516904946877{border-top-width: 1px !important;background-color: #ffffff !important;border-top-color: #eeeeee !important;border-top-style: solid !important;}&#8221;][vc_column reveal_effect=&#8221;&#8221;][vc_empty_space height=&#8221;80px&#8221;][elx_heading font_size=&#8221;h3&#8243; text_color=&#8221;inherit&#8221; text_align=&#8221;text-left&#8221;]En savoir plus sur les distributeurs de boissons fra\u00eeches[\/elx_heading][elx_o2000_contact_us s=&#8221;Demande d&#8217;informations : distributeurs de boissons fra\u00eeches&#8221; country=&#8221;France&#8221; b=&#8221;beverage&#8221; r=&#8221;Je souhaite avoir plus d&#8217;informations sur les distributeurs de boissons fra\u00eeches.&#8221; l=&#8221;fr&#8221; e=&#8221;professionnel@electrolux.com&#8221;][\/vc_column][\/vc_row]<\/p>\n","protected":false},"excerpt":{"rendered":"<p>[vc_row full_width=&#8221;electroluxpro-full-width-no-padding&#8221;][vc_column][elx_image_block background_image=&#8221;8139&#8243; minimum_height=&#8221;350px&#8221;][vc_empty_space][\/vc_column][\/vc_row][vc_row][vc_column width=&#8221;2\/3&#8243;][elx_heading font_container=&#8221;h1&#8243; font_size=&#8221;h3&#8243; text_color=&#8221;electrolux-blue&#8221; text_align=&#8221;text-left&#8221;]Le Bubbler Original[\/elx_heading][elx_heading font_container=&#8221;h3&#8243; font_size=&#8221;h5&#8243; text_color=&#8221;electrolux-blue&#8221; text_align=&#8221;text-left&#8221;]Distributeur de boissons fra\u00eeches[\/elx_heading][vc_empty_space][vc_row_inner][vc_column_inner width=&#8221;1\/2&#8243;][elx_download_block text=&#8221;Brochure des solutions de boissons&#8221; document_type=&#8221;brochures&#8221; file_picker=&#8221;20750&#8243; background_color=&#8221;orange&#8221; background_image=&#8221;8141&#8243;][\/vc_column_inner][vc_column_inner width=&#8221;1\/2&#8243;][vc_column_text]Votre choix, une saveur sans limites, en une r\u00e9ponse simple. Choix flexibles,\u00a0faciles \u00e0 utiliser, les distributeurs de boissons fra\u00eeches sont la solution pour offrir \u00e0 vos clients [&hellip;]<\/p>\n","protected":false},"author":4,"featured_media":0,"parent":0,"menu_order":0,"comment_status":"closed","ping_status":"closed","template":"","meta":{"footnotes":""},"class_list":["post-8135","page","type-page","status-publish","hentry"],"acf":[],"yoast_head":"<!-- This site is optimized with the Yoast SEO plugin v23.3 - https:\/\/yoast.com\/wordpress\/plugins\/seo\/ -->\n<title>Distributeurs de boissons fra\u00eeches | Electrolux Professional France<\/title>\n<meta name=\"description\" content=\"Des distributeurs de boissons fra\u00eeches faciles \u00e0 utiliser. Une solution id\u00e9ale pour offrir \u00e0 vos clients des boissons originales et d\u00e9licieuses.\" \/>\n<meta name=\"robots\" content=\"index, follow, max-snippet:-1, max-image-preview:large, max-video-preview:-1\" \/>\n<link rel=\"canonical\" href=\"https:\/\/www.electroluxprofessional.com\/fr\/distributeurs-boissons-fraiches\/\" \/>\n<meta property=\"og:locale\" content=\"fr_FR\" \/>\n<meta property=\"og:type\" content=\"article\" \/>\n<meta property=\"og:title\" content=\"Distributeurs de boissons fra\u00eeches | Electrolux Professional France\" \/>\n<meta property=\"og:description\" content=\"Des distributeurs de boissons fra\u00eeches faciles \u00e0 utiliser. Une solution id\u00e9ale pour offrir \u00e0 vos clients des boissons originales et d\u00e9licieuses.\" \/>\n<meta property=\"og:url\" content=\"https:\/\/www.electroluxprofessional.com\/fr\/distributeurs-boissons-fraiches\/\" \/>\n<meta property=\"og:site_name\" content=\"Electrolux Professional France\" \/>\n<meta property=\"article:modified_time\" content=\"2025-10-15T09:29:14+00:00\" \/>\n<meta name=\"twitter:card\" content=\"summary_large_image\" \/>\n<meta name=\"twitter:label1\" content=\"Dur\u00e9e de lecture estim\u00e9e\" \/>\n\t<meta name=\"twitter:data1\" content=\"2 minutes\" \/>\n<script type=\"application\/ld+json\" class=\"yoast-schema-graph\">{\"@context\":\"https:\/\/schema.org\",\"@graph\":[{\"@type\":\"WebPage\",\"@id\":\"https:\/\/www.electroluxprofessional.com\/fr\/distributeurs-boissons-fraiches\/\",\"url\":\"https:\/\/www.electroluxprofessional.com\/fr\/distributeurs-boissons-fraiches\/\",\"name\":\"Distributeurs de boissons fra\u00eeches | Electrolux Professional France\",\"isPartOf\":{\"@id\":\"https:\/\/www.electroluxprofessional.com\/fr\/#website\"},\"datePublished\":\"2019-03-28T16:10:36+00:00\",\"dateModified\":\"2025-10-15T09:29:14+00:00\",\"description\":\"Des distributeurs de boissons fra\u00eeches faciles \u00e0 utiliser. Une solution id\u00e9ale pour offrir \u00e0 vos clients des boissons originales et d\u00e9licieuses.\",\"breadcrumb\":{\"@id\":\"https:\/\/www.electroluxprofessional.com\/fr\/distributeurs-boissons-fraiches\/#breadcrumb\"},\"inLanguage\":\"fr-FR\",\"potentialAction\":[{\"@type\":\"ReadAction\",\"target\":[\"https:\/\/www.electroluxprofessional.com\/fr\/distributeurs-boissons-fraiches\/\"]}]},{\"@type\":\"BreadcrumbList\",\"@id\":\"https:\/\/www.electroluxprofessional.com\/fr\/distributeurs-boissons-fraiches\/#breadcrumb\",\"itemListElement\":[{\"@type\":\"ListItem\",\"position\":1,\"name\":\"Home\",\"item\":\"https:\/\/www.electroluxprofessional.com\/fr\/\"},{\"@type\":\"ListItem\",\"position\":2,\"name\":\"Distributeurs de boissons fra\u00eeches\"}]},{\"@type\":\"WebSite\",\"@id\":\"https:\/\/www.electroluxprofessional.com\/fr\/#website\",\"url\":\"https:\/\/www.electroluxprofessional.com\/fr\/\",\"name\":\"Electrolux Professional France\",\"description\":\"\",\"potentialAction\":[{\"@type\":\"SearchAction\",\"target\":{\"@type\":\"EntryPoint\",\"urlTemplate\":\"https:\/\/www.electroluxprofessional.com\/fr\/?src={search_term_string}\"},\"query-input\":\"required name=search_term_string\"}],\"inLanguage\":\"fr-FR\"}]}<\/script>\n<!-- \/ Yoast SEO plugin. -->","yoast_head_json":{"title":"Distributeurs de boissons fra\u00eeches | Electrolux Professional France","description":"Des distributeurs de boissons fra\u00eeches faciles \u00e0 utiliser. Une solution id\u00e9ale pour offrir \u00e0 vos clients des boissons originales et d\u00e9licieuses.","robots":{"index":"index","follow":"follow","max-snippet":"max-snippet:-1","max-image-preview":"max-image-preview:large","max-video-preview":"max-video-preview:-1"},"canonical":"https:\/\/www.electroluxprofessional.com\/fr\/distributeurs-boissons-fraiches\/","og_locale":"fr_FR","og_type":"article","og_title":"Distributeurs de boissons fra\u00eeches | Electrolux Professional France","og_description":"Des distributeurs de boissons fra\u00eeches faciles \u00e0 utiliser. Une solution id\u00e9ale pour offrir \u00e0 vos clients des boissons originales et d\u00e9licieuses.","og_url":"https:\/\/www.electroluxprofessional.com\/fr\/distributeurs-boissons-fraiches\/","og_site_name":"Electrolux Professional France","article_modified_time":"2025-10-15T09:29:14+00:00","twitter_card":"summary_large_image","twitter_misc":{"Dur\u00e9e de lecture estim\u00e9e":"2 minutes"},"schema":{"@context":"https:\/\/schema.org","@graph":[{"@type":"WebPage","@id":"https:\/\/www.electroluxprofessional.com\/fr\/distributeurs-boissons-fraiches\/","url":"https:\/\/www.electroluxprofessional.com\/fr\/distributeurs-boissons-fraiches\/","name":"Distributeurs de boissons fra\u00eeches | Electrolux Professional France","isPartOf":{"@id":"https:\/\/www.electroluxprofessional.com\/fr\/#website"},"datePublished":"2019-03-28T16:10:36+00:00","dateModified":"2025-10-15T09:29:14+00:00","description":"Des distributeurs de boissons fra\u00eeches faciles \u00e0 utiliser. Une solution id\u00e9ale pour offrir \u00e0 vos clients des boissons originales et d\u00e9licieuses.","breadcrumb":{"@id":"https:\/\/www.electroluxprofessional.com\/fr\/distributeurs-boissons-fraiches\/#breadcrumb"},"inLanguage":"fr-FR","potentialAction":[{"@type":"ReadAction","target":["https:\/\/www.electroluxprofessional.com\/fr\/distributeurs-boissons-fraiches\/"]}]},{"@type":"BreadcrumbList","@id":"https:\/\/www.electroluxprofessional.com\/fr\/distributeurs-boissons-fraiches\/#breadcrumb","itemListElement":[{"@type":"ListItem","position":1,"name":"Home","item":"https:\/\/www.electroluxprofessional.com\/fr\/"},{"@type":"ListItem","position":2,"name":"Distributeurs de boissons fra\u00eeches"}]},{"@type":"WebSite","@id":"https:\/\/www.electroluxprofessional.com\/fr\/#website","url":"https:\/\/www.electroluxprofessional.com\/fr\/","name":"Electrolux Professional France","description":"","potentialAction":[{"@type":"SearchAction","target":{"@type":"EntryPoint","urlTemplate":"https:\/\/www.electroluxprofessional.com\/fr\/?src={search_term_string}"},"query-input":"required name=search_term_string"}],"inLanguage":"fr-FR"}]}},"_links":{"self":[{"href":"https:\/\/www.electroluxprofessional.com\/fr\/wp-json\/wp\/v2\/pages\/8135"}],"collection":[{"href":"https:\/\/www.electroluxprofessional.com\/fr\/wp-json\/wp\/v2\/pages"}],"about":[{"href":"https:\/\/www.electroluxprofessional.com\/fr\/wp-json\/wp\/v2\/types\/page"}],"author":[{"embeddable":true,"href":"https:\/\/www.electroluxprofessional.com\/fr\/wp-json\/wp\/v2\/users\/4"}],"replies":[{"embeddable":true,"href":"https:\/\/www.electroluxprofessional.com\/fr\/wp-json\/wp\/v2\/comments?post=8135"}],"version-history":[{"count":18,"href":"https:\/\/www.electroluxprofessional.com\/fr\/wp-json\/wp\/v2\/pages\/8135\/revisions"}],"predecessor-version":[{"id":28728,"href":"https:\/\/www.electroluxprofessional.com\/fr\/wp-json\/wp\/v2\/pages\/8135\/revisions\/28728"}],"wp:attachment":[{"href":"https:\/\/www.electroluxprofessional.com\/fr\/wp-json\/wp\/v2\/media?parent=8135"}],"curies":[{"name":"wp","href":"https:\/\/api.w.org\/{rel}","templated":true}]}}