{"id":8113,"date":"2019-03-28T17:19:04","date_gmt":"2019-03-28T16:19:04","guid":{"rendered":"https:\/\/www.electroluxprofessional.com\/?page_id=22125"},"modified":"2026-03-07T07:52:13","modified_gmt":"2026-03-07T07:52:13","slug":"boissons","status":"publish","type":"page","link":"https:\/\/www.electroluxprofessional.com\/fr\/boissons\/","title":{"rendered":"Solutions de boissons"},"content":{"rendered":"<p>[vc_row full_width=&#8221;electroluxpro-full-width-no-padding&#8221;][vc_column][vc_single_image image=&#8221;8116&#8243; img_size=&#8221;2000&#215;350&#8243; alignment=&#8221;center&#8221;][\/vc_column][\/vc_row][vc_row][vc_column][vc_empty_space][elx_heading font_container=&#8221;h1&#8243; font_size=&#8221;h3&#8243; text_color=&#8221;inherit&#8221; text_align=&#8221;text-center&#8221;]Solutions de boissons[\/elx_heading][vc_column_text]<\/p>\n<p style=\"text-align: center;\">Electrolux Professionnel pr\u00e9sente les nouvelles <strong>solutions de boissons froides et glac\u00e9es<\/strong>, cr\u00e9\u00e9es pour \u00e9largir votre offre et r\u00e9pondre aux nouvelles attentes de vos clients.<\/p>\n<p style=\"text-align: center;\"><strong>Con\u00e7ues pour une simplicit\u00e9 d&#8217;utilisation,<\/strong> elles offriront \u00e0 vos clients des boissons et glaces d\u00e9licieuses et de qualit\u00e9.<\/p>\n<p>[\/vc_column_text][vc_empty_space][elx_heading text_color=&#8221;inherit&#8221; text_align=&#8221;text-center&#8221;]Surprenez vos clients et boostez votre activit\u00e9 ![\/elx_heading][vc_empty_space][\/vc_column][\/vc_row][vc_row][vc_column width=&#8221;1\/2&#8243;][elx_navigation_branch image=&#8221;17833&#8243; menu_list=&#8221;13724&#8243;][\/vc_column][vc_column width=&#8221;1\/2&#8243;][elx_navigation_branch image=&#8221;8118&#8243; menu_list=&#8221;13728&#8243;][\/vc_column][\/vc_row][vc_row css=&#8221;.vc_custom_1699362578285{border-top-width: 1px !important;background-color: #ffffff !important;border-top-color: #eeeeee !important;}&#8221;][vc_column reveal_effect=&#8221;&#8221;][vc_empty_space height=&#8221;70px&#8221;][elx_heading font_container=&#8221;h3&#8243; font_size=&#8221;h3&#8243; text_color=&#8221;inherit&#8221; text_align=&#8221;text-center&#8221;]Vous souhaitez en savoir plus sur nos solutions ?[\/elx_heading][elx_heading font_container=&#8221;h6&#8243; font_size=&#8221;h6&#8243; text_color=&#8221;inherit&#8221; text_align=&#8221;text-center&#8221;]Contactez-nous via notre formulaire :[\/elx_heading][elx_o2000_contact_us s=&#8221;Demande d&#8217;informations : solutions de boissons&#8221; country=&#8221;France&#8221; b=&#8221;beverage&#8221; compact_view=&#8221;1&#8243; text_color=&#8221;#14133B&#8221; thanks=&#8221;Merci pour votre demande, un sp\u00e9cialiste vous contactera sous peu.&#8221; postion_button=&#8221;text-left&#8221; postion_button_mobile=&#8221;text-left-mobile&#8221; r=&#8221;Je souhaiterais en savoir plus sur les solutions de boissons et glaces.&#8221; l=&#8221;fr&#8221; e=&#8221;professionnel@electrolux.com&#8221;][\/vc_column][\/vc_row]<\/p>\n","protected":false},"excerpt":{"rendered":"<p>[vc_row full_width=&#8221;electroluxpro-full-width-no-padding&#8221;][vc_column][vc_single_image image=&#8221;8116&#8243; img_size=&#8221;2000&#215;350&#8243; alignment=&#8221;center&#8221;][\/vc_column][\/vc_row][vc_row][vc_column][vc_empty_space][elx_heading font_container=&#8221;h1&#8243; font_size=&#8221;h3&#8243; text_color=&#8221;inherit&#8221; text_align=&#8221;text-center&#8221;]Solutions de boissons[\/elx_heading][vc_column_text] Electrolux Professionnel pr\u00e9sente les nouvelles solutions de boissons froides et glac\u00e9es, cr\u00e9\u00e9es pour \u00e9largir votre offre et r\u00e9pondre aux nouvelles attentes de vos clients. Con\u00e7ues pour une simplicit\u00e9 d&#8217;utilisation, elles offriront \u00e0 vos clients des boissons et glaces d\u00e9licieuses et de qualit\u00e9. [\/vc_column_text][vc_empty_space][elx_heading text_color=&#8221;inherit&#8221; [&hellip;]<\/p>\n","protected":false},"author":4,"featured_media":0,"parent":0,"menu_order":0,"comment_status":"closed","ping_status":"closed","template":"","meta":{"footnotes":""},"class_list":["post-8113","page","type-page","status-publish","hentry"],"acf":[],"yoast_head":"<!-- This site is optimized with the Yoast SEO plugin v23.3 - https:\/\/yoast.com\/wordpress\/plugins\/seo\/ -->\n<title>Solutions de boissons chaudes, froides et glac\u00e9es | Electrolux Professional<\/title>\n<meta name=\"description\" content=\"D\u00e9couvrez nos solutions de boissons chaudes, froides et glac\u00e9es pour \u00e9largir votre offre professionnelle. Distributeurs innovants et fiables.\" \/>\n<meta name=\"robots\" content=\"index, follow, max-snippet:-1, max-image-preview:large, max-video-preview:-1\" \/>\n<link rel=\"canonical\" href=\"https:\/\/www.electroluxprofessional.com\/fr\/boissons\/\" \/>\n<meta property=\"og:locale\" content=\"fr_FR\" \/>\n<meta property=\"og:type\" content=\"article\" \/>\n<meta property=\"og:title\" content=\"Solutions de boissons chaudes, froides et glac\u00e9es | Electrolux Professional\" \/>\n<meta property=\"og:description\" content=\"D\u00e9couvrez nos solutions de boissons chaudes, froides et glac\u00e9es pour \u00e9largir votre offre professionnelle. Distributeurs innovants et fiables.\" \/>\n<meta property=\"og:url\" content=\"https:\/\/www.electroluxprofessional.com\/fr\/boissons\/\" \/>\n<meta property=\"og:site_name\" content=\"Electrolux Professional France\" \/>\n<meta property=\"article:modified_time\" content=\"2026-03-07T07:52:13+00:00\" \/>\n<meta name=\"twitter:card\" content=\"summary_large_image\" \/>\n<meta name=\"twitter:label1\" content=\"Dur\u00e9e de lecture estim\u00e9e\" \/>\n\t<meta name=\"twitter:data1\" content=\"1 minute\" \/>\n<script type=\"application\/ld+json\" class=\"yoast-schema-graph\">{\"@context\":\"https:\/\/schema.org\",\"@graph\":[{\"@type\":\"WebPage\",\"@id\":\"https:\/\/www.electroluxprofessional.com\/fr\/boissons\/\",\"url\":\"https:\/\/www.electroluxprofessional.com\/fr\/boissons\/\",\"name\":\"Solutions de boissons chaudes, froides et glac\u00e9es | Electrolux Professional\",\"isPartOf\":{\"@id\":\"https:\/\/www.electroluxprofessional.com\/fr\/#website\"},\"datePublished\":\"2019-03-28T16:19:04+00:00\",\"dateModified\":\"2026-03-07T07:52:13+00:00\",\"description\":\"D\u00e9couvrez nos solutions de boissons chaudes, froides et glac\u00e9es pour \u00e9largir votre offre professionnelle. Distributeurs innovants et fiables.\",\"breadcrumb\":{\"@id\":\"https:\/\/www.electroluxprofessional.com\/fr\/boissons\/#breadcrumb\"},\"inLanguage\":\"fr-FR\",\"potentialAction\":[{\"@type\":\"ReadAction\",\"target\":[\"https:\/\/www.electroluxprofessional.com\/fr\/boissons\/\"]}]},{\"@type\":\"BreadcrumbList\",\"@id\":\"https:\/\/www.electroluxprofessional.com\/fr\/boissons\/#breadcrumb\",\"itemListElement\":[{\"@type\":\"ListItem\",\"position\":1,\"name\":\"Home\",\"item\":\"https:\/\/www.electroluxprofessional.com\/fr\/\"},{\"@type\":\"ListItem\",\"position\":2,\"name\":\"Solutions de boissons\"}]},{\"@type\":\"WebSite\",\"@id\":\"https:\/\/www.electroluxprofessional.com\/fr\/#website\",\"url\":\"https:\/\/www.electroluxprofessional.com\/fr\/\",\"name\":\"Electrolux Professional France\",\"description\":\"\",\"potentialAction\":[{\"@type\":\"SearchAction\",\"target\":{\"@type\":\"EntryPoint\",\"urlTemplate\":\"https:\/\/www.electroluxprofessional.com\/fr\/?src={search_term_string}\"},\"query-input\":\"required name=search_term_string\"}],\"inLanguage\":\"fr-FR\"}]}<\/script>\n<!-- \/ Yoast SEO plugin. -->","yoast_head_json":{"title":"Solutions de boissons chaudes, froides et glac\u00e9es | Electrolux Professional","description":"D\u00e9couvrez nos solutions de boissons chaudes, froides et glac\u00e9es pour \u00e9largir votre offre professionnelle. Distributeurs innovants et fiables.","robots":{"index":"index","follow":"follow","max-snippet":"max-snippet:-1","max-image-preview":"max-image-preview:large","max-video-preview":"max-video-preview:-1"},"canonical":"https:\/\/www.electroluxprofessional.com\/fr\/boissons\/","og_locale":"fr_FR","og_type":"article","og_title":"Solutions de boissons chaudes, froides et glac\u00e9es | Electrolux Professional","og_description":"D\u00e9couvrez nos solutions de boissons chaudes, froides et glac\u00e9es pour \u00e9largir votre offre professionnelle. Distributeurs innovants et fiables.","og_url":"https:\/\/www.electroluxprofessional.com\/fr\/boissons\/","og_site_name":"Electrolux Professional France","article_modified_time":"2026-03-07T07:52:13+00:00","twitter_card":"summary_large_image","twitter_misc":{"Dur\u00e9e de lecture estim\u00e9e":"1 minute"},"schema":{"@context":"https:\/\/schema.org","@graph":[{"@type":"WebPage","@id":"https:\/\/www.electroluxprofessional.com\/fr\/boissons\/","url":"https:\/\/www.electroluxprofessional.com\/fr\/boissons\/","name":"Solutions de boissons chaudes, froides et glac\u00e9es | Electrolux Professional","isPartOf":{"@id":"https:\/\/www.electroluxprofessional.com\/fr\/#website"},"datePublished":"2019-03-28T16:19:04+00:00","dateModified":"2026-03-07T07:52:13+00:00","description":"D\u00e9couvrez nos solutions de boissons chaudes, froides et glac\u00e9es pour \u00e9largir votre offre professionnelle. Distributeurs innovants et fiables.","breadcrumb":{"@id":"https:\/\/www.electroluxprofessional.com\/fr\/boissons\/#breadcrumb"},"inLanguage":"fr-FR","potentialAction":[{"@type":"ReadAction","target":["https:\/\/www.electroluxprofessional.com\/fr\/boissons\/"]}]},{"@type":"BreadcrumbList","@id":"https:\/\/www.electroluxprofessional.com\/fr\/boissons\/#breadcrumb","itemListElement":[{"@type":"ListItem","position":1,"name":"Home","item":"https:\/\/www.electroluxprofessional.com\/fr\/"},{"@type":"ListItem","position":2,"name":"Solutions de boissons"}]},{"@type":"WebSite","@id":"https:\/\/www.electroluxprofessional.com\/fr\/#website","url":"https:\/\/www.electroluxprofessional.com\/fr\/","name":"Electrolux Professional France","description":"","potentialAction":[{"@type":"SearchAction","target":{"@type":"EntryPoint","urlTemplate":"https:\/\/www.electroluxprofessional.com\/fr\/?src={search_term_string}"},"query-input":"required name=search_term_string"}],"inLanguage":"fr-FR"}]}},"_links":{"self":[{"href":"https:\/\/www.electroluxprofessional.com\/fr\/wp-json\/wp\/v2\/pages\/8113"}],"collection":[{"href":"https:\/\/www.electroluxprofessional.com\/fr\/wp-json\/wp\/v2\/pages"}],"about":[{"href":"https:\/\/www.electroluxprofessional.com\/fr\/wp-json\/wp\/v2\/types\/page"}],"author":[{"embeddable":true,"href":"https:\/\/www.electroluxprofessional.com\/fr\/wp-json\/wp\/v2\/users\/4"}],"replies":[{"embeddable":true,"href":"https:\/\/www.electroluxprofessional.com\/fr\/wp-json\/wp\/v2\/comments?post=8113"}],"version-history":[{"count":17,"href":"https:\/\/www.electroluxprofessional.com\/fr\/wp-json\/wp\/v2\/pages\/8113\/revisions"}],"predecessor-version":[{"id":30747,"href":"https:\/\/www.electroluxprofessional.com\/fr\/wp-json\/wp\/v2\/pages\/8113\/revisions\/30747"}],"wp:attachment":[{"href":"https:\/\/www.electroluxprofessional.com\/fr\/wp-json\/wp\/v2\/media?parent=8113"}],"curies":[{"name":"wp","href":"https:\/\/api.w.org\/{rel}","templated":true}]}}