{"id":6298,"date":"2016-08-25T08:47:14","date_gmt":"2016-08-25T08:47:14","guid":{"rendered":"https:\/\/www.electroluxprofessional.com\/?page_id=2876"},"modified":"2026-04-13T16:08:59","modified_gmt":"2026-04-13T16:08:59","slug":"accessoires-consommables","status":"publish","type":"page","link":"https:\/\/www.electroluxprofessional.com\/fr\/accessoires-consommables\/","title":{"rendered":"Accessoires &#038; Consommables"},"content":{"rendered":"<p>[vc_row full_width=&#8221;electroluxpro-full-width-no-padding&#8221;][vc_column][elx_image_block background_image=&#8221;6291&#8243; minimum_height=&#8221;400px&#8221;][\/vc_column][\/vc_row][vc_row][vc_column][elx_heading font_container=&#8221;h1&#8243; font_size=&#8221;h3&#8243; text_color=&#8221;inherit&#8221;]Accessoires et Consommables pour \u00c9quipements [\/elx_heading][elx_heading font_size=&#8221;h5&#8243; text_color=&#8221;electrolux-blue&#8221;]Solutions intelligentes pour les besoins des clients[\/elx_heading][vc_column_text]Test\u00e9s rigoureusement par des experts Electrolux Professional, nos accessoires et consommables originaux garantissent <strong>la meilleure performance<\/strong> de vos appareils. Une valeur ajout\u00e9e pour votre entreprise, puisque la durabilit\u00e9 et l&#8217;efficacit\u00e9 de vos machines sont garanties. En utilisant les accessoires et consommables originaux Electrolux Professional, les performances de votre \u00e9quipement restent de la plus haute qualit\u00e9, ce qui augmente<strong> l&#8217;efficacit\u00e9 et la rentabilit\u00e9<\/strong>.[\/vc_column_text][vc_row_inner el_id=&#8221;telechargements&#8221;][vc_column_inner width=&#8221;1\/2&#8243;][\/vc_column_inner][\/vc_row_inner][\/vc_column][\/vc_row][vc_row][vc_column width=&#8221;1\/3&#8243;][elx_heading font_size=&#8221;h3&#8243; text_color=&#8221;inherit&#8221;]Accessoires &amp; Consommables originaux[\/elx_heading][vc_column_text]\u00c0 la pointe de la qualit\u00e9, nous vous fournissons des accessoires et des consommables originaux pour garantir des performances et des r\u00e9sultats hygi\u00e9niques.[\/vc_column_text][\/vc_column][vc_column width=&#8221;1\/3&#8243;][elx_heading font_size=&#8221;h3&#8243; text_color=&#8221;inherit&#8221;]Long\u00e9vit\u00e9, performances &amp; qualit\u00e9[\/elx_heading][vc_column_text]Nous mettons l&#8217;accent sur le cycle de vie des performances des produits. Nos accessoires et consommables garantissent la qualit\u00e9 et la coh\u00e9rence de la performance.[\/vc_column_text][\/vc_column][vc_column width=&#8221;1\/3&#8243;][elx_heading font_size=&#8221;h3&#8243; text_color=&#8221;inherit&#8221;]Exp\u00e9dition rapide dans le monde entier[\/elx_heading][vc_column_text]Notre vaste r\u00e9seau mondial de stocks et de distribution vous assure que vos consommables d&#8217;accessoires d&#8217;origine vous parviendront rapidement.[\/vc_column_text][\/vc_column][\/vc_row][vc_row][vc_column][vc_empty_space height=&#8221;50px&#8221;][\/vc_column][\/vc_row][vc_row css=&#8221;.vc_custom_1534776848433{background-color: #f4f4f4 !important;}&#8221;][vc_column][elx_heading font_size=&#8221;h3&#8243; text_color=&#8221;inherit&#8221;]Nos gammes d&#8217;accessoires[\/elx_heading][\/vc_column][\/vc_row][vc_row css=&#8221;.vc_custom_1539766855645{background-color: #f4f4f4 !important;}&#8221; el_id=&#8221;gammes&#8221;][vc_column width=&#8221;1\/5&#8243;][vc_empty_space][elx_simple_link_block link=&#8221;url:https%3A%2F%2Fprofessional.electrolux.fr%2Faccessories-consumables%2Fmodular-cooking%2F|title:Modular%20cooking||&#8221; text_align=&#8221;text-left&#8221; text_color=&#8221;inherit&#8221; background_color=&#8221;inherit&#8221; background_hover_color=&#8221;darker-hover&#8221; extra_class=&#8221;&#8221; reveal_effect=&#8221;&#8221; reveal_duration=&#8221;&#8221; reveal_delay=&#8221;&#8221;][vc_single_image image=&#8221;6525&#8243; img_size=&#8221;555*185&#8243; onclick=&#8221;custom_link&#8221; link=&#8221;https:\/\/www.electroluxprofessional.com\/fr\/accessoires-consommables\/cuisson\/&#8221;][elx_heading font_size=&#8221;h5&#8243; text_color=&#8221;inherit&#8221;]Cook&amp;Chill[\/elx_heading][vc_column_text]Grilles de cuisson, fumoir, d\u00e9tergents, etc.[\/vc_column_text][\/elx_simple_link_block][elx_button button_text=&#8221;D\u00e9couvrir les accessoires&#8221; button_style=&#8221;icon&#8221; button_link=&#8221;url:https%3A%2F%2Fwww.electroluxprofessional.com%2Ffr%2Faccessoires-consommables%2Fcuisson%2F&#8221;][vc_empty_space][\/vc_column][vc_column width=&#8221;1\/5&#8243;][vc_empty_space][elx_simple_link_block link=&#8221;url:https%3A%2F%2Fprofessional.electrolux.fr%2Faccessories-consumables%2Fmodular-cooking%2F|title:Modular%20cooking||&#8221; text_align=&#8221;text-left&#8221; text_color=&#8221;inherit&#8221; background_color=&#8221;inherit&#8221; background_hover_color=&#8221;darker-hover&#8221; extra_class=&#8221;&#8221; reveal_effect=&#8221;&#8221; reveal_duration=&#8221;&#8221; reveal_delay=&#8221;&#8221;][vc_single_image image=&#8221;6292&#8243; img_size=&#8221;555*185&#8243; onclick=&#8221;custom_link&#8221; link=&#8221;https:\/\/www.electroluxprofessional.com\/fr\/accessoires-consommables\/cuisson-modulaire\/&#8221;][elx_heading font_size=&#8221;h5&#8243; text_color=&#8221;inherit&#8221;]Cuisson[\/elx_heading][vc_column_text]Cuiseurs \u00e0 p\u00e2tes, d\u00e9graissant, grils et friteuses.[\/vc_column_text][\/elx_simple_link_block][elx_button button_text=&#8221;D\u00e9couvrir les accessoires&#8221; button_style=&#8221;icon&#8221; button_link=&#8221;url:https%3A%2F%2Fwww.electroluxprofessional.com%2Ffr%2Faccessoires-consommables%2Fcuisson-modulaire%2F&#8221;][vc_empty_space][\/vc_column][vc_column width=&#8221;1\/5&#8243;][vc_empty_space][elx_simple_link_block link=&#8221;url:https%3A%2F%2Fprofessional.electrolux.fr%2Faccessories-consumables%2Fmodular-cooking%2F|title:Modular%20cooking||&#8221; text_align=&#8221;text-left&#8221; text_color=&#8221;inherit&#8221; background_color=&#8221;inherit&#8221; background_hover_color=&#8221;darker-hover&#8221; extra_class=&#8221;&#8221; reveal_effect=&#8221;&#8221; reveal_duration=&#8221;&#8221; reveal_delay=&#8221;&#8221;][vc_single_image image=&#8221;28843&#8243; img_size=&#8221;555*185&#8243; onclick=&#8221;custom_link&#8221; link=&#8221;https:\/\/www.electroluxprofessional.com\/fr\/accessoires-consommables\/cuisson-modulaire\/&#8221;][elx_heading font_size=&#8221;h5&#8243; text_color=&#8221;inherit&#8221;]SpeeDelight[\/elx_heading][vc_column_text]Prolongez la durabilit\u00e9 de votre grill \u00e0 paninis SpeeDelight.[\/vc_column_text][\/elx_simple_link_block][elx_button button_text=&#8221;D\u00e9couvrir les accessoires&#8221; button_style=&#8221;icon&#8221; button_link=&#8221;url:https%3A%2F%2Fwww.electroluxprofessional.com%2Ffr%2Faccessoires-consommables%2Fspeedelight%2F&#8221;][vc_empty_space][\/vc_column][vc_column width=&#8221;1\/5&#8243;][vc_empty_space][elx_simple_link_block link=&#8221;url:https%3A%2F%2Fwww.electroluxprofessional.com%2Ffr%2Faccessoires-consommables%2Flavage%2F|title:Dishwashing%20equipment&#8221; text_align=&#8221;text-left&#8221; text_color=&#8221;inherit&#8221; background_color=&#8221;inherit&#8221; background_hover_color=&#8221;darker-hover&#8221; extra_class=&#8221;&#8221; reveal_effect=&#8221;&#8221; reveal_duration=&#8221;&#8221; reveal_delay=&#8221;&#8221;][vc_single_image image=&#8221;25653&#8243; img_size=&#8221;555*185&#8243; onclick=&#8221;custom_link&#8221; link=&#8221;https:\/\/www.electroluxprofessional.com\/fr\/accessoires-consommables\/lavage\/&#8221;][elx_heading font_size=&#8221;h5&#8243; text_color=&#8221;inherit&#8221;]Lavage[\/elx_heading][vc_column_text]Compl\u00e9tez et optimisez votre espace de lavage.[\/vc_column_text][\/elx_simple_link_block][elx_button button_text=&#8221;D\u00e9couvrir les accessoires&#8221; button_style=&#8221;icon&#8221; button_link=&#8221;url:https%3A%2F%2Fwww.electroluxprofessional.com%2Ffr%2Faccessoires-consommables%2Flavage%2F&#8221;][vc_empty_space][\/vc_column][vc_column width=&#8221;1\/5&#8243;][vc_empty_space][elx_simple_link_block link=&#8221;url:https%3A%2F%2Fwww.electroluxprofessional.com%2Ffr%2Faccessoires-consommables%2Flavage%2F|title:Dishwashing%20equipment&#8221; text_align=&#8221;text-left&#8221; text_color=&#8221;inherit&#8221; background_color=&#8221;inherit&#8221; background_hover_color=&#8221;darker-hover&#8221; extra_class=&#8221;&#8221; reveal_effect=&#8221;&#8221; reveal_duration=&#8221;&#8221; reveal_delay=&#8221;&#8221;][vc_single_image image=&#8221;28807&#8243; img_size=&#8221;555*185&#8243; onclick=&#8221;custom_link&#8221; link=&#8221;https:\/\/www.electroluxprofessional.com\/fr\/accessoires-consommables\/lavage\/&#8221;][elx_heading font_size=&#8221;h5&#8243; text_color=&#8221;inherit&#8221;]R\u00e9frig\u00e9ration[\/elx_heading][vc_column_text]Compl\u00e9tez votre zone de r\u00e9frig\u00e9ration gr\u00e2ce \u00e0 nos accessoires.[\/vc_column_text][\/elx_simple_link_block][elx_button button_text=&#8221;D\u00e9couvrir les accessoires&#8221; button_style=&#8221;icon&#8221; button_link=&#8221;url:https%3A%2F%2Fwww.electroluxprofessional.com%2Ffr%2Faccessoires-consommables%2Frefrigeration%2F&#8221;][vc_empty_space][\/vc_column][\/vc_row][vc_row][vc_column][vc_empty_space][elx_button button_text=&#8221;Trouver un partenaire-installateur&#8221; button_display_block=&#8221;display_block_on&#8221; button_alignment=&#8221;align_center&#8221; button_alignment_mobile=&#8221;text-center-mobile&#8221; button_link=&#8221;url:https%3A%2F%2Fwww.electroluxprofessional.com%2Ffr%2Frevendeurs-stc%2F&#8221;][\/vc_column][\/vc_row][vc_row][vc_column][vc_empty_space][elx_heading font_container=&#8221;h3&#8243; text_color=&#8221;inherit&#8221; text_align=&#8221;text-center&#8221;]Vous souhaitez en savoir plus ?[\/elx_heading][elx_heading font_container=&#8221;h6&#8243; text_color=&#8221;inherit&#8221; text_align=&#8221;text-center&#8221;]Contactez-nous via notre formulaire :[\/elx_heading][vc_empty_space][elx_o2000_contact_us s=&#8221;Demande d&#8217;informations : accessoires et consommables&#8221; country=&#8221;France&#8221; container=&#8221;elxcontactus1484303211&#8243; r=&#8221;Bonjour, je souhaite avoir davantage d&#8217;informations \u00e0 propos des accessoires et consommables Electrolux. Pouvez-vous me recontacter svp ?&#8221; e=&#8221;professionnel@electrolux.com&#8221; l=&#8221;fr&#8221;][\/vc_column][\/vc_row][vc_row][vc_column][vc_empty_space][\/vc_column][\/vc_row]<\/p>\n","protected":false},"excerpt":{"rendered":"<p>[vc_row full_width=&#8221;electroluxpro-full-width-no-padding&#8221;][vc_column][elx_image_block background_image=&#8221;6291&#8243; minimum_height=&#8221;400px&#8221;][\/vc_column][\/vc_row][vc_row][vc_column][elx_heading font_container=&#8221;h1&#8243; font_size=&#8221;h3&#8243; text_color=&#8221;inherit&#8221;]Accessoires et Consommables pour \u00c9quipements [\/elx_heading][elx_heading font_size=&#8221;h5&#8243; text_color=&#8221;electrolux-blue&#8221;]Solutions intelligentes pour les besoins des clients[\/elx_heading][vc_column_text]Test\u00e9s rigoureusement par des experts Electrolux Professional, nos accessoires et consommables originaux garantissent la meilleure performance de vos appareils. Une valeur ajout\u00e9e pour votre entreprise, puisque la durabilit\u00e9 et l&#8217;efficacit\u00e9 de vos machines sont garanties. En [&hellip;]<\/p>\n","protected":false},"author":4,"featured_media":30010,"parent":0,"menu_order":0,"comment_status":"closed","ping_status":"closed","template":"","meta":{"footnotes":""},"class_list":["post-6298","page","type-page","status-publish","has-post-thumbnail","hentry"],"acf":[],"yoast_head":"<!-- This site is optimized with the Yoast SEO plugin v23.3 - https:\/\/yoast.com\/wordpress\/plugins\/seo\/ -->\n<title>Accessoires et Consommables Professionnels | Electrolux Professional<\/title>\n<meta name=\"description\" content=\"D\u00e9couvrez nos accessoires et consommables originaux pour \u00e9quipements professionnels. Garantissez performance et durabilit\u00e9 de vos appareils.\" \/>\n<meta name=\"robots\" content=\"index, follow, max-snippet:-1, max-image-preview:large, max-video-preview:-1\" \/>\n<link rel=\"canonical\" href=\"https:\/\/www.electroluxprofessional.com\/fr\/accessoires-consommables\/\" \/>\n<meta property=\"og:locale\" content=\"fr_FR\" \/>\n<meta property=\"og:type\" content=\"article\" \/>\n<meta property=\"og:title\" content=\"Accessoires et Consommables Professionnels | Electrolux Professional\" \/>\n<meta property=\"og:description\" content=\"D\u00e9couvrez nos accessoires et consommables originaux pour \u00e9quipements professionnels. Garantissez performance et durabilit\u00e9 de vos appareils.\" \/>\n<meta property=\"og:url\" content=\"https:\/\/www.electroluxprofessional.com\/fr\/accessoires-consommables\/\" \/>\n<meta property=\"og:site_name\" content=\"Electrolux Professional France\" \/>\n<meta property=\"article:modified_time\" content=\"2026-04-13T16:08:59+00:00\" \/>\n<meta property=\"og:image\" content=\"https:\/\/www.electroluxprofessional.com\/fr\/wp-content\/uploads\/2026\/02\/amenagement-cuisine-professionnelle-conseils.jpg\" \/>\n\t<meta property=\"og:image:width\" content=\"966\" \/>\n\t<meta property=\"og:image:height\" content=\"712\" \/>\n\t<meta property=\"og:image:type\" content=\"image\/jpeg\" \/>\n<meta name=\"twitter:card\" content=\"summary_large_image\" \/>\n<meta name=\"twitter:label1\" content=\"Dur\u00e9e de lecture estim\u00e9e\" \/>\n\t<meta name=\"twitter:data1\" content=\"3 minutes\" \/>\n<script type=\"application\/ld+json\" class=\"yoast-schema-graph\">{\"@context\":\"https:\/\/schema.org\",\"@graph\":[{\"@type\":\"WebPage\",\"@id\":\"https:\/\/www.electroluxprofessional.com\/fr\/accessoires-consommables\/\",\"url\":\"https:\/\/www.electroluxprofessional.com\/fr\/accessoires-consommables\/\",\"name\":\"Accessoires et Consommables Professionnels | Electrolux Professional\",\"isPartOf\":{\"@id\":\"https:\/\/www.electroluxprofessional.com\/fr\/#website\"},\"primaryImageOfPage\":{\"@id\":\"https:\/\/www.electroluxprofessional.com\/fr\/accessoires-consommables\/#primaryimage\"},\"image\":{\"@id\":\"https:\/\/www.electroluxprofessional.com\/fr\/accessoires-consommables\/#primaryimage\"},\"thumbnailUrl\":\"https:\/\/www.electroluxprofessional.com\/fr\/wp-content\/uploads\/2026\/02\/amenagement-cuisine-professionnelle-conseils.jpg\",\"datePublished\":\"2016-08-25T08:47:14+00:00\",\"dateModified\":\"2026-04-13T16:08:59+00:00\",\"description\":\"D\u00e9couvrez nos accessoires et consommables originaux pour \u00e9quipements professionnels. Garantissez performance et durabilit\u00e9 de vos appareils.\",\"breadcrumb\":{\"@id\":\"https:\/\/www.electroluxprofessional.com\/fr\/accessoires-consommables\/#breadcrumb\"},\"inLanguage\":\"fr-FR\",\"potentialAction\":[{\"@type\":\"ReadAction\",\"target\":[\"https:\/\/www.electroluxprofessional.com\/fr\/accessoires-consommables\/\"]}]},{\"@type\":\"ImageObject\",\"inLanguage\":\"fr-FR\",\"@id\":\"https:\/\/www.electroluxprofessional.com\/fr\/accessoires-consommables\/#primaryimage\",\"url\":\"https:\/\/www.electroluxprofessional.com\/fr\/wp-content\/uploads\/2026\/02\/amenagement-cuisine-professionnelle-conseils.jpg\",\"contentUrl\":\"https:\/\/www.electroluxprofessional.com\/fr\/wp-content\/uploads\/2026\/02\/amenagement-cuisine-professionnelle-conseils.jpg\",\"width\":966,\"height\":712,\"caption\":\"Am\u00e9nagement cuisine professionnelle - Electrolux Professional\"},{\"@type\":\"BreadcrumbList\",\"@id\":\"https:\/\/www.electroluxprofessional.com\/fr\/accessoires-consommables\/#breadcrumb\",\"itemListElement\":[{\"@type\":\"ListItem\",\"position\":1,\"name\":\"Home\",\"item\":\"https:\/\/www.electroluxprofessional.com\/fr\/\"},{\"@type\":\"ListItem\",\"position\":2,\"name\":\"Accessoires &#038; Consommables\"}]},{\"@type\":\"WebSite\",\"@id\":\"https:\/\/www.electroluxprofessional.com\/fr\/#website\",\"url\":\"https:\/\/www.electroluxprofessional.com\/fr\/\",\"name\":\"Electrolux Professional France\",\"description\":\"\",\"potentialAction\":[{\"@type\":\"SearchAction\",\"target\":{\"@type\":\"EntryPoint\",\"urlTemplate\":\"https:\/\/www.electroluxprofessional.com\/fr\/?src={search_term_string}\"},\"query-input\":\"required name=search_term_string\"}],\"inLanguage\":\"fr-FR\"}]}<\/script>\n<!-- \/ Yoast SEO plugin. -->","yoast_head_json":{"title":"Accessoires et Consommables Professionnels | Electrolux Professional","description":"D\u00e9couvrez nos accessoires et consommables originaux pour \u00e9quipements professionnels. Garantissez performance et durabilit\u00e9 de vos appareils.","robots":{"index":"index","follow":"follow","max-snippet":"max-snippet:-1","max-image-preview":"max-image-preview:large","max-video-preview":"max-video-preview:-1"},"canonical":"https:\/\/www.electroluxprofessional.com\/fr\/accessoires-consommables\/","og_locale":"fr_FR","og_type":"article","og_title":"Accessoires et Consommables Professionnels | Electrolux Professional","og_description":"D\u00e9couvrez nos accessoires et consommables originaux pour \u00e9quipements professionnels. Garantissez performance et durabilit\u00e9 de vos appareils.","og_url":"https:\/\/www.electroluxprofessional.com\/fr\/accessoires-consommables\/","og_site_name":"Electrolux Professional France","article_modified_time":"2026-04-13T16:08:59+00:00","og_image":[{"width":966,"height":712,"url":"https:\/\/www.electroluxprofessional.com\/fr\/wp-content\/uploads\/2026\/02\/amenagement-cuisine-professionnelle-conseils.jpg","type":"image\/jpeg"}],"twitter_card":"summary_large_image","twitter_misc":{"Dur\u00e9e de lecture estim\u00e9e":"3 minutes"},"schema":{"@context":"https:\/\/schema.org","@graph":[{"@type":"WebPage","@id":"https:\/\/www.electroluxprofessional.com\/fr\/accessoires-consommables\/","url":"https:\/\/www.electroluxprofessional.com\/fr\/accessoires-consommables\/","name":"Accessoires et Consommables Professionnels | Electrolux Professional","isPartOf":{"@id":"https:\/\/www.electroluxprofessional.com\/fr\/#website"},"primaryImageOfPage":{"@id":"https:\/\/www.electroluxprofessional.com\/fr\/accessoires-consommables\/#primaryimage"},"image":{"@id":"https:\/\/www.electroluxprofessional.com\/fr\/accessoires-consommables\/#primaryimage"},"thumbnailUrl":"https:\/\/www.electroluxprofessional.com\/fr\/wp-content\/uploads\/2026\/02\/amenagement-cuisine-professionnelle-conseils.jpg","datePublished":"2016-08-25T08:47:14+00:00","dateModified":"2026-04-13T16:08:59+00:00","description":"D\u00e9couvrez nos accessoires et consommables originaux pour \u00e9quipements professionnels. Garantissez performance et durabilit\u00e9 de vos appareils.","breadcrumb":{"@id":"https:\/\/www.electroluxprofessional.com\/fr\/accessoires-consommables\/#breadcrumb"},"inLanguage":"fr-FR","potentialAction":[{"@type":"ReadAction","target":["https:\/\/www.electroluxprofessional.com\/fr\/accessoires-consommables\/"]}]},{"@type":"ImageObject","inLanguage":"fr-FR","@id":"https:\/\/www.electroluxprofessional.com\/fr\/accessoires-consommables\/#primaryimage","url":"https:\/\/www.electroluxprofessional.com\/fr\/wp-content\/uploads\/2026\/02\/amenagement-cuisine-professionnelle-conseils.jpg","contentUrl":"https:\/\/www.electroluxprofessional.com\/fr\/wp-content\/uploads\/2026\/02\/amenagement-cuisine-professionnelle-conseils.jpg","width":966,"height":712,"caption":"Am\u00e9nagement cuisine professionnelle - Electrolux Professional"},{"@type":"BreadcrumbList","@id":"https:\/\/www.electroluxprofessional.com\/fr\/accessoires-consommables\/#breadcrumb","itemListElement":[{"@type":"ListItem","position":1,"name":"Home","item":"https:\/\/www.electroluxprofessional.com\/fr\/"},{"@type":"ListItem","position":2,"name":"Accessoires &#038; Consommables"}]},{"@type":"WebSite","@id":"https:\/\/www.electroluxprofessional.com\/fr\/#website","url":"https:\/\/www.electroluxprofessional.com\/fr\/","name":"Electrolux Professional France","description":"","potentialAction":[{"@type":"SearchAction","target":{"@type":"EntryPoint","urlTemplate":"https:\/\/www.electroluxprofessional.com\/fr\/?src={search_term_string}"},"query-input":"required name=search_term_string"}],"inLanguage":"fr-FR"}]}},"_links":{"self":[{"href":"https:\/\/www.electroluxprofessional.com\/fr\/wp-json\/wp\/v2\/pages\/6298"}],"collection":[{"href":"https:\/\/www.electroluxprofessional.com\/fr\/wp-json\/wp\/v2\/pages"}],"about":[{"href":"https:\/\/www.electroluxprofessional.com\/fr\/wp-json\/wp\/v2\/types\/page"}],"author":[{"embeddable":true,"href":"https:\/\/www.electroluxprofessional.com\/fr\/wp-json\/wp\/v2\/users\/4"}],"replies":[{"embeddable":true,"href":"https:\/\/www.electroluxprofessional.com\/fr\/wp-json\/wp\/v2\/comments?post=6298"}],"version-history":[{"count":61,"href":"https:\/\/www.electroluxprofessional.com\/fr\/wp-json\/wp\/v2\/pages\/6298\/revisions"}],"predecessor-version":[{"id":32070,"href":"https:\/\/www.electroluxprofessional.com\/fr\/wp-json\/wp\/v2\/pages\/6298\/revisions\/32070"}],"wp:featuredmedia":[{"embeddable":true,"href":"https:\/\/www.electroluxprofessional.com\/fr\/wp-json\/wp\/v2\/media\/30010"}],"wp:attachment":[{"href":"https:\/\/www.electroluxprofessional.com\/fr\/wp-json\/wp\/v2\/media?parent=6298"}],"curies":[{"name":"wp","href":"https:\/\/api.w.org\/{rel}","templated":true}]}}