{"id":6281,"date":"2016-06-01T13:56:56","date_gmt":"2016-06-01T13:56:56","guid":{"rendered":"https:\/\/www.electroluxprofessional.com\/?page_id=1763"},"modified":"2026-03-30T09:21:09","modified_gmt":"2026-03-30T09:21:09","slug":"essentia","status":"publish","type":"page","link":"https:\/\/www.electroluxprofessional.com\/fr\/essentia\/","title":{"rendered":"Essentia"},"content":{"rendered":"<p>[vc_row full_width=&#8221;electroluxpro-full-width-no-padding&#8221;][vc_column][vc_column_text][\/vc_column_text][\/vc_column][\/vc_row][vc_row][vc_column width=&#8221;1\/4&#8243;][vc_empty_space][vc_single_image image=&#8221;6274&#8243; img_size=&#8221;300*300&#8243;][vc_empty_space][\/vc_column][vc_column width=&#8221;3\/4&#8243;][vc_empty_space][vc_empty_space][elx_heading font_container=&#8221;h1&#8243; font_size=&#8221;h3&#8243; text_color=&#8221;inherit&#8221;]Essentia &#8211; Service Client Professionnel Electrolux[\/elx_heading][vc_column_text]Une \u00e9quipe pour vous servir. A chaque instant, partout.[\/vc_column_text][\/vc_column][\/vc_row][vc_row][vc_column][vc_empty_space height=&#8221;16px&#8221;][elx_heading font_size=&#8221;h3&#8243; text_color=&#8221;inherit&#8221;]Le c\u0153ur du service clients[\/elx_heading][vc_column_text]<\/p>\n<p style=\"text-align: left;\">Essentia , un service client haut de gamme. Votre principal avantage face \u00e0 la concurrence.<\/p>\n<p style=\"text-align: left;\">De l\u2019installation \u00e0 la fin de vie de chaque \u00e9quipement, nos accords de maintenance sont bas\u00e9s sur nos connaissances, notre h\u00e9ritage et nos nombreuses ann\u00e9es de design de cuisines et blanchisseries professionnelles, ainsi que les nouveaux \u00e9quipements de distribution de boissons<\/p>\n<p>[\/vc_column_text][\/vc_column][\/vc_row][vc_row][vc_column][vc_empty_space][\/vc_column][\/vc_row][vc_row][vc_column width=&#8221;1\/2&#8243;][elx_simple_link_block link=&#8221;url:https%3A%2F%2Fwww.electroluxprofessional.com%2Ffr%2Faccessoires-consommables%2F|title:Accessoires%20et%20consommables&#8221; text_align=&#8221;text-left&#8221; text_color=&#8221;inherit&#8221; background_color=&#8221;inherit&#8221; background_hover_color=&#8221;darker-hover&#8221; extra_class=&#8221;&#8221; reveal_effect=&#8221;&#8221; reveal_duration=&#8221;&#8221; reveal_delay=&#8221;&#8221;][vc_single_image image=&#8221;6276&#8243; img_size=&#8221;555*185&#8243;][elx_heading font_size=&#8221;h5&#8243; text_color=&#8221;inherit&#8221;]Accessoires et consommables[\/elx_heading][vc_column_text]Vous pouvez compter sur un envoi rapide d\u2019Accessoires &amp; Consommables rigoureusement test\u00e9s par les experts Electrolux Professional, garantissant durabilit\u00e9 et performance pour votre \u00e9quipement et s\u00e9curit\u00e9 pour les utilisateurs.[\/vc_column_text][\/elx_simple_link_block][elx_button button_text=&#8221;Nos accessoires et consommables d&#8217;origine&#8221; button_style=&#8221;icon&#8221; button_link=&#8221;url:https%3A%2F%2Fwww.electroluxprofessional.com%2Ffr%2Faccessoires-consommables%2F&#8221;][\/vc_column][vc_column width=&#8221;1\/2&#8243;][elx_simple_link_block link=&#8221;url:https%3A%2F%2Fwww.electroluxprofessional.com%2Ffr%2Frevendeurs-stc%2F|title:Locator&#8221; text_align=&#8221;text-left&#8221; text_color=&#8221;inherit&#8221; background_color=&#8221;inherit&#8221; background_hover_color=&#8221;darker-hover&#8221; extra_class=&#8221;&#8221; reveal_effect=&#8221;&#8221; reveal_duration=&#8221;&#8221; reveal_delay=&#8221;&#8221;][vc_single_image image=&#8221;6277&#8243; img_size=&#8221;555*185&#8243;][elx_heading font_size=&#8221;h5&#8243; text_color=&#8221;inherit&#8221;]Pi\u00e8ces de rechange[\/elx_heading][vc_column_text]55000 pi\u00e8ces d\u00e9tach\u00e9es en stock. Des pi\u00e8ces disponibles 10 ans. D\u00e9lai d\u2019envoi des pi\u00e8ces 24-48 heures, dans le monde entier.[\/vc_column_text][\/elx_simple_link_block][elx_button button_text=&#8221;Le partenaire le plus proche pour vos pi\u00e8ces d\u00e9tach\u00e9es&#8221; button_style=&#8221;icon&#8221; button_link=&#8221;url:https%3A%2F%2Fwww.electroluxprofessional.com%2Ffr%2Frevendeurs-stc%2F|title:spare%20parts%20service%20locator&#8221;][\/vc_column][\/vc_row][vc_row][vc_column][vc_empty_space][\/vc_column][\/vc_row][vc_row disable_element=&#8221;yes&#8221;][vc_column width=&#8221;2\/3&#8243;][vc_empty_space height=&#8221;28px&#8221;][elx_heading font_size=&#8221;h3&#8243; text_color=&#8221;inherit&#8221;]Il vous en parle[\/elx_heading][vc_column_text]<em>&#8220;Gr\u00e2ce \u00e0 notre nouveau service Essentia, nous assurons la standardisation et l\u2019harmonie des proc\u00e9dures du Service Client \u00e0 travers le monde.\u00a0<\/em><em>Avec Essentia, nous souhaitons que le Service Client soit un acteur majeur dans le choix de vos \u00e9quipements. A travers des produits innovants, une qualit\u00e9 haut de gamme propos\u00e9e et un service client assur\u00e9 partout et \u00e0 n\u2019importe quel moment, nos clients reviennent toujours, ann\u00e9e apr\u00e8s ann\u00e9e, chez Electrolux Professional&#8221;<\/em><em><br \/>\n<\/em><strong>Magnus Savenas<br \/>\n<\/strong>V.P Customer Care &amp; Quality<br \/>\n<strong>Electrolux Professional<\/strong>[\/vc_column_text][vc_empty_space][\/vc_column][vc_column width=&#8221;1\/3&#8243;][vc_single_image image=&#8221;6279&#8243; img_size=&#8221;full&#8221;][\/vc_column][\/vc_row][vc_row][vc_column width=&#8221;2\/3&#8243;][vc_empty_space][elx_simple_link_block link=&#8221;url:https%3A%2F%2Fwww.electroluxprofessional.com%2Ffr%2Frevendeurs-stc%2F|title:Sales%20%26%20Service%20Locator&#8221; text_align=&#8221;text-left&#8221; text_color=&#8221;inherit&#8221; background_color=&#8221;inherit&#8221; background_hover_color=&#8221;darker-hover&#8221; extra_class=&#8221;&#8221; reveal_effect=&#8221;&#8221; reveal_duration=&#8221;&#8221; reveal_delay=&#8221;&#8221;][elx_heading font_size=&#8221;h3&#8243; text_color=&#8221;inherit&#8221;]R\u00e9seau service[\/elx_heading][vc_column_text]Vous pouvez compter sur plus de <strong>2200 partenaires agr\u00e9\u00e9s<\/strong> Service, toujours disponibles, toujours \u00e0 votre service. Nous sommes pr\u00eats et engag\u00e9s pour vous apporter notre support avec un service unique au monde, pour rendre votre vie plus facile.[\/vc_column_text][\/elx_simple_link_block][elx_button button_text=&#8221;Trouver un partenaire agr\u00e9\u00e9&#8221; button_link=&#8221;url:https%3A%2F%2Fwww.electroluxprofessional.com%2Ffr%2Frevendeurs-stc%2F|title:Sales%20%26%20Service%20Locator&#8221;][\/vc_column][vc_column width=&#8221;1\/3&#8243;][vc_empty_space][vc_single_image image=&#8221;6280&#8243; img_size=&#8221;full&#8221;][\/vc_column][\/vc_row][vc_row][vc_column][vc_empty_space][vc_empty_space][\/vc_column][\/vc_row][vc_row][vc_column][elx_heading font_container=&#8221;h3&#8243; text_color=&#8221;inherit&#8221;]Essentia vous int\u00e9resse ? Contactez-nous ![\/elx_heading][elx_o2000_contact_us s=&#8221;Demande d&#8217;informations \u00e0 propos d&#8217;Essentia&#8221; country=&#8221;France&#8221; container=&#8221;elxcontactus1484293813&#8243; r=&#8221;Bonjour, je souhaite avoir plus d&#8217;informations concernant Essentia. Pouvez-vous me recontacter svp ? Merci !&#8221; e=&#8221;professionnel@electrolux.com&#8221; l=&#8221;fr&#8221;][\/vc_column][\/vc_row][vc_row][vc_column][vc_empty_space][\/vc_column][\/vc_row]<\/p>\n","protected":false},"excerpt":{"rendered":"<p>[vc_row full_width=&#8221;electroluxpro-full-width-no-padding&#8221;][vc_column][vc_column_text][\/vc_column_text][\/vc_column][\/vc_row][vc_row][vc_column width=&#8221;1\/4&#8243;][vc_empty_space][vc_single_image image=&#8221;6274&#8243; img_size=&#8221;300*300&#8243;][vc_empty_space][\/vc_column][vc_column width=&#8221;3\/4&#8243;][vc_empty_space][vc_empty_space][elx_heading font_container=&#8221;h1&#8243; font_size=&#8221;h3&#8243; text_color=&#8221;inherit&#8221;]Essentia &#8211; Service Client Professionnel Electrolux[\/elx_heading][vc_column_text]Une \u00e9quipe pour vous servir. A chaque instant, partout.[\/vc_column_text][\/vc_column][\/vc_row][vc_row][vc_column][vc_empty_space height=&#8221;16px&#8221;][elx_heading font_size=&#8221;h3&#8243; text_color=&#8221;inherit&#8221;]Le c\u0153ur du service clients[\/elx_heading][vc_column_text] Essentia , un service client haut de gamme. Votre principal avantage face \u00e0 la concurrence. De l\u2019installation \u00e0 la fin de vie de chaque \u00e9quipement, nos [&hellip;]<\/p>\n","protected":false},"author":4,"featured_media":6271,"parent":0,"menu_order":0,"comment_status":"closed","ping_status":"closed","template":"","meta":{"footnotes":""},"class_list":["post-6281","page","type-page","status-publish","has-post-thumbnail","hentry"],"acf":[],"yoast_head":"<!-- This site is optimized with the Yoast SEO plugin v23.3 - https:\/\/yoast.com\/wordpress\/plugins\/seo\/ -->\n<title>Service &amp; support | Electrolux Professional<\/title>\n<meta name=\"description\" content=\"Acc\u00e9dez \u00e0 notre assistance technique, \u00e0 nos pi\u00e8ces d\u00e9tach\u00e9es et \u00e0 la documentation produit. Nos experts vous aideront \u00e0 optimiser la dur\u00e9e de vie de votre \u00e9quipement.\" \/>\n<meta name=\"robots\" content=\"index, follow, max-snippet:-1, max-image-preview:large, max-video-preview:-1\" \/>\n<link rel=\"canonical\" href=\"https:\/\/www.electroluxprofessional.com\/fr\/essentia\/\" \/>\n<meta property=\"og:locale\" content=\"fr_FR\" \/>\n<meta property=\"og:type\" content=\"article\" \/>\n<meta property=\"og:title\" content=\"Service &amp; support | Electrolux Professional\" \/>\n<meta property=\"og:description\" content=\"Acc\u00e9dez \u00e0 notre assistance technique, \u00e0 nos pi\u00e8ces d\u00e9tach\u00e9es et \u00e0 la documentation produit. Nos experts vous aideront \u00e0 optimiser la dur\u00e9e de vie de votre \u00e9quipement.\" \/>\n<meta property=\"og:url\" content=\"https:\/\/www.electroluxprofessional.com\/fr\/essentia\/\" \/>\n<meta property=\"og:site_name\" content=\"Electrolux Professional France\" \/>\n<meta property=\"article:modified_time\" content=\"2026-03-30T09:21:09+00:00\" \/>\n<meta property=\"og:image\" content=\"https:\/\/www.electroluxprofessional.com\/fr\/wp-content\/uploads\/2017\/01\/cutomer-care.jpg\" \/>\n\t<meta property=\"og:image:width\" content=\"2000\" \/>\n\t<meta property=\"og:image:height\" content=\"1691\" \/>\n\t<meta property=\"og:image:type\" content=\"image\/jpeg\" \/>\n<meta name=\"twitter:card\" content=\"summary_large_image\" \/>\n<meta name=\"twitter:label1\" content=\"Dur\u00e9e de lecture estim\u00e9e\" \/>\n\t<meta name=\"twitter:data1\" content=\"4 minutes\" \/>\n<script type=\"application\/ld+json\" class=\"yoast-schema-graph\">{\"@context\":\"https:\/\/schema.org\",\"@graph\":[{\"@type\":\"WebPage\",\"@id\":\"https:\/\/www.electroluxprofessional.com\/fr\/essentia\/\",\"url\":\"https:\/\/www.electroluxprofessional.com\/fr\/essentia\/\",\"name\":\"Service & support | Electrolux Professional\",\"isPartOf\":{\"@id\":\"https:\/\/www.electroluxprofessional.com\/fr\/#website\"},\"primaryImageOfPage\":{\"@id\":\"https:\/\/www.electroluxprofessional.com\/fr\/essentia\/#primaryimage\"},\"image\":{\"@id\":\"https:\/\/www.electroluxprofessional.com\/fr\/essentia\/#primaryimage\"},\"thumbnailUrl\":\"https:\/\/www.electroluxprofessional.com\/fr\/wp-content\/uploads\/2017\/01\/cutomer-care.jpg\",\"datePublished\":\"2016-06-01T13:56:56+00:00\",\"dateModified\":\"2026-03-30T09:21:09+00:00\",\"description\":\"Acc\u00e9dez \u00e0 notre assistance technique, \u00e0 nos pi\u00e8ces d\u00e9tach\u00e9es et \u00e0 la documentation produit. Nos experts vous aideront \u00e0 optimiser la dur\u00e9e de vie de votre \u00e9quipement.\",\"breadcrumb\":{\"@id\":\"https:\/\/www.electroluxprofessional.com\/fr\/essentia\/#breadcrumb\"},\"inLanguage\":\"fr-FR\",\"potentialAction\":[{\"@type\":\"ReadAction\",\"target\":[\"https:\/\/www.electroluxprofessional.com\/fr\/essentia\/\"]}]},{\"@type\":\"ImageObject\",\"inLanguage\":\"fr-FR\",\"@id\":\"https:\/\/www.electroluxprofessional.com\/fr\/essentia\/#primaryimage\",\"url\":\"https:\/\/www.electroluxprofessional.com\/fr\/wp-content\/uploads\/2017\/01\/cutomer-care.jpg\",\"contentUrl\":\"https:\/\/www.electroluxprofessional.com\/fr\/wp-content\/uploads\/2017\/01\/cutomer-care.jpg\",\"width\":2000,\"height\":1691,\"caption\":\"customer care service electrolux professional\"},{\"@type\":\"BreadcrumbList\",\"@id\":\"https:\/\/www.electroluxprofessional.com\/fr\/essentia\/#breadcrumb\",\"itemListElement\":[{\"@type\":\"ListItem\",\"position\":1,\"name\":\"Home\",\"item\":\"https:\/\/www.electroluxprofessional.com\/fr\/\"},{\"@type\":\"ListItem\",\"position\":2,\"name\":\"Essentia\"}]},{\"@type\":\"WebSite\",\"@id\":\"https:\/\/www.electroluxprofessional.com\/fr\/#website\",\"url\":\"https:\/\/www.electroluxprofessional.com\/fr\/\",\"name\":\"Electrolux Professional France\",\"description\":\"\",\"potentialAction\":[{\"@type\":\"SearchAction\",\"target\":{\"@type\":\"EntryPoint\",\"urlTemplate\":\"https:\/\/www.electroluxprofessional.com\/fr\/?src={search_term_string}\"},\"query-input\":\"required name=search_term_string\"}],\"inLanguage\":\"fr-FR\"}]}<\/script>\n<!-- \/ Yoast SEO plugin. -->","yoast_head_json":{"title":"Service & support | Electrolux Professional","description":"Acc\u00e9dez \u00e0 notre assistance technique, \u00e0 nos pi\u00e8ces d\u00e9tach\u00e9es et \u00e0 la documentation produit. Nos experts vous aideront \u00e0 optimiser la dur\u00e9e de vie de votre \u00e9quipement.","robots":{"index":"index","follow":"follow","max-snippet":"max-snippet:-1","max-image-preview":"max-image-preview:large","max-video-preview":"max-video-preview:-1"},"canonical":"https:\/\/www.electroluxprofessional.com\/fr\/essentia\/","og_locale":"fr_FR","og_type":"article","og_title":"Service & support | Electrolux Professional","og_description":"Acc\u00e9dez \u00e0 notre assistance technique, \u00e0 nos pi\u00e8ces d\u00e9tach\u00e9es et \u00e0 la documentation produit. Nos experts vous aideront \u00e0 optimiser la dur\u00e9e de vie de votre \u00e9quipement.","og_url":"https:\/\/www.electroluxprofessional.com\/fr\/essentia\/","og_site_name":"Electrolux Professional France","article_modified_time":"2026-03-30T09:21:09+00:00","og_image":[{"width":2000,"height":1691,"url":"https:\/\/www.electroluxprofessional.com\/fr\/wp-content\/uploads\/2017\/01\/cutomer-care.jpg","type":"image\/jpeg"}],"twitter_card":"summary_large_image","twitter_misc":{"Dur\u00e9e de lecture estim\u00e9e":"4 minutes"},"schema":{"@context":"https:\/\/schema.org","@graph":[{"@type":"WebPage","@id":"https:\/\/www.electroluxprofessional.com\/fr\/essentia\/","url":"https:\/\/www.electroluxprofessional.com\/fr\/essentia\/","name":"Service & support | Electrolux Professional","isPartOf":{"@id":"https:\/\/www.electroluxprofessional.com\/fr\/#website"},"primaryImageOfPage":{"@id":"https:\/\/www.electroluxprofessional.com\/fr\/essentia\/#primaryimage"},"image":{"@id":"https:\/\/www.electroluxprofessional.com\/fr\/essentia\/#primaryimage"},"thumbnailUrl":"https:\/\/www.electroluxprofessional.com\/fr\/wp-content\/uploads\/2017\/01\/cutomer-care.jpg","datePublished":"2016-06-01T13:56:56+00:00","dateModified":"2026-03-30T09:21:09+00:00","description":"Acc\u00e9dez \u00e0 notre assistance technique, \u00e0 nos pi\u00e8ces d\u00e9tach\u00e9es et \u00e0 la documentation produit. Nos experts vous aideront \u00e0 optimiser la dur\u00e9e de vie de votre \u00e9quipement.","breadcrumb":{"@id":"https:\/\/www.electroluxprofessional.com\/fr\/essentia\/#breadcrumb"},"inLanguage":"fr-FR","potentialAction":[{"@type":"ReadAction","target":["https:\/\/www.electroluxprofessional.com\/fr\/essentia\/"]}]},{"@type":"ImageObject","inLanguage":"fr-FR","@id":"https:\/\/www.electroluxprofessional.com\/fr\/essentia\/#primaryimage","url":"https:\/\/www.electroluxprofessional.com\/fr\/wp-content\/uploads\/2017\/01\/cutomer-care.jpg","contentUrl":"https:\/\/www.electroluxprofessional.com\/fr\/wp-content\/uploads\/2017\/01\/cutomer-care.jpg","width":2000,"height":1691,"caption":"customer care service electrolux professional"},{"@type":"BreadcrumbList","@id":"https:\/\/www.electroluxprofessional.com\/fr\/essentia\/#breadcrumb","itemListElement":[{"@type":"ListItem","position":1,"name":"Home","item":"https:\/\/www.electroluxprofessional.com\/fr\/"},{"@type":"ListItem","position":2,"name":"Essentia"}]},{"@type":"WebSite","@id":"https:\/\/www.electroluxprofessional.com\/fr\/#website","url":"https:\/\/www.electroluxprofessional.com\/fr\/","name":"Electrolux Professional France","description":"","potentialAction":[{"@type":"SearchAction","target":{"@type":"EntryPoint","urlTemplate":"https:\/\/www.electroluxprofessional.com\/fr\/?src={search_term_string}"},"query-input":"required name=search_term_string"}],"inLanguage":"fr-FR"}]}},"_links":{"self":[{"href":"https:\/\/www.electroluxprofessional.com\/fr\/wp-json\/wp\/v2\/pages\/6281"}],"collection":[{"href":"https:\/\/www.electroluxprofessional.com\/fr\/wp-json\/wp\/v2\/pages"}],"about":[{"href":"https:\/\/www.electroluxprofessional.com\/fr\/wp-json\/wp\/v2\/types\/page"}],"author":[{"embeddable":true,"href":"https:\/\/www.electroluxprofessional.com\/fr\/wp-json\/wp\/v2\/users\/4"}],"replies":[{"embeddable":true,"href":"https:\/\/www.electroluxprofessional.com\/fr\/wp-json\/wp\/v2\/comments?post=6281"}],"version-history":[{"count":37,"href":"https:\/\/www.electroluxprofessional.com\/fr\/wp-json\/wp\/v2\/pages\/6281\/revisions"}],"predecessor-version":[{"id":31657,"href":"https:\/\/www.electroluxprofessional.com\/fr\/wp-json\/wp\/v2\/pages\/6281\/revisions\/31657"}],"wp:featuredmedia":[{"embeddable":true,"href":"https:\/\/www.electroluxprofessional.com\/fr\/wp-json\/wp\/v2\/media\/6271"}],"wp:attachment":[{"href":"https:\/\/www.electroluxprofessional.com\/fr\/wp-json\/wp\/v2\/media?parent=6281"}],"curies":[{"name":"wp","href":"https:\/\/api.w.org\/{rel}","templated":true}]}}