{"id":5831,"date":"2018-01-17T14:24:42","date_gmt":"2018-01-17T13:24:42","guid":{"rendered":"https:\/\/www.electroluxprofessional.com\/?page_id=14181"},"modified":"2026-03-23T15:21:08","modified_gmt":"2026-03-23T15:21:08","slug":"four-compact-multislim-old","status":"publish","type":"page","link":"https:\/\/www.electroluxprofessional.com\/fr\/equipement-cuisine\/fours\/four-compact-multislim-old\/","title":{"rendered":"Four compact MultiSlim Old"},"content":{"rendered":"<p>[vc_row full_width=&#8221;electroluxpro-full-width-no-padding&#8221;][vc_column][vc_single_image image=&#8221;15897&#8243; img_size=&#8221;full&#8221; alignment=&#8221;center&#8221;][\/vc_column][\/vc_row][vc_row][vc_column width=&#8221;2\/3&#8243;][elx_heading font_container=&#8221;h1&#8243; font_size=&#8221;h3&#8243; text_color=&#8221;inherit&#8221;]Four Compact MultiSlim &#8211; Petite Taille, Grandes Performances[\/elx_heading][vc_column_text]Vous avez peu d&#8217;espace dans votre cuisine ? Vous recherchez un four peu encombrant dot\u00e9 d&#8217;excellentes performances de cuisson ? Le nouveau\u00a0<strong>four compact Multislim<\/strong>\u00a0est fait pour votre restaurant ou votre bar ![\/vc_column_text][\/vc_column][vc_column width=&#8221;1\/3&#8243;][vc_empty_space height=&#8221;80px&#8221;][elx_button button_text=&#8221;D\u00e9couvrir la brochure&#8221; button_link=&#8221;url:https%3A%2F%2Fwww.electroluxprofessional.com%2Ffr%2Fwp-content%2Fuploads%2F2018%2F03%2FMultiSlim_brochure_35_FR_lq.pdf|target:_blank&#8221;][\/vc_column][\/vc_row][vc_row][vc_column width=&#8221;1\/3&#8243;][vc_empty_space][vc_single_image image=&#8221;5819&#8243; img_size=&#8221;100&#215;100&#8243; alignment=&#8221;center&#8221;][elx_heading font_size=&#8221;h5&#8243; text_color=&#8221;inherit&#8221;]Economies vertes[\/elx_heading][vc_column_text]En utilisant jusqu&#8217;\u00e0 15% de moins d&#8217;eau que les fours \u00e0 injection standards,\u00a0<strong>le four compact MultiSlim<\/strong> respecte l&#8217;environnement et vous permet de faire des \u00e9conomies sur vos factures d\u2019\u00e9lectricit\u00e9.[\/vc_column_text][vc_empty_space][\/vc_column][vc_column width=&#8221;1\/3&#8243;][vc_empty_space][vc_single_image image=&#8221;5820&#8243; img_size=&#8221;100&#215;100&#8243; alignment=&#8221;center&#8221;][elx_heading font_size=&#8221;h5&#8243; text_color=&#8221;inherit&#8221;]Cuire dans moins d&#8217;espace[\/elx_heading][vc_column_text]Avec ses dimensions peu encombrantes,<strong> seulement 52 cm de large,<\/strong> <strong>le four compact MultiSlim<\/strong> est id\u00e9al pour les petites cuisines. Le sens d&#8217;ouverture de sa porte est \u00e9galement interchangeable : il s&#8217;adapte \u00e0 tous les environnements.[\/vc_column_text][vc_empty_space][\/vc_column][vc_column width=&#8221;1\/3&#8243;][vc_empty_space][vc_single_image image=&#8221;5821&#8243; img_size=&#8221;100&#215;100&#8243; alignment=&#8221;center&#8221;][elx_heading font_size=&#8221;h5&#8243; text_color=&#8221;inherit&#8221;]Dur\u00e9e de vie optimis\u00e9e[\/elx_heading][vc_column_text]<strong>Le four compact MultiSlim<\/strong> est con\u00e7u pour une utilisation intensive et sur le long terme. Pesant seulement 72kg, il est construit avec des mat\u00e9riaux robustes et de haute qualit\u00e9.[\/vc_column_text][vc_empty_space][\/vc_column][\/vc_row][vc_row css=&#8221;.vc_custom_1516626289472{background-color: #eeeeee !important;}&#8221;][vc_column width=&#8221;1\/2&#8243;][vc_single_image image=&#8221;15898&#8243; img_size=&#8221;full&#8221;][\/vc_column][vc_column width=&#8221;1\/2&#8243;][vc_empty_space height=&#8221;10px&#8221;][elx_heading font_size=&#8221;h5&#8243; text_color=&#8221;inherit&#8221;]Votre menu au bout de vos doigts<br \/>\navec le four compact MultiSlim[\/elx_heading][vc_column_text]Une navigation rapide et facile au travers des programmes et des fonctions et param\u00e8tres de cuisson accessibles gr\u00e2ce \u00e0 l&#8217;unique \u00e9cran de pr\u00e9cision.\u00a0<b>Appuyez\u00a0pour s\u00e9lectionner !<\/b><\/p>\n<p>Avec son <strong>interface programmable simple<\/strong>, le four compact MultiSlim vous permet de cr\u00e9er, sauvegarder et charger <strong>jusqu&#8217;\u00e0 99 recettes<\/strong>.[\/vc_column_text][\/vc_column][\/vc_row][vc_row][vc_column][vc_empty_space][elx_heading font_size=&#8221;h3&#8243; text_color=&#8221;inherit&#8221;]Vous souhaitez plus d&#8217;informations ?[\/elx_heading][elx_o2000_contact_us s=&#8221;Demande d&#8217;informations four compact MultiSlim&#8221; country=&#8221;France&#8221; r=&#8221;Bonjour, je souhaite avoir plus de renseignements sur le nouveau four compact MultiSlim.&#8221; l=&#8221;fr&#8221; e=&#8221;clement.barthelemy@electrolux.com&#8221;][\/vc_column][\/vc_row][vc_row][vc_column][vc_empty_space][vc_empty_space][elx_heading font_size=&#8221;h3&#8243; text_color=&#8221;inherit&#8221;]D\u00e9couvrez le four compact MultiSlim[\/elx_heading]<div class=\"com21-product-filter-container 126\"><div class=\"\"><h4 class=\"text-center\">2 Produits<\/h4><hr><\/div>\n                    <!-- PROD LIST -->\n                    <div class=\"product-list container\">\n                        <!--Hidden parameters-->\n                        <input type=\"hidden\" name=\"navigation_level_1\" id=\"navigation_level_1\" value=\"E\">\n                        <input type=\"hidden\" name=\"navigation_level_2\" id=\"navigation_level_2\" value=\"2\">\n                        <input type=\"hidden\" name=\"navigation_level_3\" id=\"navigation_level_3\" value=\"\">\n                        <input type=\"hidden\" name=\"navigation_level_4\" id=\"navigation_level_4\" value=\"\">\n                        <input type=\"hidden\" name=\"filter_id\" id=\"filter_id\" value=\"126\">\n                        <input type=\"hidden\" name=\"navigation_language\" id=\"navigation_language\" value=\"5002\">\n                        <input type=\"hidden\" name=\"navigation_language_code\" id=\"navigation_language\" value=\"5002\">\n                        <input type=\"hidden\" name=\"page_id\" id=\"page_id\" value=\"5831\">\n                        <!--END Hidden parameters--><ul class=\"row\" ><li data-product-paged=\"\" class=\"anchor_tags_prod col-sm-6 col-md-3 wow fadeIn single-product-list 260652\"><div class=\"product-list-item\"><div class=\"product-content\"><a href=\"https:\/\/www.electroluxprofessional.com\/fr\/pd\/cook-chill\/four-compact-multislim\/four-compact-multislim\/multislim-four-\u00e9lectrique-compact-tactile-6gn-1-1-avec-syst\u00e8me-de-nettoyage-260652\/\" target=\"_blank\" ><figure><img decoding=\"async\" src=\"https:\/\/tools.electroluxprofessional.com\/Mirror\/Doc\/PH_255x255%2FPH_260650_1_1_MultiSlimOven_US_260650.jpg\" alt=\"MultiSlimFour \u00e9lectrique compact tactile 6GN 1\/1 avec syst\u00e8me de nettoyage\"\/><\/figure><div class=\"product-internal\"><div class=\"product-liv\">Four Compact MultiSlim<\/div><h3 class=\"product-title\">MultiSlim<br>Four \u00e9lectrique compact tactile 6GN 1\/1 avec syst\u00e8me de nettoyage<\/h3><div class=\"product-icons\"><div class=\"product-green\"><\/div><div class=\"product-cod\"><div class=\"hidden type_code\">0<\/div>COD <span class=\"product-code\" >260652<\/span><\/div><div class=\"product-fast\"><\/div>\n<\/div><div class=\"product-description-fast-green\"><\/div>\n<\/div><div class=\"product-actions\"><a href=\"https:\/\/www.electroluxprofessional.com\/fr\/pd\/cook-chill\/four-compact-multislim\/four-compact-multislim\/multislim-four-\u00e9lectrique-compact-tactile-6gn-1-1-avec-syst\u00e8me-de-nettoyage-260652\/\" class=\"btn btn-primary-blue\">Voir plus<\/a><span class=\"compare-product\"><span class=\"compare-checkbox\"><span class=\"compare-checkbox-shape\"><input type=\"checkbox\" class=\"product-comparer\" id=\"prod_260652\"\/><label class=\"btn\" for=\"prod_260652\"><span class=\"label-bg\"><\/span>Comparer<\/label><\/span><\/span><\/span><\/div><\/a><\/div><\/div><\/li><li data-product-paged=\"\" class=\"anchor_tags_prod col-sm-6 col-md-3 wow fadeIn single-product-list 260654\"><div class=\"product-list-item\"><div class=\"product-content\"><a href=\"https:\/\/www.electroluxprofessional.com\/fr\/pd\/cook-chill\/four-compact-multislim\/four-compact-multislim\/multislim-four-\u00e9lectrique-compact-tactile-6gn-1-1-avec-syst\u00e8me-de-nettoyage-260654\/\" target=\"_blank\" ><figure><img decoding=\"async\" src=\"https:\/\/tools.electroluxprofessional.com\/Mirror\/Doc\/PH_255x255%2FPH_260654_1_1_260654.jpg\" alt=\"MultiSlimFour \u00e9lectrique compact tactile 6GN 1\/1 avec syst\u00e8me de nettoyage\"\/><\/figure><div class=\"product-internal\"><div class=\"product-liv\">Four Compact MultiSlim<\/div><h3 class=\"product-title\">MultiSlim<br>Four \u00e9lectrique compact tactile 6GN 1\/1 avec syst\u00e8me de nettoyage<\/h3><div class=\"product-icons\"><div class=\"product-green\"><\/div><div class=\"product-cod\"><div class=\"hidden type_code\">0<\/div>COD <span class=\"product-code\" >260654<\/span><\/div><div class=\"product-fast\"><\/div>\n<\/div><div class=\"product-description-fast-green\"><\/div>\n<\/div><div class=\"product-actions\"><a href=\"https:\/\/www.electroluxprofessional.com\/fr\/pd\/cook-chill\/four-compact-multislim\/four-compact-multislim\/multislim-four-\u00e9lectrique-compact-tactile-6gn-1-1-avec-syst\u00e8me-de-nettoyage-260654\/\" class=\"btn btn-primary-blue\">Voir plus<\/a><span class=\"compare-product\"><span class=\"compare-checkbox\"><span class=\"compare-checkbox-shape\"><input type=\"checkbox\" class=\"product-comparer\" id=\"prod_260654\"\/><label class=\"btn\" for=\"prod_260654\"><span class=\"label-bg\"><\/span>Comparer<\/label><\/span><\/span><\/span><\/div><\/a><\/div><\/div><\/li>\n                        <\/ul>\n                        <div class=\"text-center more-products\">\n                        <\/div>\n                    <\/div>\n                    <!-- END PRODUCT LIST -->\n                    <\/div>\n                    <!-- END PRODUCT LIST -->[\/vc_column][\/vc_row]<\/p>\n","protected":false},"excerpt":{"rendered":"<p>[vc_row full_width=&#8221;electroluxpro-full-width-no-padding&#8221;][vc_column][vc_single_image image=&#8221;15897&#8243; img_size=&#8221;full&#8221; alignment=&#8221;center&#8221;][\/vc_column][\/vc_row][vc_row][vc_column width=&#8221;2\/3&#8243;][elx_heading font_container=&#8221;h1&#8243; font_size=&#8221;h3&#8243; text_color=&#8221;inherit&#8221;]Four Compact MultiSlim &#8211; Petite Taille, Grandes Performances[\/elx_heading][vc_column_text]Vous avez peu d&#8217;espace dans votre cuisine ? Vous recherchez un four peu encombrant dot\u00e9 d&#8217;excellentes performances de cuisson ? Le nouveau\u00a0four compact Multislim\u00a0est fait pour votre restaurant ou votre bar ![\/vc_column_text][\/vc_column][vc_column width=&#8221;1\/3&#8243;][vc_empty_space height=&#8221;80px&#8221;][elx_button button_text=&#8221;D\u00e9couvrir la brochure&#8221; button_link=&#8221;url:https%3A%2F%2Fwww.electroluxprofessional.com%2Ffr%2Fwp-content%2Fuploads%2F2018%2F03%2FMultiSlim_brochure_35_FR_lq.pdf|target:_blank&#8221;][\/vc_column][\/vc_row][vc_row][vc_column width=&#8221;1\/3&#8243;][vc_empty_space][vc_single_image image=&#8221;5819&#8243; [&hellip;]<\/p>\n","protected":false},"author":4,"featured_media":0,"parent":2880,"menu_order":0,"comment_status":"closed","ping_status":"closed","template":"","meta":{"footnotes":""},"class_list":["post-5831","page","type-page","status-publish","hentry"],"acf":[],"yoast_head":"<!-- This site is optimized with the Yoast SEO plugin v23.3 - https:\/\/yoast.com\/wordpress\/plugins\/seo\/ -->\n<title>Four Compact MultiSlim | Electrolux Professional<\/title>\n<meta name=\"description\" content=\"D\u00e9couvrez le four compact MultiSlim : la solution id\u00e9ale pour les petites cuisines professionnelles. Performances exceptionnelles, \u00e9conomies d&#039;\u00e9nergie et durabilit\u00e9.\" \/>\n<meta name=\"robots\" content=\"index, follow, max-snippet:-1, max-image-preview:large, max-video-preview:-1\" \/>\n<link rel=\"canonical\" href=\"https:\/\/www.electroluxprofessional.com\/fr\/equipement-cuisine\/fours\/four-compact-multislim-old\/\" \/>\n<meta property=\"og:locale\" content=\"fr_FR\" \/>\n<meta property=\"og:type\" content=\"article\" \/>\n<meta property=\"og:title\" content=\"Four Compact MultiSlim | Electrolux Professional\" \/>\n<meta property=\"og:description\" content=\"D\u00e9couvrez le four compact MultiSlim : la solution id\u00e9ale pour les petites cuisines professionnelles. Performances exceptionnelles, \u00e9conomies d&#039;\u00e9nergie et durabilit\u00e9.\" \/>\n<meta property=\"og:url\" content=\"https:\/\/www.electroluxprofessional.com\/fr\/equipement-cuisine\/fours\/four-compact-multislim-old\/\" \/>\n<meta property=\"og:site_name\" content=\"Electrolux Professional France\" \/>\n<meta property=\"article:modified_time\" content=\"2026-03-23T15:21:08+00:00\" \/>\n<meta name=\"twitter:card\" content=\"summary_large_image\" \/>\n<meta name=\"twitter:label1\" content=\"Dur\u00e9e de lecture estim\u00e9e\" \/>\n\t<meta name=\"twitter:data1\" content=\"2 minutes\" \/>\n<script type=\"application\/ld+json\" class=\"yoast-schema-graph\">{\"@context\":\"https:\/\/schema.org\",\"@graph\":[{\"@type\":\"WebPage\",\"@id\":\"https:\/\/www.electroluxprofessional.com\/fr\/equipement-cuisine\/fours\/four-compact-multislim-old\/\",\"url\":\"https:\/\/www.electroluxprofessional.com\/fr\/equipement-cuisine\/fours\/four-compact-multislim-old\/\",\"name\":\"Four Compact MultiSlim | Electrolux Professional\",\"isPartOf\":{\"@id\":\"https:\/\/www.electroluxprofessional.com\/fr\/#website\"},\"datePublished\":\"2018-01-17T13:24:42+00:00\",\"dateModified\":\"2026-03-23T15:21:08+00:00\",\"description\":\"D\u00e9couvrez le four compact MultiSlim : la solution id\u00e9ale pour les petites cuisines professionnelles. Performances exceptionnelles, \u00e9conomies d'\u00e9nergie et durabilit\u00e9.\",\"breadcrumb\":{\"@id\":\"https:\/\/www.electroluxprofessional.com\/fr\/equipement-cuisine\/fours\/four-compact-multislim-old\/#breadcrumb\"},\"inLanguage\":\"fr-FR\",\"potentialAction\":[{\"@type\":\"ReadAction\",\"target\":[\"https:\/\/www.electroluxprofessional.com\/fr\/equipement-cuisine\/fours\/four-compact-multislim-old\/\"]}]},{\"@type\":\"BreadcrumbList\",\"@id\":\"https:\/\/www.electroluxprofessional.com\/fr\/equipement-cuisine\/fours\/four-compact-multislim-old\/#breadcrumb\",\"itemListElement\":[{\"@type\":\"ListItem\",\"position\":1,\"name\":\"Home\",\"item\":\"https:\/\/www.electroluxprofessional.com\/fr\/\"},{\"@type\":\"ListItem\",\"position\":2,\"name\":\"Mat\u00e9riel de cuisine professionnel &#8211; Electrolux Professional\",\"item\":\"https:\/\/www.electroluxprofessional.com\/fr\/equipement-cuisine\/\"},{\"@type\":\"ListItem\",\"position\":3,\"name\":\"Fours professionnels\",\"item\":\"https:\/\/www.electroluxprofessional.com\/fr\/equipement-cuisine\/fours\/\"},{\"@type\":\"ListItem\",\"position\":4,\"name\":\"Four compact MultiSlim Old\"}]},{\"@type\":\"WebSite\",\"@id\":\"https:\/\/www.electroluxprofessional.com\/fr\/#website\",\"url\":\"https:\/\/www.electroluxprofessional.com\/fr\/\",\"name\":\"Electrolux Professional France\",\"description\":\"\",\"potentialAction\":[{\"@type\":\"SearchAction\",\"target\":{\"@type\":\"EntryPoint\",\"urlTemplate\":\"https:\/\/www.electroluxprofessional.com\/fr\/?src={search_term_string}\"},\"query-input\":\"required name=search_term_string\"}],\"inLanguage\":\"fr-FR\"}]}<\/script>\n<!-- \/ Yoast SEO plugin. -->","yoast_head_json":{"title":"Four Compact MultiSlim | Electrolux Professional","description":"D\u00e9couvrez le four compact MultiSlim : la solution id\u00e9ale pour les petites cuisines professionnelles. Performances exceptionnelles, \u00e9conomies d'\u00e9nergie et durabilit\u00e9.","robots":{"index":"index","follow":"follow","max-snippet":"max-snippet:-1","max-image-preview":"max-image-preview:large","max-video-preview":"max-video-preview:-1"},"canonical":"https:\/\/www.electroluxprofessional.com\/fr\/equipement-cuisine\/fours\/four-compact-multislim-old\/","og_locale":"fr_FR","og_type":"article","og_title":"Four Compact MultiSlim | Electrolux Professional","og_description":"D\u00e9couvrez le four compact MultiSlim : la solution id\u00e9ale pour les petites cuisines professionnelles. Performances exceptionnelles, \u00e9conomies d'\u00e9nergie et durabilit\u00e9.","og_url":"https:\/\/www.electroluxprofessional.com\/fr\/equipement-cuisine\/fours\/four-compact-multislim-old\/","og_site_name":"Electrolux Professional France","article_modified_time":"2026-03-23T15:21:08+00:00","twitter_card":"summary_large_image","twitter_misc":{"Dur\u00e9e de lecture estim\u00e9e":"2 minutes"},"schema":{"@context":"https:\/\/schema.org","@graph":[{"@type":"WebPage","@id":"https:\/\/www.electroluxprofessional.com\/fr\/equipement-cuisine\/fours\/four-compact-multislim-old\/","url":"https:\/\/www.electroluxprofessional.com\/fr\/equipement-cuisine\/fours\/four-compact-multislim-old\/","name":"Four Compact MultiSlim | Electrolux Professional","isPartOf":{"@id":"https:\/\/www.electroluxprofessional.com\/fr\/#website"},"datePublished":"2018-01-17T13:24:42+00:00","dateModified":"2026-03-23T15:21:08+00:00","description":"D\u00e9couvrez le four compact MultiSlim : la solution id\u00e9ale pour les petites cuisines professionnelles. Performances exceptionnelles, \u00e9conomies d'\u00e9nergie et durabilit\u00e9.","breadcrumb":{"@id":"https:\/\/www.electroluxprofessional.com\/fr\/equipement-cuisine\/fours\/four-compact-multislim-old\/#breadcrumb"},"inLanguage":"fr-FR","potentialAction":[{"@type":"ReadAction","target":["https:\/\/www.electroluxprofessional.com\/fr\/equipement-cuisine\/fours\/four-compact-multislim-old\/"]}]},{"@type":"BreadcrumbList","@id":"https:\/\/www.electroluxprofessional.com\/fr\/equipement-cuisine\/fours\/four-compact-multislim-old\/#breadcrumb","itemListElement":[{"@type":"ListItem","position":1,"name":"Home","item":"https:\/\/www.electroluxprofessional.com\/fr\/"},{"@type":"ListItem","position":2,"name":"Mat\u00e9riel de cuisine professionnel &#8211; Electrolux Professional","item":"https:\/\/www.electroluxprofessional.com\/fr\/equipement-cuisine\/"},{"@type":"ListItem","position":3,"name":"Fours professionnels","item":"https:\/\/www.electroluxprofessional.com\/fr\/equipement-cuisine\/fours\/"},{"@type":"ListItem","position":4,"name":"Four compact MultiSlim Old"}]},{"@type":"WebSite","@id":"https:\/\/www.electroluxprofessional.com\/fr\/#website","url":"https:\/\/www.electroluxprofessional.com\/fr\/","name":"Electrolux Professional France","description":"","potentialAction":[{"@type":"SearchAction","target":{"@type":"EntryPoint","urlTemplate":"https:\/\/www.electroluxprofessional.com\/fr\/?src={search_term_string}"},"query-input":"required name=search_term_string"}],"inLanguage":"fr-FR"}]}},"_links":{"self":[{"href":"https:\/\/www.electroluxprofessional.com\/fr\/wp-json\/wp\/v2\/pages\/5831"}],"collection":[{"href":"https:\/\/www.electroluxprofessional.com\/fr\/wp-json\/wp\/v2\/pages"}],"about":[{"href":"https:\/\/www.electroluxprofessional.com\/fr\/wp-json\/wp\/v2\/types\/page"}],"author":[{"embeddable":true,"href":"https:\/\/www.electroluxprofessional.com\/fr\/wp-json\/wp\/v2\/users\/4"}],"replies":[{"embeddable":true,"href":"https:\/\/www.electroluxprofessional.com\/fr\/wp-json\/wp\/v2\/comments?post=5831"}],"version-history":[{"count":42,"href":"https:\/\/www.electroluxprofessional.com\/fr\/wp-json\/wp\/v2\/pages\/5831\/revisions"}],"predecessor-version":[{"id":31395,"href":"https:\/\/www.electroluxprofessional.com\/fr\/wp-json\/wp\/v2\/pages\/5831\/revisions\/31395"}],"up":[{"embeddable":true,"href":"https:\/\/www.electroluxprofessional.com\/fr\/wp-json\/wp\/v2\/pages\/2880"}],"wp:attachment":[{"href":"https:\/\/www.electroluxprofessional.com\/fr\/wp-json\/wp\/v2\/media?parent=5831"}],"curies":[{"name":"wp","href":"https:\/\/api.w.org\/{rel}","templated":true}]}}