{"id":5245,"date":"2017-05-19T12:38:25","date_gmt":"2017-05-19T12:38:25","guid":{"rendered":"https:\/\/www.electroluxprofessional.com\/fr\/?page_id=5245"},"modified":"2026-03-30T09:20:00","modified_gmt":"2026-03-30T09:20:00","slug":"videos","status":"publish","type":"page","link":"https:\/\/www.electroluxprofessional.com\/fr\/videos\/","title":{"rendered":"Vid\u00e9os"},"content":{"rendered":"<p>[vc_row full_width=&#8221;electroluxpro-full-width-no-padding&#8221;][vc_column][elx_hero_slider label_text_color=&#8221;inherit&#8221; images=&#8221;5257&#8243;][elx_heading font_container=&#8221;h1&#8243; font_size=&#8221;h2&#8243; text_color=&#8221;inherit&#8221; text_align=&#8221;text-left&#8221;]Vid\u00e9os[\/elx_heading][\/elx_hero_slider][\/vc_column][\/vc_row][vc_row][vc_column][vc_column_text]<\/p>\n<h2 style=\"text-align: center;\">D\u00e9couvrez Electrolux Professional en vid\u00e9o<\/h2>\n<p style=\"text-align: center;\">Retrouvez nos produits, nos r\u00e9f\u00e9rences ou encore nos actualit\u00e9s.<\/p>\n<p style=\"text-align: center;\"><strong><a href=\"https:\/\/www.electroluxprofessional.com\/fr\/videos\/#videosblanchisserie\">Vid\u00e9os blanchisserie<\/a>\u00a0|\u00a0<a href=\"https:\/\/www.electroluxprofessional.com\/fr\/videos\/#videoscuisine\">Vid\u00e9os cuisine<\/a><\/strong><\/p>\n<p>[\/vc_column_text][\/vc_column][\/vc_row][vc_row el_id=&#8221;videosblanchisserie&#8221;][vc_column][vc_empty_space][elx_heading font_size=&#8221;h3&#8243; text_color=&#8221;inherit&#8221; text_align=&#8221;text-center&#8221;]Blanchisserie professionnelle[\/elx_heading][vc_empty_space][elx_heading font_container=&#8221;h3&#8243; text_color=&#8221;inherit&#8221;]Lave-linges professionnels et semi-professionnels[\/elx_heading][vc_empty_space][\/vc_column][\/vc_row][vc_row][vc_column width=&#8221;1\/3&#8243;][elx_video_block background_image=&#8221;9822&#8243; video_link=&#8221;https:\/\/www.youtube.com\/watch?v=4VsbmnME2Gs&#8221; minimum_height=&#8221;200px&#8221;][vc_empty_space height=&#8221;15px&#8221;][elx_button button_text=&#8221;Lave-linges et s\u00e9choirs Line 6000&#8243; button_style=&#8221;icon&#8221; button_link=&#8221;url:https%3A%2F%2Fwww.youtube.com%2Fwatch%3Fv%3D4VsbmnME2Gs&#8221;][\/vc_column][vc_column width=&#8221;1\/3&#8243;][elx_video_block background_image=&#8221;26255&#8243; is_full_height=&#8221;full-height&#8221; video_link=&#8221;https:\/\/www.youtube.com\/watch?v=dDYofdHizxQ&#8221; minimum_height=&#8221;200px&#8221;][vc_empty_space height=&#8221;15px&#8221;][elx_button button_text=&#8221;Laveuse Barri\u00e8re Pullman Line 6000&#8243; button_style=&#8221;icon&#8221; button_link=&#8221;url:https%3A%2F%2Fwww.electroluxprofessional.com%2Ffr%2Fequipement-blanchisserie%2Flaveuses-barriere-line-6000%2F|title:Laveuse%20barri%C3%A8re%20Line%206000&#8243;][\/vc_column][vc_column width=&#8221;1\/3&#8243;][elx_video_block background_image=&#8221;10301&#8243; is_full_height=&#8221;full-height&#8221; video_link=&#8221;https:\/\/www.youtube.com\/watch?v=CPUAjGtxPPU&#8221; minimum_height=&#8221;200px&#8221;][vc_empty_space height=&#8221;15px&#8221;][elx_button button_text=&#8221;Lave-linge semi-pro myPRO&#8221; button_style=&#8221;icon&#8221; button_link=&#8221;url:https%3A%2F%2Fwww.youtube.com%2Fwatch%3Fv%3DCPUAjGtxPPU|title:Solutions%20myPRO&#8221;][\/vc_column][\/vc_row][vc_row][vc_column][vc_empty_space][elx_heading font_container=&#8221;h3&#8243; text_color=&#8221;inherit&#8221;]S\u00e8che-linges professionnels et semi-professionnels[\/elx_heading][vc_empty_space][\/vc_column][\/vc_row][vc_row][vc_column width=&#8221;1\/3&#8243;][elx_video_block background_image=&#8221;24800&#8243; is_full_height=&#8221;full-height&#8221; video_link=&#8221;https:\/\/www.youtube.com\/watch?v=RlzloENLQQI&#8221; minimum_height=&#8221;200px&#8221;][vc_empty_space height=&#8221;15px&#8221;][elx_button button_text=&#8221;S\u00e9cheuse-repasseuse Line 6000&#8243; button_style=&#8221;icon&#8221; button_link=&#8221;url:https%3A%2F%2Fwww.youtube.com%2Fwatch%3Fv%3DRlzloENLQQI|title:S%C3%A9cheuses%20repasseuses%20Line%206000&#8243;][\/vc_column][vc_column width=&#8221;1\/3&#8243;][elx_video_block background_image=&#8221;16302&#8243; is_full_height=&#8221;full-height&#8221; video_link=&#8221;https:\/\/www.youtube.com\/watch?v=dan2OeaYTF8&#8243; minimum_height=&#8221;200px&#8221;][vc_empty_space height=&#8221;15px&#8221;][elx_button button_text=&#8221;S\u00e9choir Pompe \u00e0 Chaleur Line 6000&#8243; button_style=&#8221;icon&#8221; button_link=&#8221;url:https%3A%2F%2Fwww.youtube.com%2Fwatch%3Fv%3Ddan2OeaYTF8&#8243;][\/vc_column][vc_column width=&#8221;1\/3&#8243;][elx_video_block background_image=&#8221;10244&#8243; is_full_height=&#8221;full-height&#8221; video_link=&#8221;https:\/\/www.youtube.com\/watch?v=CPUAjGtxPPU&#8221; minimum_height=&#8221;200px&#8221;][vc_empty_space height=&#8221;15px&#8221;][elx_button button_text=&#8221;S\u00e9choirs semi-pro myPRO&#8221; button_style=&#8221;icon&#8221; button_link=&#8221;url:https%3A%2F%2Fwww.youtube.com%2Fwatch%3Fv%3DCPUAjGtxPPU&#8221;][\/vc_column][\/vc_row][vc_row][vc_column][vc_empty_space][elx_heading font_container=&#8221;h3&#8243; text_color=&#8221;inherit&#8221;]Les plus belles laveries automatiques[\/elx_heading][vc_empty_space][\/vc_column][\/vc_row][vc_row][vc_column width=&#8221;1\/3&#8243;][elx_video_block background_image=&#8221;26634&#8243; is_full_height=&#8221;full-height&#8221; video_link=&#8221;https:\/\/www.youtube.com\/watch?v=0XqijrNGFt4&#8243; minimum_height=&#8221;200px&#8221;][vc_empty_space height=&#8221;15px&#8221;][elx_button button_text=&#8221;Le lavoir de Gruissan&#8221; button_style=&#8221;icon&#8221; button_link=&#8221;url:https%3A%2F%2Fwww.youtube.com%2Fwatch%3Fv%3D0XqijrNGFt4|title:Le%20lavoir%20de%20Gruissan&#8221;][\/vc_column][vc_column width=&#8221;1\/3&#8243;][elx_video_block background_image=&#8221;23202&#8243; is_full_height=&#8221;full-height&#8221; video_link=&#8221;https:\/\/www.youtube.com\/watch?v=MXbWnwMRiVk&#8221; minimum_height=&#8221;200px&#8221;][vc_empty_space height=&#8221;15px&#8221;][elx_button button_text=&#8221;Laverie The Bridge Barber&#8221; button_style=&#8221;icon&#8221; button_link=&#8221;url:https%3A%2F%2Fwww.youtube.com%2Fwatch%3Fv%3DMXbWnwMRiVk&#8221;][\/vc_column][vc_column width=&#8221;1\/3&#8243;][elx_video_block background_image=&#8221;20940&#8243; is_full_height=&#8221;full-height&#8221; video_link=&#8221;https:\/\/www.youtube.com\/watch?v=EcXtndtVDSk&#8221; minimum_height=&#8221;200px&#8221;][vc_empty_space height=&#8221;15px&#8221;][elx_button button_text=&#8221;Laverie La Marie&#8221; button_style=&#8221;icon&#8221; button_link=&#8221;url:https%3A%2F%2Fwww.youtube.com%2Fwatch%3Fv%3DEcXtndtVDSk&#8221;][\/vc_column][\/vc_row][vc_row][vc_column][vc_empty_space][elx_heading font_container=&#8221;h3&#8243; text_color=&#8221;inherit&#8221;]R\u00e9f\u00e9rences et t\u00e9moignages clients[\/elx_heading][vc_empty_space][\/vc_column][\/vc_row][vc_row][vc_column width=&#8221;1\/3&#8243;][elx_video_block background_image=&#8221;27570&#8243; is_full_height=&#8221;full-height&#8221; video_link=&#8221;https:\/\/www.youtube.com\/watch?v=ihXVvSWbJWs&#8221; minimum_height=&#8221;200px&#8221;][vc_empty_space height=&#8221;15px&#8221;][elx_button button_text=&#8221;H\u00f4tel 5* Alfred Sommier&#8221; button_style=&#8221;icon&#8221; button_link=&#8221;url:https%3A%2F%2Fwww.youtube.com%2Fwatch%3Fv%3DihXVvSWbJWs|title:H%C3%B4tel%20Alfred%20Sommier&#8221;][\/vc_column][vc_column width=&#8221;1\/3&#8243;][elx_video_block background_image=&#8221;27516&#8243; is_full_height=&#8221;full-height&#8221; video_link=&#8221;https:\/\/www.youtube.com\/watch?v=Vyp6i-1FsnU&#8221; minimum_height=&#8221;200px&#8221;][vc_empty_space height=&#8221;15px&#8221;][elx_button button_text=&#8221;Fondation Cognacq-Jay&#8221; button_style=&#8221;icon&#8221; button_link=&#8221;url:https%3A%2F%2Fwww.youtube.com%2Fwatch%3Fv%3DVyp6i-1FsnU&#8221;][\/vc_column][vc_column width=&#8221;1\/3&#8243;][elx_video_block background_image=&#8221;21542&#8243; is_full_height=&#8221;full-height&#8221; video_link=&#8221;https:\/\/www.youtube.com\/watch?v=qBjXCL3K8FY&#8221; minimum_height=&#8221;200px&#8221;][vc_empty_space height=&#8221;15px&#8221;][elx_button button_text=&#8221;H\u00f4tel Best Western&#8221; button_style=&#8221;icon&#8221; button_link=&#8221;url:https%3A%2F%2Fwww.youtube.com%2Fwatch%3Fv%3DqBjXCL3K8FY&#8221;][\/vc_column][\/vc_row][vc_row el_id=&#8221;videoscuisine&#8221;][vc_column][vc_empty_space height=&#8221;50px&#8221;][elx_heading font_size=&#8221;h3&#8243; text_color=&#8221;inherit&#8221; text_align=&#8221;text-center&#8221;]Cuisine professionnelle[\/elx_heading][vc_empty_space][\/vc_column][\/vc_row][vc_row][vc_column width=&#8221;1\/3&#8243;][elx_video_block background_image=&#8221;5329&#8243; is_full_height=&#8221;full-height&#8221; video_link=&#8221;https:\/\/youtube.com\/watch?v=BxlaEZib0Uc&#8221; minimum_height=&#8221;200px&#8221;][vc_empty_space height=&#8221;15px&#8221;][elx_button button_text=&#8221;Laveuse \u00e0 avancement automatique : pr\u00e9sentation&#8221; button_style=&#8221;icon&#8221; button_link=&#8221;url:https%3A%2F%2Fyoutu.be%2FI_pT-xBX_Xc%3Flist%3DPLP8X8OAWHDpmxAE4IsfbUfhnIzFTq8nG2|||&#8221;][\/vc_column][vc_column width=&#8221;1\/3&#8243;][elx_video_block background_image=&#8221;5328&#8243; is_full_height=&#8221;full-height&#8221; video_link=&#8221;https:\/\/www.youtube.com\/watch?v=GgjPkO7d3QY&#8221; minimum_height=&#8221;200px&#8221;][vc_empty_space height=&#8221;15px&#8221;][elx_button button_text=&#8221;Lave-vaisselle \u00e0 avancement automatique, green&amp;clean, de la polyclinique de Blois&#8221; button_style=&#8221;icon&#8221; button_link=&#8221;url:https%3A%2F%2Fyoutu.be%2FGgjPkO7d3QY|||&#8221;][\/vc_column][vc_column width=&#8221;1\/3&#8243;][elx_video_block background_image=&#8221;5332&#8243; is_full_height=&#8221;full-height&#8221; video_link=&#8221;https:\/\/youtube.com\/watch=v?GgjPkO7d3QY&#8221; minimum_height=&#8221;200px&#8221;][vc_empty_space height=&#8221;15px&#8221;][elx_button button_text=&#8221;Laveuse Green&amp;Clean : dispositif de d\u00e9tartrage automatique&#8221; button_style=&#8221;icon&#8221; button_link=&#8221;url:https%3A%2F%2Fyoutu.be%2F5iajpOfjS3Q%3Flist%3DPLP8X8OAWHDpmxAE4IsfbUfhnIzFTq8nG2|||&#8221;][\/vc_column][\/vc_row][vc_row][vc_column][vc_empty_space][\/vc_column][\/vc_row][vc_row][vc_column width=&#8221;1\/3&#8243;][elx_video_block background_image=&#8221;5344&#8243; is_full_height=&#8221;full-height&#8221; video_link=&#8221;https:\/\/youtube.com\/watch?v=BxlaEZib0Uc&#8221; minimum_height=&#8221;200px&#8221;][vc_empty_space height=&#8221;15px&#8221;][elx_button button_text=&#8221;Laveuse \u00e0 avancement automatique : ventilation&#8221; button_style=&#8221;icon&#8221; button_link=&#8221;url:https%3A%2F%2Fyoutube.com%2Fwatch%3Dv%3FBxlaEZib0Uc|||&#8221;][\/vc_column][vc_column width=&#8221;1\/3&#8243;][elx_video_block background_image=&#8221;5343&#8243; is_full_height=&#8221;full-height&#8221; video_link=&#8221;https:\/\/www.youtube.com\/watch?v=mesVmKbmxXA&#8221; minimum_height=&#8221;200px&#8221;][vc_empty_space height=&#8221;15px&#8221;][elx_button button_text=&#8221;Laveuse \u00e0 avancement automatique : sur mesure&#8221; button_style=&#8221;icon&#8221; button_link=&#8221;url:https%3A%2F%2Fwww.youtube.com%2Fwatch%3Fv%3DmesVmKbmxXA|||&#8221;][\/vc_column][vc_column width=&#8221;1\/3&#8243;][elx_video_block background_image=&#8221;5342&#8243; is_full_height=&#8221;full-height&#8221; video_link=&#8221;https:\/\/www.youtube.com\/watch?v=9hcaxhhjBeI&#8221; minimum_height=&#8221;200px&#8221;][vc_empty_space height=&#8221;15px&#8221;][elx_button button_text=&#8221;Laveuse \u00e0 avancement automatique : faible consommation d&#8217;\u00e9nergie&#8221; button_style=&#8221;icon&#8221; button_link=&#8221;url:https%3A%2F%2Fwww.youtube.com%2Fwatch%3Fv%3D9hcaxhhjBeI|||&#8221;][\/vc_column][\/vc_row][vc_row][vc_column][vc_empty_space][\/vc_column][\/vc_row][vc_row][vc_column width=&#8221;1\/3&#8243;][elx_video_block background_image=&#8221;5346&#8243; is_full_height=&#8221;full-height&#8221; video_link=&#8221;https:\/\/www.youtube.com\/watch?v=n-uxyriavQU&amp;f&#8221; minimum_height=&#8221;200px&#8221;][vc_empty_space height=&#8221;15px&#8221;][elx_button button_text=&#8221;Laveuse \u00e0 avancement automatique : lancement&#8221; button_style=&#8221;icon&#8221; button_link=&#8221;url:https%3A%2F%2Fwww.youtube.com%2Fwatch%3Fv%3Dn-uxyriavQU%26f|||&#8221;][\/vc_column][vc_column width=&#8221;1\/3&#8243;][elx_video_block background_image=&#8221;5347&#8243; is_full_height=&#8221;full-height&#8221; video_link=&#8221;https:\/\/www.youtube.com\/watch?v=6FDkEJQ3AW4&#8243; minimum_height=&#8221;200px&#8221;][vc_empty_space height=&#8221;15px&#8221;][elx_button button_text=&#8221;Cuisson du pain &#8211; Fours SkyLine&#8221; button_style=&#8221;icon&#8221; button_link=&#8221;url:https%3A%2F%2Fwww.electroluxprofessional.com%2Ffr%2Fequipement-cuisine%2Ffours%2Ffours-mixtes-skyline%2F|||&#8221;][\/vc_column][vc_column width=&#8221;1\/3&#8243;][elx_video_block background_image=&#8221;5348&#8243; is_full_height=&#8221;full-height&#8221; video_link=&#8221;https:\/\/www.youtube.com\/watch?v=ZxS9WYpzQSY&amp;&#8221; minimum_height=&#8221;200px&#8221;][vc_empty_space height=&#8221;15px&#8221;][elx_button button_text=&#8221;Accessoires &#8211; cuiseur \u00e0 p\u00e2tes&#8221; button_style=&#8221;icon&#8221; button_link=&#8221;url:https%3A%2F%2Fwww.youtube.com%2Fwatch%3Fv%3DZxS9WYpzQSY%26|||&#8221;][\/vc_column][\/vc_row][vc_row][vc_column][vc_empty_space][\/vc_column][\/vc_row][vc_row][vc_column width=&#8221;1\/3&#8243;][elx_video_block background_image=&#8221;5350&#8243; is_full_height=&#8221;full-height&#8221; video_link=&#8221;https:\/\/www.youtube.com\/watch?v=cdzonXPi2xY&amp;&#8221; minimum_height=&#8221;200px&#8221;][vc_empty_space height=&#8221;15px&#8221;][elx_button button_text=&#8221;Accessoires : Frytop&#8221; button_style=&#8221;icon&#8221; button_link=&#8221;url:https%3A%2F%2Fwww.youtube.com%2Fwatch%3Fv%3DcdzonXPi2xY%26|||&#8221;][\/vc_column][vc_column width=&#8221;1\/3&#8243;][elx_video_block background_image=&#8221;5351&#8243; is_full_height=&#8221;full-height&#8221; video_link=&#8221;https:\/\/youtu.be\/N5oHPrYt78g&#8221; minimum_height=&#8221;200px&#8221;][vc_empty_space height=&#8221;15px&#8221;][elx_button button_text=&#8221;Accessoires : plateau \u00e0 oeufs&#8221; button_style=&#8221;icon&#8221; button_link=&#8221;url:https%3A%2F%2Fwww.youtube.com%2Fwatch%3Fv%3D0zq94TeRjjU%26|||&#8221;][\/vc_column][vc_column width=&#8221;1\/3&#8243;][elx_video_block background_image=&#8221;1054&#8243; is_full_height=&#8221;full-height&#8221; video_link=&#8221;https:\/\/www.youtube.com\/watch?v=ix0T3sPRSrM&#8221; minimum_height=&#8221;200px&#8221;][vc_empty_space height=&#8221;15px&#8221;][elx_button button_text=&#8221;Table r\u00e9frig\u00e9r\u00e9e Ecostore HP&#8221; button_style=&#8221;icon&#8221; button_link=&#8221;url:https%3A%2F%2Fwww.youtube.com%2Fwatch%3Fv%3Dix0T3sPRSrM|||&#8221;][\/vc_column][\/vc_row][vc_row][vc_column][vc_empty_space][\/vc_column][\/vc_row][vc_row][vc_column width=&#8221;1\/3&#8243;][elx_video_block background_image=&#8221;5362&#8243; is_full_height=&#8221;full-height&#8221; video_link=&#8221;https:\/\/www.youtube.com\/watch?v=V2p676XTGEk&#8221; minimum_height=&#8221;200px&#8221;][vc_empty_space height=&#8221;15px&#8221;][elx_button button_text=&#8221;Grill \u00e9lectrique : 700Xp &amp; 900XP&#8221; button_style=&#8221;icon&#8221; button_link=&#8221;url:https%3A%2F%2Fwww.youtube.com%2Fwatch%3Fv%3DV2p676XTGEk|||&#8221;][\/vc_column][vc_column width=&#8221;1\/3&#8243;][elx_video_block background_image=&#8221;5432&#8243; is_full_height=&#8221;full-height&#8221; video_link=&#8221;https:\/\/www.youtube.com\/watch?v=-y798cqF-tE&amp;&#8221; minimum_height=&#8221;200px&#8221;][vc_empty_space height=&#8221;15px&#8221;][elx_button button_text=&#8221;L&#8217;Ecole Ferri\u00e8res &amp; Electrolux Professionnel&#8221; button_style=&#8221;icon&#8221; button_link=&#8221;url:https%3A%2F%2Fwww.youtube.com%2Fwatch%3Fv%3D-y798cqF-tE%26|||&#8221;][\/vc_column][vc_column width=&#8221;1\/3&#8243;][elx_video_block background_image=&#8221;5434&#8243; is_full_height=&#8221;full-height&#8221; video_link=&#8221;https:\/\/www.youtube.com\/watch?v=X5eRGJW4Who&amp;&#8221; minimum_height=&#8221;200px&#8221;][vc_empty_space height=&#8221;15px&#8221;][elx_button button_text=&#8221;L&#8217;Etoile du Nord &amp; Electrolux Professionnel&#8221; button_style=&#8221;icon&#8221; button_link=&#8221;url:https%3A%2F%2Fwww.youtube.com%2Fwatch%3Fv%3DX5eRGJW4Who%26|||&#8221;][\/vc_column][\/vc_row][vc_row][vc_column][vc_empty_space][\/vc_column][\/vc_row][vc_row][vc_column width=&#8221;1\/3&#8243;][elx_video_block background_image=&#8221;5437&#8243; is_full_height=&#8221;full-height&#8221; video_link=&#8221;https:\/\/www.youtube.com\/watch?v=FlmTNJK9-AQ&amp;&#8221; minimum_height=&#8221;200px&#8221;][vc_empty_space height=&#8221;15px&#8221;][elx_button button_text=&#8221;Le Stade de Lens &amp; Electrolux Professionnel&#8221; button_style=&#8221;icon&#8221; button_link=&#8221;url:https%3A%2F%2Fwww.youtube.com%2Fwatch%3Fv%3DFlmTNJK9-AQ%26|||&#8221;][\/vc_column][vc_column width=&#8221;1\/3&#8243;][\/vc_column][vc_column width=&#8221;1\/3&#8243;][\/vc_column][\/vc_row][vc_row][vc_column][vc_empty_space][\/vc_column][\/vc_row]<\/p>\n","protected":false},"excerpt":{"rendered":"<p>[vc_row full_width=&#8221;electroluxpro-full-width-no-padding&#8221;][vc_column][elx_hero_slider label_text_color=&#8221;inherit&#8221; images=&#8221;5257&#8243;][elx_heading font_container=&#8221;h1&#8243; font_size=&#8221;h2&#8243; text_color=&#8221;inherit&#8221; text_align=&#8221;text-left&#8221;]Vid\u00e9os[\/elx_heading][\/elx_hero_slider][\/vc_column][\/vc_row][vc_row][vc_column][vc_column_text] D\u00e9couvrez Electrolux Professional en vid\u00e9o Retrouvez nos produits, nos r\u00e9f\u00e9rences ou encore nos actualit\u00e9s. Vid\u00e9os blanchisserie\u00a0|\u00a0Vid\u00e9os cuisine [\/vc_column_text][\/vc_column][\/vc_row][vc_row el_id=&#8221;videosblanchisserie&#8221;][vc_column][vc_empty_space][elx_heading font_size=&#8221;h3&#8243; text_color=&#8221;inherit&#8221; text_align=&#8221;text-center&#8221;]Blanchisserie professionnelle[\/elx_heading][vc_empty_space][elx_heading font_container=&#8221;h3&#8243; text_color=&#8221;inherit&#8221;]Lave-linges professionnels et semi-professionnels[\/elx_heading][vc_empty_space][\/vc_column][\/vc_row][vc_row][vc_column width=&#8221;1\/3&#8243;][elx_video_block background_image=&#8221;9822&#8243; video_link=&#8221;https:\/\/www.youtube.com\/watch?v=4VsbmnME2Gs&#8221; minimum_height=&#8221;200px&#8221;][vc_empty_space height=&#8221;15px&#8221;][elx_button button_text=&#8221;Lave-linges et s\u00e9choirs Line 6000&#8243; button_style=&#8221;icon&#8221; button_link=&#8221;url:https%3A%2F%2Fwww.youtube.com%2Fwatch%3Fv%3D4VsbmnME2Gs&#8221;][\/vc_column][vc_column width=&#8221;1\/3&#8243;][elx_video_block background_image=&#8221;26255&#8243; is_full_height=&#8221;full-height&#8221; video_link=&#8221;https:\/\/www.youtube.com\/watch?v=dDYofdHizxQ&#8221; minimum_height=&#8221;200px&#8221;][vc_empty_space height=&#8221;15px&#8221;][elx_button button_text=&#8221;Laveuse [&hellip;]<\/p>\n","protected":false},"author":4,"featured_media":0,"parent":0,"menu_order":0,"comment_status":"closed","ping_status":"closed","template":"","meta":{"footnotes":""},"class_list":["post-5245","page","type-page","status-publish","hentry"],"acf":[],"yoast_head":"<!-- This site is optimized with the Yoast SEO plugin v23.3 - https:\/\/yoast.com\/wordpress\/plugins\/seo\/ -->\n<title>Vid\u00e9os | Electrolux Professional<\/title>\n<meta name=\"description\" content=\"Retrouvez toutes les vid\u00e9os Electrolux Professional. D\u00e9monstrations produits, t\u00e9moignages clients et tutoriels pour maximiser la performance de vos \u00e9quipements.\" \/>\n<meta name=\"robots\" content=\"index, follow, max-snippet:-1, max-image-preview:large, max-video-preview:-1\" \/>\n<link rel=\"canonical\" href=\"https:\/\/www.electroluxprofessional.com\/fr\/videos\/\" \/>\n<meta property=\"og:locale\" content=\"fr_FR\" \/>\n<meta property=\"og:type\" content=\"article\" \/>\n<meta property=\"og:title\" content=\"Vid\u00e9os | Electrolux Professional\" \/>\n<meta property=\"og:description\" content=\"Retrouvez toutes les vid\u00e9os Electrolux Professional. D\u00e9monstrations produits, t\u00e9moignages clients et tutoriels pour maximiser la performance de vos \u00e9quipements.\" \/>\n<meta property=\"og:url\" content=\"https:\/\/www.electroluxprofessional.com\/fr\/videos\/\" \/>\n<meta property=\"og:site_name\" content=\"Electrolux Professional France\" \/>\n<meta property=\"article:modified_time\" content=\"2026-03-30T09:20:00+00:00\" \/>\n<meta name=\"twitter:card\" content=\"summary_large_image\" \/>\n<meta name=\"twitter:label1\" content=\"Dur\u00e9e de lecture estim\u00e9e\" \/>\n\t<meta name=\"twitter:data1\" content=\"3 minutes\" \/>\n<script type=\"application\/ld+json\" class=\"yoast-schema-graph\">{\"@context\":\"https:\/\/schema.org\",\"@graph\":[{\"@type\":\"WebPage\",\"@id\":\"https:\/\/www.electroluxprofessional.com\/fr\/videos\/\",\"url\":\"https:\/\/www.electroluxprofessional.com\/fr\/videos\/\",\"name\":\"Vid\u00e9os | Electrolux Professional\",\"isPartOf\":{\"@id\":\"https:\/\/www.electroluxprofessional.com\/fr\/#website\"},\"datePublished\":\"2017-05-19T12:38:25+00:00\",\"dateModified\":\"2026-03-30T09:20:00+00:00\",\"description\":\"Retrouvez toutes les vid\u00e9os Electrolux Professional. D\u00e9monstrations produits, t\u00e9moignages clients et tutoriels pour maximiser la performance de vos \u00e9quipements.\",\"breadcrumb\":{\"@id\":\"https:\/\/www.electroluxprofessional.com\/fr\/videos\/#breadcrumb\"},\"inLanguage\":\"fr-FR\",\"potentialAction\":[{\"@type\":\"ReadAction\",\"target\":[\"https:\/\/www.electroluxprofessional.com\/fr\/videos\/\"]}]},{\"@type\":\"BreadcrumbList\",\"@id\":\"https:\/\/www.electroluxprofessional.com\/fr\/videos\/#breadcrumb\",\"itemListElement\":[{\"@type\":\"ListItem\",\"position\":1,\"name\":\"Home\",\"item\":\"https:\/\/www.electroluxprofessional.com\/fr\/\"},{\"@type\":\"ListItem\",\"position\":2,\"name\":\"Vid\u00e9os\"}]},{\"@type\":\"WebSite\",\"@id\":\"https:\/\/www.electroluxprofessional.com\/fr\/#website\",\"url\":\"https:\/\/www.electroluxprofessional.com\/fr\/\",\"name\":\"Electrolux Professional France\",\"description\":\"\",\"potentialAction\":[{\"@type\":\"SearchAction\",\"target\":{\"@type\":\"EntryPoint\",\"urlTemplate\":\"https:\/\/www.electroluxprofessional.com\/fr\/?src={search_term_string}\"},\"query-input\":\"required name=search_term_string\"}],\"inLanguage\":\"fr-FR\"}]}<\/script>\n<!-- \/ Yoast SEO plugin. -->","yoast_head_json":{"title":"Vid\u00e9os | Electrolux Professional","description":"Retrouvez toutes les vid\u00e9os Electrolux Professional. D\u00e9monstrations produits, t\u00e9moignages clients et tutoriels pour maximiser la performance de vos \u00e9quipements.","robots":{"index":"index","follow":"follow","max-snippet":"max-snippet:-1","max-image-preview":"max-image-preview:large","max-video-preview":"max-video-preview:-1"},"canonical":"https:\/\/www.electroluxprofessional.com\/fr\/videos\/","og_locale":"fr_FR","og_type":"article","og_title":"Vid\u00e9os | Electrolux Professional","og_description":"Retrouvez toutes les vid\u00e9os Electrolux Professional. D\u00e9monstrations produits, t\u00e9moignages clients et tutoriels pour maximiser la performance de vos \u00e9quipements.","og_url":"https:\/\/www.electroluxprofessional.com\/fr\/videos\/","og_site_name":"Electrolux Professional France","article_modified_time":"2026-03-30T09:20:00+00:00","twitter_card":"summary_large_image","twitter_misc":{"Dur\u00e9e de lecture estim\u00e9e":"3 minutes"},"schema":{"@context":"https:\/\/schema.org","@graph":[{"@type":"WebPage","@id":"https:\/\/www.electroluxprofessional.com\/fr\/videos\/","url":"https:\/\/www.electroluxprofessional.com\/fr\/videos\/","name":"Vid\u00e9os | Electrolux Professional","isPartOf":{"@id":"https:\/\/www.electroluxprofessional.com\/fr\/#website"},"datePublished":"2017-05-19T12:38:25+00:00","dateModified":"2026-03-30T09:20:00+00:00","description":"Retrouvez toutes les vid\u00e9os Electrolux Professional. D\u00e9monstrations produits, t\u00e9moignages clients et tutoriels pour maximiser la performance de vos \u00e9quipements.","breadcrumb":{"@id":"https:\/\/www.electroluxprofessional.com\/fr\/videos\/#breadcrumb"},"inLanguage":"fr-FR","potentialAction":[{"@type":"ReadAction","target":["https:\/\/www.electroluxprofessional.com\/fr\/videos\/"]}]},{"@type":"BreadcrumbList","@id":"https:\/\/www.electroluxprofessional.com\/fr\/videos\/#breadcrumb","itemListElement":[{"@type":"ListItem","position":1,"name":"Home","item":"https:\/\/www.electroluxprofessional.com\/fr\/"},{"@type":"ListItem","position":2,"name":"Vid\u00e9os"}]},{"@type":"WebSite","@id":"https:\/\/www.electroluxprofessional.com\/fr\/#website","url":"https:\/\/www.electroluxprofessional.com\/fr\/","name":"Electrolux Professional France","description":"","potentialAction":[{"@type":"SearchAction","target":{"@type":"EntryPoint","urlTemplate":"https:\/\/www.electroluxprofessional.com\/fr\/?src={search_term_string}"},"query-input":"required name=search_term_string"}],"inLanguage":"fr-FR"}]}},"_links":{"self":[{"href":"https:\/\/www.electroluxprofessional.com\/fr\/wp-json\/wp\/v2\/pages\/5245"}],"collection":[{"href":"https:\/\/www.electroluxprofessional.com\/fr\/wp-json\/wp\/v2\/pages"}],"about":[{"href":"https:\/\/www.electroluxprofessional.com\/fr\/wp-json\/wp\/v2\/types\/page"}],"author":[{"embeddable":true,"href":"https:\/\/www.electroluxprofessional.com\/fr\/wp-json\/wp\/v2\/users\/4"}],"replies":[{"embeddable":true,"href":"https:\/\/www.electroluxprofessional.com\/fr\/wp-json\/wp\/v2\/comments?post=5245"}],"version-history":[{"count":106,"href":"https:\/\/www.electroluxprofessional.com\/fr\/wp-json\/wp\/v2\/pages\/5245\/revisions"}],"predecessor-version":[{"id":31654,"href":"https:\/\/www.electroluxprofessional.com\/fr\/wp-json\/wp\/v2\/pages\/5245\/revisions\/31654"}],"wp:attachment":[{"href":"https:\/\/www.electroluxprofessional.com\/fr\/wp-json\/wp\/v2\/media?parent=5245"}],"curies":[{"name":"wp","href":"https:\/\/api.w.org\/{rel}","templated":true}]}}