{"id":5163,"date":"2017-05-15T16:29:32","date_gmt":"2017-05-15T16:29:32","guid":{"rendered":"https:\/\/www.electroluxprofessional.com\/fr\/?page_id=5163"},"modified":"2026-03-30T09:17:13","modified_gmt":"2026-03-30T09:17:13","slug":"enregistrement-produit","status":"publish","type":"page","link":"https:\/\/www.electroluxprofessional.com\/fr\/enregistrement-produit\/","title":{"rendered":"Enregistrement de produit"},"content":{"rendered":"<p>[vc_row full_width=&#8221;electroluxpro-full-width-no-padding&#8221; disable_element=&#8221;yes&#8221;][vc_column][elx_hero_title label=&#8221;&#8221; background_image=&#8221;637&#8243;][elx_heading font_size=&#8221;h3&#8243; text_color=&#8221;white&#8221;]MyProfessional[\/elx_heading][elx_heading font_container=&#8221;h3&#8243; font_size=&#8221;h4&#8243; text_color=&#8221;white&#8221;]Votre espace priv\u00e9[\/elx_heading][\/elx_hero_title][\/vc_column][\/vc_row][vc_row][vc_column][elx_heading font_container=&#8221;h1&#8243; font_size=&#8221;h3&#8243; text_color=&#8221;inherit&#8221;]Vous venez d&#8217;acqu\u00e9rir un \u00e9quipement Electrolux Professional ?[\/elx_heading][vc_column_text]<strong>Enregistrez-le d\u00e8s maintenant !<\/strong><\/p>\n<p>En enregistrant vos produits, nous pourrons vous fournir notre meilleur service client\u00e8le possible. Nos experts seront l\u00e0 pour r\u00e9pondre \u00e0 vos demandes et s&#8217;assurer que vous profitiez de tous les avantages de votre solution.[\/vc_column_text][\/vc_column][\/vc_row][vc_row][vc_column][elx_o2000_product_registration l=&#8221;fr&#8221; c=&#8221;France&#8221;][vc_empty_space][\/vc_column][\/vc_row]<\/p>\n","protected":false},"excerpt":{"rendered":"<p>[vc_row full_width=&#8221;electroluxpro-full-width-no-padding&#8221; disable_element=&#8221;yes&#8221;][vc_column][elx_hero_title label=&#8221;&#8221; background_image=&#8221;637&#8243;][elx_heading font_size=&#8221;h3&#8243; text_color=&#8221;white&#8221;]MyProfessional[\/elx_heading][elx_heading font_container=&#8221;h3&#8243; font_size=&#8221;h4&#8243; text_color=&#8221;white&#8221;]Votre espace priv\u00e9[\/elx_heading][\/elx_hero_title][\/vc_column][\/vc_row][vc_row][vc_column][elx_heading font_container=&#8221;h1&#8243; font_size=&#8221;h3&#8243; text_color=&#8221;inherit&#8221;]Vous venez d&#8217;acqu\u00e9rir un \u00e9quipement Electrolux Professional ?[\/elx_heading][vc_column_text]Enregistrez-le d\u00e8s maintenant ! En enregistrant vos produits, nous pourrons vous fournir notre meilleur service client\u00e8le possible. Nos experts seront l\u00e0 pour r\u00e9pondre \u00e0 vos demandes et s&#8217;assurer que vous profitiez de tous les [&hellip;]<\/p>\n","protected":false},"author":1,"featured_media":0,"parent":0,"menu_order":0,"comment_status":"closed","ping_status":"closed","template":"","meta":{"footnotes":""},"class_list":["post-5163","page","type-page","status-publish","hentry"],"acf":[],"yoast_head":"<!-- This site is optimized with the Yoast SEO plugin v23.3 - https:\/\/yoast.com\/wordpress\/plugins\/seo\/ -->\n<title>Enregistrement Produit | Electrolux Professional<\/title>\n<meta name=\"description\" content=\"D\u00e9couvrez l&#039;enregistrement produit Electrolux Professional : acc\u00e9dez \u00e0 un service client personnalis\u00e9 et des avantages exclusifs pour vos \u00e9quipements.\" \/>\n<meta name=\"robots\" content=\"index, follow, max-snippet:-1, max-image-preview:large, max-video-preview:-1\" \/>\n<link rel=\"canonical\" href=\"https:\/\/www.electroluxprofessional.com\/fr\/enregistrement-produit\/\" \/>\n<meta property=\"og:locale\" content=\"fr_FR\" \/>\n<meta property=\"og:type\" content=\"article\" \/>\n<meta property=\"og:title\" content=\"Enregistrement Produit | Electrolux Professional\" \/>\n<meta property=\"og:description\" content=\"D\u00e9couvrez l&#039;enregistrement produit Electrolux Professional : acc\u00e9dez \u00e0 un service client personnalis\u00e9 et des avantages exclusifs pour vos \u00e9quipements.\" \/>\n<meta property=\"og:url\" content=\"https:\/\/www.electroluxprofessional.com\/fr\/enregistrement-produit\/\" \/>\n<meta property=\"og:site_name\" content=\"Electrolux Professional France\" \/>\n<meta property=\"article:modified_time\" content=\"2026-03-30T09:17:13+00:00\" \/>\n<meta name=\"twitter:card\" content=\"summary_large_image\" \/>\n<meta name=\"twitter:label1\" content=\"Dur\u00e9e de lecture estim\u00e9e\" \/>\n\t<meta name=\"twitter:data1\" content=\"1 minute\" \/>\n<script type=\"application\/ld+json\" class=\"yoast-schema-graph\">{\"@context\":\"https:\/\/schema.org\",\"@graph\":[{\"@type\":\"WebPage\",\"@id\":\"https:\/\/www.electroluxprofessional.com\/fr\/enregistrement-produit\/\",\"url\":\"https:\/\/www.electroluxprofessional.com\/fr\/enregistrement-produit\/\",\"name\":\"Enregistrement Produit | Electrolux Professional\",\"isPartOf\":{\"@id\":\"https:\/\/www.electroluxprofessional.com\/fr\/#website\"},\"datePublished\":\"2017-05-15T16:29:32+00:00\",\"dateModified\":\"2026-03-30T09:17:13+00:00\",\"description\":\"D\u00e9couvrez l'enregistrement produit Electrolux Professional : acc\u00e9dez \u00e0 un service client personnalis\u00e9 et des avantages exclusifs pour vos \u00e9quipements.\",\"breadcrumb\":{\"@id\":\"https:\/\/www.electroluxprofessional.com\/fr\/enregistrement-produit\/#breadcrumb\"},\"inLanguage\":\"fr-FR\",\"potentialAction\":[{\"@type\":\"ReadAction\",\"target\":[\"https:\/\/www.electroluxprofessional.com\/fr\/enregistrement-produit\/\"]}]},{\"@type\":\"BreadcrumbList\",\"@id\":\"https:\/\/www.electroluxprofessional.com\/fr\/enregistrement-produit\/#breadcrumb\",\"itemListElement\":[{\"@type\":\"ListItem\",\"position\":1,\"name\":\"Home\",\"item\":\"https:\/\/www.electroluxprofessional.com\/fr\/\"},{\"@type\":\"ListItem\",\"position\":2,\"name\":\"Enregistrement de produit\"}]},{\"@type\":\"WebSite\",\"@id\":\"https:\/\/www.electroluxprofessional.com\/fr\/#website\",\"url\":\"https:\/\/www.electroluxprofessional.com\/fr\/\",\"name\":\"Electrolux Professional France\",\"description\":\"\",\"potentialAction\":[{\"@type\":\"SearchAction\",\"target\":{\"@type\":\"EntryPoint\",\"urlTemplate\":\"https:\/\/www.electroluxprofessional.com\/fr\/?src={search_term_string}\"},\"query-input\":\"required name=search_term_string\"}],\"inLanguage\":\"fr-FR\"}]}<\/script>\n<!-- \/ Yoast SEO plugin. -->","yoast_head_json":{"title":"Enregistrement Produit | Electrolux Professional","description":"D\u00e9couvrez l'enregistrement produit Electrolux Professional : acc\u00e9dez \u00e0 un service client personnalis\u00e9 et des avantages exclusifs pour vos \u00e9quipements.","robots":{"index":"index","follow":"follow","max-snippet":"max-snippet:-1","max-image-preview":"max-image-preview:large","max-video-preview":"max-video-preview:-1"},"canonical":"https:\/\/www.electroluxprofessional.com\/fr\/enregistrement-produit\/","og_locale":"fr_FR","og_type":"article","og_title":"Enregistrement Produit | Electrolux Professional","og_description":"D\u00e9couvrez l'enregistrement produit Electrolux Professional : acc\u00e9dez \u00e0 un service client personnalis\u00e9 et des avantages exclusifs pour vos \u00e9quipements.","og_url":"https:\/\/www.electroluxprofessional.com\/fr\/enregistrement-produit\/","og_site_name":"Electrolux Professional France","article_modified_time":"2026-03-30T09:17:13+00:00","twitter_card":"summary_large_image","twitter_misc":{"Dur\u00e9e de lecture estim\u00e9e":"1 minute"},"schema":{"@context":"https:\/\/schema.org","@graph":[{"@type":"WebPage","@id":"https:\/\/www.electroluxprofessional.com\/fr\/enregistrement-produit\/","url":"https:\/\/www.electroluxprofessional.com\/fr\/enregistrement-produit\/","name":"Enregistrement Produit | Electrolux Professional","isPartOf":{"@id":"https:\/\/www.electroluxprofessional.com\/fr\/#website"},"datePublished":"2017-05-15T16:29:32+00:00","dateModified":"2026-03-30T09:17:13+00:00","description":"D\u00e9couvrez l'enregistrement produit Electrolux Professional : acc\u00e9dez \u00e0 un service client personnalis\u00e9 et des avantages exclusifs pour vos \u00e9quipements.","breadcrumb":{"@id":"https:\/\/www.electroluxprofessional.com\/fr\/enregistrement-produit\/#breadcrumb"},"inLanguage":"fr-FR","potentialAction":[{"@type":"ReadAction","target":["https:\/\/www.electroluxprofessional.com\/fr\/enregistrement-produit\/"]}]},{"@type":"BreadcrumbList","@id":"https:\/\/www.electroluxprofessional.com\/fr\/enregistrement-produit\/#breadcrumb","itemListElement":[{"@type":"ListItem","position":1,"name":"Home","item":"https:\/\/www.electroluxprofessional.com\/fr\/"},{"@type":"ListItem","position":2,"name":"Enregistrement de produit"}]},{"@type":"WebSite","@id":"https:\/\/www.electroluxprofessional.com\/fr\/#website","url":"https:\/\/www.electroluxprofessional.com\/fr\/","name":"Electrolux Professional France","description":"","potentialAction":[{"@type":"SearchAction","target":{"@type":"EntryPoint","urlTemplate":"https:\/\/www.electroluxprofessional.com\/fr\/?src={search_term_string}"},"query-input":"required name=search_term_string"}],"inLanguage":"fr-FR"}]}},"_links":{"self":[{"href":"https:\/\/www.electroluxprofessional.com\/fr\/wp-json\/wp\/v2\/pages\/5163"}],"collection":[{"href":"https:\/\/www.electroluxprofessional.com\/fr\/wp-json\/wp\/v2\/pages"}],"about":[{"href":"https:\/\/www.electroluxprofessional.com\/fr\/wp-json\/wp\/v2\/types\/page"}],"author":[{"embeddable":true,"href":"https:\/\/www.electroluxprofessional.com\/fr\/wp-json\/wp\/v2\/users\/1"}],"replies":[{"embeddable":true,"href":"https:\/\/www.electroluxprofessional.com\/fr\/wp-json\/wp\/v2\/comments?post=5163"}],"version-history":[{"count":11,"href":"https:\/\/www.electroluxprofessional.com\/fr\/wp-json\/wp\/v2\/pages\/5163\/revisions"}],"predecessor-version":[{"id":31647,"href":"https:\/\/www.electroluxprofessional.com\/fr\/wp-json\/wp\/v2\/pages\/5163\/revisions\/31647"}],"wp:attachment":[{"href":"https:\/\/www.electroluxprofessional.com\/fr\/wp-json\/wp\/v2\/media?parent=5163"}],"curies":[{"name":"wp","href":"https:\/\/api.w.org\/{rel}","templated":true}]}}