{"id":5160,"date":"2017-05-15T16:26:47","date_gmt":"2017-05-15T16:26:47","guid":{"rendered":"https:\/\/www.electroluxprofessional.com\/fr\/?page_id=5160"},"modified":"2026-03-30T09:13:04","modified_gmt":"2026-03-30T09:13:04","slug":"connexion","status":"publish","type":"page","link":"https:\/\/www.electroluxprofessional.com\/fr\/connexion\/","title":{"rendered":"Connexion"},"content":{"rendered":"<p>[vc_row][vc_column][vc_empty_space height=&#8221;50px&#8221;][\/vc_column][\/vc_row][vc_row][vc_column width=&#8221;3\/6&#8243;][vc_column_text]        <div class=\"login-form \">\n            <div class=\"error-messages\">\n                            <\/div>\n            \n            <form name=\"login-form\" id=\"login-form\" action=\"https:\/\/www.electroluxprofessional.com\/fr\/wp-login.php\" method=\"post\">        <input type=\"hidden\" name=\"epr_login_form\" value=\"epr-login-form\"\/>\n        <input type=\"hidden\" name=\"epr_login_url\" value=\"https:\/\/www.electroluxprofessional.com\/fr\/wp-json\/wp\/v2\/pages\/5160\"\/>\n        \n        \t\t<p class=\"login-username\">\n\t\t\t\t<label for=\"email\">E-mail<\/label>\n\t\t\t\t<input type=\"text\" name=\"log\" id=\"email\" autocomplete=\"username\" class=\"input\" value=\"\" size=\"20\" \/>\n\t\t\t<\/p><p class=\"login-password\">\n\t\t\t\t<label for=\"password\">Mot de passe<\/label>\n\t\t\t\t<input type=\"password\" name=\"pwd\" id=\"password\" autocomplete=\"current-password\" spellcheck=\"false\" class=\"input\" value=\"\" size=\"20\" \/>\n\t\t\t<\/p><div class=\"form-group\"><div class=\"g-recaptcha\" data-sitekey=\"6Ld_DxUUAAAAABBfcwOIlpvK_ddtGNYE-k7BlUq3\"><\/div><\/div><p class=\"login-remember\"><label><input name=\"rememberme\" type=\"checkbox\" id=\"remember-me\" value=\"forever\" \/> Se souvenir de moi<\/label><\/p><p class=\"login-submit\">\n\t\t\t\t<input type=\"submit\" name=\"wp-submit\" id=\"submit-login\" class=\"button button-primary\" value=\"Se connecter\" \/>\n\t\t\t\t<input type=\"hidden\" name=\"redirect_to\" value=\"https:\/\/www.electroluxprofessional.com\/fr\/my-professional\" \/>\n\t\t\t<\/p>        <p>\n                                            <a href=\"https:\/\/www.electroluxprofessional.com\/fr\/enregistrement-produit\/\" class=\"register-link\">S'enregistrer<\/a>\n                                             |                 <a href=\"https:\/\/www.electroluxprofessional.com\/fr\/recover-password\/\" class=\"recover-password-link\">Vous avez perdu votre mot de passe ?<\/a>\n                                    <\/p>\n        <\/form>        <\/div>\n        [\/vc_column_text][\/vc_column][vc_column width=&#8221;1\/6&#8243;][vc_empty_space][\/vc_column][vc_column width=&#8221;2\/6&#8243; css=&#8221;.vc_custom_1488292312360{border-left-width: 1px !important;border-left-style: solid !important;}&#8221;][elx_heading font_container=&#8221;h1&#8243; font_size=&#8221;h3&#8243; text_color=&#8221;inherit&#8221;]Service de vente et partenariat[\/elx_heading][vc_column_text]<span style=\"color: #3366ff;\"><strong>MyProfessional<\/strong><\/span>\u00a0: les services de vente et les services d\u00e9di\u00e9s aux partenaires ont \u00e9t\u00e9 d\u00e9plac\u00e9s sur la plateforme\u00a0<span style=\"color: #003366;\"><strong>ToolBox<\/strong><\/span>.<br \/>\nPour des raisons de s\u00e9curit\u00e9, nous pourrions vous demander de vous enregistrer\u00a0\u00e0 nouveau.<br \/>\nSoyez patient, nous essayons de vous fournir les meilleures performances\u00a0en toute s\u00e9curit\u00e9.[\/vc_column_text][elx_button button_text=&#8221;Access ToolBox&#8221; button_style=&#8221;default&#8221; button_link=&#8221;url:https%3A%2F%2Ftoolbox.epr-apps.com|title:laundry%20dealers%20login%20(the%20old%20MyProfessional)|target:%20_blank|&#8221;][\/vc_column][\/vc_row][vc_row][vc_column][vc_empty_space height=&#8221;50px&#8221;][\/vc_column][\/vc_row]<\/p>\n","protected":false},"excerpt":{"rendered":"<p>[vc_row][vc_column][vc_empty_space height=&#8221;50px&#8221;][\/vc_column][\/vc_row][vc_row][vc_column width=&#8221;3\/6&#8243;][vc_column_text][\/vc_column_text][\/vc_column][vc_column width=&#8221;1\/6&#8243;][vc_empty_space][\/vc_column][vc_column width=&#8221;2\/6&#8243; css=&#8221;.vc_custom_1488292312360{border-left-width: 1px !important;border-left-style: solid !important;}&#8221;][elx_heading font_container=&#8221;h1&#8243; font_size=&#8221;h3&#8243; text_color=&#8221;inherit&#8221;]Service de vente et partenariat[\/elx_heading][vc_column_text]MyProfessional\u00a0: les services de vente et les services d\u00e9di\u00e9s aux partenaires ont \u00e9t\u00e9 d\u00e9plac\u00e9s sur la plateforme\u00a0ToolBox. Pour des raisons de s\u00e9curit\u00e9, nous pourrions vous demander de vous enregistrer\u00a0\u00e0 nouveau. Soyez patient, nous essayons de vous fournir les meilleures [&hellip;]<\/p>\n","protected":false},"author":1,"featured_media":0,"parent":0,"menu_order":0,"comment_status":"closed","ping_status":"closed","template":"","meta":{"footnotes":""},"class_list":["post-5160","page","type-page","status-publish","hentry"],"acf":[],"yoast_head":"<!-- This site is optimized with the Yoast SEO plugin v23.3 - https:\/\/yoast.com\/wordpress\/plugins\/seo\/ -->\n<title>Connexion | Electrolux Professional<\/title>\n<meta name=\"description\" content=\"Consultez votre compte MyProfessional et acc\u00e9dez \u00e0 la plateforme ToolBox pour g\u00e9rer vos services de vente et partenariat avec plus d&#039;efficacit\u00e9.\" \/>\n<meta name=\"robots\" content=\"index, follow, max-snippet:-1, max-image-preview:large, max-video-preview:-1\" \/>\n<link rel=\"canonical\" href=\"https:\/\/www.electroluxprofessional.com\/fr\/connexion\/\" \/>\n<meta property=\"og:locale\" content=\"fr_FR\" \/>\n<meta property=\"og:type\" content=\"article\" \/>\n<meta property=\"og:title\" content=\"Connexion | Electrolux Professional\" \/>\n<meta property=\"og:description\" content=\"Consultez votre compte MyProfessional et acc\u00e9dez \u00e0 la plateforme ToolBox pour g\u00e9rer vos services de vente et partenariat avec plus d&#039;efficacit\u00e9.\" \/>\n<meta property=\"og:url\" content=\"https:\/\/www.electroluxprofessional.com\/fr\/connexion\/\" \/>\n<meta property=\"og:site_name\" content=\"Electrolux Professional France\" \/>\n<meta property=\"article:modified_time\" content=\"2026-03-30T09:13:04+00:00\" \/>\n<meta name=\"twitter:card\" content=\"summary_large_image\" \/>\n<meta name=\"twitter:label1\" content=\"Dur\u00e9e de lecture estim\u00e9e\" \/>\n\t<meta name=\"twitter:data1\" content=\"1 minute\" \/>\n<script type=\"application\/ld+json\" class=\"yoast-schema-graph\">{\"@context\":\"https:\/\/schema.org\",\"@graph\":[{\"@type\":\"WebPage\",\"@id\":\"https:\/\/www.electroluxprofessional.com\/fr\/connexion\/\",\"url\":\"https:\/\/www.electroluxprofessional.com\/fr\/connexion\/\",\"name\":\"Connexion | Electrolux Professional\",\"isPartOf\":{\"@id\":\"https:\/\/www.electroluxprofessional.com\/fr\/#website\"},\"datePublished\":\"2017-05-15T16:26:47+00:00\",\"dateModified\":\"2026-03-30T09:13:04+00:00\",\"description\":\"Consultez votre compte MyProfessional et acc\u00e9dez \u00e0 la plateforme ToolBox pour g\u00e9rer vos services de vente et partenariat avec plus d'efficacit\u00e9.\",\"breadcrumb\":{\"@id\":\"https:\/\/www.electroluxprofessional.com\/fr\/connexion\/#breadcrumb\"},\"inLanguage\":\"fr-FR\",\"potentialAction\":[{\"@type\":\"ReadAction\",\"target\":[\"https:\/\/www.electroluxprofessional.com\/fr\/connexion\/\"]}]},{\"@type\":\"BreadcrumbList\",\"@id\":\"https:\/\/www.electroluxprofessional.com\/fr\/connexion\/#breadcrumb\",\"itemListElement\":[{\"@type\":\"ListItem\",\"position\":1,\"name\":\"Home\",\"item\":\"https:\/\/www.electroluxprofessional.com\/fr\/\"},{\"@type\":\"ListItem\",\"position\":2,\"name\":\"Connexion\"}]},{\"@type\":\"WebSite\",\"@id\":\"https:\/\/www.electroluxprofessional.com\/fr\/#website\",\"url\":\"https:\/\/www.electroluxprofessional.com\/fr\/\",\"name\":\"Electrolux Professional France\",\"description\":\"\",\"potentialAction\":[{\"@type\":\"SearchAction\",\"target\":{\"@type\":\"EntryPoint\",\"urlTemplate\":\"https:\/\/www.electroluxprofessional.com\/fr\/?src={search_term_string}\"},\"query-input\":\"required name=search_term_string\"}],\"inLanguage\":\"fr-FR\"}]}<\/script>\n<!-- \/ Yoast SEO plugin. -->","yoast_head_json":{"title":"Connexion | Electrolux Professional","description":"Consultez votre compte MyProfessional et acc\u00e9dez \u00e0 la plateforme ToolBox pour g\u00e9rer vos services de vente et partenariat avec plus d'efficacit\u00e9.","robots":{"index":"index","follow":"follow","max-snippet":"max-snippet:-1","max-image-preview":"max-image-preview:large","max-video-preview":"max-video-preview:-1"},"canonical":"https:\/\/www.electroluxprofessional.com\/fr\/connexion\/","og_locale":"fr_FR","og_type":"article","og_title":"Connexion | Electrolux Professional","og_description":"Consultez votre compte MyProfessional et acc\u00e9dez \u00e0 la plateforme ToolBox pour g\u00e9rer vos services de vente et partenariat avec plus d'efficacit\u00e9.","og_url":"https:\/\/www.electroluxprofessional.com\/fr\/connexion\/","og_site_name":"Electrolux Professional France","article_modified_time":"2026-03-30T09:13:04+00:00","twitter_card":"summary_large_image","twitter_misc":{"Dur\u00e9e de lecture estim\u00e9e":"1 minute"},"schema":{"@context":"https:\/\/schema.org","@graph":[{"@type":"WebPage","@id":"https:\/\/www.electroluxprofessional.com\/fr\/connexion\/","url":"https:\/\/www.electroluxprofessional.com\/fr\/connexion\/","name":"Connexion | Electrolux Professional","isPartOf":{"@id":"https:\/\/www.electroluxprofessional.com\/fr\/#website"},"datePublished":"2017-05-15T16:26:47+00:00","dateModified":"2026-03-30T09:13:04+00:00","description":"Consultez votre compte MyProfessional et acc\u00e9dez \u00e0 la plateforme ToolBox pour g\u00e9rer vos services de vente et partenariat avec plus d'efficacit\u00e9.","breadcrumb":{"@id":"https:\/\/www.electroluxprofessional.com\/fr\/connexion\/#breadcrumb"},"inLanguage":"fr-FR","potentialAction":[{"@type":"ReadAction","target":["https:\/\/www.electroluxprofessional.com\/fr\/connexion\/"]}]},{"@type":"BreadcrumbList","@id":"https:\/\/www.electroluxprofessional.com\/fr\/connexion\/#breadcrumb","itemListElement":[{"@type":"ListItem","position":1,"name":"Home","item":"https:\/\/www.electroluxprofessional.com\/fr\/"},{"@type":"ListItem","position":2,"name":"Connexion"}]},{"@type":"WebSite","@id":"https:\/\/www.electroluxprofessional.com\/fr\/#website","url":"https:\/\/www.electroluxprofessional.com\/fr\/","name":"Electrolux Professional France","description":"","potentialAction":[{"@type":"SearchAction","target":{"@type":"EntryPoint","urlTemplate":"https:\/\/www.electroluxprofessional.com\/fr\/?src={search_term_string}"},"query-input":"required name=search_term_string"}],"inLanguage":"fr-FR"}]}},"_links":{"self":[{"href":"https:\/\/www.electroluxprofessional.com\/fr\/wp-json\/wp\/v2\/pages\/5160"}],"collection":[{"href":"https:\/\/www.electroluxprofessional.com\/fr\/wp-json\/wp\/v2\/pages"}],"about":[{"href":"https:\/\/www.electroluxprofessional.com\/fr\/wp-json\/wp\/v2\/types\/page"}],"author":[{"embeddable":true,"href":"https:\/\/www.electroluxprofessional.com\/fr\/wp-json\/wp\/v2\/users\/1"}],"replies":[{"embeddable":true,"href":"https:\/\/www.electroluxprofessional.com\/fr\/wp-json\/wp\/v2\/comments?post=5160"}],"version-history":[{"count":6,"href":"https:\/\/www.electroluxprofessional.com\/fr\/wp-json\/wp\/v2\/pages\/5160\/revisions"}],"predecessor-version":[{"id":31643,"href":"https:\/\/www.electroluxprofessional.com\/fr\/wp-json\/wp\/v2\/pages\/5160\/revisions\/31643"}],"wp:attachment":[{"href":"https:\/\/www.electroluxprofessional.com\/fr\/wp-json\/wp\/v2\/media?parent=5160"}],"curies":[{"name":"wp","href":"https:\/\/api.w.org\/{rel}","templated":true}]}}