{"id":4887,"date":"2017-04-10T12:56:11","date_gmt":"2017-04-10T12:56:11","guid":{"rendered":"https:\/\/www.electroluxprofessional.com\/fr\/?page_id=4887"},"modified":"2026-03-13T10:22:51","modified_gmt":"2026-03-13T10:22:51","slug":"usine-a-rayong-thailande","status":"publish","type":"page","link":"https:\/\/www.electroluxprofessional.com\/fr\/usines-electrolux-professional\/usine-a-rayong-thailande\/","title":{"rendered":"Usine \u00e0 Rayong, Tha\u00eflande"},"content":{"rendered":"<p>[vc_row][vc_column][elx_heading font_container=&#8221;h1&#8243; font_size=&#8221;h2&#8243; text_color=&#8221;inherit&#8221;]Rayong, Tha\u00eflande[\/elx_heading][vc_column_text]<\/p>\n<p style=\"text-align: justify;\"><img loading=\"lazy\" decoding=\"async\" class=\"alignleft wp-image-4888 size-full\" src=\"https:\/\/www.electroluxprofessional.com\/fr\/wp-content\/uploads\/2017\/04\/drapeau-thailande.jpg\" alt=\"\" width=\"400\" height=\"300\" srcset=\"https:\/\/www.electroluxprofessional.com\/fr\/wp-content\/uploads\/2017\/04\/drapeau-thailande.jpg 400w, https:\/\/www.electroluxprofessional.com\/fr\/wp-content\/uploads\/2017\/04\/drapeau-thailande-300x225.jpg 300w\" sizes=\"(max-width: 400px) 100vw, 400px\" \/>L\u2019usine Electrolux Professional \u00e0 Rayong a \u00e9t\u00e9 construite en 2005 et appartient \u00e0 la ligne de produits Electrolux Laundry Systems. D\u2019une surface totale de 13750m\u00b2 dont 11000 m\u00b2 d\u00e9di\u00e9s \u00e0 la production, notre usine de Rayong est leader dans la fabrication de laveuses essoreuses et de s\u00e9choirs rotatifs. Les s\u00e9choirs de 130 \u00e0 650 litres de capacit\u00e9 et les laveuses essoreuses \u00e0 super essorage de 55 \u00e0 600 litres sont aujourd\u2019hui les principales lignes de production.<\/p>\n<p style=\"text-align: justify;\"><strong>Adresse :<\/strong> 169-169\/1 Moo3 Nongalok Bankhai Rayong, Thailand<\/p>\n<p style=\"text-align: justify;\"><strong>Tel :<\/strong> + 66 38 928 444 &#8211; \u00a0Fax: + 66 38 928 498-9<\/p>\n<p>[\/vc_column_text][\/vc_column][\/vc_row]<\/p>\n","protected":false},"excerpt":{"rendered":"<p>[vc_row][vc_column][elx_heading font_container=&#8221;h1&#8243; font_size=&#8221;h2&#8243; text_color=&#8221;inherit&#8221;]Rayong, Tha\u00eflande[\/elx_heading][vc_column_text] L\u2019usine Electrolux Professional \u00e0 Rayong a \u00e9t\u00e9 construite en 2005 et appartient \u00e0 la ligne de produits Electrolux Laundry Systems. D\u2019une surface totale de 13750m\u00b2 dont 11000 m\u00b2 d\u00e9di\u00e9s \u00e0 la production, notre usine de Rayong est leader dans la fabrication de laveuses essoreuses et de s\u00e9choirs rotatifs. Les s\u00e9choirs [&hellip;]<\/p>\n","protected":false},"author":4,"featured_media":0,"parent":4870,"menu_order":0,"comment_status":"closed","ping_status":"closed","template":"","meta":{"footnotes":""},"class_list":["post-4887","page","type-page","status-publish","hentry"],"acf":[],"yoast_head":"<!-- This site is optimized with the Yoast SEO plugin v23.3 - https:\/\/yoast.com\/wordpress\/plugins\/seo\/ -->\n<title>Usine de Rayong Tha\u00eflande | Electrolux Professional<\/title>\n<meta name=\"description\" content=\"D\u00e9couvrez l&#039;usine Electrolux Professional \u00e0 Rayong : leader en laveuses essoreuses et s\u00e9choirs rotatifs depuis 2005. Production de qualit\u00e9 professionnelle.\" \/>\n<meta name=\"robots\" content=\"index, follow, max-snippet:-1, max-image-preview:large, max-video-preview:-1\" \/>\n<link rel=\"canonical\" href=\"https:\/\/www.electroluxprofessional.com\/fr\/usines-electrolux-professional\/usine-a-rayong-thailande\/\" \/>\n<meta property=\"og:locale\" content=\"fr_FR\" \/>\n<meta property=\"og:type\" content=\"article\" \/>\n<meta property=\"og:title\" content=\"Usine de Rayong Tha\u00eflande | Electrolux Professional\" \/>\n<meta property=\"og:description\" content=\"D\u00e9couvrez l&#039;usine Electrolux Professional \u00e0 Rayong : leader en laveuses essoreuses et s\u00e9choirs rotatifs depuis 2005. Production de qualit\u00e9 professionnelle.\" \/>\n<meta property=\"og:url\" content=\"https:\/\/www.electroluxprofessional.com\/fr\/usines-electrolux-professional\/usine-a-rayong-thailande\/\" \/>\n<meta property=\"og:site_name\" content=\"Electrolux Professional France\" \/>\n<meta property=\"article:modified_time\" content=\"2026-03-13T10:22:51+00:00\" \/>\n<meta property=\"og:image\" content=\"https:\/\/www.electroluxprofessional.com\/fr\/wp-content\/uploads\/2017\/04\/drapeau-thailande.jpg\" \/>\n<meta name=\"twitter:card\" content=\"summary_large_image\" \/>\n<meta name=\"twitter:label1\" content=\"Dur\u00e9e de lecture estim\u00e9e\" \/>\n\t<meta name=\"twitter:data1\" content=\"1 minute\" \/>\n<script type=\"application\/ld+json\" class=\"yoast-schema-graph\">{\"@context\":\"https:\/\/schema.org\",\"@graph\":[{\"@type\":\"WebPage\",\"@id\":\"https:\/\/www.electroluxprofessional.com\/fr\/usines-electrolux-professional\/usine-a-rayong-thailande\/\",\"url\":\"https:\/\/www.electroluxprofessional.com\/fr\/usines-electrolux-professional\/usine-a-rayong-thailande\/\",\"name\":\"Usine de Rayong Tha\u00eflande | Electrolux Professional\",\"isPartOf\":{\"@id\":\"https:\/\/www.electroluxprofessional.com\/fr\/#website\"},\"primaryImageOfPage\":{\"@id\":\"https:\/\/www.electroluxprofessional.com\/fr\/usines-electrolux-professional\/usine-a-rayong-thailande\/#primaryimage\"},\"image\":{\"@id\":\"https:\/\/www.electroluxprofessional.com\/fr\/usines-electrolux-professional\/usine-a-rayong-thailande\/#primaryimage\"},\"thumbnailUrl\":\"https:\/\/www.electroluxprofessional.com\/fr\/wp-content\/uploads\/2017\/04\/drapeau-thailande.jpg\",\"datePublished\":\"2017-04-10T12:56:11+00:00\",\"dateModified\":\"2026-03-13T10:22:51+00:00\",\"description\":\"D\u00e9couvrez l'usine Electrolux Professional \u00e0 Rayong : leader en laveuses essoreuses et s\u00e9choirs rotatifs depuis 2005. Production de qualit\u00e9 professionnelle.\",\"breadcrumb\":{\"@id\":\"https:\/\/www.electroluxprofessional.com\/fr\/usines-electrolux-professional\/usine-a-rayong-thailande\/#breadcrumb\"},\"inLanguage\":\"fr-FR\",\"potentialAction\":[{\"@type\":\"ReadAction\",\"target\":[\"https:\/\/www.electroluxprofessional.com\/fr\/usines-electrolux-professional\/usine-a-rayong-thailande\/\"]}]},{\"@type\":\"ImageObject\",\"inLanguage\":\"fr-FR\",\"@id\":\"https:\/\/www.electroluxprofessional.com\/fr\/usines-electrolux-professional\/usine-a-rayong-thailande\/#primaryimage\",\"url\":\"https:\/\/www.electroluxprofessional.com\/fr\/wp-content\/uploads\/2017\/04\/drapeau-thailande.jpg\",\"contentUrl\":\"https:\/\/www.electroluxprofessional.com\/fr\/wp-content\/uploads\/2017\/04\/drapeau-thailande.jpg\",\"width\":400,\"height\":300,\"caption\":\"drapeau-thailande\"},{\"@type\":\"BreadcrumbList\",\"@id\":\"https:\/\/www.electroluxprofessional.com\/fr\/usines-electrolux-professional\/usine-a-rayong-thailande\/#breadcrumb\",\"itemListElement\":[{\"@type\":\"ListItem\",\"position\":1,\"name\":\"Home\",\"item\":\"https:\/\/www.electroluxprofessional.com\/fr\/\"},{\"@type\":\"ListItem\",\"position\":2,\"name\":\"Les sites de production du groupe Electrolux Professional en France\",\"item\":\"https:\/\/www.electroluxprofessional.com\/fr\/usines-electrolux-professional\/\"},{\"@type\":\"ListItem\",\"position\":3,\"name\":\"Usine \u00e0 Rayong, Tha\u00eflande\"}]},{\"@type\":\"WebSite\",\"@id\":\"https:\/\/www.electroluxprofessional.com\/fr\/#website\",\"url\":\"https:\/\/www.electroluxprofessional.com\/fr\/\",\"name\":\"Electrolux Professional France\",\"description\":\"\",\"potentialAction\":[{\"@type\":\"SearchAction\",\"target\":{\"@type\":\"EntryPoint\",\"urlTemplate\":\"https:\/\/www.electroluxprofessional.com\/fr\/?src={search_term_string}\"},\"query-input\":\"required name=search_term_string\"}],\"inLanguage\":\"fr-FR\"}]}<\/script>\n<!-- \/ Yoast SEO plugin. -->","yoast_head_json":{"title":"Usine de Rayong Tha\u00eflande | Electrolux Professional","description":"D\u00e9couvrez l'usine Electrolux Professional \u00e0 Rayong : leader en laveuses essoreuses et s\u00e9choirs rotatifs depuis 2005. Production de qualit\u00e9 professionnelle.","robots":{"index":"index","follow":"follow","max-snippet":"max-snippet:-1","max-image-preview":"max-image-preview:large","max-video-preview":"max-video-preview:-1"},"canonical":"https:\/\/www.electroluxprofessional.com\/fr\/usines-electrolux-professional\/usine-a-rayong-thailande\/","og_locale":"fr_FR","og_type":"article","og_title":"Usine de Rayong Tha\u00eflande | Electrolux Professional","og_description":"D\u00e9couvrez l'usine Electrolux Professional \u00e0 Rayong : leader en laveuses essoreuses et s\u00e9choirs rotatifs depuis 2005. Production de qualit\u00e9 professionnelle.","og_url":"https:\/\/www.electroluxprofessional.com\/fr\/usines-electrolux-professional\/usine-a-rayong-thailande\/","og_site_name":"Electrolux Professional France","article_modified_time":"2026-03-13T10:22:51+00:00","og_image":[{"url":"https:\/\/www.electroluxprofessional.com\/fr\/wp-content\/uploads\/2017\/04\/drapeau-thailande.jpg"}],"twitter_card":"summary_large_image","twitter_misc":{"Dur\u00e9e de lecture estim\u00e9e":"1 minute"},"schema":{"@context":"https:\/\/schema.org","@graph":[{"@type":"WebPage","@id":"https:\/\/www.electroluxprofessional.com\/fr\/usines-electrolux-professional\/usine-a-rayong-thailande\/","url":"https:\/\/www.electroluxprofessional.com\/fr\/usines-electrolux-professional\/usine-a-rayong-thailande\/","name":"Usine de Rayong Tha\u00eflande | Electrolux Professional","isPartOf":{"@id":"https:\/\/www.electroluxprofessional.com\/fr\/#website"},"primaryImageOfPage":{"@id":"https:\/\/www.electroluxprofessional.com\/fr\/usines-electrolux-professional\/usine-a-rayong-thailande\/#primaryimage"},"image":{"@id":"https:\/\/www.electroluxprofessional.com\/fr\/usines-electrolux-professional\/usine-a-rayong-thailande\/#primaryimage"},"thumbnailUrl":"https:\/\/www.electroluxprofessional.com\/fr\/wp-content\/uploads\/2017\/04\/drapeau-thailande.jpg","datePublished":"2017-04-10T12:56:11+00:00","dateModified":"2026-03-13T10:22:51+00:00","description":"D\u00e9couvrez l'usine Electrolux Professional \u00e0 Rayong : leader en laveuses essoreuses et s\u00e9choirs rotatifs depuis 2005. Production de qualit\u00e9 professionnelle.","breadcrumb":{"@id":"https:\/\/www.electroluxprofessional.com\/fr\/usines-electrolux-professional\/usine-a-rayong-thailande\/#breadcrumb"},"inLanguage":"fr-FR","potentialAction":[{"@type":"ReadAction","target":["https:\/\/www.electroluxprofessional.com\/fr\/usines-electrolux-professional\/usine-a-rayong-thailande\/"]}]},{"@type":"ImageObject","inLanguage":"fr-FR","@id":"https:\/\/www.electroluxprofessional.com\/fr\/usines-electrolux-professional\/usine-a-rayong-thailande\/#primaryimage","url":"https:\/\/www.electroluxprofessional.com\/fr\/wp-content\/uploads\/2017\/04\/drapeau-thailande.jpg","contentUrl":"https:\/\/www.electroluxprofessional.com\/fr\/wp-content\/uploads\/2017\/04\/drapeau-thailande.jpg","width":400,"height":300,"caption":"drapeau-thailande"},{"@type":"BreadcrumbList","@id":"https:\/\/www.electroluxprofessional.com\/fr\/usines-electrolux-professional\/usine-a-rayong-thailande\/#breadcrumb","itemListElement":[{"@type":"ListItem","position":1,"name":"Home","item":"https:\/\/www.electroluxprofessional.com\/fr\/"},{"@type":"ListItem","position":2,"name":"Les sites de production du groupe Electrolux Professional en France","item":"https:\/\/www.electroluxprofessional.com\/fr\/usines-electrolux-professional\/"},{"@type":"ListItem","position":3,"name":"Usine \u00e0 Rayong, Tha\u00eflande"}]},{"@type":"WebSite","@id":"https:\/\/www.electroluxprofessional.com\/fr\/#website","url":"https:\/\/www.electroluxprofessional.com\/fr\/","name":"Electrolux Professional France","description":"","potentialAction":[{"@type":"SearchAction","target":{"@type":"EntryPoint","urlTemplate":"https:\/\/www.electroluxprofessional.com\/fr\/?src={search_term_string}"},"query-input":"required name=search_term_string"}],"inLanguage":"fr-FR"}]}},"_links":{"self":[{"href":"https:\/\/www.electroluxprofessional.com\/fr\/wp-json\/wp\/v2\/pages\/4887"}],"collection":[{"href":"https:\/\/www.electroluxprofessional.com\/fr\/wp-json\/wp\/v2\/pages"}],"about":[{"href":"https:\/\/www.electroluxprofessional.com\/fr\/wp-json\/wp\/v2\/types\/page"}],"author":[{"embeddable":true,"href":"https:\/\/www.electroluxprofessional.com\/fr\/wp-json\/wp\/v2\/users\/4"}],"replies":[{"embeddable":true,"href":"https:\/\/www.electroluxprofessional.com\/fr\/wp-json\/wp\/v2\/comments?post=4887"}],"version-history":[{"count":4,"href":"https:\/\/www.electroluxprofessional.com\/fr\/wp-json\/wp\/v2\/pages\/4887\/revisions"}],"predecessor-version":[{"id":30986,"href":"https:\/\/www.electroluxprofessional.com\/fr\/wp-json\/wp\/v2\/pages\/4887\/revisions\/30986"}],"up":[{"embeddable":true,"href":"https:\/\/www.electroluxprofessional.com\/fr\/wp-json\/wp\/v2\/pages\/4870"}],"wp:attachment":[{"href":"https:\/\/www.electroluxprofessional.com\/fr\/wp-json\/wp\/v2\/media?parent=4887"}],"curies":[{"name":"wp","href":"https:\/\/api.w.org\/{rel}","templated":true}]}}