{"id":4881,"date":"2017-04-10T12:53:37","date_gmt":"2017-04-10T12:53:37","guid":{"rendered":"https:\/\/www.electroluxprofessional.com\/fr\/?page_id=4881"},"modified":"2026-03-13T10:21:17","modified_gmt":"2026-03-13T10:21:17","slug":"usine-a-ljungby-suede","status":"publish","type":"page","link":"https:\/\/www.electroluxprofessional.com\/fr\/usines-electrolux-professional\/usine-a-ljungby-suede\/","title":{"rendered":"Usine \u00e0 Ljungby, Su\u00e8de"},"content":{"rendered":"<p>[vc_row][vc_column][vc_row_inner][vc_column_inner width=&#8221;1\/2&#8243;][elx_heading font_container=&#8221;h1&#8243; font_size=&#8221;h2&#8243; text_color=&#8221;inherit&#8221;]Ljungby, Su\u00e8de[\/elx_heading][vc_column_text]<\/p>\n<p style=\"text-align: justify;\"><strong>Electrolux a acquis Electrolux Laundry Systems Sweden AB en 1973 et de nos jours, Electrolux Laundry Systems Sweden AB compte parmi les soci\u00e9t\u00e9s responsables de la gamme de produits Electrolux Laundry Systems.<\/strong><\/p>\n<p style=\"text-align: justify;\">Notre usine de Ljungby est l&#8217;un des plus importants sites de production au monde de laveuses essoreuses professionnelles. Nous fabriquons des \u00e9quipements de blanchissage professionnel depuis 100 ans.<\/p>\n<p style=\"text-align: justify;\">Aujourd&#8217;hui, nous nous sp\u00e9cialisons dans la production de laveuses essoreuses \u00e0 vitesses de rotation normale, moyenne et \u00e9lev\u00e9e, avec des tambours d&#8217;une capacit\u00e9 de 55 \u00e0 850 litres.<\/p>\n<p style=\"text-align: justify;\">L&#8217;usine est certifi\u00e9e conforme aux normes ISO 9001 et ISO 14001.<\/p>\n<p style=\"text-align: justify;\">La recherche et le d\u00e9veloppement de produits, la production et le marketing pour les march\u00e9s su\u00e9dois et internationaux sont autant d&#8217;activit\u00e9s g\u00e9r\u00e9es depuis Ljungby.<\/p>\n<p style=\"text-align: justify;\"><strong>Les connaissances, le d\u00e9veloppement personnel, le sens des responsabilit\u00e9s et de la communication comptent parmi nos atouts les plus importants.<\/strong><\/p>\n<p style=\"text-align: justify;\">Nous tenons compte des besoins de nos clients dans le cadre de notre travail de d\u00e9veloppement et de production. Ceci para\u00eet peut-\u00eatre \u00e9vident mais exige beaucoup de nous en termes de connaissances, de d\u00e9veloppement personnel, de sens des responsabilit\u00e9s et de communication.<\/p>\n<p>[\/vc_column_text][\/vc_column_inner][vc_column_inner width=&#8221;1\/2&#8243;][vc_single_image image=&#8221;4882&#8243; img_size=&#8221;full&#8221;][vc_empty_space height=&#8221;15px&#8221;][vc_column_text]<strong>Ljungby &#8211; une ville tr\u00e8s accueillante<\/strong><br \/>\nLjungby se trouve dans un cadre idyllique et la r\u00e9gion accueillante de Sm\u00e5land, avec ses magnifiques paysages, n&#8217;est jamais tr\u00e8s loin.[\/vc_column_text][\/vc_column_inner][\/vc_row_inner][\/vc_column][\/vc_row]<\/p>\n","protected":false},"excerpt":{"rendered":"<p>[vc_row][vc_column][vc_row_inner][vc_column_inner width=&#8221;1\/2&#8243;][elx_heading font_container=&#8221;h1&#8243; font_size=&#8221;h2&#8243; text_color=&#8221;inherit&#8221;]Ljungby, Su\u00e8de[\/elx_heading][vc_column_text] Electrolux a acquis Electrolux Laundry Systems Sweden AB en 1973 et de nos jours, Electrolux Laundry Systems Sweden AB compte parmi les soci\u00e9t\u00e9s responsables de la gamme de produits Electrolux Laundry Systems. Notre usine de Ljungby est l&#8217;un des plus importants sites de production au monde de laveuses essoreuses [&hellip;]<\/p>\n","protected":false},"author":4,"featured_media":0,"parent":4870,"menu_order":0,"comment_status":"closed","ping_status":"closed","template":"","meta":{"footnotes":""},"class_list":["post-4881","page","type-page","status-publish","hentry"],"acf":[],"yoast_head":"<!-- This site is optimized with the Yoast SEO plugin v23.3 - https:\/\/yoast.com\/wordpress\/plugins\/seo\/ -->\n<title>Usine de Ljungby en Su\u00e8de | Electrolux Professional<\/title>\n<meta name=\"description\" content=\"D\u00e9couvrez l&#039;usine de Ljungby : centre de fabrication et R&amp;D mondial pour \u00e9quipements de blanchisserie professionnels depuis les ann\u00e9es 1970.\" \/>\n<meta name=\"robots\" content=\"index, follow, max-snippet:-1, max-image-preview:large, max-video-preview:-1\" \/>\n<link rel=\"canonical\" href=\"https:\/\/www.electroluxprofessional.com\/fr\/usines-electrolux-professional\/usine-a-ljungby-suede\/\" \/>\n<meta property=\"og:locale\" content=\"fr_FR\" \/>\n<meta property=\"og:type\" content=\"article\" \/>\n<meta property=\"og:title\" content=\"Usine de Ljungby en Su\u00e8de | Electrolux Professional\" \/>\n<meta property=\"og:description\" content=\"D\u00e9couvrez l&#039;usine de Ljungby : centre de fabrication et R&amp;D mondial pour \u00e9quipements de blanchisserie professionnels depuis les ann\u00e9es 1970.\" \/>\n<meta property=\"og:url\" content=\"https:\/\/www.electroluxprofessional.com\/fr\/usines-electrolux-professional\/usine-a-ljungby-suede\/\" \/>\n<meta property=\"og:site_name\" content=\"Electrolux Professional France\" \/>\n<meta property=\"article:modified_time\" content=\"2026-03-13T10:21:17+00:00\" \/>\n<meta name=\"twitter:card\" content=\"summary_large_image\" \/>\n<meta name=\"twitter:label1\" content=\"Dur\u00e9e de lecture estim\u00e9e\" \/>\n\t<meta name=\"twitter:data1\" content=\"2 minutes\" \/>\n<script type=\"application\/ld+json\" class=\"yoast-schema-graph\">{\"@context\":\"https:\/\/schema.org\",\"@graph\":[{\"@type\":\"WebPage\",\"@id\":\"https:\/\/www.electroluxprofessional.com\/fr\/usines-electrolux-professional\/usine-a-ljungby-suede\/\",\"url\":\"https:\/\/www.electroluxprofessional.com\/fr\/usines-electrolux-professional\/usine-a-ljungby-suede\/\",\"name\":\"Usine de Ljungby en Su\u00e8de | Electrolux Professional\",\"isPartOf\":{\"@id\":\"https:\/\/www.electroluxprofessional.com\/fr\/#website\"},\"datePublished\":\"2017-04-10T12:53:37+00:00\",\"dateModified\":\"2026-03-13T10:21:17+00:00\",\"description\":\"D\u00e9couvrez l'usine de Ljungby : centre de fabrication et R&D mondial pour \u00e9quipements de blanchisserie professionnels depuis les ann\u00e9es 1970.\",\"breadcrumb\":{\"@id\":\"https:\/\/www.electroluxprofessional.com\/fr\/usines-electrolux-professional\/usine-a-ljungby-suede\/#breadcrumb\"},\"inLanguage\":\"fr-FR\",\"potentialAction\":[{\"@type\":\"ReadAction\",\"target\":[\"https:\/\/www.electroluxprofessional.com\/fr\/usines-electrolux-professional\/usine-a-ljungby-suede\/\"]}]},{\"@type\":\"BreadcrumbList\",\"@id\":\"https:\/\/www.electroluxprofessional.com\/fr\/usines-electrolux-professional\/usine-a-ljungby-suede\/#breadcrumb\",\"itemListElement\":[{\"@type\":\"ListItem\",\"position\":1,\"name\":\"Home\",\"item\":\"https:\/\/www.electroluxprofessional.com\/fr\/\"},{\"@type\":\"ListItem\",\"position\":2,\"name\":\"Les sites de production du groupe Electrolux Professional en France\",\"item\":\"https:\/\/www.electroluxprofessional.com\/fr\/usines-electrolux-professional\/\"},{\"@type\":\"ListItem\",\"position\":3,\"name\":\"Usine \u00e0 Ljungby, Su\u00e8de\"}]},{\"@type\":\"WebSite\",\"@id\":\"https:\/\/www.electroluxprofessional.com\/fr\/#website\",\"url\":\"https:\/\/www.electroluxprofessional.com\/fr\/\",\"name\":\"Electrolux Professional France\",\"description\":\"\",\"potentialAction\":[{\"@type\":\"SearchAction\",\"target\":{\"@type\":\"EntryPoint\",\"urlTemplate\":\"https:\/\/www.electroluxprofessional.com\/fr\/?src={search_term_string}\"},\"query-input\":\"required name=search_term_string\"}],\"inLanguage\":\"fr-FR\"}]}<\/script>\n<!-- \/ Yoast SEO plugin. -->","yoast_head_json":{"title":"Usine de Ljungby en Su\u00e8de | Electrolux Professional","description":"D\u00e9couvrez l'usine de Ljungby : centre de fabrication et R&D mondial pour \u00e9quipements de blanchisserie professionnels depuis les ann\u00e9es 1970.","robots":{"index":"index","follow":"follow","max-snippet":"max-snippet:-1","max-image-preview":"max-image-preview:large","max-video-preview":"max-video-preview:-1"},"canonical":"https:\/\/www.electroluxprofessional.com\/fr\/usines-electrolux-professional\/usine-a-ljungby-suede\/","og_locale":"fr_FR","og_type":"article","og_title":"Usine de Ljungby en Su\u00e8de | Electrolux Professional","og_description":"D\u00e9couvrez l'usine de Ljungby : centre de fabrication et R&D mondial pour \u00e9quipements de blanchisserie professionnels depuis les ann\u00e9es 1970.","og_url":"https:\/\/www.electroluxprofessional.com\/fr\/usines-electrolux-professional\/usine-a-ljungby-suede\/","og_site_name":"Electrolux Professional France","article_modified_time":"2026-03-13T10:21:17+00:00","twitter_card":"summary_large_image","twitter_misc":{"Dur\u00e9e de lecture estim\u00e9e":"2 minutes"},"schema":{"@context":"https:\/\/schema.org","@graph":[{"@type":"WebPage","@id":"https:\/\/www.electroluxprofessional.com\/fr\/usines-electrolux-professional\/usine-a-ljungby-suede\/","url":"https:\/\/www.electroluxprofessional.com\/fr\/usines-electrolux-professional\/usine-a-ljungby-suede\/","name":"Usine de Ljungby en Su\u00e8de | Electrolux Professional","isPartOf":{"@id":"https:\/\/www.electroluxprofessional.com\/fr\/#website"},"datePublished":"2017-04-10T12:53:37+00:00","dateModified":"2026-03-13T10:21:17+00:00","description":"D\u00e9couvrez l'usine de Ljungby : centre de fabrication et R&D mondial pour \u00e9quipements de blanchisserie professionnels depuis les ann\u00e9es 1970.","breadcrumb":{"@id":"https:\/\/www.electroluxprofessional.com\/fr\/usines-electrolux-professional\/usine-a-ljungby-suede\/#breadcrumb"},"inLanguage":"fr-FR","potentialAction":[{"@type":"ReadAction","target":["https:\/\/www.electroluxprofessional.com\/fr\/usines-electrolux-professional\/usine-a-ljungby-suede\/"]}]},{"@type":"BreadcrumbList","@id":"https:\/\/www.electroluxprofessional.com\/fr\/usines-electrolux-professional\/usine-a-ljungby-suede\/#breadcrumb","itemListElement":[{"@type":"ListItem","position":1,"name":"Home","item":"https:\/\/www.electroluxprofessional.com\/fr\/"},{"@type":"ListItem","position":2,"name":"Les sites de production du groupe Electrolux Professional en France","item":"https:\/\/www.electroluxprofessional.com\/fr\/usines-electrolux-professional\/"},{"@type":"ListItem","position":3,"name":"Usine \u00e0 Ljungby, Su\u00e8de"}]},{"@type":"WebSite","@id":"https:\/\/www.electroluxprofessional.com\/fr\/#website","url":"https:\/\/www.electroluxprofessional.com\/fr\/","name":"Electrolux Professional France","description":"","potentialAction":[{"@type":"SearchAction","target":{"@type":"EntryPoint","urlTemplate":"https:\/\/www.electroluxprofessional.com\/fr\/?src={search_term_string}"},"query-input":"required name=search_term_string"}],"inLanguage":"fr-FR"}]}},"_links":{"self":[{"href":"https:\/\/www.electroluxprofessional.com\/fr\/wp-json\/wp\/v2\/pages\/4881"}],"collection":[{"href":"https:\/\/www.electroluxprofessional.com\/fr\/wp-json\/wp\/v2\/pages"}],"about":[{"href":"https:\/\/www.electroluxprofessional.com\/fr\/wp-json\/wp\/v2\/types\/page"}],"author":[{"embeddable":true,"href":"https:\/\/www.electroluxprofessional.com\/fr\/wp-json\/wp\/v2\/users\/4"}],"replies":[{"embeddable":true,"href":"https:\/\/www.electroluxprofessional.com\/fr\/wp-json\/wp\/v2\/comments?post=4881"}],"version-history":[{"count":4,"href":"https:\/\/www.electroluxprofessional.com\/fr\/wp-json\/wp\/v2\/pages\/4881\/revisions"}],"predecessor-version":[{"id":30984,"href":"https:\/\/www.electroluxprofessional.com\/fr\/wp-json\/wp\/v2\/pages\/4881\/revisions\/30984"}],"up":[{"embeddable":true,"href":"https:\/\/www.electroluxprofessional.com\/fr\/wp-json\/wp\/v2\/pages\/4870"}],"wp:attachment":[{"href":"https:\/\/www.electroluxprofessional.com\/fr\/wp-json\/wp\/v2\/media?parent=4881"}],"curies":[{"name":"wp","href":"https:\/\/api.w.org\/{rel}","templated":true}]}}