{"id":4731,"date":"2026-01-02T11:35:30","date_gmt":"2026-01-02T11:35:30","guid":{"rendered":"https:\/\/www.electroluxprofessional.com\/fr\/?page_id=4731"},"modified":"2026-03-30T09:19:36","modified_gmt":"2026-03-30T09:19:36","slug":"cgv","status":"publish","type":"page","link":"https:\/\/www.electroluxprofessional.com\/fr\/cgv\/","title":{"rendered":"CGV"},"content":{"rendered":"<p>[vc_row][vc_column][elx_heading font_container=&#8221;h1&#8243; font_size=&#8221;h2&#8243; text_color=&#8221;inherit&#8221;]Conditions g\u00e9n\u00e9rales de vente 2026[\/elx_heading][vc_empty_space][elx_button button_text=&#8221;T\u00e9l\u00e9charger les CGV 2026&#8243; button_display_block=&#8221;display_block_on&#8221; button_alignment_mobile=&#8221;text-left-mobile&#8221; button_link=&#8221;url:https%3A%2F%2Facrobat.adobe.com%2Fid%2Furn%3Aaaid%3Asc%3AEU%3A2efe559e-0a69-42dd-bfaf-c0c39fad055c|target:_blank&#8221;][vc_empty_space][\/vc_column][\/vc_row]<\/p>\n","protected":false},"excerpt":{"rendered":"<p>[vc_row][vc_column][elx_heading font_container=&#8221;h1&#8243; font_size=&#8221;h2&#8243; text_color=&#8221;inherit&#8221;]Conditions g\u00e9n\u00e9rales de vente 2026[\/elx_heading][vc_empty_space][elx_button button_text=&#8221;T\u00e9l\u00e9charger les CGV 2026&#8243; button_display_block=&#8221;display_block_on&#8221; button_alignment_mobile=&#8221;text-left-mobile&#8221; button_link=&#8221;url:https%3A%2F%2Facrobat.adobe.com%2Fid%2Furn%3Aaaid%3Asc%3AEU%3A2efe559e-0a69-42dd-bfaf-c0c39fad055c|target:_blank&#8221;][vc_empty_space][\/vc_column][\/vc_row]<\/p>\n","protected":false},"author":4,"featured_media":0,"parent":0,"menu_order":0,"comment_status":"closed","ping_status":"closed","template":"","meta":{"footnotes":""},"class_list":["post-4731","page","type-page","status-publish","hentry"],"acf":[],"yoast_head":"<!-- This site is optimized with the Yoast SEO plugin v23.3 - https:\/\/yoast.com\/wordpress\/plugins\/seo\/ -->\n<title>Conditions G\u00e9n\u00e9rales de Vente | Electrolux Professional<\/title>\n<meta name=\"description\" content=\"Consultez les Conditions G\u00e9n\u00e9rales de Vente d&#039;Electrolux Pro. Modalit\u00e9s de vente, garantie produits et service apr\u00e8s-vente des \u00e9quipements pro.\" \/>\n<meta name=\"robots\" content=\"index, follow, max-snippet:-1, max-image-preview:large, max-video-preview:-1\" \/>\n<link rel=\"canonical\" href=\"https:\/\/www.electroluxprofessional.com\/fr\/cgv\/\" \/>\n<meta property=\"og:locale\" content=\"fr_FR\" \/>\n<meta property=\"og:type\" content=\"article\" \/>\n<meta property=\"og:title\" content=\"Conditions G\u00e9n\u00e9rales de Vente | Electrolux Professional\" \/>\n<meta property=\"og:description\" content=\"Consultez les Conditions G\u00e9n\u00e9rales de Vente d&#039;Electrolux Pro. Modalit\u00e9s de vente, garantie produits et service apr\u00e8s-vente des \u00e9quipements pro.\" \/>\n<meta property=\"og:url\" content=\"https:\/\/www.electroluxprofessional.com\/fr\/cgv\/\" \/>\n<meta property=\"og:site_name\" content=\"Electrolux Professional France\" \/>\n<meta property=\"article:modified_time\" content=\"2026-03-30T09:19:36+00:00\" \/>\n<meta name=\"twitter:card\" content=\"summary_large_image\" \/>\n<meta name=\"twitter:label1\" content=\"Dur\u00e9e de lecture estim\u00e9e\" \/>\n\t<meta name=\"twitter:data1\" content=\"1 minute\" \/>\n<script type=\"application\/ld+json\" class=\"yoast-schema-graph\">{\"@context\":\"https:\/\/schema.org\",\"@graph\":[{\"@type\":\"WebPage\",\"@id\":\"https:\/\/www.electroluxprofessional.com\/fr\/cgv\/\",\"url\":\"https:\/\/www.electroluxprofessional.com\/fr\/cgv\/\",\"name\":\"Conditions G\u00e9n\u00e9rales de Vente | Electrolux Professional\",\"isPartOf\":{\"@id\":\"https:\/\/www.electroluxprofessional.com\/fr\/#website\"},\"datePublished\":\"2026-01-02T11:35:30+00:00\",\"dateModified\":\"2026-03-30T09:19:36+00:00\",\"description\":\"Consultez les Conditions G\u00e9n\u00e9rales de Vente d'Electrolux Pro. Modalit\u00e9s de vente, garantie produits et service apr\u00e8s-vente des \u00e9quipements pro.\",\"breadcrumb\":{\"@id\":\"https:\/\/www.electroluxprofessional.com\/fr\/cgv\/#breadcrumb\"},\"inLanguage\":\"fr-FR\",\"potentialAction\":[{\"@type\":\"ReadAction\",\"target\":[\"https:\/\/www.electroluxprofessional.com\/fr\/cgv\/\"]}]},{\"@type\":\"BreadcrumbList\",\"@id\":\"https:\/\/www.electroluxprofessional.com\/fr\/cgv\/#breadcrumb\",\"itemListElement\":[{\"@type\":\"ListItem\",\"position\":1,\"name\":\"Home\",\"item\":\"https:\/\/www.electroluxprofessional.com\/fr\/\"},{\"@type\":\"ListItem\",\"position\":2,\"name\":\"CGV\"}]},{\"@type\":\"WebSite\",\"@id\":\"https:\/\/www.electroluxprofessional.com\/fr\/#website\",\"url\":\"https:\/\/www.electroluxprofessional.com\/fr\/\",\"name\":\"Electrolux Professional France\",\"description\":\"\",\"potentialAction\":[{\"@type\":\"SearchAction\",\"target\":{\"@type\":\"EntryPoint\",\"urlTemplate\":\"https:\/\/www.electroluxprofessional.com\/fr\/?src={search_term_string}\"},\"query-input\":\"required name=search_term_string\"}],\"inLanguage\":\"fr-FR\"}]}<\/script>\n<!-- \/ Yoast SEO plugin. -->","yoast_head_json":{"title":"Conditions G\u00e9n\u00e9rales de Vente | Electrolux Professional","description":"Consultez les Conditions G\u00e9n\u00e9rales de Vente d'Electrolux Pro. Modalit\u00e9s de vente, garantie produits et service apr\u00e8s-vente des \u00e9quipements pro.","robots":{"index":"index","follow":"follow","max-snippet":"max-snippet:-1","max-image-preview":"max-image-preview:large","max-video-preview":"max-video-preview:-1"},"canonical":"https:\/\/www.electroluxprofessional.com\/fr\/cgv\/","og_locale":"fr_FR","og_type":"article","og_title":"Conditions G\u00e9n\u00e9rales de Vente | Electrolux Professional","og_description":"Consultez les Conditions G\u00e9n\u00e9rales de Vente d'Electrolux Pro. Modalit\u00e9s de vente, garantie produits et service apr\u00e8s-vente des \u00e9quipements pro.","og_url":"https:\/\/www.electroluxprofessional.com\/fr\/cgv\/","og_site_name":"Electrolux Professional France","article_modified_time":"2026-03-30T09:19:36+00:00","twitter_card":"summary_large_image","twitter_misc":{"Dur\u00e9e de lecture estim\u00e9e":"1 minute"},"schema":{"@context":"https:\/\/schema.org","@graph":[{"@type":"WebPage","@id":"https:\/\/www.electroluxprofessional.com\/fr\/cgv\/","url":"https:\/\/www.electroluxprofessional.com\/fr\/cgv\/","name":"Conditions G\u00e9n\u00e9rales de Vente | Electrolux Professional","isPartOf":{"@id":"https:\/\/www.electroluxprofessional.com\/fr\/#website"},"datePublished":"2026-01-02T11:35:30+00:00","dateModified":"2026-03-30T09:19:36+00:00","description":"Consultez les Conditions G\u00e9n\u00e9rales de Vente d'Electrolux Pro. Modalit\u00e9s de vente, garantie produits et service apr\u00e8s-vente des \u00e9quipements pro.","breadcrumb":{"@id":"https:\/\/www.electroluxprofessional.com\/fr\/cgv\/#breadcrumb"},"inLanguage":"fr-FR","potentialAction":[{"@type":"ReadAction","target":["https:\/\/www.electroluxprofessional.com\/fr\/cgv\/"]}]},{"@type":"BreadcrumbList","@id":"https:\/\/www.electroluxprofessional.com\/fr\/cgv\/#breadcrumb","itemListElement":[{"@type":"ListItem","position":1,"name":"Home","item":"https:\/\/www.electroluxprofessional.com\/fr\/"},{"@type":"ListItem","position":2,"name":"CGV"}]},{"@type":"WebSite","@id":"https:\/\/www.electroluxprofessional.com\/fr\/#website","url":"https:\/\/www.electroluxprofessional.com\/fr\/","name":"Electrolux Professional France","description":"","potentialAction":[{"@type":"SearchAction","target":{"@type":"EntryPoint","urlTemplate":"https:\/\/www.electroluxprofessional.com\/fr\/?src={search_term_string}"},"query-input":"required name=search_term_string"}],"inLanguage":"fr-FR"}]}},"_links":{"self":[{"href":"https:\/\/www.electroluxprofessional.com\/fr\/wp-json\/wp\/v2\/pages\/4731"}],"collection":[{"href":"https:\/\/www.electroluxprofessional.com\/fr\/wp-json\/wp\/v2\/pages"}],"about":[{"href":"https:\/\/www.electroluxprofessional.com\/fr\/wp-json\/wp\/v2\/types\/page"}],"author":[{"embeddable":true,"href":"https:\/\/www.electroluxprofessional.com\/fr\/wp-json\/wp\/v2\/users\/4"}],"replies":[{"embeddable":true,"href":"https:\/\/www.electroluxprofessional.com\/fr\/wp-json\/wp\/v2\/comments?post=4731"}],"version-history":[{"count":14,"href":"https:\/\/www.electroluxprofessional.com\/fr\/wp-json\/wp\/v2\/pages\/4731\/revisions"}],"predecessor-version":[{"id":31653,"href":"https:\/\/www.electroluxprofessional.com\/fr\/wp-json\/wp\/v2\/pages\/4731\/revisions\/31653"}],"wp:attachment":[{"href":"https:\/\/www.electroluxprofessional.com\/fr\/wp-json\/wp\/v2\/media?parent=4731"}],"curies":[{"name":"wp","href":"https:\/\/api.w.org\/{rel}","templated":true}]}}