{"id":4725,"date":"2017-03-31T10:14:39","date_gmt":"2017-03-31T10:14:39","guid":{"rendered":"https:\/\/www.electroluxprofessional.com\/fr\/?page_id=4725"},"modified":"2021-03-29T13:29:37","modified_gmt":"2021-03-29T13:29:37","slug":"contrats-de-maintenance","status":"publish","type":"page","link":"https:\/\/www.electroluxprofessional.com\/fr\/service-et-support\/contrats-de-maintenance\/","title":{"rendered":"Contrats de maintenance"},"content":{"rendered":"<p>[vc_row][vc_column][elx_heading font_container=&#8221;h1&#8243; font_size=&#8221;h2&#8243; text_color=&#8221;inherit&#8221;]Solution sur-mesure[\/elx_heading][vc_row_inner][vc_column_inner width=&#8221;1\/2&#8243;][vc_column_text]<strong>Contrats de maintenance adapt\u00e9s \u00e0 vos besoins<\/strong><\/p>\n<p>Pour votre tranquillit\u00e9, Electrolux Professional propose trois niveaux de maintenance pour votre installation, allant jusqu\u2019\u00e0 une solution garantie totale.<\/p>\n<p>Quel que soit votre choix, Electrolux Professional s\u2019engage \u00e0 assurer un niveau optimum pour 2555 heures de fonctionnement chaque ann\u00e9e soit 7h\/365 jours.<\/p>\n<p><strong>Deux Bilans Techniques Op\u00e9rationnels<\/strong><\/p>\n<p>Electrolux Professional met en place le Bilan Technique Op\u00e9rationnel, outil de mesure, d\u2019\u00e9valuation et de contr\u00f4le technique. Le BTO consiste en une visite syst\u00e9matique et enti\u00e8rement gratuite permettant d\u2019assurer le suivi technique de la machine, de garantir son fonctionnement optimum et d\u2019assurer une maintenance pr\u00e9ventive.<\/p>\n<p><strong>Bilan : <\/strong>check up technique de tous les points sensibles de votre mat\u00e9riel.<strong><br \/>\nTechnique : <\/strong>Observation de l\u2019\u00e9tat des pi\u00e8ces \u00e0 changer.<strong><br \/>\nOp\u00e9rationnel : <\/strong>Un technicien sp\u00e9cialement form\u00e9 intervient pour le conseil, le service et l\u2019entretien.<\/p>\n<p><strong>Le carnet d&#8217;entretien<\/strong><\/p>\n<p>Attribu\u00e9 \u00e0 chaque machine, le carnet d\u2019entretien permet d\u2019assurer le suivi technique pr\u00e9cis : pr\u00e9cautions d\u2019emploi, limites d\u2019utilisation, caract\u00e9ristiques techniques essentielles, entretien quotidien\u2026<\/p>\n<p><strong>D\u00e9pannage sous 48 H<\/strong><\/p>\n<p>Electrolux Laundry Systems France s\u2019engage sur le d\u00e9lai d\u2019intervention.[\/vc_column_text][\/vc_column_inner][vc_column_inner width=&#8221;1\/2&#8243;][vc_column_text]<strong>Contrats de maintenance sur mesure assur\u00e9s par un technicien Electrolux Professional :<\/strong>[\/vc_column_text][vc_single_image image=&#8221;4726&#8243; img_size=&#8221;full&#8221;][vc_column_text]<strong>Garantissez chaque jour le bon fonctionnement de votre installation<\/strong><\/p>\n<p>Choisissez parmi les 3 offres de maintenance le contrat le mieux adapt\u00e9 \u00e0 vos besoins et \u00e0 vos possibilit\u00e9s. Ma\u00eetrisez le co\u00fbt de fonctionnement du mat\u00e9riel Garantissez le parfait \u00e9tat de marche du mat\u00e9riel B\u00e9n\u00e9ficiez des conseils techniques du r\u00e9seau de techniciens Electrolux Professional.[\/vc_column_text][\/vc_column_inner][\/vc_row_inner][\/vc_column][\/vc_row]<\/p>\n","protected":false},"excerpt":{"rendered":"<p>[vc_row][vc_column][elx_heading font_container=&#8221;h1&#8243; font_size=&#8221;h2&#8243; text_color=&#8221;inherit&#8221;]Solution sur-mesure[\/elx_heading][vc_row_inner][vc_column_inner width=&#8221;1\/2&#8243;][vc_column_text]Contrats de maintenance adapt\u00e9s \u00e0 vos besoins Pour votre tranquillit\u00e9, Electrolux Professional propose trois niveaux de maintenance pour votre installation, allant jusqu\u2019\u00e0 une solution garantie totale. Quel que soit votre choix, Electrolux Professional s\u2019engage \u00e0 assurer un niveau optimum pour 2555 heures de fonctionnement chaque ann\u00e9e soit 7h\/365 jours. Deux [&hellip;]<\/p>\n","protected":false},"author":4,"featured_media":0,"parent":2537,"menu_order":0,"comment_status":"closed","ping_status":"closed","template":"","meta":{"footnotes":""},"class_list":["post-4725","page","type-page","status-publish","hentry"],"acf":[],"yoast_head":"<!-- This site is optimized with the Yoast SEO plugin v23.3 - https:\/\/yoast.com\/wordpress\/plugins\/seo\/ -->\n<title>Contrats de maintenance | Electrolux Professional France<\/title>\n<meta name=\"robots\" content=\"index, follow, max-snippet:-1, max-image-preview:large, max-video-preview:-1\" \/>\n<link rel=\"canonical\" href=\"https:\/\/www.electroluxprofessional.com\/fr\/service-et-support\/pack-finance__trashed\/contrats-de-maintenance\/\" \/>\n<meta property=\"og:locale\" content=\"fr_FR\" \/>\n<meta property=\"og:type\" content=\"article\" \/>\n<meta property=\"og:title\" content=\"Contrats de maintenance | Electrolux Professional France\" \/>\n<meta property=\"og:description\" content=\"[vc_row][vc_column][elx_heading font_container=&#8221;h1&#8243; font_size=&#8221;h2&#8243; text_color=&#8221;inherit&#8221;]Solution sur-mesure[\/elx_heading][vc_row_inner][vc_column_inner width=&#8221;1\/2&#8243;][vc_column_text]Contrats de maintenance adapt\u00e9s \u00e0 vos besoins Pour votre tranquillit\u00e9, Electrolux Professional propose trois niveaux de maintenance pour votre installation, allant jusqu\u2019\u00e0 une solution garantie totale. Quel que soit votre choix, Electrolux Professional s\u2019engage \u00e0 assurer un niveau optimum pour 2555 heures de fonctionnement chaque ann\u00e9e soit 7h\/365 jours. Deux [&hellip;]\" \/>\n<meta property=\"og:url\" content=\"https:\/\/www.electroluxprofessional.com\/fr\/service-et-support\/pack-finance__trashed\/contrats-de-maintenance\/\" \/>\n<meta property=\"og:site_name\" content=\"Electrolux Professional France\" \/>\n<meta property=\"article:modified_time\" content=\"2021-03-29T13:29:37+00:00\" \/>\n<meta name=\"twitter:card\" content=\"summary_large_image\" \/>\n<meta name=\"twitter:label1\" content=\"Dur\u00e9e de lecture estim\u00e9e\" \/>\n\t<meta name=\"twitter:data1\" content=\"2 minutes\" \/>\n<script type=\"application\/ld+json\" class=\"yoast-schema-graph\">{\"@context\":\"https:\/\/schema.org\",\"@graph\":[{\"@type\":\"WebPage\",\"@id\":\"https:\/\/www.electroluxprofessional.com\/fr\/service-et-support\/pack-finance__trashed\/contrats-de-maintenance\/\",\"url\":\"https:\/\/www.electroluxprofessional.com\/fr\/service-et-support\/pack-finance__trashed\/contrats-de-maintenance\/\",\"name\":\"Contrats de maintenance | Electrolux Professional France\",\"isPartOf\":{\"@id\":\"https:\/\/www.electroluxprofessional.com\/fr\/#website\"},\"datePublished\":\"2017-03-31T10:14:39+00:00\",\"dateModified\":\"2021-03-29T13:29:37+00:00\",\"breadcrumb\":{\"@id\":\"https:\/\/www.electroluxprofessional.com\/fr\/service-et-support\/pack-finance__trashed\/contrats-de-maintenance\/#breadcrumb\"},\"inLanguage\":\"fr-FR\",\"potentialAction\":[{\"@type\":\"ReadAction\",\"target\":[\"https:\/\/www.electroluxprofessional.com\/fr\/service-et-support\/pack-finance__trashed\/contrats-de-maintenance\/\"]}]},{\"@type\":\"BreadcrumbList\",\"@id\":\"https:\/\/www.electroluxprofessional.com\/fr\/service-et-support\/pack-finance__trashed\/contrats-de-maintenance\/#breadcrumb\",\"itemListElement\":[{\"@type\":\"ListItem\",\"position\":1,\"name\":\"Home\",\"item\":\"https:\/\/www.electroluxprofessional.com\/fr\/\"},{\"@type\":\"ListItem\",\"position\":2,\"name\":\"Service &#038; support\",\"item\":\"https:\/\/www.electroluxprofessional.com\/fr\/service-et-support\/\"},{\"@type\":\"ListItem\",\"position\":3,\"name\":\"Contrats de maintenance\"}]},{\"@type\":\"WebSite\",\"@id\":\"https:\/\/www.electroluxprofessional.com\/fr\/#website\",\"url\":\"https:\/\/www.electroluxprofessional.com\/fr\/\",\"name\":\"Electrolux Professional France\",\"description\":\"\",\"potentialAction\":[{\"@type\":\"SearchAction\",\"target\":{\"@type\":\"EntryPoint\",\"urlTemplate\":\"https:\/\/www.electroluxprofessional.com\/fr\/?src={search_term_string}\"},\"query-input\":\"required name=search_term_string\"}],\"inLanguage\":\"fr-FR\"}]}<\/script>\n<!-- \/ Yoast SEO plugin. -->","yoast_head_json":{"title":"Contrats de maintenance | Electrolux Professional France","robots":{"index":"index","follow":"follow","max-snippet":"max-snippet:-1","max-image-preview":"max-image-preview:large","max-video-preview":"max-video-preview:-1"},"canonical":"https:\/\/www.electroluxprofessional.com\/fr\/service-et-support\/pack-finance__trashed\/contrats-de-maintenance\/","og_locale":"fr_FR","og_type":"article","og_title":"Contrats de maintenance | Electrolux Professional France","og_description":"[vc_row][vc_column][elx_heading font_container=&#8221;h1&#8243; font_size=&#8221;h2&#8243; text_color=&#8221;inherit&#8221;]Solution sur-mesure[\/elx_heading][vc_row_inner][vc_column_inner width=&#8221;1\/2&#8243;][vc_column_text]Contrats de maintenance adapt\u00e9s \u00e0 vos besoins Pour votre tranquillit\u00e9, Electrolux Professional propose trois niveaux de maintenance pour votre installation, allant jusqu\u2019\u00e0 une solution garantie totale. Quel que soit votre choix, Electrolux Professional s\u2019engage \u00e0 assurer un niveau optimum pour 2555 heures de fonctionnement chaque ann\u00e9e soit 7h\/365 jours. Deux [&hellip;]","og_url":"https:\/\/www.electroluxprofessional.com\/fr\/service-et-support\/pack-finance__trashed\/contrats-de-maintenance\/","og_site_name":"Electrolux Professional France","article_modified_time":"2021-03-29T13:29:37+00:00","twitter_card":"summary_large_image","twitter_misc":{"Dur\u00e9e de lecture estim\u00e9e":"2 minutes"},"schema":{"@context":"https:\/\/schema.org","@graph":[{"@type":"WebPage","@id":"https:\/\/www.electroluxprofessional.com\/fr\/service-et-support\/pack-finance__trashed\/contrats-de-maintenance\/","url":"https:\/\/www.electroluxprofessional.com\/fr\/service-et-support\/pack-finance__trashed\/contrats-de-maintenance\/","name":"Contrats de maintenance | Electrolux Professional France","isPartOf":{"@id":"https:\/\/www.electroluxprofessional.com\/fr\/#website"},"datePublished":"2017-03-31T10:14:39+00:00","dateModified":"2021-03-29T13:29:37+00:00","breadcrumb":{"@id":"https:\/\/www.electroluxprofessional.com\/fr\/service-et-support\/pack-finance__trashed\/contrats-de-maintenance\/#breadcrumb"},"inLanguage":"fr-FR","potentialAction":[{"@type":"ReadAction","target":["https:\/\/www.electroluxprofessional.com\/fr\/service-et-support\/pack-finance__trashed\/contrats-de-maintenance\/"]}]},{"@type":"BreadcrumbList","@id":"https:\/\/www.electroluxprofessional.com\/fr\/service-et-support\/pack-finance__trashed\/contrats-de-maintenance\/#breadcrumb","itemListElement":[{"@type":"ListItem","position":1,"name":"Home","item":"https:\/\/www.electroluxprofessional.com\/fr\/"},{"@type":"ListItem","position":2,"name":"Service &#038; support","item":"https:\/\/www.electroluxprofessional.com\/fr\/service-et-support\/"},{"@type":"ListItem","position":3,"name":"Contrats de maintenance"}]},{"@type":"WebSite","@id":"https:\/\/www.electroluxprofessional.com\/fr\/#website","url":"https:\/\/www.electroluxprofessional.com\/fr\/","name":"Electrolux Professional France","description":"","potentialAction":[{"@type":"SearchAction","target":{"@type":"EntryPoint","urlTemplate":"https:\/\/www.electroluxprofessional.com\/fr\/?src={search_term_string}"},"query-input":"required name=search_term_string"}],"inLanguage":"fr-FR"}]}},"_links":{"self":[{"href":"https:\/\/www.electroluxprofessional.com\/fr\/wp-json\/wp\/v2\/pages\/4725"}],"collection":[{"href":"https:\/\/www.electroluxprofessional.com\/fr\/wp-json\/wp\/v2\/pages"}],"about":[{"href":"https:\/\/www.electroluxprofessional.com\/fr\/wp-json\/wp\/v2\/types\/page"}],"author":[{"embeddable":true,"href":"https:\/\/www.electroluxprofessional.com\/fr\/wp-json\/wp\/v2\/users\/4"}],"replies":[{"embeddable":true,"href":"https:\/\/www.electroluxprofessional.com\/fr\/wp-json\/wp\/v2\/comments?post=4725"}],"version-history":[{"count":3,"href":"https:\/\/www.electroluxprofessional.com\/fr\/wp-json\/wp\/v2\/pages\/4725\/revisions"}],"predecessor-version":[{"id":14023,"href":"https:\/\/www.electroluxprofessional.com\/fr\/wp-json\/wp\/v2\/pages\/4725\/revisions\/14023"}],"up":[{"embeddable":true,"href":"https:\/\/www.electroluxprofessional.com\/fr\/wp-json\/wp\/v2\/pages\/2537"}],"wp:attachment":[{"href":"https:\/\/www.electroluxprofessional.com\/fr\/wp-json\/wp\/v2\/media?parent=4725"}],"curies":[{"name":"wp","href":"https:\/\/api.w.org\/{rel}","templated":true}]}}