{"id":4690,"date":"2017-03-31T09:47:12","date_gmt":"2017-03-31T09:47:12","guid":{"rendered":"https:\/\/www.electroluxprofessional.com\/fr\/?page_id=4690"},"modified":"2026-03-30T09:22:04","modified_gmt":"2026-03-30T09:22:04","slug":"mise-jour-logiciel","status":"publish","type":"page","link":"https:\/\/www.electroluxprofessional.com\/fr\/mise-jour-logiciel\/","title":{"rendered":"Mise \u00e0 jour logiciels blanchisserie"},"content":{"rendered":"<p>[vc_row][vc_column][elx_heading font_container=&#8221;h1&#8243; font_size=&#8221;h2&#8243; text_color=&#8221;inherit&#8221;]Mise \u00e0 jour logiciel[\/elx_heading][vc_row_inner][vc_column_inner width=&#8221;1\/2&#8243;][vc_column_text]<\/p>\n<p style=\"text-align: justify;\">Electrolux Laundry Systems dispose d&#8217;une large gamme de logiciels disponibles en t\u00e9l\u00e9chargement. Notez toutefois que vous devez \u00eatre connect\u00e9 avant de pouvoir t\u00e9l\u00e9charger les mises \u00e0 jour des diff\u00e9rents produits Electrolux.<\/p>\n<h3 style=\"text-align: justify;\">CMIS, Certus Management Information System<\/h3>\n<p style=\"text-align: justify;\">&#8221;Minimiser les co\u00fbts, optimiser le temps de service, bien faire le travail.&#8221;<br \/>\nCes trois objectifs sont les priorit\u00e9s de tous les professionnels de la blanchisserie. Et le nouvel outil logiciel CMIS convivial vous aide \u00e0 y parvenir. Pour minimiser les co\u00fbts, vous avez tout d&#8217;abord besoin de statistiques essentielles. Pour maximiser le temps de service, vous avez besoin d&#8217;anticiper les probl\u00e8mes et de planifier les entretiens. Et pour bien faire les choses, vous devez prouver que vous pouvez satisfaire les exigences des clients.<\/p>\n<h3 style=\"text-align: justify;\">WPM, Wash Program Manager<\/h3>\n<p style=\"text-align: justify;\">Wash Program Manager \u2013 WPM \u2013 est l&#8217;outil id\u00e9al pour ceux qui pr\u00e9f\u00e8rent cr\u00e9er leurs propres programmes de lavage sur l&#8217;\u00e9cran de leur ordinateur plut\u00f4t que sur le clavier num\u00e9rique de leur laveuse essoreuse.<br \/>\nLe kit\u00a0comprend le logiciel WPM sur CD-ROM, le lecteur SMC (SmartMemoryCards) de cartes \u00e0 puce \u00e0 connecter \u00e0 votre ordinateur et 5 cartes \u00e0 puce.<\/p>\n<h3 style=\"text-align: justify;\">CST \u2013 ELS Common Service Tool<\/h3>\n<p style=\"text-align: justify;\">Version\u00a02.2<\/p>\n<p style=\"text-align: justify;\">ELS Common Service tool est une plateforme modulaire regroupant les outils de maintenance ELS.<\/p>\n<p style=\"text-align: justify;\">ELS Common Service Tool est un kit compos\u00e9 du logiciel pour PC\u00a0 et des documentations disponibles sur CD-rom, d&#8217;un manuel en anglais et des differents cable de connexion entre la machine et votre PC.<\/p>\n<p style=\"text-align: justify;\">Cette version prend en charge le chargement des mises a jour machine et les programmes de maintenance pour<br \/>\nClarus Control, Compass Control, Compass Pro, Voice Guidance board and Selecta II \/ Selecta Control .<\/p>\n<p style=\"text-align: justify;\">Le logiciel est compatible avec Windows Win XP (x86), Windows Vista (x86\/x64), Windows 7 (x86\/x64).<br \/>\nLire attentivement la configuration minimum requise pour le PC.<\/p>\n<p>[\/vc_column_text][\/vc_column_inner][vc_column_inner width=&#8221;1\/2&#8243;][vc_column_text]<\/p>\n<h3 style=\"text-align: justify;\">LPM &#8211; Laundry Program Management<\/h3>\n<p style=\"text-align: justify;\">Nouveau ! Version 6.3.3 remplace la version pr\u00e9c\u00e9dente du LPM<\/p>\n<p style=\"text-align: justify;\">ELS Laundry Program Manager est un outil informatique intuitif et facile a utiliser pour cr\u00e9er ou personnaliser les programmes de laveuses ou s\u00e9choirs sur votre PC.<br \/>\nIl est compatible avec les laveuses utilisant Clarus, Compass control, et \u00e9galement laveuses et s\u00e9choirs utilisant Compass pro.<br \/>\nELS Laundry Program Manager remplace ELS Wash Program Manager<\/p>\n<p><strong>Installation de la version 6.3.3 (F\u00e9vrier 2017)<br \/>\n<\/strong>Droits administrateur n\u00e9cessaires.<br \/>\nId\u00e9alement, lancer l\u2019installation en mode administrateur depuis un compte utilisateur.<\/p>\n<p style=\"text-align: justify;\"><a href=\"https:\/\/www.electroluxprofessional.com\/fr\/enregistrement-produit\/\" target=\"_blank\" rel=\"noopener noreferrer\"><strong>&gt; Cliquez ici pour acc\u00e9der aux t\u00e9l\u00e9chargement des logiciels<\/strong><\/a><\/p>\n<p>[\/vc_column_text][\/vc_column_inner][\/vc_row_inner][\/vc_column][\/vc_row]<\/p>\n","protected":false},"excerpt":{"rendered":"<p>[vc_row][vc_column][elx_heading font_container=&#8221;h1&#8243; font_size=&#8221;h2&#8243; text_color=&#8221;inherit&#8221;]Mise \u00e0 jour logiciel[\/elx_heading][vc_row_inner][vc_column_inner width=&#8221;1\/2&#8243;][vc_column_text] Electrolux Laundry Systems dispose d&#8217;une large gamme de logiciels disponibles en t\u00e9l\u00e9chargement. Notez toutefois que vous devez \u00eatre connect\u00e9 avant de pouvoir t\u00e9l\u00e9charger les mises \u00e0 jour des diff\u00e9rents produits Electrolux. CMIS, Certus Management Information System &#8221;Minimiser les co\u00fbts, optimiser le temps de service, bien faire le [&hellip;]<\/p>\n","protected":false},"author":4,"featured_media":0,"parent":0,"menu_order":0,"comment_status":"closed","ping_status":"closed","template":"","meta":{"footnotes":""},"class_list":["post-4690","page","type-page","status-publish","hentry"],"acf":[],"yoast_head":"<!-- This site is optimized with the Yoast SEO plugin v23.3 - https:\/\/yoast.com\/wordpress\/plugins\/seo\/ -->\n<title>Mise \u00e0 jour logiciels blanchisserie | Electrolux Professional<\/title>\n<meta name=\"description\" content=\"Mettez \u00e0 jour le logiciel de vos \u00e9quipements Electrolux Professional. Assurez performance maximale, s\u00e9curit\u00e9 et nouvelles fonctionnalit\u00e9s. Guide rapide disponible.\" \/>\n<meta name=\"robots\" content=\"index, follow, max-snippet:-1, max-image-preview:large, max-video-preview:-1\" \/>\n<link rel=\"canonical\" href=\"https:\/\/www.electroluxprofessional.com\/fr\/mise-jour-logiciel\/\" \/>\n<meta property=\"og:locale\" content=\"fr_FR\" \/>\n<meta property=\"og:type\" content=\"article\" \/>\n<meta property=\"og:title\" content=\"Mise \u00e0 jour logiciels blanchisserie | Electrolux Professional\" \/>\n<meta property=\"og:description\" content=\"Mettez \u00e0 jour le logiciel de vos \u00e9quipements Electrolux Professional. Assurez performance maximale, s\u00e9curit\u00e9 et nouvelles fonctionnalit\u00e9s. Guide rapide disponible.\" \/>\n<meta property=\"og:url\" content=\"https:\/\/www.electroluxprofessional.com\/fr\/mise-jour-logiciel\/\" \/>\n<meta property=\"og:site_name\" content=\"Electrolux Professional France\" \/>\n<meta property=\"article:modified_time\" content=\"2026-03-30T09:22:04+00:00\" \/>\n<meta name=\"twitter:card\" content=\"summary_large_image\" \/>\n<meta name=\"twitter:label1\" content=\"Dur\u00e9e de lecture estim\u00e9e\" \/>\n\t<meta name=\"twitter:data1\" content=\"3 minutes\" \/>\n<script type=\"application\/ld+json\" class=\"yoast-schema-graph\">{\"@context\":\"https:\/\/schema.org\",\"@graph\":[{\"@type\":\"WebPage\",\"@id\":\"https:\/\/www.electroluxprofessional.com\/fr\/mise-jour-logiciel\/\",\"url\":\"https:\/\/www.electroluxprofessional.com\/fr\/mise-jour-logiciel\/\",\"name\":\"Mise \u00e0 jour logiciels blanchisserie | Electrolux Professional\",\"isPartOf\":{\"@id\":\"https:\/\/www.electroluxprofessional.com\/fr\/#website\"},\"datePublished\":\"2017-03-31T09:47:12+00:00\",\"dateModified\":\"2026-03-30T09:22:04+00:00\",\"description\":\"Mettez \u00e0 jour le logiciel de vos \u00e9quipements Electrolux Professional. Assurez performance maximale, s\u00e9curit\u00e9 et nouvelles fonctionnalit\u00e9s. Guide rapide disponible.\",\"breadcrumb\":{\"@id\":\"https:\/\/www.electroluxprofessional.com\/fr\/mise-jour-logiciel\/#breadcrumb\"},\"inLanguage\":\"fr-FR\",\"potentialAction\":[{\"@type\":\"ReadAction\",\"target\":[\"https:\/\/www.electroluxprofessional.com\/fr\/mise-jour-logiciel\/\"]}]},{\"@type\":\"BreadcrumbList\",\"@id\":\"https:\/\/www.electroluxprofessional.com\/fr\/mise-jour-logiciel\/#breadcrumb\",\"itemListElement\":[{\"@type\":\"ListItem\",\"position\":1,\"name\":\"Home\",\"item\":\"https:\/\/www.electroluxprofessional.com\/fr\/\"},{\"@type\":\"ListItem\",\"position\":2,\"name\":\"Mise \u00e0 jour logiciels blanchisserie\"}]},{\"@type\":\"WebSite\",\"@id\":\"https:\/\/www.electroluxprofessional.com\/fr\/#website\",\"url\":\"https:\/\/www.electroluxprofessional.com\/fr\/\",\"name\":\"Electrolux Professional France\",\"description\":\"\",\"potentialAction\":[{\"@type\":\"SearchAction\",\"target\":{\"@type\":\"EntryPoint\",\"urlTemplate\":\"https:\/\/www.electroluxprofessional.com\/fr\/?src={search_term_string}\"},\"query-input\":\"required name=search_term_string\"}],\"inLanguage\":\"fr-FR\"}]}<\/script>\n<!-- \/ Yoast SEO plugin. -->","yoast_head_json":{"title":"Mise \u00e0 jour logiciels blanchisserie | Electrolux Professional","description":"Mettez \u00e0 jour le logiciel de vos \u00e9quipements Electrolux Professional. Assurez performance maximale, s\u00e9curit\u00e9 et nouvelles fonctionnalit\u00e9s. Guide rapide disponible.","robots":{"index":"index","follow":"follow","max-snippet":"max-snippet:-1","max-image-preview":"max-image-preview:large","max-video-preview":"max-video-preview:-1"},"canonical":"https:\/\/www.electroluxprofessional.com\/fr\/mise-jour-logiciel\/","og_locale":"fr_FR","og_type":"article","og_title":"Mise \u00e0 jour logiciels blanchisserie | Electrolux Professional","og_description":"Mettez \u00e0 jour le logiciel de vos \u00e9quipements Electrolux Professional. Assurez performance maximale, s\u00e9curit\u00e9 et nouvelles fonctionnalit\u00e9s. Guide rapide disponible.","og_url":"https:\/\/www.electroluxprofessional.com\/fr\/mise-jour-logiciel\/","og_site_name":"Electrolux Professional France","article_modified_time":"2026-03-30T09:22:04+00:00","twitter_card":"summary_large_image","twitter_misc":{"Dur\u00e9e de lecture estim\u00e9e":"3 minutes"},"schema":{"@context":"https:\/\/schema.org","@graph":[{"@type":"WebPage","@id":"https:\/\/www.electroluxprofessional.com\/fr\/mise-jour-logiciel\/","url":"https:\/\/www.electroluxprofessional.com\/fr\/mise-jour-logiciel\/","name":"Mise \u00e0 jour logiciels blanchisserie | Electrolux Professional","isPartOf":{"@id":"https:\/\/www.electroluxprofessional.com\/fr\/#website"},"datePublished":"2017-03-31T09:47:12+00:00","dateModified":"2026-03-30T09:22:04+00:00","description":"Mettez \u00e0 jour le logiciel de vos \u00e9quipements Electrolux Professional. Assurez performance maximale, s\u00e9curit\u00e9 et nouvelles fonctionnalit\u00e9s. Guide rapide disponible.","breadcrumb":{"@id":"https:\/\/www.electroluxprofessional.com\/fr\/mise-jour-logiciel\/#breadcrumb"},"inLanguage":"fr-FR","potentialAction":[{"@type":"ReadAction","target":["https:\/\/www.electroluxprofessional.com\/fr\/mise-jour-logiciel\/"]}]},{"@type":"BreadcrumbList","@id":"https:\/\/www.electroluxprofessional.com\/fr\/mise-jour-logiciel\/#breadcrumb","itemListElement":[{"@type":"ListItem","position":1,"name":"Home","item":"https:\/\/www.electroluxprofessional.com\/fr\/"},{"@type":"ListItem","position":2,"name":"Mise \u00e0 jour logiciels blanchisserie"}]},{"@type":"WebSite","@id":"https:\/\/www.electroluxprofessional.com\/fr\/#website","url":"https:\/\/www.electroluxprofessional.com\/fr\/","name":"Electrolux Professional France","description":"","potentialAction":[{"@type":"SearchAction","target":{"@type":"EntryPoint","urlTemplate":"https:\/\/www.electroluxprofessional.com\/fr\/?src={search_term_string}"},"query-input":"required name=search_term_string"}],"inLanguage":"fr-FR"}]}},"_links":{"self":[{"href":"https:\/\/www.electroluxprofessional.com\/fr\/wp-json\/wp\/v2\/pages\/4690"}],"collection":[{"href":"https:\/\/www.electroluxprofessional.com\/fr\/wp-json\/wp\/v2\/pages"}],"about":[{"href":"https:\/\/www.electroluxprofessional.com\/fr\/wp-json\/wp\/v2\/types\/page"}],"author":[{"embeddable":true,"href":"https:\/\/www.electroluxprofessional.com\/fr\/wp-json\/wp\/v2\/users\/4"}],"replies":[{"embeddable":true,"href":"https:\/\/www.electroluxprofessional.com\/fr\/wp-json\/wp\/v2\/comments?post=4690"}],"version-history":[{"count":5,"href":"https:\/\/www.electroluxprofessional.com\/fr\/wp-json\/wp\/v2\/pages\/4690\/revisions"}],"predecessor-version":[{"id":31659,"href":"https:\/\/www.electroluxprofessional.com\/fr\/wp-json\/wp\/v2\/pages\/4690\/revisions\/31659"}],"wp:attachment":[{"href":"https:\/\/www.electroluxprofessional.com\/fr\/wp-json\/wp\/v2\/media?parent=4690"}],"curies":[{"name":"wp","href":"https:\/\/api.w.org\/{rel}","templated":true}]}}