{"id":4623,"date":"2016-09-06T12:05:04","date_gmt":"2016-09-06T12:05:04","guid":{"rendered":"https:\/\/www.electroluxprofessional.com\/fr\/efficient-dosing-system\/"},"modified":"2023-12-07T12:02:49","modified_gmt":"2023-12-07T12:02:49","slug":"dosing-system","status":"publish","type":"page","link":"https:\/\/www.electroluxprofessional.com\/fr\/dosing-system\/","title":{"rendered":"Efficient Dosing System"},"content":{"rendered":"<p>[vc_row][vc_column width=&#8221;1\/2&#8243;][elx_heading font_container=&#8221;h1&#8243; text_color=&#8221;inherit&#8221;]Efficient Dosing System[\/elx_heading][vc_empty_space height=&#8221;70px&#8221;][vc_column_text]<\/p>\n<p style=\"text-align: justify;\">Avec le Efficient Dosing System, votre solution de lavage sera plus rentable que jamais.<\/p>\n<p style=\"text-align: justify;\">Vous avez le contr\u00f4le total sur le processus de lavage : dites au revoir aux\u00a0linges endommag\u00e9s qui provoquent\u00a0des irritations cutan\u00e9es \u00e0 cause d&#8217;un\u00a0surdosage de produits lessiviels.<\/p>\n<p>[\/vc_column_text][vc_empty_space height=&#8221;70px&#8221;][elx_button button_text=&#8221;En savoir plus&#8221; button_link=&#8221;url:https%3A%2F%2Fwww.electroluxprofessional.com%2Ffr%2Fpress-kits%2Fefficient-dosing-system%2F&#8221;][\/vc_column][vc_column width=&#8221;1\/2&#8243;][vc_single_image image=&#8221;23812&#8243; img_size=&#8221;full&#8221;][\/vc_column][\/vc_row][vc_row][vc_column][elx_heading font_size=&#8221;h3&#8243; text_color=&#8221;inherit&#8221;]Efficient Dosing System vous garantit les meilleurs r\u00e9sultats de lavage aux co\u00fbts les plus bas.[\/elx_heading][vc_empty_space][vc_row_inner][vc_column_inner width=&#8221;1\/2&#8243;][vc_empty_space height=&#8221;20px&#8221;][vc_column_text]<strong>Conna\u00eetre le poids exact est crucial<\/strong><br \/>\nLe syst\u00e8me automatique d&#8217;\u00e9conomie d\u00e9termine le poids du linge au d\u00e9but de chaque cycle et ajoute la bonne quantit\u00e9 d&#8217;eau.<\/p>\n<p><strong>Un syst\u00e8me de dosage efficace<\/strong><br \/>\nLa quantit\u00e9 pr\u00e9cise de produits lessiviels n\u00e9cessaire est \u00e9galement calcul\u00e9e selon le programme de lavage s\u00e9lectionn\u00e9 et le poids du linge.<\/p>\n<p><strong>Statistiques et contr\u00f4le des co\u00fbts<\/strong><br \/>\nLe syst\u00e8me vous donne \u00e9galement acc\u00e8s \u00e0 des statistiques qui vous permettront de contr\u00f4ler vos co\u00fbts.[\/vc_column_text][\/vc_column_inner][vc_column_inner width=&#8221;1\/2&#8243;][vc_single_image image=&#8221;4631&#8243; img_size=&#8221;full&#8221;][\/vc_column_inner][\/vc_row_inner][vc_empty_space][elx_heading text_color=&#8221;inherit&#8221;]Vous souhaitez d&#8217;autres informations ? Contactez-nous ![\/elx_heading][elx_o2000_contact_us s=&#8221;Demande d&#8217;information : Dosign System&#8221; country=&#8221;France&#8221; b=&#8221;laundry&#8221; r=&#8221;Bonjour, je souhaite avoir plus d&#8217;informations concernant le Dosing System d&#8217;Electrolux.&#8221; e=&#8221;alexandra.feugey@electrolux.com&#8221; l=&#8221;fr&#8221;][vc_empty_space][\/vc_column][\/vc_row]<\/p>\n","protected":false},"excerpt":{"rendered":"<p>[vc_row][vc_column width=&#8221;1\/2&#8243;][elx_heading font_container=&#8221;h1&#8243; text_color=&#8221;inherit&#8221;]Efficient Dosing System[\/elx_heading][vc_empty_space height=&#8221;70px&#8221;][vc_column_text] Avec le Efficient Dosing System, votre solution de lavage sera plus rentable que jamais. Vous avez le contr\u00f4le total sur le processus de lavage : dites au revoir aux\u00a0linges endommag\u00e9s qui provoquent\u00a0des irritations cutan\u00e9es \u00e0 cause d&#8217;un\u00a0surdosage de produits lessiviels. [\/vc_column_text][vc_empty_space height=&#8221;70px&#8221;][elx_button button_text=&#8221;En savoir plus&#8221; button_link=&#8221;url:https%3A%2F%2Fwww.electroluxprofessional.com%2Ffr%2Fpress-kits%2Fefficient-dosing-system%2F&#8221;][\/vc_column][vc_column width=&#8221;1\/2&#8243;][vc_single_image image=&#8221;23812&#8243; [&hellip;]<\/p>\n","protected":false},"author":1,"featured_media":0,"parent":0,"menu_order":0,"comment_status":"closed","ping_status":"closed","template":"","meta":{"footnotes":""},"class_list":["post-4623","page","type-page","status-publish","hentry"],"acf":[],"yoast_head":"<!-- This site is optimized with the Yoast SEO plugin v23.3 - https:\/\/yoast.com\/wordpress\/plugins\/seo\/ -->\n<title>Le Dosing System | Electrolux Professional<\/title>\n<meta name=\"description\" content=\"Avec le Dosing System Electrolux Professional, votre solution de lavage sera plus rentable que jamais ! Vous avez le contr\u00f4le total sur le processus de lavage : dites au revoir aux\u00a0linges endommag\u00e9s qui provoquent\u00a0des irritions cutan\u00e9es \u00e0 cause\u00a0un\u00a0surdosage de produits lessiviels.\" \/>\n<meta name=\"robots\" content=\"index, follow, max-snippet:-1, max-image-preview:large, max-video-preview:-1\" \/>\n<link rel=\"canonical\" href=\"https:\/\/www.electroluxprofessional.com\/fr\/dosing-system\/\" \/>\n<meta property=\"og:locale\" content=\"fr_FR\" \/>\n<meta property=\"og:type\" content=\"article\" \/>\n<meta property=\"og:title\" content=\"Le Dosing System | Electrolux Professional\" \/>\n<meta property=\"og:description\" content=\"Avec le Dosing System Electrolux Professional, votre solution de lavage sera plus rentable que jamais ! Vous avez le contr\u00f4le total sur le processus de lavage : dites au revoir aux\u00a0linges endommag\u00e9s qui provoquent\u00a0des irritions cutan\u00e9es \u00e0 cause\u00a0un\u00a0surdosage de produits lessiviels.\" \/>\n<meta property=\"og:url\" content=\"https:\/\/www.electroluxprofessional.com\/fr\/dosing-system\/\" \/>\n<meta property=\"og:site_name\" content=\"Electrolux Professional France\" \/>\n<meta property=\"article:modified_time\" content=\"2023-12-07T12:02:49+00:00\" \/>\n<meta name=\"twitter:card\" content=\"summary_large_image\" \/>\n<meta name=\"twitter:label1\" content=\"Dur\u00e9e de lecture estim\u00e9e\" \/>\n\t<meta name=\"twitter:data1\" content=\"1 minute\" \/>\n<script type=\"application\/ld+json\" class=\"yoast-schema-graph\">{\"@context\":\"https:\/\/schema.org\",\"@graph\":[{\"@type\":\"WebPage\",\"@id\":\"https:\/\/www.electroluxprofessional.com\/fr\/dosing-system\/\",\"url\":\"https:\/\/www.electroluxprofessional.com\/fr\/dosing-system\/\",\"name\":\"Le Dosing System | Electrolux Professional\",\"isPartOf\":{\"@id\":\"https:\/\/www.electroluxprofessional.com\/fr\/#website\"},\"datePublished\":\"2016-09-06T12:05:04+00:00\",\"dateModified\":\"2023-12-07T12:02:49+00:00\",\"description\":\"Avec le Dosing System Electrolux Professional, votre solution de lavage sera plus rentable que jamais ! Vous avez le contr\u00f4le total sur le processus de lavage : dites au revoir aux\u00a0linges endommag\u00e9s qui provoquent\u00a0des irritions cutan\u00e9es \u00e0 cause\u00a0un\u00a0surdosage de produits lessiviels.\",\"breadcrumb\":{\"@id\":\"https:\/\/www.electroluxprofessional.com\/fr\/dosing-system\/#breadcrumb\"},\"inLanguage\":\"fr-FR\",\"potentialAction\":[{\"@type\":\"ReadAction\",\"target\":[\"https:\/\/www.electroluxprofessional.com\/fr\/dosing-system\/\"]}]},{\"@type\":\"BreadcrumbList\",\"@id\":\"https:\/\/www.electroluxprofessional.com\/fr\/dosing-system\/#breadcrumb\",\"itemListElement\":[{\"@type\":\"ListItem\",\"position\":1,\"name\":\"Home\",\"item\":\"https:\/\/www.electroluxprofessional.com\/fr\/\"},{\"@type\":\"ListItem\",\"position\":2,\"name\":\"Efficient Dosing System\"}]},{\"@type\":\"WebSite\",\"@id\":\"https:\/\/www.electroluxprofessional.com\/fr\/#website\",\"url\":\"https:\/\/www.electroluxprofessional.com\/fr\/\",\"name\":\"Electrolux Professional France\",\"description\":\"\",\"potentialAction\":[{\"@type\":\"SearchAction\",\"target\":{\"@type\":\"EntryPoint\",\"urlTemplate\":\"https:\/\/www.electroluxprofessional.com\/fr\/?src={search_term_string}\"},\"query-input\":\"required name=search_term_string\"}],\"inLanguage\":\"fr-FR\"}]}<\/script>\n<!-- \/ Yoast SEO plugin. -->","yoast_head_json":{"title":"Le Dosing System | Electrolux Professional","description":"Avec le Dosing System Electrolux Professional, votre solution de lavage sera plus rentable que jamais ! Vous avez le contr\u00f4le total sur le processus de lavage : dites au revoir aux\u00a0linges endommag\u00e9s qui provoquent\u00a0des irritions cutan\u00e9es \u00e0 cause\u00a0un\u00a0surdosage de produits lessiviels.","robots":{"index":"index","follow":"follow","max-snippet":"max-snippet:-1","max-image-preview":"max-image-preview:large","max-video-preview":"max-video-preview:-1"},"canonical":"https:\/\/www.electroluxprofessional.com\/fr\/dosing-system\/","og_locale":"fr_FR","og_type":"article","og_title":"Le Dosing System | Electrolux Professional","og_description":"Avec le Dosing System Electrolux Professional, votre solution de lavage sera plus rentable que jamais ! Vous avez le contr\u00f4le total sur le processus de lavage : dites au revoir aux\u00a0linges endommag\u00e9s qui provoquent\u00a0des irritions cutan\u00e9es \u00e0 cause\u00a0un\u00a0surdosage de produits lessiviels.","og_url":"https:\/\/www.electroluxprofessional.com\/fr\/dosing-system\/","og_site_name":"Electrolux Professional France","article_modified_time":"2023-12-07T12:02:49+00:00","twitter_card":"summary_large_image","twitter_misc":{"Dur\u00e9e de lecture estim\u00e9e":"1 minute"},"schema":{"@context":"https:\/\/schema.org","@graph":[{"@type":"WebPage","@id":"https:\/\/www.electroluxprofessional.com\/fr\/dosing-system\/","url":"https:\/\/www.electroluxprofessional.com\/fr\/dosing-system\/","name":"Le Dosing System | Electrolux Professional","isPartOf":{"@id":"https:\/\/www.electroluxprofessional.com\/fr\/#website"},"datePublished":"2016-09-06T12:05:04+00:00","dateModified":"2023-12-07T12:02:49+00:00","description":"Avec le Dosing System Electrolux Professional, votre solution de lavage sera plus rentable que jamais ! Vous avez le contr\u00f4le total sur le processus de lavage : dites au revoir aux\u00a0linges endommag\u00e9s qui provoquent\u00a0des irritions cutan\u00e9es \u00e0 cause\u00a0un\u00a0surdosage de produits lessiviels.","breadcrumb":{"@id":"https:\/\/www.electroluxprofessional.com\/fr\/dosing-system\/#breadcrumb"},"inLanguage":"fr-FR","potentialAction":[{"@type":"ReadAction","target":["https:\/\/www.electroluxprofessional.com\/fr\/dosing-system\/"]}]},{"@type":"BreadcrumbList","@id":"https:\/\/www.electroluxprofessional.com\/fr\/dosing-system\/#breadcrumb","itemListElement":[{"@type":"ListItem","position":1,"name":"Home","item":"https:\/\/www.electroluxprofessional.com\/fr\/"},{"@type":"ListItem","position":2,"name":"Efficient Dosing System"}]},{"@type":"WebSite","@id":"https:\/\/www.electroluxprofessional.com\/fr\/#website","url":"https:\/\/www.electroluxprofessional.com\/fr\/","name":"Electrolux Professional France","description":"","potentialAction":[{"@type":"SearchAction","target":{"@type":"EntryPoint","urlTemplate":"https:\/\/www.electroluxprofessional.com\/fr\/?src={search_term_string}"},"query-input":"required name=search_term_string"}],"inLanguage":"fr-FR"}]}},"_links":{"self":[{"href":"https:\/\/www.electroluxprofessional.com\/fr\/wp-json\/wp\/v2\/pages\/4623"}],"collection":[{"href":"https:\/\/www.electroluxprofessional.com\/fr\/wp-json\/wp\/v2\/pages"}],"about":[{"href":"https:\/\/www.electroluxprofessional.com\/fr\/wp-json\/wp\/v2\/types\/page"}],"author":[{"embeddable":true,"href":"https:\/\/www.electroluxprofessional.com\/fr\/wp-json\/wp\/v2\/users\/1"}],"replies":[{"embeddable":true,"href":"https:\/\/www.electroluxprofessional.com\/fr\/wp-json\/wp\/v2\/comments?post=4623"}],"version-history":[{"count":18,"href":"https:\/\/www.electroluxprofessional.com\/fr\/wp-json\/wp\/v2\/pages\/4623\/revisions"}],"predecessor-version":[{"id":25005,"href":"https:\/\/www.electroluxprofessional.com\/fr\/wp-json\/wp\/v2\/pages\/4623\/revisions\/25005"}],"wp:attachment":[{"href":"https:\/\/www.electroluxprofessional.com\/fr\/wp-json\/wp\/v2\/media?parent=4623"}],"curies":[{"name":"wp","href":"https:\/\/api.w.org\/{rel}","templated":true}]}}