{"id":4572,"date":"2017-03-30T14:52:01","date_gmt":"2017-03-30T14:52:01","guid":{"rendered":"https:\/\/www.electroluxprofessional.com\/fr\/?page_id=4572"},"modified":"2026-03-18T14:50:12","modified_gmt":"2026-03-18T14:50:12","slug":"communiquer-par-sms-avec-votre-laverie","status":"publish","type":"page","link":"https:\/\/www.electroluxprofessional.com\/fr\/solutions\/communiquer-par-sms-avec-votre-laverie\/","title":{"rendered":"Communiquer par sms avec votre laverie"},"content":{"rendered":"<p>[vc_row][vc_column][elx_heading text_color=&#8221;inherit&#8221;]Communiquez par sms avec votre laverie[\/elx_heading][vc_column_text]<\/p>\n<p style=\"text-align: justify;\">Gr\u00e2ce au SMS, la laverie est enfin accessible et pratique pour toutes les personnes actives et tr\u00e8s occup\u00e9es.<span style=\"color: #ff0000; font-family: Arial;\">\u00a0<\/span>Les laveries entrent dans une nouvelle \u00e8re gr\u00e2ce \u00e0 la fonction messagerie du t\u00e9l\u00e9phone mobile. Electrolux Professional est fier d\u2019\u00eatre le premier \u00e0 vous offrir cette fonctionnalit\u00e9 appliqu\u00e9e \u00e0 nos laveuses essoreuses \u00e9quip\u00e9es de Compass Pro<\/p>\n<p style=\"text-align: justify;\"><strong>Am\u00e9liorer le concept de laverie conviviale<br \/>\n<\/strong>Le progr\u00e8s technologique permet d\u2019am\u00e9liorer en permanence les offres de services. Gr\u00e2ce \u00e0 Electrolux Professional, le monde de la laverie ne fait pas exception. La fonction sms des t\u00e9l\u00e9phones mobiles est bien plus qu&#8217;une fa\u00e7on amusante de socialiser. C\u2019est devenu un outil indispensable du monde du travail. Associ\u00e9 \u00e0 Compass Pro, cette fonctionnalit\u00e9 vient enrichir la gamme d\u2019\u00e9quipements ultra-performants Electrolux Professional afin d\u2019offrir un avantage unique.<\/p>\n<p style=\"text-align: justify;\"><strong>Un plus pour l\u2019image de votre laverie<br \/>\n<\/strong>La fonction de messagerie rend votre laverie diff\u00e9rente et exclusive et la positionne radicalement au dessus du niveau standard en termes d\u2019image et de services.<\/p>\n<p style=\"text-align: justify;\"><strong>La gestion de votre entreprise facilit\u00e9e<br \/>\n<\/strong>Le TMIS\u2122 simplifie la gestion de votre entreprise. Il permet d\u2019optimiser votre outil de production en r\u00e9duisant les temps d\u2019arr\u00eats de machines entre les clients. Ainsi vous acc\u00e9l\u00e9rez le retour sur investissement.<\/p>\n<p style=\"text-align: justify;\"><strong>Le travail de maintenance optimis\u00e9<br \/>\n<\/strong>Vous planifiez plus facilement vos op\u00e9rations de maintenance pr\u00e9ventive et vous limitez les pannes et les arr\u00eats de production, gr\u00e2ce \u00e0 un acc\u00e8s direct aux informations et statistiques de fonctionnement et de maintenance des machines. En cas de panne, un SMS vous informe imm\u00e9diatement et vous permet d\u2019identifier l\u2019intervention ce qui vous permet de gagner du temps.<\/p>\n<p style=\"text-align: justify;\"><strong>Un client satisfait revient toujours<br \/>\n<\/strong>Une laverie diff\u00e9rente et conviviale, c\u2019est la garantie d\u2019attirer tr\u00e8s vite l\u2019attention de vos clients qui en parleront autour d\u2019eux, \u00e0 leurs amis et \u00e0 leurs voisins. Chacun voudra profiter des nouveaux services astucieux que seule votre laverie est en mesure de proposer, et qui rendent la corv\u00e9e de lessive tellement plus simple, plus agr\u00e9able et plus efficace.<\/p>\n<p>[\/vc_column_text][vc_empty_space][\/vc_column][\/vc_row][vc_row][vc_column][elx_heading text_color=&#8221;inherit&#8221;]TMIS, le nouvel atout pour les propri\u00e9taires de laveries[\/elx_heading][vc_column_text]<\/p>\n<p style=\"text-align: justify;\">Le TMIS positionne radicalement votre laverie dans le 21\u00e8me si\u00e8cle. Il se r\u00e9v\u00e8le \u00eatre un outil marketing tr\u00e8s pr\u00e9cieux pour vous diff\u00e9rentier de la concurrence, optimiser les co\u00fbts de gestion, attirer de nouveaux clients et fid\u00e9liser votre client\u00e8le.<\/p>\n<ul>\n<li style=\"text-align: justify;\">Notification automatique en cas de besoin de maintenance pr\u00e9ventive<\/li>\n<li style=\"text-align: justify;\">Information imm\u00e9diate en cas de panne avec indication des codes d&#8217;erreur<\/li>\n<li style=\"text-align: justify;\">Information sur le niveau de fonctionnement de la machine<\/li>\n<li style=\"text-align: justify;\">Blocage \u00e0 distance de l&#8217;\u00e9quipement en cas de panne<\/li>\n<li style=\"text-align: justify;\">V\u00e9rification du syst\u00e8me de paiement<\/li>\n<li style=\"text-align: justify;\">Client fid\u00e9lis\u00e9<\/li>\n<\/ul>\n<p>[\/vc_column_text][\/vc_column][\/vc_row]<\/p>\n","protected":false},"excerpt":{"rendered":"<p>[vc_row][vc_column][elx_heading text_color=&#8221;inherit&#8221;]Communiquez par sms avec votre laverie[\/elx_heading][vc_column_text] Gr\u00e2ce au SMS, la laverie est enfin accessible et pratique pour toutes les personnes actives et tr\u00e8s occup\u00e9es.\u00a0Les laveries entrent dans une nouvelle \u00e8re gr\u00e2ce \u00e0 la fonction messagerie du t\u00e9l\u00e9phone mobile. Electrolux Professional est fier d\u2019\u00eatre le premier \u00e0 vous offrir cette fonctionnalit\u00e9 appliqu\u00e9e \u00e0 nos laveuses [&hellip;]<\/p>\n","protected":false},"author":4,"featured_media":0,"parent":2593,"menu_order":0,"comment_status":"closed","ping_status":"closed","template":"","meta":{"footnotes":""},"class_list":["post-4572","page","type-page","status-publish","hentry"],"acf":[],"yoast_head":"<!-- This site is optimized with the Yoast SEO plugin v23.3 - https:\/\/yoast.com\/wordpress\/plugins\/seo\/ -->\n<title>Communiquer par SMS avec votre laverie | Electrolux Professional<\/title>\n<meta name=\"description\" content=\"D\u00e9couvrez le syst\u00e8me TMIS\u2122: g\u00e9rez votre laverie par SMS, fid\u00e9lisez vos clients et optimisez vos co\u00fbts de gestion avec Electrolux Professional.\" \/>\n<meta name=\"robots\" content=\"index, follow, max-snippet:-1, max-image-preview:large, max-video-preview:-1\" \/>\n<link rel=\"canonical\" href=\"https:\/\/www.electroluxprofessional.com\/fr\/solutions\/communiquer-par-sms-avec-votre-laverie\/\" \/>\n<meta property=\"og:locale\" content=\"fr_FR\" \/>\n<meta property=\"og:type\" content=\"article\" \/>\n<meta property=\"og:title\" content=\"Communiquer par SMS avec votre laverie | Electrolux Professional\" \/>\n<meta property=\"og:description\" content=\"D\u00e9couvrez le syst\u00e8me TMIS\u2122: g\u00e9rez votre laverie par SMS, fid\u00e9lisez vos clients et optimisez vos co\u00fbts de gestion avec Electrolux Professional.\" \/>\n<meta property=\"og:url\" content=\"https:\/\/www.electroluxprofessional.com\/fr\/solutions\/communiquer-par-sms-avec-votre-laverie\/\" \/>\n<meta property=\"og:site_name\" content=\"Electrolux Professional France\" \/>\n<meta property=\"article:modified_time\" content=\"2026-03-18T14:50:12+00:00\" \/>\n<meta name=\"twitter:card\" content=\"summary_large_image\" \/>\n<meta name=\"twitter:label1\" content=\"Dur\u00e9e de lecture estim\u00e9e\" \/>\n\t<meta name=\"twitter:data1\" content=\"3 minutes\" \/>\n<script type=\"application\/ld+json\" class=\"yoast-schema-graph\">{\"@context\":\"https:\/\/schema.org\",\"@graph\":[{\"@type\":\"WebPage\",\"@id\":\"https:\/\/www.electroluxprofessional.com\/fr\/solutions\/communiquer-par-sms-avec-votre-laverie\/\",\"url\":\"https:\/\/www.electroluxprofessional.com\/fr\/solutions\/communiquer-par-sms-avec-votre-laverie\/\",\"name\":\"Communiquer par SMS avec votre laverie | Electrolux Professional\",\"isPartOf\":{\"@id\":\"https:\/\/www.electroluxprofessional.com\/fr\/#website\"},\"datePublished\":\"2017-03-30T14:52:01+00:00\",\"dateModified\":\"2026-03-18T14:50:12+00:00\",\"description\":\"D\u00e9couvrez le syst\u00e8me TMIS\u2122: g\u00e9rez votre laverie par SMS, fid\u00e9lisez vos clients et optimisez vos co\u00fbts de gestion avec Electrolux Professional.\",\"breadcrumb\":{\"@id\":\"https:\/\/www.electroluxprofessional.com\/fr\/solutions\/communiquer-par-sms-avec-votre-laverie\/#breadcrumb\"},\"inLanguage\":\"fr-FR\",\"potentialAction\":[{\"@type\":\"ReadAction\",\"target\":[\"https:\/\/www.electroluxprofessional.com\/fr\/solutions\/communiquer-par-sms-avec-votre-laverie\/\"]}]},{\"@type\":\"BreadcrumbList\",\"@id\":\"https:\/\/www.electroluxprofessional.com\/fr\/solutions\/communiquer-par-sms-avec-votre-laverie\/#breadcrumb\",\"itemListElement\":[{\"@type\":\"ListItem\",\"position\":1,\"name\":\"Home\",\"item\":\"https:\/\/www.electroluxprofessional.com\/fr\/\"},{\"@type\":\"ListItem\",\"position\":2,\"name\":\"Solutions\",\"item\":\"https:\/\/www.electroluxprofessional.com\/fr\/solutions\/\"},{\"@type\":\"ListItem\",\"position\":3,\"name\":\"Communiquer par sms avec votre laverie\"}]},{\"@type\":\"WebSite\",\"@id\":\"https:\/\/www.electroluxprofessional.com\/fr\/#website\",\"url\":\"https:\/\/www.electroluxprofessional.com\/fr\/\",\"name\":\"Electrolux Professional France\",\"description\":\"\",\"potentialAction\":[{\"@type\":\"SearchAction\",\"target\":{\"@type\":\"EntryPoint\",\"urlTemplate\":\"https:\/\/www.electroluxprofessional.com\/fr\/?src={search_term_string}\"},\"query-input\":\"required name=search_term_string\"}],\"inLanguage\":\"fr-FR\"}]}<\/script>\n<!-- \/ Yoast SEO plugin. -->","yoast_head_json":{"title":"Communiquer par SMS avec votre laverie | Electrolux Professional","description":"D\u00e9couvrez le syst\u00e8me TMIS\u2122: g\u00e9rez votre laverie par SMS, fid\u00e9lisez vos clients et optimisez vos co\u00fbts de gestion avec Electrolux Professional.","robots":{"index":"index","follow":"follow","max-snippet":"max-snippet:-1","max-image-preview":"max-image-preview:large","max-video-preview":"max-video-preview:-1"},"canonical":"https:\/\/www.electroluxprofessional.com\/fr\/solutions\/communiquer-par-sms-avec-votre-laverie\/","og_locale":"fr_FR","og_type":"article","og_title":"Communiquer par SMS avec votre laverie | Electrolux Professional","og_description":"D\u00e9couvrez le syst\u00e8me TMIS\u2122: g\u00e9rez votre laverie par SMS, fid\u00e9lisez vos clients et optimisez vos co\u00fbts de gestion avec Electrolux Professional.","og_url":"https:\/\/www.electroluxprofessional.com\/fr\/solutions\/communiquer-par-sms-avec-votre-laverie\/","og_site_name":"Electrolux Professional France","article_modified_time":"2026-03-18T14:50:12+00:00","twitter_card":"summary_large_image","twitter_misc":{"Dur\u00e9e de lecture estim\u00e9e":"3 minutes"},"schema":{"@context":"https:\/\/schema.org","@graph":[{"@type":"WebPage","@id":"https:\/\/www.electroluxprofessional.com\/fr\/solutions\/communiquer-par-sms-avec-votre-laverie\/","url":"https:\/\/www.electroluxprofessional.com\/fr\/solutions\/communiquer-par-sms-avec-votre-laverie\/","name":"Communiquer par SMS avec votre laverie | Electrolux Professional","isPartOf":{"@id":"https:\/\/www.electroluxprofessional.com\/fr\/#website"},"datePublished":"2017-03-30T14:52:01+00:00","dateModified":"2026-03-18T14:50:12+00:00","description":"D\u00e9couvrez le syst\u00e8me TMIS\u2122: g\u00e9rez votre laverie par SMS, fid\u00e9lisez vos clients et optimisez vos co\u00fbts de gestion avec Electrolux Professional.","breadcrumb":{"@id":"https:\/\/www.electroluxprofessional.com\/fr\/solutions\/communiquer-par-sms-avec-votre-laverie\/#breadcrumb"},"inLanguage":"fr-FR","potentialAction":[{"@type":"ReadAction","target":["https:\/\/www.electroluxprofessional.com\/fr\/solutions\/communiquer-par-sms-avec-votre-laverie\/"]}]},{"@type":"BreadcrumbList","@id":"https:\/\/www.electroluxprofessional.com\/fr\/solutions\/communiquer-par-sms-avec-votre-laverie\/#breadcrumb","itemListElement":[{"@type":"ListItem","position":1,"name":"Home","item":"https:\/\/www.electroluxprofessional.com\/fr\/"},{"@type":"ListItem","position":2,"name":"Solutions","item":"https:\/\/www.electroluxprofessional.com\/fr\/solutions\/"},{"@type":"ListItem","position":3,"name":"Communiquer par sms avec votre laverie"}]},{"@type":"WebSite","@id":"https:\/\/www.electroluxprofessional.com\/fr\/#website","url":"https:\/\/www.electroluxprofessional.com\/fr\/","name":"Electrolux Professional France","description":"","potentialAction":[{"@type":"SearchAction","target":{"@type":"EntryPoint","urlTemplate":"https:\/\/www.electroluxprofessional.com\/fr\/?src={search_term_string}"},"query-input":"required name=search_term_string"}],"inLanguage":"fr-FR"}]}},"_links":{"self":[{"href":"https:\/\/www.electroluxprofessional.com\/fr\/wp-json\/wp\/v2\/pages\/4572"}],"collection":[{"href":"https:\/\/www.electroluxprofessional.com\/fr\/wp-json\/wp\/v2\/pages"}],"about":[{"href":"https:\/\/www.electroluxprofessional.com\/fr\/wp-json\/wp\/v2\/types\/page"}],"author":[{"embeddable":true,"href":"https:\/\/www.electroluxprofessional.com\/fr\/wp-json\/wp\/v2\/users\/4"}],"replies":[{"embeddable":true,"href":"https:\/\/www.electroluxprofessional.com\/fr\/wp-json\/wp\/v2\/comments?post=4572"}],"version-history":[{"count":14,"href":"https:\/\/www.electroluxprofessional.com\/fr\/wp-json\/wp\/v2\/pages\/4572\/revisions"}],"predecessor-version":[{"id":31209,"href":"https:\/\/www.electroluxprofessional.com\/fr\/wp-json\/wp\/v2\/pages\/4572\/revisions\/31209"}],"up":[{"embeddable":true,"href":"https:\/\/www.electroluxprofessional.com\/fr\/wp-json\/wp\/v2\/pages\/2593"}],"wp:attachment":[{"href":"https:\/\/www.electroluxprofessional.com\/fr\/wp-json\/wp\/v2\/media?parent=4572"}],"curies":[{"name":"wp","href":"https:\/\/api.w.org\/{rel}","templated":true}]}}