{"id":4527,"date":"2017-03-30T13:42:59","date_gmt":"2017-03-30T13:42:59","guid":{"rendered":"https:\/\/www.electroluxprofessional.com\/fr\/?page_id=4527"},"modified":"2026-03-17T15:28:54","modified_gmt":"2026-03-17T15:28:54","slug":"blanchisserie-commerciale","status":"publish","type":"page","link":"https:\/\/www.electroluxprofessional.com\/fr\/solutions\/blanchisserie-commerciale\/","title":{"rendered":"Blanchisserie"},"content":{"rendered":"<p>[vc_row full_width=&#8221;electroluxpro-full-width-no-padding&#8221;][vc_column][elx_image_block background_image=&#8221;22530&#8243; minimum_height=&#8221;500px&#8221;][vc_empty_space][elx_heading font_container=&#8221;h1&#8243; font_size=&#8221;h2&#8243; text_color=&#8221;inherit&#8221; text_align=&#8221;text-center&#8221;]<strong>Blanchisserie industrielle <\/strong><br \/>\n[\/elx_heading][\/vc_column][\/vc_row][vc_row][vc_column][vc_empty_space][vc_column_text]<\/p>\n<p style=\"text-align: center;\">Comme tous les acteurs de la blanchisserie professionnelle le savent, pour r\u00e9ussir, vous devez r\u00e9pondre aux besoins de vos clients et vous n&#8217;avez pas le droit \u00e0 l&#8217;erreur.<\/p>\n<p style=\"text-align: center;\">Ceci exige que vous puissiez avoir une confiance totale en votre fabricant et partenaire de solutions de blanchisserie.<\/p>\n<p>[\/vc_column_text][vc_empty_space][elx_button button_text=&#8221;Contacter un expert&#8221; button_style=&#8221;default&#8221; button_display_block=&#8221;display_block_on&#8221; button_alignment=&#8221;align_center&#8221; button_link=&#8221;url:https%3A%2F%2Fwww.electroluxprofessional.com%2Ffr%2Fsolutions%2Flaverie-self-pressing-blanchisserie%2Fblanchisserie-commerciale%2F%23contact&#8221;][vc_empty_space][\/vc_column][\/vc_row][vc_row full_width=&#8221;electroluxpro-container-no-padding&#8221; equal_height=&#8221;yes&#8221; css=&#8221;.vc_custom_1489058058169{background-color: #f8f6f9 !important;}&#8221;][vc_column width=&#8221;1\/2&#8243;][elx_image_block background_image=&#8221;22319&#8243; minimum_height=&#8221;500px&#8221;][\/vc_column][vc_column width=&#8221;1\/2&#8243;][elx_simple_block background_color=&#8221;inherit&#8221;][elx_heading text_color=&#8221;inherit&#8221;]<strong>Choisissez un partenaire de confiance <\/strong><br \/>\n[\/elx_heading][vc_column_text css_animation=&#8221;right-to-left&#8221;]Vous avez besoin d&#8217;un partenaire qui propose une gamme compl\u00e8te d&#8217;<strong>\u00e9quipements de haute performance<\/strong>, qui dispose de connaissances sur la blanchisserie industrielle et commerciale et dont le <strong>SAV est fiable<\/strong>. Pour vous offrir l&#8217;expertise et l&#8217;assistance dont vous avez besoin, <strong>Electrolux Professional s&#8217;est entour\u00e9 des meilleurs partenaires, bureaux d&#8217;\u00e9tudes, fabricants, techniciens SAV<\/strong>,&#8230; car notre r\u00e9ussite d\u00e9pend de la v\u00f4tre.[\/vc_column_text][\/elx_simple_block][vc_empty_space][\/vc_column][\/vc_row][vc_row full_width=&#8221;electroluxpro-container-no-padding&#8221; equal_height=&#8221;yes&#8221; css=&#8221;.vc_custom_1489058063422{background-color: #f8f6f9 !important;}&#8221;][vc_column width=&#8221;1\/2&#8243; offset=&#8221;vc_hidden-sm vc_hidden-xs&#8221;][elx_simple_block background_color=&#8221;inherit&#8221;][elx_heading text_color=&#8221;inherit&#8221;]<strong>Mat\u00e9riel professionnel : hygi\u00e8ne, ergonomie &amp; efficacit\u00e9<\/strong><br \/>\n[\/elx_heading][vc_column_text css_animation=&#8221;right-to-left&#8221;]Pour \u00e9quiper les blanchisseries professionnelles et industrielles, Electrolux Professional propose une gamme compl\u00e8te de solutions :<\/p>\n<ul>\n<li><strong><a href=\"https:\/\/www.electroluxprofessional.com\/fr\/equipement-blanchisserie\/laveuses-essoreuses-frontales\/\">machines \u00e0 laver<\/a> <\/strong>et <a href=\"https:\/\/www.electroluxprofessional.com\/fr\/equipement-blanchisserie\/sechoirs-rotatifs\/\"><strong>s\u00e8che-linge professionnels<\/strong><\/a> jusqu&#8217;\u00e0 110 kg<\/li>\n<li><strong><a href=\"https:\/\/www.electroluxprofessional.com\/fr\/equipement-blanchisserie\/secheuses-repasseuses\/\">s\u00e9cheuses repasseuses<\/a><\/strong><\/li>\n<\/ul>\n<p>Nous r\u00e9alisons des blanchisseries pour garantir une prestation linge de qualit\u00e9 qui respecte l\u2019hygi\u00e8ne conform\u00e9ment aux exigences de l\u2019Accr\u00e9ditation et \u00e0 la <strong><a href=\"https:\/\/www.electroluxprofessional.com\/fr\/respecter-norme-rabc-electrolux-professionnel\/\">m\u00e9thode RABC<\/a><\/strong> pour la s\u00e9curit\u00e9 de vos clients. Nos implantations sont pens\u00e9es pour am\u00e9liorer <strong><a href=\"https:\/\/www.electroluxprofessional.com\/fr\/origine-tms\/\">l\u2019ergonomie et l\u2019efficacit\u00e9 des postes de travail<\/a>,<\/strong> suivre et enregistrer toutes les \u00e9tapes du traitement du linge pour une tra\u00e7abilit\u00e9 compl\u00e8te gr\u00e2ce \u00e0 une gestion informatis\u00e9e.[\/vc_column_text][\/elx_simple_block][vc_empty_space][\/vc_column][vc_column width=&#8221;1\/2&#8243; offset=&#8221;vc_hidden-sm vc_hidden-xs&#8221;][elx_image_block background_image=&#8221;22320&#8243; minimum_height=&#8221;660px&#8221;][\/vc_column][\/vc_row][vc_row full_width=&#8221;electroluxpro-container-no-padding&#8221; equal_height=&#8221;yes&#8221; css=&#8221;.vc_custom_1489058063422{background-color: #f8f6f9 !important;}&#8221;][vc_column width=&#8221;1\/2&#8243; offset=&#8221;vc_hidden-lg vc_hidden-md&#8221;][elx_image_block background_image=&#8221;22320&#8243; minimum_height=&#8221;660px&#8221;][\/vc_column][vc_column width=&#8221;1\/2&#8243; offset=&#8221;vc_hidden-lg vc_hidden-md&#8221;][elx_simple_block background_color=&#8221;inherit&#8221;][elx_heading text_color=&#8221;inherit&#8221;]<strong>Mat\u00e9riel industriel, hygi\u00e8ne, ergonomie &amp; efficacit\u00e9<\/strong><br \/>\n[\/elx_heading][vc_column_text css_animation=&#8221;right-to-left&#8221;]Pour \u00e9quiper les blanchisseries commerciales industrielles, Electrolux Professional propose une gamme compl\u00e8te Line 6000 :<\/p>\n<ul>\n<li><a href=\"https:\/\/www.electroluxprofessional.com\/fr\/equipement-blanchisserie\/laveuses-essoreuses-frontales\/\">laveuses essoreuses<\/a> et <a href=\"https:\/\/www.electroluxprofessional.com\/fr\/equipement-blanchisserie\/sechoirs-rotatifs\/\">s\u00e9choirs rotatifs<\/a> jusqu&#8217;\u00e0 110 kg<\/li>\n<li><a href=\"https:\/\/www.electroluxprofessional.com\/fr\/equipement-blanchisserie\/secheuses-repasseuses\/\">s\u00e9cheuses repasseuses<\/a><\/li>\n<\/ul>\n<p>Nous r\u00e9alisons des blanchisseries pour garantir une prestation linge de qualit\u00e9 qui respecte l\u2019hygi\u00e8ne conform\u00e9ment aux exigences de l\u2019Accr\u00e9ditation et au syst\u00e8me RABC pour la s\u00e9curit\u00e9 de vos clients. Nos implantations sont pens\u00e9es pour am\u00e9liorer l\u2019ergonomie et l\u2019efficacit\u00e9 des postes de travail, suivre et enregistrer toutes les \u00e9tapes du traitement du linge pour une tra\u00e7abilit\u00e9 compl\u00e8te gr\u00e2ce \u00e0 une gestion informatis\u00e9e.<\/p>\n<p>[\/vc_column_text][\/elx_simple_block][\/vc_column][\/vc_row][vc_row][vc_column][vc_empty_space][elx_button button_text=&#8221;D\u00e9couvrir la gamme Line 6000&#8243; button_display_block=&#8221;display_block_on&#8221; button_alignment=&#8221;align_center&#8221; css=&#8221;.vc_custom_1690208973066{margin-right: 15px !important;margin-bottom: 10px !important;}&#8221; button_link=&#8221;url:https%3A%2F%2Fwww.electroluxprofessional.com%2Ffr%2Fsolutions-line-6000%2F|target:_blank&#8221;][vc_empty_space height=&#8221;20px&#8221;][\/vc_column][\/vc_row][vc_row full_width=&#8221;electroluxpro-container-no-padding&#8221; css=&#8221;.vc_custom_1700749568328{background-color: #f8f6f9 !important;}&#8221; el_id=&#8221;contact&#8221;][vc_column][elx_heading text_color=&#8221;inherit&#8221; text_align=&#8221;text-center&#8221;]<strong>Vous avez un projet ou vous souhaitez plus d&#8217;informations ?<br \/>\nContactez nos experts ! <\/strong><br \/>\n[\/elx_heading][vc_empty_space height=&#8221;15px&#8221;][elx_o2000_contact_us s=&#8221;Demande de renseignements : projet de blanchisserie |Blanchisserie commerciale&#8221; country=&#8221;France&#8221; b=&#8221;laundry&#8221; container=&#8221;elxcontactus1491826986&#8243; r=&#8221;Je souhaite \u00eatre recontact\u00e9(e) par les experts Electrolux Professionnel pour parler de mon projet de blanchisserie.&#8221; e=&#8221;professionnel@electrolux.com&#8221; l=&#8221;fr&#8221;][vc_empty_space height=&#8221;15px&#8221;][\/vc_column][\/vc_row]<\/p>\n","protected":false},"excerpt":{"rendered":"<p>[vc_row full_width=&#8221;electroluxpro-full-width-no-padding&#8221;][vc_column][elx_image_block background_image=&#8221;22530&#8243; minimum_height=&#8221;500px&#8221;][vc_empty_space][elx_heading font_container=&#8221;h1&#8243; font_size=&#8221;h2&#8243; text_color=&#8221;inherit&#8221; text_align=&#8221;text-center&#8221;]Blanchisserie industrielle [\/elx_heading][\/vc_column][\/vc_row][vc_row][vc_column][vc_empty_space][vc_column_text] Comme tous les acteurs de la blanchisserie professionnelle le savent, pour r\u00e9ussir, vous devez r\u00e9pondre aux besoins de vos clients et vous n&#8217;avez pas le droit \u00e0 l&#8217;erreur. Ceci exige que vous puissiez avoir une confiance totale en votre fabricant et partenaire de solutions de [&hellip;]<\/p>\n","protected":false},"author":4,"featured_media":0,"parent":2593,"menu_order":0,"comment_status":"closed","ping_status":"closed","template":"","meta":{"footnotes":""},"class_list":["post-4527","page","type-page","status-publish","hentry"],"acf":[],"yoast_head":"<!-- This site is optimized with the Yoast SEO plugin v23.3 - https:\/\/yoast.com\/wordpress\/plugins\/seo\/ -->\n<title>Blanchisserie Commerciale Professionnelle | Electrolux Professional<\/title>\n<meta name=\"description\" content=\"D\u00e9couvrez nos solutions compl\u00e8tes pour blanchisseries commerciales: laveuses essoreuses et s\u00e9choirs jusqu&#039;\u00e0 110 kg. Hygi\u00e8ne, ergonomie et efficacit\u00e9 garanties.\" \/>\n<meta name=\"robots\" content=\"index, follow, max-snippet:-1, max-image-preview:large, max-video-preview:-1\" \/>\n<link rel=\"canonical\" href=\"https:\/\/www.electroluxprofessional.com\/fr\/solutions\/blanchisserie-commerciale\/\" \/>\n<meta property=\"og:locale\" content=\"fr_FR\" \/>\n<meta property=\"og:type\" content=\"article\" \/>\n<meta property=\"og:title\" content=\"Blanchisserie Commerciale Professionnelle | Electrolux Professional\" \/>\n<meta property=\"og:description\" content=\"D\u00e9couvrez nos solutions compl\u00e8tes pour blanchisseries commerciales: laveuses essoreuses et s\u00e9choirs jusqu&#039;\u00e0 110 kg. Hygi\u00e8ne, ergonomie et efficacit\u00e9 garanties.\" \/>\n<meta property=\"og:url\" content=\"https:\/\/www.electroluxprofessional.com\/fr\/solutions\/blanchisserie-commerciale\/\" \/>\n<meta property=\"og:site_name\" content=\"Electrolux Professional France\" \/>\n<meta property=\"article:modified_time\" content=\"2026-03-17T15:28:54+00:00\" \/>\n<meta name=\"twitter:card\" content=\"summary_large_image\" \/>\n<meta name=\"twitter:label1\" content=\"Dur\u00e9e de lecture estim\u00e9e\" \/>\n\t<meta name=\"twitter:data1\" content=\"3 minutes\" \/>\n<script type=\"application\/ld+json\" class=\"yoast-schema-graph\">{\"@context\":\"https:\/\/schema.org\",\"@graph\":[{\"@type\":\"WebPage\",\"@id\":\"https:\/\/www.electroluxprofessional.com\/fr\/solutions\/blanchisserie-commerciale\/\",\"url\":\"https:\/\/www.electroluxprofessional.com\/fr\/solutions\/blanchisserie-commerciale\/\",\"name\":\"Blanchisserie Commerciale Professionnelle | Electrolux Professional\",\"isPartOf\":{\"@id\":\"https:\/\/www.electroluxprofessional.com\/fr\/#website\"},\"datePublished\":\"2017-03-30T13:42:59+00:00\",\"dateModified\":\"2026-03-17T15:28:54+00:00\",\"description\":\"D\u00e9couvrez nos solutions compl\u00e8tes pour blanchisseries commerciales: laveuses essoreuses et s\u00e9choirs jusqu'\u00e0 110 kg. Hygi\u00e8ne, ergonomie et efficacit\u00e9 garanties.\",\"breadcrumb\":{\"@id\":\"https:\/\/www.electroluxprofessional.com\/fr\/solutions\/blanchisserie-commerciale\/#breadcrumb\"},\"inLanguage\":\"fr-FR\",\"potentialAction\":[{\"@type\":\"ReadAction\",\"target\":[\"https:\/\/www.electroluxprofessional.com\/fr\/solutions\/blanchisserie-commerciale\/\"]}]},{\"@type\":\"BreadcrumbList\",\"@id\":\"https:\/\/www.electroluxprofessional.com\/fr\/solutions\/blanchisserie-commerciale\/#breadcrumb\",\"itemListElement\":[{\"@type\":\"ListItem\",\"position\":1,\"name\":\"Home\",\"item\":\"https:\/\/www.electroluxprofessional.com\/fr\/\"},{\"@type\":\"ListItem\",\"position\":2,\"name\":\"Solutions\",\"item\":\"https:\/\/www.electroluxprofessional.com\/fr\/solutions\/\"},{\"@type\":\"ListItem\",\"position\":3,\"name\":\"Blanchisserie\"}]},{\"@type\":\"WebSite\",\"@id\":\"https:\/\/www.electroluxprofessional.com\/fr\/#website\",\"url\":\"https:\/\/www.electroluxprofessional.com\/fr\/\",\"name\":\"Electrolux Professional France\",\"description\":\"\",\"potentialAction\":[{\"@type\":\"SearchAction\",\"target\":{\"@type\":\"EntryPoint\",\"urlTemplate\":\"https:\/\/www.electroluxprofessional.com\/fr\/?src={search_term_string}\"},\"query-input\":\"required name=search_term_string\"}],\"inLanguage\":\"fr-FR\"}]}<\/script>\n<!-- \/ Yoast SEO plugin. -->","yoast_head_json":{"title":"Blanchisserie Commerciale Professionnelle | Electrolux Professional","description":"D\u00e9couvrez nos solutions compl\u00e8tes pour blanchisseries commerciales: laveuses essoreuses et s\u00e9choirs jusqu'\u00e0 110 kg. Hygi\u00e8ne, ergonomie et efficacit\u00e9 garanties.","robots":{"index":"index","follow":"follow","max-snippet":"max-snippet:-1","max-image-preview":"max-image-preview:large","max-video-preview":"max-video-preview:-1"},"canonical":"https:\/\/www.electroluxprofessional.com\/fr\/solutions\/blanchisserie-commerciale\/","og_locale":"fr_FR","og_type":"article","og_title":"Blanchisserie Commerciale Professionnelle | Electrolux Professional","og_description":"D\u00e9couvrez nos solutions compl\u00e8tes pour blanchisseries commerciales: laveuses essoreuses et s\u00e9choirs jusqu'\u00e0 110 kg. Hygi\u00e8ne, ergonomie et efficacit\u00e9 garanties.","og_url":"https:\/\/www.electroluxprofessional.com\/fr\/solutions\/blanchisserie-commerciale\/","og_site_name":"Electrolux Professional France","article_modified_time":"2026-03-17T15:28:54+00:00","twitter_card":"summary_large_image","twitter_misc":{"Dur\u00e9e de lecture estim\u00e9e":"3 minutes"},"schema":{"@context":"https:\/\/schema.org","@graph":[{"@type":"WebPage","@id":"https:\/\/www.electroluxprofessional.com\/fr\/solutions\/blanchisserie-commerciale\/","url":"https:\/\/www.electroluxprofessional.com\/fr\/solutions\/blanchisserie-commerciale\/","name":"Blanchisserie Commerciale Professionnelle | Electrolux Professional","isPartOf":{"@id":"https:\/\/www.electroluxprofessional.com\/fr\/#website"},"datePublished":"2017-03-30T13:42:59+00:00","dateModified":"2026-03-17T15:28:54+00:00","description":"D\u00e9couvrez nos solutions compl\u00e8tes pour blanchisseries commerciales: laveuses essoreuses et s\u00e9choirs jusqu'\u00e0 110 kg. Hygi\u00e8ne, ergonomie et efficacit\u00e9 garanties.","breadcrumb":{"@id":"https:\/\/www.electroluxprofessional.com\/fr\/solutions\/blanchisserie-commerciale\/#breadcrumb"},"inLanguage":"fr-FR","potentialAction":[{"@type":"ReadAction","target":["https:\/\/www.electroluxprofessional.com\/fr\/solutions\/blanchisserie-commerciale\/"]}]},{"@type":"BreadcrumbList","@id":"https:\/\/www.electroluxprofessional.com\/fr\/solutions\/blanchisserie-commerciale\/#breadcrumb","itemListElement":[{"@type":"ListItem","position":1,"name":"Home","item":"https:\/\/www.electroluxprofessional.com\/fr\/"},{"@type":"ListItem","position":2,"name":"Solutions","item":"https:\/\/www.electroluxprofessional.com\/fr\/solutions\/"},{"@type":"ListItem","position":3,"name":"Blanchisserie"}]},{"@type":"WebSite","@id":"https:\/\/www.electroluxprofessional.com\/fr\/#website","url":"https:\/\/www.electroluxprofessional.com\/fr\/","name":"Electrolux Professional France","description":"","potentialAction":[{"@type":"SearchAction","target":{"@type":"EntryPoint","urlTemplate":"https:\/\/www.electroluxprofessional.com\/fr\/?src={search_term_string}"},"query-input":"required name=search_term_string"}],"inLanguage":"fr-FR"}]}},"_links":{"self":[{"href":"https:\/\/www.electroluxprofessional.com\/fr\/wp-json\/wp\/v2\/pages\/4527"}],"collection":[{"href":"https:\/\/www.electroluxprofessional.com\/fr\/wp-json\/wp\/v2\/pages"}],"about":[{"href":"https:\/\/www.electroluxprofessional.com\/fr\/wp-json\/wp\/v2\/types\/page"}],"author":[{"embeddable":true,"href":"https:\/\/www.electroluxprofessional.com\/fr\/wp-json\/wp\/v2\/users\/4"}],"replies":[{"embeddable":true,"href":"https:\/\/www.electroluxprofessional.com\/fr\/wp-json\/wp\/v2\/comments?post=4527"}],"version-history":[{"count":33,"href":"https:\/\/www.electroluxprofessional.com\/fr\/wp-json\/wp\/v2\/pages\/4527\/revisions"}],"predecessor-version":[{"id":31177,"href":"https:\/\/www.electroluxprofessional.com\/fr\/wp-json\/wp\/v2\/pages\/4527\/revisions\/31177"}],"up":[{"embeddable":true,"href":"https:\/\/www.electroluxprofessional.com\/fr\/wp-json\/wp\/v2\/pages\/2593"}],"wp:attachment":[{"href":"https:\/\/www.electroluxprofessional.com\/fr\/wp-json\/wp\/v2\/media?parent=4527"}],"curies":[{"name":"wp","href":"https:\/\/api.w.org\/{rel}","templated":true}]}}