{"id":4503,"date":"2017-03-30T13:05:29","date_gmt":"2017-03-30T13:05:29","guid":{"rendered":"https:\/\/www.electroluxprofessional.com\/fr\/?page_id=4503"},"modified":"2026-03-07T08:34:35","modified_gmt":"2026-03-07T08:34:35","slug":"legislation-et-conformite","status":"publish","type":"page","link":"https:\/\/www.electroluxprofessional.com\/fr\/solutions\/laverie-libre-service\/legislation-et-conformite\/","title":{"rendered":"L\u00e9gislation et conformit\u00e9"},"content":{"rendered":"<p>[vc_row][vc_column][elx_heading font_container=&#8221;h1&#8243; font_size=&#8221;h2&#8243; text_color=&#8221;inherit&#8221;]L\u00e9gislation &amp; conformit\u00e9[\/elx_heading][\/vc_column][\/vc_row][vc_row][vc_column width=&#8221;1\/2&#8243;][vc_column_text]<strong>D\u00e9cret applicable en laverie automatique &#8211; accessible au public<\/strong><br \/>\nD\u00e9couvrez l&#8217;extrait du Journal Officiel du 28 mars reprenant le d\u00e9cret n\u00b0 2012-412 du 23 mars 2012<br \/>\nS\u00e9curit\u00e9 des laveuses en laverie &#8211; accessible au public<br \/>\n<a href=\"https:\/\/www.electroluxprofessional.com\/fr\/wp-content\/uploads\/2017\/12\/securite_laveuses_laverie.pdf\" target=\"_blank\" rel=\"noopener\"><span style=\"color: #008080;\">Cliquez ici<\/span><\/a><\/p>\n<p><strong>Certificat de conformit\u00e9 &#8211; FLE120 MP &#8211; Maxi HS PE &#8211; 12 HS PE<br \/>\n<\/strong>Mod\u00e8le Wascator &#8211; Osby &#8211; Nyborg &#8211; Peko FLE120 MP &#8211; Maxi HS PE &#8211; 12 HS PE<br \/>\n<a href=\"https:\/\/www.electroluxprofessional.com\/fr\/wp-content\/uploads\/2017\/12\/Conformity-certificat-models-FLE120-MP-MAXI-HS-PE-et-12-HS-PE.pdf\" target=\"_blank\" rel=\"noopener\"><span style=\"color: #008080;\">Cliquez<\/span><span style=\"color: #008080;\"> ici<\/span><\/a><\/p>\n<p><strong>Certificat de conformit\u00e9 &#8211; FLE120 FC<\/strong><br \/>\nFLE 120 FC<br \/>\n<a href=\"https:\/\/www.electroluxprofessional.com\/fr\/wp-content\/uploads\/2017\/12\/Conformity-certificat-models-FLE120FC.pdf\" target=\"_blank\" rel=\"noopener\"><span style=\"color: #008080;\">Cliquez ici<\/span><\/a><\/p>\n<p><strong>Certificat de conformit\u00e9 &#8211; FLE120 &#8211; Maxi HS PCO &#8211; 12 HS PCO<\/strong><br \/>\nMod\u00e8le Wascator &#8211; Osby &#8211; Nyborg &#8211; Peko FLE120 &#8211; Maxi HS PCO &#8211; 12 HS PCO<br \/>\n<a href=\"https:\/\/www.electroluxprofessional.com\/fr\/wp-content\/uploads\/2017\/12\/Conformity-certificat-models-FLE120-MAXI-HS-PC-et-12-HS-PCO.pdf\" target=\"_blank\" rel=\"noopener\"><span style=\"color: #008080;\">Cliquez ici<\/span><\/a><\/p>\n<p><strong>Certificat de conformit\u00e9 &#8211; FL 160 et 1203 PCO<\/strong><br \/>\nMod\u00e8le Electrolux Wascator &amp; Nyborg FLE 160 &amp; 1203 PCO<br \/>\n<a href=\"https:\/\/www.electroluxprofessional.com\/fr\/wp-content\/uploads\/2017\/12\/Conformity-certificat-models-FL160-et-1203PCO.pdf\" target=\"_blank\" rel=\"noopener\"><span style=\"color: #008080;\">Cliquez ici<\/span><\/a><\/p>\n<p><strong>Certificat de conformit\u00e9 &#8211; FLE170<\/strong><br \/>\nMod\u00e8le Wascator FLE 170<br \/>\n<a href=\"https:\/\/www.electroluxprofessional.com\/fr\/wp-content\/uploads\/2017\/12\/Conformity-certificat-models-FLE170.pdf\" target=\"_blank\" rel=\"noopener\"><span style=\"color: #008080;\">Cliquez ici<\/span><\/a><\/p>\n<p><strong>Certificat de conformit\u00e9 &#8211; FL184 &#8211; 1802 P &#8211; 1802 PCO &#8211; 21 PCO<br \/>\n<\/strong>Mod\u00e8le Wascator FL184 &#8211; 1802 P &#8211; 1802 PCO &#8211; 21 PCO<br \/>\n<a href=\"https:\/\/www.electroluxprofessional.com\/fr\/wp-content\/uploads\/2017\/12\/Conformity-certificat-models-FL184-1802P-1802PCO-et-21PCO.pdf\" target=\"_blank\" rel=\"noopener\"><span style=\"color: #008080;\">Cliquez ici<\/span><\/a><\/p>\n<p><strong>Certificat de conformit\u00e9 &#8211; FLE220 MP &#8211; Mega HS PE &#8211; 12 HS PE<br \/>\n<\/strong>Mod\u00e8le Wascator &#8211; Osby &#8211; Nyborg &#8211; Peko FLE220 MP &#8211; Mega HS PE &#8211; 12 HS PE<br \/>\n<a href=\"https:\/\/www.electroluxprofessional.com\/fr\/wp-content\/uploads\/2017\/12\/Conformity-certificat-models-FLE220-MP-MEGA-HS-PE-et-12-HS-PE.pdf\" target=\"_blank\" rel=\"noopener\"><span style=\"color: #008080;\">Cliquez ici<\/span><\/a><\/p>\n<p><strong>Certificat de conformit\u00e9 &#8211; FLE 220, Mega HS PCO &#8211; 22 HS PCO<\/strong> Mod\u00e8le Wascator &#8211; Osby &#8211; Nyborg &#8211; Peko FLE 220, Mega HS PCO &#8211; 22 HS PCO<br \/>\n<a href=\"https:\/\/www.electroluxprofessional.com\/fr\/wp-content\/uploads\/2017\/12\/Conformity-certificat-models-FLE220-MEGA-HS-PC-et-22-HS-PCO.pdf\" target=\"_blank\" rel=\"noopener\"><span style=\"color: #008080;\">Cliquez ici<\/span><\/a><\/p>\n<p><strong>Certificat de conformit\u00e9 &#8211; FL230 &#8211; 230 MPCO<\/strong><br \/>\nMod\u00e8le Wascator FL230 &#8211; 230 MPCO<br \/>\n<a href=\"https:\/\/www.electroluxprofessional.com\/fr\/wp-content\/uploads\/2017\/12\/Conformity-certificat-models-FL230-et-FL230MPCO.pdf\" target=\"_blank\" rel=\"noopener\"><span style=\"color: #008080;\">Cliquez ici<\/span><\/a><\/p>\n<p><strong>Certificat de conformit\u00e9 &#8211; FL230 &#8211; 230 PCO<\/strong><br \/>\nMod\u00e8le Wascator et Nyborg FL230 &#8211; 230 PCO<br \/>\n<a href=\"https:\/\/www.electroluxprofessional.com\/fr\/wp-content\/uploads\/2017\/12\/Conformity-certificat-models-FL230-et-FL230MPCO.pdf\" target=\"_blank\" rel=\"noopener\"><span style=\"color: #008080;\">Cliquez ici<\/span><\/a><\/p>\n<p><strong>Certificat de conformit\u00e9 &#8211; WE55 &#8211; WE55 MP<\/strong><br \/>\nWE55 &#8211; WE55 MP<\/p>\n<p><strong>Certificat de conformit\u00e9 &#8211; WE65<\/strong><br \/>\nMod\u00e8le Wascator WE65<\/p>\n<p><strong>Certificat de conformit\u00e9 &#8211; WE66 MP<\/strong><br \/>\nMod\u00e8le Wascator WE66 MP<br \/>\n<a href=\"https:\/\/www.electroluxprofessional.com\/fr\/wp-content\/uploads\/2017\/12\/Conformity-certificat-models-WE66MP.pdf\" target=\"_blank\" rel=\"noopener\"><span style=\"color: #008080;\">Cliquez ici<\/span><\/a><\/p>\n<p><strong>Certificat de conformit\u00e9 &#8211; W104 &#8211; W1002 -W10<\/strong><br \/>\nW104 &#8211; W1002 &#8211; W10<\/p>\n<p><strong>Certificat de conformit\u00e9 &#8211; WE 106 MP<\/strong><br \/>\nWE 106 MP<br \/>\n<a href=\"https:\/\/www.electroluxprofessional.com\/fr\/wp-content\/uploads\/2017\/12\/Conformity-certificat-models-WE106MP-Bis.pdf\" target=\"_blank\" rel=\"noopener\"><span style=\"color: #008080;\">Cliquez ici<\/span><\/a><\/p>\n<p><strong>Certificat de conformit\u00e9 &#8211; WE120 &#8211; Maxi HS &#8211; 12 HS<\/strong><br \/>\nWE120 &#8211; Maxi HS &#8211; 12 HS<br \/>\n<a href=\"https:\/\/www.electroluxprofessional.com\/fr\/wp-content\/uploads\/2017\/12\/Conformity-certificat-models-WE120-MAXI-HS-et-12-HS.pdf\" target=\"_blank\" rel=\"noopener\"><span style=\"color: #008080;\">Cliquez ici<\/span><\/a>[\/vc_column_text][\/vc_column][vc_column width=&#8221;1\/2&#8243;][vc_column_text]<strong>Certificat de conformit\u00e9 &#8211; WE120 &#8211; Maxi HS &#8211; 12 HS<\/strong><br \/>\nWE120 &#8211; Maxi HS &#8211; 12 HS<br \/>\n<a href=\"https:\/\/www.electroluxprofessional.com\/fr\/wp-content\/uploads\/2017\/12\/Conformity-certificat-models-WE120-MAXI-HS-et-12-HS.pdf\" target=\"_blank\" rel=\"noopener\"><span style=\"color: #008080;\">Cliquez ici<\/span><\/a><\/p>\n<p><strong>Certificat de conformit\u00e9 &#8211; WE120 MP &#8211; Maxi HSE &#8211; 12 HSE<\/strong> WE120 MP &#8211; Maxi HSE &#8211; 12 HSE<br \/>\n<a href=\"https:\/\/www.electroluxprofessional.com\/fr\/wp-content\/uploads\/2017\/12\/Conformity-certificat-models-WE120MP-MAXI-HSE-et-12-HSE.pdf\" target=\"_blank\" rel=\"noopener\"><span style=\"color: #008080;\">Cliquez ici<\/span><\/a><\/p>\n<p><strong>Certificat de conformit\u00e9 &#8211; WE120 MP &#8211; Mega HS &#8211; 22 HS<\/strong><br \/>\nWE220 MP &#8211; Mega HS &#8211; 22 HS<br \/>\n<a href=\"https:\/\/www.electroluxprofessional.com\/fr\/wp-content\/uploads\/2017\/12\/Conformity-certificat-models-WE120-MEGA-HS-et-22-HS.pdf\" target=\"_blank\" rel=\"noopener\"><span style=\"color: #008080;\">Cliquez ici<\/span><\/a><\/p>\n<p><strong>Certificat de conformit\u00e9 &#8211; WE125 MP &#8211; FLE125 MP &#8211; WE175 MP &#8211; FLE175 MP &#8211; WE225 MP &#8211; FLE225MP<\/strong><br \/>\nWE125 MP &#8211; FLE125 MP &#8211; WE175 MP &#8211; FLE175 MP &#8211; WE225 MP &#8211; FLE225MP<\/p>\n<p><strong>Certificat de conformit\u00e9 &#8211; WE 220 MP &#8211; Mega HSE &#8211; 22 HSE<\/strong><br \/>\nWE 220 MP &#8211; Mega HSE &#8211; 22 HSE<br \/>\n<a href=\"https:\/\/www.electroluxprofessional.com\/fr\/wp-content\/uploads\/2017\/12\/Conformity-certificat-models-WE220MP-MEGA-HSE-et-22-HSE.pdf\" target=\"_blank\" rel=\"noopener\"><span style=\"color: #008080;\">Cliquez ici<\/span><\/a><\/p>\n<p><strong>Certificat de conformit\u00e9 &#8211; W74 &#8211; 60T &#8211; 902 &#8211; 7<\/strong><br \/>\nW74 &#8211; 60T &#8211; 902 &#8211; 7<br \/>\n<a href=\"https:\/\/www.electroluxprofessional.com\/fr\/wp-content\/uploads\/2017\/12\/Conformity-certificat-models-W74-60T-902-et-7.pdf\" target=\"_blank\" rel=\"noopener\"><span style=\"color: #008080;\">Cliquez ici<\/span><\/a><\/p>\n<p><strong>Certificat de conformit\u00e9 &#8211; W75 &#8211; 608 &#8211; 903<\/strong><br \/>\nW75 &#8211; 608 &#8211; 903<br \/>\n<a href=\"https:\/\/www.electroluxprofessional.com\/fr\/wp-content\/uploads\/2017\/12\/Conformity-certificat-models-W75-608-et-903.pdf\" target=\"_blank\" rel=\"noopener\">Cliquez ici<\/a><\/p>\n<p><strong>Certificat de conformit\u00e9 &#8211; W75 MP &#8211; 608 E &#8211; 903 E<\/strong><br \/>\nW75 MP &#8211; 608 E &#8211; 903 E<br \/>\n<a href=\"https:\/\/www.electroluxprofessional.com\/fr\/wp-content\/uploads\/2017\/12\/Conformity-certificat-models-W75E-608E-et-903E.pdf\" target=\"_blank\" rel=\"noopener\"><span style=\"color: #008080;\">Cliquez ici<\/span><\/a><\/p>\n<p><strong>Certificat de conformit\u00e9 &#8211; W100 &#8211; 708 &#8211; 1003<\/strong><br \/>\nW100 &#8211; 708 &#8211; 1003<br \/>\n<a href=\"https:\/\/www.electroluxprofessional.com\/fr\/wp-content\/uploads\/2017\/12\/Conformity-certificat-models-W100-708-et-1003.pdf\" target=\"_blank\" rel=\"noopener\"><span style=\"color: #008080;\">Cliquez ici<\/span><\/a><\/p>\n<p><strong>Certificat de conformit\u00e9 &#8211; W100 MP &#8211; 708 E &#8211; 1003 E<\/strong><br \/>\nW100 MP &#8211; 708 E &#8211; 1003 E<br \/>\n<a href=\"https:\/\/www.electroluxprofessional.com\/fr\/wp-content\/uploads\/2017\/12\/Conformity-certificat-models-W100MP-708E-et-1003E.pdf\" target=\"_blank\" rel=\"noopener\"><span style=\"color: #008080;\">Cliquez ici<\/span><\/a><\/p>\n<p><strong>Certificat de conformit\u00e9 &#8211; W124 &#8211; 1202 &#8211; 14<\/strong><br \/>\nW124 &#8211; 1202 &#8211; 14<br \/>\n<a href=\"https:\/\/www.electroluxprofessional.com\/fr\/wp-content\/uploads\/2017\/12\/Conformity-certificat-models-W124-1202-et-14.pdf\" target=\"_blank\" rel=\"noopener\"><span style=\"color: #008080;\">Cliquez ici<\/span><\/a><\/p>\n<p><strong>Certificat de conformit\u00e9 &#8211; W160 &#8211; 1203<\/strong><br \/>\nWE160 &#8211; 1203<br \/>\n<a href=\"https:\/\/www.electroluxprofessional.com\/fr\/wp-content\/uploads\/2017\/12\/Conformity-certificat-models-W160-et-1203.pdf\" target=\"_blank\" rel=\"noopener\"><span style=\"color: #008080;\">Cliquez ici<\/span><\/a><\/p>\n<p><strong>Certificat de conformit\u00e9 &#8211; W160 MP- 1203 E<\/strong><br \/>\nWE160 MP- 1203 E<br \/>\n<a href=\"https:\/\/www.electroluxprofessional.com\/fr\/wp-content\/uploads\/2017\/12\/Conformity-certificat-models-W160MP-et-1203E.pdf\" target=\"_blank\" rel=\"noopener\"><span style=\"color: #008080;\">Cliquez ici<\/span><\/a><\/p>\n<p><strong>Certificat de conformit\u00e9 &#8211; W230 &#8211; 1803<\/strong><br \/>\nW230 &#8211; 1803<br \/>\n<a href=\"https:\/\/www.electroluxprofessional.com\/fr\/wp-content\/uploads\/2017\/12\/Conformity-certificat-models-W230-et-1803.pdf\" target=\"_blank\" rel=\"noopener\"><span style=\"color: #008080;\">Cliquez ici<\/span><span style=\"color: #008080;\">\u00a0<\/span><\/a><\/p>\n<p><strong>Certificat de conformit\u00e9 &#8211; W230 MP &#8211; 1803 E<\/strong><br \/>\nW230 MP &#8211; 1803 E<br \/>\n<a href=\"https:\/\/www.electroluxprofessional.com\/fr\/wp-content\/uploads\/2017\/12\/Conformity-certificat-models-W230MP-et-1803E.pdf\" target=\"_blank\" rel=\"noopener\"><span style=\"color: #008080;\">Cliquez ici<\/span><\/a><\/p>\n<p><strong>Certificat de conformit\u00e9 &#8211; G3000<\/strong><br \/>\nTous mod\u00e8les G\u00e9n\u00e9ration 3000<br \/>\n<a href=\"https:\/\/www.electroluxprofessional.com\/fr\/wp-content\/uploads\/2017\/12\/Conformity-certificat-G3000.pdf\" target=\"_blank\" rel=\"noopener\"><span style=\"color: #008080;\">Cliquez ici<\/span><\/a><\/p>\n<p><strong>Certificat de conformit\u00e9 &#8211; G4000 &#8211; G5000<\/strong><br \/>\nTous mod\u00e8les G\u00e9n\u00e9ration 4000 et 5000<br \/>\n<a href=\"https:\/\/www.electroluxprofessional.com\/fr\/wp-content\/uploads\/2017\/12\/Conformity-certificat-G4000-G5000.pdf\" target=\"_blank\" rel=\"noopener\"><span style=\"color: #008080;\">Cliquez ici<\/span><\/a>[\/vc_column_text][\/vc_column][\/vc_row]<\/p>\n","protected":false},"excerpt":{"rendered":"<p>[vc_row][vc_column][elx_heading font_container=&#8221;h1&#8243; font_size=&#8221;h2&#8243; text_color=&#8221;inherit&#8221;]L\u00e9gislation &amp; conformit\u00e9[\/elx_heading][\/vc_column][\/vc_row][vc_row][vc_column width=&#8221;1\/2&#8243;][vc_column_text]D\u00e9cret applicable en laverie automatique &#8211; accessible au public D\u00e9couvrez l&#8217;extrait du Journal Officiel du 28 mars reprenant le d\u00e9cret n\u00b0 2012-412 du 23 mars 2012 S\u00e9curit\u00e9 des laveuses en laverie &#8211; accessible au public Cliquez ici Certificat de conformit\u00e9 &#8211; FLE120 MP &#8211; Maxi HS PE &#8211; 12 [&hellip;]<\/p>\n","protected":false},"author":4,"featured_media":0,"parent":4484,"menu_order":0,"comment_status":"closed","ping_status":"closed","template":"","meta":{"footnotes":""},"class_list":["post-4503","page","type-page","status-publish","hentry"],"acf":[],"yoast_head":"<!-- This site is optimized with the Yoast SEO plugin v23.3 - https:\/\/yoast.com\/wordpress\/plugins\/seo\/ -->\n<title>L\u00e9gislation et Conformit\u00e9 Laverie Libre-Service | Electrolux Professional<\/title>\n<meta name=\"description\" content=\"Consultez les obligations l\u00e9gales et normes de conformit\u00e9 pour ouvrir une laverie automatique. Respect des standards PMR, s\u00e9curit\u00e9 et certifications requises.\" \/>\n<meta name=\"robots\" content=\"index, follow, max-snippet:-1, max-image-preview:large, max-video-preview:-1\" \/>\n<link rel=\"canonical\" href=\"https:\/\/www.electroluxprofessional.com\/fr\/solutions\/laverie-libre-service\/legislation-et-conformite\/\" \/>\n<meta property=\"og:locale\" content=\"fr_FR\" \/>\n<meta property=\"og:type\" content=\"article\" \/>\n<meta property=\"og:title\" content=\"L\u00e9gislation et Conformit\u00e9 Laverie Libre-Service | Electrolux Professional\" \/>\n<meta property=\"og:description\" content=\"Consultez les obligations l\u00e9gales et normes de conformit\u00e9 pour ouvrir une laverie automatique. Respect des standards PMR, s\u00e9curit\u00e9 et certifications requises.\" \/>\n<meta property=\"og:url\" content=\"https:\/\/www.electroluxprofessional.com\/fr\/solutions\/laverie-libre-service\/legislation-et-conformite\/\" \/>\n<meta property=\"og:site_name\" content=\"Electrolux Professional France\" \/>\n<meta property=\"article:modified_time\" content=\"2026-03-07T08:34:35+00:00\" \/>\n<meta name=\"twitter:card\" content=\"summary_large_image\" \/>\n<meta name=\"twitter:label1\" content=\"Dur\u00e9e de lecture estim\u00e9e\" \/>\n\t<meta name=\"twitter:data1\" content=\"3 minutes\" \/>\n<script type=\"application\/ld+json\" class=\"yoast-schema-graph\">{\"@context\":\"https:\/\/schema.org\",\"@graph\":[{\"@type\":\"WebPage\",\"@id\":\"https:\/\/www.electroluxprofessional.com\/fr\/solutions\/laverie-libre-service\/legislation-et-conformite\/\",\"url\":\"https:\/\/www.electroluxprofessional.com\/fr\/solutions\/laverie-libre-service\/legislation-et-conformite\/\",\"name\":\"L\u00e9gislation et Conformit\u00e9 Laverie Libre-Service | Electrolux Professional\",\"isPartOf\":{\"@id\":\"https:\/\/www.electroluxprofessional.com\/fr\/#website\"},\"datePublished\":\"2017-03-30T13:05:29+00:00\",\"dateModified\":\"2026-03-07T08:34:35+00:00\",\"description\":\"Consultez les obligations l\u00e9gales et normes de conformit\u00e9 pour ouvrir une laverie automatique. Respect des standards PMR, s\u00e9curit\u00e9 et certifications requises.\",\"breadcrumb\":{\"@id\":\"https:\/\/www.electroluxprofessional.com\/fr\/solutions\/laverie-libre-service\/legislation-et-conformite\/#breadcrumb\"},\"inLanguage\":\"fr-FR\",\"potentialAction\":[{\"@type\":\"ReadAction\",\"target\":[\"https:\/\/www.electroluxprofessional.com\/fr\/solutions\/laverie-libre-service\/legislation-et-conformite\/\"]}]},{\"@type\":\"BreadcrumbList\",\"@id\":\"https:\/\/www.electroluxprofessional.com\/fr\/solutions\/laverie-libre-service\/legislation-et-conformite\/#breadcrumb\",\"itemListElement\":[{\"@type\":\"ListItem\",\"position\":1,\"name\":\"Home\",\"item\":\"https:\/\/www.electroluxprofessional.com\/fr\/\"},{\"@type\":\"ListItem\",\"position\":2,\"name\":\"Solutions\",\"item\":\"https:\/\/www.electroluxprofessional.com\/fr\/solutions\/\"},{\"@type\":\"ListItem\",\"position\":3,\"name\":\"Concept maLaverie\u00ae : ouvrez votre business avec Electrolux Professional\",\"item\":\"https:\/\/www.electroluxprofessional.com\/fr\/solutions\/laverie-libre-service\/\"},{\"@type\":\"ListItem\",\"position\":4,\"name\":\"L\u00e9gislation et conformit\u00e9\"}]},{\"@type\":\"WebSite\",\"@id\":\"https:\/\/www.electroluxprofessional.com\/fr\/#website\",\"url\":\"https:\/\/www.electroluxprofessional.com\/fr\/\",\"name\":\"Electrolux Professional France\",\"description\":\"\",\"potentialAction\":[{\"@type\":\"SearchAction\",\"target\":{\"@type\":\"EntryPoint\",\"urlTemplate\":\"https:\/\/www.electroluxprofessional.com\/fr\/?src={search_term_string}\"},\"query-input\":\"required name=search_term_string\"}],\"inLanguage\":\"fr-FR\"}]}<\/script>\n<!-- \/ Yoast SEO plugin. -->","yoast_head_json":{"title":"L\u00e9gislation et Conformit\u00e9 Laverie Libre-Service | Electrolux Professional","description":"Consultez les obligations l\u00e9gales et normes de conformit\u00e9 pour ouvrir une laverie automatique. Respect des standards PMR, s\u00e9curit\u00e9 et certifications requises.","robots":{"index":"index","follow":"follow","max-snippet":"max-snippet:-1","max-image-preview":"max-image-preview:large","max-video-preview":"max-video-preview:-1"},"canonical":"https:\/\/www.electroluxprofessional.com\/fr\/solutions\/laverie-libre-service\/legislation-et-conformite\/","og_locale":"fr_FR","og_type":"article","og_title":"L\u00e9gislation et Conformit\u00e9 Laverie Libre-Service | Electrolux Professional","og_description":"Consultez les obligations l\u00e9gales et normes de conformit\u00e9 pour ouvrir une laverie automatique. Respect des standards PMR, s\u00e9curit\u00e9 et certifications requises.","og_url":"https:\/\/www.electroluxprofessional.com\/fr\/solutions\/laverie-libre-service\/legislation-et-conformite\/","og_site_name":"Electrolux Professional France","article_modified_time":"2026-03-07T08:34:35+00:00","twitter_card":"summary_large_image","twitter_misc":{"Dur\u00e9e de lecture estim\u00e9e":"3 minutes"},"schema":{"@context":"https:\/\/schema.org","@graph":[{"@type":"WebPage","@id":"https:\/\/www.electroluxprofessional.com\/fr\/solutions\/laverie-libre-service\/legislation-et-conformite\/","url":"https:\/\/www.electroluxprofessional.com\/fr\/solutions\/laverie-libre-service\/legislation-et-conformite\/","name":"L\u00e9gislation et Conformit\u00e9 Laverie Libre-Service | Electrolux Professional","isPartOf":{"@id":"https:\/\/www.electroluxprofessional.com\/fr\/#website"},"datePublished":"2017-03-30T13:05:29+00:00","dateModified":"2026-03-07T08:34:35+00:00","description":"Consultez les obligations l\u00e9gales et normes de conformit\u00e9 pour ouvrir une laverie automatique. Respect des standards PMR, s\u00e9curit\u00e9 et certifications requises.","breadcrumb":{"@id":"https:\/\/www.electroluxprofessional.com\/fr\/solutions\/laverie-libre-service\/legislation-et-conformite\/#breadcrumb"},"inLanguage":"fr-FR","potentialAction":[{"@type":"ReadAction","target":["https:\/\/www.electroluxprofessional.com\/fr\/solutions\/laverie-libre-service\/legislation-et-conformite\/"]}]},{"@type":"BreadcrumbList","@id":"https:\/\/www.electroluxprofessional.com\/fr\/solutions\/laverie-libre-service\/legislation-et-conformite\/#breadcrumb","itemListElement":[{"@type":"ListItem","position":1,"name":"Home","item":"https:\/\/www.electroluxprofessional.com\/fr\/"},{"@type":"ListItem","position":2,"name":"Solutions","item":"https:\/\/www.electroluxprofessional.com\/fr\/solutions\/"},{"@type":"ListItem","position":3,"name":"Concept maLaverie\u00ae : ouvrez votre business avec Electrolux Professional","item":"https:\/\/www.electroluxprofessional.com\/fr\/solutions\/laverie-libre-service\/"},{"@type":"ListItem","position":4,"name":"L\u00e9gislation et conformit\u00e9"}]},{"@type":"WebSite","@id":"https:\/\/www.electroluxprofessional.com\/fr\/#website","url":"https:\/\/www.electroluxprofessional.com\/fr\/","name":"Electrolux Professional France","description":"","potentialAction":[{"@type":"SearchAction","target":{"@type":"EntryPoint","urlTemplate":"https:\/\/www.electroluxprofessional.com\/fr\/?src={search_term_string}"},"query-input":"required name=search_term_string"}],"inLanguage":"fr-FR"}]}},"_links":{"self":[{"href":"https:\/\/www.electroluxprofessional.com\/fr\/wp-json\/wp\/v2\/pages\/4503"}],"collection":[{"href":"https:\/\/www.electroluxprofessional.com\/fr\/wp-json\/wp\/v2\/pages"}],"about":[{"href":"https:\/\/www.electroluxprofessional.com\/fr\/wp-json\/wp\/v2\/types\/page"}],"author":[{"embeddable":true,"href":"https:\/\/www.electroluxprofessional.com\/fr\/wp-json\/wp\/v2\/users\/4"}],"replies":[{"embeddable":true,"href":"https:\/\/www.electroluxprofessional.com\/fr\/wp-json\/wp\/v2\/comments?post=4503"}],"version-history":[{"count":11,"href":"https:\/\/www.electroluxprofessional.com\/fr\/wp-json\/wp\/v2\/pages\/4503\/revisions"}],"predecessor-version":[{"id":30815,"href":"https:\/\/www.electroluxprofessional.com\/fr\/wp-json\/wp\/v2\/pages\/4503\/revisions\/30815"}],"up":[{"embeddable":true,"href":"https:\/\/www.electroluxprofessional.com\/fr\/wp-json\/wp\/v2\/pages\/4484"}],"wp:attachment":[{"href":"https:\/\/www.electroluxprofessional.com\/fr\/wp-json\/wp\/v2\/media?parent=4503"}],"curies":[{"name":"wp","href":"https:\/\/api.w.org\/{rel}","templated":true}]}}