{"id":4484,"date":"2025-03-30T10:16:40","date_gmt":"2025-03-30T10:16:40","guid":{"rendered":"https:\/\/www.electroluxprofessional.com\/fr\/?page_id=4484"},"modified":"2026-03-17T15:31:09","modified_gmt":"2026-03-17T15:31:09","slug":"laverie-libre-service","status":"publish","type":"page","link":"https:\/\/www.electroluxprofessional.com\/fr\/solutions\/laverie-libre-service\/","title":{"rendered":"Concept maLaverie\u00ae : ouvrez votre business avec Electrolux Professional"},"content":{"rendered":"<p>[vc_row][vc_column][elx_heading font_container=&#8221;h1&#8243; text_color=&#8221;inherit&#8221;]maLaverie\u00ae : Le concept de laverie libre-service nouvelle g\u00e9n\u00e9ration[\/elx_heading][vc_empty_space][\/vc_column][\/vc_row][vc_row][vc_column width=&#8221;2\/3&#8243;][vc_column_text]<\/p>\n<h2 style=\"margin: 12.0pt 0cm 12.0pt 0cm;\"><span lang=\"fr\">Lancez-vous avec un concept de laverie rentable<\/span><\/h2>\n<p>Vous avez de grandes ambitions pour votre projet d\u2019ouverture de laverie? <strong>D\u00e9couvrez<\/strong> maLaverie\u00ae, la solution de <strong>r\u00e9f\u00e9rence<\/strong> pour les investisseurs qui souhaitent s&#8217;appuyer sur la <strong>notori\u00e9t\u00e9<\/strong> d&#8217;une <strong>grande marque comme <\/strong>Electrolux Professional. Plus qu&#8217;une simple installation, le <strong>concept de laverie<\/strong> maLaverie\u00ae est con\u00e7u pour vous propulser au premier rang du <strong>march\u00e9<\/strong> en France. Cette opportunit\u00e9 de business est id\u00e9ale pour une soci\u00e9t\u00e9 en pleine croissance.[\/vc_column_text][vc_empty_space][\/vc_column][vc_column width=&#8221;1\/3&#8243;][vc_empty_space][vc_single_image image=&#8221;16078&#8243; img_size=&#8221;large&#8221;][\/vc_column][\/vc_row][vc_row][vc_column][vc_row_inner][vc_column_inner][vc_single_image image=&#8221;16063&#8243; img_size=&#8221;full&#8221; alignment=&#8221;center&#8221;][vc_empty_space][\/vc_column_inner][\/vc_row_inner][vc_column_text]<strong>Electrolux Professional lance une nouvelle initiative globale en laverie libre-service<br \/>\n<\/strong>depuis l\u2019\u00e9tude jusqu\u2019\u00e0 la finition dans les moindres d\u00e9tails :<\/p>\n<ul>\n<li>Audit complet : \u00c9tude de faisabilit\u00e9, de rentabilit\u00e9 et analyse de la demande locale.<\/li>\n<li>Choix d\u2019\u00e9nergie et de fluide r\u00e9glementation et conformit\u00e9 s\u00e9curit\u00e9<\/li>\n<li>Plans 3D personnalis\u00e9s et suivi des \u00e9tapes de cr\u00e9ation.<\/li>\n<li>Financement et s\u00e9lection du <a href=\"https:\/\/www.electroluxprofessional.com\/fr\/materiel-laverie-hygiene\/\">mat\u00e9riel de laverie automatique sp\u00e9cifique<\/a>.<\/li>\n<li>Suivi de chantier, installation, mise en route et essai<\/li>\n<li>Formation<\/li>\n<li>Contrat de maintenance sur-mesure<\/li>\n<li>Garantie<\/li>\n<li>Support marketing et communication<\/li>\n<\/ul>\n<p>[\/vc_column_text][vc_empty_space][vc_column_text]<\/p>\n<h2><strong>maLaverie\u00ae, l\u2019investissement s\u00fbr : un concept modulable<\/strong><\/h2>\n<p>maLaverie\u00ae est la solution libre-service d\u2019aujourd\u2019hui, pens\u00e9e pour s\u2019adapter parfaitement \u00e0 votre zone de chalandise :<\/p>\n<ul>\n<li><strong>Version bungalow cl\u00e9s en main :<\/strong> Le concept de laverie en mod\u00e8les Mobile (bungalow sur un parking de supermarch\u00e9, pr\u00e8s d\u2019un lavage auto) et Plein Air (ouvert avec options de design adapt\u00e9s aux sites).<\/li>\n<li><strong>Version magasin avec accompagnement personnalis\u00e9 :<\/strong> Le mod\u00e8le Shop, id\u00e9al pour un local en centre-ville ou en zone rurale.<\/li>\n<\/ul>\n<p><strong>\u00a0<\/strong>[\/vc_column_text][\/vc_column][\/vc_row][vc_row][vc_column][vc_column_text]<\/p>\n<h3 style=\"margin: 12.0pt 0cm 12.0pt 0cm;\"><span lang=\"fr\">Comparaison des formats de modules<\/span><\/h3>\n<p>Nos formats permettent de choisir celui qui correspond <strong>parfaitement<\/strong> \u00e0 votre zone d&#8217;implantation :<\/p>\n<table style=\"height: 335px;\" width=\"883\">\n<tbody>\n<tr>\n<td width=\"129\"><strong>Mod\u00e8le de module<\/strong><\/td>\n<td width=\"206\"><strong>Type d&#8217;emplacement<\/strong><\/td>\n<td width=\"267\"><strong>Concept de service<\/strong><\/td>\n<\/tr>\n<tr>\n<td width=\"129\"><strong>maLaverie\u00ae Shop<\/strong><\/td>\n<td width=\"206\">Centre-ville, zone rurale<\/td>\n<td width=\"267\"><strong>Laverie libre service<\/strong> classique et conviviale<\/td>\n<\/tr>\n<tr>\n<td width=\"129\"><strong>Module Mobile<\/strong><\/td>\n<td width=\"206\">Parking, station de lavage<\/td>\n<td width=\"267\">Bungalow <strong>automatique<\/strong> &#8220;Plug &amp; Play&#8221;<\/td>\n<\/tr>\n<tr>\n<td width=\"129\"><strong>Plein Air<\/strong><\/td>\n<td width=\"206\">Camping, marina, station essence<\/td>\n<td width=\"267\"><strong>Libre service la laverie<\/strong> accessible 24h\/24<\/td>\n<\/tr>\n<\/tbody>\n<\/table>\n<p>[\/vc_column_text][vc_column_text]<\/p>\n<h3><strong>Des opportunit\u00e9s de march\u00e9s multiples<\/strong><\/h3>\n<p>Les emplacements pour les laveries automatiques sont nombreux : campings, marinas, stations de ski, quartiers \u00e9tudiants, et les nouvelles tendances de magasins mixtes comme le Pressing\/laverie. Ce march\u00e9 en forte expansion offre une r\u00e9elle p\u00e9rennit\u00e9 \u00e0 votre projet.<\/p>\n<h3><strong>Rentabilit\u00e9 : Optimisez votre chiffre d&#8217;affaires<\/strong><\/h3>\n<p>Plus votre \u00e9tablissement est accueillant, s\u00fbr et rapide, plus il est utilis\u00e9. Multiplier les cycles de lavage, c\u2019est g\u00e9n\u00e9rer du CA et acc\u00e9l\u00e9rer l\u2019amortissement du mat\u00e9riel.<\/p>\n<table style=\"height: 327px;\" width=\"887\">\n<tbody>\n<tr>\n<td width=\"211\"><strong>\u00c9quipement Professionnel<\/strong><\/td>\n<td width=\"176\"><strong>Usage Principal<\/strong><\/td>\n<td width=\"214\"><strong>B\u00e9n\u00e9fice Client<\/strong><\/td>\n<\/tr>\n<tr>\n<td width=\"211\">Lave-linge haute performance<\/td>\n<td width=\"176\">Lavage de gros volumes<\/td>\n<td width=\"214\">Linge propre et soign\u00e9<\/td>\n<\/tr>\n<tr>\n<td width=\"211\">S\u00e9choirs rotatifs<\/td>\n<td width=\"176\">S\u00e9chage ultra-rapide<\/td>\n<td width=\"214\">Gain de temps et libre service<\/td>\n<\/tr>\n<tr>\n<td width=\"211\">Centrale de paiement<\/td>\n<td width=\"176\">Gestion automatique<\/td>\n<td width=\"214\">Paiement par carte ou esp\u00e8ces<\/td>\n<\/tr>\n<\/tbody>\n<\/table>\n<p>[\/vc_column_text][vc_column_text]<\/p>\n<h2><strong>Une laverie rentable et durable<\/strong><\/h2>\n<p>Investir dans la laverie libre-service est un choix strat\u00e9gique. En plus de la rentabilit\u00e9, notre concept de laverie est conforme aux trois piliers du d\u00e9veloppement durable :<\/p>\n<ol>\n<li><strong>\u00c9conomique :<\/strong> Une solution de proximit\u00e9 pour l&#8217;entretien des textiles.<\/li>\n<li><strong>Social :<\/strong> Un lieu accueillant o\u00f9 il est possible de socialiser.<\/li>\n<li><strong>\u00c9cologique :<\/strong> Une laveuse pro est con\u00e7ue pour 30 000 cycles (contre 2 000 pour une machine domestique). Le syst\u00e8me <strong>Efficient Dosing<\/strong> permet d&#8217;\u00e9conomiser jusqu&#8217;\u00e0 <strong>20% de lessive<\/strong>.<\/li>\n<\/ol>\n<p>[\/vc_column_text][\/vc_column][\/vc_row][vc_row disable_element=&#8221;yes&#8221;][vc_column width=&#8221;1\/2&#8243;][vc_column_text]<\/p>\n<p style=\"text-align: justify;\"><strong>Opportunit\u00e9s<br \/>\nLes opportunit\u00e9s de march\u00e9s laveries libre-service sont multiples.<\/strong><br \/>\nLaverie shop, laveries bungalow, campings, marinas, stations de ski, stations baln\u00e9aires, stations essence, stations de lavage auto, parkings de supermarch\u00e9s, galeries marchandes, quartiers \u00e9tudiants ou jeunes travailleurs, et les toutes nouvelles tendances de magasins mixtes comme le Pressing\/laverie ou les Restaurants\/caf\u00e9s\/laveries.<strong><br \/>\n<\/strong><\/p>\n<p>[\/vc_column_text][vc_empty_space][vc_column_text]<\/p>\n<p style=\"text-align: justify;\"><strong>Rentabilit\u00e9<br \/>\n<\/strong><strong>L\u2019activit\u00e9 laverie automatique est rentable.<\/strong><br \/>\nPlus la laverie est accueillante, s\u00fbre et rapide, voire connect\u00e9e, plus elle est utilis\u00e9e. Multiplier les cycles de lavage, c\u2019est g\u00e9n\u00e9rer du CA, c\u2019est acc\u00e9l\u00e9rer l\u2019amortissement des \u00e9quipements et c\u2019est r\u00e9aliser du b\u00e9n\u00e9fice qui repr\u00e9sente g\u00e9n\u00e9ralement en moyenne 30% du CA. Electrolux Professional a con\u00e7u un calculateur pour faire l\u2019\u00e9tude de la rentabilit\u00e9 de votre projet de laverie.<\/p>\n<p>[\/vc_column_text][\/vc_column][vc_column width=&#8221;1\/2&#8243;][vc_column_text]<\/p>\n<p style=\"text-align: justify;\"><strong>Nouvelle g\u00e9n\u00e9ration<br \/>\n<\/strong><strong>La laverie libre-service est connect\u00e9e aux nouvelles habitudes de consommation et de vie.<\/strong><br \/>\nAu quotidien ou pour les vacances, aujourd\u2019hui le monde est \u201cnomade\u201d. Une valise toujours pr\u00eate, un agenda charg\u00e9 ou des envies de voyages\u2026 Businessmen, couples ou familles aiment aujourd\u2019hui \u201cvoyager l\u00e9ger\u201d, mais veulent pouvoir se changer chaque jour. L\u2019\u00e9volution des textiles va aussi dans ce sens et aujourd\u2019hui de nombreuses pi\u00e8ces difficiles \u00e0 nettoyer \u00e0 la maison sont ultra simples en laveries : couettes, \u00e9dredons, couvertures, oreillers, v\u00eatements de sport&#8230;<\/p>\n<p>[\/vc_column_text][vc_empty_space][vc_column_text]<\/p>\n<p style=\"text-align: justify;\"><strong>D\u00e9veloppement durable<br \/>\n<\/strong><strong>L\u2019activit\u00e9 laverie libre-service est conforme aux trois piliers.<br \/>\n<\/strong><\/p>\n<ul>\n<li style=\"text-align: justify;\"><em>Economique :<\/em> la laverie propose \u00e0 l\u2019ensemble de la population une solution de proximit\u00e9 pour l\u2019entretien de leurs v\u00eatements et textiles.<\/li>\n<li style=\"text-align: justify;\"><em>Social :<\/em> la laverie propose \u00e0 toutes les g\u00e9n\u00e9rations un lieu accueillant, o\u00f9 il est possible de joindre l\u2019utile \u00e0 l\u2019agr\u00e9able et de socialiser.<\/li>\n<li style=\"text-align: justify;\"><em>Ecologique :<\/em> une laverie \u00e9quip\u00e9 d\u2019\u00e9quipements professionnels, ce sont des \u00e9conomies d\u2019\u00e9nergies et de fluides, mais aussi moins de d\u00e9chets. Par exemple, une laveuse professionnelle est con\u00e7ue pour durer 30000 cycles compar\u00e9e \u00e0 2000 cycles pour une machine \u00e0 laver domestique.<\/li>\n<\/ul>\n<p>[\/vc_column_text][\/vc_column][\/vc_row][vc_row][vc_column][elx_heading text_color=&#8221;inherit&#8221;]MaLaverie, des innovations pour se d\u00e9marquer[\/elx_heading][vc_column_text]<strong>Nouveau design<\/strong><br \/>\nAvec son look moderne et agr\u00e9able, maLaverie\u00ae propose un environnement doux et moderne \u00e0 la fois.<\/p>\n<p><strong>Connect\u00e9e<\/strong><br \/>\nLe TMIS\u2122, Syst\u00e8me de gestion et d\u2019information par sms se r\u00e9v\u00e8le un outil marketing tr\u00e8s pr\u00e9cieux pour vous diff\u00e9rentier de la concurrence, attirer de nouveaux clients, fid\u00e9liser la client\u00e8le mais aussi optimiser les co\u00fbts de gestion.<\/p>\n<p><strong>Encore plus d\u2019\u00e9conomies<\/strong><br \/>\nEfficient Dosing, l\u2019injection automatique de la quantit\u00e9 exacte de produits lessiviels. Pas d\u2019usure pr\u00e9matur\u00e9e du linge, moins de rejets. Jusqu\u2019\u00e0 20% d\u2019\u00e9conomies de produits lessiviels.<\/p>\n<p><strong>Communication<\/strong><br \/>\nLe Kit de Communication maLaverie\u00ae propose des \u00e9l\u00e9ments de signal\u00e9tique pour informer vos clients et pour promotionner la laverie : affiches instructions de lavage \/ s\u00e9chage, posters d\u00e9crets et s\u00e9curit\u00e9, autocollants vitrines, enseigne lumineuse, conseils pour vos flyers ou newsletters.[\/vc_column_text][\/vc_column][\/vc_row][vc_row][vc_column width=&#8221;3\/4&#8243;][elx_heading text_color=&#8221;inherit&#8221;]\u00c9quipez votre laverie avec la gamme Line 6000[\/elx_heading][vc_column_text]Pour un investisseur, la fiabilit\u00e9 du <strong>mat\u00e9riel<\/strong> est le moteur du succ\u00e8s. Nos <strong>machines \u00e0 laver et s\u00e9choirs professionnels<\/strong> apportent des r\u00e9sultats de lavage et de s\u00e9chage de qualit\u00e9 en un temps record.<\/p>\n<ul>\n<li><strong><a href=\"https:\/\/www.electroluxprofessional.com\/fr\/equipement-blanchisserie\/lave-linge-professionnels-line-6000\/\">Laveuses professionnelles Line 6000<\/a> (7 \u00e0 33kg) :<\/strong> Dot\u00e9es de<a href=\"https:\/\/www.electroluxprofessional.com\/fr\/equipement-blanchisserie\/lave-linge-professionnels\/\"> l&#8217;interface <strong>ClarusVibe<\/strong> ou du programmateur <strong>Compass Pro<\/strong><\/a>, elles offrent une interaction fluide et simple d&#8217;utilisation. Leur <a href=\"https:\/\/www.electroluxprofessional.com\/fr\/origine-tms\/\">conception ergonomique certifi\u00e9e 4 \u00e9toiles<\/a> r\u00e9duit les contraintes physiques tout en garantissant un linge <strong>propre<\/strong>.<\/li>\n<li><strong><a href=\"https:\/\/www.electroluxprofessional.com\/fr\/equipement-blanchisserie\/seche-linge-professionnels-line-6000\/\">S\u00e8che-linge\u00a0 professionnels<\/a> :<\/strong> Ces \u00e9quipements assurent un s\u00e9chage rapide et uniforme. Leur efficacit\u00e9 \u00e9nerg\u00e9tique et leur s\u00e9curit\u00e9 thermique sont optimis\u00e9es pour une productivit\u00e9 maximale de votre <strong>laverie automatique<\/strong>.<\/li>\n<\/ul>\n<p>[\/vc_column_text][\/vc_column][vc_column width=&#8221;1\/4&#8243;][vc_empty_space][vc_empty_space][vc_single_image image=&#8221;25374&#8243; img_size=&#8221;medium&#8221; alignment=&#8221;center&#8221;][\/vc_column][\/vc_row][vc_row][vc_column width=&#8221;1\/4&#8243;][vc_empty_space][vc_single_image image=&#8221;16082&#8243; img_size=&#8221;full&#8221;][\/vc_column][vc_column width=&#8221;3\/4&#8243;][vc_empty_space][elx_heading text_color=&#8221;inherit&#8221;]Envie d&#8217;\u00eatre unique ?[\/elx_heading][vc_empty_space][vc_column_text]<strong>Electrolux Professional a d\u00e9velopp\u00e9 un nouveau concept store pour les investisseurs qui veulent construire un projet unique en France et \u00eatre vraiment diff\u00e9rents.<\/strong><\/p>\n<p><strong>Design unique<\/strong><br \/>\nD\u00e9velopp\u00e9 par des architectes d\u2019int\u00e9rieur qui allie modernit\u00e9 et ambiance chaleureuse et qui refl\u00e8te les valeurs fortes de la marque Electrolux Professional.<\/p>\n<p><strong>Ecologie<\/strong><br \/>\nUn mur de mousse naturelle, des si\u00e8ges avec assises en Bamboo naturel.<\/p>\n<p><strong>Haut de gamme et Qualit\u00e9<\/strong><br \/>\nLes encadrements des machines et des portes sont un clin d\u2019oeil \u00e0 la construction robuste.<\/p>\n<p><strong>Performance et Economie<br \/>\n<\/strong>Le super essorage et l\u2019efficient dosing sur les laveuses et l\u2019EcoPower sur les s\u00e8che-linge.<\/p>\n<p><strong>Le Concept Store par Electrolux Professional, une exp\u00e9rience unique.<\/strong>[\/vc_column_text][\/vc_column][\/vc_row][vc_row][vc_column][elx_heading text_color=&#8221;inherit&#8221; text_align=&#8221;text-center&#8221;]Vous souhaitez plus d&#8217;informations ?<br \/>\nContactez-nous via notre formulaire :[\/elx_heading][elx_o2000_contact_us s=&#8221;Demande de renseignements MaLaverie&#8221; country=&#8221;France&#8221; b=&#8221;laundry&#8221; container=&#8221;elxcontactus1490870997&#8243; r=&#8221;Je souhaite \u00eatre recontact\u00e9(e) pour avoir plus d&#8217;informations concernant MaLaverie.&#8221; e=&#8221;professionnel@electrolux.com&#8221; l=&#8221;fr&#8221;][vc_empty_space][\/vc_column][\/vc_row][vc_row][vc_column width=&#8221;1\/3&#8243;][vc_single_image image=&#8221;30864&#8243; img_size=&#8221;medium&#8221;][\/vc_column][vc_column width=&#8221;2\/3&#8243;][elx_heading text_color=&#8221;inherit&#8221;]D\u00e9j\u00e0 exploitant d&#8217;une laverie libre-service Electrolux Professional ?[\/elx_heading][vc_column_text]D\u00e9couvrez\u00a0le d\u00e9cret applicable en laverie automatique et les certificats de conformit\u00e9 des mat\u00e9riels Electrolux Professional.[\/vc_column_text][vc_empty_space height=&#8221;15px&#8221;][elx_button button_text=&#8221;Consulter le d\u00e9cret&#8221; button_link=&#8221;url:https%3A%2F%2Fwww.electroluxprofessional.com%2Ffr%2Fsolutions%2Flaverie-libre-service%2Flegislation-et-conformite%2F|title:L%C3%A9gislation%20et%20conformit%C3%A9&#8243;][\/vc_column][\/vc_row][vc_row][vc_column][vc_empty_space][\/vc_column][\/vc_row]<\/p>\n","protected":false},"excerpt":{"rendered":"<p>[vc_row][vc_column][elx_heading font_container=&#8221;h1&#8243; text_color=&#8221;inherit&#8221;]maLaverie\u00ae : Le concept de laverie libre-service nouvelle g\u00e9n\u00e9ration[\/elx_heading][vc_empty_space][\/vc_column][\/vc_row][vc_row][vc_column width=&#8221;2\/3&#8243;][vc_column_text] Lancez-vous avec un concept de laverie rentable Vous avez de grandes ambitions pour votre projet d\u2019ouverture de laverie? D\u00e9couvrez maLaverie\u00ae, la solution de r\u00e9f\u00e9rence pour les investisseurs qui souhaitent s&#8217;appuyer sur la notori\u00e9t\u00e9 d&#8217;une grande marque comme Electrolux Professional. Plus qu&#8217;une simple installation, [&hellip;]<\/p>\n","protected":false},"author":4,"featured_media":0,"parent":2593,"menu_order":0,"comment_status":"closed","ping_status":"closed","template":"","meta":{"footnotes":""},"class_list":["post-4484","page","type-page","status-publish","hentry"],"acf":[],"yoast_head":"<!-- This site is optimized with the Yoast SEO plugin v23.3 - https:\/\/yoast.com\/wordpress\/plugins\/seo\/ -->\n<title>Laverie Libre Service | Electrolux Professional<\/title>\n<meta name=\"description\" content=\"Laverie : Devenez propri\u00e9taire d&#039;une laverie automatique avec le concept MaLaverie. \u00c9quipements haute performance, \u00e9conomies d&#039;\u00e9nergie et accompagnement d&#039;experts.\" \/>\n<meta name=\"robots\" content=\"index, follow, max-snippet:-1, max-image-preview:large, max-video-preview:-1\" \/>\n<link rel=\"canonical\" href=\"https:\/\/www.electroluxprofessional.com\/fr\/solutions\/laverie-libre-service\/\" \/>\n<meta property=\"og:locale\" content=\"fr_FR\" \/>\n<meta property=\"og:type\" content=\"article\" \/>\n<meta property=\"og:title\" content=\"Laverie Libre Service | Electrolux Professional\" \/>\n<meta property=\"og:description\" content=\"Laverie : Devenez propri\u00e9taire d&#039;une laverie automatique avec le concept MaLaverie. \u00c9quipements haute performance, \u00e9conomies d&#039;\u00e9nergie et accompagnement d&#039;experts.\" \/>\n<meta property=\"og:url\" content=\"https:\/\/www.electroluxprofessional.com\/fr\/solutions\/laverie-libre-service\/\" \/>\n<meta property=\"og:site_name\" content=\"Electrolux Professional France\" \/>\n<meta property=\"article:modified_time\" content=\"2026-03-17T15:31:09+00:00\" \/>\n<meta name=\"twitter:card\" content=\"summary_large_image\" \/>\n<meta name=\"twitter:label1\" content=\"Dur\u00e9e de lecture estim\u00e9e\" \/>\n\t<meta name=\"twitter:data1\" content=\"8 minutes\" \/>\n<script type=\"application\/ld+json\" class=\"yoast-schema-graph\">{\"@context\":\"https:\/\/schema.org\",\"@graph\":[{\"@type\":\"WebPage\",\"@id\":\"https:\/\/www.electroluxprofessional.com\/fr\/solutions\/laverie-libre-service\/\",\"url\":\"https:\/\/www.electroluxprofessional.com\/fr\/solutions\/laverie-libre-service\/\",\"name\":\"Laverie Libre Service | Electrolux Professional\",\"isPartOf\":{\"@id\":\"https:\/\/www.electroluxprofessional.com\/fr\/#website\"},\"datePublished\":\"2025-03-30T10:16:40+00:00\",\"dateModified\":\"2026-03-17T15:31:09+00:00\",\"description\":\"Laverie : Devenez propri\u00e9taire d'une laverie automatique avec le concept MaLaverie. \u00c9quipements haute performance, \u00e9conomies d'\u00e9nergie et accompagnement d'experts.\",\"breadcrumb\":{\"@id\":\"https:\/\/www.electroluxprofessional.com\/fr\/solutions\/laverie-libre-service\/#breadcrumb\"},\"inLanguage\":\"fr-FR\",\"potentialAction\":[{\"@type\":\"ReadAction\",\"target\":[\"https:\/\/www.electroluxprofessional.com\/fr\/solutions\/laverie-libre-service\/\"]}]},{\"@type\":\"BreadcrumbList\",\"@id\":\"https:\/\/www.electroluxprofessional.com\/fr\/solutions\/laverie-libre-service\/#breadcrumb\",\"itemListElement\":[{\"@type\":\"ListItem\",\"position\":1,\"name\":\"Home\",\"item\":\"https:\/\/www.electroluxprofessional.com\/fr\/\"},{\"@type\":\"ListItem\",\"position\":2,\"name\":\"Solutions\",\"item\":\"https:\/\/www.electroluxprofessional.com\/fr\/solutions\/\"},{\"@type\":\"ListItem\",\"position\":3,\"name\":\"Concept maLaverie\u00ae : ouvrez votre business avec Electrolux Professional\"}]},{\"@type\":\"WebSite\",\"@id\":\"https:\/\/www.electroluxprofessional.com\/fr\/#website\",\"url\":\"https:\/\/www.electroluxprofessional.com\/fr\/\",\"name\":\"Electrolux Professional France\",\"description\":\"\",\"potentialAction\":[{\"@type\":\"SearchAction\",\"target\":{\"@type\":\"EntryPoint\",\"urlTemplate\":\"https:\/\/www.electroluxprofessional.com\/fr\/?src={search_term_string}\"},\"query-input\":\"required name=search_term_string\"}],\"inLanguage\":\"fr-FR\"}]}<\/script>\n<!-- \/ Yoast SEO plugin. -->","yoast_head_json":{"title":"Laverie Libre Service | Electrolux Professional","description":"Laverie : Devenez propri\u00e9taire d'une laverie automatique avec le concept MaLaverie. \u00c9quipements haute performance, \u00e9conomies d'\u00e9nergie et accompagnement d'experts.","robots":{"index":"index","follow":"follow","max-snippet":"max-snippet:-1","max-image-preview":"max-image-preview:large","max-video-preview":"max-video-preview:-1"},"canonical":"https:\/\/www.electroluxprofessional.com\/fr\/solutions\/laverie-libre-service\/","og_locale":"fr_FR","og_type":"article","og_title":"Laverie Libre Service | Electrolux Professional","og_description":"Laverie : Devenez propri\u00e9taire d'une laverie automatique avec le concept MaLaverie. \u00c9quipements haute performance, \u00e9conomies d'\u00e9nergie et accompagnement d'experts.","og_url":"https:\/\/www.electroluxprofessional.com\/fr\/solutions\/laverie-libre-service\/","og_site_name":"Electrolux Professional France","article_modified_time":"2026-03-17T15:31:09+00:00","twitter_card":"summary_large_image","twitter_misc":{"Dur\u00e9e de lecture estim\u00e9e":"8 minutes"},"schema":{"@context":"https:\/\/schema.org","@graph":[{"@type":"WebPage","@id":"https:\/\/www.electroluxprofessional.com\/fr\/solutions\/laverie-libre-service\/","url":"https:\/\/www.electroluxprofessional.com\/fr\/solutions\/laverie-libre-service\/","name":"Laverie Libre Service | Electrolux Professional","isPartOf":{"@id":"https:\/\/www.electroluxprofessional.com\/fr\/#website"},"datePublished":"2025-03-30T10:16:40+00:00","dateModified":"2026-03-17T15:31:09+00:00","description":"Laverie : Devenez propri\u00e9taire d'une laverie automatique avec le concept MaLaverie. \u00c9quipements haute performance, \u00e9conomies d'\u00e9nergie et accompagnement d'experts.","breadcrumb":{"@id":"https:\/\/www.electroluxprofessional.com\/fr\/solutions\/laverie-libre-service\/#breadcrumb"},"inLanguage":"fr-FR","potentialAction":[{"@type":"ReadAction","target":["https:\/\/www.electroluxprofessional.com\/fr\/solutions\/laverie-libre-service\/"]}]},{"@type":"BreadcrumbList","@id":"https:\/\/www.electroluxprofessional.com\/fr\/solutions\/laverie-libre-service\/#breadcrumb","itemListElement":[{"@type":"ListItem","position":1,"name":"Home","item":"https:\/\/www.electroluxprofessional.com\/fr\/"},{"@type":"ListItem","position":2,"name":"Solutions","item":"https:\/\/www.electroluxprofessional.com\/fr\/solutions\/"},{"@type":"ListItem","position":3,"name":"Concept maLaverie\u00ae : ouvrez votre business avec Electrolux Professional"}]},{"@type":"WebSite","@id":"https:\/\/www.electroluxprofessional.com\/fr\/#website","url":"https:\/\/www.electroluxprofessional.com\/fr\/","name":"Electrolux Professional France","description":"","potentialAction":[{"@type":"SearchAction","target":{"@type":"EntryPoint","urlTemplate":"https:\/\/www.electroluxprofessional.com\/fr\/?src={search_term_string}"},"query-input":"required name=search_term_string"}],"inLanguage":"fr-FR"}]}},"_links":{"self":[{"href":"https:\/\/www.electroluxprofessional.com\/fr\/wp-json\/wp\/v2\/pages\/4484"}],"collection":[{"href":"https:\/\/www.electroluxprofessional.com\/fr\/wp-json\/wp\/v2\/pages"}],"about":[{"href":"https:\/\/www.electroluxprofessional.com\/fr\/wp-json\/wp\/v2\/types\/page"}],"author":[{"embeddable":true,"href":"https:\/\/www.electroluxprofessional.com\/fr\/wp-json\/wp\/v2\/users\/4"}],"replies":[{"embeddable":true,"href":"https:\/\/www.electroluxprofessional.com\/fr\/wp-json\/wp\/v2\/comments?post=4484"}],"version-history":[{"count":54,"href":"https:\/\/www.electroluxprofessional.com\/fr\/wp-json\/wp\/v2\/pages\/4484\/revisions"}],"predecessor-version":[{"id":31184,"href":"https:\/\/www.electroluxprofessional.com\/fr\/wp-json\/wp\/v2\/pages\/4484\/revisions\/31184"}],"up":[{"embeddable":true,"href":"https:\/\/www.electroluxprofessional.com\/fr\/wp-json\/wp\/v2\/pages\/2593"}],"wp:attachment":[{"href":"https:\/\/www.electroluxprofessional.com\/fr\/wp-json\/wp\/v2\/media?parent=4484"}],"curies":[{"name":"wp","href":"https:\/\/api.w.org\/{rel}","templated":true}]}}