{"id":4312,"date":"2017-03-28T12:42:35","date_gmt":"2017-03-28T12:42:35","guid":{"rendered":"https:\/\/www.electroluxprofessional.com\/fr\/?page_id=4312"},"modified":"2026-04-13T17:14:07","modified_gmt":"2026-04-13T17:14:07","slug":"thermaline","status":"publish","type":"page","link":"https:\/\/www.electroluxprofessional.com\/fr\/equipement-cuisine\/thermaline\/","title":{"rendered":"Thermaline"},"content":{"rendered":"<p>[vc_row full_width=&#8221;electroluxpro-full-width-no-padding&#8221; disable_element=&#8221;yes&#8221;][vc_column][elx_image_block background_image=&#8221;10888&#8243; minimum_height=&#8221;350px&#8221;][\/vc_column][\/vc_row][vc_row][vc_column][elx_image_block background_image=&#8221;16140&#8243; minimum_height=&#8221;550px&#8221;][vc_empty_space][\/vc_column][\/vc_row][vc_row][vc_column][vc_empty_space][elx_heading font_container=&#8221;h1&#8243; font_size=&#8221;h3&#8243; text_color=&#8221;inherit&#8221; text_align=&#8221;text-left&#8221;]Fourneaux Thermaline[\/elx_heading][elx_heading font_container=&#8221;h3&#8243; font_size=&#8221;h5&#8243; text_color=&#8221;inherit&#8221; text_align=&#8221;text-left&#8221;]L\u2019excellence Suisse pour des cuisines premium sur-mesure.[\/elx_heading][vc_column_text]Thermaline est la solution de cuisson haut de gamme pour votre cuisine professionnelle. C\u2019est aussi un savoir-faire, une expertise et une technologie de pointe, dont l\u2019histoire Suisse remonte \u00e0 1871.[\/vc_column_text][\/vc_column][\/vc_row][vc_row][vc_column width=&#8221;2\/3&#8243;][vc_empty_space height=&#8221;50px&#8221;][vc_single_image image=&#8221;16142&#8243; img_size=&#8221;large&#8221; alignment=&#8221;center&#8221;][\/vc_column][vc_column width=&#8221;1\/3&#8243;][vc_empty_space][vc_empty_space][elx_heading font_size=&#8221;h3&#8243; text_color=&#8221;inherit&#8221;]Thermaline M2M[\/elx_heading][vc_column_text]La ligne M2M a \u00e9t\u00e9 con\u00e7ue pour offrir \u00e0 chaque grand chef un partenaire durable, r\u00e9pondant aux exigences des h\u00f4tels cinq \u00e9toiles et des restaurants gastronomiques. Reconnus comme r\u00e9f\u00e9rence dans le monde de la cuisine professionnelle, les fourneaux therma<em>line<\/em> combinent les derni\u00e8res technologies professionnelles, un design suisse et une fiabilit\u00e9 \u00e0 toutes \u00e9preuves.[\/vc_column_text][\/vc_column][\/vc_row][vc_row][vc_column][vc_empty_space][vc_empty_space][elx_heading font_container=&#8221;h3&#8243; font_size=&#8221;h5&#8243; text_color=&#8221;inherit&#8221;]R\u00e9compens\u00e9e pour son design unique[\/elx_heading][vc_column_text]La gamme thermaline M2M a remport\u00e9 le Red Dot Design en 2014, l\u2019une des r\u00e9compenses les plus reconnues \u00e0 travers le monde en mati\u00e8re de design.[\/vc_column_text][\/vc_column][\/vc_row][vc_row][vc_column][vc_empty_space][\/vc_column][\/vc_row][vc_row][vc_column][vc_row_inner][vc_column_inner][elx_download_block text=&#8221;therma book&#8221; document_type=&#8221;brochures&#8221; background_color=&#8221;electrolux-blue&#8221; background_hover_color=&#8221;lighter-hover&#8221; background_image=&#8221;10889&#8243; br_document_number=&#8221;BR-9JE00020&#8243;][elx_download_block text=&#8221;T\u00e9l\u00e9charger la brochure&#8221; document_type=&#8221;brochures&#8221; background_color=&#8221;orange&#8221; background_image=&#8221;10890&#8243; br_document_number=&#8221;BR-9JE00147&#8243;][\/vc_column_inner][\/vc_row_inner][vc_empty_space][elx_heading font_container=&#8221;h3&#8243; font_size=&#8221;h5&#8243; text_color=&#8221;inherit&#8221;]Un design suisse incomparable, des possibilit\u00e9s infinies.[\/elx_heading][vc_column_text]<\/p>\n<p style=\"text-align: left;\"><strong>Productivit\u00e9, pr\u00e9cision et performance.<\/strong><br \/>\n<strong>Un chef-d&#8217;\u0153uvre multifonctionnel cr\u00e9\u00e9 pour chaque grand chef.<\/strong><\/p>\n<p>[\/vc_column_text][vc_empty_space][\/vc_column][\/vc_row][vc_row content_placement=&#8221;top&#8221;][vc_column width=&#8221;1\/2&#8243;][vc_single_image image=&#8221;10892&#8243; img_size=&#8221;full&#8221;][elx_heading font_size=&#8221;h2&#8243; text_color=&#8221;inherit&#8221; text_align=&#8221;text-left&#8221; css=&#8221;.vc_custom_1608656377220{padding-top: 50px !important;padding-bottom: 50px !important;}&#8221;]thermaline modulaire 80 &amp; 90<br \/>\n[\/elx_heading][vc_column_text]Thermaline est la solution de cuisson premium compos\u00e9e de <strong>plus de 600 fonctions de cuisson<\/strong> pour s\u2018adapter au mieux \u00e0 votre cuisine et d\u2019une solide structure interne pour vous accompagner sur le long terme.<\/p>\n<p>Le panneau de commande sur fond fonc\u00e9 avec r\u00e9tro-\u00e9clairage LED unique sur le march\u00e9 offre<strong> une visibilit\u00e9 et une lisibilit\u00e9 parfaite<\/strong> dans toute la cuisine. Les boutons silicon\u00e9s permettent une meilleure prise en main dans toutes les conditions et une hygi\u00e8ne parfaite.<\/p>\n<p>Les Thermodules entre chaque fonction rendent <strong>le fourneau herm\u00e9tique (IPx5)<\/strong>. Ainsi le fourneau ne risque aucune infiltration d\u2019eau ou de graisse.<\/p>\n<p>Les finitions Thermaline 800 et 900 offrent la plus grande souplesse d\u2019installation : adoss\u00e9, en \u00eelot central, dos \u00e0 dos, suspendu\u2026 pos\u00e9 sur pieds, avec des plinthes, sur socle b\u00e9ton, socle inox\u2026 en dessus unique \u00e9paisseur 30\/10\u00b0, en modulaire\u2026 <strong>une solution sur-mesure est possible pour chaque cuisine professionnelle !<\/strong>[\/vc_column_text][\/vc_column][vc_column width=&#8221;1\/2&#8243;][vc_single_image image=&#8221;10893&#8243; img_size=&#8221;full&#8221;][elx_heading font_size=&#8221;h2&#8243; text_color=&#8221;inherit&#8221; text_align=&#8221;text-left&#8221; css=&#8221;.vc_custom_1608656386072{padding-top: 50px !important;padding-bottom: 50px !important;}&#8221;]thermaline modular 85[\/elx_heading][vc_column_text]Thermaline 85 est la solution premium simple pour toutes les cuisines. Les finitions inox et les \u00e9l\u00e9ments silicon\u00e9s offrent <strong>une hygi\u00e8ne parfaite et une plus longue dur\u00e9e de vie du fourneau.<\/strong><\/p>\n<p>Les Thermodules entre chaque fonction rendent<strong> le fourneau herm\u00e9tique (IPx5)<\/strong>. Ainsi le fourneau ne risque aucune infiltration d\u2019eau ou de graisse.<\/p>\n<p>Thermaline 85 s\u2019installe en adoss\u00e9 contre un mur et se pose sur pieds, avec des plinthes si besoin, ou sur socle b\u00e9ton ou socle inox. Elle peut \u00eatre en dessus unique \u00e9paisseur 30\/10 \u00b0 ou en modulaire pour s\u2019adapter au besoin de chaque cuisine ![\/vc_column_text][vc_row_inner][vc_column_inner width=&#8221;1\/2&#8243;][elx_download_block text=&#8221;thermaline<br \/>\nmodular 80 &amp; 90&#8243; document_type=&#8221;brochures&#8221; link=&#8221;files.professional.electrolux.com\/docs\/?n=BR-9JEHT&amp;b=5&amp;l=1&#8243; background_color=&#8221;orange&#8221; reveal_effect=&#8221;&#8221; reveal_duration=&#8221;&#8221; reveal_delay=&#8221;&#8221; br_document_number=&#8221;BR-9JE00137&#8243;][\/vc_column_inner][vc_column_inner width=&#8221;1\/2&#8243;][elx_download_block text=&#8221;thermaline<br \/>\nmodular 85&#8243; document_type=&#8221;brochures&#8221; link=&#8221;files.professional.electrolux.com\/docs\/?n=BR-9JEHU&amp;b=5&amp;l=1&#8243; background_color=&#8221;orange&#8221; reveal_effect=&#8221;&#8221; reveal_duration=&#8221;&#8221; reveal_delay=&#8221;&#8221; br_document_number=&#8221;BR-9JE00135&#8243;][\/vc_column_inner][\/vc_row_inner][\/vc_column][\/vc_row][vc_row][vc_column][vc_empty_space][elx_heading text_color=&#8221;inherit&#8221;]Des innovations remarquables pour plus de performance<br \/>\net une plus longue durabilit\u00e9 [\/elx_heading][vc_empty_space][\/vc_column][\/vc_row][vc_row][vc_column width=&#8221;1\/3&#8243;][vc_single_image image=&#8221;16143&#8243; img_size=&#8221;medium&#8221;][elx_heading text_color=&#8221;inherit&#8221;]Plaque de cuisson Ecotop[\/elx_heading][vc_column_text]Les fourneaux therma<em>line<\/em> sont dot\u00e9s d&#8217;un rev\u00eatement sp\u00e9cifique garantissant un rendement \u00e9lev\u00e9 tout en r\u00e9duisant la dispersion de chaleur, pour un environnement de travail plus agr\u00e9able.[\/vc_column_text][\/vc_column][vc_column width=&#8221;1\/3&#8243;][vc_single_image image=&#8221;16144&#8243; img_size=&#8221;medium&#8221;][elx_heading text_color=&#8221;inherit&#8221;]Fonction Ecoflame[\/elx_heading][vc_column_text]Cette fonction permet l&#8217;arr\u00eat du gaz lorsque la casserole est retir\u00e9e, gardant uniquement la veilleuse allum\u00e9e. Avec moins de dispersion de chaleur, elle permet de r\u00e9duire la consommation d&#8217;\u00e9nergie et de favoriser des conditions de travail plus agr\u00e9ables.[\/vc_column_text][\/vc_column][vc_column width=&#8221;1\/3&#8243;][vc_single_image image=&#8221;16145&#8243; img_size=&#8221;medium&#8221;][elx_heading text_color=&#8221;inherit&#8221;]Plaque induction[\/elx_heading][vc_column_text]Permet d&#8217;utiliser jusqu&#8217;\u00e0 16 casseroles en m\u00eame temps pour une productivit\u00e9 accrue et tous les avantages de la technologie \u00e0 induction : efficacit\u00e9 \u00e9nerg\u00e9tique, meilleures conditions de travail, op\u00e9rations de nettoyage faciles et rapides.[\/vc_column_text][\/vc_column][\/vc_row][vc_row][vc_column][vc_empty_space][vc_empty_space][\/vc_column][\/vc_row][vc_row][vc_column width=&#8221;1\/2&#8243;][elx_heading text_color=&#8221;inherit&#8221;]AquaCooker +<br \/>\nLe choix polyvalent[\/elx_heading][vc_empty_space][vc_column_text]L&#8217;appareil de cuisson multifonctionnel adapt\u00e9 aux diff\u00e9rents modes de cuisson.<\/p>\n<p>Une machine performante et durable qui vous aider \u00e0 booster votre menu avec plus de choix.[\/vc_column_text][\/vc_column][vc_column width=&#8221;1\/2&#8243;][elx_video_block background_image=&#8221;21667&#8243; video_link=&#8221;https:\/\/www.youtube.com\/watch?v=2H_F072nfN0&#8243; minimum_height=&#8221;300px&#8221;][\/vc_column][\/vc_row][vc_row][vc_column][vc_empty_space][\/vc_column][\/vc_row][vc_row disable_element=&#8221;yes&#8221;][vc_column width=&#8221;1\/2&#8243;][vc_single_image image=&#8221;16141&#8243; img_size=&#8221;large&#8221;][\/vc_column][vc_column width=&#8221;1\/2&#8243;][vc_column_text]<\/p>\n<h3><span style=\"color: #cea941;\">1871 &#8211; 2021<\/span><\/h3>\n<p>[\/vc_column_text][elx_heading text_color=&#8221;inherit&#8221;]Thermaline c\u00e9l\u00e8bre ses 150 ans ![\/elx_heading][vc_empty_space][vc_column_text]Electrolux Professional est fier d&#8217;annoncer le<br \/>\n<strong>150e anniversaire<\/strong> de la gamme historique therma<em>line.<\/em><\/p>\n<p>Un symbole du design suisse, d&#8217;innovation et de durabilit\u00e9 au fil des ann\u00e9es.[\/vc_column_text][\/vc_column][\/vc_row][vc_row][vc_column][vc_row_inner][vc_column_inner][vc_empty_space][elx_heading font_size=&#8221;h3&#8243; text_color=&#8221;inherit&#8221; text_align=&#8221;text-left&#8221;]D\u00e9couvrez les coulisses de la cuisine du restaurant All Sports Caf\u00e9[\/elx_heading][vc_empty_space][elx_video_block background_image=&#8221;16181&#8243; is_full_height=&#8221;full-height&#8221; video_link=&#8221;https:\/\/www.youtube.com\/watch?v=xFUZQxfWVDk&amp;t=3s&#8221; minimum_height=&#8221;400px&#8221;][vc_empty_space][\/vc_column_inner][\/vc_row_inner][\/vc_column][\/vc_row][vc_row css=&#8221;.vc_custom_1472551359919{padding-bottom: 10px !important;}&#8221;][vc_column][elx_heading font_size=&#8221;h3&#8243; text_color=&#8221;inherit&#8221; text_align=&#8221;text-left&#8221;]Envie d&#8217;en savoir plus ? Contactez-nous ![\/elx_heading][elx_o2000_contact_us s=&#8221;Demande d&#8217;informations : Thermaline&#8221; country=&#8221;France&#8221; container=&#8221;elxcontactus1466428041&#8243; r=&#8221;Je souhaite avoir des informations sur la gamme Thermaline&#8221; l=&#8221;fr&#8221; e=&#8221;professionnel@electrolux.com&#8221;][\/vc_column][\/vc_row]<\/p>\n","protected":false},"excerpt":{"rendered":"<p>[vc_row full_width=&#8221;electroluxpro-full-width-no-padding&#8221; disable_element=&#8221;yes&#8221;][vc_column][elx_image_block background_image=&#8221;10888&#8243; minimum_height=&#8221;350px&#8221;][\/vc_column][\/vc_row][vc_row][vc_column][elx_image_block background_image=&#8221;16140&#8243; minimum_height=&#8221;550px&#8221;][vc_empty_space][\/vc_column][\/vc_row][vc_row][vc_column][vc_empty_space][elx_heading font_container=&#8221;h1&#8243; font_size=&#8221;h3&#8243; text_color=&#8221;inherit&#8221; text_align=&#8221;text-left&#8221;]Fourneaux Thermaline[\/elx_heading][elx_heading font_container=&#8221;h3&#8243; font_size=&#8221;h5&#8243; text_color=&#8221;inherit&#8221; text_align=&#8221;text-left&#8221;]L\u2019excellence Suisse pour des cuisines premium sur-mesure.[\/elx_heading][vc_column_text]Thermaline est la solution de cuisson haut de gamme pour votre cuisine professionnelle. C\u2019est aussi un savoir-faire, une expertise et une technologie de pointe, dont l\u2019histoire Suisse remonte \u00e0 1871.[\/vc_column_text][\/vc_column][\/vc_row][vc_row][vc_column width=&#8221;2\/3&#8243;][vc_empty_space height=&#8221;50px&#8221;][vc_single_image image=&#8221;16142&#8243; img_size=&#8221;large&#8221; [&hellip;]<\/p>\n","protected":false},"author":4,"featured_media":16140,"parent":2100,"menu_order":0,"comment_status":"closed","ping_status":"closed","template":"","meta":{"footnotes":""},"class_list":["post-4312","page","type-page","status-publish","has-post-thumbnail","hentry"],"acf":[],"yoast_head":"<!-- This site is optimized with the Yoast SEO plugin v23.3 - https:\/\/yoast.com\/wordpress\/plugins\/seo\/ -->\n<title>Thermaline | Cuisson Premium Modulaire | Electrolux Professional<\/title>\n<meta name=\"description\" content=\"D\u00e9couvrez Thermaline: la solution de cuisson premium avec plus de 600 fonctions modulables. Excellence suisse pour h\u00f4tels et restaurants gastronomiques.\" \/>\n<meta name=\"robots\" content=\"index, follow, max-snippet:-1, max-image-preview:large, max-video-preview:-1\" \/>\n<link rel=\"canonical\" href=\"https:\/\/www.electroluxprofessional.com\/fr\/equipement-cuisine\/thermaline\/\" \/>\n<meta property=\"og:locale\" content=\"fr_FR\" \/>\n<meta property=\"og:type\" content=\"article\" \/>\n<meta property=\"og:title\" content=\"Thermaline | Cuisson Premium Modulaire | Electrolux Professional\" \/>\n<meta property=\"og:description\" content=\"D\u00e9couvrez Thermaline: la solution de cuisson premium avec plus de 600 fonctions modulables. Excellence suisse pour h\u00f4tels et restaurants gastronomiques.\" \/>\n<meta property=\"og:url\" content=\"https:\/\/www.electroluxprofessional.com\/fr\/equipement-cuisine\/thermaline\/\" \/>\n<meta property=\"og:site_name\" content=\"Electrolux Professional France\" \/>\n<meta property=\"article:modified_time\" content=\"2026-04-13T17:14:07+00:00\" \/>\n<meta property=\"og:image\" content=\"https:\/\/www.electroluxprofessional.com\/fr\/wp-content\/uploads\/2021\/09\/banner-150-years-thermaline.jpg\" \/>\n\t<meta property=\"og:image:width\" content=\"853\" \/>\n\t<meta property=\"og:image:height\" content=\"414\" \/>\n\t<meta property=\"og:image:type\" content=\"image\/jpeg\" \/>\n<meta name=\"twitter:card\" content=\"summary_large_image\" \/>\n<meta name=\"twitter:label1\" content=\"Dur\u00e9e de lecture estim\u00e9e\" \/>\n\t<meta name=\"twitter:data1\" content=\"5 minutes\" \/>\n<script type=\"application\/ld+json\" class=\"yoast-schema-graph\">{\"@context\":\"https:\/\/schema.org\",\"@graph\":[{\"@type\":\"WebPage\",\"@id\":\"https:\/\/www.electroluxprofessional.com\/fr\/equipement-cuisine\/thermaline\/\",\"url\":\"https:\/\/www.electroluxprofessional.com\/fr\/equipement-cuisine\/thermaline\/\",\"name\":\"Thermaline | Cuisson Premium Modulaire | Electrolux Professional\",\"isPartOf\":{\"@id\":\"https:\/\/www.electroluxprofessional.com\/fr\/#website\"},\"primaryImageOfPage\":{\"@id\":\"https:\/\/www.electroluxprofessional.com\/fr\/equipement-cuisine\/thermaline\/#primaryimage\"},\"image\":{\"@id\":\"https:\/\/www.electroluxprofessional.com\/fr\/equipement-cuisine\/thermaline\/#primaryimage\"},\"thumbnailUrl\":\"https:\/\/www.electroluxprofessional.com\/fr\/wp-content\/uploads\/2021\/09\/banner-150-years-thermaline.jpg\",\"datePublished\":\"2017-03-28T12:42:35+00:00\",\"dateModified\":\"2026-04-13T17:14:07+00:00\",\"description\":\"D\u00e9couvrez Thermaline: la solution de cuisson premium avec plus de 600 fonctions modulables. Excellence suisse pour h\u00f4tels et restaurants gastronomiques.\",\"breadcrumb\":{\"@id\":\"https:\/\/www.electroluxprofessional.com\/fr\/equipement-cuisine\/thermaline\/#breadcrumb\"},\"inLanguage\":\"fr-FR\",\"potentialAction\":[{\"@type\":\"ReadAction\",\"target\":[\"https:\/\/www.electroluxprofessional.com\/fr\/equipement-cuisine\/thermaline\/\"]}]},{\"@type\":\"ImageObject\",\"inLanguage\":\"fr-FR\",\"@id\":\"https:\/\/www.electroluxprofessional.com\/fr\/equipement-cuisine\/thermaline\/#primaryimage\",\"url\":\"https:\/\/www.electroluxprofessional.com\/fr\/wp-content\/uploads\/2021\/09\/banner-150-years-thermaline.jpg\",\"contentUrl\":\"https:\/\/www.electroluxprofessional.com\/fr\/wp-content\/uploads\/2021\/09\/banner-150-years-thermaline.jpg\",\"width\":853,\"height\":414,\"caption\":\"banner 150 years thermaline\"},{\"@type\":\"BreadcrumbList\",\"@id\":\"https:\/\/www.electroluxprofessional.com\/fr\/equipement-cuisine\/thermaline\/#breadcrumb\",\"itemListElement\":[{\"@type\":\"ListItem\",\"position\":1,\"name\":\"Home\",\"item\":\"https:\/\/www.electroluxprofessional.com\/fr\/\"},{\"@type\":\"ListItem\",\"position\":2,\"name\":\"Mat\u00e9riel de cuisine professionnel\",\"item\":\"https:\/\/www.electroluxprofessional.com\/fr\/equipement-cuisine\/\"},{\"@type\":\"ListItem\",\"position\":3,\"name\":\"Thermaline\"}]},{\"@type\":\"WebSite\",\"@id\":\"https:\/\/www.electroluxprofessional.com\/fr\/#website\",\"url\":\"https:\/\/www.electroluxprofessional.com\/fr\/\",\"name\":\"Electrolux Professional France\",\"description\":\"\",\"potentialAction\":[{\"@type\":\"SearchAction\",\"target\":{\"@type\":\"EntryPoint\",\"urlTemplate\":\"https:\/\/www.electroluxprofessional.com\/fr\/?src={search_term_string}\"},\"query-input\":\"required name=search_term_string\"}],\"inLanguage\":\"fr-FR\"}]}<\/script>\n<!-- \/ Yoast SEO plugin. -->","yoast_head_json":{"title":"Thermaline | Cuisson Premium Modulaire | Electrolux Professional","description":"D\u00e9couvrez Thermaline: la solution de cuisson premium avec plus de 600 fonctions modulables. Excellence suisse pour h\u00f4tels et restaurants gastronomiques.","robots":{"index":"index","follow":"follow","max-snippet":"max-snippet:-1","max-image-preview":"max-image-preview:large","max-video-preview":"max-video-preview:-1"},"canonical":"https:\/\/www.electroluxprofessional.com\/fr\/equipement-cuisine\/thermaline\/","og_locale":"fr_FR","og_type":"article","og_title":"Thermaline | Cuisson Premium Modulaire | Electrolux Professional","og_description":"D\u00e9couvrez Thermaline: la solution de cuisson premium avec plus de 600 fonctions modulables. Excellence suisse pour h\u00f4tels et restaurants gastronomiques.","og_url":"https:\/\/www.electroluxprofessional.com\/fr\/equipement-cuisine\/thermaline\/","og_site_name":"Electrolux Professional France","article_modified_time":"2026-04-13T17:14:07+00:00","og_image":[{"width":853,"height":414,"url":"https:\/\/www.electroluxprofessional.com\/fr\/wp-content\/uploads\/2021\/09\/banner-150-years-thermaline.jpg","type":"image\/jpeg"}],"twitter_card":"summary_large_image","twitter_misc":{"Dur\u00e9e de lecture estim\u00e9e":"5 minutes"},"schema":{"@context":"https:\/\/schema.org","@graph":[{"@type":"WebPage","@id":"https:\/\/www.electroluxprofessional.com\/fr\/equipement-cuisine\/thermaline\/","url":"https:\/\/www.electroluxprofessional.com\/fr\/equipement-cuisine\/thermaline\/","name":"Thermaline | Cuisson Premium Modulaire | Electrolux Professional","isPartOf":{"@id":"https:\/\/www.electroluxprofessional.com\/fr\/#website"},"primaryImageOfPage":{"@id":"https:\/\/www.electroluxprofessional.com\/fr\/equipement-cuisine\/thermaline\/#primaryimage"},"image":{"@id":"https:\/\/www.electroluxprofessional.com\/fr\/equipement-cuisine\/thermaline\/#primaryimage"},"thumbnailUrl":"https:\/\/www.electroluxprofessional.com\/fr\/wp-content\/uploads\/2021\/09\/banner-150-years-thermaline.jpg","datePublished":"2017-03-28T12:42:35+00:00","dateModified":"2026-04-13T17:14:07+00:00","description":"D\u00e9couvrez Thermaline: la solution de cuisson premium avec plus de 600 fonctions modulables. Excellence suisse pour h\u00f4tels et restaurants gastronomiques.","breadcrumb":{"@id":"https:\/\/www.electroluxprofessional.com\/fr\/equipement-cuisine\/thermaline\/#breadcrumb"},"inLanguage":"fr-FR","potentialAction":[{"@type":"ReadAction","target":["https:\/\/www.electroluxprofessional.com\/fr\/equipement-cuisine\/thermaline\/"]}]},{"@type":"ImageObject","inLanguage":"fr-FR","@id":"https:\/\/www.electroluxprofessional.com\/fr\/equipement-cuisine\/thermaline\/#primaryimage","url":"https:\/\/www.electroluxprofessional.com\/fr\/wp-content\/uploads\/2021\/09\/banner-150-years-thermaline.jpg","contentUrl":"https:\/\/www.electroluxprofessional.com\/fr\/wp-content\/uploads\/2021\/09\/banner-150-years-thermaline.jpg","width":853,"height":414,"caption":"banner 150 years thermaline"},{"@type":"BreadcrumbList","@id":"https:\/\/www.electroluxprofessional.com\/fr\/equipement-cuisine\/thermaline\/#breadcrumb","itemListElement":[{"@type":"ListItem","position":1,"name":"Home","item":"https:\/\/www.electroluxprofessional.com\/fr\/"},{"@type":"ListItem","position":2,"name":"Mat\u00e9riel de cuisine professionnel","item":"https:\/\/www.electroluxprofessional.com\/fr\/equipement-cuisine\/"},{"@type":"ListItem","position":3,"name":"Thermaline"}]},{"@type":"WebSite","@id":"https:\/\/www.electroluxprofessional.com\/fr\/#website","url":"https:\/\/www.electroluxprofessional.com\/fr\/","name":"Electrolux Professional France","description":"","potentialAction":[{"@type":"SearchAction","target":{"@type":"EntryPoint","urlTemplate":"https:\/\/www.electroluxprofessional.com\/fr\/?src={search_term_string}"},"query-input":"required name=search_term_string"}],"inLanguage":"fr-FR"}]}},"_links":{"self":[{"href":"https:\/\/www.electroluxprofessional.com\/fr\/wp-json\/wp\/v2\/pages\/4312"}],"collection":[{"href":"https:\/\/www.electroluxprofessional.com\/fr\/wp-json\/wp\/v2\/pages"}],"about":[{"href":"https:\/\/www.electroluxprofessional.com\/fr\/wp-json\/wp\/v2\/types\/page"}],"author":[{"embeddable":true,"href":"https:\/\/www.electroluxprofessional.com\/fr\/wp-json\/wp\/v2\/users\/4"}],"replies":[{"embeddable":true,"href":"https:\/\/www.electroluxprofessional.com\/fr\/wp-json\/wp\/v2\/comments?post=4312"}],"version-history":[{"count":55,"href":"https:\/\/www.electroluxprofessional.com\/fr\/wp-json\/wp\/v2\/pages\/4312\/revisions"}],"predecessor-version":[{"id":32081,"href":"https:\/\/www.electroluxprofessional.com\/fr\/wp-json\/wp\/v2\/pages\/4312\/revisions\/32081"}],"up":[{"embeddable":true,"href":"https:\/\/www.electroluxprofessional.com\/fr\/wp-json\/wp\/v2\/pages\/2100"}],"wp:featuredmedia":[{"embeddable":true,"href":"https:\/\/www.electroluxprofessional.com\/fr\/wp-json\/wp\/v2\/media\/16140"}],"wp:attachment":[{"href":"https:\/\/www.electroluxprofessional.com\/fr\/wp-json\/wp\/v2\/media?parent=4312"}],"curies":[{"name":"wp","href":"https:\/\/api.w.org\/{rel}","templated":true}]}}