{"id":4259,"date":"2017-03-28T11:56:18","date_gmt":"2017-03-28T11:56:18","guid":{"rendered":"https:\/\/www.electroluxprofessional.com\/fr\/?page_id=4259"},"modified":"2026-04-14T12:53:09","modified_gmt":"2026-04-14T12:53:09","slug":"materiel-de-finition","status":"publish","type":"page","link":"https:\/\/www.electroluxprofessional.com\/fr\/equipement-blanchisserie\/materiel-de-finition\/","title":{"rendered":"Mat\u00e9riel de finition"},"content":{"rendered":"<p>[vc_row][vc_column][elx_heading font_container=&#8221;h1&#8243; font_size=&#8221;h2&#8243; text_color=&#8221;inherit&#8221;]Relevez tous les d\u00e9fis en finition[\/elx_heading][vc_column_text]<\/p>\n<p style=\"text-align: justify;\">Avec la gamme Electrolux Professional, en plus de booster votre productivit\u00e9, vous allez obtenir une qualit\u00e9 de finition parfaite, v\u00eatement apr\u00e8s v\u00eatement. La gamme Electrolux Professional comprend des \u00e9quipements de finition faciles \u00e0 utiliser qui vous permettent de relever tous les d\u00e9fis. Elle comprend des mannequins de finition, des tables et des presses, allant de la presse toute automatique \u00e0 la table \u00e0 repasser toute simple.<\/p>\n<p>[\/vc_column_text][vc_column_text]<\/p>\n<p style=\"text-align: justify;\"><strong>Le d\u00e9fi de la chemise &#8211; une finition chemise<br \/>\n<\/strong>Nos solutions int\u00e8grent diff\u00e9rents types de tables \u00e0 repasser, de mannequins de finition et presses \u00e0 cols et poignets<\/p>\n<p style=\"text-align: justify;\"><strong>Le d\u00e9fi du pantalon \u2013 des plis irr\u00e9prochables<br \/>\n<\/strong>Les \u00e9quipements Electrolux sont con\u00e7us pour produire le meilleur r\u00e9sultat et pour assurer \u00e0 l\u2019op\u00e9rateur confort et s\u00e9curit\u00e9. Faciles \u00e0 utiliser, ils permettent \u00e9galement de g\u00e9rer des gros volumes<\/p>\n<p style=\"text-align: justify;\"><strong>Le d\u00e9fi du manteau et de la veste\u00a0&#8211; un tomb\u00e9 impeccable<br \/>\n<\/strong>les mannequins de finition Electrolux pour\u00a0 vestes, manteaux, robes, etc\u2026sont tellement efficaces qu\u2019u seul op\u00e9rateur peut r\u00e9aliser jusqu\u2019\u00e0 40 vestes par heure. Un programmateur tr\u00e8s simple permet de stocker jusqu\u2019\u00e0 9 programmes et de g\u00e9rer toutes les fonctions.<\/p>\n<p>[\/vc_column_text][\/vc_column][\/vc_row]<\/p>\n","protected":false},"excerpt":{"rendered":"<p>[vc_row][vc_column][elx_heading font_container=&#8221;h1&#8243; font_size=&#8221;h2&#8243; text_color=&#8221;inherit&#8221;]Relevez tous les d\u00e9fis en finition[\/elx_heading][vc_column_text] Avec la gamme Electrolux Professional, en plus de booster votre productivit\u00e9, vous allez obtenir une qualit\u00e9 de finition parfaite, v\u00eatement apr\u00e8s v\u00eatement. La gamme Electrolux Professional comprend des \u00e9quipements de finition faciles \u00e0 utiliser qui vous permettent de relever tous les d\u00e9fis. Elle comprend des mannequins [&hellip;]<\/p>\n","protected":false},"author":4,"featured_media":0,"parent":3632,"menu_order":0,"comment_status":"closed","ping_status":"closed","template":"","meta":{"footnotes":""},"class_list":["post-4259","page","type-page","status-publish","hentry"],"acf":[],"yoast_head":"<!-- This site is optimized with the Yoast SEO plugin v23.3 - https:\/\/yoast.com\/wordpress\/plugins\/seo\/ -->\n<title>Mat\u00e9riel de finition | Electrolux Professional<\/title>\n<meta name=\"description\" content=\"Une finition professionnelle parfaite avec Electrolux Professional : Gagnez en efficacit\u00e9 et qualit\u00e9 de finition avec nos solutions adapt\u00e9es \u00e0 tous les besoins.\" \/>\n<meta name=\"robots\" content=\"index, follow, max-snippet:-1, max-image-preview:large, max-video-preview:-1\" \/>\n<link rel=\"canonical\" href=\"https:\/\/www.electroluxprofessional.com\/fr\/equipement-blanchisserie\/materiel-de-finition\/\" \/>\n<meta property=\"og:locale\" content=\"fr_FR\" \/>\n<meta property=\"og:type\" content=\"article\" \/>\n<meta property=\"og:title\" content=\"Mat\u00e9riel de finition | Electrolux Professional\" \/>\n<meta property=\"og:description\" content=\"Une finition professionnelle parfaite avec Electrolux Professional : Gagnez en efficacit\u00e9 et qualit\u00e9 de finition avec nos solutions adapt\u00e9es \u00e0 tous les besoins.\" \/>\n<meta property=\"og:url\" content=\"https:\/\/www.electroluxprofessional.com\/fr\/equipement-blanchisserie\/materiel-de-finition\/\" \/>\n<meta property=\"og:site_name\" content=\"Electrolux Professional France\" \/>\n<meta property=\"article:modified_time\" content=\"2026-04-14T12:53:09+00:00\" \/>\n<meta name=\"twitter:card\" content=\"summary_large_image\" \/>\n<meta name=\"twitter:label1\" content=\"Dur\u00e9e de lecture estim\u00e9e\" \/>\n\t<meta name=\"twitter:data1\" content=\"1 minute\" \/>\n<script type=\"application\/ld+json\" class=\"yoast-schema-graph\">{\"@context\":\"https:\/\/schema.org\",\"@graph\":[{\"@type\":\"WebPage\",\"@id\":\"https:\/\/www.electroluxprofessional.com\/fr\/equipement-blanchisserie\/materiel-de-finition\/\",\"url\":\"https:\/\/www.electroluxprofessional.com\/fr\/equipement-blanchisserie\/materiel-de-finition\/\",\"name\":\"Mat\u00e9riel de finition | Electrolux Professional\",\"isPartOf\":{\"@id\":\"https:\/\/www.electroluxprofessional.com\/fr\/#website\"},\"datePublished\":\"2017-03-28T11:56:18+00:00\",\"dateModified\":\"2026-04-14T12:53:09+00:00\",\"description\":\"Une finition professionnelle parfaite avec Electrolux Professional : Gagnez en efficacit\u00e9 et qualit\u00e9 de finition avec nos solutions adapt\u00e9es \u00e0 tous les besoins.\",\"breadcrumb\":{\"@id\":\"https:\/\/www.electroluxprofessional.com\/fr\/equipement-blanchisserie\/materiel-de-finition\/#breadcrumb\"},\"inLanguage\":\"fr-FR\",\"potentialAction\":[{\"@type\":\"ReadAction\",\"target\":[\"https:\/\/www.electroluxprofessional.com\/fr\/equipement-blanchisserie\/materiel-de-finition\/\"]}]},{\"@type\":\"BreadcrumbList\",\"@id\":\"https:\/\/www.electroluxprofessional.com\/fr\/equipement-blanchisserie\/materiel-de-finition\/#breadcrumb\",\"itemListElement\":[{\"@type\":\"ListItem\",\"position\":1,\"name\":\"Home\",\"item\":\"https:\/\/www.electroluxprofessional.com\/fr\/\"},{\"@type\":\"ListItem\",\"position\":2,\"name\":\"Equipements de blanchisserie professionnelle\",\"item\":\"https:\/\/www.electroluxprofessional.com\/fr\/equipement-blanchisserie\/\"},{\"@type\":\"ListItem\",\"position\":3,\"name\":\"Mat\u00e9riel de finition\"}]},{\"@type\":\"WebSite\",\"@id\":\"https:\/\/www.electroluxprofessional.com\/fr\/#website\",\"url\":\"https:\/\/www.electroluxprofessional.com\/fr\/\",\"name\":\"Electrolux Professional France\",\"description\":\"\",\"potentialAction\":[{\"@type\":\"SearchAction\",\"target\":{\"@type\":\"EntryPoint\",\"urlTemplate\":\"https:\/\/www.electroluxprofessional.com\/fr\/?src={search_term_string}\"},\"query-input\":\"required name=search_term_string\"}],\"inLanguage\":\"fr-FR\"}]}<\/script>\n<!-- \/ Yoast SEO plugin. -->","yoast_head_json":{"title":"Mat\u00e9riel de finition | Electrolux Professional","description":"Une finition professionnelle parfaite avec Electrolux Professional : Gagnez en efficacit\u00e9 et qualit\u00e9 de finition avec nos solutions adapt\u00e9es \u00e0 tous les besoins.","robots":{"index":"index","follow":"follow","max-snippet":"max-snippet:-1","max-image-preview":"max-image-preview:large","max-video-preview":"max-video-preview:-1"},"canonical":"https:\/\/www.electroluxprofessional.com\/fr\/equipement-blanchisserie\/materiel-de-finition\/","og_locale":"fr_FR","og_type":"article","og_title":"Mat\u00e9riel de finition | Electrolux Professional","og_description":"Une finition professionnelle parfaite avec Electrolux Professional : Gagnez en efficacit\u00e9 et qualit\u00e9 de finition avec nos solutions adapt\u00e9es \u00e0 tous les besoins.","og_url":"https:\/\/www.electroluxprofessional.com\/fr\/equipement-blanchisserie\/materiel-de-finition\/","og_site_name":"Electrolux Professional France","article_modified_time":"2026-04-14T12:53:09+00:00","twitter_card":"summary_large_image","twitter_misc":{"Dur\u00e9e de lecture estim\u00e9e":"1 minute"},"schema":{"@context":"https:\/\/schema.org","@graph":[{"@type":"WebPage","@id":"https:\/\/www.electroluxprofessional.com\/fr\/equipement-blanchisserie\/materiel-de-finition\/","url":"https:\/\/www.electroluxprofessional.com\/fr\/equipement-blanchisserie\/materiel-de-finition\/","name":"Mat\u00e9riel de finition | Electrolux Professional","isPartOf":{"@id":"https:\/\/www.electroluxprofessional.com\/fr\/#website"},"datePublished":"2017-03-28T11:56:18+00:00","dateModified":"2026-04-14T12:53:09+00:00","description":"Une finition professionnelle parfaite avec Electrolux Professional : Gagnez en efficacit\u00e9 et qualit\u00e9 de finition avec nos solutions adapt\u00e9es \u00e0 tous les besoins.","breadcrumb":{"@id":"https:\/\/www.electroluxprofessional.com\/fr\/equipement-blanchisserie\/materiel-de-finition\/#breadcrumb"},"inLanguage":"fr-FR","potentialAction":[{"@type":"ReadAction","target":["https:\/\/www.electroluxprofessional.com\/fr\/equipement-blanchisserie\/materiel-de-finition\/"]}]},{"@type":"BreadcrumbList","@id":"https:\/\/www.electroluxprofessional.com\/fr\/equipement-blanchisserie\/materiel-de-finition\/#breadcrumb","itemListElement":[{"@type":"ListItem","position":1,"name":"Home","item":"https:\/\/www.electroluxprofessional.com\/fr\/"},{"@type":"ListItem","position":2,"name":"Equipements de blanchisserie professionnelle","item":"https:\/\/www.electroluxprofessional.com\/fr\/equipement-blanchisserie\/"},{"@type":"ListItem","position":3,"name":"Mat\u00e9riel de finition"}]},{"@type":"WebSite","@id":"https:\/\/www.electroluxprofessional.com\/fr\/#website","url":"https:\/\/www.electroluxprofessional.com\/fr\/","name":"Electrolux Professional France","description":"","potentialAction":[{"@type":"SearchAction","target":{"@type":"EntryPoint","urlTemplate":"https:\/\/www.electroluxprofessional.com\/fr\/?src={search_term_string}"},"query-input":"required name=search_term_string"}],"inLanguage":"fr-FR"}]}},"_links":{"self":[{"href":"https:\/\/www.electroluxprofessional.com\/fr\/wp-json\/wp\/v2\/pages\/4259"}],"collection":[{"href":"https:\/\/www.electroluxprofessional.com\/fr\/wp-json\/wp\/v2\/pages"}],"about":[{"href":"https:\/\/www.electroluxprofessional.com\/fr\/wp-json\/wp\/v2\/types\/page"}],"author":[{"embeddable":true,"href":"https:\/\/www.electroluxprofessional.com\/fr\/wp-json\/wp\/v2\/users\/4"}],"replies":[{"embeddable":true,"href":"https:\/\/www.electroluxprofessional.com\/fr\/wp-json\/wp\/v2\/comments?post=4259"}],"version-history":[{"count":8,"href":"https:\/\/www.electroluxprofessional.com\/fr\/wp-json\/wp\/v2\/pages\/4259\/revisions"}],"predecessor-version":[{"id":32122,"href":"https:\/\/www.electroluxprofessional.com\/fr\/wp-json\/wp\/v2\/pages\/4259\/revisions\/32122"}],"up":[{"embeddable":true,"href":"https:\/\/www.electroluxprofessional.com\/fr\/wp-json\/wp\/v2\/pages\/3632"}],"wp:attachment":[{"href":"https:\/\/www.electroluxprofessional.com\/fr\/wp-json\/wp\/v2\/media?parent=4259"}],"curies":[{"name":"wp","href":"https:\/\/api.w.org\/{rel}","templated":true}]}}