{"id":4071,"date":"2017-03-24T14:07:38","date_gmt":"2017-03-24T14:07:38","guid":{"rendered":"https:\/\/www.electroluxprofessional.com\/fr\/?page_id=4071"},"modified":"2026-03-11T16:22:53","modified_gmt":"2026-03-11T16:22:53","slug":"book-3d","status":"publish","type":"page","link":"https:\/\/www.electroluxprofessional.com\/fr\/solutions\/bureaux-detudes-architectes\/blanchisserie\/book-3d\/","title":{"rendered":"Book 3D"},"content":{"rendered":"<p>[vc_row full_width=&#8221;electroluxpro-full-width-no-padding&#8221;][vc_column][elx_image_block background_image=&#8221;30920&#8243; minimum_height=&#8221;350px&#8221;][\/vc_column][\/vc_row][vc_row][vc_column][vc_empty_space][elx_heading font_container=&#8221;h1&#8243; text_color=&#8221;inherit&#8221;]Les plans 3D et 2D r\u00e9alis\u00e9s par le bureau d&#8217;\u00e9tudes Electrolux Professional[\/elx_heading][vc_empty_space][\/vc_column][\/vc_row][vc_row][vc_column][elx_heading text_color=&#8221;inherit&#8221;]Laveries automatiques [\/elx_heading][vc_empty_space height=&#8221;15px&#8221;][\/vc_column][\/vc_row][vc_row][vc_column width=&#8221;1\/3&#8243;][vc_single_image image=&#8221;30906&#8243; img_size=&#8221;400*300&#8243; alignment=&#8221;center&#8221;][\/vc_column][vc_column width=&#8221;1\/3&#8243;][vc_single_image image=&#8221;30909&#8243; img_size=&#8221;400*300&#8243; alignment=&#8221;center&#8221;][\/vc_column][vc_column width=&#8221;1\/3&#8243;][vc_single_image image=&#8221;30908&#8243; img_size=&#8221;400*300&#8243;][\/vc_column][\/vc_row][vc_row][vc_column][vc_empty_space][\/vc_column][\/vc_row][vc_row][vc_column width=&#8221;1\/3&#8243;][vc_single_image image=&#8221;30910&#8243; img_size=&#8221;400*300&#8243; alignment=&#8221;center&#8221;][\/vc_column][vc_column width=&#8221;1\/3&#8243;][vc_single_image image=&#8221;30907&#8243; img_size=&#8221;400*300&#8243; alignment=&#8221;center&#8221;][\/vc_column][vc_column width=&#8221;1\/3&#8243;][vc_single_image image=&#8221;30911&#8243; img_size=&#8221;400*300&#8243; alignment=&#8221;center&#8221;][\/vc_column][\/vc_row][vc_row][vc_column][vc_empty_space height=&#8221;15px&#8221;][elx_heading text_color=&#8221;inherit&#8221;]Pressing[\/elx_heading][vc_empty_space height=&#8221;15px&#8221;][\/vc_column][\/vc_row][vc_row][vc_column width=&#8221;1\/3&#8243;][vc_single_image image=&#8221;30914&#8243; img_size=&#8221;400*300&#8243; alignment=&#8221;center&#8221;][\/vc_column][vc_column width=&#8221;1\/3&#8243;][vc_single_image image=&#8221;30912&#8243; img_size=&#8221;400*300&#8243; alignment=&#8221;center&#8221;][\/vc_column][vc_column width=&#8221;1\/3&#8243;][vc_single_image image=&#8221;30913&#8243; img_size=&#8221;400*300&#8243; alignment=&#8221;center&#8221;][\/vc_column][\/vc_row][vc_row][vc_column][vc_empty_space height=&#8221;15px&#8221;][elx_heading text_color=&#8221;inherit&#8221;]Blanchisserie frontale et barri\u00e8re[\/elx_heading][vc_empty_space height=&#8221;15px&#8221;][\/vc_column][\/vc_row][vc_row][vc_column width=&#8221;1\/3&#8243;][vc_single_image image=&#8221;30915&#8243; img_size=&#8221;400*300&#8243; alignment=&#8221;center&#8221;][\/vc_column][vc_column width=&#8221;1\/3&#8243;][vc_single_image image=&#8221;30916&#8243; img_size=&#8221;400*300&#8243; alignment=&#8221;center&#8221;][\/vc_column][vc_column width=&#8221;1\/3&#8243;][vc_single_image image=&#8221;30917&#8243; img_size=&#8221;400*300&#8243; alignment=&#8221;center&#8221;][\/vc_column][\/vc_row][vc_row][vc_column][vc_empty_space height=&#8221;15px&#8221;][elx_heading text_color=&#8221;inherit&#8221;]Blanchisserie en h\u00f4tellerie[\/elx_heading][vc_empty_space height=&#8221;15px&#8221;][\/vc_column][\/vc_row][vc_row][vc_column width=&#8221;1\/2&#8243;][vc_single_image image=&#8221;30918&#8243; img_size=&#8221;500*300&#8243; alignment=&#8221;center&#8221;][\/vc_column][vc_column width=&#8221;1\/2&#8243;][vc_single_image image=&#8221;30919&#8243; img_size=&#8221;400*400&#8243; alignment=&#8221;center&#8221;][\/vc_column][\/vc_row][vc_row][vc_column][vc_empty_space height=&#8221;15px&#8221;][elx_heading text_color=&#8221;inherit&#8221;]Blanchisserie en \u00e9tablissements de sant\u00e9[\/elx_heading][vc_empty_space height=&#8221;15px&#8221;][\/vc_column][\/vc_row][vc_row][vc_column width=&#8221;1\/3&#8243;][vc_single_image image=&#8221;30926&#8243; img_size=&#8221;400*300&#8243; alignment=&#8221;center&#8221;][\/vc_column][vc_column width=&#8221;1\/3&#8243;][vc_single_image image=&#8221;30925&#8243; img_size=&#8221;400*300&#8243; alignment=&#8221;center&#8221;][\/vc_column][vc_column width=&#8221;1\/3&#8243;][vc_single_image image=&#8221;30927&#8243; img_size=&#8221;400*300&#8243; alignment=&#8221;center&#8221;][\/vc_column][\/vc_row][vc_row][vc_column][vc_empty_space][\/vc_column][\/vc_row]<\/p>\n","protected":false},"excerpt":{"rendered":"<p>[vc_row full_width=&#8221;electroluxpro-full-width-no-padding&#8221;][vc_column][elx_image_block background_image=&#8221;30920&#8243; minimum_height=&#8221;350px&#8221;][\/vc_column][\/vc_row][vc_row][vc_column][vc_empty_space][elx_heading font_container=&#8221;h1&#8243; text_color=&#8221;inherit&#8221;]Les plans 3D et 2D r\u00e9alis\u00e9s par le bureau d&#8217;\u00e9tudes Electrolux Professional[\/elx_heading][vc_empty_space][\/vc_column][\/vc_row][vc_row][vc_column][elx_heading text_color=&#8221;inherit&#8221;]Laveries automatiques [\/elx_heading][vc_empty_space height=&#8221;15px&#8221;][\/vc_column][\/vc_row][vc_row][vc_column width=&#8221;1\/3&#8243;][vc_single_image image=&#8221;30906&#8243; img_size=&#8221;400*300&#8243; alignment=&#8221;center&#8221;][\/vc_column][vc_column width=&#8221;1\/3&#8243;][vc_single_image image=&#8221;30909&#8243; img_size=&#8221;400*300&#8243; alignment=&#8221;center&#8221;][\/vc_column][vc_column width=&#8221;1\/3&#8243;][vc_single_image image=&#8221;30908&#8243; img_size=&#8221;400*300&#8243;][\/vc_column][\/vc_row][vc_row][vc_column][vc_empty_space][\/vc_column][\/vc_row][vc_row][vc_column width=&#8221;1\/3&#8243;][vc_single_image image=&#8221;30910&#8243; img_size=&#8221;400*300&#8243; alignment=&#8221;center&#8221;][\/vc_column][vc_column width=&#8221;1\/3&#8243;][vc_single_image image=&#8221;30907&#8243; img_size=&#8221;400*300&#8243; alignment=&#8221;center&#8221;][\/vc_column][vc_column width=&#8221;1\/3&#8243;][vc_single_image image=&#8221;30911&#8243; img_size=&#8221;400*300&#8243; alignment=&#8221;center&#8221;][\/vc_column][\/vc_row][vc_row][vc_column][vc_empty_space height=&#8221;15px&#8221;][elx_heading text_color=&#8221;inherit&#8221;]Pressing[\/elx_heading][vc_empty_space height=&#8221;15px&#8221;][\/vc_column][\/vc_row][vc_row][vc_column width=&#8221;1\/3&#8243;][vc_single_image image=&#8221;30914&#8243; img_size=&#8221;400*300&#8243; alignment=&#8221;center&#8221;][\/vc_column][vc_column width=&#8221;1\/3&#8243;][vc_single_image image=&#8221;30912&#8243; img_size=&#8221;400*300&#8243; alignment=&#8221;center&#8221;][\/vc_column][vc_column [&hellip;]<\/p>\n","protected":false},"author":4,"featured_media":0,"parent":3546,"menu_order":0,"comment_status":"closed","ping_status":"closed","template":"","meta":{"footnotes":""},"class_list":["post-4071","page","type-page","status-publish","hentry"],"acf":[],"yoast_head":"<!-- This site is optimized with the Yoast SEO plugin v23.3 - https:\/\/yoast.com\/wordpress\/plugins\/seo\/ -->\n<title>Plans 3D Blanchisserie | Electrolux Professional<\/title>\n<meta name=\"description\" content=\"D\u00e9couvrez les plans 3D de plusieurs blanchisseries professionnelles. Visualisez vos installations optimis\u00e9es avec Electrolux Professional.\" \/>\n<meta name=\"robots\" content=\"index, follow, max-snippet:-1, max-image-preview:large, max-video-preview:-1\" \/>\n<link rel=\"canonical\" href=\"https:\/\/www.electroluxprofessional.com\/fr\/solutions\/bureaux-detudes-architectes\/blanchisserie\/book-3d\/\" \/>\n<meta property=\"og:locale\" content=\"fr_FR\" \/>\n<meta property=\"og:type\" content=\"article\" \/>\n<meta property=\"og:title\" content=\"Plans 3D Blanchisserie | Electrolux Professional\" \/>\n<meta property=\"og:description\" content=\"D\u00e9couvrez les plans 3D de plusieurs blanchisseries professionnelles. Visualisez vos installations optimis\u00e9es avec Electrolux Professional.\" \/>\n<meta property=\"og:url\" content=\"https:\/\/www.electroluxprofessional.com\/fr\/solutions\/bureaux-detudes-architectes\/blanchisserie\/book-3d\/\" \/>\n<meta property=\"og:site_name\" content=\"Electrolux Professional France\" \/>\n<meta property=\"article:modified_time\" content=\"2026-03-11T16:22:53+00:00\" \/>\n<meta name=\"twitter:card\" content=\"summary_large_image\" \/>\n<meta name=\"twitter:label1\" content=\"Dur\u00e9e de lecture estim\u00e9e\" \/>\n\t<meta name=\"twitter:data1\" content=\"1 minute\" \/>\n<script type=\"application\/ld+json\" class=\"yoast-schema-graph\">{\"@context\":\"https:\/\/schema.org\",\"@graph\":[{\"@type\":\"WebPage\",\"@id\":\"https:\/\/www.electroluxprofessional.com\/fr\/solutions\/bureaux-detudes-architectes\/blanchisserie\/book-3d\/\",\"url\":\"https:\/\/www.electroluxprofessional.com\/fr\/solutions\/bureaux-detudes-architectes\/blanchisserie\/book-3d\/\",\"name\":\"Plans 3D Blanchisserie | Electrolux Professional\",\"isPartOf\":{\"@id\":\"https:\/\/www.electroluxprofessional.com\/fr\/#website\"},\"datePublished\":\"2017-03-24T14:07:38+00:00\",\"dateModified\":\"2026-03-11T16:22:53+00:00\",\"description\":\"D\u00e9couvrez les plans 3D de plusieurs blanchisseries professionnelles. Visualisez vos installations optimis\u00e9es avec Electrolux Professional.\",\"breadcrumb\":{\"@id\":\"https:\/\/www.electroluxprofessional.com\/fr\/solutions\/bureaux-detudes-architectes\/blanchisserie\/book-3d\/#breadcrumb\"},\"inLanguage\":\"fr-FR\",\"potentialAction\":[{\"@type\":\"ReadAction\",\"target\":[\"https:\/\/www.electroluxprofessional.com\/fr\/solutions\/bureaux-detudes-architectes\/blanchisserie\/book-3d\/\"]}]},{\"@type\":\"BreadcrumbList\",\"@id\":\"https:\/\/www.electroluxprofessional.com\/fr\/solutions\/bureaux-detudes-architectes\/blanchisserie\/book-3d\/#breadcrumb\",\"itemListElement\":[{\"@type\":\"ListItem\",\"position\":1,\"name\":\"Home\",\"item\":\"https:\/\/www.electroluxprofessional.com\/fr\/\"},{\"@type\":\"ListItem\",\"position\":2,\"name\":\"Solutions\",\"item\":\"https:\/\/www.electroluxprofessional.com\/fr\/solutions\/\"},{\"@type\":\"ListItem\",\"position\":3,\"name\":\"Bureaux d&#8217;\u00e9tudes &#8211; architectes\",\"item\":\"https:\/\/www.electroluxprofessional.com\/fr\/solutions\/bureaux-detudes-architectes\/\"},{\"@type\":\"ListItem\",\"position\":4,\"name\":\"Bureaux d&#8217;\u00e9tudes &#8211; Architectes &#8211; Blanchisserie\",\"item\":\"https:\/\/www.electroluxprofessional.com\/fr\/solutions\/bureaux-detudes-architectes\/blanchisserie\/\"},{\"@type\":\"ListItem\",\"position\":5,\"name\":\"Book 3D\"}]},{\"@type\":\"WebSite\",\"@id\":\"https:\/\/www.electroluxprofessional.com\/fr\/#website\",\"url\":\"https:\/\/www.electroluxprofessional.com\/fr\/\",\"name\":\"Electrolux Professional France\",\"description\":\"\",\"potentialAction\":[{\"@type\":\"SearchAction\",\"target\":{\"@type\":\"EntryPoint\",\"urlTemplate\":\"https:\/\/www.electroluxprofessional.com\/fr\/?src={search_term_string}\"},\"query-input\":\"required name=search_term_string\"}],\"inLanguage\":\"fr-FR\"}]}<\/script>\n<!-- \/ Yoast SEO plugin. -->","yoast_head_json":{"title":"Plans 3D Blanchisserie | Electrolux Professional","description":"D\u00e9couvrez les plans 3D de plusieurs blanchisseries professionnelles. Visualisez vos installations optimis\u00e9es avec Electrolux Professional.","robots":{"index":"index","follow":"follow","max-snippet":"max-snippet:-1","max-image-preview":"max-image-preview:large","max-video-preview":"max-video-preview:-1"},"canonical":"https:\/\/www.electroluxprofessional.com\/fr\/solutions\/bureaux-detudes-architectes\/blanchisserie\/book-3d\/","og_locale":"fr_FR","og_type":"article","og_title":"Plans 3D Blanchisserie | Electrolux Professional","og_description":"D\u00e9couvrez les plans 3D de plusieurs blanchisseries professionnelles. Visualisez vos installations optimis\u00e9es avec Electrolux Professional.","og_url":"https:\/\/www.electroluxprofessional.com\/fr\/solutions\/bureaux-detudes-architectes\/blanchisserie\/book-3d\/","og_site_name":"Electrolux Professional France","article_modified_time":"2026-03-11T16:22:53+00:00","twitter_card":"summary_large_image","twitter_misc":{"Dur\u00e9e de lecture estim\u00e9e":"1 minute"},"schema":{"@context":"https:\/\/schema.org","@graph":[{"@type":"WebPage","@id":"https:\/\/www.electroluxprofessional.com\/fr\/solutions\/bureaux-detudes-architectes\/blanchisserie\/book-3d\/","url":"https:\/\/www.electroluxprofessional.com\/fr\/solutions\/bureaux-detudes-architectes\/blanchisserie\/book-3d\/","name":"Plans 3D Blanchisserie | Electrolux Professional","isPartOf":{"@id":"https:\/\/www.electroluxprofessional.com\/fr\/#website"},"datePublished":"2017-03-24T14:07:38+00:00","dateModified":"2026-03-11T16:22:53+00:00","description":"D\u00e9couvrez les plans 3D de plusieurs blanchisseries professionnelles. Visualisez vos installations optimis\u00e9es avec Electrolux Professional.","breadcrumb":{"@id":"https:\/\/www.electroluxprofessional.com\/fr\/solutions\/bureaux-detudes-architectes\/blanchisserie\/book-3d\/#breadcrumb"},"inLanguage":"fr-FR","potentialAction":[{"@type":"ReadAction","target":["https:\/\/www.electroluxprofessional.com\/fr\/solutions\/bureaux-detudes-architectes\/blanchisserie\/book-3d\/"]}]},{"@type":"BreadcrumbList","@id":"https:\/\/www.electroluxprofessional.com\/fr\/solutions\/bureaux-detudes-architectes\/blanchisserie\/book-3d\/#breadcrumb","itemListElement":[{"@type":"ListItem","position":1,"name":"Home","item":"https:\/\/www.electroluxprofessional.com\/fr\/"},{"@type":"ListItem","position":2,"name":"Solutions","item":"https:\/\/www.electroluxprofessional.com\/fr\/solutions\/"},{"@type":"ListItem","position":3,"name":"Bureaux d&#8217;\u00e9tudes &#8211; architectes","item":"https:\/\/www.electroluxprofessional.com\/fr\/solutions\/bureaux-detudes-architectes\/"},{"@type":"ListItem","position":4,"name":"Bureaux d&#8217;\u00e9tudes &#8211; Architectes &#8211; Blanchisserie","item":"https:\/\/www.electroluxprofessional.com\/fr\/solutions\/bureaux-detudes-architectes\/blanchisserie\/"},{"@type":"ListItem","position":5,"name":"Book 3D"}]},{"@type":"WebSite","@id":"https:\/\/www.electroluxprofessional.com\/fr\/#website","url":"https:\/\/www.electroluxprofessional.com\/fr\/","name":"Electrolux Professional France","description":"","potentialAction":[{"@type":"SearchAction","target":{"@type":"EntryPoint","urlTemplate":"https:\/\/www.electroluxprofessional.com\/fr\/?src={search_term_string}"},"query-input":"required name=search_term_string"}],"inLanguage":"fr-FR"}]}},"_links":{"self":[{"href":"https:\/\/www.electroluxprofessional.com\/fr\/wp-json\/wp\/v2\/pages\/4071"}],"collection":[{"href":"https:\/\/www.electroluxprofessional.com\/fr\/wp-json\/wp\/v2\/pages"}],"about":[{"href":"https:\/\/www.electroluxprofessional.com\/fr\/wp-json\/wp\/v2\/types\/page"}],"author":[{"embeddable":true,"href":"https:\/\/www.electroluxprofessional.com\/fr\/wp-json\/wp\/v2\/users\/4"}],"replies":[{"embeddable":true,"href":"https:\/\/www.electroluxprofessional.com\/fr\/wp-json\/wp\/v2\/comments?post=4071"}],"version-history":[{"count":21,"href":"https:\/\/www.electroluxprofessional.com\/fr\/wp-json\/wp\/v2\/pages\/4071\/revisions"}],"predecessor-version":[{"id":30936,"href":"https:\/\/www.electroluxprofessional.com\/fr\/wp-json\/wp\/v2\/pages\/4071\/revisions\/30936"}],"up":[{"embeddable":true,"href":"https:\/\/www.electroluxprofessional.com\/fr\/wp-json\/wp\/v2\/pages\/3546"}],"wp:attachment":[{"href":"https:\/\/www.electroluxprofessional.com\/fr\/wp-json\/wp\/v2\/media?parent=4071"}],"curies":[{"name":"wp","href":"https:\/\/api.w.org\/{rel}","templated":true}]}}