{"id":3970,"date":"2017-03-23T13:44:56","date_gmt":"2017-03-23T13:44:56","guid":{"rendered":"https:\/\/www.electroluxprofessional.com\/fr\/?page_id=3970"},"modified":"2026-04-14T15:15:25","modified_gmt":"2026-04-14T15:15:25","slug":"collectivites-institutions","status":"publish","type":"page","link":"https:\/\/www.electroluxprofessional.com\/fr\/solutions\/collectivites-institutions\/","title":{"rendered":"Collectivit\u00e9s &#038; institutions"},"content":{"rendered":"<p>[vc_row full_width=&#8221;electroluxpro-full-width-no-padding&#8221; css=&#8221;.vc_custom_1486387648926{padding-bottom: 20px !important;}&#8221;][vc_column][elx_hero_title label=&#8221;&#8221; label_background_color=&#8221;inherit&#8221; background_image=&#8221;24330&#8243;][elx_heading font_container=&#8221;h1&#8243; text_color=&#8221;white&#8221; text_align=&#8221;text-center&#8221;]Collectivit\u00e9s &#8211; Institutions<\/p>\n<p>[\/elx_heading][\/elx_hero_title][vc_empty_space height=&#8221;20&#8243;][\/vc_column][\/vc_row][vc_row][vc_column][vc_column_text css=&#8221;.vc_custom_1773852490088{padding-right: 100px !important;padding-left: 100px !important;}&#8221;]<\/p>\n<h3 style=\"text-align: center;\"><strong>D\u00e9couvrez nos solutions\u00a0pour collectivit\u00e9s et institutions<\/strong><\/h3>\n<p style=\"text-align: center;\" data-start=\"143\" data-end=\"595\">\u00a0<strong data-start=\"143\" data-end=\"232\">Sp\u00e9cialiste des solutions de cuisine professionnelle et de blanchisserie<\/strong>, nous concevons et d\u00e9ployons des \u00e9quipements haute performance adapt\u00e9s aux environnements les plus exigeants.<\/p>\n<p style=\"text-align: center;\" data-start=\"597\" data-end=\"1027\">Pour les<strong> collectivit\u00e9s comme pour les structures priv\u00e9es<\/strong> \u2014 casernes de sapeurs-pompiers, marine, salles blanches, cr\u00e8ches, h\u00e9bergements pour seniors ou soci\u00e9t\u00e9s de nettoyage \u2014 nos solutions sont con\u00e7ues pour r\u00e9pondre \u00e0 des <strong>exigences \u00e9lev\u00e9es de performance, d\u2019hygi\u00e8ne et de fiabilit\u00e9<\/strong>. Elles simplifient les op\u00e9rations au quotidien gr\u00e2ce \u00e0 des <strong>\u00e9quipements robustes, intuitifs<\/strong> et adapt\u00e9s \u00e0 des environnements vari\u00e9s. En int\u00e9grant des<strong> technologies innovantes et intelligentes<\/strong>, elles contribuent \u00e0 r\u00e9duire durablement les consommations d\u2019eau, d\u2019\u00e9nergie et de ressources.<\/p>\n<p style=\"text-align: center;\" data-start=\"597\" data-end=\"1027\">Gr\u00e2ce \u00e0 notre expertise technique, nous proposons des <strong data-start=\"651\" data-end=\"691\">cuisines professionnelles sur mesure<\/strong> et des <strong data-start=\"699\" data-end=\"742\">solutions de blanchisserie professionnelle <\/strong>parfaitement adapt\u00e9es aux contraintes op\u00e9rationnelles, aux exigences sanitaires strictes et aux environnements \u00e0 haute s\u00e9curit\u00e9. De l\u2019\u00e9tude \u00e0 l\u2019installation, nous accompagnons chaque projet avec une approche personnalis\u00e9e, afin d\u2019assurer efficacit\u00e9, s\u00e9curit\u00e9 et continuit\u00e9 de service.<\/p>\n<p>[\/vc_column_text][vc_empty_space][elx_triple_banner title_1=&#8221;Secteur maritime&#8221; text_1=&#8221;&#8221; title_2=&#8221;Sapeurs-pompiers&#8221; text_2=&#8221;&#8221; title_3=&#8221;Salles blanches&#8221; text_3=&#8221;&#8221; link_1=&#8221;url:https%3A%2F%2Fwww.electroluxprofessional.com%2Ffr%2Fsolutions%2Fmarine%2F|title:D%C3%A9couvrir&#8221; background_image_media_library_1=&#8221;30402&#8243; background_image_media_library_mobile_1=&#8221;27105&#8243; link_2=&#8221;url:https%3A%2F%2Fwww.electroluxprofessional.com%2Ffr%2Fsolutions%2Fsapeurs-pompiers%2F|title:D%C3%A9couvrir&#8221; background_image_media_library_2=&#8221;30406&#8243; background_image_media_library_mobile_2=&#8221;13649&#8243; link_3=&#8221;url:https%3A%2F%2Fwww.electroluxprofessional.com%2Ffr%2Fsolutions%2Fsalles-blanches%2F|title:D%C3%A9couvrir&#8221; background_image_media_library_3=&#8221;30403&#8243; background_image_media_library_mobile_3=&#8221;23372&#8243;][vc_empty_space][elx_triple_banner title_1=&#8221;Cr\u00e8ches&#8221; text_1=&#8221;&#8221; title_2=&#8221;R\u00e9sidences seniors&#8221; text_2=&#8221;&#8221; title_3=&#8221;Soci\u00e9t\u00e9s de nettoyage&#8221; text_3=&#8221;&#8221; link_1=&#8221;url:https%3A%2F%2Fwww.electroluxprofessional.com%2Ffr%2Fequipement-blanchisserie%2Fmypro%2Fsolutions-blanchisserie-creches%2F|title:D%C3%A9couvrir&#8221; link_2=&#8221;url:https%3A%2F%2Fwww.electroluxprofessional.com%2Ffr%2Fequipement-blanchisserie%2Fmypro%2Fsolutions-blanchisserie-hebergements-sante%2F|title:D%C3%A9couvrir&#8221; background_image_media_library_2=&#8221;31223&#8243; background_image_media_library_mobile_2=&#8221;31224&#8243; link_3=&#8221;url:https%3A%2F%2Fwww.electroluxprofessional.com%2Ffr%2Fequipement-blanchisserie%2Fmypro%2Fsolutions-blanchisserie-societes-nettoyage%2F|title:D%C3%A9couvrir&#8221; background_image_media_library_3=&#8221;31250&#8243; background_image_media_library_mobile_3=&#8221;31251&#8243; background_image_media_library_1=&#8221;31260&#8243; background_image_media_library_mobile_1=&#8221;31261&#8243;][\/vc_column][\/vc_row][vc_row][vc_column][vc_empty_space][elx_heading text_color=&#8221;inherit&#8221; text_align=&#8221;text-center&#8221;]Vous avez un projet ou vous souhaitez en savoir plus ?<br \/>\nContactez-nous via notre formulaire :[\/elx_heading][vc_empty_space][elx_o2000_contact_us s=&#8221;Demande d&#8217;informations collectivit\u00e9s et institutions&#8221; country=&#8221;France&#8221; thanks=&#8221;Merci pour votre demande, un expert vous contactera sous peu.&#8221;][vc_empty_space][\/vc_column][\/vc_row]<\/p>\n","protected":false},"excerpt":{"rendered":"<p>[vc_row full_width=&#8221;electroluxpro-full-width-no-padding&#8221; css=&#8221;.vc_custom_1486387648926{padding-bottom: 20px !important;}&#8221;][vc_column][elx_hero_title label=&#8221;&#8221; label_background_color=&#8221;inherit&#8221; background_image=&#8221;24330&#8243;][elx_heading font_container=&#8221;h1&#8243; text_color=&#8221;white&#8221; text_align=&#8221;text-center&#8221;]Collectivit\u00e9s &#8211; Institutions [\/elx_heading][\/elx_hero_title][vc_empty_space height=&#8221;20&#8243;][\/vc_column][\/vc_row][vc_row][vc_column][vc_column_text css=&#8221;.vc_custom_1773852490088{padding-right: 100px !important;padding-left: 100px !important;}&#8221;] D\u00e9couvrez nos solutions\u00a0pour collectivit\u00e9s et institutions \u00a0Sp\u00e9cialiste des solutions de cuisine professionnelle et de blanchisserie, nous concevons et d\u00e9ployons des \u00e9quipements haute performance adapt\u00e9s aux environnements les plus exigeants. Pour les collectivit\u00e9s comme pour les [&hellip;]<\/p>\n","protected":false},"author":4,"featured_media":0,"parent":2593,"menu_order":0,"comment_status":"closed","ping_status":"closed","template":"","meta":{"footnotes":""},"class_list":["post-3970","page","type-page","status-publish","hentry"],"acf":[],"yoast_head":"<!-- This site is optimized with the Yoast SEO plugin v23.3 - https:\/\/yoast.com\/wordpress\/plugins\/seo\/ -->\n<title>Solution pour collectivit\u00e9s et institutions | Electrolux Professional<\/title>\n<meta name=\"description\" content=\"D\u00e9couvrez des solutions professionnelle \u00e0 destination des collectivit\u00e9s et des institutions par Electrolux Professional France.\" \/>\n<meta name=\"robots\" content=\"index, follow, max-snippet:-1, max-image-preview:large, max-video-preview:-1\" \/>\n<link rel=\"canonical\" href=\"https:\/\/www.electroluxprofessional.com\/fr\/solutions\/collectivites-institutions\/\" \/>\n<meta property=\"og:locale\" content=\"fr_FR\" \/>\n<meta property=\"og:type\" content=\"article\" \/>\n<meta property=\"og:title\" content=\"Solution pour collectivit\u00e9s et institutions | Electrolux Professional\" \/>\n<meta property=\"og:description\" content=\"D\u00e9couvrez des solutions professionnelle \u00e0 destination des collectivit\u00e9s et des institutions par Electrolux Professional France.\" \/>\n<meta property=\"og:url\" content=\"https:\/\/www.electroluxprofessional.com\/fr\/solutions\/collectivites-institutions\/\" \/>\n<meta property=\"og:site_name\" content=\"Electrolux Professional France\" \/>\n<meta property=\"article:modified_time\" content=\"2026-04-14T15:15:25+00:00\" \/>\n<meta name=\"twitter:card\" content=\"summary_large_image\" \/>\n<meta name=\"twitter:label1\" content=\"Dur\u00e9e de lecture estim\u00e9e\" \/>\n\t<meta name=\"twitter:data1\" content=\"4 minutes\" \/>\n<script type=\"application\/ld+json\" class=\"yoast-schema-graph\">{\"@context\":\"https:\/\/schema.org\",\"@graph\":[{\"@type\":\"WebPage\",\"@id\":\"https:\/\/www.electroluxprofessional.com\/fr\/solutions\/collectivites-institutions\/\",\"url\":\"https:\/\/www.electroluxprofessional.com\/fr\/solutions\/collectivites-institutions\/\",\"name\":\"Solution pour collectivit\u00e9s et institutions | Electrolux Professional\",\"isPartOf\":{\"@id\":\"https:\/\/www.electroluxprofessional.com\/fr\/#website\"},\"datePublished\":\"2017-03-23T13:44:56+00:00\",\"dateModified\":\"2026-04-14T15:15:25+00:00\",\"description\":\"D\u00e9couvrez des solutions professionnelle \u00e0 destination des collectivit\u00e9s et des institutions par Electrolux Professional France.\",\"breadcrumb\":{\"@id\":\"https:\/\/www.electroluxprofessional.com\/fr\/solutions\/collectivites-institutions\/#breadcrumb\"},\"inLanguage\":\"fr-FR\",\"potentialAction\":[{\"@type\":\"ReadAction\",\"target\":[\"https:\/\/www.electroluxprofessional.com\/fr\/solutions\/collectivites-institutions\/\"]}]},{\"@type\":\"BreadcrumbList\",\"@id\":\"https:\/\/www.electroluxprofessional.com\/fr\/solutions\/collectivites-institutions\/#breadcrumb\",\"itemListElement\":[{\"@type\":\"ListItem\",\"position\":1,\"name\":\"Home\",\"item\":\"https:\/\/www.electroluxprofessional.com\/fr\/\"},{\"@type\":\"ListItem\",\"position\":2,\"name\":\"Solutions\",\"item\":\"https:\/\/www.electroluxprofessional.com\/fr\/solutions\/\"},{\"@type\":\"ListItem\",\"position\":3,\"name\":\"Collectivit\u00e9s &#038; institutions\"}]},{\"@type\":\"WebSite\",\"@id\":\"https:\/\/www.electroluxprofessional.com\/fr\/#website\",\"url\":\"https:\/\/www.electroluxprofessional.com\/fr\/\",\"name\":\"Electrolux Professional France\",\"description\":\"\",\"potentialAction\":[{\"@type\":\"SearchAction\",\"target\":{\"@type\":\"EntryPoint\",\"urlTemplate\":\"https:\/\/www.electroluxprofessional.com\/fr\/?src={search_term_string}\"},\"query-input\":\"required name=search_term_string\"}],\"inLanguage\":\"fr-FR\"}]}<\/script>\n<!-- \/ Yoast SEO plugin. -->","yoast_head_json":{"title":"Solution pour collectivit\u00e9s et institutions | Electrolux Professional","description":"D\u00e9couvrez des solutions professionnelle \u00e0 destination des collectivit\u00e9s et des institutions par Electrolux Professional France.","robots":{"index":"index","follow":"follow","max-snippet":"max-snippet:-1","max-image-preview":"max-image-preview:large","max-video-preview":"max-video-preview:-1"},"canonical":"https:\/\/www.electroluxprofessional.com\/fr\/solutions\/collectivites-institutions\/","og_locale":"fr_FR","og_type":"article","og_title":"Solution pour collectivit\u00e9s et institutions | Electrolux Professional","og_description":"D\u00e9couvrez des solutions professionnelle \u00e0 destination des collectivit\u00e9s et des institutions par Electrolux Professional France.","og_url":"https:\/\/www.electroluxprofessional.com\/fr\/solutions\/collectivites-institutions\/","og_site_name":"Electrolux Professional France","article_modified_time":"2026-04-14T15:15:25+00:00","twitter_card":"summary_large_image","twitter_misc":{"Dur\u00e9e de lecture estim\u00e9e":"4 minutes"},"schema":{"@context":"https:\/\/schema.org","@graph":[{"@type":"WebPage","@id":"https:\/\/www.electroluxprofessional.com\/fr\/solutions\/collectivites-institutions\/","url":"https:\/\/www.electroluxprofessional.com\/fr\/solutions\/collectivites-institutions\/","name":"Solution pour collectivit\u00e9s et institutions | Electrolux Professional","isPartOf":{"@id":"https:\/\/www.electroluxprofessional.com\/fr\/#website"},"datePublished":"2017-03-23T13:44:56+00:00","dateModified":"2026-04-14T15:15:25+00:00","description":"D\u00e9couvrez des solutions professionnelle \u00e0 destination des collectivit\u00e9s et des institutions par Electrolux Professional France.","breadcrumb":{"@id":"https:\/\/www.electroluxprofessional.com\/fr\/solutions\/collectivites-institutions\/#breadcrumb"},"inLanguage":"fr-FR","potentialAction":[{"@type":"ReadAction","target":["https:\/\/www.electroluxprofessional.com\/fr\/solutions\/collectivites-institutions\/"]}]},{"@type":"BreadcrumbList","@id":"https:\/\/www.electroluxprofessional.com\/fr\/solutions\/collectivites-institutions\/#breadcrumb","itemListElement":[{"@type":"ListItem","position":1,"name":"Home","item":"https:\/\/www.electroluxprofessional.com\/fr\/"},{"@type":"ListItem","position":2,"name":"Solutions","item":"https:\/\/www.electroluxprofessional.com\/fr\/solutions\/"},{"@type":"ListItem","position":3,"name":"Collectivit\u00e9s &#038; institutions"}]},{"@type":"WebSite","@id":"https:\/\/www.electroluxprofessional.com\/fr\/#website","url":"https:\/\/www.electroluxprofessional.com\/fr\/","name":"Electrolux Professional France","description":"","potentialAction":[{"@type":"SearchAction","target":{"@type":"EntryPoint","urlTemplate":"https:\/\/www.electroluxprofessional.com\/fr\/?src={search_term_string}"},"query-input":"required name=search_term_string"}],"inLanguage":"fr-FR"}]}},"_links":{"self":[{"href":"https:\/\/www.electroluxprofessional.com\/fr\/wp-json\/wp\/v2\/pages\/3970"}],"collection":[{"href":"https:\/\/www.electroluxprofessional.com\/fr\/wp-json\/wp\/v2\/pages"}],"about":[{"href":"https:\/\/www.electroluxprofessional.com\/fr\/wp-json\/wp\/v2\/types\/page"}],"author":[{"embeddable":true,"href":"https:\/\/www.electroluxprofessional.com\/fr\/wp-json\/wp\/v2\/users\/4"}],"replies":[{"embeddable":true,"href":"https:\/\/www.electroluxprofessional.com\/fr\/wp-json\/wp\/v2\/comments?post=3970"}],"version-history":[{"count":30,"href":"https:\/\/www.electroluxprofessional.com\/fr\/wp-json\/wp\/v2\/pages\/3970\/revisions"}],"predecessor-version":[{"id":32153,"href":"https:\/\/www.electroluxprofessional.com\/fr\/wp-json\/wp\/v2\/pages\/3970\/revisions\/32153"}],"up":[{"embeddable":true,"href":"https:\/\/www.electroluxprofessional.com\/fr\/wp-json\/wp\/v2\/pages\/2593"}],"wp:attachment":[{"href":"https:\/\/www.electroluxprofessional.com\/fr\/wp-json\/wp\/v2\/media?parent=3970"}],"curies":[{"name":"wp","href":"https:\/\/api.w.org\/{rel}","templated":true}]}}