{"id":3665,"date":"2017-03-17T14:28:22","date_gmt":"2017-03-17T14:28:22","guid":{"rendered":"https:\/\/www.electroluxprofessional.com\/fr\/?page_id=3665"},"modified":"2026-03-30T09:16:56","modified_gmt":"2026-03-30T09:16:56","slug":"processus-de-selection-des-fournisseurs","status":"publish","type":"page","link":"https:\/\/www.electroluxprofessional.com\/fr\/devenir-fournisseur\/processus-de-selection-des-fournisseurs\/","title":{"rendered":"Processus de s\u00e9lection des fournisseurs"},"content":{"rendered":"<p>[vc_row][vc_column][elx_heading font_container=&#8221;h1&#8243; font_size=&#8221;h2&#8243; text_color=&#8221;inherit&#8221;]Processus de s\u00e9lection des fournisseurs[\/elx_heading][vc_column_text]<\/p>\n<p style=\"text-align: justify;\">Les achats se font sur une base concurrentielle. Le processus de s\u00e9lection des fournisseurs comprend les \u00e9tapes suivantes :<\/p>\n<ul>\n<li style=\"text-align: justify;\">identification des besoins<\/li>\n<li style=\"text-align: justify;\">sp\u00e9cification des besoins<\/li>\n<li style=\"text-align: justify;\">\u00e9valuation du fournisseur<\/li>\n<li style=\"text-align: justify;\">d\u00e9livrance de la liste des inscrits au fournisseur<\/li>\n<li style=\"text-align: justify;\">demande de devis<\/li>\n<li style=\"text-align: justify;\">analyse de l&#8217;offre<\/li>\n<li style=\"text-align: justify;\">partage de la d\u00e9cision d&#8217;Electrolux<\/li>\n<li style=\"text-align: justify;\">r\u00e9partition de l&#8217;activit\u00e9 du fournisseur<\/li>\n<\/ul>\n<p style=\"text-align: justify;\">Les devis fournis seront compar\u00e9s en fonction des co\u00fbts et des comp\u00e9tences techniques du fournisseur. Toutes les demandes de devis sont bas\u00e9es sur une intention s\u00e9rieuse d&#8217;achat. La proposition la plus attractive sera choisie et partag\u00e9e comme une d\u00e9cision Electrolux. Toutes les offres re\u00e7ues seront inform\u00e9es par un retour de l&#8217;analyse effectu\u00e9e.<\/p>\n<p style=\"text-align: justify;\">Il est important de travailler selon un processus d&#8217;int\u00e9gration avec les fournisseurs, afin partager pleinemement leurs\u00a0connaissances et leurs capacit\u00e9s. Ceci est particuli\u00e8rement important lorsque nous concevons et d\u00e9veloppons un projet. Nos fournisseurs doivent \u00eatre impliqu\u00e9s le plus t\u00f4t possible, d\u00e8s le d\u00e9but du projet. La compr\u00e9hension des capacit\u00e9s, des co\u00fbts et des opportunit\u00e9s d&#8217;innovation est cruciale lors de la d\u00e9finition des\u00a0sp\u00e9cifications fonctionnelles.<\/p>\n<p>[\/vc_column_text][elx_heading font_container=&#8221;h1&#8243; font_size=&#8221;h2&#8243; text_color=&#8221;inherit&#8221;]Relation avec les fournisseurs[\/elx_heading][vc_column_text]<\/p>\n<p style=\"text-align: justify;\"><span class=\"hps\">La politique<\/span> <span class=\"hps\">d&#8217;Electrolux\u00a0exige <\/span>la <span class=\"hps\">s\u00e9lection d<\/span><span class=\"hps\">es fournisseurs<\/span> <span class=\"hps\">d&#8217;une mani\u00e8re totalement\u00a0<\/span><span class=\"hps\">impartiale<\/span> <span class=\"hps\">bas\u00e9e sur le\u00a0<\/span> <span class=\"hps\">prix, la qualit\u00e9<\/span>, la performance <span class=\"hps\">et l&#8217;ad\u00e9quation du<\/span> <span class=\"hps\">produit ou service. Nous\u00a0\u00e9vitons tout ce qui pourrait orienter la s\u00e9lection d&#8217;un fournisseur selon une base autre, ne servant pas les meilleurs int\u00e9r\u00eats d&#8217;Electrolux ou susceptible de donner un avantage ill\u00e9gitime \u00e0 un\u00a0fournisseur.<\/span><\/p>\n<p>[\/vc_column_text][\/vc_column][\/vc_row]<\/p>\n","protected":false},"excerpt":{"rendered":"<p>[vc_row][vc_column][elx_heading font_container=&#8221;h1&#8243; font_size=&#8221;h2&#8243; text_color=&#8221;inherit&#8221;]Processus de s\u00e9lection des fournisseurs[\/elx_heading][vc_column_text] Les achats se font sur une base concurrentielle. Le processus de s\u00e9lection des fournisseurs comprend les \u00e9tapes suivantes : identification des besoins sp\u00e9cification des besoins \u00e9valuation du fournisseur d\u00e9livrance de la liste des inscrits au fournisseur demande de devis analyse de l&#8217;offre partage de la d\u00e9cision d&#8217;Electrolux [&hellip;]<\/p>\n","protected":false},"author":4,"featured_media":0,"parent":3662,"menu_order":0,"comment_status":"closed","ping_status":"closed","template":"","meta":{"footnotes":""},"class_list":["post-3665","page","type-page","status-publish","hentry"],"acf":[],"yoast_head":"<!-- This site is optimized with the Yoast SEO plugin v23.3 - https:\/\/yoast.com\/wordpress\/plugins\/seo\/ -->\n<title>Processus de s\u00e9lection des fournisseurs | Electrolux Professional<\/title>\n<meta name=\"description\" content=\"D\u00e9couvrez notre processus de s\u00e9lection des fournisseurs : \u00e9valuation impartiale bas\u00e9e sur prix, qualit\u00e9 et performance pour garantir excellence.\" \/>\n<meta name=\"robots\" content=\"index, follow, max-snippet:-1, max-image-preview:large, max-video-preview:-1\" \/>\n<link rel=\"canonical\" href=\"https:\/\/www.electroluxprofessional.com\/fr\/devenir-fournisseur\/processus-de-selection-des-fournisseurs\/\" \/>\n<meta property=\"og:locale\" content=\"fr_FR\" \/>\n<meta property=\"og:type\" content=\"article\" \/>\n<meta property=\"og:title\" content=\"Processus de s\u00e9lection des fournisseurs | Electrolux Professional\" \/>\n<meta property=\"og:description\" content=\"D\u00e9couvrez notre processus de s\u00e9lection des fournisseurs : \u00e9valuation impartiale bas\u00e9e sur prix, qualit\u00e9 et performance pour garantir excellence.\" \/>\n<meta property=\"og:url\" content=\"https:\/\/www.electroluxprofessional.com\/fr\/devenir-fournisseur\/processus-de-selection-des-fournisseurs\/\" \/>\n<meta property=\"og:site_name\" content=\"Electrolux Professional France\" \/>\n<meta property=\"article:modified_time\" content=\"2026-03-30T09:16:56+00:00\" \/>\n<meta name=\"twitter:card\" content=\"summary_large_image\" \/>\n<meta name=\"twitter:label1\" content=\"Dur\u00e9e de lecture estim\u00e9e\" \/>\n\t<meta name=\"twitter:data1\" content=\"2 minutes\" \/>\n<script type=\"application\/ld+json\" class=\"yoast-schema-graph\">{\"@context\":\"https:\/\/schema.org\",\"@graph\":[{\"@type\":\"WebPage\",\"@id\":\"https:\/\/www.electroluxprofessional.com\/fr\/devenir-fournisseur\/processus-de-selection-des-fournisseurs\/\",\"url\":\"https:\/\/www.electroluxprofessional.com\/fr\/devenir-fournisseur\/processus-de-selection-des-fournisseurs\/\",\"name\":\"Processus de s\u00e9lection des fournisseurs | Electrolux Professional\",\"isPartOf\":{\"@id\":\"https:\/\/www.electroluxprofessional.com\/fr\/#website\"},\"datePublished\":\"2017-03-17T14:28:22+00:00\",\"dateModified\":\"2026-03-30T09:16:56+00:00\",\"description\":\"D\u00e9couvrez notre processus de s\u00e9lection des fournisseurs : \u00e9valuation impartiale bas\u00e9e sur prix, qualit\u00e9 et performance pour garantir excellence.\",\"breadcrumb\":{\"@id\":\"https:\/\/www.electroluxprofessional.com\/fr\/devenir-fournisseur\/processus-de-selection-des-fournisseurs\/#breadcrumb\"},\"inLanguage\":\"fr-FR\",\"potentialAction\":[{\"@type\":\"ReadAction\",\"target\":[\"https:\/\/www.electroluxprofessional.com\/fr\/devenir-fournisseur\/processus-de-selection-des-fournisseurs\/\"]}]},{\"@type\":\"BreadcrumbList\",\"@id\":\"https:\/\/www.electroluxprofessional.com\/fr\/devenir-fournisseur\/processus-de-selection-des-fournisseurs\/#breadcrumb\",\"itemListElement\":[{\"@type\":\"ListItem\",\"position\":1,\"name\":\"Home\",\"item\":\"https:\/\/www.electroluxprofessional.com\/fr\/\"},{\"@type\":\"ListItem\",\"position\":2,\"name\":\"Devenir fournisseur\",\"item\":\"https:\/\/www.electroluxprofessional.com\/fr\/devenir-fournisseur\/\"},{\"@type\":\"ListItem\",\"position\":3,\"name\":\"Processus de s\u00e9lection des fournisseurs\"}]},{\"@type\":\"WebSite\",\"@id\":\"https:\/\/www.electroluxprofessional.com\/fr\/#website\",\"url\":\"https:\/\/www.electroluxprofessional.com\/fr\/\",\"name\":\"Electrolux Professional France\",\"description\":\"\",\"potentialAction\":[{\"@type\":\"SearchAction\",\"target\":{\"@type\":\"EntryPoint\",\"urlTemplate\":\"https:\/\/www.electroluxprofessional.com\/fr\/?src={search_term_string}\"},\"query-input\":\"required name=search_term_string\"}],\"inLanguage\":\"fr-FR\"}]}<\/script>\n<!-- \/ Yoast SEO plugin. -->","yoast_head_json":{"title":"Processus de s\u00e9lection des fournisseurs | Electrolux Professional","description":"D\u00e9couvrez notre processus de s\u00e9lection des fournisseurs : \u00e9valuation impartiale bas\u00e9e sur prix, qualit\u00e9 et performance pour garantir excellence.","robots":{"index":"index","follow":"follow","max-snippet":"max-snippet:-1","max-image-preview":"max-image-preview:large","max-video-preview":"max-video-preview:-1"},"canonical":"https:\/\/www.electroluxprofessional.com\/fr\/devenir-fournisseur\/processus-de-selection-des-fournisseurs\/","og_locale":"fr_FR","og_type":"article","og_title":"Processus de s\u00e9lection des fournisseurs | Electrolux Professional","og_description":"D\u00e9couvrez notre processus de s\u00e9lection des fournisseurs : \u00e9valuation impartiale bas\u00e9e sur prix, qualit\u00e9 et performance pour garantir excellence.","og_url":"https:\/\/www.electroluxprofessional.com\/fr\/devenir-fournisseur\/processus-de-selection-des-fournisseurs\/","og_site_name":"Electrolux Professional France","article_modified_time":"2026-03-30T09:16:56+00:00","twitter_card":"summary_large_image","twitter_misc":{"Dur\u00e9e de lecture estim\u00e9e":"2 minutes"},"schema":{"@context":"https:\/\/schema.org","@graph":[{"@type":"WebPage","@id":"https:\/\/www.electroluxprofessional.com\/fr\/devenir-fournisseur\/processus-de-selection-des-fournisseurs\/","url":"https:\/\/www.electroluxprofessional.com\/fr\/devenir-fournisseur\/processus-de-selection-des-fournisseurs\/","name":"Processus de s\u00e9lection des fournisseurs | Electrolux Professional","isPartOf":{"@id":"https:\/\/www.electroluxprofessional.com\/fr\/#website"},"datePublished":"2017-03-17T14:28:22+00:00","dateModified":"2026-03-30T09:16:56+00:00","description":"D\u00e9couvrez notre processus de s\u00e9lection des fournisseurs : \u00e9valuation impartiale bas\u00e9e sur prix, qualit\u00e9 et performance pour garantir excellence.","breadcrumb":{"@id":"https:\/\/www.electroluxprofessional.com\/fr\/devenir-fournisseur\/processus-de-selection-des-fournisseurs\/#breadcrumb"},"inLanguage":"fr-FR","potentialAction":[{"@type":"ReadAction","target":["https:\/\/www.electroluxprofessional.com\/fr\/devenir-fournisseur\/processus-de-selection-des-fournisseurs\/"]}]},{"@type":"BreadcrumbList","@id":"https:\/\/www.electroluxprofessional.com\/fr\/devenir-fournisseur\/processus-de-selection-des-fournisseurs\/#breadcrumb","itemListElement":[{"@type":"ListItem","position":1,"name":"Home","item":"https:\/\/www.electroluxprofessional.com\/fr\/"},{"@type":"ListItem","position":2,"name":"Devenir fournisseur","item":"https:\/\/www.electroluxprofessional.com\/fr\/devenir-fournisseur\/"},{"@type":"ListItem","position":3,"name":"Processus de s\u00e9lection des fournisseurs"}]},{"@type":"WebSite","@id":"https:\/\/www.electroluxprofessional.com\/fr\/#website","url":"https:\/\/www.electroluxprofessional.com\/fr\/","name":"Electrolux Professional France","description":"","potentialAction":[{"@type":"SearchAction","target":{"@type":"EntryPoint","urlTemplate":"https:\/\/www.electroluxprofessional.com\/fr\/?src={search_term_string}"},"query-input":"required name=search_term_string"}],"inLanguage":"fr-FR"}]}},"_links":{"self":[{"href":"https:\/\/www.electroluxprofessional.com\/fr\/wp-json\/wp\/v2\/pages\/3665"}],"collection":[{"href":"https:\/\/www.electroluxprofessional.com\/fr\/wp-json\/wp\/v2\/pages"}],"about":[{"href":"https:\/\/www.electroluxprofessional.com\/fr\/wp-json\/wp\/v2\/types\/page"}],"author":[{"embeddable":true,"href":"https:\/\/www.electroluxprofessional.com\/fr\/wp-json\/wp\/v2\/users\/4"}],"replies":[{"embeddable":true,"href":"https:\/\/www.electroluxprofessional.com\/fr\/wp-json\/wp\/v2\/comments?post=3665"}],"version-history":[{"count":2,"href":"https:\/\/www.electroluxprofessional.com\/fr\/wp-json\/wp\/v2\/pages\/3665\/revisions"}],"predecessor-version":[{"id":31646,"href":"https:\/\/www.electroluxprofessional.com\/fr\/wp-json\/wp\/v2\/pages\/3665\/revisions\/31646"}],"up":[{"embeddable":true,"href":"https:\/\/www.electroluxprofessional.com\/fr\/wp-json\/wp\/v2\/pages\/3662"}],"wp:attachment":[{"href":"https:\/\/www.electroluxprofessional.com\/fr\/wp-json\/wp\/v2\/media?parent=3665"}],"curies":[{"name":"wp","href":"https:\/\/api.w.org\/{rel}","templated":true}]}}