{"id":3662,"date":"2017-03-17T14:25:40","date_gmt":"2017-03-17T14:25:40","guid":{"rendered":"https:\/\/www.electroluxprofessional.com\/fr\/?page_id=3662"},"modified":"2026-03-30T09:14:39","modified_gmt":"2026-03-30T09:14:39","slug":"devenir-fournisseur","status":"publish","type":"page","link":"https:\/\/www.electroluxprofessional.com\/fr\/devenir-fournisseur\/","title":{"rendered":"Devenir fournisseur"},"content":{"rendered":"<p>[vc_row full_width=&#8221;electroluxpro-container-no-padding&#8221; equal_height=&#8221;yes&#8221; css=&#8221;.vc_custom_1489058058169{background-color: #f8f6f9 !important;}&#8221;][vc_column width=&#8221;1\/2&#8243;][elx_simple_block background_color=&#8221;inherit&#8221;][elx_heading font_container=&#8221;h1&#8243; text_color=&#8221;inherit&#8221;]Devenir fournisseur[\/elx_heading][vc_column_text css_animation=&#8221;right-to-left&#8221;]Les fournisseurs Electrolux jouent un r\u00f4le cl\u00e9 dans notre engagement pour l&#8217;excellence. Nous pensons que l&#8217;excellence est une cons\u00e9quence directe d\u2019une bonne planification et d\u2019une conformit\u00e9 tr\u00e8s rigoureuse aux normes internationales et aux normes Electrolux concernant la sp\u00e9cification des produits mais aussi leur livraison et leur prix, par exemple.<\/p>\n<p>Nous souhaitons entrer en contact avec les fournisseurs pr\u00eats \u00e0 contribuer \u00e0 la r\u00e9alisation de notre mission et de nos objectifs. Nous vous offrons une opportunit\u00e9 d&#8217;affaires globales et une relation enrichissante.[\/vc_column_text][\/elx_simple_block][\/vc_column][vc_column width=&#8221;1\/2&#8243;][elx_image_block background_image=&#8221;4647&#8243; minimum_height=&#8221;660px&#8221;][\/vc_column][\/vc_row][vc_row full_width=&#8221;electroluxpro-container-no-padding&#8221; equal_height=&#8221;yes&#8221; css=&#8221;.vc_custom_1489058063422{background-color: #f8f6f9 !important;}&#8221;][vc_column width=&#8221;1\/2&#8243;][elx_image_block background_image=&#8221;4649&#8243; minimum_height=&#8221;660px&#8221;][\/vc_column][vc_column width=&#8221;1\/2&#8243;][elx_simple_block background_color=&#8221;inherit&#8221;][elx_heading text_color=&#8221;inherit&#8221;]<strong>Les produits que nous recherchons<\/strong><br \/>\n[\/elx_heading][vc_column_text css_animation=&#8221;right-to-left&#8221;]Parmi les mati\u00e8res premi\u00e8res les plus utilis\u00e9es par Electrolux, citons l\u2019\u00e9lectronique, l\u2019acier, les moteurs, l\u2019\u00e9lectrom\u00e9canique, les pi\u00e8ces coul\u00e9es, les pi\u00e8ces m\u00e9talliques, du c\u00e2ble, des mati\u00e8res plastiques.<\/p>\n<p>Les objectifs d&#8217;Electrolux vous obligent \u00e0 \u00eatre performant dans la gestion de vos relations avec vos diff\u00e9rents fournisseurs. Le contr\u00f4le qualit\u00e9 produit,\u00a0le prix et le niveau de satisfaction client sont essentiels. Si\u00a0 vous partagez cet\u00a0\u00e9tat d&#8217;esprit, nous pouvons alors en parler.<\/p>\n<p>Les fournisseurs, tant pour les mat\u00e9riaux directs et indirects, jouent un r\u00f4le strat\u00e9gique pour Electrolux et contribuent activement \u00e0 la cha\u00eene des valeurs. C\u2019est pourquoi Electrolux va privil\u00e9gier les fournisseurs capables :<\/p>\n<ul>\n<li>de s\u2019engager d\u00e8s le d\u00e9but d\u2019un projet<\/li>\n<li>d\u2019innover<\/li>\n<li>de r\u00e9duire le temps de mise sur le march\u00e9<\/li>\n<li>de r\u00e9duire le co\u00fbt total du produit<\/li>\n<li>d\u2019am\u00e9liorer la qualit\u00e9 du produit<\/li>\n<li>d\u2019optimiser le rapport qualit\u00e9 \/ prix<\/li>\n<\/ul>\n<p>[\/vc_column_text][\/elx_simple_block][\/vc_column][\/vc_row][vc_row full_width=&#8221;electroluxpro-container-no-padding&#8221; equal_height=&#8221;yes&#8221; css=&#8221;.vc_custom_1489058058169{background-color: #f8f6f9 !important;}&#8221;][vc_column width=&#8221;1\/2&#8243;][elx_simple_block background_color=&#8221;inherit&#8221;][elx_heading text_color=&#8221;inherit&#8221;]<strong>Les normes \u00e9thiques<\/strong><br \/>\n[\/elx_heading][vc_column_text css_animation=&#8221;right-to-left&#8221;]La politique d&#8217;Electrolux consiste \u00e0 conduire ses projets de fa\u00e7on \u00e9thique et \u00e9quitable avec ses fournisseurs.\u00a0L&#8217;\u00e9galit\u00e9 des chances est \u00e0 tous les fournisseurs candidats.<\/p>\n<p>Il est demand\u00e9 aux employ\u00e9s d&#8217;Electrolux\u00a0de n\u2019accepter aucun cadeau personnel ou gratification de la part des fournisseurs ou des soumissionnaires qui pourraient influencer ou nuire aux relations. Pour toute situation ambig\u00fce, il est demand\u00e9 aux employ\u00e9s de traiter directement la demande avec la Direction des Achats.[\/vc_column_text][\/elx_simple_block][\/vc_column][vc_column width=&#8221;1\/2&#8243;][elx_image_block background_image=&#8221;4652&#8243; minimum_height=&#8221;660px&#8221;][\/vc_column][\/vc_row][vc_row full_width=&#8221;electroluxpro-container-no-padding&#8221; equal_height=&#8221;yes&#8221; css=&#8221;.vc_custom_1489058058169{background-color: #f8f6f9 !important;}&#8221;][vc_column width=&#8221;1\/2&#8243;][elx_image_block background_image=&#8221;3033&#8243; minimum_height=&#8221;500px&#8221;][\/vc_column][vc_column width=&#8221;1\/2&#8243;][elx_simple_block background_color=&#8221;inherit&#8221;][elx_heading text_color=&#8221;inherit&#8221;]<strong>Vous \u00eates interess\u00e9 ?<\/strong><br \/>\n[\/elx_heading][vc_column_text css_animation=&#8221;right-to-left&#8221;]Si votre entreprise a des solutions et des produits pouvant int\u00e9resser Electrolux Laundry Systems n&#8217;h\u00e9sitez pas \u00e0 nous envoyer un e-mail.[\/vc_column_text][elx_button button_text=&#8221;Nous contacter&#8221; button_style=&#8221;primary&#8221; button_link=&#8221;url:https%3A%2F%2Fprofessional.electrolux.fr%2Fcontact%2F|||&#8221;][\/elx_simple_block][\/vc_column][\/vc_row]<\/p>\n","protected":false},"excerpt":{"rendered":"<p>[vc_row full_width=&#8221;electroluxpro-container-no-padding&#8221; equal_height=&#8221;yes&#8221; css=&#8221;.vc_custom_1489058058169{background-color: #f8f6f9 !important;}&#8221;][vc_column width=&#8221;1\/2&#8243;][elx_simple_block background_color=&#8221;inherit&#8221;][elx_heading font_container=&#8221;h1&#8243; text_color=&#8221;inherit&#8221;]Devenir fournisseur[\/elx_heading][vc_column_text css_animation=&#8221;right-to-left&#8221;]Les fournisseurs Electrolux jouent un r\u00f4le cl\u00e9 dans notre engagement pour l&#8217;excellence. Nous pensons que l&#8217;excellence est une cons\u00e9quence directe d\u2019une bonne planification et d\u2019une conformit\u00e9 tr\u00e8s rigoureuse aux normes internationales et aux normes Electrolux concernant la sp\u00e9cification des produits mais aussi leur livraison [&hellip;]<\/p>\n","protected":false},"author":4,"featured_media":0,"parent":0,"menu_order":0,"comment_status":"closed","ping_status":"closed","template":"","meta":{"footnotes":""},"class_list":["post-3662","page","type-page","status-publish","hentry"],"acf":[],"yoast_head":"<!-- This site is optimized with the Yoast SEO plugin v23.3 - https:\/\/yoast.com\/wordpress\/plugins\/seo\/ -->\n<title>Devenir Fournisseur | Electrolux Professional<\/title>\n<meta name=\"description\" content=\"D\u00e9couvrez comment devenir fournisseur Electrolux Professional. Processus de s\u00e9lection, exigences et opportunit\u00e9s de partenariat commercial.\" \/>\n<meta name=\"robots\" content=\"index, follow, max-snippet:-1, max-image-preview:large, max-video-preview:-1\" \/>\n<link rel=\"canonical\" href=\"https:\/\/www.electroluxprofessional.com\/fr\/devenir-fournisseur\/\" \/>\n<meta property=\"og:locale\" content=\"fr_FR\" \/>\n<meta property=\"og:type\" content=\"article\" \/>\n<meta property=\"og:title\" content=\"Devenir Fournisseur | Electrolux Professional\" \/>\n<meta property=\"og:description\" content=\"D\u00e9couvrez comment devenir fournisseur Electrolux Professional. Processus de s\u00e9lection, exigences et opportunit\u00e9s de partenariat commercial.\" \/>\n<meta property=\"og:url\" content=\"https:\/\/www.electroluxprofessional.com\/fr\/devenir-fournisseur\/\" \/>\n<meta property=\"og:site_name\" content=\"Electrolux Professional France\" \/>\n<meta property=\"article:modified_time\" content=\"2026-03-30T09:14:39+00:00\" \/>\n<meta name=\"twitter:card\" content=\"summary_large_image\" \/>\n<meta name=\"twitter:label1\" content=\"Dur\u00e9e de lecture estim\u00e9e\" \/>\n\t<meta name=\"twitter:data1\" content=\"3 minutes\" \/>\n<script type=\"application\/ld+json\" class=\"yoast-schema-graph\">{\"@context\":\"https:\/\/schema.org\",\"@graph\":[{\"@type\":\"WebPage\",\"@id\":\"https:\/\/www.electroluxprofessional.com\/fr\/devenir-fournisseur\/\",\"url\":\"https:\/\/www.electroluxprofessional.com\/fr\/devenir-fournisseur\/\",\"name\":\"Devenir Fournisseur | Electrolux Professional\",\"isPartOf\":{\"@id\":\"https:\/\/www.electroluxprofessional.com\/fr\/#website\"},\"datePublished\":\"2017-03-17T14:25:40+00:00\",\"dateModified\":\"2026-03-30T09:14:39+00:00\",\"description\":\"D\u00e9couvrez comment devenir fournisseur Electrolux Professional. Processus de s\u00e9lection, exigences et opportunit\u00e9s de partenariat commercial.\",\"breadcrumb\":{\"@id\":\"https:\/\/www.electroluxprofessional.com\/fr\/devenir-fournisseur\/#breadcrumb\"},\"inLanguage\":\"fr-FR\",\"potentialAction\":[{\"@type\":\"ReadAction\",\"target\":[\"https:\/\/www.electroluxprofessional.com\/fr\/devenir-fournisseur\/\"]}]},{\"@type\":\"BreadcrumbList\",\"@id\":\"https:\/\/www.electroluxprofessional.com\/fr\/devenir-fournisseur\/#breadcrumb\",\"itemListElement\":[{\"@type\":\"ListItem\",\"position\":1,\"name\":\"Home\",\"item\":\"https:\/\/www.electroluxprofessional.com\/fr\/\"},{\"@type\":\"ListItem\",\"position\":2,\"name\":\"Devenir fournisseur\"}]},{\"@type\":\"WebSite\",\"@id\":\"https:\/\/www.electroluxprofessional.com\/fr\/#website\",\"url\":\"https:\/\/www.electroluxprofessional.com\/fr\/\",\"name\":\"Electrolux Professional France\",\"description\":\"\",\"potentialAction\":[{\"@type\":\"SearchAction\",\"target\":{\"@type\":\"EntryPoint\",\"urlTemplate\":\"https:\/\/www.electroluxprofessional.com\/fr\/?src={search_term_string}\"},\"query-input\":\"required name=search_term_string\"}],\"inLanguage\":\"fr-FR\"}]}<\/script>\n<!-- \/ Yoast SEO plugin. -->","yoast_head_json":{"title":"Devenir Fournisseur | Electrolux Professional","description":"D\u00e9couvrez comment devenir fournisseur Electrolux Professional. Processus de s\u00e9lection, exigences et opportunit\u00e9s de partenariat commercial.","robots":{"index":"index","follow":"follow","max-snippet":"max-snippet:-1","max-image-preview":"max-image-preview:large","max-video-preview":"max-video-preview:-1"},"canonical":"https:\/\/www.electroluxprofessional.com\/fr\/devenir-fournisseur\/","og_locale":"fr_FR","og_type":"article","og_title":"Devenir Fournisseur | Electrolux Professional","og_description":"D\u00e9couvrez comment devenir fournisseur Electrolux Professional. Processus de s\u00e9lection, exigences et opportunit\u00e9s de partenariat commercial.","og_url":"https:\/\/www.electroluxprofessional.com\/fr\/devenir-fournisseur\/","og_site_name":"Electrolux Professional France","article_modified_time":"2026-03-30T09:14:39+00:00","twitter_card":"summary_large_image","twitter_misc":{"Dur\u00e9e de lecture estim\u00e9e":"3 minutes"},"schema":{"@context":"https:\/\/schema.org","@graph":[{"@type":"WebPage","@id":"https:\/\/www.electroluxprofessional.com\/fr\/devenir-fournisseur\/","url":"https:\/\/www.electroluxprofessional.com\/fr\/devenir-fournisseur\/","name":"Devenir Fournisseur | Electrolux Professional","isPartOf":{"@id":"https:\/\/www.electroluxprofessional.com\/fr\/#website"},"datePublished":"2017-03-17T14:25:40+00:00","dateModified":"2026-03-30T09:14:39+00:00","description":"D\u00e9couvrez comment devenir fournisseur Electrolux Professional. Processus de s\u00e9lection, exigences et opportunit\u00e9s de partenariat commercial.","breadcrumb":{"@id":"https:\/\/www.electroluxprofessional.com\/fr\/devenir-fournisseur\/#breadcrumb"},"inLanguage":"fr-FR","potentialAction":[{"@type":"ReadAction","target":["https:\/\/www.electroluxprofessional.com\/fr\/devenir-fournisseur\/"]}]},{"@type":"BreadcrumbList","@id":"https:\/\/www.electroluxprofessional.com\/fr\/devenir-fournisseur\/#breadcrumb","itemListElement":[{"@type":"ListItem","position":1,"name":"Home","item":"https:\/\/www.electroluxprofessional.com\/fr\/"},{"@type":"ListItem","position":2,"name":"Devenir fournisseur"}]},{"@type":"WebSite","@id":"https:\/\/www.electroluxprofessional.com\/fr\/#website","url":"https:\/\/www.electroluxprofessional.com\/fr\/","name":"Electrolux Professional France","description":"","potentialAction":[{"@type":"SearchAction","target":{"@type":"EntryPoint","urlTemplate":"https:\/\/www.electroluxprofessional.com\/fr\/?src={search_term_string}"},"query-input":"required name=search_term_string"}],"inLanguage":"fr-FR"}]}},"_links":{"self":[{"href":"https:\/\/www.electroluxprofessional.com\/fr\/wp-json\/wp\/v2\/pages\/3662"}],"collection":[{"href":"https:\/\/www.electroluxprofessional.com\/fr\/wp-json\/wp\/v2\/pages"}],"about":[{"href":"https:\/\/www.electroluxprofessional.com\/fr\/wp-json\/wp\/v2\/types\/page"}],"author":[{"embeddable":true,"href":"https:\/\/www.electroluxprofessional.com\/fr\/wp-json\/wp\/v2\/users\/4"}],"replies":[{"embeddable":true,"href":"https:\/\/www.electroluxprofessional.com\/fr\/wp-json\/wp\/v2\/comments?post=3662"}],"version-history":[{"count":13,"href":"https:\/\/www.electroluxprofessional.com\/fr\/wp-json\/wp\/v2\/pages\/3662\/revisions"}],"predecessor-version":[{"id":31645,"href":"https:\/\/www.electroluxprofessional.com\/fr\/wp-json\/wp\/v2\/pages\/3662\/revisions\/31645"}],"wp:attachment":[{"href":"https:\/\/www.electroluxprofessional.com\/fr\/wp-json\/wp\/v2\/media?parent=3662"}],"curies":[{"name":"wp","href":"https:\/\/api.w.org\/{rel}","templated":true}]}}