{"id":3575,"date":"2017-03-17T12:53:26","date_gmt":"2017-03-17T12:53:26","guid":{"rendered":"https:\/\/www.electroluxprofessional.com\/fr\/?page_id=3575"},"modified":"2026-03-30T09:19:16","modified_gmt":"2026-03-30T09:19:16","slug":"certifications","status":"publish","type":"page","link":"https:\/\/www.electroluxprofessional.com\/fr\/certifications\/","title":{"rendered":"Certifications"},"content":{"rendered":"<p>[vc_row][vc_column][elx_heading font_container=&#8221;h1&#8243; font_size=&#8221;h2&#8243; text_color=&#8221;inherit&#8221;]Certifications[\/elx_heading][vc_column_text]Le groupe Electrolux Professional travaille constamment \u00e0 la r\u00e9duction de la consommation d&#8217;\u00e9nergie de nos produits et des \u00e9missions de nos usines. Nous appliquons des syst\u00e8mes de gestion de qualit\u00e9 bas\u00e9s sur les normes ISO14001 et ISO9001. Notre objectif consiste \u00e0 apporter une contribution positive au d\u00e9veloppement durable.[\/vc_column_text][elx_button button_text=&#8221;D\u00e9couvrir les certificats&#8221; button_link=&#8221;url:https%3A%2F%2Fwww.electroluxprofessional.com%2Ffr%2Fcertifications%2Fcertificats-iso%2F&#8221;][vc_empty_space][\/vc_column][\/vc_row][vc_row gap=&#8221;25&#8243; equal_height=&#8221;yes&#8221;][vc_column width=&#8221;1\/2&#8243;][vc_single_image image=&#8221;3580&#8243;][vc_column_text]<\/p>\n<p style=\"text-align: justify;\"><strong>ISO 9001<br \/>\n<\/strong>Cette norme repose sur un certain nombre de principes de management de la qualit\u00e9, notamment une forte orientation client, la motivation et l\u2019engagement de la direction, l\u2019approche processus et l\u2019am\u00e9lioration continue. Elle aide \u00e0 s\u2019assurer que les clients obtiennent des produits et services uniformes et de bonne qualit\u00e9, avec, en retour, de belles retomb\u00e9es commerciales.<\/p>\n<p>[\/vc_column_text][\/vc_column][vc_column width=&#8221;1\/2&#8243;][vc_single_image image=&#8221;3580&#8243;][vc_column_text]<\/p>\n<p style=\"text-align: justify;\"><strong>ISO 14001<br \/>\n<\/strong>ISO 14001 est la norme de gestion de l&#8217;environnement mise en place pour aider les organisations \u00e0 minimiser leurs op\u00e9rations affectant l&#8217;environnement (provoquant une \u00e9volution nuisible pour l&#8217;air, l&#8217;eau ou le sol), conform\u00e9ment aux lois et aux r\u00e9glementations en vigueur.<\/p>\n<p>[\/vc_column_text][\/vc_column][\/vc_row][vc_row][vc_column][vc_empty_space height=&#8221;40px&#8221;][\/vc_column][\/vc_row][vc_row gap=&#8221;25&#8243; equal_height=&#8221;yes&#8221;][vc_column width=&#8221;1\/2&#8243;][vc_single_image image=&#8221;3581&#8243;][vc_column_text]<\/p>\n<p style=\"text-align: justify;\"><strong>Recyclage important<br \/>\n<\/strong>Les \u00e9quipements Electrolux Professional sont con\u00e7us de fa\u00e7on \u00e0 prendre en consid\u00e9ration leur impact sur l&#8217;environnement, et ce sur toute leur dur\u00e9e de vie, y compris l&#8217;extraction et le traitement des mat\u00e9riaux bruts, la fabrication, la distribution, l&#8217;utilisation, la valorisation, le recyclage et l&#8217;\u00e9limination finale. Pour cette raison, les \u00e9quipements Electrolux Professional sont hautement recyclables car ils sont principalement r\u00e9alis\u00e9s en acier inoxydable (AISI 304, AISI 316, AISI 430 etc.).<\/p>\n<p>[\/vc_column_text][\/vc_column][vc_column width=&#8221;1\/2&#8243;][vc_single_image image=&#8221;3582&#8243;][vc_column_text]<\/p>\n<p style=\"text-align: justify;\"><strong>Conformit\u00e9 RoHS<br \/>\n<\/strong>La directive relative \u00e0 la limitation de l&#8217;utilisation de certaines substances dangereuses, dans les \u00e9quipements \u00e9lectriques et \u00e9lectroniques (RoHS), adopt\u00e9e par l&#8217;Union Europ\u00e9enne en 2003, limite l&#8217;usage de six mat\u00e9riaux dangereux dans la fabrication de plusieurs types d&#8217;\u00e9quipements \u00e9lectriques et \u00e9lectroniques.<\/p>\n<p>[\/vc_column_text][\/vc_column][\/vc_row][vc_row][vc_column][vc_empty_space height=&#8221;40px&#8221;][\/vc_column][\/vc_row][vc_row gap=&#8221;25&#8243; equal_height=&#8221;yes&#8221;][vc_column width=&#8221;1\/2&#8243;][vc_single_image image=&#8221;3578&#8243;][vc_column_text]<\/p>\n<p style=\"text-align: justify;\"><strong>Energy Technology List<\/strong><br \/>\nLes produits pr\u00e9sents dans la liste ETL, certifi\u00e9s par ECA, sont \u00e9co-\u00e9nerg\u00e9tiques et d\u00e9terminent des b\u00e9n\u00e9fices financiers \u00e0 long terme. L&#8217;investissement dans la technologie \u00e9co-\u00e9nerg\u00e9tique r\u00e9duit l&#8217;impact sur le changement climatique.<\/p>\n<p>[\/vc_column_text][\/vc_column][vc_column width=&#8221;1\/2&#8243;][vc_single_image image=&#8221;3600&#8243; img_size=&#8221;&#8221;][vc_column_text]<\/p>\n<p style=\"text-align: justify;\"><strong>E.C.E (Energy Classificatio Label)<\/strong><br \/>\nceced<em>Italia<\/em> anticipe les futures legislations europ\u00e9ennes sur la classification de l\u2019\u00e9nergie. Ce classement \u00e9nerg\u00e9tique et sa m\u00e9thode ont \u00e9t\u00e9 v\u00e9rifi\u00e9s par les laboratoires d\u2019essais IMQ pour certifier l\u2019efficacit\u00e9 \u00e9nerg\u00e9tique. <a href=\"http:\/\/www.ceceditalia.it\/\" target=\"_blank\" rel=\"noopener noreferrer\">www.ceceditalia.it<\/a><\/p>\n<p>[\/vc_column_text][\/vc_column][\/vc_row][vc_row][vc_column][vc_empty_space height=&#8221;40px&#8221;][\/vc_column][\/vc_row][vc_row gap=&#8221;25&#8243; equal_height=&#8221;yes&#8221;][vc_column width=&#8221;1\/2&#8243;][vc_single_image image=&#8221;3577&#8243;][vc_column_text]<\/p>\n<p style=\"text-align: justify;\"><strong>Prix \u00e9nergie renouvelable<\/strong><br \/>\nEn f\u00e9vrier 2007, la Commission Europ\u00e9enne a remis le prix &#8220;Energie Renouvelable&#8221; au Groupe Electrolux Professional dans la cat\u00e9gorie \u201cEntreprise engag\u00e9e\u201d. Ce prix r\u00e9compense Electrolux Professional pour ses efforts continuels afin de r\u00e9duire la consommation d&#8217;\u00e9nergie de ses produits, ses usines et ses services<\/p>\n<p>[\/vc_column_text][\/vc_column][vc_column width=&#8221;1\/2&#8243;][\/vc_column][\/vc_row]<\/p>\n","protected":false},"excerpt":{"rendered":"<p>[vc_row][vc_column][elx_heading font_container=&#8221;h1&#8243; font_size=&#8221;h2&#8243; text_color=&#8221;inherit&#8221;]Certifications[\/elx_heading][vc_column_text]Le groupe Electrolux Professional travaille constamment \u00e0 la r\u00e9duction de la consommation d&#8217;\u00e9nergie de nos produits et des \u00e9missions de nos usines. Nous appliquons des syst\u00e8mes de gestion de qualit\u00e9 bas\u00e9s sur les normes ISO14001 et ISO9001. Notre objectif consiste \u00e0 apporter une contribution positive au d\u00e9veloppement durable.[\/vc_column_text][elx_button button_text=&#8221;D\u00e9couvrir les certificats&#8221; button_link=&#8221;url:https%3A%2F%2Fwww.electroluxprofessional.com%2Ffr%2Fcertifications%2Fcertificats-iso%2F&#8221;][vc_empty_space][\/vc_column][\/vc_row][vc_row [&hellip;]<\/p>\n","protected":false},"author":4,"featured_media":0,"parent":0,"menu_order":0,"comment_status":"closed","ping_status":"closed","template":"","meta":{"footnotes":""},"class_list":["post-3575","page","type-page","status-publish","hentry"],"acf":[],"yoast_head":"<!-- This site is optimized with the Yoast SEO plugin v23.3 - https:\/\/yoast.com\/wordpress\/plugins\/seo\/ -->\n<title>Certifications Produits | Electrolux Professional<\/title>\n<meta name=\"description\" content=\"D\u00e9couvrez nos certifications produits : qualit\u00e9, s\u00e9curit\u00e9 et conformit\u00e9 internationales. Garantie d&#039;excellence pour vos \u00e9quipements professionnels.\" \/>\n<meta name=\"robots\" content=\"index, follow, max-snippet:-1, max-image-preview:large, max-video-preview:-1\" \/>\n<link rel=\"canonical\" href=\"https:\/\/www.electroluxprofessional.com\/fr\/certifications\/\" \/>\n<meta property=\"og:locale\" content=\"fr_FR\" \/>\n<meta property=\"og:type\" content=\"article\" \/>\n<meta property=\"og:title\" content=\"Certifications Produits | Electrolux Professional\" \/>\n<meta property=\"og:description\" content=\"D\u00e9couvrez nos certifications produits : qualit\u00e9, s\u00e9curit\u00e9 et conformit\u00e9 internationales. Garantie d&#039;excellence pour vos \u00e9quipements professionnels.\" \/>\n<meta property=\"og:url\" content=\"https:\/\/www.electroluxprofessional.com\/fr\/certifications\/\" \/>\n<meta property=\"og:site_name\" content=\"Electrolux Professional France\" \/>\n<meta property=\"article:modified_time\" content=\"2026-03-30T09:19:16+00:00\" \/>\n<meta name=\"twitter:card\" content=\"summary_large_image\" \/>\n<meta name=\"twitter:label1\" content=\"Dur\u00e9e de lecture estim\u00e9e\" \/>\n\t<meta name=\"twitter:data1\" content=\"4 minutes\" \/>\n<script type=\"application\/ld+json\" class=\"yoast-schema-graph\">{\"@context\":\"https:\/\/schema.org\",\"@graph\":[{\"@type\":\"WebPage\",\"@id\":\"https:\/\/www.electroluxprofessional.com\/fr\/certifications\/\",\"url\":\"https:\/\/www.electroluxprofessional.com\/fr\/certifications\/\",\"name\":\"Certifications Produits | Electrolux Professional\",\"isPartOf\":{\"@id\":\"https:\/\/www.electroluxprofessional.com\/fr\/#website\"},\"datePublished\":\"2017-03-17T12:53:26+00:00\",\"dateModified\":\"2026-03-30T09:19:16+00:00\",\"description\":\"D\u00e9couvrez nos certifications produits : qualit\u00e9, s\u00e9curit\u00e9 et conformit\u00e9 internationales. Garantie d'excellence pour vos \u00e9quipements professionnels.\",\"breadcrumb\":{\"@id\":\"https:\/\/www.electroluxprofessional.com\/fr\/certifications\/#breadcrumb\"},\"inLanguage\":\"fr-FR\",\"potentialAction\":[{\"@type\":\"ReadAction\",\"target\":[\"https:\/\/www.electroluxprofessional.com\/fr\/certifications\/\"]}]},{\"@type\":\"BreadcrumbList\",\"@id\":\"https:\/\/www.electroluxprofessional.com\/fr\/certifications\/#breadcrumb\",\"itemListElement\":[{\"@type\":\"ListItem\",\"position\":1,\"name\":\"Home\",\"item\":\"https:\/\/www.electroluxprofessional.com\/fr\/\"},{\"@type\":\"ListItem\",\"position\":2,\"name\":\"Certifications\"}]},{\"@type\":\"WebSite\",\"@id\":\"https:\/\/www.electroluxprofessional.com\/fr\/#website\",\"url\":\"https:\/\/www.electroluxprofessional.com\/fr\/\",\"name\":\"Electrolux Professional France\",\"description\":\"\",\"potentialAction\":[{\"@type\":\"SearchAction\",\"target\":{\"@type\":\"EntryPoint\",\"urlTemplate\":\"https:\/\/www.electroluxprofessional.com\/fr\/?src={search_term_string}\"},\"query-input\":\"required name=search_term_string\"}],\"inLanguage\":\"fr-FR\"}]}<\/script>\n<!-- \/ Yoast SEO plugin. -->","yoast_head_json":{"title":"Certifications Produits | Electrolux Professional","description":"D\u00e9couvrez nos certifications produits : qualit\u00e9, s\u00e9curit\u00e9 et conformit\u00e9 internationales. Garantie d'excellence pour vos \u00e9quipements professionnels.","robots":{"index":"index","follow":"follow","max-snippet":"max-snippet:-1","max-image-preview":"max-image-preview:large","max-video-preview":"max-video-preview:-1"},"canonical":"https:\/\/www.electroluxprofessional.com\/fr\/certifications\/","og_locale":"fr_FR","og_type":"article","og_title":"Certifications Produits | Electrolux Professional","og_description":"D\u00e9couvrez nos certifications produits : qualit\u00e9, s\u00e9curit\u00e9 et conformit\u00e9 internationales. Garantie d'excellence pour vos \u00e9quipements professionnels.","og_url":"https:\/\/www.electroluxprofessional.com\/fr\/certifications\/","og_site_name":"Electrolux Professional France","article_modified_time":"2026-03-30T09:19:16+00:00","twitter_card":"summary_large_image","twitter_misc":{"Dur\u00e9e de lecture estim\u00e9e":"4 minutes"},"schema":{"@context":"https:\/\/schema.org","@graph":[{"@type":"WebPage","@id":"https:\/\/www.electroluxprofessional.com\/fr\/certifications\/","url":"https:\/\/www.electroluxprofessional.com\/fr\/certifications\/","name":"Certifications Produits | Electrolux Professional","isPartOf":{"@id":"https:\/\/www.electroluxprofessional.com\/fr\/#website"},"datePublished":"2017-03-17T12:53:26+00:00","dateModified":"2026-03-30T09:19:16+00:00","description":"D\u00e9couvrez nos certifications produits : qualit\u00e9, s\u00e9curit\u00e9 et conformit\u00e9 internationales. Garantie d'excellence pour vos \u00e9quipements professionnels.","breadcrumb":{"@id":"https:\/\/www.electroluxprofessional.com\/fr\/certifications\/#breadcrumb"},"inLanguage":"fr-FR","potentialAction":[{"@type":"ReadAction","target":["https:\/\/www.electroluxprofessional.com\/fr\/certifications\/"]}]},{"@type":"BreadcrumbList","@id":"https:\/\/www.electroluxprofessional.com\/fr\/certifications\/#breadcrumb","itemListElement":[{"@type":"ListItem","position":1,"name":"Home","item":"https:\/\/www.electroluxprofessional.com\/fr\/"},{"@type":"ListItem","position":2,"name":"Certifications"}]},{"@type":"WebSite","@id":"https:\/\/www.electroluxprofessional.com\/fr\/#website","url":"https:\/\/www.electroluxprofessional.com\/fr\/","name":"Electrolux Professional France","description":"","potentialAction":[{"@type":"SearchAction","target":{"@type":"EntryPoint","urlTemplate":"https:\/\/www.electroluxprofessional.com\/fr\/?src={search_term_string}"},"query-input":"required name=search_term_string"}],"inLanguage":"fr-FR"}]}},"_links":{"self":[{"href":"https:\/\/www.electroluxprofessional.com\/fr\/wp-json\/wp\/v2\/pages\/3575"}],"collection":[{"href":"https:\/\/www.electroluxprofessional.com\/fr\/wp-json\/wp\/v2\/pages"}],"about":[{"href":"https:\/\/www.electroluxprofessional.com\/fr\/wp-json\/wp\/v2\/types\/page"}],"author":[{"embeddable":true,"href":"https:\/\/www.electroluxprofessional.com\/fr\/wp-json\/wp\/v2\/users\/4"}],"replies":[{"embeddable":true,"href":"https:\/\/www.electroluxprofessional.com\/fr\/wp-json\/wp\/v2\/comments?post=3575"}],"version-history":[{"count":22,"href":"https:\/\/www.electroluxprofessional.com\/fr\/wp-json\/wp\/v2\/pages\/3575\/revisions"}],"predecessor-version":[{"id":31652,"href":"https:\/\/www.electroluxprofessional.com\/fr\/wp-json\/wp\/v2\/pages\/3575\/revisions\/31652"}],"wp:attachment":[{"href":"https:\/\/www.electroluxprofessional.com\/fr\/wp-json\/wp\/v2\/media?parent=3575"}],"curies":[{"name":"wp","href":"https:\/\/api.w.org\/{rel}","templated":true}]}}